{"id":22569,"date":"2018-10-15T08:51:20","date_gmt":"2018-10-15T08:51:20","guid":{"rendered":"https:\/\/www.eurotherm.com\/product\/epc2000-programmable-controllers\/"},"modified":"2023-08-18T21:29:43","modified_gmt":"2023-08-18T13:29:43","slug":"epc2000-programmable-controllers","status":"publish","type":"product","link":"https:\/\/www.eurotherm.com\/sv\/products\/pid-regulatorer\/single-loop-pid-regulatorer\/epc2000-programmable-controllers\/","title":{"rendered":"EPC2000 Programmable Controllers"},"content":{"rendered":"<p>The controller combines precise control and measurement performance with a high speed Ethernet connection incorporating an integral switch for daisy chain connection to supervisors, panels or PLC. Cybersecurity is certified to the stringent requirements of Achilles\u00ae CRT Level 1.<\/p>\n<p>User function block wiring with optional math, logic, totalizer and specialized functions allows the unit to take on additional system functions beyond PID control.<\/p>\n<p>EPC2000 is designed for an extended service life, with FRAM battery-free non-volatile data storage.<\/p>\n<h4>Accuracy and repeatability<\/h4>\n<p>The EPC2000 measurement input is fast and accurate, with exceptional thermal stability, aiding precise and consistent control over long periods without calibration drift. As such it provides excellent front end control for processes requiring accurate control, including aerospace and advanced materials processing.<\/p>\n<p>The Eurotherm PID algorithm delivers fast reacting and repeatable control and has been further enhanced to help reduce overshoot Rapid attainment of operating temperature and low oscillation aids high process throughput at low scrap rates. Different PID settings may be applied in different operating ranges for optimum performance.<\/p>\n<p>&nbsp;<\/p>\n","protected":false},"excerpt":{"rendered":"<h2>Precision at the Heart of Your Process<\/h2>\n<p>The EPC2000 programmable single loop temperature and process controller provides efficient and repeatable precision control in a convenient and easy to deploy DIN rail and surface mounting format<\/p>\n<h3>Produktnyheter:<\/h3>\n<p>Tillg\u00e4nglig med PROFINET kommunikation<br \/>\nF\u00f6rb\u00e4ttrad cybers\u00e4kerhet (se nerladdningssida)<br \/>\n<a href=\"\/temperature-control\/epc2000\/\">EPC2000 regulatorer funktioner och f\u00f6rdelar<\/a><br \/>\n<a href=\"\/press-releases\/schneider-electric-launches-their-latest-cybersecurity-certified-programmable-controllers-to-improve-process-yield\/\">EPC2000 Progremmerbara regulatorer Ursprunglig pressrelease<\/a><br \/>\n<a href=\"\/temperature-control\/epc2000-how-to-tutorials\">EPC2000 &#8221;hur att&#8221; instruktioner<\/a><\/p>\n<h3>PROFINET Configuration Tools<\/h3>\n<p><a href=\"https:\/\/www.eurotherm.com\/?wpdmdl=146864\">GSDML and bitmap Files Zipped<\/a><\/p>\n","protected":false},"featured_media":9122,"template":"","meta":{"_acf_changed":false},"product_brand":[],"product_cat":[10922,1279,10921],"product_tag":[],"class_list":{"0":"post-22569","1":"product","2":"type-product","3":"status-publish","4":"has-post-thumbnail","6":"industry-oem-custom-solutions-sv-2","7":"product_cat-pid-regulatorer","8":"product_cat-produkter-swe","9":"product_cat-single-loop-pid-regulatorer","10":"product_shipping_class-1-sv","12":"first","13":"instock","14":"purchasable","15":"product-type-simple"},"acf":[],"yoast_head":"<!-- This site is optimized with the Yoast SEO plugin v27.2 - https:\/\/yoast.com\/product\/yoast-seo-wordpress\/ -->\n<title>EPC2000 Programmable Controllers | Eurotherm Limited<\/title>\n<meta name=\"description\" content=\"EPC2000 Programmable Controllers | The controller combines precise control and measurement performance with a high speed Ethernet connection incorporating an in\" \/>\n<meta name=\"robots\" content=\"index, follow, max-snippet:-1, max-image-preview:large, max-video-preview:-1\" \/>\n<meta property=\"og:locale\" content=\"sv_SE\" \/>\n<meta property=\"og:type\" content=\"article\" \/>\n<meta property=\"og:title\" content=\"EPC2000 Programmable Controllers | Eurotherm Limited\" \/>\n<meta property=\"og:description\" content=\"EPC2000 Programmable Controllers | Precision at the Heart of Your Process The EPC2000 programmable single loop temperature and process controller provides efficient and repeatable precision control in a convenient and easy to deploy DIN rail and surface mounting format Produktnyheter: Tillg\u00e4nglig med PROFINET kommunikation F\u00f6rb\u00e4ttrad cybers\u00e4kerhet (se nerladdningssida) EPC2000 regulatorer funktioner och f\u00f6rdelar EPC2000 Progremmerbara regulatorer Ursprunglig pressrelease EPC2000 &quot;hur att&quot; instruktioner PROFINET Configuration Tools GSDML and bitmap Files Zipped\" \/>\n<meta property=\"og:url\" content=\"https:\/\/www.eurotherm.com\/sv\/products\/pid-regulatorer\/single-loop-pid-regulatorer\/epc2000-programmable-controllers\/\" \/>\n<meta property=\"og:site_name\" content=\"Eurotherm Limited\" \/>\n<meta property=\"article:modified_time\" content=\"2023-08-18T13:29:43+00:00\" \/>\n<meta property=\"og:image\" content=\"https:\/\/www.eurotherm.com\/wp-content\/uploads\/2018\/10\/epc2000-front.jpg\" \/>\n\t<meta property=\"og:image:width\" content=\"500\" \/>\n\t<meta property=\"og:image:height\" content=\"500\" \/>\n\t<meta property=\"og:image:type\" content=\"image\/jpeg\" \/>\n<meta name=\"twitter:card\" content=\"summary_large_image\" \/>\n<meta name=\"twitter:label1\" content=\"Ber\u00e4knad l\u00e4stid\" \/>\n\t<meta name=\"twitter:data1\" content=\"1 minut\" \/>\n<script type=\"application\/ld+json\" class=\"yoast-schema-graph\">{\"@context\":\"https:\/\/schema.org\",\"@graph\":[{\"@type\":\"WebPage\",\"@id\":\"https:\/\/www.eurotherm.com\/sv\/products\/pid-regulatorer\/single-loop-pid-regulatorer\/epc2000-programmable-controllers\/\",\"url\":\"https:\/\/www.eurotherm.com\/sv\/products\/pid-regulatorer\/single-loop-pid-regulatorer\/epc2000-programmable-controllers\/\",\"name\":\"EPC2000 Programmable Controllers | Eurotherm Limited\",\"isPartOf\":{\"@id\":\"https:\/\/www.eurotherm.com\/sv\/#website\"},\"primaryImageOfPage\":{\"@id\":\"https:\/\/www.eurotherm.com\/sv\/products\/pid-regulatorer\/single-loop-pid-regulatorer\/epc2000-programmable-controllers\/#primaryimage\"},\"image\":{\"@id\":\"https:\/\/www.eurotherm.com\/sv\/products\/pid-regulatorer\/single-loop-pid-regulatorer\/epc2000-programmable-controllers\/#primaryimage\"},\"thumbnailUrl\":\"https:\/\/www.eurotherm.com\/wp-content\/uploads\/2018\/10\/epc2000-front.jpg\",\"datePublished\":\"2018-10-15T08:51:20+00:00\",\"dateModified\":\"2023-08-18T13:29:43+00:00\",\"description\":\"EPC2000 Programmable Controllers | Precision at the Heart of Your Process The EPC2000 programmable single loop temperature and process controller provides efficient and repeatable precision control in a convenient and easy to deploy DIN rail and surface mounting format Produktnyheter: Tillg\u00e4nglig med PROFINET kommunikation F\u00f6rb\u00e4ttrad cybers\u00e4kerhet (se nerladdningssida) EPC2000 regulatorer funktioner och f\u00f6rdelar EPC2000 Progremmerbara regulatorer Ursprunglig pressrelease EPC2000 \\\"hur att\\\" instruktioner PROFINET Configuration Tools GSDML and bitmap Files Zipped\",\"breadcrumb\":{\"@id\":\"https:\/\/www.eurotherm.com\/sv\/products\/pid-regulatorer\/single-loop-pid-regulatorer\/epc2000-programmable-controllers\/#breadcrumb\"},\"inLanguage\":\"sv-SE\",\"potentialAction\":[{\"@type\":\"ReadAction\",\"target\":[\"https:\/\/www.eurotherm.com\/sv\/products\/pid-regulatorer\/single-loop-pid-regulatorer\/epc2000-programmable-controllers\/\"]}]},{\"@type\":\"ImageObject\",\"inLanguage\":\"sv-SE\",\"@id\":\"https:\/\/www.eurotherm.com\/sv\/products\/pid-regulatorer\/single-loop-pid-regulatorer\/epc2000-programmable-controllers\/#primaryimage\",\"url\":\"https:\/\/www.eurotherm.com\/wp-content\/uploads\/2018\/10\/epc2000-front.jpg\",\"contentUrl\":\"https:\/\/www.eurotherm.com\/wp-content\/uploads\/2018\/10\/epc2000-front.jpg\",\"width\":500,\"height\":500,\"caption\":\"R\u00e9gulateur programmable EPC2000\"},{\"@type\":\"BreadcrumbList\",\"@id\":\"https:\/\/www.eurotherm.com\/sv\/products\/pid-regulatorer\/single-loop-pid-regulatorer\/epc2000-programmable-controllers\/#breadcrumb\",\"itemListElement\":[{\"@type\":\"ListItem\",\"position\":1,\"name\":\"Home\",\"item\":\"https:\/\/www.eurotherm.com\/sv\/\"},{\"@type\":\"ListItem\",\"position\":2,\"name\":\"Product Catalogue\",\"item\":\"https:\/\/www.eurotherm.com\/sv\/product-catalogue\/\"},{\"@type\":\"ListItem\",\"position\":3,\"name\":\"PID-regulatorer\",\"item\":\"https:\/\/www.eurotherm.com\/sv\/eurotherm-products\/pid-regulatorer\/\"},{\"@type\":\"ListItem\",\"position\":4,\"name\":\"Single-Loop PID Regulatorer\",\"item\":\"https:\/\/www.eurotherm.com\/sv\/eurotherm-products\/pid-regulatorer\/single-loop-pid-regulatorer\/\"},{\"@type\":\"ListItem\",\"position\":5,\"name\":\"EPC2000 Programmable Controllers\"}]},{\"@type\":\"WebSite\",\"@id\":\"https:\/\/www.eurotherm.com\/sv\/#website\",\"url\":\"https:\/\/www.eurotherm.com\/sv\/\",\"name\":\"Eurotherm Limited\",\"description\":\"Temperature Control, Process Control, Measurement and Data Recording Solutions\",\"potentialAction\":[{\"@type\":\"SearchAction\",\"target\":{\"@type\":\"EntryPoint\",\"urlTemplate\":\"https:\/\/www.eurotherm.com\/sv\/?s={search_term_string}\"},\"query-input\":{\"@type\":\"PropertyValueSpecification\",\"valueRequired\":true,\"valueName\":\"search_term_string\"}}],\"inLanguage\":\"sv-SE\"}]}<\/script>\n<!-- \/ Yoast SEO plugin. -->","yoast_head_json":{"title":"EPC2000 Programmable Controllers | Eurotherm Limited","description":"EPC2000 Programmable Controllers | The controller combines precise control and measurement performance with a high speed Ethernet connection incorporating an in","robots":{"index":"index","follow":"follow","max-snippet":"max-snippet:-1","max-image-preview":"max-image-preview:large","max-video-preview":"max-video-preview:-1"},"og_locale":"sv_SE","og_type":"article","og_title":"EPC2000 Programmable Controllers | Eurotherm Limited","og_description":"EPC2000 Programmable Controllers | Precision at the Heart of Your Process The EPC2000 programmable single loop temperature and process controller provides efficient and repeatable precision control in a convenient and easy to deploy DIN rail and surface mounting format Produktnyheter: Tillg\u00e4nglig med PROFINET kommunikation F\u00f6rb\u00e4ttrad cybers\u00e4kerhet (se nerladdningssida) EPC2000 regulatorer funktioner och f\u00f6rdelar EPC2000 Progremmerbara regulatorer Ursprunglig pressrelease EPC2000 \"hur att\" instruktioner PROFINET Configuration Tools GSDML and bitmap Files Zipped","og_url":"https:\/\/www.eurotherm.com\/sv\/products\/pid-regulatorer\/single-loop-pid-regulatorer\/epc2000-programmable-controllers\/","og_site_name":"Eurotherm Limited","article_modified_time":"2023-08-18T13:29:43+00:00","og_image":[{"width":500,"height":500,"url":"https:\/\/www.eurotherm.com\/wp-content\/uploads\/2018\/10\/epc2000-front.jpg","type":"image\/jpeg"}],"twitter_card":"summary_large_image","twitter_misc":{"Ber\u00e4knad l\u00e4stid":"1 minut"},"schema":{"@context":"https:\/\/schema.org","@graph":[{"@type":"WebPage","@id":"https:\/\/www.eurotherm.com\/sv\/products\/pid-regulatorer\/single-loop-pid-regulatorer\/epc2000-programmable-controllers\/","url":"https:\/\/www.eurotherm.com\/sv\/products\/pid-regulatorer\/single-loop-pid-regulatorer\/epc2000-programmable-controllers\/","name":"EPC2000 Programmable Controllers | Eurotherm Limited","isPartOf":{"@id":"https:\/\/www.eurotherm.com\/sv\/#website"},"primaryImageOfPage":{"@id":"https:\/\/www.eurotherm.com\/sv\/products\/pid-regulatorer\/single-loop-pid-regulatorer\/epc2000-programmable-controllers\/#primaryimage"},"image":{"@id":"https:\/\/www.eurotherm.com\/sv\/products\/pid-regulatorer\/single-loop-pid-regulatorer\/epc2000-programmable-controllers\/#primaryimage"},"thumbnailUrl":"https:\/\/www.eurotherm.com\/wp-content\/uploads\/2018\/10\/epc2000-front.jpg","datePublished":"2018-10-15T08:51:20+00:00","dateModified":"2023-08-18T13:29:43+00:00","description":"EPC2000 Programmable Controllers | Precision at the Heart of Your Process The EPC2000 programmable single loop temperature and process controller provides efficient and repeatable precision control in a convenient and easy to deploy DIN rail and surface mounting format Produktnyheter: Tillg\u00e4nglig med PROFINET kommunikation F\u00f6rb\u00e4ttrad cybers\u00e4kerhet (se nerladdningssida) EPC2000 regulatorer funktioner och f\u00f6rdelar EPC2000 Progremmerbara regulatorer Ursprunglig pressrelease EPC2000 \"hur att\" instruktioner PROFINET Configuration Tools GSDML and bitmap Files Zipped","breadcrumb":{"@id":"https:\/\/www.eurotherm.com\/sv\/products\/pid-regulatorer\/single-loop-pid-regulatorer\/epc2000-programmable-controllers\/#breadcrumb"},"inLanguage":"sv-SE","potentialAction":[{"@type":"ReadAction","target":["https:\/\/www.eurotherm.com\/sv\/products\/pid-regulatorer\/single-loop-pid-regulatorer\/epc2000-programmable-controllers\/"]}]},{"@type":"ImageObject","inLanguage":"sv-SE","@id":"https:\/\/www.eurotherm.com\/sv\/products\/pid-regulatorer\/single-loop-pid-regulatorer\/epc2000-programmable-controllers\/#primaryimage","url":"https:\/\/www.eurotherm.com\/wp-content\/uploads\/2018\/10\/epc2000-front.jpg","contentUrl":"https:\/\/www.eurotherm.com\/wp-content\/uploads\/2018\/10\/epc2000-front.jpg","width":500,"height":500,"caption":"R\u00e9gulateur programmable EPC2000"},{"@type":"BreadcrumbList","@id":"https:\/\/www.eurotherm.com\/sv\/products\/pid-regulatorer\/single-loop-pid-regulatorer\/epc2000-programmable-controllers\/#breadcrumb","itemListElement":[{"@type":"ListItem","position":1,"name":"Home","item":"https:\/\/www.eurotherm.com\/sv\/"},{"@type":"ListItem","position":2,"name":"Product Catalogue","item":"https:\/\/www.eurotherm.com\/sv\/product-catalogue\/"},{"@type":"ListItem","position":3,"name":"PID-regulatorer","item":"https:\/\/www.eurotherm.com\/sv\/eurotherm-products\/pid-regulatorer\/"},{"@type":"ListItem","position":4,"name":"Single-Loop PID Regulatorer","item":"https:\/\/www.eurotherm.com\/sv\/eurotherm-products\/pid-regulatorer\/single-loop-pid-regulatorer\/"},{"@type":"ListItem","position":5,"name":"EPC2000 Programmable Controllers"}]},{"@type":"WebSite","@id":"https:\/\/www.eurotherm.com\/sv\/#website","url":"https:\/\/www.eurotherm.com\/sv\/","name":"Eurotherm Limited","description":"Temperature Control, Process Control, Measurement and Data Recording Solutions","potentialAction":[{"@type":"SearchAction","target":{"@type":"EntryPoint","urlTemplate":"https:\/\/www.eurotherm.com\/sv\/?s={search_term_string}"},"query-input":{"@type":"PropertyValueSpecification","valueRequired":true,"valueName":"search_term_string"}}],"inLanguage":"sv-SE"}]}},"ACF":{"product_file":[97236,27665,27442,28646,29350,28230,29214,28605,27666,28179,28181,28190,28191,28192,29316,29306,27454,103639,28290,78462,65944,78443,78463,78485,78486,83667,83668,86992,89055,86552,105978,137741,137742,137743,146864],"product_status":"Active Product","enable_watlow_configurator":true,"watlow_product_type":"Single","watlow_configurator_link":"https:\/\/www.watlow.com\/Products\/Controllers\/Eurotherm\/epc2000-programmable-controllers?econfig=123"},"jetpack_sharing_enabled":true,"_links":{"self":[{"href":"https:\/\/www.eurotherm.com\/sv\/wp-json\/wp\/v2\/product\/22569","targetHints":{"allow":["GET"]}}],"collection":[{"href":"https:\/\/www.eurotherm.com\/sv\/wp-json\/wp\/v2\/product"}],"about":[{"href":"https:\/\/www.eurotherm.com\/sv\/wp-json\/wp\/v2\/types\/product"}],"wp:featuredmedia":[{"embeddable":true,"href":"https:\/\/www.eurotherm.com\/sv\/wp-json\/wp\/v2\/media\/9122"}],"wp:attachment":[{"href":"https:\/\/www.eurotherm.com\/sv\/wp-json\/wp\/v2\/media?parent=22569"}],"wp:term":[{"taxonomy":"product_brand","embeddable":true,"href":"https:\/\/www.eurotherm.com\/sv\/wp-json\/wp\/v2\/product_brand?post=22569"},{"taxonomy":"product_cat","embeddable":true,"href":"https:\/\/www.eurotherm.com\/sv\/wp-json\/wp\/v2\/product_cat?post=22569"},{"taxonomy":"product_tag","embeddable":true,"href":"https:\/\/www.eurotherm.com\/sv\/wp-json\/wp\/v2\/product_tag?post=22569"}],"curies":[{"name":"wp","href":"https:\/\/api.w.org\/{rel}","templated":true}]}}