{"id":72625,"date":"2018-11-08T13:30:49","date_gmt":"2018-11-08T13:30:49","guid":{"rendered":"https:\/\/www.eurotherm.com\/eurotherm-news\/"},"modified":"2023-03-20T20:14:09","modified_gmt":"2023-03-20T12:14:09","slug":"latest-articles","status":"publish","type":"page","link":"https:\/\/www.eurotherm.com\/sv\/latest-articles\/","title":{"rendered":"Senaste nytt"},"content":{"rendered":"","protected":false},"excerpt":{"rendered":"","protected":false},"author":4,"featured_media":0,"parent":0,"menu_order":0,"comment_status":"closed","ping_status":"closed","template":"templates\/page-news.php","meta":{"_acf_changed":false,"footnotes":""},"class_list":["post-72625","page","type-page","status-publish","hentry"],"acf":[],"yoast_head":"<!-- This site is optimized with the Yoast SEO plugin v27.2 - https:\/\/yoast.com\/product\/yoast-seo-wordpress\/ -->\n<title>Senaste nytt | Eurotherm Limited<\/title>\n<meta name=\"description\" content=\"V\u00e5ra experter diskuterar problem, utmaningar och m\u00f6jligheter inom industri\" \/>\n<meta name=\"robots\" content=\"index, follow, max-snippet:-1, max-image-preview:large, max-video-preview:-1\" \/>\n<meta property=\"og:locale\" content=\"sv_SE\" \/>\n<meta property=\"og:type\" content=\"article\" \/>\n<meta property=\"og:title\" content=\"Senaste nytt | Eurotherm Limited\" \/>\n<meta property=\"og:description\" content=\"V\u00e5ra experter diskuterar problem, utmaningar och m\u00f6jligheter inom industri\" \/>\n<meta property=\"og:url\" content=\"https:\/\/www.eurotherm.com\/sv\/latest-articles\/\" \/>\n<meta property=\"og:site_name\" content=\"Eurotherm Limited\" \/>\n<meta property=\"article:modified_time\" content=\"2023-03-20T12:14:09+00:00\" \/>\n<meta name=\"twitter:card\" content=\"summary_large_image\" \/>\n<script type=\"application\/ld+json\" class=\"yoast-schema-graph\">{\"@context\":\"https:\/\/schema.org\",\"@graph\":[{\"@type\":\"WebPage\",\"@id\":\"https:\/\/www.eurotherm.com\/sv\/latest-articles\/\",\"url\":\"https:\/\/www.eurotherm.com\/sv\/latest-articles\/\",\"name\":\"Senaste nytt | Eurotherm Limited\",\"isPartOf\":{\"@id\":\"https:\/\/www.eurotherm.com\/sv\/#website\"},\"datePublished\":\"2018-11-08T13:30:49+00:00\",\"dateModified\":\"2023-03-20T12:14:09+00:00\",\"description\":\"V\u00e5ra experter diskuterar problem, utmaningar och m\u00f6jligheter inom industri\",\"breadcrumb\":{\"@id\":\"https:\/\/www.eurotherm.com\/sv\/latest-articles\/#breadcrumb\"},\"inLanguage\":\"sv-SE\",\"potentialAction\":[{\"@type\":\"ReadAction\",\"target\":[\"https:\/\/www.eurotherm.com\/sv\/latest-articles\/\"]}]},{\"@type\":\"BreadcrumbList\",\"@id\":\"https:\/\/www.eurotherm.com\/sv\/latest-articles\/#breadcrumb\",\"itemListElement\":[{\"@type\":\"ListItem\",\"position\":1,\"name\":\"Home\",\"item\":\"https:\/\/www.eurotherm.com\/sv\/\"},{\"@type\":\"ListItem\",\"position\":2,\"name\":\"Senaste nytt\"}]},{\"@type\":\"WebSite\",\"@id\":\"https:\/\/www.eurotherm.com\/sv\/#website\",\"url\":\"https:\/\/www.eurotherm.com\/sv\/\",\"name\":\"Eurotherm Limited\",\"description\":\"Temperature Control, Process Control, Measurement and Data Recording Solutions\",\"potentialAction\":[{\"@type\":\"SearchAction\",\"target\":{\"@type\":\"EntryPoint\",\"urlTemplate\":\"https:\/\/www.eurotherm.com\/sv\/?s={search_term_string}\"},\"query-input\":{\"@type\":\"PropertyValueSpecification\",\"valueRequired\":true,\"valueName\":\"search_term_string\"}}],\"inLanguage\":\"sv-SE\"}]}<\/script>\n<!-- \/ Yoast SEO plugin. -->","yoast_head_json":{"title":"Senaste nytt | Eurotherm Limited","description":"V\u00e5ra experter diskuterar problem, utmaningar och m\u00f6jligheter inom industri","robots":{"index":"index","follow":"follow","max-snippet":"max-snippet:-1","max-image-preview":"max-image-preview:large","max-video-preview":"max-video-preview:-1"},"og_locale":"sv_SE","og_type":"article","og_title":"Senaste nytt | Eurotherm Limited","og_description":"V\u00e5ra experter diskuterar problem, utmaningar och m\u00f6jligheter inom industri","og_url":"https:\/\/www.eurotherm.com\/sv\/latest-articles\/","og_site_name":"Eurotherm Limited","article_modified_time":"2023-03-20T12:14:09+00:00","twitter_card":"summary_large_image","schema":{"@context":"https:\/\/schema.org","@graph":[{"@type":"WebPage","@id":"https:\/\/www.eurotherm.com\/sv\/latest-articles\/","url":"https:\/\/www.eurotherm.com\/sv\/latest-articles\/","name":"Senaste nytt | Eurotherm Limited","isPartOf":{"@id":"https:\/\/www.eurotherm.com\/sv\/#website"},"datePublished":"2018-11-08T13:30:49+00:00","dateModified":"2023-03-20T12:14:09+00:00","description":"V\u00e5ra experter diskuterar problem, utmaningar och m\u00f6jligheter inom industri","breadcrumb":{"@id":"https:\/\/www.eurotherm.com\/sv\/latest-articles\/#breadcrumb"},"inLanguage":"sv-SE","potentialAction":[{"@type":"ReadAction","target":["https:\/\/www.eurotherm.com\/sv\/latest-articles\/"]}]},{"@type":"BreadcrumbList","@id":"https:\/\/www.eurotherm.com\/sv\/latest-articles\/#breadcrumb","itemListElement":[{"@type":"ListItem","position":1,"name":"Home","item":"https:\/\/www.eurotherm.com\/sv\/"},{"@type":"ListItem","position":2,"name":"Senaste nytt"}]},{"@type":"WebSite","@id":"https:\/\/www.eurotherm.com\/sv\/#website","url":"https:\/\/www.eurotherm.com\/sv\/","name":"Eurotherm Limited","description":"Temperature Control, Process Control, Measurement and Data Recording Solutions","potentialAction":[{"@type":"SearchAction","target":{"@type":"EntryPoint","urlTemplate":"https:\/\/www.eurotherm.com\/sv\/?s={search_term_string}"},"query-input":{"@type":"PropertyValueSpecification","valueRequired":true,"valueName":"search_term_string"}}],"inLanguage":"sv-SE"}]}},"ACF":{"header_textarea":"<h1>Eurotherm Nyheter<\/h1>\n<p>V\u00e5ra experter diskuterar problem och utmaningar vad g\u00e4ller process, regelverk och myndighetskrav, produkt och systemsupport samt l\u00f6sningar inom reglerad industri.<\/p>\n","display_accreditations":false,"background_image":{"ID":29445,"id":29445,"title":"masthead","filename":"masthead.jpg","filesize":80672,"url":"https:\/\/www.eurotherm.com\/wp-content\/uploads\/2018\/11\/masthead.jpg","link":"https:\/\/www.eurotherm.com\/sv\/latest-articles\/attachment\/masthead-2\/","alt":"","author":"4","description":"","caption":"","name":"masthead-2","status":"inherit","uploaded_to":72625,"date":"2018-11-08 14:10:21","modified":"2018-11-08 14:10:21","menu_order":0,"mime_type":"image\/jpeg","type":"image","subtype":"jpeg","icon":"https:\/\/www.eurotherm.com\/wp-includes\/images\/media\/default.png","width":1200,"height":801,"sizes":{"thumbnail":"https:\/\/www.eurotherm.com\/wp-content\/uploads\/2018\/11\/masthead-150x150.jpg","thumbnail-width":150,"thumbnail-height":150,"medium":"https:\/\/www.eurotherm.com\/wp-content\/uploads\/2018\/11\/masthead-300x200.jpg","medium-width":300,"medium-height":200,"medium_large":"https:\/\/www.eurotherm.com\/wp-content\/uploads\/2018\/11\/masthead-768x513.jpg","medium_large-width":768,"medium_large-height":513,"large":"https:\/\/www.eurotherm.com\/wp-content\/uploads\/2018\/11\/masthead-1024x684.jpg","large-width":1024,"large-height":684,"1536x1536":"https:\/\/www.eurotherm.com\/wp-content\/uploads\/2018\/11\/masthead.jpg","1536x1536-width":1200,"1536x1536-height":801,"2048x2048":"https:\/\/www.eurotherm.com\/wp-content\/uploads\/2018\/11\/masthead.jpg","2048x2048-width":1200,"2048x2048-height":801,"woocommerce_thumbnail":"https:\/\/www.eurotherm.com\/wp-content\/uploads\/2018\/11\/masthead-300x300.jpg","woocommerce_thumbnail-width":300,"woocommerce_thumbnail-height":300,"woocommerce_single":"https:\/\/www.eurotherm.com\/wp-content\/uploads\/2018\/11\/masthead-600x401.jpg","woocommerce_single-width":600,"woocommerce_single-height":401,"woocommerce_gallery_thumbnail":"https:\/\/www.eurotherm.com\/wp-content\/uploads\/2018\/11\/masthead-100x100.jpg","woocommerce_gallery_thumbnail-width":100,"woocommerce_gallery_thumbnail-height":100}},"flexible_content":false,"show_sidebar":false,"feat_category_tabs":[{"term_id":7822,"name":"Biovetenskap","slug":"life-sciences-hub-sv","term_group":0,"term_taxonomy_id":7822,"taxonomy":"category","description":"","parent":0,"count":20,"filter":"raw"},{"term_id":7784,"name":"Glastillverkning","slug":"glass-manufacture","term_group":0,"term_taxonomy_id":7784,"taxonomy":"category","description":"","parent":0,"count":70,"filter":"raw"},{"term_id":7834,"name":"Mat och dryck","slug":"food-and-beverage-sv","term_group":0,"term_taxonomy_id":7834,"taxonomy":"category","description":"","parent":0,"count":21,"filter":"raw"},{"term_id":13280,"name":"Pressmeddelande","slug":"press-releases-sv","term_group":0,"term_taxonomy_id":13280,"taxonomy":"category","description":"","parent":0,"count":9,"filter":"raw"},{"term_id":16009,"name":"Produkt","slug":"product-sv","term_group":0,"term_taxonomy_id":16009,"taxonomy":"category","description":"","parent":0,"count":23,"filter":"raw"},{"term_id":16322,"name":"Semiconductor","slug":"semiconductor-sv","term_group":0,"term_taxonomy_id":16322,"taxonomy":"category","description":"","parent":0,"count":5,"filter":"raw"},{"term_id":7799,"name":"V\u00e4rmebehandling","slug":"heat-treatment-articles-sv","term_group":0,"term_taxonomy_id":7799,"taxonomy":"category","description":"","parent":0,"count":58,"filter":"raw"}]},"jetpack_sharing_enabled":true,"_links":{"self":[{"href":"https:\/\/www.eurotherm.com\/sv\/wp-json\/wp\/v2\/pages\/72625","targetHints":{"allow":["GET"]}}],"collection":[{"href":"https:\/\/www.eurotherm.com\/sv\/wp-json\/wp\/v2\/pages"}],"about":[{"href":"https:\/\/www.eurotherm.com\/sv\/wp-json\/wp\/v2\/types\/page"}],"author":[{"embeddable":true,"href":"https:\/\/www.eurotherm.com\/sv\/wp-json\/wp\/v2\/users\/4"}],"replies":[{"embeddable":true,"href":"https:\/\/www.eurotherm.com\/sv\/wp-json\/wp\/v2\/comments?post=72625"}],"version-history":[{"count":4,"href":"https:\/\/www.eurotherm.com\/sv\/wp-json\/wp\/v2\/pages\/72625\/revisions"}],"predecessor-version":[{"id":145238,"href":"https:\/\/www.eurotherm.com\/sv\/wp-json\/wp\/v2\/pages\/72625\/revisions\/145238"}],"wp:attachment":[{"href":"https:\/\/www.eurotherm.com\/sv\/wp-json\/wp\/v2\/media?parent=72625"}],"curies":[{"name":"wp","href":"https:\/\/api.w.org\/{rel}","templated":true}]}}