{"id":72610,"date":"2018-11-13T09:49:09","date_gmt":"2018-11-13T09:49:09","guid":{"rendered":"https:\/\/www.eurotherm.com\/engineered-systems-projects\/"},"modified":"2021-05-26T17:18:32","modified_gmt":"2021-05-26T09:18:32","slug":"engineered-systems-projects","status":"publish","type":"page","link":"https:\/\/www.eurotherm.com\/sv\/solutions\/engineered-systems-projects\/","title":{"rendered":"Automation och styrsystem"},"content":{"rendered":"","protected":false},"excerpt":{"rendered":"","protected":false},"author":3,"featured_media":48920,"parent":72615,"menu_order":0,"comment_status":"closed","ping_status":"closed","template":"page-ancestor.php","meta":{"_acf_changed":false,"footnotes":""},"class_list":["post-72610","page","type-page","status-publish","has-post-thumbnail","hentry"],"acf":[],"yoast_head":"<!-- This site is optimized with the Yoast SEO plugin v27.2 - https:\/\/yoast.com\/product\/yoast-seo-wordpress\/ -->\n<title>Automation och styrsystem | Eurotherm Limited<\/title>\n<meta name=\"description\" content=\"Automation och styrsystem | Eurotherm\" \/>\n<meta name=\"robots\" content=\"index, follow, max-snippet:-1, max-image-preview:large, max-video-preview:-1\" \/>\n<meta property=\"og:locale\" content=\"sv_SE\" \/>\n<meta property=\"og:type\" content=\"article\" \/>\n<meta property=\"og:title\" content=\"Automation och styrsystem | Eurotherm Limited\" \/>\n<meta property=\"og:url\" content=\"https:\/\/www.eurotherm.com\/sv\/solutions\/engineered-systems-projects\/\" \/>\n<meta property=\"og:site_name\" content=\"Eurotherm Limited\" \/>\n<meta property=\"article:modified_time\" content=\"2021-05-26T09:18:32+00:00\" \/>\n<meta property=\"og:image\" content=\"https:\/\/www.eurotherm.com\/wp-content\/uploads\/2018\/11\/EOS-landing-page-engineer.jpg\" \/>\n\t<meta property=\"og:image:width\" content=\"1548\" \/>\n\t<meta property=\"og:image:height\" content=\"707\" \/>\n\t<meta property=\"og:image:type\" content=\"image\/jpeg\" \/>\n<meta name=\"twitter:card\" content=\"summary_large_image\" \/>\n<script type=\"application\/ld+json\" class=\"yoast-schema-graph\">{\"@context\":\"https:\/\/schema.org\",\"@graph\":[{\"@type\":\"WebPage\",\"@id\":\"https:\/\/www.eurotherm.com\/sv\/solutions\/engineered-systems-projects\/\",\"url\":\"https:\/\/www.eurotherm.com\/sv\/solutions\/engineered-systems-projects\/\",\"name\":\"Automation och styrsystem | Eurotherm Limited\",\"isPartOf\":{\"@id\":\"https:\/\/www.eurotherm.com\/sv\/#website\"},\"primaryImageOfPage\":{\"@id\":\"https:\/\/www.eurotherm.com\/sv\/solutions\/engineered-systems-projects\/#primaryimage\"},\"image\":{\"@id\":\"https:\/\/www.eurotherm.com\/sv\/solutions\/engineered-systems-projects\/#primaryimage\"},\"thumbnailUrl\":\"https:\/\/www.eurotherm.com\/wp-content\/uploads\/2018\/11\/EOS-landing-page-engineer.jpg\",\"datePublished\":\"2018-11-13T09:49:09+00:00\",\"dateModified\":\"2021-05-26T09:18:32+00:00\",\"breadcrumb\":{\"@id\":\"https:\/\/www.eurotherm.com\/sv\/solutions\/engineered-systems-projects\/#breadcrumb\"},\"inLanguage\":\"sv-SE\",\"potentialAction\":[{\"@type\":\"ReadAction\",\"target\":[\"https:\/\/www.eurotherm.com\/sv\/solutions\/engineered-systems-projects\/\"]}]},{\"@type\":\"ImageObject\",\"inLanguage\":\"sv-SE\",\"@id\":\"https:\/\/www.eurotherm.com\/sv\/solutions\/engineered-systems-projects\/#primaryimage\",\"url\":\"https:\/\/www.eurotherm.com\/wp-content\/uploads\/2018\/11\/EOS-landing-page-engineer.jpg\",\"contentUrl\":\"https:\/\/www.eurotherm.com\/wp-content\/uploads\/2018\/11\/EOS-landing-page-engineer.jpg\",\"width\":1548,\"height\":707},{\"@type\":\"BreadcrumbList\",\"@id\":\"https:\/\/www.eurotherm.com\/sv\/solutions\/engineered-systems-projects\/#breadcrumb\",\"itemListElement\":[{\"@type\":\"ListItem\",\"position\":1,\"name\":\"Home\",\"item\":\"https:\/\/www.eurotherm.com\/sv\/\"},{\"@type\":\"ListItem\",\"position\":2,\"name\":\"Industrier\",\"item\":\"https:\/\/www.eurotherm.com\/sv\/solutions\/\"},{\"@type\":\"ListItem\",\"position\":3,\"name\":\"Automation och styrsystem\"}]},{\"@type\":\"WebSite\",\"@id\":\"https:\/\/www.eurotherm.com\/sv\/#website\",\"url\":\"https:\/\/www.eurotherm.com\/sv\/\",\"name\":\"Eurotherm Limited\",\"description\":\"Temperature Control, Process Control, Measurement and Data Recording Solutions\",\"potentialAction\":[{\"@type\":\"SearchAction\",\"target\":{\"@type\":\"EntryPoint\",\"urlTemplate\":\"https:\/\/www.eurotherm.com\/sv\/?s={search_term_string}\"},\"query-input\":{\"@type\":\"PropertyValueSpecification\",\"valueRequired\":true,\"valueName\":\"search_term_string\"}}],\"inLanguage\":\"sv-SE\"}]}<\/script>\n<!-- \/ Yoast SEO plugin. -->","yoast_head_json":{"title":"Automation och styrsystem | Eurotherm Limited","description":"Automation och styrsystem | Eurotherm","robots":{"index":"index","follow":"follow","max-snippet":"max-snippet:-1","max-image-preview":"max-image-preview:large","max-video-preview":"max-video-preview:-1"},"og_locale":"sv_SE","og_type":"article","og_title":"Automation och styrsystem | Eurotherm Limited","og_url":"https:\/\/www.eurotherm.com\/sv\/solutions\/engineered-systems-projects\/","og_site_name":"Eurotherm Limited","article_modified_time":"2021-05-26T09:18:32+00:00","og_image":[{"width":1548,"height":707,"url":"https:\/\/www.eurotherm.com\/wp-content\/uploads\/2018\/11\/EOS-landing-page-engineer.jpg","type":"image\/jpeg"}],"twitter_card":"summary_large_image","schema":{"@context":"https:\/\/schema.org","@graph":[{"@type":"WebPage","@id":"https:\/\/www.eurotherm.com\/sv\/solutions\/engineered-systems-projects\/","url":"https:\/\/www.eurotherm.com\/sv\/solutions\/engineered-systems-projects\/","name":"Automation och styrsystem | Eurotherm Limited","isPartOf":{"@id":"https:\/\/www.eurotherm.com\/sv\/#website"},"primaryImageOfPage":{"@id":"https:\/\/www.eurotherm.com\/sv\/solutions\/engineered-systems-projects\/#primaryimage"},"image":{"@id":"https:\/\/www.eurotherm.com\/sv\/solutions\/engineered-systems-projects\/#primaryimage"},"thumbnailUrl":"https:\/\/www.eurotherm.com\/wp-content\/uploads\/2018\/11\/EOS-landing-page-engineer.jpg","datePublished":"2018-11-13T09:49:09+00:00","dateModified":"2021-05-26T09:18:32+00:00","breadcrumb":{"@id":"https:\/\/www.eurotherm.com\/sv\/solutions\/engineered-systems-projects\/#breadcrumb"},"inLanguage":"sv-SE","potentialAction":[{"@type":"ReadAction","target":["https:\/\/www.eurotherm.com\/sv\/solutions\/engineered-systems-projects\/"]}]},{"@type":"ImageObject","inLanguage":"sv-SE","@id":"https:\/\/www.eurotherm.com\/sv\/solutions\/engineered-systems-projects\/#primaryimage","url":"https:\/\/www.eurotherm.com\/wp-content\/uploads\/2018\/11\/EOS-landing-page-engineer.jpg","contentUrl":"https:\/\/www.eurotherm.com\/wp-content\/uploads\/2018\/11\/EOS-landing-page-engineer.jpg","width":1548,"height":707},{"@type":"BreadcrumbList","@id":"https:\/\/www.eurotherm.com\/sv\/solutions\/engineered-systems-projects\/#breadcrumb","itemListElement":[{"@type":"ListItem","position":1,"name":"Home","item":"https:\/\/www.eurotherm.com\/sv\/"},{"@type":"ListItem","position":2,"name":"Industrier","item":"https:\/\/www.eurotherm.com\/sv\/solutions\/"},{"@type":"ListItem","position":3,"name":"Automation och styrsystem"}]},{"@type":"WebSite","@id":"https:\/\/www.eurotherm.com\/sv\/#website","url":"https:\/\/www.eurotherm.com\/sv\/","name":"Eurotherm Limited","description":"Temperature Control, Process Control, Measurement and Data Recording Solutions","potentialAction":[{"@type":"SearchAction","target":{"@type":"EntryPoint","urlTemplate":"https:\/\/www.eurotherm.com\/sv\/?s={search_term_string}"},"query-input":{"@type":"PropertyValueSpecification","valueRequired":true,"valueName":"search_term_string"}}],"inLanguage":"sv-SE"}]}},"ACF":{"related_products":"","display_accreditations":true,"flexible_content":[{"acf_fc_layout":"full_width_image_header","header_textarea":"<h1 class=\"heading_title\">Automation och styrsystem<\/h1>\n<p>Eurotherm har mer \u00e4n 40 \u00e5rs erfarenhet av att leverera system till stora industriella kunder. Vi har genom \u00e5ren levererat till industrier inom olja och gas, v\u00e4rmebehandling, glas, life science med flera.<\/p>\n","background_image":{"ID":48920,"id":48920,"title":"EOS-landing-page-engineer","filename":"EOS-landing-page-engineer.jpg","filesize":155569,"url":"https:\/\/www.eurotherm.com\/wp-content\/uploads\/2018\/11\/EOS-landing-page-engineer.jpg","link":"https:\/\/www.eurotherm.com\/sv\/solutions\/engineered-systems-projects\/attachment\/eos-landing-page-engineer-2\/","alt":"","author":"3","description":"","caption":"","name":"eos-landing-page-engineer-2","status":"inherit","uploaded_to":72610,"date":"2018-11-21 10:49:37","modified":"2021-05-10 09:20:38","menu_order":0,"mime_type":"image\/jpeg","type":"image","subtype":"jpeg","icon":"https:\/\/www.eurotherm.com\/wp-includes\/images\/media\/default.png","width":1548,"height":707,"sizes":{"thumbnail":"https:\/\/www.eurotherm.com\/wp-content\/uploads\/2018\/11\/EOS-landing-page-engineer-150x150.jpg","thumbnail-width":150,"thumbnail-height":150,"medium":"https:\/\/www.eurotherm.com\/wp-content\/uploads\/2018\/11\/EOS-landing-page-engineer-300x137.jpg","medium-width":300,"medium-height":137,"medium_large":"https:\/\/www.eurotherm.com\/wp-content\/uploads\/2018\/11\/EOS-landing-page-engineer-768x351.jpg","medium_large-width":768,"medium_large-height":351,"large":"https:\/\/www.eurotherm.com\/wp-content\/uploads\/2018\/11\/EOS-landing-page-engineer-1024x468.jpg","large-width":1024,"large-height":468,"1536x1536":"https:\/\/www.eurotherm.com\/wp-content\/uploads\/2018\/11\/EOS-landing-page-engineer.jpg","1536x1536-width":1536,"1536x1536-height":702,"2048x2048":"https:\/\/www.eurotherm.com\/wp-content\/uploads\/2018\/11\/EOS-landing-page-engineer.jpg","2048x2048-width":1548,"2048x2048-height":707,"woocommerce_thumbnail":"https:\/\/www.eurotherm.com\/wp-content\/uploads\/2018\/11\/EOS-landing-page-engineer-300x300.jpg","woocommerce_thumbnail-width":300,"woocommerce_thumbnail-height":300,"woocommerce_single":"https:\/\/www.eurotherm.com\/wp-content\/uploads\/2018\/11\/EOS-landing-page-engineer-600x274.jpg","woocommerce_single-width":600,"woocommerce_single-height":274,"woocommerce_gallery_thumbnail":"https:\/\/www.eurotherm.com\/wp-content\/uploads\/2018\/11\/EOS-landing-page-engineer-100x100.jpg","woocommerce_gallery_thumbnail-width":100,"woocommerce_gallery_thumbnail-height":100}},"header_buttons":false},{"acf_fc_layout":"two_third_text_-_one_third_text","left_column_two_third":"<h2>Mer \u00e4n 40 \u00e5rs erfarenhet av systemleveranser<\/h2>\n<p>Eurotherm har mer \u00e4n 40 \u00e5rs erfarenhet av att leverera system till stora industriella kunder. Vi har genom \u00e5ren levererat till industrier inom olja och gas, v\u00e4rmebehandling, glas, life science med flera.<\/p>\n<p>M\u00e5nga av v\u00e5ra kunder v\u00e4ljer just Eurotherm beroende p\u00e5 v\u00e5r specialistkunskap inom precisionsreglering. I kombination med s\u00e4ker dataloggning\/datahantering och v\u00e5r m\u00e5ng\u00e5riga kunskap om industriella processer kan vi tillsammans med v\u00e5r kund designa avancerade l\u00f6sningar som mycket v\u00e4l l\u00e4mpar sig till de kunder som dagligen m\u00e5ste leva upp till myndighetskrav som AMS2750 \/ CQI-9 eller CFR21 part 11. M\u00e5nga funktioner i v\u00e5rt unika erbjudande inkluderat styrning, loggning och vald automationsstrategi underl\u00e4ttar att spara energi, f\u00f6rb\u00e4ttra effektivitet samt \u00f6ka kvalitet p\u00e5 producerade slutprodukter.<\/p>\n<p>Vi levererar allt fr\u00e5n sm\u00e5 kundanpassade l\u00f6sningar till system som t\u00e4cker flera anl\u00e4ggningar inkluderat supportavtal p\u00e5 olika niv\u00e5er.<\/p>\n<p>L\u00e5t oss hj\u00e4lpa dig f\u00e5 ut det mesta av din anl\u00e4ggning!<\/p>\n","right_column_one_third":"<h2>Quicklinks<\/h2>\n<p><a href=\"https:\/\/www.eurotherm.com\/solutions\/engineered-systems-projects\/\/hybrid-industries\">&gt; Solutions for Hybrid Industries <\/a><\/p>\n<p><a href=\"https:\/\/www.eurotherm.com\/solutions\/engineered-systems-projects\/\/our-engineers\">&gt; Our Engineers <\/a><\/p>\n<p><a href=\"https:\/\/www.eurotherm.com\/solutions\/engineered-systems-projects\/\/project-services\">&gt; Project Services <\/a><\/p>\n<p><a href=\"https:\/\/www.eurotherm.com\/solutions\/engineered-systems-projects\/\/project-management\">&gt; Project Management <\/a><\/p>\n<p><a href=\"https:\/\/www.eurotherm.com\/solutions\/engineered-systems-projects\/\/after-sales-services\">&gt; After Sales Services <\/a><\/p>\n<p><a href=\"https:\/\/www.eurotherm.com\/solutions\/engineered-systems-projects\/\/eurotherm-business-approvals-certificates\">&gt; Eurotherm Business Approvals \/ Certificates<\/a><\/p>\n<p><a href=\"https:\/\/www.eurotherm.com\/services\/service-level-agreements-sla\/\">&gt; Service level agreements (SLA)<\/a><\/p>\n"},{"acf_fc_layout":"full_width_text_block","full_text_block":"<h2>Small engineered solutions to total plant automation and power systems<\/h2>\n<p>Innovative, durable, highly configurable products, services &amp; systems.<\/p>\n","button_link":"","button_text":"","remove_top_margin":false,"remove_bottom_margin":false},{"acf_fc_layout":"2_column_block_areas","activate_card_mode":false,"blocks":[{"featured_image":false,"small_featured_image":false,"text_block":"<div data-service=\"youtube\" data-id=\"WnVgC6sUxBU\"><\/div>\n","two_col_contact_form_instead_of_link":false,"two_col_button_link":"","two_col_button_text":"","two_col_shortcode":""},{"featured_image":false,"small_featured_image":false,"text_block":"<h2>Why Eurotherm Systems<\/h2>\n<p>Eurotherm have over 50 years experience in the systems business, designing and supporting automation and control projects for many key industries such as oil &amp; gas, heat treatment, glass, life science, and utilities.<\/p>\n","two_col_contact_form_instead_of_link":false,"two_col_button_link":"","two_col_button_text":"","two_col_shortcode":""}]},{"acf_fc_layout":"dark_column_block","dark_text_block":"<h2>Discover our latest Case Studies and Success Stories<\/h2>\n","dark_background_image":{"ID":60698,"id":60698,"title":"Webinar-Header","filename":"Webinar-Header-1.jpg","filesize":277878,"url":"https:\/\/www.eurotherm.com\/wp-content\/uploads\/2019\/01\/Webinar-Header-1.jpg","link":"https:\/\/www.eurotherm.com\/sv\/3d-integration\/attachment\/webinar-header-2-2\/","alt":"","author":"3","description":"","caption":"","name":"webinar-header-2-2","status":"inherit","uploaded_to":71985,"date":"2019-01-07 14:19:13","modified":"2019-01-07 14:19:13","menu_order":0,"mime_type":"image\/jpeg","type":"image","subtype":"jpeg","icon":"https:\/\/www.eurotherm.com\/wp-includes\/images\/media\/default.png","width":1920,"height":1281,"sizes":{"thumbnail":"https:\/\/www.eurotherm.com\/wp-content\/uploads\/2019\/01\/Webinar-Header-1-150x150.jpg","thumbnail-width":150,"thumbnail-height":150,"medium":"https:\/\/www.eurotherm.com\/wp-content\/uploads\/2019\/01\/Webinar-Header-1-300x200.jpg","medium-width":300,"medium-height":200,"medium_large":"https:\/\/www.eurotherm.com\/wp-content\/uploads\/2019\/01\/Webinar-Header-1-768x512.jpg","medium_large-width":768,"medium_large-height":512,"large":"https:\/\/www.eurotherm.com\/wp-content\/uploads\/2019\/01\/Webinar-Header-1-1024x683.jpg","large-width":1024,"large-height":683,"1536x1536":"https:\/\/www.eurotherm.com\/wp-content\/uploads\/2019\/01\/Webinar-Header-1.jpg","1536x1536-width":1536,"1536x1536-height":1025,"2048x2048":"https:\/\/www.eurotherm.com\/wp-content\/uploads\/2019\/01\/Webinar-Header-1.jpg","2048x2048-width":1920,"2048x2048-height":1281,"woocommerce_thumbnail":"https:\/\/www.eurotherm.com\/wp-content\/uploads\/2019\/01\/Webinar-Header-1-300x300.jpg","woocommerce_thumbnail-width":300,"woocommerce_thumbnail-height":300,"woocommerce_single":"https:\/\/www.eurotherm.com\/wp-content\/uploads\/2019\/01\/Webinar-Header-1-768x512.jpg","woocommerce_single-width":600,"woocommerce_single-height":400,"woocommerce_gallery_thumbnail":"https:\/\/www.eurotherm.com\/wp-content\/uploads\/2019\/01\/Webinar-Header-1-100x100.jpg","woocommerce_gallery_thumbnail-width":100,"woocommerce_gallery_thumbnail-height":100}},"dark_buttons":[{"dark_button_link":"\/case-studies","dark_button_text":"Discover more about Eurotherm previous projects"}],"dark_reduce_padding":false,"dark_reduce_text_width":false}],"show_sidebar":false},"jetpack_sharing_enabled":true,"_links":{"self":[{"href":"https:\/\/www.eurotherm.com\/sv\/wp-json\/wp\/v2\/pages\/72610","targetHints":{"allow":["GET"]}}],"collection":[{"href":"https:\/\/www.eurotherm.com\/sv\/wp-json\/wp\/v2\/pages"}],"about":[{"href":"https:\/\/www.eurotherm.com\/sv\/wp-json\/wp\/v2\/types\/page"}],"author":[{"embeddable":true,"href":"https:\/\/www.eurotherm.com\/sv\/wp-json\/wp\/v2\/users\/3"}],"replies":[{"embeddable":true,"href":"https:\/\/www.eurotherm.com\/sv\/wp-json\/wp\/v2\/comments?post=72610"}],"version-history":[{"count":2,"href":"https:\/\/www.eurotherm.com\/sv\/wp-json\/wp\/v2\/pages\/72610\/revisions"}],"predecessor-version":[{"id":116113,"href":"https:\/\/www.eurotherm.com\/sv\/wp-json\/wp\/v2\/pages\/72610\/revisions\/116113"}],"up":[{"embeddable":true,"href":"https:\/\/www.eurotherm.com\/sv\/wp-json\/wp\/v2\/pages\/72615"}],"wp:featuredmedia":[{"embeddable":true,"href":"https:\/\/www.eurotherm.com\/sv\/wp-json\/wp\/v2\/media\/48920"}],"wp:attachment":[{"href":"https:\/\/www.eurotherm.com\/sv\/wp-json\/wp\/v2\/media?parent=72610"}],"curies":[{"name":"wp","href":"https:\/\/api.w.org\/{rel}","templated":true}]}}