{"id":72490,"date":"2018-11-23T10:29:21","date_gmt":"2018-11-23T10:29:21","guid":{"rendered":"https:\/\/www.eurotherm.com\/commissioning-and-training\/"},"modified":"2024-01-17T06:38:54","modified_gmt":"2024-01-16T22:38:54","slug":"commissioning-and-training","status":"publish","type":"page","link":"https:\/\/www.eurotherm.com\/sv\/services\/commissioning-and-training\/","title":{"rendered":"Commissioning and training"},"content":{"rendered":"","protected":false},"excerpt":{"rendered":"","protected":false},"author":3,"featured_media":40501,"parent":72605,"menu_order":0,"comment_status":"closed","ping_status":"closed","template":"","meta":{"_acf_changed":false,"footnotes":""},"class_list":["post-72490","page","type-page","status-publish","has-post-thumbnail","hentry"],"acf":[],"yoast_head":"<!-- This site is optimized with the Yoast SEO plugin v27.5 - https:\/\/yoast.com\/product\/yoast-seo-wordpress\/ -->\n<title>Commissioning and training | Eurotherm Limited<\/title>\n<meta name=\"description\" content=\"Commissioning and training | Eurotherm\" \/>\n<meta name=\"robots\" content=\"index, follow, max-snippet:-1, max-image-preview:large, max-video-preview:-1\" \/>\n<meta property=\"og:locale\" content=\"sv_SE\" \/>\n<meta property=\"og:type\" content=\"article\" \/>\n<meta property=\"og:title\" content=\"Commissioning and training | Eurotherm Limited\" \/>\n<meta property=\"og:url\" content=\"https:\/\/www.eurotherm.com\/sv\/services\/commissioning-and-training\/\" \/>\n<meta property=\"og:site_name\" content=\"Eurotherm Limited\" \/>\n<meta property=\"article:modified_time\" content=\"2024-01-16T22:38:54+00:00\" \/>\n<meta property=\"og:image\" content=\"https:\/\/www.eurotherm.com\/wp-content\/uploads\/2018\/11\/CF_Support-1.jpg\" \/>\n\t<meta property=\"og:image:width\" content=\"405\" \/>\n\t<meta property=\"og:image:height\" content=\"410\" \/>\n\t<meta property=\"og:image:type\" content=\"image\/jpeg\" \/>\n<meta name=\"twitter:card\" content=\"summary_large_image\" \/>\n<script type=\"application\/ld+json\" class=\"yoast-schema-graph\">{\"@context\":\"https:\\\/\\\/schema.org\",\"@graph\":[{\"@type\":\"WebPage\",\"@id\":\"https:\\\/\\\/www.eurotherm.com\\\/sv\\\/services\\\/commissioning-and-training\\\/\",\"url\":\"https:\\\/\\\/www.eurotherm.com\\\/sv\\\/services\\\/commissioning-and-training\\\/\",\"name\":\"Commissioning and training | Eurotherm Limited\",\"isPartOf\":{\"@id\":\"https:\\\/\\\/www.eurotherm.com\\\/sv\\\/#website\"},\"primaryImageOfPage\":{\"@id\":\"https:\\\/\\\/www.eurotherm.com\\\/sv\\\/services\\\/commissioning-and-training\\\/#primaryimage\"},\"image\":{\"@id\":\"https:\\\/\\\/www.eurotherm.com\\\/sv\\\/services\\\/commissioning-and-training\\\/#primaryimage\"},\"thumbnailUrl\":\"https:\\\/\\\/www.eurotherm.com\\\/wp-content\\\/uploads\\\/2018\\\/11\\\/CF_Support-1.jpg\",\"datePublished\":\"2018-11-23T10:29:21+00:00\",\"dateModified\":\"2024-01-16T22:38:54+00:00\",\"breadcrumb\":{\"@id\":\"https:\\\/\\\/www.eurotherm.com\\\/sv\\\/services\\\/commissioning-and-training\\\/#breadcrumb\"},\"inLanguage\":\"sv-SE\",\"potentialAction\":[{\"@type\":\"ReadAction\",\"target\":[\"https:\\\/\\\/www.eurotherm.com\\\/sv\\\/services\\\/commissioning-and-training\\\/\"]}]},{\"@type\":\"ImageObject\",\"inLanguage\":\"sv-SE\",\"@id\":\"https:\\\/\\\/www.eurotherm.com\\\/sv\\\/services\\\/commissioning-and-training\\\/#primaryimage\",\"url\":\"https:\\\/\\\/www.eurotherm.com\\\/wp-content\\\/uploads\\\/2018\\\/11\\\/CF_Support-1.jpg\",\"contentUrl\":\"https:\\\/\\\/www.eurotherm.com\\\/wp-content\\\/uploads\\\/2018\\\/11\\\/CF_Support-1.jpg\",\"width\":405,\"height\":410},{\"@type\":\"BreadcrumbList\",\"@id\":\"https:\\\/\\\/www.eurotherm.com\\\/sv\\\/services\\\/commissioning-and-training\\\/#breadcrumb\",\"itemListElement\":[{\"@type\":\"ListItem\",\"position\":1,\"name\":\"Home\",\"item\":\"https:\\\/\\\/www.eurotherm.com\\\/sv\\\/\"},{\"@type\":\"ListItem\",\"position\":2,\"name\":\"Industriella automationstj\u00e4nster\",\"item\":\"https:\\\/\\\/www.eurotherm.com\\\/sv\\\/services\\\/\"},{\"@type\":\"ListItem\",\"position\":3,\"name\":\"Commissioning and training\"}]},{\"@type\":\"WebSite\",\"@id\":\"https:\\\/\\\/www.eurotherm.com\\\/sv\\\/#website\",\"url\":\"https:\\\/\\\/www.eurotherm.com\\\/sv\\\/\",\"name\":\"Eurotherm Limited\",\"description\":\"Temperature Control, Process Control, Measurement and Data Recording Solutions\",\"potentialAction\":[{\"@type\":\"SearchAction\",\"target\":{\"@type\":\"EntryPoint\",\"urlTemplate\":\"https:\\\/\\\/www.eurotherm.com\\\/sv\\\/?s={search_term_string}\"},\"query-input\":{\"@type\":\"PropertyValueSpecification\",\"valueRequired\":true,\"valueName\":\"search_term_string\"}}],\"inLanguage\":\"sv-SE\"}]}<\/script>\n<!-- \/ Yoast SEO plugin. -->","yoast_head_json":{"title":"Commissioning and training | Eurotherm Limited","description":"Commissioning and training | Eurotherm","robots":{"index":"index","follow":"follow","max-snippet":"max-snippet:-1","max-image-preview":"max-image-preview:large","max-video-preview":"max-video-preview:-1"},"og_locale":"sv_SE","og_type":"article","og_title":"Commissioning and training | Eurotherm Limited","og_url":"https:\/\/www.eurotherm.com\/sv\/services\/commissioning-and-training\/","og_site_name":"Eurotherm Limited","article_modified_time":"2024-01-16T22:38:54+00:00","og_image":[{"width":405,"height":410,"url":"https:\/\/www.eurotherm.com\/wp-content\/uploads\/2018\/11\/CF_Support-1.jpg","type":"image\/jpeg"}],"twitter_card":"summary_large_image","schema":{"@context":"https:\/\/schema.org","@graph":[{"@type":"WebPage","@id":"https:\/\/www.eurotherm.com\/sv\/services\/commissioning-and-training\/","url":"https:\/\/www.eurotherm.com\/sv\/services\/commissioning-and-training\/","name":"Commissioning and training | Eurotherm Limited","isPartOf":{"@id":"https:\/\/www.eurotherm.com\/sv\/#website"},"primaryImageOfPage":{"@id":"https:\/\/www.eurotherm.com\/sv\/services\/commissioning-and-training\/#primaryimage"},"image":{"@id":"https:\/\/www.eurotherm.com\/sv\/services\/commissioning-and-training\/#primaryimage"},"thumbnailUrl":"https:\/\/www.eurotherm.com\/wp-content\/uploads\/2018\/11\/CF_Support-1.jpg","datePublished":"2018-11-23T10:29:21+00:00","dateModified":"2024-01-16T22:38:54+00:00","breadcrumb":{"@id":"https:\/\/www.eurotherm.com\/sv\/services\/commissioning-and-training\/#breadcrumb"},"inLanguage":"sv-SE","potentialAction":[{"@type":"ReadAction","target":["https:\/\/www.eurotherm.com\/sv\/services\/commissioning-and-training\/"]}]},{"@type":"ImageObject","inLanguage":"sv-SE","@id":"https:\/\/www.eurotherm.com\/sv\/services\/commissioning-and-training\/#primaryimage","url":"https:\/\/www.eurotherm.com\/wp-content\/uploads\/2018\/11\/CF_Support-1.jpg","contentUrl":"https:\/\/www.eurotherm.com\/wp-content\/uploads\/2018\/11\/CF_Support-1.jpg","width":405,"height":410},{"@type":"BreadcrumbList","@id":"https:\/\/www.eurotherm.com\/sv\/services\/commissioning-and-training\/#breadcrumb","itemListElement":[{"@type":"ListItem","position":1,"name":"Home","item":"https:\/\/www.eurotherm.com\/sv\/"},{"@type":"ListItem","position":2,"name":"Industriella automationstj\u00e4nster","item":"https:\/\/www.eurotherm.com\/sv\/services\/"},{"@type":"ListItem","position":3,"name":"Commissioning and training"}]},{"@type":"WebSite","@id":"https:\/\/www.eurotherm.com\/sv\/#website","url":"https:\/\/www.eurotherm.com\/sv\/","name":"Eurotherm Limited","description":"Temperature Control, Process Control, Measurement and Data Recording Solutions","potentialAction":[{"@type":"SearchAction","target":{"@type":"EntryPoint","urlTemplate":"https:\/\/www.eurotherm.com\/sv\/?s={search_term_string}"},"query-input":{"@type":"PropertyValueSpecification","valueRequired":true,"valueName":"search_term_string"}}],"inLanguage":"sv-SE"}]}},"ACF":{"flexible_content":[{"acf_fc_layout":"full_width_image_header","header_textarea":"<h1>Idrifttagningshj\u00e4lp och Utbildning\/Support<\/h1>\n<p>Vi kan genom v\u00e5ra erfarna ingenj\u00f6rer erbjuda helt kundanpassade niv\u00e5er av idrifttagningshj\u00e4lp, utbildningar eller support p\u00e5 v\u00e5ra produkter och system.<\/p>\n<p>M\u00e5let kan vara att ta i drift en enhet eller ett helt nytt system s\u00e5v\u00e4l som att erbjuda kontinuerlig uppdatering\/utbildning p\u00e5 existerande system. Detta f\u00f6r att upr\u00e4tth\u00e5lla en \u00f6nskad niv\u00e5 p\u00e5 kunskap i en k\u00f6rande anl\u00e4ggning. Allt fr\u00e5n enskilda komponenter via systeml\u00f6sningar till rena operat\u00f6rsutbildningar kan skr\u00e4ddarsys efter behov och \u00f6nskem\u00e5l.<\/p>\n","background_image":{"ID":56329,"id":56329,"title":"_0025_GettyImages-556419603_enlarged","filename":"0025_GettyImages-556419603_enlarged.jpg","filesize":101248,"url":"https:\/\/www.eurotherm.com\/wp-content\/uploads\/2018\/12\/0025_GettyImages-556419603_enlarged.jpg","link":"https:\/\/www.eurotherm.com\/sv\/services\/commissioning-and-training\/attachment\/_0025_gettyimages-556419603_enlarged-2\/","alt":"","author":"3","description":"","caption":"","name":"_0025_gettyimages-556419603_enlarged-2","status":"inherit","uploaded_to":72490,"date":"2018-12-13 18:07:28","modified":"2018-12-13 18:07:28","menu_order":0,"mime_type":"image\/jpeg","type":"image","subtype":"jpeg","icon":"https:\/\/www.eurotherm.com\/wp-includes\/images\/media\/default.png","width":1920,"height":450,"sizes":{"thumbnail":"https:\/\/www.eurotherm.com\/wp-content\/uploads\/2018\/12\/0025_GettyImages-556419603_enlarged-150x150.jpg","thumbnail-width":150,"thumbnail-height":150,"medium":"https:\/\/www.eurotherm.com\/wp-content\/uploads\/2018\/12\/0025_GettyImages-556419603_enlarged-300x70.jpg","medium-width":300,"medium-height":70,"medium_large":"https:\/\/www.eurotherm.com\/wp-content\/uploads\/2018\/12\/0025_GettyImages-556419603_enlarged-768x180.jpg","medium_large-width":768,"medium_large-height":180,"large":"https:\/\/www.eurotherm.com\/wp-content\/uploads\/2018\/12\/0025_GettyImages-556419603_enlarged-1024x240.jpg","large-width":1024,"large-height":240,"1536x1536":"https:\/\/www.eurotherm.com\/wp-content\/uploads\/2018\/12\/0025_GettyImages-556419603_enlarged.jpg","1536x1536-width":1536,"1536x1536-height":360,"2048x2048":"https:\/\/www.eurotherm.com\/wp-content\/uploads\/2018\/12\/0025_GettyImages-556419603_enlarged.jpg","2048x2048-width":1920,"2048x2048-height":450,"woocommerce_thumbnail":"https:\/\/www.eurotherm.com\/wp-content\/uploads\/2018\/12\/0025_GettyImages-556419603_enlarged-300x300.jpg","woocommerce_thumbnail-width":300,"woocommerce_thumbnail-height":300,"woocommerce_single":"https:\/\/www.eurotherm.com\/wp-content\/uploads\/2018\/12\/0025_GettyImages-556419603_enlarged-768x180.jpg","woocommerce_single-width":600,"woocommerce_single-height":141,"woocommerce_gallery_thumbnail":"https:\/\/www.eurotherm.com\/wp-content\/uploads\/2018\/12\/0025_GettyImages-556419603_enlarged-100x100.jpg","woocommerce_gallery_thumbnail-width":100,"woocommerce_gallery_thumbnail-height":100}},"header_buttons":false},{"acf_fc_layout":"full_width_text_block","full_text_block":"","button_link":"https:\/\/palearningservices.se.com\/","button_text":"SE training for Eurotherm equipment","remove_top_margin":false,"remove_bottom_margin":false},{"acf_fc_layout":"2_column_block_areas","activate_card_mode":false,"blocks":[{"featured_image":false,"small_featured_image":false,"text_block":"<h3>Extended warranties<\/h3>\n<p>This service is available to our customers with Service Level Agreement to extend their current hardware warranty for further period of time as required. All hardware covered by the agreement is repaired free of charge.<\/p>\n","two_col_contact_form_instead_of_link":false,"two_col_button_link":null,"two_col_button_text":"","two_col_shortcode":""},{"featured_image":false,"small_featured_image":false,"text_block":"<h3>Explore our events<\/h3>\n<p>Discover the latest events Eurotherm are attending.<\/p>\n<p><a>&gt; Explore our upcoming events<\/a><\/p>\n","two_col_contact_form_instead_of_link":false,"two_col_button_link":null,"two_col_button_text":"","two_col_shortcode":""}]},{"acf_fc_layout":"3_column_block_areas","three_blocks_activate_card_mode":false,"custom_section_id":"","three_blocks":[{"three_featured_image":false,"small_featured_image_alt":false,"three_text_block":"<h4>Video Tutorials<\/h4>\n<p><a href=\"https:\/\/www.eurotherm.com\/sv\/machine-control-process-automation-articles-sv\/eplc-video-tutorials\/\">E+PLC<\/a><\/p>\n<p><a href=\"https:\/\/www.eurotherm.com\/sv\/temperature-control-sv\/epc3000-how-to-tutorials\/\">EPC3000<\/a><\/p>\n<p><a href=\"https:\/\/www.eurotherm.com\/sv\/temperature-control-sv\/epc2000-how-to-tutorials\/\">EPC2000<\/a><\/p>\n<p><a href=\"https:\/\/www.youtube.com\/playlist?list=PL_OJIWLh4YuWioMPuk6SeUGrUSGNXrmGP\">All video tutorials<\/a>\u200b<\/p>\n","three_col_contact_form_instead_of_link":false,"three_col_button_link":null,"three_col_button_text":"","three_col_shortcode":"","three_col_open_in_new_tab":false},{"three_featured_image":false,"small_featured_image_alt":false,"three_text_block":"<h4>Eurotherms Service Center<\/h4>\n<p>Tillg\u00e4ngliga tj\u00e4nster:<\/p>\n<ul>\n<li>Reparationer ocks\u00e5 p\u00e5 \u00e4ldre produkter fr\u00e5n Eurotherm<\/li>\n<li>Kalibrering till standarder \u2013 UKAS, AMS2750E<\/li>\n<li>Uppgradering av maskinvara s\u00e5v\u00e4l som ing\u00e5ende standardprogramvara<\/li>\n<li>\u00c4ldre reservdelar<\/li>\n<li>Sexpunkters h\u00e4lsokontroll p\u00e5 produkter<\/li>\n<\/ul>\n<p><a href=\"\/services\/calibration-accreditation-services\/eurotherm-service-centre\">&gt; L\u00e4s mer om vad v\u00e5rt servicecenter kan erbjuda (Eng)<\/a><\/p>\n<p>&nbsp;<\/p>\n","three_col_contact_form_instead_of_link":false,"three_col_button_link":null,"three_col_button_text":"","three_col_shortcode":"","three_col_open_in_new_tab":false},{"three_featured_image":false,"small_featured_image_alt":false,"three_text_block":"<h4>Get Support<\/h4>\n<p>Join our User Forum to access frequently asked questions from our community and resolve support issues. If you need urgent help and would prefer to talk to our support team on the phone, call +44 (0) 1903 695777.<\/p>\n<p><a href=\"https:\/\/www.eurotherm.com\/en\/support\/\">&gt;Get Support here<\/a><\/p>\n","three_col_contact_form_instead_of_link":false,"three_col_button_link":null,"three_col_button_text":"","three_col_shortcode":"","three_col_open_in_new_tab":false}]},{"acf_fc_layout":"dark_column_block","dark_text_block":"<h2>Keep up to date with our Webinars<\/h2>\n","dark_background_image":{"ID":60698,"id":60698,"title":"Webinar-Header","filename":"Webinar-Header-1.jpg","filesize":277878,"url":"https:\/\/www.eurotherm.com\/wp-content\/uploads\/2019\/01\/Webinar-Header-1.jpg","link":"https:\/\/www.eurotherm.com\/sv\/3d-integration\/attachment\/webinar-header-2-2\/","alt":"","author":"3","description":"","caption":"","name":"webinar-header-2-2","status":"inherit","uploaded_to":71985,"date":"2019-01-07 14:19:13","modified":"2019-01-07 14:19:13","menu_order":0,"mime_type":"image\/jpeg","type":"image","subtype":"jpeg","icon":"https:\/\/www.eurotherm.com\/wp-includes\/images\/media\/default.png","width":1920,"height":1281,"sizes":{"thumbnail":"https:\/\/www.eurotherm.com\/wp-content\/uploads\/2019\/01\/Webinar-Header-1-150x150.jpg","thumbnail-width":150,"thumbnail-height":150,"medium":"https:\/\/www.eurotherm.com\/wp-content\/uploads\/2019\/01\/Webinar-Header-1-300x200.jpg","medium-width":300,"medium-height":200,"medium_large":"https:\/\/www.eurotherm.com\/wp-content\/uploads\/2019\/01\/Webinar-Header-1-768x512.jpg","medium_large-width":768,"medium_large-height":512,"large":"https:\/\/www.eurotherm.com\/wp-content\/uploads\/2019\/01\/Webinar-Header-1-1024x683.jpg","large-width":1024,"large-height":683,"1536x1536":"https:\/\/www.eurotherm.com\/wp-content\/uploads\/2019\/01\/Webinar-Header-1.jpg","1536x1536-width":1536,"1536x1536-height":1025,"2048x2048":"https:\/\/www.eurotherm.com\/wp-content\/uploads\/2019\/01\/Webinar-Header-1.jpg","2048x2048-width":1920,"2048x2048-height":1281,"woocommerce_thumbnail":"https:\/\/www.eurotherm.com\/wp-content\/uploads\/2019\/01\/Webinar-Header-1-300x300.jpg","woocommerce_thumbnail-width":300,"woocommerce_thumbnail-height":300,"woocommerce_single":"https:\/\/www.eurotherm.com\/wp-content\/uploads\/2019\/01\/Webinar-Header-1-768x512.jpg","woocommerce_single-width":600,"woocommerce_single-height":400,"woocommerce_gallery_thumbnail":"https:\/\/www.eurotherm.com\/wp-content\/uploads\/2019\/01\/Webinar-Header-1-100x100.jpg","woocommerce_gallery_thumbnail-width":100,"woocommerce_gallery_thumbnail-height":100}},"dark_buttons":[{"dark_button_link":"\/webinar","dark_button_text":"View Webinars"}],"dark_reduce_padding":false,"dark_reduce_text_width":false}],"show_sidebar":false,"display_accreditations":true},"jetpack_sharing_enabled":true,"_links":{"self":[{"href":"https:\/\/www.eurotherm.com\/sv\/wp-json\/wp\/v2\/pages\/72490","targetHints":{"allow":["GET"]}}],"collection":[{"href":"https:\/\/www.eurotherm.com\/sv\/wp-json\/wp\/v2\/pages"}],"about":[{"href":"https:\/\/www.eurotherm.com\/sv\/wp-json\/wp\/v2\/types\/page"}],"author":[{"embeddable":true,"href":"https:\/\/www.eurotherm.com\/sv\/wp-json\/wp\/v2\/users\/3"}],"replies":[{"embeddable":true,"href":"https:\/\/www.eurotherm.com\/sv\/wp-json\/wp\/v2\/comments?post=72490"}],"version-history":[{"count":5,"href":"https:\/\/www.eurotherm.com\/sv\/wp-json\/wp\/v2\/pages\/72490\/revisions"}],"predecessor-version":[{"id":150822,"href":"https:\/\/www.eurotherm.com\/sv\/wp-json\/wp\/v2\/pages\/72490\/revisions\/150822"}],"up":[{"embeddable":true,"href":"https:\/\/www.eurotherm.com\/sv\/wp-json\/wp\/v2\/pages\/72605"}],"wp:featuredmedia":[{"embeddable":true,"href":"https:\/\/www.eurotherm.com\/sv\/wp-json\/wp\/v2\/media\/40501"}],"wp:attachment":[{"href":"https:\/\/www.eurotherm.com\/sv\/wp-json\/wp\/v2\/media?parent=72490"}],"curies":[{"name":"wp","href":"https:\/\/api.w.org\/{rel}","templated":true}]}}