{"id":72275,"date":"2018-12-27T21:21:50","date_gmt":"2018-12-27T21:21:50","guid":{"rendered":"https:\/\/www.eurotherm.com\/events\/"},"modified":"2025-03-26T18:42:51","modified_gmt":"2025-03-26T10:42:51","slug":"events","status":"publish","type":"page","link":"https:\/\/www.eurotherm.com\/sv\/events\/","title":{"rendered":"Events"},"content":{"rendered":"","protected":false},"excerpt":{"rendered":"","protected":false},"author":3,"featured_media":0,"parent":0,"menu_order":0,"comment_status":"closed","ping_status":"closed","template":"templates\/events.php","meta":{"_acf_changed":false,"footnotes":""},"class_list":["post-72275","page","type-page","status-publish","hentry"],"acf":[],"yoast_head":"<!-- This site is optimized with the Yoast SEO plugin v27.2 - https:\/\/yoast.com\/product\/yoast-seo-wordpress\/ -->\n<title>Events | Eurotherm Limited<\/title>\n<meta name=\"description\" content=\"Events | Eurotherm\" \/>\n<meta name=\"robots\" content=\"index, follow, max-snippet:-1, max-image-preview:large, max-video-preview:-1\" \/>\n<meta property=\"og:locale\" content=\"sv_SE\" \/>\n<meta property=\"og:type\" content=\"article\" \/>\n<meta property=\"og:title\" content=\"Events | Eurotherm Limited\" \/>\n<meta property=\"og:url\" content=\"https:\/\/www.eurotherm.com\/sv\/events\/\" \/>\n<meta property=\"og:site_name\" content=\"Eurotherm Limited\" \/>\n<meta property=\"article:modified_time\" content=\"2025-03-26T10:42:51+00:00\" \/>\n<meta name=\"twitter:card\" content=\"summary_large_image\" \/>\n<script type=\"application\/ld+json\" class=\"yoast-schema-graph\">{\"@context\":\"https:\/\/schema.org\",\"@graph\":[{\"@type\":\"WebPage\",\"@id\":\"https:\/\/www.eurotherm.com\/sv\/events\/\",\"url\":\"https:\/\/www.eurotherm.com\/sv\/events\/\",\"name\":\"Events | Eurotherm Limited\",\"isPartOf\":{\"@id\":\"https:\/\/www.eurotherm.com\/sv\/#website\"},\"datePublished\":\"2018-12-27T21:21:50+00:00\",\"dateModified\":\"2025-03-26T10:42:51+00:00\",\"breadcrumb\":{\"@id\":\"https:\/\/www.eurotherm.com\/sv\/events\/#breadcrumb\"},\"inLanguage\":\"sv-SE\",\"potentialAction\":[{\"@type\":\"ReadAction\",\"target\":[\"https:\/\/www.eurotherm.com\/sv\/events\/\"]}]},{\"@type\":\"BreadcrumbList\",\"@id\":\"https:\/\/www.eurotherm.com\/sv\/events\/#breadcrumb\",\"itemListElement\":[{\"@type\":\"ListItem\",\"position\":1,\"name\":\"Home\",\"item\":\"https:\/\/www.eurotherm.com\/sv\/\"},{\"@type\":\"ListItem\",\"position\":2,\"name\":\"Events\"}]},{\"@type\":\"WebSite\",\"@id\":\"https:\/\/www.eurotherm.com\/sv\/#website\",\"url\":\"https:\/\/www.eurotherm.com\/sv\/\",\"name\":\"Eurotherm Limited\",\"description\":\"Temperature Control, Process Control, Measurement and Data Recording Solutions\",\"potentialAction\":[{\"@type\":\"SearchAction\",\"target\":{\"@type\":\"EntryPoint\",\"urlTemplate\":\"https:\/\/www.eurotherm.com\/sv\/?s={search_term_string}\"},\"query-input\":{\"@type\":\"PropertyValueSpecification\",\"valueRequired\":true,\"valueName\":\"search_term_string\"}}],\"inLanguage\":\"sv-SE\"}]}<\/script>\n<!-- \/ Yoast SEO plugin. -->","yoast_head_json":{"title":"Events | Eurotherm Limited","description":"Events | Eurotherm","robots":{"index":"index","follow":"follow","max-snippet":"max-snippet:-1","max-image-preview":"max-image-preview:large","max-video-preview":"max-video-preview:-1"},"og_locale":"sv_SE","og_type":"article","og_title":"Events | Eurotherm Limited","og_url":"https:\/\/www.eurotherm.com\/sv\/events\/","og_site_name":"Eurotherm Limited","article_modified_time":"2025-03-26T10:42:51+00:00","twitter_card":"summary_large_image","schema":{"@context":"https:\/\/schema.org","@graph":[{"@type":"WebPage","@id":"https:\/\/www.eurotherm.com\/sv\/events\/","url":"https:\/\/www.eurotherm.com\/sv\/events\/","name":"Events | Eurotherm Limited","isPartOf":{"@id":"https:\/\/www.eurotherm.com\/sv\/#website"},"datePublished":"2018-12-27T21:21:50+00:00","dateModified":"2025-03-26T10:42:51+00:00","breadcrumb":{"@id":"https:\/\/www.eurotherm.com\/sv\/events\/#breadcrumb"},"inLanguage":"sv-SE","potentialAction":[{"@type":"ReadAction","target":["https:\/\/www.eurotherm.com\/sv\/events\/"]}]},{"@type":"BreadcrumbList","@id":"https:\/\/www.eurotherm.com\/sv\/events\/#breadcrumb","itemListElement":[{"@type":"ListItem","position":1,"name":"Home","item":"https:\/\/www.eurotherm.com\/sv\/"},{"@type":"ListItem","position":2,"name":"Events"}]},{"@type":"WebSite","@id":"https:\/\/www.eurotherm.com\/sv\/#website","url":"https:\/\/www.eurotherm.com\/sv\/","name":"Eurotherm Limited","description":"Temperature Control, Process Control, Measurement and Data Recording Solutions","potentialAction":[{"@type":"SearchAction","target":{"@type":"EntryPoint","urlTemplate":"https:\/\/www.eurotherm.com\/sv\/?s={search_term_string}"},"query-input":{"@type":"PropertyValueSpecification","valueRequired":true,"valueName":"search_term_string"}}],"inLanguage":"sv-SE"}]}},"ACF":{"display_accreditations":false,"flexible_content":[{"acf_fc_layout":"full_width_image_header","header_textarea":"<h1>Upplev v\u00e5r innovation p\u00e5 branschledande globala konferenser och virtuella seminarier.<\/h1>\n<p>Lyssna p\u00e5 v\u00e5ra experter n\u00e4r de avsl\u00f6jar v\u00e5ra senaste l\u00f6sningar f\u00f6r elektriska processv\u00e4rmare som \u00e4r designade f\u00f6r att hantera dina tuffaste utmaningar. F\u00e5 mer information om de senaste trenderna och teknologierna som formar en blomstrande, h\u00f6gteknologisk framtid.<\/p>\n","background_image":{"ID":83073,"id":83073,"title":"Event Banner General 2019_background","filename":"Event-Banner-General-2019_background.jpg","filesize":748974,"url":"https:\/\/www.eurotherm.com\/wp-content\/uploads\/2019\/11\/Event-Banner-General-2019_background.jpg","link":"https:\/\/www.eurotherm.com\/sv\/events\/attachment\/event-banner-general-2019_background-3\/","alt":"","author":"4","description":"","caption":"","name":"event-banner-general-2019_background-3","status":"inherit","uploaded_to":72275,"date":"2019-11-26 10:08:59","modified":"2019-11-26 10:08:59","menu_order":0,"mime_type":"image\/jpeg","type":"image","subtype":"jpeg","icon":"https:\/\/www.eurotherm.com\/wp-includes\/images\/media\/default.png","width":1920,"height":550,"sizes":{"thumbnail":"https:\/\/www.eurotherm.com\/wp-content\/uploads\/2019\/11\/Event-Banner-General-2019_background-150x150.jpg","thumbnail-width":150,"thumbnail-height":150,"medium":"https:\/\/www.eurotherm.com\/wp-content\/uploads\/2019\/11\/Event-Banner-General-2019_background-300x86.jpg","medium-width":300,"medium-height":86,"medium_large":"https:\/\/www.eurotherm.com\/wp-content\/uploads\/2019\/11\/Event-Banner-General-2019_background-768x220.jpg","medium_large-width":768,"medium_large-height":220,"large":"https:\/\/www.eurotherm.com\/wp-content\/uploads\/2019\/11\/Event-Banner-General-2019_background-1024x293.jpg","large-width":1024,"large-height":293,"1536x1536":"https:\/\/www.eurotherm.com\/wp-content\/uploads\/2019\/11\/Event-Banner-General-2019_background.jpg","1536x1536-width":1536,"1536x1536-height":440,"2048x2048":"https:\/\/www.eurotherm.com\/wp-content\/uploads\/2019\/11\/Event-Banner-General-2019_background.jpg","2048x2048-width":1920,"2048x2048-height":550,"woocommerce_thumbnail":"https:\/\/www.eurotherm.com\/wp-content\/uploads\/2019\/11\/Event-Banner-General-2019_background-300x300.jpg","woocommerce_thumbnail-width":300,"woocommerce_thumbnail-height":300,"woocommerce_single":"https:\/\/www.eurotherm.com\/wp-content\/uploads\/2019\/11\/Event-Banner-General-2019_background-600x172.jpg","woocommerce_single-width":600,"woocommerce_single-height":172,"woocommerce_gallery_thumbnail":"https:\/\/www.eurotherm.com\/wp-content\/uploads\/2019\/11\/Event-Banner-General-2019_background-100x100.jpg","woocommerce_gallery_thumbnail-width":100,"woocommerce_gallery_thumbnail-height":100}},"header_buttons":false}],"show_sidebar":false},"jetpack_sharing_enabled":true,"_links":{"self":[{"href":"https:\/\/www.eurotherm.com\/sv\/wp-json\/wp\/v2\/pages\/72275","targetHints":{"allow":["GET"]}}],"collection":[{"href":"https:\/\/www.eurotherm.com\/sv\/wp-json\/wp\/v2\/pages"}],"about":[{"href":"https:\/\/www.eurotherm.com\/sv\/wp-json\/wp\/v2\/types\/page"}],"author":[{"embeddable":true,"href":"https:\/\/www.eurotherm.com\/sv\/wp-json\/wp\/v2\/users\/3"}],"replies":[{"embeddable":true,"href":"https:\/\/www.eurotherm.com\/sv\/wp-json\/wp\/v2\/comments?post=72275"}],"version-history":[{"count":6,"href":"https:\/\/www.eurotherm.com\/sv\/wp-json\/wp\/v2\/pages\/72275\/revisions"}],"predecessor-version":[{"id":158875,"href":"https:\/\/www.eurotherm.com\/sv\/wp-json\/wp\/v2\/pages\/72275\/revisions\/158875"}],"wp:attachment":[{"href":"https:\/\/www.eurotherm.com\/sv\/wp-json\/wp\/v2\/media?parent=72275"}],"curies":[{"name":"wp","href":"https:\/\/api.w.org\/{rel}","templated":true}]}}