{"id":76898,"date":"2018-11-23T16:34:36","date_gmt":"2018-11-23T08:34:36","guid":{"rendered":"https:\/\/eurothermdev.co.uk\/eurotherm-itools-version-9-79-release-notes\/"},"modified":"2024-05-08T16:45:20","modified_gmt":"2024-05-08T08:45:20","slug":"eurotherm-itools-release-notes","status":"publish","type":"page","link":"https:\/\/www.eurotherm.com\/pt-br\/services\/eurotherm-itools-release-notes\/","title":{"rendered":"Eurotherm iTools Version 9.87 Release notes"},"content":{"rendered":"<ul>\n<li>Read the latest <a href=\"\/?post_type=product&#038;p=152958\">IDM Update for iTools release note<\/a><\/li>\n<\/ul>\n<iframe loading=\"lazy\" title=\"Custom iframe\" id=\"iframer\" src=\"https:\/\/eurodl.watlow.com\/iTools\/readme.htm#features\" width=\"100%\" height=\"700\"><\/iframe>\n","protected":false},"excerpt":{"rendered":"<p>Read the latest IDM Update for iTools release note<\/p>\n","protected":false},"author":3,"featured_media":0,"parent":76928,"menu_order":0,"comment_status":"closed","ping_status":"closed","template":"","meta":{"_acf_changed":false,"footnotes":""},"class_list":["post-76898","page","type-page","status-publish","hentry"],"acf":[],"yoast_head":"<!-- This site is optimized with the Yoast SEO plugin v27.2 - https:\/\/yoast.com\/product\/yoast-seo-wordpress\/ -->\n<title>Eurotherm iTools Version 9.87 Release notes | Eurotherm Limited<\/title>\n<meta name=\"description\" content=\"Eurotherm iTools Version 9.87 Release notes | Read the latest IDM Update for iTools release note &lt;\/\" \/>\n<meta name=\"robots\" content=\"index, follow, max-snippet:-1, max-image-preview:large, max-video-preview:-1\" \/>\n<meta property=\"og:locale\" content=\"pt_BR\" \/>\n<meta property=\"og:type\" content=\"article\" \/>\n<meta property=\"og:title\" content=\"Eurotherm iTools Version 9.87 Release notes | Eurotherm Limited\" \/>\n<meta property=\"og:description\" content=\"Read the latest IDM Update for iTools release note\" \/>\n<meta property=\"og:url\" content=\"https:\/\/www.eurotherm.com\/pt-br\/services\/eurotherm-itools-release-notes\/\" \/>\n<meta property=\"og:site_name\" content=\"Eurotherm Limited\" \/>\n<meta property=\"article:modified_time\" content=\"2024-05-08T08:45:20+00:00\" \/>\n<meta name=\"twitter:card\" content=\"summary_large_image\" \/>\n<meta name=\"twitter:label1\" content=\"Est. tempo de leitura\" \/>\n\t<meta name=\"twitter:data1\" content=\"1 minuto\" \/>\n<script type=\"application\/ld+json\" class=\"yoast-schema-graph\">{\"@context\":\"https:\/\/schema.org\",\"@graph\":[{\"@type\":\"WebPage\",\"@id\":\"https:\/\/www.eurotherm.com\/pt-br\/services\/eurotherm-itools-release-notes\/\",\"url\":\"https:\/\/www.eurotherm.com\/pt-br\/services\/eurotherm-itools-release-notes\/\",\"name\":\"Eurotherm iTools Version 9.87 Release notes | Eurotherm Limited\",\"isPartOf\":{\"@id\":\"https:\/\/www.eurotherm.com\/pt-br\/#website\"},\"datePublished\":\"2018-11-23T08:34:36+00:00\",\"dateModified\":\"2024-05-08T08:45:20+00:00\",\"breadcrumb\":{\"@id\":\"https:\/\/www.eurotherm.com\/pt-br\/services\/eurotherm-itools-release-notes\/#breadcrumb\"},\"inLanguage\":\"pt-BR\",\"potentialAction\":[{\"@type\":\"ReadAction\",\"target\":[\"https:\/\/www.eurotherm.com\/pt-br\/services\/eurotherm-itools-release-notes\/\"]}]},{\"@type\":\"BreadcrumbList\",\"@id\":\"https:\/\/www.eurotherm.com\/pt-br\/services\/eurotherm-itools-release-notes\/#breadcrumb\",\"itemListElement\":[{\"@type\":\"ListItem\",\"position\":1,\"name\":\"Home\",\"item\":\"https:\/\/www.eurotherm.com\/pt-br\/\"},{\"@type\":\"ListItem\",\"position\":2,\"name\":\"Servi\u00e7os de automa\u00e7\u00e3o industrial\",\"item\":\"https:\/\/www.eurotherm.com\/pt-br\/services\/\"},{\"@type\":\"ListItem\",\"position\":3,\"name\":\"Eurotherm iTools Version 9.87 Release notes\"}]},{\"@type\":\"WebSite\",\"@id\":\"https:\/\/www.eurotherm.com\/pt-br\/#website\",\"url\":\"https:\/\/www.eurotherm.com\/pt-br\/\",\"name\":\"Eurotherm Limited\",\"description\":\"Temperature Control, Process Control, Measurement and Data Recording Solutions\",\"potentialAction\":[{\"@type\":\"SearchAction\",\"target\":{\"@type\":\"EntryPoint\",\"urlTemplate\":\"https:\/\/www.eurotherm.com\/pt-br\/?s={search_term_string}\"},\"query-input\":{\"@type\":\"PropertyValueSpecification\",\"valueRequired\":true,\"valueName\":\"search_term_string\"}}],\"inLanguage\":\"pt-BR\"}]}<\/script>\n<!-- \/ Yoast SEO plugin. -->","yoast_head_json":{"title":"Eurotherm iTools Version 9.87 Release notes | Eurotherm Limited","description":"Eurotherm iTools Version 9.87 Release notes | Read the latest IDM Update for iTools release note &lt;\/","robots":{"index":"index","follow":"follow","max-snippet":"max-snippet:-1","max-image-preview":"max-image-preview:large","max-video-preview":"max-video-preview:-1"},"og_locale":"pt_BR","og_type":"article","og_title":"Eurotherm iTools Version 9.87 Release notes | Eurotherm Limited","og_description":"Read the latest IDM Update for iTools release note","og_url":"https:\/\/www.eurotherm.com\/pt-br\/services\/eurotherm-itools-release-notes\/","og_site_name":"Eurotherm Limited","article_modified_time":"2024-05-08T08:45:20+00:00","twitter_card":"summary_large_image","twitter_misc":{"Est. tempo de leitura":"1 minuto"},"schema":{"@context":"https:\/\/schema.org","@graph":[{"@type":"WebPage","@id":"https:\/\/www.eurotherm.com\/pt-br\/services\/eurotherm-itools-release-notes\/","url":"https:\/\/www.eurotherm.com\/pt-br\/services\/eurotherm-itools-release-notes\/","name":"Eurotherm iTools Version 9.87 Release notes | Eurotherm Limited","isPartOf":{"@id":"https:\/\/www.eurotherm.com\/pt-br\/#website"},"datePublished":"2018-11-23T08:34:36+00:00","dateModified":"2024-05-08T08:45:20+00:00","breadcrumb":{"@id":"https:\/\/www.eurotherm.com\/pt-br\/services\/eurotherm-itools-release-notes\/#breadcrumb"},"inLanguage":"pt-BR","potentialAction":[{"@type":"ReadAction","target":["https:\/\/www.eurotherm.com\/pt-br\/services\/eurotherm-itools-release-notes\/"]}]},{"@type":"BreadcrumbList","@id":"https:\/\/www.eurotherm.com\/pt-br\/services\/eurotherm-itools-release-notes\/#breadcrumb","itemListElement":[{"@type":"ListItem","position":1,"name":"Home","item":"https:\/\/www.eurotherm.com\/pt-br\/"},{"@type":"ListItem","position":2,"name":"Servi\u00e7os de automa\u00e7\u00e3o industrial","item":"https:\/\/www.eurotherm.com\/pt-br\/services\/"},{"@type":"ListItem","position":3,"name":"Eurotherm iTools Version 9.87 Release notes"}]},{"@type":"WebSite","@id":"https:\/\/www.eurotherm.com\/pt-br\/#website","url":"https:\/\/www.eurotherm.com\/pt-br\/","name":"Eurotherm Limited","description":"Temperature Control, Process Control, Measurement and Data Recording Solutions","potentialAction":[{"@type":"SearchAction","target":{"@type":"EntryPoint","urlTemplate":"https:\/\/www.eurotherm.com\/pt-br\/?s={search_term_string}"},"query-input":{"@type":"PropertyValueSpecification","valueRequired":true,"valueName":"search_term_string"}}],"inLanguage":"pt-BR"}]}},"ACF":{"related_products":[77614,77617,77618],"show_sidebar":false,"display_accreditations":false},"jetpack_sharing_enabled":true,"_links":{"self":[{"href":"https:\/\/www.eurotherm.com\/pt-br\/wp-json\/wp\/v2\/pages\/76898","targetHints":{"allow":["GET"]}}],"collection":[{"href":"https:\/\/www.eurotherm.com\/pt-br\/wp-json\/wp\/v2\/pages"}],"about":[{"href":"https:\/\/www.eurotherm.com\/pt-br\/wp-json\/wp\/v2\/types\/page"}],"author":[{"embeddable":true,"href":"https:\/\/www.eurotherm.com\/pt-br\/wp-json\/wp\/v2\/users\/3"}],"replies":[{"embeddable":true,"href":"https:\/\/www.eurotherm.com\/pt-br\/wp-json\/wp\/v2\/comments?post=76898"}],"version-history":[{"count":16,"href":"https:\/\/www.eurotherm.com\/pt-br\/wp-json\/wp\/v2\/pages\/76898\/revisions"}],"predecessor-version":[{"id":153008,"href":"https:\/\/www.eurotherm.com\/pt-br\/wp-json\/wp\/v2\/pages\/76898\/revisions\/153008"}],"up":[{"embeddable":true,"href":"https:\/\/www.eurotherm.com\/pt-br\/wp-json\/wp\/v2\/pages\/76928"}],"wp:attachment":[{"href":"https:\/\/www.eurotherm.com\/pt-br\/wp-json\/wp\/v2\/media?parent=76898"}],"curies":[{"name":"wp","href":"https:\/\/api.w.org\/{rel}","templated":true}]}}