{"id":76833,"date":"2018-12-04T10:21:25","date_gmt":"2018-12-04T10:21:25","guid":{"rendered":"https:\/\/eurothermdev.co.uk\/about-eurotherm\/company-profile\/"},"modified":"2022-11-08T23:47:55","modified_gmt":"2022-11-08T15:47:55","slug":"company-profile","status":"publish","type":"page","link":"https:\/\/www.eurotherm.com\/pt-br\/about-eurotherm\/company-profile\/","title":{"rendered":"Perfil da companhia"},"content":{"rendered":"","protected":false},"excerpt":{"rendered":"","protected":false},"author":3,"featured_media":0,"parent":76812,"menu_order":0,"comment_status":"closed","ping_status":"closed","template":"","meta":{"_acf_changed":false,"footnotes":""},"class_list":["post-76833","page","type-page","status-publish","hentry"],"acf":[],"yoast_head":"<!-- This site is optimized with the Yoast SEO plugin v27.2 - https:\/\/yoast.com\/product\/yoast-seo-wordpress\/ -->\n<title>Perfil da companhia | Eurotherm Limited<\/title>\n<meta name=\"description\" content=\"Perfil da companhia | Eurotherm\" \/>\n<meta name=\"robots\" content=\"index, follow, max-snippet:-1, max-image-preview:large, max-video-preview:-1\" \/>\n<meta property=\"og:locale\" content=\"pt_BR\" \/>\n<meta property=\"og:type\" content=\"article\" \/>\n<meta property=\"og:title\" content=\"Perfil da companhia | Eurotherm Limited\" \/>\n<meta property=\"og:url\" content=\"https:\/\/www.eurotherm.com\/pt-br\/about-eurotherm\/company-profile\/\" \/>\n<meta property=\"og:site_name\" content=\"Eurotherm Limited\" \/>\n<meta property=\"article:modified_time\" content=\"2022-11-08T15:47:55+00:00\" \/>\n<meta name=\"twitter:card\" content=\"summary_large_image\" \/>\n<script type=\"application\/ld+json\" class=\"yoast-schema-graph\">{\"@context\":\"https:\/\/schema.org\",\"@graph\":[{\"@type\":\"WebPage\",\"@id\":\"https:\/\/www.eurotherm.com\/pt-br\/about-eurotherm\/company-profile\/\",\"url\":\"https:\/\/www.eurotherm.com\/pt-br\/about-eurotherm\/company-profile\/\",\"name\":\"Perfil da companhia | Eurotherm Limited\",\"isPartOf\":{\"@id\":\"https:\/\/www.eurotherm.com\/pt-br\/#website\"},\"datePublished\":\"2018-12-04T10:21:25+00:00\",\"dateModified\":\"2022-11-08T15:47:55+00:00\",\"breadcrumb\":{\"@id\":\"https:\/\/www.eurotherm.com\/pt-br\/about-eurotherm\/company-profile\/#breadcrumb\"},\"inLanguage\":\"pt-BR\",\"potentialAction\":[{\"@type\":\"ReadAction\",\"target\":[\"https:\/\/www.eurotherm.com\/pt-br\/about-eurotherm\/company-profile\/\"]}]},{\"@type\":\"BreadcrumbList\",\"@id\":\"https:\/\/www.eurotherm.com\/pt-br\/about-eurotherm\/company-profile\/#breadcrumb\",\"itemListElement\":[{\"@type\":\"ListItem\",\"position\":1,\"name\":\"Home\",\"item\":\"https:\/\/www.eurotherm.com\/pt-br\/\"},{\"@type\":\"ListItem\",\"position\":2,\"name\":\"Sobre Eurotherm\",\"item\":\"https:\/\/www.eurotherm.com\/pt-br\/about-eurotherm\/\"},{\"@type\":\"ListItem\",\"position\":3,\"name\":\"Perfil da companhia\"}]},{\"@type\":\"WebSite\",\"@id\":\"https:\/\/www.eurotherm.com\/pt-br\/#website\",\"url\":\"https:\/\/www.eurotherm.com\/pt-br\/\",\"name\":\"Eurotherm Limited\",\"description\":\"Temperature Control, Process Control, Measurement and Data Recording Solutions\",\"potentialAction\":[{\"@type\":\"SearchAction\",\"target\":{\"@type\":\"EntryPoint\",\"urlTemplate\":\"https:\/\/www.eurotherm.com\/pt-br\/?s={search_term_string}\"},\"query-input\":{\"@type\":\"PropertyValueSpecification\",\"valueRequired\":true,\"valueName\":\"search_term_string\"}}],\"inLanguage\":\"pt-BR\"}]}<\/script>\n<!-- \/ Yoast SEO plugin. -->","yoast_head_json":{"title":"Perfil da companhia | Eurotherm Limited","description":"Perfil da companhia | Eurotherm","robots":{"index":"index","follow":"follow","max-snippet":"max-snippet:-1","max-image-preview":"max-image-preview:large","max-video-preview":"max-video-preview:-1"},"og_locale":"pt_BR","og_type":"article","og_title":"Perfil da companhia | Eurotherm Limited","og_url":"https:\/\/www.eurotherm.com\/pt-br\/about-eurotherm\/company-profile\/","og_site_name":"Eurotherm Limited","article_modified_time":"2022-11-08T15:47:55+00:00","twitter_card":"summary_large_image","schema":{"@context":"https:\/\/schema.org","@graph":[{"@type":"WebPage","@id":"https:\/\/www.eurotherm.com\/pt-br\/about-eurotherm\/company-profile\/","url":"https:\/\/www.eurotherm.com\/pt-br\/about-eurotherm\/company-profile\/","name":"Perfil da companhia | Eurotherm Limited","isPartOf":{"@id":"https:\/\/www.eurotherm.com\/pt-br\/#website"},"datePublished":"2018-12-04T10:21:25+00:00","dateModified":"2022-11-08T15:47:55+00:00","breadcrumb":{"@id":"https:\/\/www.eurotherm.com\/pt-br\/about-eurotherm\/company-profile\/#breadcrumb"},"inLanguage":"pt-BR","potentialAction":[{"@type":"ReadAction","target":["https:\/\/www.eurotherm.com\/pt-br\/about-eurotherm\/company-profile\/"]}]},{"@type":"BreadcrumbList","@id":"https:\/\/www.eurotherm.com\/pt-br\/about-eurotherm\/company-profile\/#breadcrumb","itemListElement":[{"@type":"ListItem","position":1,"name":"Home","item":"https:\/\/www.eurotherm.com\/pt-br\/"},{"@type":"ListItem","position":2,"name":"Sobre Eurotherm","item":"https:\/\/www.eurotherm.com\/pt-br\/about-eurotherm\/"},{"@type":"ListItem","position":3,"name":"Perfil da companhia"}]},{"@type":"WebSite","@id":"https:\/\/www.eurotherm.com\/pt-br\/#website","url":"https:\/\/www.eurotherm.com\/pt-br\/","name":"Eurotherm Limited","description":"Temperature Control, Process Control, Measurement and Data Recording Solutions","potentialAction":[{"@type":"SearchAction","target":{"@type":"EntryPoint","urlTemplate":"https:\/\/www.eurotherm.com\/pt-br\/?s={search_term_string}"},"query-input":{"@type":"PropertyValueSpecification","valueRequired":true,"valueName":"search_term_string"}}],"inLanguage":"pt-BR"}]}},"ACF":{"display_accreditations":false,"flexible_content":[{"acf_fc_layout":"full_width_image_header","header_textarea":"<h1>Perfil da companhia<\/h1>\n<p>A Eurotherm oferece suporte aos nossos clientes com conhecimento e experi\u00eancia especializados para alcan\u00e7ar a excel\u00eancia do processo.<\/p>\n","background_image":{"ID":78056,"id":78056,"title":"_0002_iStock-819734684","filename":"0002_iStock-819734684.jpg","filesize":211702,"url":"https:\/\/www.eurotherm.com\/wp-content\/uploads\/2019\/03\/0002_iStock-819734684.jpg","link":"https:\/\/www.eurotherm.com\/pt-br\/about-eurotherm\/company-profile\/attachment\/_0002_istock-819734684\/","alt":"","author":"3","description":"","caption":"","name":"_0002_istock-819734684","status":"inherit","uploaded_to":76833,"date":"2019-03-04 18:50:00","modified":"2019-03-04 18:50:00","menu_order":0,"mime_type":"image\/jpeg","type":"image","subtype":"jpeg","icon":"https:\/\/www.eurotherm.com\/wp-includes\/images\/media\/default.png","width":1920,"height":450,"sizes":{"thumbnail":"https:\/\/www.eurotherm.com\/wp-content\/uploads\/2019\/03\/0002_iStock-819734684-150x150.jpg","thumbnail-width":150,"thumbnail-height":150,"medium":"https:\/\/www.eurotherm.com\/wp-content\/uploads\/2019\/03\/0002_iStock-819734684-300x70.jpg","medium-width":300,"medium-height":70,"medium_large":"https:\/\/www.eurotherm.com\/wp-content\/uploads\/2019\/03\/0002_iStock-819734684-768x180.jpg","medium_large-width":768,"medium_large-height":180,"large":"https:\/\/www.eurotherm.com\/wp-content\/uploads\/2019\/03\/0002_iStock-819734684-1024x240.jpg","large-width":1024,"large-height":240,"1536x1536":"https:\/\/www.eurotherm.com\/wp-content\/uploads\/2019\/03\/0002_iStock-819734684.jpg","1536x1536-width":1536,"1536x1536-height":360,"2048x2048":"https:\/\/www.eurotherm.com\/wp-content\/uploads\/2019\/03\/0002_iStock-819734684.jpg","2048x2048-width":1920,"2048x2048-height":450,"woocommerce_thumbnail":"https:\/\/www.eurotherm.com\/wp-content\/uploads\/2019\/03\/0002_iStock-819734684-300x300.jpg","woocommerce_thumbnail-width":300,"woocommerce_thumbnail-height":300,"woocommerce_single":"https:\/\/www.eurotherm.com\/wp-content\/uploads\/2019\/03\/0002_iStock-819734684-600x141.jpg","woocommerce_single-width":600,"woocommerce_single-height":141,"woocommerce_gallery_thumbnail":"https:\/\/www.eurotherm.com\/wp-content\/uploads\/2019\/03\/0002_iStock-819734684-100x100.jpg","woocommerce_gallery_thumbnail-width":100,"woocommerce_gallery_thumbnail-height":100}},"header_buttons":false},{"acf_fc_layout":"internal_nav_basic","navigation":[{"nav_link":"#whatwedo","nav_text":"> O que fazemos"},{"nav_link":"#success","nav_text":"> Hist\u00f3rias de Sucesso"},{"nav_link":"#events","nav_text":"> Eventos"},{"nav_link":"#directory","nav_text":"> Diret\u00f3rio Global (mundial)"},{"nav_link":"#about","nav_text":"> Sobre n\u00f3s"},{"nav_link":"https:\/\/www.eurotherm.com\/pt-br\/50-2\/","nav_text":"> +50 anos de inova\u00e7\u00e3o"}]},{"acf_fc_layout":"half_image_-_half_text","image":{"ID":78055,"id":78055,"title":"169263628-900x500","filename":"169263628-900x500.jpg","filesize":48263,"url":"https:\/\/www.eurotherm.com\/wp-content\/uploads\/2019\/02\/169263628-900x500.jpg","link":"https:\/\/www.eurotherm.com\/pt-br\/about-eurotherm\/company-profile\/attachment\/169263628-900x500-2\/","alt":"","author":"3","description":"","caption":"","name":"169263628-900x500-2","status":"inherit","uploaded_to":76833,"date":"2019-02-03 13:53:23","modified":"2019-02-03 13:53:23","menu_order":0,"mime_type":"image\/jpeg","type":"image","subtype":"jpeg","icon":"https:\/\/www.eurotherm.com\/wp-includes\/images\/media\/default.png","width":900,"height":500,"sizes":{"thumbnail":"https:\/\/www.eurotherm.com\/wp-content\/uploads\/2019\/02\/169263628-900x500-150x150.jpg","thumbnail-width":150,"thumbnail-height":150,"medium":"https:\/\/www.eurotherm.com\/wp-content\/uploads\/2019\/02\/169263628-900x500-300x167.jpg","medium-width":300,"medium-height":167,"medium_large":"https:\/\/www.eurotherm.com\/wp-content\/uploads\/2019\/02\/169263628-900x500-768x427.jpg","medium_large-width":768,"medium_large-height":427,"large":"https:\/\/www.eurotherm.com\/wp-content\/uploads\/2019\/02\/169263628-900x500.jpg","large-width":900,"large-height":500,"1536x1536":"https:\/\/www.eurotherm.com\/wp-content\/uploads\/2019\/02\/169263628-900x500.jpg","1536x1536-width":900,"1536x1536-height":500,"2048x2048":"https:\/\/www.eurotherm.com\/wp-content\/uploads\/2019\/02\/169263628-900x500.jpg","2048x2048-width":900,"2048x2048-height":500,"woocommerce_thumbnail":"https:\/\/www.eurotherm.com\/wp-content\/uploads\/2019\/02\/169263628-900x500-300x300.jpg","woocommerce_thumbnail-width":300,"woocommerce_thumbnail-height":300,"woocommerce_single":"https:\/\/www.eurotherm.com\/wp-content\/uploads\/2019\/02\/169263628-900x500-768x427.jpg","woocommerce_single-width":600,"woocommerce_single-height":334,"woocommerce_gallery_thumbnail":"https:\/\/www.eurotherm.com\/wp-content\/uploads\/2019\/02\/169263628-900x500-100x100.jpg","woocommerce_gallery_thumbnail-width":100,"woocommerce_gallery_thumbnail-height":100}},"image_caption_alt":"","textarea":"<h2 id=\"whatwedo\">O que fazemos na Eurotherm<\/h2>\n<p>Como \u201cconsultores confi\u00e1veis\u201d, apoiamos apaixonadamente nossos clientes com conhecimento e experi\u00eancia especializada para atingir a excel\u00eancia do processo por meio da efici\u00eancia da automa\u00e7\u00e3o de m\u00e1quinas e da conformidade regulat\u00f3ria.<\/p>\n","lay_eight_button_link":"https:\/\/www.eurotherm.com\/pt-br\/eurotherm-products\/","lay_eight_button_text":"Saber mais"},{"acf_fc_layout":"half_text_-_half_image","textarea":"<h2>Eurotherm junta-se a Watlow<\/h2>\n<h3>Sobre Watlow<\/h3>\n<p>Watlow \u00e9 uma tecnologia industrial global e l\u00edder de fabrica\u00e7\u00e3o que fornece experi\u00eancia em engenharia de classe mundial e produtos e sistemas t\u00e9rmicos inovadores para v\u00e1rios setores. A empresa det\u00e9m mais de 1.000 patentes e emprega mais de 4.800 membros da equipe trabalhando em 13 f\u00e1bricas e sete centros de tecnologia e desenvolvimento avan\u00e7ados nos Estados Unidos, M\u00e9xico, Europa e \u00c1sia. Watlow continua a crescer enquanto o compromisso permanece o mesmo \u2013 fornecer produtos e servi\u00e7os superiores que permitam que seus clientes prosperem.<\/p>\n","lay_seven_button_link":null,"lay_seven_button_text":"Saiba mais","limage":{"ID":138425,"id":138425,"title":"Industrial_Watlow-Electric-crop","filename":"Industrial_Watlow-Electric-crop.jpg","filesize":754474,"url":"https:\/\/www.eurotherm.com\/wp-content\/uploads\/2022\/11\/Industrial_Watlow-Electric-crop.jpg","link":"https:\/\/www.eurotherm.com\/pt-br\/about-eurotherm\/company-profile\/attachment\/industrial_watlow-electric-crop-2\/","alt":"","author":"4","description":"","caption":"","name":"industrial_watlow-electric-crop-2","status":"inherit","uploaded_to":76833,"date":"2022-11-01 15:35:33","modified":"2022-11-01 15:35:33","menu_order":0,"mime_type":"image\/jpeg","type":"image","subtype":"jpeg","icon":"https:\/\/www.eurotherm.com\/wp-includes\/images\/media\/default.png","width":1920,"height":1067,"sizes":{"thumbnail":"https:\/\/www.eurotherm.com\/wp-content\/uploads\/2022\/11\/Industrial_Watlow-Electric-crop-150x150.jpg","thumbnail-width":150,"thumbnail-height":150,"medium":"https:\/\/www.eurotherm.com\/wp-content\/uploads\/2022\/11\/Industrial_Watlow-Electric-crop-300x167.jpg","medium-width":300,"medium-height":167,"medium_large":"https:\/\/www.eurotherm.com\/wp-content\/uploads\/2022\/11\/Industrial_Watlow-Electric-crop-768x427.jpg","medium_large-width":768,"medium_large-height":427,"large":"https:\/\/www.eurotherm.com\/wp-content\/uploads\/2022\/11\/Industrial_Watlow-Electric-crop-1024x569.jpg","large-width":1024,"large-height":569,"1536x1536":"https:\/\/www.eurotherm.com\/wp-content\/uploads\/2022\/11\/Industrial_Watlow-Electric-crop-1536x854.jpg","1536x1536-width":1536,"1536x1536-height":854,"2048x2048":"https:\/\/www.eurotherm.com\/wp-content\/uploads\/2022\/11\/Industrial_Watlow-Electric-crop.jpg","2048x2048-width":1920,"2048x2048-height":1067,"woocommerce_thumbnail":"https:\/\/www.eurotherm.com\/wp-content\/uploads\/2022\/11\/Industrial_Watlow-Electric-crop-300x300.jpg","woocommerce_thumbnail-width":300,"woocommerce_thumbnail-height":300,"woocommerce_single":"https:\/\/www.eurotherm.com\/wp-content\/uploads\/2022\/11\/Industrial_Watlow-Electric-crop-600x333.jpg","woocommerce_single-width":600,"woocommerce_single-height":333,"woocommerce_gallery_thumbnail":"https:\/\/www.eurotherm.com\/wp-content\/uploads\/2022\/11\/Industrial_Watlow-Electric-crop-100x100.jpg","woocommerce_gallery_thumbnail-width":100,"woocommerce_gallery_thumbnail-height":100}},"limage_image_caption":""},{"acf_fc_layout":"half_image_-_half_text","image":{"ID":78052,"id":78052,"title":"189820403-900x500","filename":"189820403-900x500.jpg","filesize":47105,"url":"https:\/\/www.eurotherm.com\/wp-content\/uploads\/2018\/12\/189820403-900x500.jpg","link":"https:\/\/www.eurotherm.com\/pt-br\/about-eurotherm\/company-profile\/attachment\/189820403-900x500\/","alt":"","author":"3","description":"","caption":"","name":"189820403-900x500","status":"inherit","uploaded_to":76833,"date":"2018-12-04 10:37:50","modified":"2018-12-04 10:37:50","menu_order":0,"mime_type":"image\/jpeg","type":"image","subtype":"jpeg","icon":"https:\/\/www.eurotherm.com\/wp-includes\/images\/media\/default.png","width":900,"height":500,"sizes":{"thumbnail":"https:\/\/www.eurotherm.com\/wp-content\/uploads\/2018\/12\/189820403-900x500-150x150.jpg","thumbnail-width":150,"thumbnail-height":150,"medium":"https:\/\/www.eurotherm.com\/wp-content\/uploads\/2018\/12\/189820403-900x500-300x167.jpg","medium-width":300,"medium-height":167,"medium_large":"https:\/\/www.eurotherm.com\/wp-content\/uploads\/2018\/12\/189820403-900x500-768x427.jpg","medium_large-width":768,"medium_large-height":427,"large":"https:\/\/www.eurotherm.com\/wp-content\/uploads\/2018\/12\/189820403-900x500.jpg","large-width":900,"large-height":500,"1536x1536":"https:\/\/www.eurotherm.com\/wp-content\/uploads\/2018\/12\/189820403-900x500.jpg","1536x1536-width":900,"1536x1536-height":500,"2048x2048":"https:\/\/www.eurotherm.com\/wp-content\/uploads\/2018\/12\/189820403-900x500.jpg","2048x2048-width":900,"2048x2048-height":500,"woocommerce_thumbnail":"https:\/\/www.eurotherm.com\/wp-content\/uploads\/2018\/12\/189820403-900x500-300x300.jpg","woocommerce_thumbnail-width":300,"woocommerce_thumbnail-height":300,"woocommerce_single":"https:\/\/www.eurotherm.com\/wp-content\/uploads\/2018\/12\/189820403-900x500-768x427.jpg","woocommerce_single-width":600,"woocommerce_single-height":334,"woocommerce_gallery_thumbnail":"https:\/\/www.eurotherm.com\/wp-content\/uploads\/2018\/12\/189820403-900x500-100x100.jpg","woocommerce_gallery_thumbnail-width":100,"woocommerce_gallery_thumbnail-height":100}},"image_caption_alt":"","textarea":"<h2 id=\"success\">Estudos de Caso Eurotherm<\/h2>\n<p>Explore uma s\u00e9rie de hist\u00f3rias de sucesso e estudos de caso em que a Eurotherm bySchneider Electric ajudou a revolucionar as ind\u00fastrias que se especializam.<\/p>\n","lay_eight_button_link":"\/case-studies\/","lay_eight_button_text":"Descubra nossos sucessos"},{"acf_fc_layout":"dark_column_block","dark_text_block":"<h1 id=\"events\">Pr\u00f3ximos eventos da Eurotherm<\/h1>\n<p>Descubra nossos pr\u00f3ximos eventos,webinars e onde voc\u00ea pode conhecer e conversar conosco parasabermais sobre nossas solu\u00e7\u00f5es completas.<\/p>\n","dark_background_image":{"ID":78057,"id":78057,"title":"42-52290400_CMYK","filename":"42-52290400_CMYK.jpg","filesize":295852,"url":"https:\/\/www.eurotherm.com\/wp-content\/uploads\/2018\/11\/42-52290400_CMYK.jpg","link":"https:\/\/www.eurotherm.com\/pt-br\/about-eurotherm\/company-profile\/attachment\/42-52290400_cmyk\/","alt":"","author":"3","description":"","caption":"","name":"42-52290400_cmyk","status":"inherit","uploaded_to":76833,"date":"2018-11-28 14:41:05","modified":"2018-11-28 14:41:05","menu_order":0,"mime_type":"image\/jpeg","type":"image","subtype":"jpeg","icon":"https:\/\/www.eurotherm.com\/wp-includes\/images\/media\/default.png","width":833,"height":833,"sizes":{"thumbnail":"https:\/\/www.eurotherm.com\/wp-content\/uploads\/2018\/11\/42-52290400_CMYK-150x150.jpg","thumbnail-width":150,"thumbnail-height":150,"medium":"https:\/\/www.eurotherm.com\/wp-content\/uploads\/2018\/11\/42-52290400_CMYK-300x300.jpg","medium-width":300,"medium-height":300,"medium_large":"https:\/\/www.eurotherm.com\/wp-content\/uploads\/2018\/11\/42-52290400_CMYK-768x768.jpg","medium_large-width":768,"medium_large-height":768,"large":"https:\/\/www.eurotherm.com\/wp-content\/uploads\/2018\/11\/42-52290400_CMYK.jpg","large-width":833,"large-height":833,"1536x1536":"https:\/\/www.eurotherm.com\/wp-content\/uploads\/2018\/11\/42-52290400_CMYK.jpg","1536x1536-width":833,"1536x1536-height":833,"2048x2048":"https:\/\/www.eurotherm.com\/wp-content\/uploads\/2018\/11\/42-52290400_CMYK.jpg","2048x2048-width":833,"2048x2048-height":833,"woocommerce_thumbnail":"https:\/\/www.eurotherm.com\/wp-content\/uploads\/2018\/11\/42-52290400_CMYK-300x300.jpg","woocommerce_thumbnail-width":300,"woocommerce_thumbnail-height":300,"woocommerce_single":"https:\/\/www.eurotherm.com\/wp-content\/uploads\/2018\/11\/42-52290400_CMYK-768x768.jpg","woocommerce_single-width":600,"woocommerce_single-height":600,"woocommerce_gallery_thumbnail":"https:\/\/www.eurotherm.com\/wp-content\/uploads\/2018\/11\/42-52290400_CMYK-100x100.jpg","woocommerce_gallery_thumbnail-width":100,"woocommerce_gallery_thumbnail-height":100}},"dark_buttons":[{"dark_button_link":"https:\/\/www.eurotherm.com\/pt-br\/events\/","dark_button_text":"Pr\u00f3ximos eventos e webinars"}],"dark_reduce_padding":false,"dark_reduce_text_width":false},{"acf_fc_layout":"full_width_text_block","full_text_block":"<h1 id=\"about\">Sobre a Eurotherm<\/h1>\n<h2 class=\"p2\">Inovadores, resistentes, produtos altamente configur\u00e1veis, servi\u00e7os e sistemas<\/h2>\n","button_link":"https:\/\/www.eurotherm.com\/pt-br\/about-eurotherm\/","button_text":"Sobre Eurotherm","remove_top_margin":false,"remove_bottom_margin":false},{"acf_fc_layout":"3_column_block_areas","three_blocks_activate_card_mode":false,"custom_section_id":"","three_blocks":[{"three_featured_image":false,"small_featured_image_alt":false,"three_text_block":"<h2 id=\"projects\">Produtos<\/h2>\n<p><a href=\"https:\/\/www.eurotherm.com\/pt-br\/eurotherm-products\/temperature-controllers\/\">&gt; Controle de Tempertura<\/a><br \/>\n<a href=\"https:\/\/www.eurotherm.com\/pt-br\/eurotherm-products\/recorders-and-data-acquisition\/\">&gt; Registradores de Dados<\/a><br \/>\n<a href=\"https:\/\/www.eurotherm.com\/pt-br\/eurotherm-products\/recorders-and-data-acquisition\/\">&gt; Aquisitores de Dados<\/a><br \/>\n<a href=\"https:\/\/www.eurotherm.com\/pt-br\/services\/eos-advisor\/\">&gt; Gerenciamento de Dados<\/a><br \/>\n<a href=\"https:\/\/www.eurotherm.com\/pt-br\/eurotherm-products\/power-control\/\">&gt; Controladores de Pot\u00eancia<\/a><br \/>\n<a href=\"https:\/\/www.eurotherm.com\/pt-br\/eurotherm-products\/i-o-signal-conditioning\/\">&gt; Condicionadores de Sinais<\/a><br \/>\n<a href=\"https:\/\/www.eurotherm.com\/pt-br\/eurotherm-products\/power-control\/zelio-solid-state-relays-ssrs\/\">&gt; Rel\u00e9s de Estado S\u00f3lido<\/a><br \/>\n<a href=\"https:\/\/www.eurotherm.com\/pt-br\/about-eurotherm\/company-profile\/\">&gt; Produtos OEM Customizados<\/a><\/p>\n<p>&nbsp;<\/p>\n","three_col_contact_form_instead_of_link":false,"three_col_button_link":null,"three_col_button_text":"","three_col_shortcode":"","three_col_open_in_new_tab":false},{"three_featured_image":false,"small_featured_image_alt":false,"three_text_block":"<h2>Servi\u00e7os<\/h2>\n<p><a href=\"https:\/\/www.eurotherm.com\/pt-br\/services\/\">&gt; Servi\u00e7os de base instalados<\/a><br \/>\n<a href=\"https:\/\/www.eurotherm.com\/pt-br\/services\/eos-advisor\/\">&gt; Digitaliza\u00e7\u00e3o (EcoStruxure Manufacturing Compliance Advisor)<\/a><br \/>\n<a href=\"https:\/\/www.eurotherm.com\/pt-br\/services\/\">&gt; Consultoria relacionada ao projeto<\/a><br \/>\n<a href=\"https:\/\/www.eurotherm.com\/pt-br\/services\/technical-remote-on-site-support-training\/service-level-agreements-sla\/\">&gt; Sistema de Projeto (SLA)<\/a><br \/>\n<a href=\"https:\/\/www.eurotherm.com\/pt-br\/services\/accreditation-services\/\">&gt; Calibra\u00e7\u00e3o<\/a><br \/>\n<a href=\"https:\/\/www.eurotherm.com\/pt-br\/optimizing-efficiency-and-regulatory-compliance-eplc\/\">&gt; Otimiza\u00e7\u00e3o<\/a><\/p>\n<p>&nbsp;<\/p>\n","three_col_contact_form_instead_of_link":false,"three_col_button_link":null,"three_col_button_text":"","three_col_shortcode":"","three_col_open_in_new_tab":false},{"three_featured_image":false,"small_featured_image_alt":false,"three_text_block":"<h2>Sistemas\/Solu\u00e7\u00f5es<\/h2>\n<p><a href=\"https:\/\/www.eurotherm.com\/pt-br\/solutions\/\">&gt; Usu\u00e1rio final<\/a><br \/>\n<a href=\"https:\/\/www.eurotherm.com\/pt-br\/solutions\/\">&gt; Contas chave<\/a><br \/>\n<a href=\"https:\/\/www.eurotherm.com\/pt-br\/solutions\/\">&gt; Solu\u00e7\u00f5es OEM<\/a><br \/>\n<a href=\"https:\/\/www.eurotherm.com\/pt-br\/solutions\/\">&gt; Integradores de sistema<\/a><br \/>\n<a href=\"https:\/\/www.eurotherm.com\/pt-br\/solutions\/\">&gt; Produtos de Sistema (PAC, MACO)<\/a><br \/>\n<a href=\"https:\/\/www.eurotherm.com\/pt-br\/solutions\/\">&gt; Consultoria Pr\u00e9-Vendas<\/a><br \/>\n<a href=\"https:\/\/www.eurotherm.com\/pt-br\/solutions\/\">&gt; Entrega p\u00f3s-venda<\/a><br \/>\n<a href=\"https:\/\/www.eurotherm.com\/pt-br\/solutions\/\">&gt; Servi\u00e7o de tempo de vida<\/a><br \/>\n<a href=\"https:\/\/www.eurotherm.com\/pt-br\/solutions\/\">&gt; Software Industrial<\/a><\/p>\n<p>&nbsp;<\/p>\n","three_col_contact_form_instead_of_link":false,"three_col_button_link":null,"three_col_button_text":"","three_col_shortcode":"","three_col_open_in_new_tab":false}]},{"acf_fc_layout":"dark_column_block","dark_text_block":"<h2 class=\"et_pb_module_header id=\">50 anos de inova\u00e7\u00e3o<\/h2>\n","dark_background_image":{"ID":118169,"id":118169,"title":"innovation 3","filename":"innovation-3.jpg","filesize":47864,"url":"https:\/\/www.eurotherm.com\/wp-content\/uploads\/2021\/07\/innovation-3.jpg","link":"https:\/\/www.eurotherm.com\/pt-br\/about-eurotherm\/company-profile\/attachment\/innovation-3-2\/","alt":"Eurotherm_50 Years of innovation","author":"3","description":"","caption":"","name":"innovation-3-2","status":"inherit","uploaded_to":76833,"date":"2021-07-01 13:17:05","modified":"2021-07-01 13:24:16","menu_order":0,"mime_type":"image\/jpeg","type":"image","subtype":"jpeg","icon":"https:\/\/www.eurotherm.com\/wp-includes\/images\/media\/default.png","width":1000,"height":258,"sizes":{"thumbnail":"https:\/\/www.eurotherm.com\/wp-content\/uploads\/2021\/07\/innovation-3-150x150.jpg","thumbnail-width":150,"thumbnail-height":150,"medium":"https:\/\/www.eurotherm.com\/wp-content\/uploads\/2021\/07\/innovation-3-300x77.jpg","medium-width":300,"medium-height":77,"medium_large":"https:\/\/www.eurotherm.com\/wp-content\/uploads\/2021\/07\/innovation-3-768x198.jpg","medium_large-width":768,"medium_large-height":198,"large":"https:\/\/www.eurotherm.com\/wp-content\/uploads\/2021\/07\/innovation-3.jpg","large-width":1000,"large-height":258,"1536x1536":"https:\/\/www.eurotherm.com\/wp-content\/uploads\/2021\/07\/innovation-3.jpg","1536x1536-width":1000,"1536x1536-height":258,"2048x2048":"https:\/\/www.eurotherm.com\/wp-content\/uploads\/2021\/07\/innovation-3.jpg","2048x2048-width":1000,"2048x2048-height":258,"woocommerce_thumbnail":"https:\/\/www.eurotherm.com\/wp-content\/uploads\/2021\/07\/innovation-3-300x258.jpg","woocommerce_thumbnail-width":300,"woocommerce_thumbnail-height":258,"woocommerce_single":"https:\/\/www.eurotherm.com\/wp-content\/uploads\/2021\/07\/innovation-3-600x155.jpg","woocommerce_single-width":600,"woocommerce_single-height":155,"woocommerce_gallery_thumbnail":"https:\/\/www.eurotherm.com\/wp-content\/uploads\/2021\/07\/innovation-3-100x100.jpg","woocommerce_gallery_thumbnail-width":100,"woocommerce_gallery_thumbnail-height":100}},"dark_buttons":[{"dark_button_link":"https:\/\/www.eurotherm.com\/pt-br\/50-2\/","dark_button_text":"Descubra o cronograma da inova\u00e7\u00e3o"}],"dark_reduce_padding":false,"dark_reduce_text_width":false}],"show_sidebar":false},"jetpack_sharing_enabled":true,"_links":{"self":[{"href":"https:\/\/www.eurotherm.com\/pt-br\/wp-json\/wp\/v2\/pages\/76833","targetHints":{"allow":["GET"]}}],"collection":[{"href":"https:\/\/www.eurotherm.com\/pt-br\/wp-json\/wp\/v2\/pages"}],"about":[{"href":"https:\/\/www.eurotherm.com\/pt-br\/wp-json\/wp\/v2\/types\/page"}],"author":[{"embeddable":true,"href":"https:\/\/www.eurotherm.com\/pt-br\/wp-json\/wp\/v2\/users\/3"}],"replies":[{"embeddable":true,"href":"https:\/\/www.eurotherm.com\/pt-br\/wp-json\/wp\/v2\/comments?post=76833"}],"version-history":[{"count":9,"href":"https:\/\/www.eurotherm.com\/pt-br\/wp-json\/wp\/v2\/pages\/76833\/revisions"}],"predecessor-version":[{"id":139300,"href":"https:\/\/www.eurotherm.com\/pt-br\/wp-json\/wp\/v2\/pages\/76833\/revisions\/139300"}],"up":[{"embeddable":true,"href":"https:\/\/www.eurotherm.com\/pt-br\/wp-json\/wp\/v2\/pages\/76812"}],"wp:attachment":[{"href":"https:\/\/www.eurotherm.com\/pt-br\/wp-json\/wp\/v2\/media?parent=76833"}],"curies":[{"name":"wp","href":"https:\/\/api.w.org\/{rel}","templated":true}]}}