{"id":90321,"date":"2018-11-19T15:26:29","date_gmt":"2020-04-21T08:29:27","guid":{"rendered":"https:\/\/eurothermdev.co.uk\/products\/senza%20categoria\/data-reviewer-2\/"},"modified":"2025-12-11T21:02:47","modified_gmt":"2025-12-11T13:02:47","slug":"data-reviewer","status":"publish","type":"product","link":"https:\/\/www.eurotherm.com\/it\/products\/recorders-and-data-acquisition-it\/recorders-software-it\/data-reviewer\/","title":{"rendered":"Data Reviewer"},"content":{"rendered":"<p>Eurotherm Data Reviewer \u00e8 un&#8217;applicazione software progettata per la visualizzazione, l&#8217;analisi e la stampa dei file di dati storici ottenuti da strumenti di acquisizione dati Eurotherm quali:<\/p>\n<ul>\n<li>Registratori videografici \u2013 <a href=\"https:\/\/www.eurotherm.com\/it\/eurotherm-products\/recorders-and-data-acquisition-it\/registratori-videografici\/\">Serie 6000<\/a><\/li>\n<li>Registratori\/regolatori ibridi &#8211; <a href=\"https:\/\/www.eurotherm.com\/it\/products\/temperature-controllers-it\/multi-loop-temperature-controllers-it\/nanodac-recorder-controller\/\">Registratore\/regolatore nanodac\u2122<\/a><\/li>\n<li>Controllori di automazione programmabili &#8211; <a href=\"https:\/\/www.eurotherm.com\/it\/products\/machine-control-and-process-automation-it\/pac-system-hardware-it\/t2750-pac\/\">T2750 PAC<\/a><\/li>\n<\/ul>\n<p>Scopri come Data Reviewer pu\u00f2 ottimizzare l&#8217;efficienza operativa e migliorare l&#8217;integrit\u00e0 dei dati <a href=\"\/reviewer\/\">qui<\/a>.<\/p>\n<p><a href=\"\/data-acquisition-articles\/data-reviewer-tutorials\/\">Guarda i video<\/a><br \/>\n<a href=\"\/reviewer\/\">Maggiori informazioni<\/a><\/p>\n<p><strong>Panoramica<\/strong><\/p>\n<div data-service=\"youtube\" data-id=\"VdJBtR-7uEQ\"><\/div>\n<p><strong>Pianificazione dei report<\/strong><\/p>\n<div data-service=\"youtube\" data-id=\"-PnLETLvsTY\"><\/div>\n<p><strong>OPC UA<\/strong><\/p>\n<div data-service=\"youtube\" data-id=\"VWIncITt228\"><\/div>\n<p><strong>Ricerca per lotto<\/strong><\/p>\n<div data-service=\"youtube\" data-id=\"qY1GbRhVkuk\"><\/div>\n<p><strong>Visualizzazione e analisi<\/strong><\/p>\n<div data-service=\"youtube\" data-id=\"iSawWqXiu_U\"><\/div>\n<p><strong>Gestione utenti<\/strong><\/p>\n<div data-service=\"youtube\" data-id=\"L2RwIeL9AQA\"><\/div>\n<p><strong>Auditor<\/strong><\/p>\n<div data-service=\"youtube\" data-id=\"WTdYB2AtuQI\"><\/div>\n<p>&nbsp;<\/p>\n","protected":false},"excerpt":{"rendered":"<h2>I tuoi dati di processo non servono solo a dimostrare la conformit\u00e0 alle regolamentazioni.<\/h2>\n<p><strong>Possono anche essere utilizzati per fornire informazioni dettagliate sui processi di produzione e per identificare le aree in cui \u00e8 possibile apportare miglioramenti.<\/strong><\/p>\n<p>La possibilit\u00e0 di scorrere tra i dati di processo e analizzarli in qualsiasi momento, senza la necessit\u00e0 di competenze applicative o di gestione dei database, \u00e8 essenziale per l&#8217;agilit\u00e0 e il miglioramento continuo.<\/p>\n<p>Eurotherm Data Reviewer consente di mostrare, analizzare, stampare e condividere file di dati storici, come e quando vuoi.<\/p>\n<p>L&#8217;opzione Auditor fornisce un audit trail completo per annotazioni e informazioni sull&#8217;accaduto, con autenticazione dell&#8217;utente e firme elettroniche per agevolare l&#8217;attribuibilit\u00e0, l&#8217;integrit\u00e0 e la riservatezza dei dati di origine.<\/p>\n<p><a href=\"https:\/\/support.watlow.com\/data_reviewer_5.3\/Default.htm\">Centro Assistenza<\/a><\/p>\n<p>&nbsp;<\/p>\n","protected":false},"featured_media":149994,"template":"","meta":{"_acf_changed":false},"product_brand":[],"product_cat":[756,11299,11358],"product_tag":[],"class_list":{"0":"post-90321","1":"product","2":"type-product","3":"status-publish","4":"has-post-thumbnail","6":"industry-food-beverage-it-2","7":"industry-heat-treatment-it-2","8":"industry-life-sciences-it-2","9":"product_cat-prodotti-ita","10":"product_cat-recorders-and-data-acquisition-it","11":"product_cat-recorders-software-it","13":"first","14":"instock","15":"shipping-taxable","16":"purchasable","17":"product-type-simple"},"acf":[],"yoast_head":"<!-- This site is optimized with the Yoast SEO plugin v27.2 - https:\/\/yoast.com\/product\/yoast-seo-wordpress\/ -->\n<title>Data Reviewer | Eurotherm<\/title>\n<meta name=\"description\" content=\"Data Reviewer | Eurotherm Data Reviewer \u00e8 un&#039;applicazione software progettata per la visualizzazione, l&#039;analisi e la stampa dei file di dati storici ottenuti da\" \/>\n<meta name=\"robots\" content=\"index, follow, max-snippet:-1, max-image-preview:large, max-video-preview:-1\" \/>\n<meta property=\"og:locale\" content=\"it_IT\" \/>\n<meta property=\"og:type\" content=\"article\" \/>\n<meta property=\"og:title\" content=\"Data Reviewer | Eurotherm\" \/>\n<meta property=\"og:description\" content=\"Data Reviewer | I tuoi dati di processo non servono solo a dimostrare la conformit\u00e0 alle regolamentazioni. Possono anche essere utilizzati per fornire informazioni dettagliate sui processi di produzione e per identificare le aree in cui \u00e8 possibile apportare miglioramenti.  La possibilit\u00e0 di scorrere tra i dati di processo e analizzarli in qualsiasi momento, senza la necessit\u00e0 di competenze applicative o di gestione dei database, \u00e8 essenziale per l&#039;agilit\u00e0 e il miglioramento continuo.  Eurotherm Data Reviewer consente di mostrare, analizzare, stampare e condividere file di dati storici, come e quando vuoi.  L&#039;opzione Auditor fornisce un audit trail completo per annotazioni e informazioni sull&#039;accaduto, con autenticazione dell&#039;utente e firme elettroniche per agevolare l&#039;attribuibilit\u00e0, l&#039;integrit\u00e0 e la riservatezza dei dati di origine.  Centro Assistenza  &nbsp;\" \/>\n<meta property=\"og:url\" content=\"https:\/\/www.eurotherm.com\/it\/products\/recorders-and-data-acquisition-it\/recorders-software-it\/data-reviewer\/\" \/>\n<meta property=\"og:site_name\" content=\"Eurotherm Limited\" \/>\n<meta property=\"article:modified_time\" content=\"2025-12-11T13:02:47+00:00\" \/>\n<meta property=\"og:image\" content=\"https:\/\/www.eurotherm.com\/wp-content\/uploads\/2018\/11\/Data-Reviewer-screen-for-product-page_new.png\" \/>\n\t<meta property=\"og:image:width\" content=\"800\" \/>\n\t<meta property=\"og:image:height\" content=\"600\" \/>\n\t<meta property=\"og:image:type\" content=\"image\/png\" \/>\n<meta name=\"twitter:card\" content=\"summary_large_image\" \/>\n<meta name=\"twitter:label1\" content=\"Tempo di lettura stimato\" \/>\n\t<meta name=\"twitter:data1\" content=\"1 minuto\" \/>\n<script type=\"application\/ld+json\" class=\"yoast-schema-graph\">{\"@context\":\"https:\/\/schema.org\",\"@graph\":[{\"@type\":\"WebPage\",\"@id\":\"https:\/\/www.eurotherm.com\/it\/products\/recorders-and-data-acquisition-it\/recorders-software-it\/data-reviewer\/\",\"url\":\"https:\/\/www.eurotherm.com\/it\/products\/recorders-and-data-acquisition-it\/recorders-software-it\/data-reviewer\/\",\"name\":\"Data Reviewer | Eurotherm\",\"isPartOf\":{\"@id\":\"https:\/\/www.eurotherm.com\/it\/#website\"},\"primaryImageOfPage\":{\"@id\":\"https:\/\/www.eurotherm.com\/it\/products\/recorders-and-data-acquisition-it\/recorders-software-it\/data-reviewer\/#primaryimage\"},\"image\":{\"@id\":\"https:\/\/www.eurotherm.com\/it\/products\/recorders-and-data-acquisition-it\/recorders-software-it\/data-reviewer\/#primaryimage\"},\"thumbnailUrl\":\"https:\/\/www.eurotherm.com\/wp-content\/uploads\/2018\/11\/Data-Reviewer-screen-for-product-page_new.png\",\"datePublished\":\"2020-04-21T08:29:27+00:00\",\"dateModified\":\"2025-12-11T13:02:47+00:00\",\"description\":\"Data Reviewer | I tuoi dati di processo non servono solo a dimostrare la conformit\u00e0 alle regolamentazioni. Possono anche essere utilizzati per fornire informazioni dettagliate sui processi di produzione e per identificare le aree in cui \u00e8 possibile apportare miglioramenti. La possibilit\u00e0 di scorrere tra i dati di processo e analizzarli in qualsiasi momento, senza la necessit\u00e0 di competenze applicative o di gestione dei database, \u00e8 essenziale per l'agilit\u00e0 e il miglioramento continuo. Eurotherm Data Reviewer consente di mostrare, analizzare, stampare e condividere file di dati storici, come e quando vuoi. L'opzione Auditor fornisce un audit trail completo per annotazioni e informazioni sull'accaduto, con autenticazione dell'utente e firme elettroniche per agevolare l'attribuibilit\u00e0, l'integrit\u00e0 e la riservatezza dei dati di origine. Centro Assistenza &nbsp;\",\"breadcrumb\":{\"@id\":\"https:\/\/www.eurotherm.com\/it\/products\/recorders-and-data-acquisition-it\/recorders-software-it\/data-reviewer\/#breadcrumb\"},\"inLanguage\":\"it-IT\",\"potentialAction\":[{\"@type\":\"ReadAction\",\"target\":[\"https:\/\/www.eurotherm.com\/it\/products\/recorders-and-data-acquisition-it\/recorders-software-it\/data-reviewer\/\"]}]},{\"@type\":\"ImageObject\",\"inLanguage\":\"it-IT\",\"@id\":\"https:\/\/www.eurotherm.com\/it\/products\/recorders-and-data-acquisition-it\/recorders-software-it\/data-reviewer\/#primaryimage\",\"url\":\"https:\/\/www.eurotherm.com\/wp-content\/uploads\/2018\/11\/Data-Reviewer-screen-for-product-page_new.png\",\"contentUrl\":\"https:\/\/www.eurotherm.com\/wp-content\/uploads\/2018\/11\/Data-Reviewer-screen-for-product-page_new.png\",\"width\":800,\"height\":600},{\"@type\":\"BreadcrumbList\",\"@id\":\"https:\/\/www.eurotherm.com\/it\/products\/recorders-and-data-acquisition-it\/recorders-software-it\/data-reviewer\/#breadcrumb\",\"itemListElement\":[{\"@type\":\"ListItem\",\"position\":1,\"name\":\"Home\",\"item\":\"https:\/\/www.eurotherm.com\/it\/\"},{\"@type\":\"ListItem\",\"position\":2,\"name\":\"Product Catalogue\",\"item\":\"https:\/\/www.eurotherm.com\/it\/product-catalogue\/\"},{\"@type\":\"ListItem\",\"position\":3,\"name\":\"Registrazione e Gestione Dati\",\"item\":\"https:\/\/www.eurotherm.com\/it\/eurotherm-products\/recorders-and-data-acquisition-it\/\"},{\"@type\":\"ListItem\",\"position\":4,\"name\":\"Software per Registratori\",\"item\":\"https:\/\/www.eurotherm.com\/it\/eurotherm-products\/recorders-and-data-acquisition-it\/recorders-software-it\/\"},{\"@type\":\"ListItem\",\"position\":5,\"name\":\"Data Reviewer\"}]},{\"@type\":\"WebSite\",\"@id\":\"https:\/\/www.eurotherm.com\/it\/#website\",\"url\":\"https:\/\/www.eurotherm.com\/it\/\",\"name\":\"Eurotherm Limited\",\"description\":\"Temperature Control, Process Control, Measurement and Data Recording Solutions\",\"potentialAction\":[{\"@type\":\"SearchAction\",\"target\":{\"@type\":\"EntryPoint\",\"urlTemplate\":\"https:\/\/www.eurotherm.com\/it\/?s={search_term_string}\"},\"query-input\":{\"@type\":\"PropertyValueSpecification\",\"valueRequired\":true,\"valueName\":\"search_term_string\"}}],\"inLanguage\":\"it-IT\"}]}<\/script>\n<!-- \/ Yoast SEO plugin. -->","yoast_head_json":{"title":"Data Reviewer | Eurotherm","description":"Data Reviewer | Eurotherm Data Reviewer \u00e8 un'applicazione software progettata per la visualizzazione, l'analisi e la stampa dei file di dati storici ottenuti da","robots":{"index":"index","follow":"follow","max-snippet":"max-snippet:-1","max-image-preview":"max-image-preview:large","max-video-preview":"max-video-preview:-1"},"og_locale":"it_IT","og_type":"article","og_title":"Data Reviewer | Eurotherm","og_description":"Data Reviewer | I tuoi dati di processo non servono solo a dimostrare la conformit\u00e0 alle regolamentazioni. Possono anche essere utilizzati per fornire informazioni dettagliate sui processi di produzione e per identificare le aree in cui \u00e8 possibile apportare miglioramenti.  La possibilit\u00e0 di scorrere tra i dati di processo e analizzarli in qualsiasi momento, senza la necessit\u00e0 di competenze applicative o di gestione dei database, \u00e8 essenziale per l'agilit\u00e0 e il miglioramento continuo.  Eurotherm Data Reviewer consente di mostrare, analizzare, stampare e condividere file di dati storici, come e quando vuoi.  L'opzione Auditor fornisce un audit trail completo per annotazioni e informazioni sull'accaduto, con autenticazione dell'utente e firme elettroniche per agevolare l'attribuibilit\u00e0, l'integrit\u00e0 e la riservatezza dei dati di origine.  Centro Assistenza  &nbsp;","og_url":"https:\/\/www.eurotherm.com\/it\/products\/recorders-and-data-acquisition-it\/recorders-software-it\/data-reviewer\/","og_site_name":"Eurotherm Limited","article_modified_time":"2025-12-11T13:02:47+00:00","og_image":[{"width":800,"height":600,"url":"https:\/\/www.eurotherm.com\/wp-content\/uploads\/2018\/11\/Data-Reviewer-screen-for-product-page_new.png","type":"image\/png"}],"twitter_card":"summary_large_image","twitter_misc":{"Tempo di lettura stimato":"1 minuto"},"schema":{"@context":"https:\/\/schema.org","@graph":[{"@type":"WebPage","@id":"https:\/\/www.eurotherm.com\/it\/products\/recorders-and-data-acquisition-it\/recorders-software-it\/data-reviewer\/","url":"https:\/\/www.eurotherm.com\/it\/products\/recorders-and-data-acquisition-it\/recorders-software-it\/data-reviewer\/","name":"Data Reviewer | Eurotherm","isPartOf":{"@id":"https:\/\/www.eurotherm.com\/it\/#website"},"primaryImageOfPage":{"@id":"https:\/\/www.eurotherm.com\/it\/products\/recorders-and-data-acquisition-it\/recorders-software-it\/data-reviewer\/#primaryimage"},"image":{"@id":"https:\/\/www.eurotherm.com\/it\/products\/recorders-and-data-acquisition-it\/recorders-software-it\/data-reviewer\/#primaryimage"},"thumbnailUrl":"https:\/\/www.eurotherm.com\/wp-content\/uploads\/2018\/11\/Data-Reviewer-screen-for-product-page_new.png","datePublished":"2020-04-21T08:29:27+00:00","dateModified":"2025-12-11T13:02:47+00:00","description":"Data Reviewer | I tuoi dati di processo non servono solo a dimostrare la conformit\u00e0 alle regolamentazioni. Possono anche essere utilizzati per fornire informazioni dettagliate sui processi di produzione e per identificare le aree in cui \u00e8 possibile apportare miglioramenti. La possibilit\u00e0 di scorrere tra i dati di processo e analizzarli in qualsiasi momento, senza la necessit\u00e0 di competenze applicative o di gestione dei database, \u00e8 essenziale per l'agilit\u00e0 e il miglioramento continuo. Eurotherm Data Reviewer consente di mostrare, analizzare, stampare e condividere file di dati storici, come e quando vuoi. L'opzione Auditor fornisce un audit trail completo per annotazioni e informazioni sull'accaduto, con autenticazione dell'utente e firme elettroniche per agevolare l'attribuibilit\u00e0, l'integrit\u00e0 e la riservatezza dei dati di origine. Centro Assistenza &nbsp;","breadcrumb":{"@id":"https:\/\/www.eurotherm.com\/it\/products\/recorders-and-data-acquisition-it\/recorders-software-it\/data-reviewer\/#breadcrumb"},"inLanguage":"it-IT","potentialAction":[{"@type":"ReadAction","target":["https:\/\/www.eurotherm.com\/it\/products\/recorders-and-data-acquisition-it\/recorders-software-it\/data-reviewer\/"]}]},{"@type":"ImageObject","inLanguage":"it-IT","@id":"https:\/\/www.eurotherm.com\/it\/products\/recorders-and-data-acquisition-it\/recorders-software-it\/data-reviewer\/#primaryimage","url":"https:\/\/www.eurotherm.com\/wp-content\/uploads\/2018\/11\/Data-Reviewer-screen-for-product-page_new.png","contentUrl":"https:\/\/www.eurotherm.com\/wp-content\/uploads\/2018\/11\/Data-Reviewer-screen-for-product-page_new.png","width":800,"height":600},{"@type":"BreadcrumbList","@id":"https:\/\/www.eurotherm.com\/it\/products\/recorders-and-data-acquisition-it\/recorders-software-it\/data-reviewer\/#breadcrumb","itemListElement":[{"@type":"ListItem","position":1,"name":"Home","item":"https:\/\/www.eurotherm.com\/it\/"},{"@type":"ListItem","position":2,"name":"Product Catalogue","item":"https:\/\/www.eurotherm.com\/it\/product-catalogue\/"},{"@type":"ListItem","position":3,"name":"Registrazione e Gestione Dati","item":"https:\/\/www.eurotherm.com\/it\/eurotherm-products\/recorders-and-data-acquisition-it\/"},{"@type":"ListItem","position":4,"name":"Software per Registratori","item":"https:\/\/www.eurotherm.com\/it\/eurotherm-products\/recorders-and-data-acquisition-it\/recorders-software-it\/"},{"@type":"ListItem","position":5,"name":"Data Reviewer"}]},{"@type":"WebSite","@id":"https:\/\/www.eurotherm.com\/it\/#website","url":"https:\/\/www.eurotherm.com\/it\/","name":"Eurotherm Limited","description":"Temperature Control, Process Control, Measurement and Data Recording Solutions","potentialAction":[{"@type":"SearchAction","target":{"@type":"EntryPoint","urlTemplate":"https:\/\/www.eurotherm.com\/it\/?s={search_term_string}"},"query-input":{"@type":"PropertyValueSpecification","valueRequired":true,"valueName":"search_term_string"}}],"inLanguage":"it-IT"}]}},"ACF":{"product_file":[160975,160977,78469,78537,137739,28199,28195,28198,28196,78567,89819,133853,156702],"product_status":"Active Product","enable_watlow_configurator":false},"jetpack_sharing_enabled":true,"_links":{"self":[{"href":"https:\/\/www.eurotherm.com\/it\/wp-json\/wp\/v2\/product\/90321","targetHints":{"allow":["GET"]}}],"collection":[{"href":"https:\/\/www.eurotherm.com\/it\/wp-json\/wp\/v2\/product"}],"about":[{"href":"https:\/\/www.eurotherm.com\/it\/wp-json\/wp\/v2\/types\/product"}],"wp:featuredmedia":[{"embeddable":true,"href":"https:\/\/www.eurotherm.com\/it\/wp-json\/wp\/v2\/media\/149994"}],"wp:attachment":[{"href":"https:\/\/www.eurotherm.com\/it\/wp-json\/wp\/v2\/media?parent=90321"}],"wp:term":[{"taxonomy":"product_brand","embeddable":true,"href":"https:\/\/www.eurotherm.com\/it\/wp-json\/wp\/v2\/product_brand?post=90321"},{"taxonomy":"product_cat","embeddable":true,"href":"https:\/\/www.eurotherm.com\/it\/wp-json\/wp\/v2\/product_cat?post=90321"},{"taxonomy":"product_tag","embeddable":true,"href":"https:\/\/www.eurotherm.com\/it\/wp-json\/wp\/v2\/product_tag?post=90321"}],"curies":[{"name":"wp","href":"https:\/\/api.w.org\/{rel}","templated":true}]}}