{"id":74974,"date":"2019-01-18T12:42:33","date_gmt":"2019-01-18T12:42:33","guid":{"rendered":"https:\/\/www.eurotherm.com\/products\/senza%20categoria\/wonderware-pac-software\/"},"modified":"2020-07-29T22:41:19","modified_gmt":"2020-07-29T14:41:19","slug":"eurotherm-wonderware-pac-software-it","status":"publish","type":"product","link":"https:\/\/www.eurotherm.com\/it\/products\/machine-control-and-process-automation-it\/pac-software-it\/eurotherm-wonderware-pac-software-it\/","title":{"rendered":"Software Eurotherm Wonderware PAC"},"content":{"rendered":"<p><span lang=\"it\">La scelta di un sistema di controllo di supervisione basato sui regolatori PAC Eurotherm T2750 e sui Visual Supervisor consente una pi\u00f9 rapida integrazione attraverso l&#8217;uso del software PAC Eurotherm Wonderware. Questo set di strumenti \u00e8 progettato per semplificare l&#8217;integrazione in AVEVA System Platform (ex AVEVA System Platform (Powered by Wonderware)) e nei suoi prodotti correlati, come Historian, Batch Management (ex InBatch) e Manufacturing Execution System (MES), nonch\u00e9 altri pacchetti di analisi dei dati. <\/span><\/p>\n<p><span lang=\"it\">Rispetto alle tradizionali soluzioni SCADA, l&#8217;utilizzo del singolo ambiente di sviluppo integrato (IDE) Eurotherm Wonderware PAC non solo aiuta a ridurre le spese in conto capitale durante la fase di progettazione favorendo un&#8217;integrazione pi\u00f9 rapida, ma aiuta anche a ridurre i costi operativi attraverso una manutenzione efficiente durante l&#8217;intero ciclo di vita del sistema.<\/span><\/p>\n","protected":false},"excerpt":{"rendered":"<h2>Integrazione Rapida e Completa, Aiuta a Ridurre CAPEX e OPEX<\/h2>\n<p id=\"tw-target-text\" class=\"tw-data-text tw-text-large XcVN5d tw-ta\" dir=\"ltr\" data-placeholder=\"Traduzione\"><strong><span lang=\"it\">L&#8217;evoluzione dei processi industriali per sfruttare le tecnologie dell&#8217;Industria 4.0 richiede ai sistemi di controllo dei processi, la capacit\u00e0 e la flessibilit\u00e0 di connettersi a sistemi pi\u00f9 ampi a livello di impianto e di business.<\/span><\/strong><\/p>\n<p><span lang=\"it\">In un sistema SCADA di fascia alta tipico, sono necessari pi\u00f9 strumenti software per integrare i diversi componenti. Ci\u00f2 pu\u00f2 rallentare e complicare ogni fase del processo di ingegneria, aggiungendo tempi e costi non necessari.<\/span><\/p>\n<p><a href=\"\/eurotherm-wonderware-pac-software\/\">&gt; Scopri Wonderware<\/a><\/p>\n","protected":false},"featured_media":67521,"template":"","meta":{"_acf_changed":false},"product_brand":[],"product_cat":[11273],"product_tag":[],"class_list":{"0":"post-74974","1":"product","2":"type-product","3":"status-publish","4":"has-post-thumbnail","6":"product_cat-pac-software-it","8":"first","9":"instock","10":"shipping-taxable","11":"product-type-simple"},"acf":[],"yoast_head":"<!-- This site is optimized with the Yoast SEO plugin v27.2 - https:\/\/yoast.com\/product\/yoast-seo-wordpress\/ -->\n<title>Software Eurotherm Wonderware PAC | Eurotherm Limited<\/title>\n<meta name=\"description\" content=\"Software Eurotherm Wonderware PAC | La scelta di un sistema di controllo di supervisione basato sui regolatori PAC Eurotherm T2750 e sui Visual\" \/>\n<meta name=\"robots\" content=\"index, follow, max-snippet:-1, max-image-preview:large, max-video-preview:-1\" \/>\n<meta property=\"og:locale\" content=\"it_IT\" \/>\n<meta property=\"og:type\" content=\"article\" \/>\n<meta property=\"og:title\" content=\"Software Eurotherm Wonderware PAC | Eurotherm Limited\" \/>\n<meta property=\"og:description\" content=\"Software Eurotherm Wonderware PAC | Integrazione Rapida e Completa, Aiuta a Ridurre CAPEX e OPEX L&#039;evoluzione dei processi industriali per sfruttare le tecnologie dell&#039;Industria 4.0 richiede ai sistemi di controllo dei processi, la capacit\u00e0 e la flessibilit\u00e0 di connettersi a sistemi pi\u00f9 ampi a livello di impianto e di business. In un sistema SCADA di fascia alta tipico, sono necessari pi\u00f9 strumenti software per integrare i diversi componenti. Ci\u00f2 pu\u00f2 rallentare e complicare ogni fase del processo di ingegneria, aggiungendo tempi e costi non necessari.  &gt; Scopri Wonderware\" \/>\n<meta property=\"og:url\" content=\"https:\/\/www.eurotherm.com\/it\/products\/machine-control-and-process-automation-it\/pac-software-it\/eurotherm-wonderware-pac-software-it\/\" \/>\n<meta property=\"og:site_name\" content=\"Eurotherm Limited\" \/>\n<meta property=\"article:modified_time\" content=\"2020-07-29T14:41:19+00:00\" \/>\n<meta property=\"og:image\" content=\"https:\/\/www.eurotherm.com\/wp-content\/uploads\/2019\/01\/Wonderware-PAC-software-graphic-1-2.png\" \/>\n\t<meta property=\"og:image:width\" content=\"752\" \/>\n\t<meta property=\"og:image:height\" content=\"848\" \/>\n\t<meta property=\"og:image:type\" content=\"image\/png\" \/>\n<meta name=\"twitter:card\" content=\"summary_large_image\" \/>\n<meta name=\"twitter:label1\" content=\"Tempo di lettura stimato\" \/>\n\t<meta name=\"twitter:data1\" content=\"1 minuto\" \/>\n<script type=\"application\/ld+json\" class=\"yoast-schema-graph\">{\"@context\":\"https:\/\/schema.org\",\"@graph\":[{\"@type\":\"WebPage\",\"@id\":\"https:\/\/www.eurotherm.com\/it\/products\/machine-control-and-process-automation-it\/pac-software-it\/eurotherm-wonderware-pac-software-it\/\",\"url\":\"https:\/\/www.eurotherm.com\/it\/products\/machine-control-and-process-automation-it\/pac-software-it\/eurotherm-wonderware-pac-software-it\/\",\"name\":\"Software Eurotherm Wonderware PAC | Eurotherm Limited\",\"isPartOf\":{\"@id\":\"https:\/\/www.eurotherm.com\/it\/#website\"},\"primaryImageOfPage\":{\"@id\":\"https:\/\/www.eurotherm.com\/it\/products\/machine-control-and-process-automation-it\/pac-software-it\/eurotherm-wonderware-pac-software-it\/#primaryimage\"},\"image\":{\"@id\":\"https:\/\/www.eurotherm.com\/it\/products\/machine-control-and-process-automation-it\/pac-software-it\/eurotherm-wonderware-pac-software-it\/#primaryimage\"},\"thumbnailUrl\":\"https:\/\/www.eurotherm.com\/wp-content\/uploads\/2019\/01\/Wonderware-PAC-software-graphic-1-2.png\",\"datePublished\":\"2019-01-18T12:42:33+00:00\",\"dateModified\":\"2020-07-29T14:41:19+00:00\",\"description\":\"Software Eurotherm Wonderware PAC | Integrazione Rapida e Completa, Aiuta a Ridurre CAPEX e OPEX L'evoluzione dei processi industriali per sfruttare le tecnologie dell'Industria 4.0 richiede ai sistemi di controllo dei processi, la capacit\u00e0 e la flessibilit\u00e0 di connettersi a sistemi pi\u00f9 ampi a livello di impianto e di business. In un sistema SCADA di fascia alta tipico, sono necessari pi\u00f9 strumenti software per integrare i diversi componenti. Ci\u00f2 pu\u00f2 rallentare e complicare ogni fase del processo di ingegneria, aggiungendo tempi e costi non necessari. &gt; Scopri Wonderware\",\"breadcrumb\":{\"@id\":\"https:\/\/www.eurotherm.com\/it\/products\/machine-control-and-process-automation-it\/pac-software-it\/eurotherm-wonderware-pac-software-it\/#breadcrumb\"},\"inLanguage\":\"it-IT\",\"potentialAction\":[{\"@type\":\"ReadAction\",\"target\":[\"https:\/\/www.eurotherm.com\/it\/products\/machine-control-and-process-automation-it\/pac-software-it\/eurotherm-wonderware-pac-software-it\/\"]}]},{\"@type\":\"ImageObject\",\"inLanguage\":\"it-IT\",\"@id\":\"https:\/\/www.eurotherm.com\/it\/products\/machine-control-and-process-automation-it\/pac-software-it\/eurotherm-wonderware-pac-software-it\/#primaryimage\",\"url\":\"https:\/\/www.eurotherm.com\/wp-content\/uploads\/2019\/01\/Wonderware-PAC-software-graphic-1-2.png\",\"contentUrl\":\"https:\/\/www.eurotherm.com\/wp-content\/uploads\/2019\/01\/Wonderware-PAC-software-graphic-1-2.png\",\"width\":752,\"height\":848},{\"@type\":\"BreadcrumbList\",\"@id\":\"https:\/\/www.eurotherm.com\/it\/products\/machine-control-and-process-automation-it\/pac-software-it\/eurotherm-wonderware-pac-software-it\/#breadcrumb\",\"itemListElement\":[{\"@type\":\"ListItem\",\"position\":1,\"name\":\"Home\",\"item\":\"https:\/\/www.eurotherm.com\/it\/\"},{\"@type\":\"ListItem\",\"position\":2,\"name\":\"Product Catalogue\",\"item\":\"https:\/\/www.eurotherm.com\/it\/product-catalogue\/\"},{\"@type\":\"ListItem\",\"position\":3,\"name\":\"Controllo Macchine e Automazione di Processo\",\"item\":\"https:\/\/www.eurotherm.com\/it\/eurotherm-products\/machine-control-and-process-automation-it\/\"},{\"@type\":\"ListItem\",\"position\":4,\"name\":\"Software per Sistemi PAC\",\"item\":\"https:\/\/www.eurotherm.com\/it\/eurotherm-products\/machine-control-and-process-automation-it\/pac-software-it\/\"},{\"@type\":\"ListItem\",\"position\":5,\"name\":\"Software Eurotherm Wonderware PAC\"}]},{\"@type\":\"WebSite\",\"@id\":\"https:\/\/www.eurotherm.com\/it\/#website\",\"url\":\"https:\/\/www.eurotherm.com\/it\/\",\"name\":\"Eurotherm Limited\",\"description\":\"Temperature Control, Process Control, Measurement and Data Recording Solutions\",\"potentialAction\":[{\"@type\":\"SearchAction\",\"target\":{\"@type\":\"EntryPoint\",\"urlTemplate\":\"https:\/\/www.eurotherm.com\/it\/?s={search_term_string}\"},\"query-input\":{\"@type\":\"PropertyValueSpecification\",\"valueRequired\":true,\"valueName\":\"search_term_string\"}}],\"inLanguage\":\"it-IT\"}]}<\/script>\n<!-- \/ Yoast SEO plugin. -->","yoast_head_json":{"title":"Software Eurotherm Wonderware PAC | Eurotherm Limited","description":"Software Eurotherm Wonderware PAC | La scelta di un sistema di controllo di supervisione basato sui regolatori PAC Eurotherm T2750 e sui Visual","robots":{"index":"index","follow":"follow","max-snippet":"max-snippet:-1","max-image-preview":"max-image-preview:large","max-video-preview":"max-video-preview:-1"},"og_locale":"it_IT","og_type":"article","og_title":"Software Eurotherm Wonderware PAC | Eurotherm Limited","og_description":"Software Eurotherm Wonderware PAC | Integrazione Rapida e Completa, Aiuta a Ridurre CAPEX e OPEX L'evoluzione dei processi industriali per sfruttare le tecnologie dell'Industria 4.0 richiede ai sistemi di controllo dei processi, la capacit\u00e0 e la flessibilit\u00e0 di connettersi a sistemi pi\u00f9 ampi a livello di impianto e di business. In un sistema SCADA di fascia alta tipico, sono necessari pi\u00f9 strumenti software per integrare i diversi componenti. Ci\u00f2 pu\u00f2 rallentare e complicare ogni fase del processo di ingegneria, aggiungendo tempi e costi non necessari.  &gt; Scopri Wonderware","og_url":"https:\/\/www.eurotherm.com\/it\/products\/machine-control-and-process-automation-it\/pac-software-it\/eurotherm-wonderware-pac-software-it\/","og_site_name":"Eurotherm Limited","article_modified_time":"2020-07-29T14:41:19+00:00","og_image":[{"width":752,"height":848,"url":"https:\/\/www.eurotherm.com\/wp-content\/uploads\/2019\/01\/Wonderware-PAC-software-graphic-1-2.png","type":"image\/png"}],"twitter_card":"summary_large_image","twitter_misc":{"Tempo di lettura stimato":"1 minuto"},"schema":{"@context":"https:\/\/schema.org","@graph":[{"@type":"WebPage","@id":"https:\/\/www.eurotherm.com\/it\/products\/machine-control-and-process-automation-it\/pac-software-it\/eurotherm-wonderware-pac-software-it\/","url":"https:\/\/www.eurotherm.com\/it\/products\/machine-control-and-process-automation-it\/pac-software-it\/eurotherm-wonderware-pac-software-it\/","name":"Software Eurotherm Wonderware PAC | Eurotherm Limited","isPartOf":{"@id":"https:\/\/www.eurotherm.com\/it\/#website"},"primaryImageOfPage":{"@id":"https:\/\/www.eurotherm.com\/it\/products\/machine-control-and-process-automation-it\/pac-software-it\/eurotherm-wonderware-pac-software-it\/#primaryimage"},"image":{"@id":"https:\/\/www.eurotherm.com\/it\/products\/machine-control-and-process-automation-it\/pac-software-it\/eurotherm-wonderware-pac-software-it\/#primaryimage"},"thumbnailUrl":"https:\/\/www.eurotherm.com\/wp-content\/uploads\/2019\/01\/Wonderware-PAC-software-graphic-1-2.png","datePublished":"2019-01-18T12:42:33+00:00","dateModified":"2020-07-29T14:41:19+00:00","description":"Software Eurotherm Wonderware PAC | Integrazione Rapida e Completa, Aiuta a Ridurre CAPEX e OPEX L'evoluzione dei processi industriali per sfruttare le tecnologie dell'Industria 4.0 richiede ai sistemi di controllo dei processi, la capacit\u00e0 e la flessibilit\u00e0 di connettersi a sistemi pi\u00f9 ampi a livello di impianto e di business. In un sistema SCADA di fascia alta tipico, sono necessari pi\u00f9 strumenti software per integrare i diversi componenti. Ci\u00f2 pu\u00f2 rallentare e complicare ogni fase del processo di ingegneria, aggiungendo tempi e costi non necessari. &gt; Scopri Wonderware","breadcrumb":{"@id":"https:\/\/www.eurotherm.com\/it\/products\/machine-control-and-process-automation-it\/pac-software-it\/eurotherm-wonderware-pac-software-it\/#breadcrumb"},"inLanguage":"it-IT","potentialAction":[{"@type":"ReadAction","target":["https:\/\/www.eurotherm.com\/it\/products\/machine-control-and-process-automation-it\/pac-software-it\/eurotherm-wonderware-pac-software-it\/"]}]},{"@type":"ImageObject","inLanguage":"it-IT","@id":"https:\/\/www.eurotherm.com\/it\/products\/machine-control-and-process-automation-it\/pac-software-it\/eurotherm-wonderware-pac-software-it\/#primaryimage","url":"https:\/\/www.eurotherm.com\/wp-content\/uploads\/2019\/01\/Wonderware-PAC-software-graphic-1-2.png","contentUrl":"https:\/\/www.eurotherm.com\/wp-content\/uploads\/2019\/01\/Wonderware-PAC-software-graphic-1-2.png","width":752,"height":848},{"@type":"BreadcrumbList","@id":"https:\/\/www.eurotherm.com\/it\/products\/machine-control-and-process-automation-it\/pac-software-it\/eurotherm-wonderware-pac-software-it\/#breadcrumb","itemListElement":[{"@type":"ListItem","position":1,"name":"Home","item":"https:\/\/www.eurotherm.com\/it\/"},{"@type":"ListItem","position":2,"name":"Product Catalogue","item":"https:\/\/www.eurotherm.com\/it\/product-catalogue\/"},{"@type":"ListItem","position":3,"name":"Controllo Macchine e Automazione di Processo","item":"https:\/\/www.eurotherm.com\/it\/eurotherm-products\/machine-control-and-process-automation-it\/"},{"@type":"ListItem","position":4,"name":"Software per Sistemi PAC","item":"https:\/\/www.eurotherm.com\/it\/eurotherm-products\/machine-control-and-process-automation-it\/pac-software-it\/"},{"@type":"ListItem","position":5,"name":"Software Eurotherm Wonderware PAC"}]},{"@type":"WebSite","@id":"https:\/\/www.eurotherm.com\/it\/#website","url":"https:\/\/www.eurotherm.com\/it\/","name":"Eurotherm Limited","description":"Temperature Control, Process Control, Measurement and Data Recording Solutions","potentialAction":[{"@type":"SearchAction","target":{"@type":"EntryPoint","urlTemplate":"https:\/\/www.eurotherm.com\/it\/?s={search_term_string}"},"query-input":{"@type":"PropertyValueSpecification","valueRequired":true,"valueName":"search_term_string"}}],"inLanguage":"it-IT"}]}},"ACF":{"related_products":"","product_file":[28193,28194,28015,125596]},"jetpack_sharing_enabled":true,"_links":{"self":[{"href":"https:\/\/www.eurotherm.com\/it\/wp-json\/wp\/v2\/product\/74974","targetHints":{"allow":["GET"]}}],"collection":[{"href":"https:\/\/www.eurotherm.com\/it\/wp-json\/wp\/v2\/product"}],"about":[{"href":"https:\/\/www.eurotherm.com\/it\/wp-json\/wp\/v2\/types\/product"}],"wp:featuredmedia":[{"embeddable":true,"href":"https:\/\/www.eurotherm.com\/it\/wp-json\/wp\/v2\/media\/67521"}],"wp:attachment":[{"href":"https:\/\/www.eurotherm.com\/it\/wp-json\/wp\/v2\/media?parent=74974"}],"wp:term":[{"taxonomy":"product_brand","embeddable":true,"href":"https:\/\/www.eurotherm.com\/it\/wp-json\/wp\/v2\/product_brand?post=74974"},{"taxonomy":"product_cat","embeddable":true,"href":"https:\/\/www.eurotherm.com\/it\/wp-json\/wp\/v2\/product_cat?post=74974"},{"taxonomy":"product_tag","embeddable":true,"href":"https:\/\/www.eurotherm.com\/it\/wp-json\/wp\/v2\/product_tag?post=74974"}],"curies":[{"name":"wp","href":"https:\/\/api.w.org\/{rel}","templated":true}]}}