{"id":20584,"date":"2018-10-15T08:55:20","date_gmt":"2018-10-15T08:55:20","guid":{"rendered":"https:\/\/www.eurotherm.com\/product\/versadac-registratore-dati-modulare\/"},"modified":"2023-08-18T21:39:49","modified_gmt":"2023-08-18T13:39:49","slug":"versadac-scalable-data-recorder","status":"publish","type":"product","link":"https:\/\/www.eurotherm.com\/it\/products\/recorders-and-data-acquisition-it\/registratori-videografici\/versadac-scalable-data-recorder\/","title":{"rendered":"versadac\u2122 \u2013 Registratore Dati Modulare"},"content":{"rendered":"<p>Sicurezza totale e integrit\u00e0 dei dati sono caratteristiche che lo rendono ideale per l&#8217;utilizzo in industrie soggette a regolamentazioni, come quella farmaceutica o quella del trattamento termico, o per qualunque applicazione in cui la perdita di dati durante un processo produttivo provocherebbe scarti o rilavorazioni e quindi effetti negativi sui margini operativi. I dati sono registrati in file inalterabili, in formato binario e check summed (conosciuti come .uhh) e sono archiviati su una memoria flash interna. Strategie di archiviazione flessibili garantiscono che i dati a lungo termine siano tenuti al sicuro per essere richiamati e analizzati quando necessario.<\/p>\n<p>La versatilit\u00e0 di questa unit\u00e0 deriva dalla disponibilit\u00e0 di basi con dimensioni differenti e dall&#8217;ampia variet\u00e0 di moduli di ingresso e uscita per rispondere alle esigenze di applicazioni specifiche. Sono presenti numerose funzioni software tra cui controllo batch, funzioni matematiche, totalizzatori, canali remoti e audit trail. Sono disponibili anche firme elettroniche e funzionalit\u00e0 di controllo password conformi ai requisiti FDA 21 CFR Parte 11. Gli upgrade di software e hardware risultano particolarmente semplici, in questo modo versadac cresce assieme alle esigenze del vostro processo.<\/p>\n<p id=\"tw-target-text\" class=\"tw-data-text tw-text-large tw-ta\" dir=\"ltr\" data-placeholder=\"Translation\"><span class=\"Y2IQFc\" lang=\"it\">I logger Versadac possono essere facilmente integrati in sistemi pi\u00f9 grandi tramite le opzioni di comunicazione Modbus Master o Slave. <\/span>L&#8217;installazione nell&#8217;impianto pu\u00f2 avvenire dislocandolo in modo da ridurre i costi di installazione e cablaggio.<\/p>\n<p class=\"tw-data-text tw-text-large tw-ta\" dir=\"ltr\" data-placeholder=\"Translation\">L&#8217;impostazione del registratore avviene attraverso il software per PC iTools. Le configurazioni possono essere salvate e riutilizzate; sono disponibili anche moduli preconfigurati in modo da ridurre i costi di ingegneria. Successivamente all&#8217;installazione, i registratori possono essere visualizzati e gestiti in maniera sicura da qualunque punto nella rete, con effetti positivi concreti sull&#8217;efficienza operativa globale. I dati archiviati possono essere automaticamente memorizzati su server FTP predefiniti o sulla data cloud Eurotherm Online Services (EOS) utilizzando EOS Director.<\/p>\n<p><strong>Registrazione<\/strong><\/p>\n<ul>\n<li>Sicura<\/li>\n<li>Senza perdita di dati<\/li>\n<li>Eccezionale sicurezza dei dati e degli accessi<\/li>\n<li>Firma elettronica<\/li>\n<li>Self-healing, validated data archive<\/li>\n<\/ul>\n<p><strong>Gestione<\/strong><\/p>\n<ul>\n<li>Visualizzazione dati ovunque ci si trovi<\/li>\n<li>Ampia libreria di funzioni<\/li>\n<li>Registrazione dati da dispositivi remoti<\/li>\n<li>Archiviazione dati intelligente<\/li>\n<li>Web server<\/li>\n<li>Notifiche email<\/li>\n<\/ul>\n<p><strong>Ottimizzazione<\/strong><\/p>\n<ul>\n<li>Installazione libera per registrare dove si desidera<\/li>\n<li>Scalabile, per adattarsi al processo grazie agli I\/O modulari<\/li>\n<li>Semplicit\u00e0 di integrazione<\/li>\n<li>Compatto, semplice da installare<\/li>\n<li>Upgrade semplici<\/li>\n<\/ul>\n","protected":false},"excerpt":{"rendered":"<p>Il registratore modulare versadac\u2122 rappresenta una soluzione eccezionalmente versatile per la registrazione dei dati al punto di misura. Sicurezza totale e integrit\u00e0 dei dati sono caratteristiche che lo rendono ideale per l&#8217;utilizzo in industrie soggette a regolamentazioni.<\/p>\n","protected":false},"featured_media":149977,"template":"","meta":{"_acf_changed":false},"product_brand":[],"product_cat":[11296,11298,756,11297,11299],"product_tag":[],"class_list":{"0":"post-20584","1":"product","2":"type-product","3":"status-publish","4":"has-post-thumbnail","6":"product_cat-furnaces-atmosphere-and-vacuum-it","7":"product_cat-heat-treat-products-it","8":"product_cat-prodotti-ita","9":"product_cat-registratori-videografici","10":"product_cat-recorders-and-data-acquisition-it","11":"product_shipping_class-1-it","13":"first","14":"instock","15":"purchasable","16":"product-type-simple"},"acf":[],"yoast_head":"<!-- This site is optimized with the Yoast SEO plugin v27.2 - https:\/\/yoast.com\/product\/yoast-seo-wordpress\/ -->\n<title>versadac\u2122 \u2013 Registratore Dati Modulare | Eurotherm Limited<\/title>\n<meta name=\"description\" content=\"versadac\u2122 \u2013 Registratore Dati Modulare | Sicurezza totale e integrit\u00e0 dei dati sono caratteristiche che lo rendono ideale per l&#039;utilizzo in industrie soggette a\" \/>\n<meta name=\"robots\" content=\"index, follow, max-snippet:-1, max-image-preview:large, max-video-preview:-1\" \/>\n<meta property=\"og:locale\" content=\"it_IT\" \/>\n<meta property=\"og:type\" content=\"article\" \/>\n<meta property=\"og:title\" content=\"versadac\u2122 \u2013 Registratore Dati Modulare | Eurotherm Limited\" \/>\n<meta property=\"og:description\" content=\"versadac\u2122 \u2013 Registratore Dati Modulare | Il registratore modulare versadac\u2122 rappresenta una soluzione eccezionalmente versatile per la registrazione dei dati al punto di misura. Sicurezza totale e integrit\u00e0 dei dati sono caratteristiche che lo rendono ideale per l&#039;utilizzo in industrie soggette a regolamentazioni.\" \/>\n<meta property=\"og:url\" content=\"https:\/\/www.eurotherm.com\/it\/products\/recorders-and-data-acquisition-it\/registratori-videografici\/versadac-scalable-data-recorder\/\" \/>\n<meta property=\"og:site_name\" content=\"Eurotherm Limited\" \/>\n<meta property=\"article:modified_time\" content=\"2023-08-18T13:39:49+00:00\" \/>\n<meta property=\"og:image\" content=\"https:\/\/www.eurotherm.com\/wp-content\/uploads\/2018\/10\/versadac-group-images.png\" \/>\n\t<meta property=\"og:image:width\" content=\"1235\" \/>\n\t<meta property=\"og:image:height\" content=\"904\" \/>\n\t<meta property=\"og:image:type\" content=\"image\/png\" \/>\n<meta name=\"twitter:card\" content=\"summary_large_image\" \/>\n<meta name=\"twitter:label1\" content=\"Tempo di lettura stimato\" \/>\n\t<meta name=\"twitter:data1\" content=\"2 minuti\" \/>\n<script type=\"application\/ld+json\" class=\"yoast-schema-graph\">{\"@context\":\"https:\/\/schema.org\",\"@graph\":[{\"@type\":\"WebPage\",\"@id\":\"https:\/\/www.eurotherm.com\/it\/products\/recorders-and-data-acquisition-it\/registratori-videografici\/versadac-scalable-data-recorder\/\",\"url\":\"https:\/\/www.eurotherm.com\/it\/products\/recorders-and-data-acquisition-it\/registratori-videografici\/versadac-scalable-data-recorder\/\",\"name\":\"versadac\u2122 \u2013 Registratore Dati Modulare | Eurotherm Limited\",\"isPartOf\":{\"@id\":\"https:\/\/www.eurotherm.com\/it\/#website\"},\"primaryImageOfPage\":{\"@id\":\"https:\/\/www.eurotherm.com\/it\/products\/recorders-and-data-acquisition-it\/registratori-videografici\/versadac-scalable-data-recorder\/#primaryimage\"},\"image\":{\"@id\":\"https:\/\/www.eurotherm.com\/it\/products\/recorders-and-data-acquisition-it\/registratori-videografici\/versadac-scalable-data-recorder\/#primaryimage\"},\"thumbnailUrl\":\"https:\/\/www.eurotherm.com\/wp-content\/uploads\/2018\/10\/versadac-group-images.png\",\"datePublished\":\"2018-10-15T08:55:20+00:00\",\"dateModified\":\"2023-08-18T13:39:49+00:00\",\"description\":\"versadac\u2122 \u2013 Registratore Dati Modulare | Il registratore modulare versadac\u2122 rappresenta una soluzione eccezionalmente versatile per la registrazione dei dati al punto di misura. Sicurezza totale e integrit\u00e0 dei dati sono caratteristiche che lo rendono ideale per l'utilizzo in industrie soggette a regolamentazioni.\",\"breadcrumb\":{\"@id\":\"https:\/\/www.eurotherm.com\/it\/products\/recorders-and-data-acquisition-it\/registratori-videografici\/versadac-scalable-data-recorder\/#breadcrumb\"},\"inLanguage\":\"it-IT\",\"potentialAction\":[{\"@type\":\"ReadAction\",\"target\":[\"https:\/\/www.eurotherm.com\/it\/products\/recorders-and-data-acquisition-it\/registratori-videografici\/versadac-scalable-data-recorder\/\"]}]},{\"@type\":\"ImageObject\",\"inLanguage\":\"it-IT\",\"@id\":\"https:\/\/www.eurotherm.com\/it\/products\/recorders-and-data-acquisition-it\/registratori-videografici\/versadac-scalable-data-recorder\/#primaryimage\",\"url\":\"https:\/\/www.eurotherm.com\/wp-content\/uploads\/2018\/10\/versadac-group-images.png\",\"contentUrl\":\"https:\/\/www.eurotherm.com\/wp-content\/uploads\/2018\/10\/versadac-group-images.png\",\"width\":1235,\"height\":904},{\"@type\":\"BreadcrumbList\",\"@id\":\"https:\/\/www.eurotherm.com\/it\/products\/recorders-and-data-acquisition-it\/registratori-videografici\/versadac-scalable-data-recorder\/#breadcrumb\",\"itemListElement\":[{\"@type\":\"ListItem\",\"position\":1,\"name\":\"Home\",\"item\":\"https:\/\/www.eurotherm.com\/it\/\"},{\"@type\":\"ListItem\",\"position\":2,\"name\":\"Product Catalogue\",\"item\":\"https:\/\/www.eurotherm.com\/it\/product-catalogue\/\"},{\"@type\":\"ListItem\",\"position\":3,\"name\":\"Registrazione e Gestione Dati\",\"item\":\"https:\/\/www.eurotherm.com\/it\/eurotherm-products\/recorders-and-data-acquisition-it\/\"},{\"@type\":\"ListItem\",\"position\":4,\"name\":\"Registratori videografici\",\"item\":\"https:\/\/www.eurotherm.com\/it\/eurotherm-products\/recorders-and-data-acquisition-it\/registratori-videografici\/\"},{\"@type\":\"ListItem\",\"position\":5,\"name\":\"versadac\u2122 \u2013 Registratore Dati Modulare\"}]},{\"@type\":\"WebSite\",\"@id\":\"https:\/\/www.eurotherm.com\/it\/#website\",\"url\":\"https:\/\/www.eurotherm.com\/it\/\",\"name\":\"Eurotherm Limited\",\"description\":\"Temperature Control, Process Control, Measurement and Data Recording Solutions\",\"potentialAction\":[{\"@type\":\"SearchAction\",\"target\":{\"@type\":\"EntryPoint\",\"urlTemplate\":\"https:\/\/www.eurotherm.com\/it\/?s={search_term_string}\"},\"query-input\":{\"@type\":\"PropertyValueSpecification\",\"valueRequired\":true,\"valueName\":\"search_term_string\"}}],\"inLanguage\":\"it-IT\"}]}<\/script>\n<!-- \/ Yoast SEO plugin. -->","yoast_head_json":{"title":"versadac\u2122 \u2013 Registratore Dati Modulare | Eurotherm Limited","description":"versadac\u2122 \u2013 Registratore Dati Modulare | Sicurezza totale e integrit\u00e0 dei dati sono caratteristiche che lo rendono ideale per l'utilizzo in industrie soggette a","robots":{"index":"index","follow":"follow","max-snippet":"max-snippet:-1","max-image-preview":"max-image-preview:large","max-video-preview":"max-video-preview:-1"},"og_locale":"it_IT","og_type":"article","og_title":"versadac\u2122 \u2013 Registratore Dati Modulare | Eurotherm Limited","og_description":"versadac\u2122 \u2013 Registratore Dati Modulare | Il registratore modulare versadac\u2122 rappresenta una soluzione eccezionalmente versatile per la registrazione dei dati al punto di misura. Sicurezza totale e integrit\u00e0 dei dati sono caratteristiche che lo rendono ideale per l'utilizzo in industrie soggette a regolamentazioni.","og_url":"https:\/\/www.eurotherm.com\/it\/products\/recorders-and-data-acquisition-it\/registratori-videografici\/versadac-scalable-data-recorder\/","og_site_name":"Eurotherm Limited","article_modified_time":"2023-08-18T13:39:49+00:00","og_image":[{"width":1235,"height":904,"url":"https:\/\/www.eurotherm.com\/wp-content\/uploads\/2018\/10\/versadac-group-images.png","type":"image\/png"}],"twitter_card":"summary_large_image","twitter_misc":{"Tempo di lettura stimato":"2 minuti"},"schema":{"@context":"https:\/\/schema.org","@graph":[{"@type":"WebPage","@id":"https:\/\/www.eurotherm.com\/it\/products\/recorders-and-data-acquisition-it\/registratori-videografici\/versadac-scalable-data-recorder\/","url":"https:\/\/www.eurotherm.com\/it\/products\/recorders-and-data-acquisition-it\/registratori-videografici\/versadac-scalable-data-recorder\/","name":"versadac\u2122 \u2013 Registratore Dati Modulare | Eurotherm Limited","isPartOf":{"@id":"https:\/\/www.eurotherm.com\/it\/#website"},"primaryImageOfPage":{"@id":"https:\/\/www.eurotherm.com\/it\/products\/recorders-and-data-acquisition-it\/registratori-videografici\/versadac-scalable-data-recorder\/#primaryimage"},"image":{"@id":"https:\/\/www.eurotherm.com\/it\/products\/recorders-and-data-acquisition-it\/registratori-videografici\/versadac-scalable-data-recorder\/#primaryimage"},"thumbnailUrl":"https:\/\/www.eurotherm.com\/wp-content\/uploads\/2018\/10\/versadac-group-images.png","datePublished":"2018-10-15T08:55:20+00:00","dateModified":"2023-08-18T13:39:49+00:00","description":"versadac\u2122 \u2013 Registratore Dati Modulare | Il registratore modulare versadac\u2122 rappresenta una soluzione eccezionalmente versatile per la registrazione dei dati al punto di misura. Sicurezza totale e integrit\u00e0 dei dati sono caratteristiche che lo rendono ideale per l'utilizzo in industrie soggette a regolamentazioni.","breadcrumb":{"@id":"https:\/\/www.eurotherm.com\/it\/products\/recorders-and-data-acquisition-it\/registratori-videografici\/versadac-scalable-data-recorder\/#breadcrumb"},"inLanguage":"it-IT","potentialAction":[{"@type":"ReadAction","target":["https:\/\/www.eurotherm.com\/it\/products\/recorders-and-data-acquisition-it\/registratori-videografici\/versadac-scalable-data-recorder\/"]}]},{"@type":"ImageObject","inLanguage":"it-IT","@id":"https:\/\/www.eurotherm.com\/it\/products\/recorders-and-data-acquisition-it\/registratori-videografici\/versadac-scalable-data-recorder\/#primaryimage","url":"https:\/\/www.eurotherm.com\/wp-content\/uploads\/2018\/10\/versadac-group-images.png","contentUrl":"https:\/\/www.eurotherm.com\/wp-content\/uploads\/2018\/10\/versadac-group-images.png","width":1235,"height":904},{"@type":"BreadcrumbList","@id":"https:\/\/www.eurotherm.com\/it\/products\/recorders-and-data-acquisition-it\/registratori-videografici\/versadac-scalable-data-recorder\/#breadcrumb","itemListElement":[{"@type":"ListItem","position":1,"name":"Home","item":"https:\/\/www.eurotherm.com\/it\/"},{"@type":"ListItem","position":2,"name":"Product Catalogue","item":"https:\/\/www.eurotherm.com\/it\/product-catalogue\/"},{"@type":"ListItem","position":3,"name":"Registrazione e Gestione Dati","item":"https:\/\/www.eurotherm.com\/it\/eurotherm-products\/recorders-and-data-acquisition-it\/"},{"@type":"ListItem","position":4,"name":"Registratori videografici","item":"https:\/\/www.eurotherm.com\/it\/eurotherm-products\/recorders-and-data-acquisition-it\/registratori-videografici\/"},{"@type":"ListItem","position":5,"name":"versadac\u2122 \u2013 Registratore Dati Modulare"}]},{"@type":"WebSite","@id":"https:\/\/www.eurotherm.com\/it\/#website","url":"https:\/\/www.eurotherm.com\/it\/","name":"Eurotherm Limited","description":"Temperature Control, Process Control, Measurement and Data Recording Solutions","potentialAction":[{"@type":"SearchAction","target":{"@type":"EntryPoint","urlTemplate":"https:\/\/www.eurotherm.com\/it\/?s={search_term_string}"},"query-input":{"@type":"PropertyValueSpecification","valueRequired":true,"valueName":"search_term_string"}}],"inLanguage":"it-IT"}]}},"ACF":{"product_file":[131821,27449,28034,28352,28978,28987,28979,28980,28981,28982,28983,28984,28985,28973,132028,28974,28975,28986,29374,28976,29336,28458,28990,28035,28033,29345,28988,28989,28977,28030,28991,28036,28290,27454,27942,27866,27943,27939,28077,27473,27584,27097,27145,27144,97992,105978,114739,106653,106654,137168],"product_status":"Active Product","enable_watlow_configurator":true,"watlow_product_type":"Single","watlow_configurator_link":"https:\/\/www.watlow.com\/Products\/Controllers\/Eurotherm\/versadac-Scalable-Data-Recorder?econfig=123"},"jetpack_sharing_enabled":true,"_links":{"self":[{"href":"https:\/\/www.eurotherm.com\/it\/wp-json\/wp\/v2\/product\/20584","targetHints":{"allow":["GET"]}}],"collection":[{"href":"https:\/\/www.eurotherm.com\/it\/wp-json\/wp\/v2\/product"}],"about":[{"href":"https:\/\/www.eurotherm.com\/it\/wp-json\/wp\/v2\/types\/product"}],"wp:featuredmedia":[{"embeddable":true,"href":"https:\/\/www.eurotherm.com\/it\/wp-json\/wp\/v2\/media\/149977"}],"wp:attachment":[{"href":"https:\/\/www.eurotherm.com\/it\/wp-json\/wp\/v2\/media?parent=20584"}],"wp:term":[{"taxonomy":"product_brand","embeddable":true,"href":"https:\/\/www.eurotherm.com\/it\/wp-json\/wp\/v2\/product_brand?post=20584"},{"taxonomy":"product_cat","embeddable":true,"href":"https:\/\/www.eurotherm.com\/it\/wp-json\/wp\/v2\/product_cat?post=20584"},{"taxonomy":"product_tag","embeddable":true,"href":"https:\/\/www.eurotherm.com\/it\/wp-json\/wp\/v2\/product_tag?post=20584"}],"curies":[{"name":"wp","href":"https:\/\/api.w.org\/{rel}","templated":true}]}}