{"id":20525,"date":"2018-10-15T08:53:09","date_gmt":"2018-10-15T08:53:09","guid":{"rendered":"https:\/\/www.eurotherm.com\/product\/software-review\/"},"modified":"2024-04-05T04:31:49","modified_gmt":"2024-04-04T20:31:49","slug":"review","status":"publish","type":"product","link":"https:\/\/www.eurotherm.com\/it\/products\/recorders-and-data-acquisition-it\/recorders-software-it\/review\/","title":{"rendered":"Review"},"content":{"rendered":"<p>I dati archiviati possono essere trasferiti al database Review in uno o pi\u00f9 modi, mediante una connessione di rete oppure lettura diretta dai media rimovibili dello strumento. Una volta trasferiti, i dati possono essere utilizzati per ricreare grafici e fogli elettronici per la visualizzazione e la stampa.<\/p>\n<p><strong>Due opzioni di visualizzazione dei dati archiviati:\u00a0<\/strong><\/p>\n<h2>Review<\/h2>\n<p>E&#8217; stato progettato in due livelli: Review Lite \u00e8 incluso nel CD con tutti gli strumenti delle 5000 Series e 6000 Series Review Full offre una funzionalit\u00e0 aggiuntiva ed \u00e8 disponibile su un CD separato e nell&#8217;ambito di Pacchetto software EurothermSuite.<\/p>\n<ul>\n<li>Revisione ed analisi dei dati sicuri<\/li>\n<li>Ricerca e revisione dei dati batch<\/li>\n<li>Trasferimento automatico di file su Ethernet<\/li>\n<li>Esportazione in Excel<\/li>\n<li>Fornisce un&#8217;interfaccia a Dream Report<\/li>\n<li>Esportazione dati su Information Manager e database degli allarmi<\/li>\n<\/ul>\n<h2>QuickChart<\/h2>\n<p>Un sottoinsieme di Review per visualizzare rapidamente i dati dai file storici, senza dover acquisire i dati da un database Review. I file storici ed il relativo grafico possono essere salvati come file QuickChart ed essere inviati ad altri utenti per essere visualizzati.<\/p>\n<p>Con Review Lite, \u00e8 fornito anche QuickChart Lite.<br \/>\nCon Review Full, \u00e8 fornito anche QuickChart Full.<\/p>\n<ul>\n<li>Generazione semplificata dei grafici<\/li>\n<li>Accesso diretto ai dati<\/li>\n<li>Controllo di sicurezza tramite Security Manager<\/li>\n<li>File singolo inviato alla posta elettronica per condividere le informazioni<\/li>\n<li>Review \u00e8 compatibile con Security Manager<\/li>\n<li>Review \u00e8 un componente di EurothermSuite<\/li>\n<\/ul>\n<p><strong>CARATTERISTICHE:<\/strong><\/p>\n<ul>\n<li>Visualizzazione dati storici<\/li>\n<li>I file sono impacchettati in formato binario e a prova di manomissioni<\/li>\n<li>Menu di guida online<\/li>\n<li>Esportazione in Excel<\/li>\n<li>Trasferimento e backup file automatico<\/li>\n<\/ul>\n<p><strong>CARATTERISTICHE di Review Full:<\/strong><\/p>\n<ul>\n<li>Stampa automatica al termine del batch<\/li>\n<li>Stampa automatica su stampante specificata<\/li>\n<li>Stampa automatica su stampante PDF<\/li>\n<li>Visualizzazione dati in formato foglio elettronico<\/li>\n<\/ul>\n","protected":false},"excerpt":{"rendered":"<h2>Software Review &#8211; Revisione e analisi dei dati archiviati<\/h2>\n<p>Pacchetto software basato su PC per la visualizzazione e la stampa di file di dati d&#8217;archivio dalla gamma di registratori Eurotherm.<\/p>\n<p><strong>Fuori produzione<\/strong>: 14 luglio 2022<\/p>\n<p><strong>Termine del supporto<\/strong>: 14 luglio 2022<\/p>\n<p>Per visualizzare l&#8217;alternativa consigliata, Eurotherm Data Reviewer, fare clic <a href=\"\/products\/recorders-and-data-acquisition\/recorders-software\/data-reviewer\/\">qui<\/a>.<\/p>\n","protected":false},"featured_media":16033,"template":"","meta":{"_acf_changed":false},"product_brand":[],"product_cat":[756,11299,11358],"product_tag":[],"class_list":{"0":"post-20525","1":"product","2":"type-product","3":"status-publish","4":"has-post-thumbnail","6":"product_cat-prodotti-ita","7":"product_cat-recorders-and-data-acquisition-it","8":"product_cat-recorders-software-it","9":"product_shipping_class-1-it","11":"first","12":"instock","13":"purchasable","14":"product-type-simple"},"acf":[],"yoast_head":"<!-- This site is optimized with the Yoast SEO plugin v27.2 - https:\/\/yoast.com\/product\/yoast-seo-wordpress\/ -->\n<title>Review | Eurotherm Limited<\/title>\n<meta name=\"description\" content=\"Review | I dati archiviati possono essere trasferiti al database Review in uno o pi\u00f9 modi, mediante una connessione di rete oppure lettura diretta dai media rim\" \/>\n<meta name=\"robots\" content=\"index, follow, max-snippet:-1, max-image-preview:large, max-video-preview:-1\" \/>\n<meta property=\"og:locale\" content=\"it_IT\" \/>\n<meta property=\"og:type\" content=\"article\" \/>\n<meta property=\"og:title\" content=\"Review | Eurotherm Limited\" \/>\n<meta property=\"og:description\" content=\"Review | Software Review - Revisione e analisi dei dati archiviati Pacchetto software basato su PC per la visualizzazione e la stampa di file di dati d&#039;archivio dalla gamma di registratori Eurotherm.  Fuori produzione: 14 luglio 2022  Termine del supporto: 14 luglio 2022  Per visualizzare l&#039;alternativa consigliata, Eurotherm Data Reviewer, fare clic qui.\" \/>\n<meta property=\"og:url\" content=\"https:\/\/www.eurotherm.com\/it\/products\/recorders-and-data-acquisition-it\/recorders-software-it\/review\/\" \/>\n<meta property=\"og:site_name\" content=\"Eurotherm Limited\" \/>\n<meta property=\"article:modified_time\" content=\"2024-04-04T20:31:49+00:00\" \/>\n<meta property=\"og:image\" content=\"https:\/\/www.eurotherm.com\/wp-content\/uploads\/2018\/10\/Review.jpg\" \/>\n\t<meta property=\"og:image:width\" content=\"500\" \/>\n\t<meta property=\"og:image:height\" content=\"500\" \/>\n\t<meta property=\"og:image:type\" content=\"image\/jpeg\" \/>\n<meta name=\"twitter:card\" content=\"summary_large_image\" \/>\n<meta name=\"twitter:label1\" content=\"Tempo di lettura stimato\" \/>\n\t<meta name=\"twitter:data1\" content=\"2 minuti\" \/>\n<script type=\"application\/ld+json\" class=\"yoast-schema-graph\">{\"@context\":\"https:\/\/schema.org\",\"@graph\":[{\"@type\":\"WebPage\",\"@id\":\"https:\/\/www.eurotherm.com\/it\/products\/recorders-and-data-acquisition-it\/recorders-software-it\/review\/\",\"url\":\"https:\/\/www.eurotherm.com\/it\/products\/recorders-and-data-acquisition-it\/recorders-software-it\/review\/\",\"name\":\"Review | Eurotherm Limited\",\"isPartOf\":{\"@id\":\"https:\/\/www.eurotherm.com\/it\/#website\"},\"primaryImageOfPage\":{\"@id\":\"https:\/\/www.eurotherm.com\/it\/products\/recorders-and-data-acquisition-it\/recorders-software-it\/review\/#primaryimage\"},\"image\":{\"@id\":\"https:\/\/www.eurotherm.com\/it\/products\/recorders-and-data-acquisition-it\/recorders-software-it\/review\/#primaryimage\"},\"thumbnailUrl\":\"https:\/\/www.eurotherm.com\/wp-content\/uploads\/2018\/10\/Review.jpg\",\"datePublished\":\"2018-10-15T08:53:09+00:00\",\"dateModified\":\"2024-04-04T20:31:49+00:00\",\"description\":\"Review | Software Review - Revisione e analisi dei dati archiviati Pacchetto software basato su PC per la visualizzazione e la stampa di file di dati d'archivio dalla gamma di registratori Eurotherm. Fuori produzione: 14 luglio 2022 Termine del supporto: 14 luglio 2022 Per visualizzare l'alternativa consigliata, Eurotherm Data Reviewer, fare clic qui.\",\"breadcrumb\":{\"@id\":\"https:\/\/www.eurotherm.com\/it\/products\/recorders-and-data-acquisition-it\/recorders-software-it\/review\/#breadcrumb\"},\"inLanguage\":\"it-IT\",\"potentialAction\":[{\"@type\":\"ReadAction\",\"target\":[\"https:\/\/www.eurotherm.com\/it\/products\/recorders-and-data-acquisition-it\/recorders-software-it\/review\/\"]}]},{\"@type\":\"ImageObject\",\"inLanguage\":\"it-IT\",\"@id\":\"https:\/\/www.eurotherm.com\/it\/products\/recorders-and-data-acquisition-it\/recorders-software-it\/review\/#primaryimage\",\"url\":\"https:\/\/www.eurotherm.com\/wp-content\/uploads\/2018\/10\/Review.jpg\",\"contentUrl\":\"https:\/\/www.eurotherm.com\/wp-content\/uploads\/2018\/10\/Review.jpg\",\"width\":500,\"height\":500},{\"@type\":\"BreadcrumbList\",\"@id\":\"https:\/\/www.eurotherm.com\/it\/products\/recorders-and-data-acquisition-it\/recorders-software-it\/review\/#breadcrumb\",\"itemListElement\":[{\"@type\":\"ListItem\",\"position\":1,\"name\":\"Home\",\"item\":\"https:\/\/www.eurotherm.com\/it\/\"},{\"@type\":\"ListItem\",\"position\":2,\"name\":\"Product Catalogue\",\"item\":\"https:\/\/www.eurotherm.com\/it\/product-catalogue\/\"},{\"@type\":\"ListItem\",\"position\":3,\"name\":\"Registrazione e Gestione Dati\",\"item\":\"https:\/\/www.eurotherm.com\/it\/eurotherm-products\/recorders-and-data-acquisition-it\/\"},{\"@type\":\"ListItem\",\"position\":4,\"name\":\"Software per Registratori\",\"item\":\"https:\/\/www.eurotherm.com\/it\/eurotherm-products\/recorders-and-data-acquisition-it\/recorders-software-it\/\"},{\"@type\":\"ListItem\",\"position\":5,\"name\":\"Review\"}]},{\"@type\":\"WebSite\",\"@id\":\"https:\/\/www.eurotherm.com\/it\/#website\",\"url\":\"https:\/\/www.eurotherm.com\/it\/\",\"name\":\"Eurotherm Limited\",\"description\":\"Temperature Control, Process Control, Measurement and Data Recording Solutions\",\"potentialAction\":[{\"@type\":\"SearchAction\",\"target\":{\"@type\":\"EntryPoint\",\"urlTemplate\":\"https:\/\/www.eurotherm.com\/it\/?s={search_term_string}\"},\"query-input\":{\"@type\":\"PropertyValueSpecification\",\"valueRequired\":true,\"valueName\":\"search_term_string\"}}],\"inLanguage\":\"it-IT\"}]}<\/script>\n<!-- \/ Yoast SEO plugin. -->","yoast_head_json":{"title":"Review | Eurotherm Limited","description":"Review | I dati archiviati possono essere trasferiti al database Review in uno o pi\u00f9 modi, mediante una connessione di rete oppure lettura diretta dai media rim","robots":{"index":"index","follow":"follow","max-snippet":"max-snippet:-1","max-image-preview":"max-image-preview:large","max-video-preview":"max-video-preview:-1"},"og_locale":"it_IT","og_type":"article","og_title":"Review | Eurotherm Limited","og_description":"Review | Software Review - Revisione e analisi dei dati archiviati Pacchetto software basato su PC per la visualizzazione e la stampa di file di dati d'archivio dalla gamma di registratori Eurotherm.  Fuori produzione: 14 luglio 2022  Termine del supporto: 14 luglio 2022  Per visualizzare l'alternativa consigliata, Eurotherm Data Reviewer, fare clic qui.","og_url":"https:\/\/www.eurotherm.com\/it\/products\/recorders-and-data-acquisition-it\/recorders-software-it\/review\/","og_site_name":"Eurotherm Limited","article_modified_time":"2024-04-04T20:31:49+00:00","og_image":[{"width":500,"height":500,"url":"https:\/\/www.eurotherm.com\/wp-content\/uploads\/2018\/10\/Review.jpg","type":"image\/jpeg"}],"twitter_card":"summary_large_image","twitter_misc":{"Tempo di lettura stimato":"2 minuti"},"schema":{"@context":"https:\/\/schema.org","@graph":[{"@type":"WebPage","@id":"https:\/\/www.eurotherm.com\/it\/products\/recorders-and-data-acquisition-it\/recorders-software-it\/review\/","url":"https:\/\/www.eurotherm.com\/it\/products\/recorders-and-data-acquisition-it\/recorders-software-it\/review\/","name":"Review | Eurotherm Limited","isPartOf":{"@id":"https:\/\/www.eurotherm.com\/it\/#website"},"primaryImageOfPage":{"@id":"https:\/\/www.eurotherm.com\/it\/products\/recorders-and-data-acquisition-it\/recorders-software-it\/review\/#primaryimage"},"image":{"@id":"https:\/\/www.eurotherm.com\/it\/products\/recorders-and-data-acquisition-it\/recorders-software-it\/review\/#primaryimage"},"thumbnailUrl":"https:\/\/www.eurotherm.com\/wp-content\/uploads\/2018\/10\/Review.jpg","datePublished":"2018-10-15T08:53:09+00:00","dateModified":"2024-04-04T20:31:49+00:00","description":"Review | Software Review - Revisione e analisi dei dati archiviati Pacchetto software basato su PC per la visualizzazione e la stampa di file di dati d'archivio dalla gamma di registratori Eurotherm. Fuori produzione: 14 luglio 2022 Termine del supporto: 14 luglio 2022 Per visualizzare l'alternativa consigliata, Eurotherm Data Reviewer, fare clic qui.","breadcrumb":{"@id":"https:\/\/www.eurotherm.com\/it\/products\/recorders-and-data-acquisition-it\/recorders-software-it\/review\/#breadcrumb"},"inLanguage":"it-IT","potentialAction":[{"@type":"ReadAction","target":["https:\/\/www.eurotherm.com\/it\/products\/recorders-and-data-acquisition-it\/recorders-software-it\/review\/"]}]},{"@type":"ImageObject","inLanguage":"it-IT","@id":"https:\/\/www.eurotherm.com\/it\/products\/recorders-and-data-acquisition-it\/recorders-software-it\/review\/#primaryimage","url":"https:\/\/www.eurotherm.com\/wp-content\/uploads\/2018\/10\/Review.jpg","contentUrl":"https:\/\/www.eurotherm.com\/wp-content\/uploads\/2018\/10\/Review.jpg","width":500,"height":500},{"@type":"BreadcrumbList","@id":"https:\/\/www.eurotherm.com\/it\/products\/recorders-and-data-acquisition-it\/recorders-software-it\/review\/#breadcrumb","itemListElement":[{"@type":"ListItem","position":1,"name":"Home","item":"https:\/\/www.eurotherm.com\/it\/"},{"@type":"ListItem","position":2,"name":"Product Catalogue","item":"https:\/\/www.eurotherm.com\/it\/product-catalogue\/"},{"@type":"ListItem","position":3,"name":"Registrazione e Gestione Dati","item":"https:\/\/www.eurotherm.com\/it\/eurotherm-products\/recorders-and-data-acquisition-it\/"},{"@type":"ListItem","position":4,"name":"Software per Registratori","item":"https:\/\/www.eurotherm.com\/it\/eurotherm-products\/recorders-and-data-acquisition-it\/recorders-software-it\/"},{"@type":"ListItem","position":5,"name":"Review"}]},{"@type":"WebSite","@id":"https:\/\/www.eurotherm.com\/it\/#website","url":"https:\/\/www.eurotherm.com\/it\/","name":"Eurotherm Limited","description":"Temperature Control, Process Control, Measurement and Data Recording Solutions","potentialAction":[{"@type":"SearchAction","target":{"@type":"EntryPoint","urlTemplate":"https:\/\/www.eurotherm.com\/it\/?s={search_term_string}"},"query-input":{"@type":"PropertyValueSpecification","valueRequired":true,"valueName":"search_term_string"}}],"inLanguage":"it-IT"}]}},"ACF":{"product_file":[28196,27454,29384,29382,27942,27866,27943,27939,28575,27859,27893,28576,27584,27497,28550,28573,28574],"product_status":"Discontinued","enable_watlow_configurator":false},"jetpack_sharing_enabled":true,"_links":{"self":[{"href":"https:\/\/www.eurotherm.com\/it\/wp-json\/wp\/v2\/product\/20525","targetHints":{"allow":["GET"]}}],"collection":[{"href":"https:\/\/www.eurotherm.com\/it\/wp-json\/wp\/v2\/product"}],"about":[{"href":"https:\/\/www.eurotherm.com\/it\/wp-json\/wp\/v2\/types\/product"}],"wp:featuredmedia":[{"embeddable":true,"href":"https:\/\/www.eurotherm.com\/it\/wp-json\/wp\/v2\/media\/16033"}],"wp:attachment":[{"href":"https:\/\/www.eurotherm.com\/it\/wp-json\/wp\/v2\/media?parent=20525"}],"wp:term":[{"taxonomy":"product_brand","embeddable":true,"href":"https:\/\/www.eurotherm.com\/it\/wp-json\/wp\/v2\/product_brand?post=20525"},{"taxonomy":"product_cat","embeddable":true,"href":"https:\/\/www.eurotherm.com\/it\/wp-json\/wp\/v2\/product_cat?post=20525"},{"taxonomy":"product_tag","embeddable":true,"href":"https:\/\/www.eurotherm.com\/it\/wp-json\/wp\/v2\/product_tag?post=20525"}],"curies":[{"name":"wp","href":"https:\/\/api.w.org\/{rel}","templated":true}]}}