{"id":20522,"date":"2018-10-15T08:50:47","date_gmt":"2018-10-15T08:50:47","guid":{"rendered":"https:\/\/www.eurotherm.com\/product\/software-dream-report\/"},"modified":"2020-11-03T00:10:30","modified_gmt":"2020-11-02T16:10:30","slug":"dream-report","status":"publish","type":"product","link":"https:\/\/www.eurotherm.com\/it\/products\/machine-control-and-process-automation-it\/pac-software-it\/dream-report\/","title":{"rendered":"Dream Report"},"content":{"rendered":"<h2>Raccolta dati<\/h2>\n<p>Il software Dream Report include una serie di modelli di report ed un driver Eurotherm Review per ricavare dati storici da dispositivi quali registratori grafici Serie 6000, T2550 Programmable Automation Controller e Unit\u00e0 di visualizzazione e controllo Eycon TM. \u00a0I dati possono essere raccolti automaticamente attraverso una rete Ethernet oppure manualmente con dispositivi rimovibili.<br \/>\nUn solido kernel di comunicazione installato nel software, consente la raccolta di dati e allarmi da molteplici fonti storiche e in tempo reale, utilizzando gli standard OPC, OLE e ODBC, per garantire un&#8217;interfaccia comune tra le fonti di diversi fornitori.<\/p>\n<h2>Generazione di report<\/h2>\n<p>In modalit\u00e0 automatica, la generazione e la distribuzione di report possono essere attivate da un evento o dalla programmazione anticipata. In modalit\u00e0 manuale, un&#8217;applicazione aggiuntiva (Dynamic Report GeneratorTM &#8211; DRG) fornisce la schedulazione dei programmi di report o la generazione di un report su richiesta in qualsiasi momento.<\/p>\n<h2>Registrazione dei dati<\/h2>\n<p>Il software Dream Report, con il potente gestore storico, registra per gruppi, dati ed allarmi da:<\/p>\n<ul>\n<li>Server OPC<\/li>\n<li>Altre fonti collegate in tempo reale &#8211; ODBC, OLE, ecc.<\/li>\n<li>Informazioni analitiche secondo le loro definizioni nei report<\/li>\n<\/ul>\n<p>Con gruppi illimitati impostati con specifiche condizioni di registrazione per ciascun gruppo, dati precisi e puliti sono ottenuti e registrati di default, su MSDE dal Server SQL. Altri database aperti quali Oracle, MySql, Access o Information Manager Eurotherm sono altres\u00ec utilizzabili.<\/p>\n<h2>Oggetti<\/h2>\n<ul>\n<li>Rappresentazione del testo: Consente l&#8217;estrazione e l&#8217;analisi del display da database storici come il database Review<\/li>\n<li>Tabelle: Opzioni multiple per estrarre dati ed allarmi in diverse tabelle. Gli utenti possono selezionare tabelle preformattate oppure crearne di proprie con la tabella SQL<\/li>\n<li>Grafici a barre e a torta: Grafici a barre e a torta per visualizzare valori statistici ed allarmi con opzioni di visualizzazioni avanzate (%, legenda, valori, ecc.)<\/li>\n<li>Grafici: L&#8217;utente pu\u00f2 definire grafici X-Y basati su tempo. E&#8217; possibile combinare grafici di diversi contesti temporali per visualizzare e raffrontare rapidamente i risultati. L&#8217;oggetto del grafico inoltre supporta diversi tipi di dati: valore, valore medio, regressione lineare. Gli utenti possono visualizzare e regolare scale multiple automaticamente o manualmente.<\/li>\n<\/ul>\n<p><strong>Ideale per:<\/strong><\/p>\n<ul>\n<li>Raccolta di dati<\/li>\n<li>Estrazione ed analisi dei dati<\/li>\n<li>Progettazione di report<\/li>\n<li>Generazione di report<\/li>\n<li>Distribuzione di report<\/li>\n<\/ul>\n","protected":false},"excerpt":{"rendered":"<h2>Software Dream Report<\/h2>\n<p>Il software Dream ReportTM di Eurotherm \u00e8 una soluzione di reporting integrata per l&#8217;automazione industriale. E&#8217; stato progettato per essere la soluzione pi\u00f9 semplice per estrarre dati da pressoch\u00e9 qualsiasi fonte e generare automaticamente report, per qualsiasi utente in qualsiasi luogo. Costruito sfruttando moderne tecnologie, il software Dream Report si adatta perfettamente a qualsiasi applicazione di processo batch e continuo.<\/p>\n<ul>\n<li>Generazione manuale ed automatica di report<\/li>\n<li>Tempi tecnici ridotti<\/li>\n<li>Portale Web per condividere le informazioni<\/li>\n<li>Reporting continuo e batch<\/li>\n<li>Genera PDF protetti ed effettua l&#8217;esportazione su Excel<\/li>\n<li>Modulo User Management per la sicurezza dei vostri dati<\/li>\n<li>Supporto multilingue<\/li>\n<\/ul>\n","protected":false},"featured_media":95449,"template":"","meta":{"_acf_changed":false},"product_brand":[],"product_cat":[11503,11273,11504,756,11299,11358],"product_tag":[],"class_list":{"0":"post-20522","1":"product","2":"type-product","3":"status-publish","4":"has-post-thumbnail","6":"product_cat-machine-control-and-process-automation-it","7":"product_cat-pac-software-it","8":"product_cat-plc-and-pac-it","9":"product_cat-prodotti-ita","10":"product_cat-recorders-and-data-acquisition-it","11":"product_cat-recorders-software-it","12":"product_shipping_class-1-it","14":"first","15":"instock","16":"purchasable","17":"product-type-simple"},"acf":[],"yoast_head":"<!-- This site is optimized with the Yoast SEO plugin v27.5 - https:\/\/yoast.com\/product\/yoast-seo-wordpress\/ -->\n<title>Dream Report | Eurotherm Limited<\/title>\n<meta name=\"description\" content=\"Dream Report | Raccolta dati Il software Dream Report include una serie di modelli di report ed un driver Eurotherm Review per ricavare dati storici d\" \/>\n<meta name=\"robots\" content=\"index, follow, max-snippet:-1, max-image-preview:large, max-video-preview:-1\" \/>\n<meta property=\"og:locale\" content=\"it_IT\" \/>\n<meta property=\"og:type\" content=\"article\" \/>\n<meta property=\"og:title\" content=\"Dream Report | Eurotherm Limited\" \/>\n<meta property=\"og:description\" content=\"Dream Report | Software Dream Report Il software Dream ReportTM di Eurotherm \u00e8 una soluzione di reporting integrata per l&#039;automazione industriale. E&#039; stato progettato per essere la soluzione pi\u00f9 semplice per estrarre dati da pressoch\u00e9 qualsiasi fonte e generare automaticamente report, per qualsiasi utente in qualsiasi luogo. Costruito sfruttando moderne tecnologie, il software Dream Report si adatta perfettamente a qualsiasi applicazione di processo batch e continuo.   Generazione manuale ed automatica di report  Tempi tecnici ridotti  Portale Web per condividere le informazioni  Reporting continuo e batch  Genera PDF protetti ed effettua l&#039;esportazione su Excel  Modulo User Management per la sicurezza dei vostri dati  Supporto multilingue\" \/>\n<meta property=\"og:url\" content=\"https:\/\/www.eurotherm.com\/it\/products\/machine-control-and-process-automation-it\/pac-software-it\/dream-report\/\" \/>\n<meta property=\"og:site_name\" content=\"Eurotherm Limited\" \/>\n<meta property=\"article:modified_time\" content=\"2020-11-02T16:10:30+00:00\" \/>\n<meta property=\"og:image\" content=\"https:\/\/www.eurotherm.com\/wp-content\/uploads\/2018\/10\/Dream-report.jpg\" \/>\n\t<meta property=\"og:image:width\" content=\"500\" \/>\n\t<meta property=\"og:image:height\" content=\"500\" \/>\n\t<meta property=\"og:image:type\" content=\"image\/jpeg\" \/>\n<meta name=\"twitter:card\" content=\"summary_large_image\" \/>\n<meta name=\"twitter:label1\" content=\"Tempo di lettura stimato\" \/>\n\t<meta name=\"twitter:data1\" content=\"2 minuti\" \/>\n<script type=\"application\/ld+json\" class=\"yoast-schema-graph\">{\"@context\":\"https:\\\/\\\/schema.org\",\"@graph\":[{\"@type\":\"WebPage\",\"@id\":\"https:\\\/\\\/www.eurotherm.com\\\/it\\\/products\\\/machine-control-and-process-automation-it\\\/pac-software-it\\\/dream-report\\\/\",\"url\":\"https:\\\/\\\/www.eurotherm.com\\\/it\\\/products\\\/machine-control-and-process-automation-it\\\/pac-software-it\\\/dream-report\\\/\",\"name\":\"Dream Report | Eurotherm Limited\",\"isPartOf\":{\"@id\":\"https:\\\/\\\/www.eurotherm.com\\\/it\\\/#website\"},\"primaryImageOfPage\":{\"@id\":\"https:\\\/\\\/www.eurotherm.com\\\/it\\\/products\\\/machine-control-and-process-automation-it\\\/pac-software-it\\\/dream-report\\\/#primaryimage\"},\"image\":{\"@id\":\"https:\\\/\\\/www.eurotherm.com\\\/it\\\/products\\\/machine-control-and-process-automation-it\\\/pac-software-it\\\/dream-report\\\/#primaryimage\"},\"thumbnailUrl\":\"https:\\\/\\\/www.eurotherm.com\\\/wp-content\\\/uploads\\\/2018\\\/10\\\/Dream-report.jpg\",\"datePublished\":\"2018-10-15T08:50:47+00:00\",\"dateModified\":\"2020-11-02T16:10:30+00:00\",\"description\":\"Dream Report | Software Dream Report Il software Dream ReportTM di Eurotherm \u00e8 una soluzione di reporting integrata per l'automazione industriale. E' stato progettato per essere la soluzione pi\u00f9 semplice per estrarre dati da pressoch\u00e9 qualsiasi fonte e generare automaticamente report, per qualsiasi utente in qualsiasi luogo. Costruito sfruttando moderne tecnologie, il software Dream Report si adatta perfettamente a qualsiasi applicazione di processo batch e continuo. Generazione manuale ed automatica di report Tempi tecnici ridotti Portale Web per condividere le informazioni Reporting continuo e batch Genera PDF protetti ed effettua l'esportazione su Excel Modulo User Management per la sicurezza dei vostri dati Supporto multilingue\",\"breadcrumb\":{\"@id\":\"https:\\\/\\\/www.eurotherm.com\\\/it\\\/products\\\/machine-control-and-process-automation-it\\\/pac-software-it\\\/dream-report\\\/#breadcrumb\"},\"inLanguage\":\"it-IT\",\"potentialAction\":[{\"@type\":\"ReadAction\",\"target\":[\"https:\\\/\\\/www.eurotherm.com\\\/it\\\/products\\\/machine-control-and-process-automation-it\\\/pac-software-it\\\/dream-report\\\/\"]}]},{\"@type\":\"ImageObject\",\"inLanguage\":\"it-IT\",\"@id\":\"https:\\\/\\\/www.eurotherm.com\\\/it\\\/products\\\/machine-control-and-process-automation-it\\\/pac-software-it\\\/dream-report\\\/#primaryimage\",\"url\":\"https:\\\/\\\/www.eurotherm.com\\\/wp-content\\\/uploads\\\/2018\\\/10\\\/Dream-report.jpg\",\"contentUrl\":\"https:\\\/\\\/www.eurotherm.com\\\/wp-content\\\/uploads\\\/2018\\\/10\\\/Dream-report.jpg\",\"width\":500,\"height\":500},{\"@type\":\"BreadcrumbList\",\"@id\":\"https:\\\/\\\/www.eurotherm.com\\\/it\\\/products\\\/machine-control-and-process-automation-it\\\/pac-software-it\\\/dream-report\\\/#breadcrumb\",\"itemListElement\":[{\"@type\":\"ListItem\",\"position\":1,\"name\":\"Home\",\"item\":\"https:\\\/\\\/www.eurotherm.com\\\/it\\\/\"},{\"@type\":\"ListItem\",\"position\":2,\"name\":\"Product Catalogue\",\"item\":\"https:\\\/\\\/www.eurotherm.com\\\/it\\\/product-catalogue\\\/\"},{\"@type\":\"ListItem\",\"position\":3,\"name\":\"Registrazione e Gestione Dati\",\"item\":\"https:\\\/\\\/www.eurotherm.com\\\/it\\\/eurotherm-products\\\/recorders-and-data-acquisition-it\\\/\"},{\"@type\":\"ListItem\",\"position\":4,\"name\":\"Software per Registratori\",\"item\":\"https:\\\/\\\/www.eurotherm.com\\\/it\\\/eurotherm-products\\\/recorders-and-data-acquisition-it\\\/recorders-software-it\\\/\"},{\"@type\":\"ListItem\",\"position\":5,\"name\":\"Dream Report\"}]},{\"@type\":\"WebSite\",\"@id\":\"https:\\\/\\\/www.eurotherm.com\\\/it\\\/#website\",\"url\":\"https:\\\/\\\/www.eurotherm.com\\\/it\\\/\",\"name\":\"Eurotherm Limited\",\"description\":\"Temperature Control, Process Control, Measurement and Data Recording Solutions\",\"potentialAction\":[{\"@type\":\"SearchAction\",\"target\":{\"@type\":\"EntryPoint\",\"urlTemplate\":\"https:\\\/\\\/www.eurotherm.com\\\/it\\\/?s={search_term_string}\"},\"query-input\":{\"@type\":\"PropertyValueSpecification\",\"valueRequired\":true,\"valueName\":\"search_term_string\"}}],\"inLanguage\":\"it-IT\"}]}<\/script>\n<!-- \/ Yoast SEO plugin. -->","yoast_head_json":{"title":"Dream Report | Eurotherm Limited","description":"Dream Report | Raccolta dati Il software Dream Report include una serie di modelli di report ed un driver Eurotherm Review per ricavare dati storici d","robots":{"index":"index","follow":"follow","max-snippet":"max-snippet:-1","max-image-preview":"max-image-preview:large","max-video-preview":"max-video-preview:-1"},"og_locale":"it_IT","og_type":"article","og_title":"Dream Report | Eurotherm Limited","og_description":"Dream Report | Software Dream Report Il software Dream ReportTM di Eurotherm \u00e8 una soluzione di reporting integrata per l'automazione industriale. E' stato progettato per essere la soluzione pi\u00f9 semplice per estrarre dati da pressoch\u00e9 qualsiasi fonte e generare automaticamente report, per qualsiasi utente in qualsiasi luogo. Costruito sfruttando moderne tecnologie, il software Dream Report si adatta perfettamente a qualsiasi applicazione di processo batch e continuo.   Generazione manuale ed automatica di report  Tempi tecnici ridotti  Portale Web per condividere le informazioni  Reporting continuo e batch  Genera PDF protetti ed effettua l'esportazione su Excel  Modulo User Management per la sicurezza dei vostri dati  Supporto multilingue","og_url":"https:\/\/www.eurotherm.com\/it\/products\/machine-control-and-process-automation-it\/pac-software-it\/dream-report\/","og_site_name":"Eurotherm Limited","article_modified_time":"2020-11-02T16:10:30+00:00","og_image":[{"width":500,"height":500,"url":"https:\/\/www.eurotherm.com\/wp-content\/uploads\/2018\/10\/Dream-report.jpg","type":"image\/jpeg"}],"twitter_card":"summary_large_image","twitter_misc":{"Tempo di lettura stimato":"2 minuti"},"schema":{"@context":"https:\/\/schema.org","@graph":[{"@type":"WebPage","@id":"https:\/\/www.eurotherm.com\/it\/products\/machine-control-and-process-automation-it\/pac-software-it\/dream-report\/","url":"https:\/\/www.eurotherm.com\/it\/products\/machine-control-and-process-automation-it\/pac-software-it\/dream-report\/","name":"Dream Report | Eurotherm Limited","isPartOf":{"@id":"https:\/\/www.eurotherm.com\/it\/#website"},"primaryImageOfPage":{"@id":"https:\/\/www.eurotherm.com\/it\/products\/machine-control-and-process-automation-it\/pac-software-it\/dream-report\/#primaryimage"},"image":{"@id":"https:\/\/www.eurotherm.com\/it\/products\/machine-control-and-process-automation-it\/pac-software-it\/dream-report\/#primaryimage"},"thumbnailUrl":"https:\/\/www.eurotherm.com\/wp-content\/uploads\/2018\/10\/Dream-report.jpg","datePublished":"2018-10-15T08:50:47+00:00","dateModified":"2020-11-02T16:10:30+00:00","description":"Dream Report | Software Dream Report Il software Dream ReportTM di Eurotherm \u00e8 una soluzione di reporting integrata per l'automazione industriale. E' stato progettato per essere la soluzione pi\u00f9 semplice per estrarre dati da pressoch\u00e9 qualsiasi fonte e generare automaticamente report, per qualsiasi utente in qualsiasi luogo. Costruito sfruttando moderne tecnologie, il software Dream Report si adatta perfettamente a qualsiasi applicazione di processo batch e continuo. Generazione manuale ed automatica di report Tempi tecnici ridotti Portale Web per condividere le informazioni Reporting continuo e batch Genera PDF protetti ed effettua l'esportazione su Excel Modulo User Management per la sicurezza dei vostri dati Supporto multilingue","breadcrumb":{"@id":"https:\/\/www.eurotherm.com\/it\/products\/machine-control-and-process-automation-it\/pac-software-it\/dream-report\/#breadcrumb"},"inLanguage":"it-IT","potentialAction":[{"@type":"ReadAction","target":["https:\/\/www.eurotherm.com\/it\/products\/machine-control-and-process-automation-it\/pac-software-it\/dream-report\/"]}]},{"@type":"ImageObject","inLanguage":"it-IT","@id":"https:\/\/www.eurotherm.com\/it\/products\/machine-control-and-process-automation-it\/pac-software-it\/dream-report\/#primaryimage","url":"https:\/\/www.eurotherm.com\/wp-content\/uploads\/2018\/10\/Dream-report.jpg","contentUrl":"https:\/\/www.eurotherm.com\/wp-content\/uploads\/2018\/10\/Dream-report.jpg","width":500,"height":500},{"@type":"BreadcrumbList","@id":"https:\/\/www.eurotherm.com\/it\/products\/machine-control-and-process-automation-it\/pac-software-it\/dream-report\/#breadcrumb","itemListElement":[{"@type":"ListItem","position":1,"name":"Home","item":"https:\/\/www.eurotherm.com\/it\/"},{"@type":"ListItem","position":2,"name":"Product Catalogue","item":"https:\/\/www.eurotherm.com\/it\/product-catalogue\/"},{"@type":"ListItem","position":3,"name":"Registrazione e Gestione Dati","item":"https:\/\/www.eurotherm.com\/it\/eurotherm-products\/recorders-and-data-acquisition-it\/"},{"@type":"ListItem","position":4,"name":"Software per Registratori","item":"https:\/\/www.eurotherm.com\/it\/eurotherm-products\/recorders-and-data-acquisition-it\/recorders-software-it\/"},{"@type":"ListItem","position":5,"name":"Dream Report"}]},{"@type":"WebSite","@id":"https:\/\/www.eurotherm.com\/it\/#website","url":"https:\/\/www.eurotherm.com\/it\/","name":"Eurotherm Limited","description":"Temperature Control, Process Control, Measurement and Data Recording Solutions","potentialAction":[{"@type":"SearchAction","target":{"@type":"EntryPoint","urlTemplate":"https:\/\/www.eurotherm.com\/it\/?s={search_term_string}"},"query-input":{"@type":"PropertyValueSpecification","valueRequired":true,"valueName":"search_term_string"}}],"inLanguage":"it-IT"}]}},"ACF":{"product_file":[27454,28535,27942,27866,27943,27939,27584,27439,29343,27497,27749,27526],"related_products":""},"jetpack_sharing_enabled":true,"_links":{"self":[{"href":"https:\/\/www.eurotherm.com\/it\/wp-json\/wp\/v2\/product\/20522","targetHints":{"allow":["GET"]}}],"collection":[{"href":"https:\/\/www.eurotherm.com\/it\/wp-json\/wp\/v2\/product"}],"about":[{"href":"https:\/\/www.eurotherm.com\/it\/wp-json\/wp\/v2\/types\/product"}],"wp:featuredmedia":[{"embeddable":true,"href":"https:\/\/www.eurotherm.com\/it\/wp-json\/wp\/v2\/media\/95449"}],"wp:attachment":[{"href":"https:\/\/www.eurotherm.com\/it\/wp-json\/wp\/v2\/media?parent=20522"}],"wp:term":[{"taxonomy":"product_brand","embeddable":true,"href":"https:\/\/www.eurotherm.com\/it\/wp-json\/wp\/v2\/product_brand?post=20522"},{"taxonomy":"product_cat","embeddable":true,"href":"https:\/\/www.eurotherm.com\/it\/wp-json\/wp\/v2\/product_cat?post=20522"},{"taxonomy":"product_tag","embeddable":true,"href":"https:\/\/www.eurotherm.com\/it\/wp-json\/wp\/v2\/product_tag?post=20522"}],"curies":[{"name":"wp","href":"https:\/\/api.w.org\/{rel}","templated":true}]}}