{"id":20503,"date":"2018-10-15T08:47:51","date_gmt":"2018-10-15T08:47:51","guid":{"rendered":"https:\/\/www.eurotherm.com\/product\/regolatori-di-temperatura-processo-serie-3200-2\/"},"modified":"2023-08-22T17:24:09","modified_gmt":"2023-08-22T09:24:09","slug":"3200-temperature-process-controller","status":"publish","type":"product","link":"https:\/\/www.eurotherm.com\/it\/products\/temperature-controllers-it\/single-loop-temperature-controllers-it\/3200-temperature-process-controller\/","title":{"rendered":"Regolatori di temperatura\/processo Serie 3200"},"content":{"rendered":"<ul>\n<li>Configurazione con metodo avvio rapido (QuickStart)<\/li>\n<li>Configurazione software tramite wizard su PC con la guida on line<\/li>\n<li>Messa in servizio semplice e rapida &#8211; senza bisogno di conoscenze specifiche<\/li>\n<li>Informazioni di processo chiare con messaggi scorrevoli personalizzati<\/li>\n<li>Messaggi d&#8217;allarme personalizzati per una facile comprensione<\/li>\n<li>Selezione ricetta dall&#8217;interfaccia operatore<\/li>\n<li>Timer interno e programmazione setpoint<\/li>\n<li>Indicazione immediata degli errori del riscaldatore con indicazione della corrente<\/li>\n<li>Setpoint remoto- soluzione per applicazioni multi-zona<\/li>\n<\/ul>\n<p>La semplicit\u00e0 d&#8217;uso \u00e8 la caratteristica principale di questi regolatori. Tutte le funzioni essenziali per il controllo di processo possono essere configurate con un semplice codice di Avvio rapido. Questo tipo di configurazione riguarda il tipo di sensori di ingresso, il range di misura, le opzioni di controllo e gli allarmi. Se lo si desidera, \u00e8 possibile indicare le specifiche esigenze al momento dell&#8217;ordine e l&#8217;unit\u00e0 verr\u00e0 consegnata preconfigurata in base alle richieste.<\/p>\n<p>In modalit\u00e0 operatore, ad ogni parametro \u00e8 abbinato un messaggio di testo scorrevole che ne descrive la funzione ed \u00e8 disponibile in inglese, tedesco, francese, spagnolo ed italiano. Altre funzionalit\u00e0 avanzate vengono configurate con Eurotherm iTools, un wizard di configurazione su PC facile da utilizzare e che comprende una guida a tutte le funzioni del regolatore.<\/p>\n<h2>Monitoraggio corrente del riscaldatore<\/h2>\n<p>Un ingresso da trasformatore di corrente permette la visualizzazione della corrente del riscaldatore ed un controllo generale del carico. Rottura parziale del carico, circuito aperto del riscaldatore, cortocircuito SSR vengono rilevati e visualizzati come messaggi di allarme scorrevoli e attivano un&#8217;uscita di allarme. Nei regolatori 3208 e 3204 un amperometro nel pannello frontale visualizza la corrente del riscaldatore.<\/p>\n<h2>Programmatore di setpoint<\/h2>\n<p>Profili di trattamento termico possono essere configurati con il programmatore a 8 segmenti. La funzione di &#8216;guaranteed soak&#8217;, all&#8217;inizio di ogni segmento, pu\u00f2 essere utilizzata per garantire i periodi di permanenza. Un&#8217;uscita di evento digitale pu\u00f2 essere attivata in ogni segmento, per abilitazione elettrovalvole.<\/p>\n<h2>Messaggi di testo personalizzati<\/h2>\n<p>Messaggi personalizzati possono essere creati con il wizard Eurotherm iTools e scaricati nel regolatore 3200 per essere visualizzati quando si verifica un evento, un allarme o una condizione di processo. Ci\u00f2 garantisce all&#8217;operatore una buona visibilit\u00e0 dello stato del processo.<\/p>\n<h2>Setpoint remoto<\/h2>\n<p>Per il regolatore 3200 esiste la possibilit\u00e0 di avere un ingresso analogico remoto. Pu\u00f2 essere in volt o mA e viene utilizzato come setpoint di regolazione gestito da un regolatore master o PLC.<\/p>\n<p><strong>IDEALE PER:<\/strong><\/p>\n<ul>\n<li>Estrusione di materie plastiche<\/li>\n<li>Sistemi a canale caldo<\/li>\n<li>Formatura termica<\/li>\n<li>Forni e refrigeratori<\/li>\n<li>Distensione<\/li>\n<\/ul>\n<p><strong>CARATTERISTICHE:\u00a0<\/strong><\/p>\n<ul>\n<li>Programmatore a 8 segmenti<\/li>\n<li>Rilevamento guasti al riscaldatore<\/li>\n<li>Timer interno<\/li>\n<li>Messaggi di testo scorrevoli<\/li>\n<li>Ricette<\/li>\n<li>Comunicazione Modbus<\/li>\n<li>Ritrasmissione SP Modbus<\/li>\n<li>Ritrasmissione analogica<\/li>\n<li>Setpoint remoto<\/li>\n<li>Testo guida<\/li>\n<\/ul>\n","protected":false},"excerpt":{"rendered":"<h2>Regolatori di temperatura\/processo 3204, 3216, 3208, 32h8<\/h2>\n<p>L&#8217;innovativa serie di regolatori 3200 offre precisione nel controllo di temperatura e\u00a0altre variabili di processo insieme a funzioni avanzate difficilmente\u00a0disponibili in questa classe di regolatori.<\/p>\n","protected":false},"featured_media":8963,"template":"","meta":{"_acf_changed":false},"product_brand":[],"product_cat":[11405],"product_tag":[],"class_list":{"0":"post-20503","1":"product","2":"type-product","3":"status-publish","4":"has-post-thumbnail","6":"product_cat-single-loop-temperature-controllers-it","7":"product_shipping_class-1-it","9":"first","10":"instock","11":"purchasable","12":"product-type-simple"},"acf":[],"yoast_head":"<!-- This site is optimized with the Yoast SEO plugin v27.2 - https:\/\/yoast.com\/product\/yoast-seo-wordpress\/ -->\n<title>Regolatori di temperatura\/processo Serie 3200 | Eurotherm Limited<\/title>\n<meta name=\"description\" content=\"Regolatori di temperatura\/processo Serie 3200 | Configurazione con metodo avvio rapido (QuickStart) Configurazione software tramite wiza\" \/>\n<meta name=\"robots\" content=\"index, follow, max-snippet:-1, max-image-preview:large, max-video-preview:-1\" \/>\n<meta property=\"og:locale\" content=\"it_IT\" \/>\n<meta property=\"og:type\" content=\"article\" \/>\n<meta property=\"og:title\" content=\"Regolatori di temperatura\/processo Serie 3200 | Eurotherm Limited\" \/>\n<meta property=\"og:description\" content=\"Regolatori di temperatura\/processo Serie 3200 | Regolatori di temperatura\/processo 3204, 3216, 3208, 32h8 L&#039;innovativa serie di regolatori 3200 offre precisione nel controllo di temperatura e\u00a0altre variabili di processo insieme a funzioni avanzate difficilmente\u00a0disponibili in questa classe di regolatori.\" \/>\n<meta property=\"og:url\" content=\"https:\/\/www.eurotherm.com\/it\/products\/temperature-controllers-it\/single-loop-temperature-controllers-it\/3200-temperature-process-controller\/\" \/>\n<meta property=\"og:site_name\" content=\"Eurotherm Limited\" \/>\n<meta property=\"article:modified_time\" content=\"2023-08-22T09:24:09+00:00\" \/>\n<meta property=\"og:image\" content=\"https:\/\/www.eurotherm.com\/wp-content\/uploads\/2018\/10\/3200_series.jpg\" \/>\n\t<meta property=\"og:image:width\" content=\"500\" \/>\n\t<meta property=\"og:image:height\" content=\"500\" \/>\n\t<meta property=\"og:image:type\" content=\"image\/jpeg\" \/>\n<meta name=\"twitter:card\" content=\"summary_large_image\" \/>\n<meta name=\"twitter:label1\" content=\"Tempo di lettura stimato\" \/>\n\t<meta name=\"twitter:data1\" content=\"2 minuti\" \/>\n<script type=\"application\/ld+json\" class=\"yoast-schema-graph\">{\"@context\":\"https:\/\/schema.org\",\"@graph\":[{\"@type\":\"WebPage\",\"@id\":\"https:\/\/www.eurotherm.com\/it\/products\/temperature-controllers-it\/single-loop-temperature-controllers-it\/3200-temperature-process-controller\/\",\"url\":\"https:\/\/www.eurotherm.com\/it\/products\/temperature-controllers-it\/single-loop-temperature-controllers-it\/3200-temperature-process-controller\/\",\"name\":\"Regolatori di temperatura\/processo Serie 3200 | Eurotherm Limited\",\"isPartOf\":{\"@id\":\"https:\/\/www.eurotherm.com\/it\/#website\"},\"primaryImageOfPage\":{\"@id\":\"https:\/\/www.eurotherm.com\/it\/products\/temperature-controllers-it\/single-loop-temperature-controllers-it\/3200-temperature-process-controller\/#primaryimage\"},\"image\":{\"@id\":\"https:\/\/www.eurotherm.com\/it\/products\/temperature-controllers-it\/single-loop-temperature-controllers-it\/3200-temperature-process-controller\/#primaryimage\"},\"thumbnailUrl\":\"https:\/\/www.eurotherm.com\/wp-content\/uploads\/2018\/10\/3200_series.jpg\",\"datePublished\":\"2018-10-15T08:47:51+00:00\",\"dateModified\":\"2023-08-22T09:24:09+00:00\",\"description\":\"Regolatori di temperatura\/processo Serie 3200 | Regolatori di temperatura\/processo 3204, 3216, 3208, 32h8 L'innovativa serie di regolatori 3200 offre precisione nel controllo di temperatura e\u00a0altre variabili di processo insieme a funzioni avanzate difficilmente\u00a0disponibili in questa classe di regolatori.\",\"breadcrumb\":{\"@id\":\"https:\/\/www.eurotherm.com\/it\/products\/temperature-controllers-it\/single-loop-temperature-controllers-it\/3200-temperature-process-controller\/#breadcrumb\"},\"inLanguage\":\"it-IT\",\"potentialAction\":[{\"@type\":\"ReadAction\",\"target\":[\"https:\/\/www.eurotherm.com\/it\/products\/temperature-controllers-it\/single-loop-temperature-controllers-it\/3200-temperature-process-controller\/\"]}]},{\"@type\":\"ImageObject\",\"inLanguage\":\"it-IT\",\"@id\":\"https:\/\/www.eurotherm.com\/it\/products\/temperature-controllers-it\/single-loop-temperature-controllers-it\/3200-temperature-process-controller\/#primaryimage\",\"url\":\"https:\/\/www.eurotherm.com\/wp-content\/uploads\/2018\/10\/3200_series.jpg\",\"contentUrl\":\"https:\/\/www.eurotherm.com\/wp-content\/uploads\/2018\/10\/3200_series.jpg\",\"width\":500,\"height\":500},{\"@type\":\"BreadcrumbList\",\"@id\":\"https:\/\/www.eurotherm.com\/it\/products\/temperature-controllers-it\/single-loop-temperature-controllers-it\/3200-temperature-process-controller\/#breadcrumb\",\"itemListElement\":[{\"@type\":\"ListItem\",\"position\":1,\"name\":\"Home\",\"item\":\"https:\/\/www.eurotherm.com\/it\/\"},{\"@type\":\"ListItem\",\"position\":2,\"name\":\"Product Catalogue\",\"item\":\"https:\/\/www.eurotherm.com\/it\/product-catalogue\/\"},{\"@type\":\"ListItem\",\"position\":3,\"name\":\"Regolatori di Temperatura\",\"item\":\"https:\/\/www.eurotherm.com\/it\/eurotherm-products\/temperature-controllers-it\/\"},{\"@type\":\"ListItem\",\"position\":4,\"name\":\"Regolatori Single-loop\",\"item\":\"https:\/\/www.eurotherm.com\/it\/eurotherm-products\/temperature-controllers-it\/single-loop-temperature-controllers-it\/\"},{\"@type\":\"ListItem\",\"position\":5,\"name\":\"Regolatori di temperatura\/processo Serie 3200\"}]},{\"@type\":\"WebSite\",\"@id\":\"https:\/\/www.eurotherm.com\/it\/#website\",\"url\":\"https:\/\/www.eurotherm.com\/it\/\",\"name\":\"Eurotherm Limited\",\"description\":\"Temperature Control, Process Control, Measurement and Data Recording Solutions\",\"potentialAction\":[{\"@type\":\"SearchAction\",\"target\":{\"@type\":\"EntryPoint\",\"urlTemplate\":\"https:\/\/www.eurotherm.com\/it\/?s={search_term_string}\"},\"query-input\":{\"@type\":\"PropertyValueSpecification\",\"valueRequired\":true,\"valueName\":\"search_term_string\"}}],\"inLanguage\":\"it-IT\"}]}<\/script>\n<!-- \/ Yoast SEO plugin. -->","yoast_head_json":{"title":"Regolatori di temperatura\/processo Serie 3200 | Eurotherm Limited","description":"Regolatori di temperatura\/processo Serie 3200 | Configurazione con metodo avvio rapido (QuickStart) Configurazione software tramite wiza","robots":{"index":"index","follow":"follow","max-snippet":"max-snippet:-1","max-image-preview":"max-image-preview:large","max-video-preview":"max-video-preview:-1"},"og_locale":"it_IT","og_type":"article","og_title":"Regolatori di temperatura\/processo Serie 3200 | Eurotherm Limited","og_description":"Regolatori di temperatura\/processo Serie 3200 | Regolatori di temperatura\/processo 3204, 3216, 3208, 32h8 L'innovativa serie di regolatori 3200 offre precisione nel controllo di temperatura e\u00a0altre variabili di processo insieme a funzioni avanzate difficilmente\u00a0disponibili in questa classe di regolatori.","og_url":"https:\/\/www.eurotherm.com\/it\/products\/temperature-controllers-it\/single-loop-temperature-controllers-it\/3200-temperature-process-controller\/","og_site_name":"Eurotherm Limited","article_modified_time":"2023-08-22T09:24:09+00:00","og_image":[{"width":500,"height":500,"url":"https:\/\/www.eurotherm.com\/wp-content\/uploads\/2018\/10\/3200_series.jpg","type":"image\/jpeg"}],"twitter_card":"summary_large_image","twitter_misc":{"Tempo di lettura stimato":"2 minuti"},"schema":{"@context":"https:\/\/schema.org","@graph":[{"@type":"WebPage","@id":"https:\/\/www.eurotherm.com\/it\/products\/temperature-controllers-it\/single-loop-temperature-controllers-it\/3200-temperature-process-controller\/","url":"https:\/\/www.eurotherm.com\/it\/products\/temperature-controllers-it\/single-loop-temperature-controllers-it\/3200-temperature-process-controller\/","name":"Regolatori di temperatura\/processo Serie 3200 | Eurotherm Limited","isPartOf":{"@id":"https:\/\/www.eurotherm.com\/it\/#website"},"primaryImageOfPage":{"@id":"https:\/\/www.eurotherm.com\/it\/products\/temperature-controllers-it\/single-loop-temperature-controllers-it\/3200-temperature-process-controller\/#primaryimage"},"image":{"@id":"https:\/\/www.eurotherm.com\/it\/products\/temperature-controllers-it\/single-loop-temperature-controllers-it\/3200-temperature-process-controller\/#primaryimage"},"thumbnailUrl":"https:\/\/www.eurotherm.com\/wp-content\/uploads\/2018\/10\/3200_series.jpg","datePublished":"2018-10-15T08:47:51+00:00","dateModified":"2023-08-22T09:24:09+00:00","description":"Regolatori di temperatura\/processo Serie 3200 | Regolatori di temperatura\/processo 3204, 3216, 3208, 32h8 L'innovativa serie di regolatori 3200 offre precisione nel controllo di temperatura e\u00a0altre variabili di processo insieme a funzioni avanzate difficilmente\u00a0disponibili in questa classe di regolatori.","breadcrumb":{"@id":"https:\/\/www.eurotherm.com\/it\/products\/temperature-controllers-it\/single-loop-temperature-controllers-it\/3200-temperature-process-controller\/#breadcrumb"},"inLanguage":"it-IT","potentialAction":[{"@type":"ReadAction","target":["https:\/\/www.eurotherm.com\/it\/products\/temperature-controllers-it\/single-loop-temperature-controllers-it\/3200-temperature-process-controller\/"]}]},{"@type":"ImageObject","inLanguage":"it-IT","@id":"https:\/\/www.eurotherm.com\/it\/products\/temperature-controllers-it\/single-loop-temperature-controllers-it\/3200-temperature-process-controller\/#primaryimage","url":"https:\/\/www.eurotherm.com\/wp-content\/uploads\/2018\/10\/3200_series.jpg","contentUrl":"https:\/\/www.eurotherm.com\/wp-content\/uploads\/2018\/10\/3200_series.jpg","width":500,"height":500},{"@type":"BreadcrumbList","@id":"https:\/\/www.eurotherm.com\/it\/products\/temperature-controllers-it\/single-loop-temperature-controllers-it\/3200-temperature-process-controller\/#breadcrumb","itemListElement":[{"@type":"ListItem","position":1,"name":"Home","item":"https:\/\/www.eurotherm.com\/it\/"},{"@type":"ListItem","position":2,"name":"Product Catalogue","item":"https:\/\/www.eurotherm.com\/it\/product-catalogue\/"},{"@type":"ListItem","position":3,"name":"Regolatori di Temperatura","item":"https:\/\/www.eurotherm.com\/it\/eurotherm-products\/temperature-controllers-it\/"},{"@type":"ListItem","position":4,"name":"Regolatori Single-loop","item":"https:\/\/www.eurotherm.com\/it\/eurotherm-products\/temperature-controllers-it\/single-loop-temperature-controllers-it\/"},{"@type":"ListItem","position":5,"name":"Regolatori di temperatura\/processo Serie 3200"}]},{"@type":"WebSite","@id":"https:\/\/www.eurotherm.com\/it\/#website","url":"https:\/\/www.eurotherm.com\/it\/","name":"Eurotherm Limited","description":"Temperature Control, Process Control, Measurement and Data Recording Solutions","potentialAction":[{"@type":"SearchAction","target":{"@type":"EntryPoint","urlTemplate":"https:\/\/www.eurotherm.com\/it\/?s={search_term_string}"},"query-input":{"@type":"PropertyValueSpecification","valueRequired":true,"valueName":"search_term_string"}}],"inLanguage":"it-IT"}]}},"ACF":{"product_file":[139813,28290,27454,27519,27520,27518,27516,27912,27897,27911,27942,27866,27943,27939,28507,27596,26870,26871,26868,28621,28626,28627,26873,26872,28628,26874,26875,28629,26876,26878,26877,27973,26879,27974,27972,26880,28622,26881,26883,29142,28625,26882,27958,28623,28075,27473,27497,27584,26843,27447,28039,78979,26844,27913,89053,97185,29141,105978,133628,133632,137176,144233],"product_status":"Active Product","enable_watlow_configurator":true,"watlow_product_type":"Multiple","watlow_configurator_links":[{"watlow_name":"3204 1\/4 DIN","watlow_link":"https:\/\/www.watlow.com\/Products\/Controllers\/Eurotherm\/3200-temperature-process-controller?econfig=3204"},{"watlow_name":"3208 1\/8 DIN","watlow_link":"https:\/\/www.watlow.com\/Products\/Controllers\/Eurotherm\/3200-temperature-process-controller?econfig=3208"},{"watlow_name":"32H8 1\/8 DIN Horizontal Unit","watlow_link":"https:\/\/www.watlow.com\/Products\/Controllers\/Eurotherm\/3200-temperature-process-controller?econfig=32H8"},{"watlow_name":"3216 1\/16 DIN","watlow_link":"https:\/\/www.watlow.com\/Products\/Controllers\/Eurotherm\/3200-temperature-process-controller?econfig=3216"}]},"jetpack_sharing_enabled":true,"_links":{"self":[{"href":"https:\/\/www.eurotherm.com\/it\/wp-json\/wp\/v2\/product\/20503","targetHints":{"allow":["GET"]}}],"collection":[{"href":"https:\/\/www.eurotherm.com\/it\/wp-json\/wp\/v2\/product"}],"about":[{"href":"https:\/\/www.eurotherm.com\/it\/wp-json\/wp\/v2\/types\/product"}],"wp:featuredmedia":[{"embeddable":true,"href":"https:\/\/www.eurotherm.com\/it\/wp-json\/wp\/v2\/media\/8963"}],"wp:attachment":[{"href":"https:\/\/www.eurotherm.com\/it\/wp-json\/wp\/v2\/media?parent=20503"}],"wp:term":[{"taxonomy":"product_brand","embeddable":true,"href":"https:\/\/www.eurotherm.com\/it\/wp-json\/wp\/v2\/product_brand?post=20503"},{"taxonomy":"product_cat","embeddable":true,"href":"https:\/\/www.eurotherm.com\/it\/wp-json\/wp\/v2\/product_cat?post=20503"},{"taxonomy":"product_tag","embeddable":true,"href":"https:\/\/www.eurotherm.com\/it\/wp-json\/wp\/v2\/product_tag?post=20503"}],"curies":[{"name":"wp","href":"https:\/\/api.w.org\/{rel}","templated":true}]}}