{"id":20497,"date":"2018-10-15T08:52:25","date_gmt":"2018-10-15T08:52:25","guid":{"rendered":"https:\/\/www.eurotherm.com\/product\/regolatore-mini8\/"},"modified":"2023-12-01T23:19:50","modified_gmt":"2023-12-01T15:19:50","slug":"mini8-loop-controller","status":"publish","type":"product","link":"https:\/\/www.eurotherm.com\/it\/products\/temperature-controllers-it\/multi-loop-temperature-controllers-it\/mini8-loop-controller\/","title":{"rendered":"Regolatore Mini8\u00ae"},"content":{"rendered":"<p>Il regolatore Mini8 \u00e8 il compagno ideale di un PLC. In grado di eseguire collegamenti multidrop con comunicazioni seriali, Fieldbus o Ethernet, rappresenta un&#8217;alternativa efficace ed economica per la misura analogica o il controllo di loop in un PLC. L&#8217;implementazione di queste funzioni nel regolatore Mini8 riduce il costo hardware del PLC, sollevandolo dal compito di eseguire funzioni analogiche, spesso consentendo l&#8217;utilizzo di un processore con una specifica inferiore.<\/p>\n<p>Le funzioni del regolatore Mini8 comprendono un controllo PID ad alte prestazioni, cablaggio grafico e funzioni di programmazione del setpoint oltre a blocchi funzione di temporizzazione, logica e funzioni matematiche.<\/p>\n<p>Se utilizzato in un sistema di acquisizione dei dati, l&#8217;I\/O analogico ad alta densit\u00e0 pu\u00f2 essere combinato con i prodotti dei registratori videografici serie 6000 per un accesso del processo alla rete e locale di qualit\u00e0 eccellente.<\/p>\n<p><strong>IDEALE PER:<\/strong><\/p>\n<ul>\n<li>Forni e fornaci multizona<\/li>\n<li>CVD e MBE a semiconduttori<\/li>\n<li>Generazione di energia<\/li>\n<li>Estrusione di materie plastiche<\/li>\n<li>Confezionatrici<\/li>\n<li>Macchinari tessili<\/li>\n<li>Forni di cottura<\/li>\n<li>Forni per vetro<\/li>\n<\/ul>\n","protected":false},"excerpt":{"rendered":"<p>Il regolatore Mini8 offre prestazioni di controllo elevate di norma presenti solo in regolatori PID Eurotherm montati a pannello. \u00c8 inoltre un dispositivo di acquisizione dei dati molto competitivo e compatto. La sua struttura modulare consente di selezionare gli I\/O e le funzioni utili per adattarsi ad un\u2019ampia gamma di applicazioni, dalla pi\u00f9 semplice alla pi\u00f9 complessa.<\/p>\n<p>Ora con:<\/p>\n<ul>\n<li>Maggior potenza di elaborazione, pi\u00f9 blocchi funzione e comunicazione pi\u00f9 rapida<\/li>\n<li>Pi\u00f9 loop gestibili con un unico strumento e miglior precisione degli ingressi<\/li>\n<li>Scheda (ET8) ingressi potenziata con accuratezza CJC +\/-0.25\u00b0C<\/li>\n<\/ul>\n<p>Riprogettato secondo le migliori pratiche di IIoT e sicurezza informatica per supportare strategie di \u201cdefense in depth\u201d<\/p>\n<p>https:\/\/youtu.be\/X3dN-nsvoKg<\/p>\n","protected":false},"featured_media":140175,"template":"","meta":{"_acf_changed":false},"product_brand":[],"product_cat":[11296,11298,756,11385,11384],"product_tag":[],"class_list":{"0":"post-20497","1":"product","2":"type-product","3":"status-publish","4":"has-post-thumbnail","6":"industry-oem-custom-solutions-it-2","7":"industry-semiconductor-it-2","8":"product_cat-furnaces-atmosphere-and-vacuum-it","9":"product_cat-heat-treat-products-it","10":"product_cat-prodotti-ita","11":"product_cat-temperature-controllers-it","12":"product_cat-multi-loop-temperature-controllers-it","13":"product_shipping_class-1-it","15":"first","16":"instock","17":"purchasable","18":"product-type-simple"},"acf":[],"yoast_head":"<!-- This site is optimized with the Yoast SEO plugin v27.5 - https:\/\/yoast.com\/product\/yoast-seo-wordpress\/ -->\n<title>Regolatore Mini8\u00ae | Eurotherm Limited<\/title>\n<meta name=\"description\" content=\"Regolatore Mini8\u00ae | Il regolatore Mini8 \u00e8 il compagno ideale di un PLC. In grado di eseguire collegamenti multidrop con comunicazioni seriali, Fieldbus o Ethern\" \/>\n<meta name=\"robots\" content=\"index, follow, max-snippet:-1, max-image-preview:large, max-video-preview:-1\" \/>\n<meta property=\"og:locale\" content=\"it_IT\" \/>\n<meta property=\"og:type\" content=\"article\" \/>\n<meta property=\"og:title\" content=\"Regolatore Mini8\u00ae | Eurotherm Limited\" \/>\n<meta property=\"og:description\" content=\"Regolatore Mini8\u00ae | Il regolatore Mini8 offre prestazioni di controllo elevate di norma presenti solo in regolatori PID Eurotherm montati a pannello. \u00c8 inoltre un dispositivo di acquisizione dei dati molto competitivo e compatto. La sua struttura modulare consente di selezionare gli I\/O e le funzioni utili per adattarsi ad un\u2019ampia gamma di applicazioni, dalla pi\u00f9 semplice alla pi\u00f9 complessa.  Ora con:   Maggior potenza di elaborazione, pi\u00f9 blocchi funzione e comunicazione pi\u00f9 rapida  Pi\u00f9 loop gestibili con un unico strumento e miglior precisione degli ingressi  Scheda (ET8) ingressi potenziata con accuratezza CJC +\/-0.25\u00b0C  Riprogettato secondo le migliori pratiche di IIoT e sicurezza informatica per supportare strategie di \u201cdefense in depth\u201d  https:\/\/youtu.be\/X3dN-nsvoKg\" \/>\n<meta property=\"og:url\" content=\"https:\/\/www.eurotherm.com\/it\/products\/temperature-controllers-it\/multi-loop-temperature-controllers-it\/mini8-loop-controller\/\" \/>\n<meta property=\"og:site_name\" content=\"Eurotherm Limited\" \/>\n<meta property=\"article:modified_time\" content=\"2023-12-01T15:19:50+00:00\" \/>\n<meta property=\"og:image\" content=\"https:\/\/www.eurotherm.com\/wp-content\/uploads\/2018\/10\/MBUSCLIENT-crop.jpg\" \/>\n\t<meta property=\"og:image:width\" content=\"446\" \/>\n\t<meta property=\"og:image:height\" content=\"445\" \/>\n\t<meta property=\"og:image:type\" content=\"image\/jpeg\" \/>\n<meta name=\"twitter:card\" content=\"summary_large_image\" \/>\n<meta name=\"twitter:label1\" content=\"Tempo di lettura stimato\" \/>\n\t<meta name=\"twitter:data1\" content=\"1 minuto\" \/>\n<script type=\"application\/ld+json\" class=\"yoast-schema-graph\">{\"@context\":\"https:\\\/\\\/schema.org\",\"@graph\":[{\"@type\":\"WebPage\",\"@id\":\"https:\\\/\\\/www.eurotherm.com\\\/it\\\/products\\\/temperature-controllers-it\\\/multi-loop-temperature-controllers-it\\\/mini8-loop-controller\\\/\",\"url\":\"https:\\\/\\\/www.eurotherm.com\\\/it\\\/products\\\/temperature-controllers-it\\\/multi-loop-temperature-controllers-it\\\/mini8-loop-controller\\\/\",\"name\":\"Regolatore Mini8\u00ae | Eurotherm Limited\",\"isPartOf\":{\"@id\":\"https:\\\/\\\/www.eurotherm.com\\\/it\\\/#website\"},\"primaryImageOfPage\":{\"@id\":\"https:\\\/\\\/www.eurotherm.com\\\/it\\\/products\\\/temperature-controllers-it\\\/multi-loop-temperature-controllers-it\\\/mini8-loop-controller\\\/#primaryimage\"},\"image\":{\"@id\":\"https:\\\/\\\/www.eurotherm.com\\\/it\\\/products\\\/temperature-controllers-it\\\/multi-loop-temperature-controllers-it\\\/mini8-loop-controller\\\/#primaryimage\"},\"thumbnailUrl\":\"https:\\\/\\\/www.eurotherm.com\\\/wp-content\\\/uploads\\\/2018\\\/10\\\/MBUSCLIENT-crop.jpg\",\"datePublished\":\"2018-10-15T08:52:25+00:00\",\"dateModified\":\"2023-12-01T15:19:50+00:00\",\"description\":\"Regolatore Mini8\u00ae | Il regolatore Mini8 offre prestazioni di controllo elevate di norma presenti solo in regolatori PID Eurotherm montati a pannello. \u00c8 inoltre un dispositivo di acquisizione dei dati molto competitivo e compatto. La sua struttura modulare consente di selezionare gli I\\\/O e le funzioni utili per adattarsi ad un\u2019ampia gamma di applicazioni, dalla pi\u00f9 semplice alla pi\u00f9 complessa. Ora con: Maggior potenza di elaborazione, pi\u00f9 blocchi funzione e comunicazione pi\u00f9 rapida Pi\u00f9 loop gestibili con un unico strumento e miglior precisione degli ingressi Scheda (ET8) ingressi potenziata con accuratezza CJC +\\\/-0.25\u00b0C Riprogettato secondo le migliori pratiche di IIoT e sicurezza informatica per supportare strategie di \u201cdefense in depth\u201d https:\\\/\\\/youtu.be\\\/X3dN-nsvoKg\",\"breadcrumb\":{\"@id\":\"https:\\\/\\\/www.eurotherm.com\\\/it\\\/products\\\/temperature-controllers-it\\\/multi-loop-temperature-controllers-it\\\/mini8-loop-controller\\\/#breadcrumb\"},\"inLanguage\":\"it-IT\",\"potentialAction\":[{\"@type\":\"ReadAction\",\"target\":[\"https:\\\/\\\/www.eurotherm.com\\\/it\\\/products\\\/temperature-controllers-it\\\/multi-loop-temperature-controllers-it\\\/mini8-loop-controller\\\/\"]}]},{\"@type\":\"ImageObject\",\"inLanguage\":\"it-IT\",\"@id\":\"https:\\\/\\\/www.eurotherm.com\\\/it\\\/products\\\/temperature-controllers-it\\\/multi-loop-temperature-controllers-it\\\/mini8-loop-controller\\\/#primaryimage\",\"url\":\"https:\\\/\\\/www.eurotherm.com\\\/wp-content\\\/uploads\\\/2018\\\/10\\\/MBUSCLIENT-crop.jpg\",\"contentUrl\":\"https:\\\/\\\/www.eurotherm.com\\\/wp-content\\\/uploads\\\/2018\\\/10\\\/MBUSCLIENT-crop.jpg\",\"width\":446,\"height\":445},{\"@type\":\"BreadcrumbList\",\"@id\":\"https:\\\/\\\/www.eurotherm.com\\\/it\\\/products\\\/temperature-controllers-it\\\/multi-loop-temperature-controllers-it\\\/mini8-loop-controller\\\/#breadcrumb\",\"itemListElement\":[{\"@type\":\"ListItem\",\"position\":1,\"name\":\"Home\",\"item\":\"https:\\\/\\\/www.eurotherm.com\\\/it\\\/\"},{\"@type\":\"ListItem\",\"position\":2,\"name\":\"Product Catalogue\",\"item\":\"https:\\\/\\\/www.eurotherm.com\\\/it\\\/product-catalogue\\\/\"},{\"@type\":\"ListItem\",\"position\":3,\"name\":\"Regolatori di Temperatura\",\"item\":\"https:\\\/\\\/www.eurotherm.com\\\/it\\\/eurotherm-products\\\/temperature-controllers-it\\\/\"},{\"@type\":\"ListItem\",\"position\":4,\"name\":\"Regolatori Multi-loop\",\"item\":\"https:\\\/\\\/www.eurotherm.com\\\/it\\\/eurotherm-products\\\/temperature-controllers-it\\\/multi-loop-temperature-controllers-it\\\/\"},{\"@type\":\"ListItem\",\"position\":5,\"name\":\"Regolatore Mini8\u00ae\"}]},{\"@type\":\"WebSite\",\"@id\":\"https:\\\/\\\/www.eurotherm.com\\\/it\\\/#website\",\"url\":\"https:\\\/\\\/www.eurotherm.com\\\/it\\\/\",\"name\":\"Eurotherm Limited\",\"description\":\"Temperature Control, Process Control, Measurement and Data Recording Solutions\",\"potentialAction\":[{\"@type\":\"SearchAction\",\"target\":{\"@type\":\"EntryPoint\",\"urlTemplate\":\"https:\\\/\\\/www.eurotherm.com\\\/it\\\/?s={search_term_string}\"},\"query-input\":{\"@type\":\"PropertyValueSpecification\",\"valueRequired\":true,\"valueName\":\"search_term_string\"}}],\"inLanguage\":\"it-IT\"}]}<\/script>\n<!-- \/ Yoast SEO plugin. -->","yoast_head_json":{"title":"Regolatore Mini8\u00ae | Eurotherm Limited","description":"Regolatore Mini8\u00ae | Il regolatore Mini8 \u00e8 il compagno ideale di un PLC. In grado di eseguire collegamenti multidrop con comunicazioni seriali, Fieldbus o Ethern","robots":{"index":"index","follow":"follow","max-snippet":"max-snippet:-1","max-image-preview":"max-image-preview:large","max-video-preview":"max-video-preview:-1"},"og_locale":"it_IT","og_type":"article","og_title":"Regolatore Mini8\u00ae | Eurotherm Limited","og_description":"Regolatore Mini8\u00ae | Il regolatore Mini8 offre prestazioni di controllo elevate di norma presenti solo in regolatori PID Eurotherm montati a pannello. \u00c8 inoltre un dispositivo di acquisizione dei dati molto competitivo e compatto. La sua struttura modulare consente di selezionare gli I\/O e le funzioni utili per adattarsi ad un\u2019ampia gamma di applicazioni, dalla pi\u00f9 semplice alla pi\u00f9 complessa.  Ora con:   Maggior potenza di elaborazione, pi\u00f9 blocchi funzione e comunicazione pi\u00f9 rapida  Pi\u00f9 loop gestibili con un unico strumento e miglior precisione degli ingressi  Scheda (ET8) ingressi potenziata con accuratezza CJC +\/-0.25\u00b0C  Riprogettato secondo le migliori pratiche di IIoT e sicurezza informatica per supportare strategie di \u201cdefense in depth\u201d  https:\/\/youtu.be\/X3dN-nsvoKg","og_url":"https:\/\/www.eurotherm.com\/it\/products\/temperature-controllers-it\/multi-loop-temperature-controllers-it\/mini8-loop-controller\/","og_site_name":"Eurotherm Limited","article_modified_time":"2023-12-01T15:19:50+00:00","og_image":[{"width":446,"height":445,"url":"https:\/\/www.eurotherm.com\/wp-content\/uploads\/2018\/10\/MBUSCLIENT-crop.jpg","type":"image\/jpeg"}],"twitter_card":"summary_large_image","twitter_misc":{"Tempo di lettura stimato":"1 minuto"},"schema":{"@context":"https:\/\/schema.org","@graph":[{"@type":"WebPage","@id":"https:\/\/www.eurotherm.com\/it\/products\/temperature-controllers-it\/multi-loop-temperature-controllers-it\/mini8-loop-controller\/","url":"https:\/\/www.eurotherm.com\/it\/products\/temperature-controllers-it\/multi-loop-temperature-controllers-it\/mini8-loop-controller\/","name":"Regolatore Mini8\u00ae | Eurotherm Limited","isPartOf":{"@id":"https:\/\/www.eurotherm.com\/it\/#website"},"primaryImageOfPage":{"@id":"https:\/\/www.eurotherm.com\/it\/products\/temperature-controllers-it\/multi-loop-temperature-controllers-it\/mini8-loop-controller\/#primaryimage"},"image":{"@id":"https:\/\/www.eurotherm.com\/it\/products\/temperature-controllers-it\/multi-loop-temperature-controllers-it\/mini8-loop-controller\/#primaryimage"},"thumbnailUrl":"https:\/\/www.eurotherm.com\/wp-content\/uploads\/2018\/10\/MBUSCLIENT-crop.jpg","datePublished":"2018-10-15T08:52:25+00:00","dateModified":"2023-12-01T15:19:50+00:00","description":"Regolatore Mini8\u00ae | Il regolatore Mini8 offre prestazioni di controllo elevate di norma presenti solo in regolatori PID Eurotherm montati a pannello. \u00c8 inoltre un dispositivo di acquisizione dei dati molto competitivo e compatto. La sua struttura modulare consente di selezionare gli I\/O e le funzioni utili per adattarsi ad un\u2019ampia gamma di applicazioni, dalla pi\u00f9 semplice alla pi\u00f9 complessa. Ora con: Maggior potenza di elaborazione, pi\u00f9 blocchi funzione e comunicazione pi\u00f9 rapida Pi\u00f9 loop gestibili con un unico strumento e miglior precisione degli ingressi Scheda (ET8) ingressi potenziata con accuratezza CJC +\/-0.25\u00b0C Riprogettato secondo le migliori pratiche di IIoT e sicurezza informatica per supportare strategie di \u201cdefense in depth\u201d https:\/\/youtu.be\/X3dN-nsvoKg","breadcrumb":{"@id":"https:\/\/www.eurotherm.com\/it\/products\/temperature-controllers-it\/multi-loop-temperature-controllers-it\/mini8-loop-controller\/#breadcrumb"},"inLanguage":"it-IT","potentialAction":[{"@type":"ReadAction","target":["https:\/\/www.eurotherm.com\/it\/products\/temperature-controllers-it\/multi-loop-temperature-controllers-it\/mini8-loop-controller\/"]}]},{"@type":"ImageObject","inLanguage":"it-IT","@id":"https:\/\/www.eurotherm.com\/it\/products\/temperature-controllers-it\/multi-loop-temperature-controllers-it\/mini8-loop-controller\/#primaryimage","url":"https:\/\/www.eurotherm.com\/wp-content\/uploads\/2018\/10\/MBUSCLIENT-crop.jpg","contentUrl":"https:\/\/www.eurotherm.com\/wp-content\/uploads\/2018\/10\/MBUSCLIENT-crop.jpg","width":446,"height":445},{"@type":"BreadcrumbList","@id":"https:\/\/www.eurotherm.com\/it\/products\/temperature-controllers-it\/multi-loop-temperature-controllers-it\/mini8-loop-controller\/#breadcrumb","itemListElement":[{"@type":"ListItem","position":1,"name":"Home","item":"https:\/\/www.eurotherm.com\/it\/"},{"@type":"ListItem","position":2,"name":"Product Catalogue","item":"https:\/\/www.eurotherm.com\/it\/product-catalogue\/"},{"@type":"ListItem","position":3,"name":"Regolatori di Temperatura","item":"https:\/\/www.eurotherm.com\/it\/eurotherm-products\/temperature-controllers-it\/"},{"@type":"ListItem","position":4,"name":"Regolatori Multi-loop","item":"https:\/\/www.eurotherm.com\/it\/eurotherm-products\/temperature-controllers-it\/multi-loop-temperature-controllers-it\/"},{"@type":"ListItem","position":5,"name":"Regolatore Mini8\u00ae"}]},{"@type":"WebSite","@id":"https:\/\/www.eurotherm.com\/it\/#website","url":"https:\/\/www.eurotherm.com\/it\/","name":"Eurotherm Limited","description":"Temperature Control, Process Control, Measurement and Data Recording Solutions","potentialAction":[{"@type":"SearchAction","target":{"@type":"EntryPoint","urlTemplate":"https:\/\/www.eurotherm.com\/it\/?s={search_term_string}"},"query-input":{"@type":"PropertyValueSpecification","valueRequired":true,"valueName":"search_term_string"}}],"inLanguage":"it-IT"}]}},"ACF":{"product_file":[133573,132091,132963,132092,93702,27454,27598,28509,28374,28373,28383,29183,28376,28391,28377,28380,28378,28379,28385,29332,27905,28381,28390,28371,28372,28389,28382,28386,28369,28384,28388,27904,27909,27906,27908,28387,29168,80144,80171,80778,89080,105978,86685,119786,120201,124913,124926,131816,137178,139337,139336,139335,149984,150229,149222],"product_status":"Active Product","enable_watlow_configurator":true,"watlow_product_type":"Single","watlow_configurator_link":"https:\/\/www.watlow.com\/Products\/Controllers\/Eurotherm\/Mini8-Loop-Controller?econfig=123"},"jetpack_sharing_enabled":true,"_links":{"self":[{"href":"https:\/\/www.eurotherm.com\/it\/wp-json\/wp\/v2\/product\/20497","targetHints":{"allow":["GET"]}}],"collection":[{"href":"https:\/\/www.eurotherm.com\/it\/wp-json\/wp\/v2\/product"}],"about":[{"href":"https:\/\/www.eurotherm.com\/it\/wp-json\/wp\/v2\/types\/product"}],"wp:featuredmedia":[{"embeddable":true,"href":"https:\/\/www.eurotherm.com\/it\/wp-json\/wp\/v2\/media\/140175"}],"wp:attachment":[{"href":"https:\/\/www.eurotherm.com\/it\/wp-json\/wp\/v2\/media?parent=20497"}],"wp:term":[{"taxonomy":"product_brand","embeddable":true,"href":"https:\/\/www.eurotherm.com\/it\/wp-json\/wp\/v2\/product_brand?post=20497"},{"taxonomy":"product_cat","embeddable":true,"href":"https:\/\/www.eurotherm.com\/it\/wp-json\/wp\/v2\/product_cat?post=20497"},{"taxonomy":"product_tag","embeddable":true,"href":"https:\/\/www.eurotherm.com\/it\/wp-json\/wp\/v2\/product_tag?post=20497"}],"curies":[{"name":"wp","href":"https:\/\/api.w.org\/{rel}","templated":true}]}}