{"id":20488,"date":"2018-10-15T08:49:41","date_gmt":"2018-10-15T08:49:41","guid":{"rendered":"https:\/\/www.eurotherm.com\/product\/registratori-grafici-6000xio\/"},"modified":"2023-08-22T17:33:32","modified_gmt":"2023-08-22T09:33:32","slug":"6000xio-distributed-graphic-recorders","status":"publish","type":"product","link":"https:\/\/www.eurotherm.com\/it\/products\/recorders-and-data-acquisition-it\/registratori-videografici\/6000xio-distributed-graphic-recorders\/","title":{"rendered":"Registratori Videografici 6000XIO"},"content":{"rendered":"<p>Ogni strumento 6000XIO \u00e8 dotato di uno schermo touch screen intuitivo che permette agli operatori di visualizzare chiaramente i dati in vari formati. Tutti sono dotati di funzione di memorizzazione dati Flash integrata, comunicazione Ethernet e schede Flash compatte per l&#8217;archiviazione dei dati. I dati sono memorizzati in un formato binario a prova di manomissioni, utilizzabile per registrazioni sicure, e a lungo termine, del processo. Il 6000XIO \u00e8 stato appositamente ideato per il mondo d&#8217;oggi, ormai sempre pi\u00f9 interconnesso, ed \u00e8 accessibile tramite rete LAN, connessione dial-up, intranet o Internet.<\/p>\n<h2>Registrazione e archiviazione dati<\/h2>\n<p>I registratori 6000XIO sono dotati di una memoria Flash interna per la memorizzazione sicura dei dati. Sono altres\u00ec in grado di accettare diversi tipi di media rimovibili (Compact Flash o memory stick USB). I dati memorizzati nella memoria interna, possono essere archiviati su media rimovibili su richiesta, o ad intervalli preimpostati. Il 6000XIO fornisce un&#8217;indicazione della durata della sua memoria interna e di quella dei media rimovibili installati, secondo la configurazione del registratore.<\/p>\n<p>Tutti i 6000XIO hanno comunicazioni Ethernet. Possono essere configurati per archiviare su media rimovibili e\/o su Ethernet. Archiviare i file su Ethernet rappresenta un sistema di archiviazione sicuro ed infinito.<\/p>\n<p><strong>IDEALE PER:<\/strong><\/p>\n<ul>\n<li>Applicazioni di monitoraggio remoto<\/li>\n<li>Soluzioni per il trattamento delle acque\/acque reflue<\/li>\n<li>Distribuzione delle utility<\/li>\n<li>Generazioni di energia<\/li>\n<li>Applicazioni conformi alla normativa CFR 21 Parte 11<\/li>\n<li>Applicazioni <a href=\"\/heat-treatment-solutions\/ams2750f-pyrometry-solutions\/\">AMS2750F<\/a>\/Nadcap<\/li>\n<\/ul>\n<p><strong>CARATTERISTICHE:<\/strong><\/p>\n<ul>\n<li>Modbus master<\/li>\n<li>Ethernet TCP\/IP<\/li>\n<li>Comunicazioni seriali<\/li>\n<li>Fino a 176 canali di comunicazione<\/li>\n<li>Funzionalit\u00e0 batch<\/li>\n<li>Audit trail<\/li>\n<\/ul>\n","protected":false},"excerpt":{"rendered":"<h2>Registratori Videografici 6000XIO<\/h2>\n<p>Gli strumenti 6000XIO sono dotati di un display touchscreen semplice e intuitivo, che consente agli operatori di visualizzare chiaramente i dati di processo in vari formati.\u00a0 Sono dotati di capacit\u00e0 di archiviazione flash e comunicazione Ethernet.<\/p>\n","protected":false},"featured_media":6065,"template":"","meta":{"_acf_changed":false},"product_brand":[],"product_cat":[11296,11298,756,11297,11299],"product_tag":[],"class_list":{"0":"post-20488","1":"product","2":"type-product","3":"status-publish","4":"has-post-thumbnail","6":"product_cat-furnaces-atmosphere-and-vacuum-it","7":"product_cat-heat-treat-products-it","8":"product_cat-prodotti-ita","9":"product_cat-registratori-videografici","10":"product_cat-recorders-and-data-acquisition-it","11":"product_shipping_class-1-it","13":"first","14":"instock","15":"purchasable","16":"product-type-simple"},"acf":[],"yoast_head":"<!-- This site is optimized with the Yoast SEO plugin v27.2 - https:\/\/yoast.com\/product\/yoast-seo-wordpress\/ -->\n<title>Registratori Videografici 6000XIO | Eurotherm Limited<\/title>\n<meta name=\"description\" content=\"Registratori Videografici 6000XIO | Ogni strumento 6000XIO \u00e8 dotato di uno schermo touch screen intuitivo che permette agli operatori di visualizzare chiarament\" \/>\n<meta name=\"robots\" content=\"index, follow, max-snippet:-1, max-image-preview:large, max-video-preview:-1\" \/>\n<meta property=\"og:locale\" content=\"it_IT\" \/>\n<meta property=\"og:type\" content=\"article\" \/>\n<meta property=\"og:title\" content=\"Registratori Videografici 6000XIO | Eurotherm Limited\" \/>\n<meta property=\"og:description\" content=\"Registratori Videografici 6000XIO | Registratori Videografici 6000XIO Gli strumenti 6000XIO sono dotati di un display touchscreen semplice e intuitivo, che consente agli operatori di visualizzare chiaramente i dati di processo in vari formati.\u00a0 Sono dotati di capacit\u00e0 di archiviazione flash e comunicazione Ethernet.\" \/>\n<meta property=\"og:url\" content=\"https:\/\/www.eurotherm.com\/it\/products\/recorders-and-data-acquisition-it\/registratori-videografici\/6000xio-distributed-graphic-recorders\/\" \/>\n<meta property=\"og:site_name\" content=\"Eurotherm Limited\" \/>\n<meta property=\"article:modified_time\" content=\"2023-08-22T09:33:32+00:00\" \/>\n<meta property=\"og:image\" content=\"https:\/\/www.eurotherm.com\/wp-content\/uploads\/2018\/10\/6000xio.jpg\" \/>\n\t<meta property=\"og:image:width\" content=\"500\" \/>\n\t<meta property=\"og:image:height\" content=\"500\" \/>\n\t<meta property=\"og:image:type\" content=\"image\/jpeg\" \/>\n<meta name=\"twitter:card\" content=\"summary_large_image\" \/>\n<meta name=\"twitter:label1\" content=\"Tempo di lettura stimato\" \/>\n\t<meta name=\"twitter:data1\" content=\"2 minuti\" \/>\n<script type=\"application\/ld+json\" class=\"yoast-schema-graph\">{\"@context\":\"https:\/\/schema.org\",\"@graph\":[{\"@type\":\"WebPage\",\"@id\":\"https:\/\/www.eurotherm.com\/it\/products\/recorders-and-data-acquisition-it\/registratori-videografici\/6000xio-distributed-graphic-recorders\/\",\"url\":\"https:\/\/www.eurotherm.com\/it\/products\/recorders-and-data-acquisition-it\/registratori-videografici\/6000xio-distributed-graphic-recorders\/\",\"name\":\"Registratori Videografici 6000XIO | Eurotherm Limited\",\"isPartOf\":{\"@id\":\"https:\/\/www.eurotherm.com\/it\/#website\"},\"primaryImageOfPage\":{\"@id\":\"https:\/\/www.eurotherm.com\/it\/products\/recorders-and-data-acquisition-it\/registratori-videografici\/6000xio-distributed-graphic-recorders\/#primaryimage\"},\"image\":{\"@id\":\"https:\/\/www.eurotherm.com\/it\/products\/recorders-and-data-acquisition-it\/registratori-videografici\/6000xio-distributed-graphic-recorders\/#primaryimage\"},\"thumbnailUrl\":\"https:\/\/www.eurotherm.com\/wp-content\/uploads\/2018\/10\/6000xio.jpg\",\"datePublished\":\"2018-10-15T08:49:41+00:00\",\"dateModified\":\"2023-08-22T09:33:32+00:00\",\"description\":\"Registratori Videografici 6000XIO | Registratori Videografici 6000XIO Gli strumenti 6000XIO sono dotati di un display touchscreen semplice e intuitivo, che consente agli operatori di visualizzare chiaramente i dati di processo in vari formati.\u00a0 Sono dotati di capacit\u00e0 di archiviazione flash e comunicazione Ethernet.\",\"breadcrumb\":{\"@id\":\"https:\/\/www.eurotherm.com\/it\/products\/recorders-and-data-acquisition-it\/registratori-videografici\/6000xio-distributed-graphic-recorders\/#breadcrumb\"},\"inLanguage\":\"it-IT\",\"potentialAction\":[{\"@type\":\"ReadAction\",\"target\":[\"https:\/\/www.eurotherm.com\/it\/products\/recorders-and-data-acquisition-it\/registratori-videografici\/6000xio-distributed-graphic-recorders\/\"]}]},{\"@type\":\"ImageObject\",\"inLanguage\":\"it-IT\",\"@id\":\"https:\/\/www.eurotherm.com\/it\/products\/recorders-and-data-acquisition-it\/registratori-videografici\/6000xio-distributed-graphic-recorders\/#primaryimage\",\"url\":\"https:\/\/www.eurotherm.com\/wp-content\/uploads\/2018\/10\/6000xio.jpg\",\"contentUrl\":\"https:\/\/www.eurotherm.com\/wp-content\/uploads\/2018\/10\/6000xio.jpg\",\"width\":500,\"height\":500},{\"@type\":\"BreadcrumbList\",\"@id\":\"https:\/\/www.eurotherm.com\/it\/products\/recorders-and-data-acquisition-it\/registratori-videografici\/6000xio-distributed-graphic-recorders\/#breadcrumb\",\"itemListElement\":[{\"@type\":\"ListItem\",\"position\":1,\"name\":\"Home\",\"item\":\"https:\/\/www.eurotherm.com\/it\/\"},{\"@type\":\"ListItem\",\"position\":2,\"name\":\"Product Catalogue\",\"item\":\"https:\/\/www.eurotherm.com\/it\/product-catalogue\/\"},{\"@type\":\"ListItem\",\"position\":3,\"name\":\"Registrazione e Gestione Dati\",\"item\":\"https:\/\/www.eurotherm.com\/it\/eurotherm-products\/recorders-and-data-acquisition-it\/\"},{\"@type\":\"ListItem\",\"position\":4,\"name\":\"Registratori videografici\",\"item\":\"https:\/\/www.eurotherm.com\/it\/eurotherm-products\/recorders-and-data-acquisition-it\/registratori-videografici\/\"},{\"@type\":\"ListItem\",\"position\":5,\"name\":\"Registratori Videografici 6000XIO\"}]},{\"@type\":\"WebSite\",\"@id\":\"https:\/\/www.eurotherm.com\/it\/#website\",\"url\":\"https:\/\/www.eurotherm.com\/it\/\",\"name\":\"Eurotherm Limited\",\"description\":\"Temperature Control, Process Control, Measurement and Data Recording Solutions\",\"potentialAction\":[{\"@type\":\"SearchAction\",\"target\":{\"@type\":\"EntryPoint\",\"urlTemplate\":\"https:\/\/www.eurotherm.com\/it\/?s={search_term_string}\"},\"query-input\":{\"@type\":\"PropertyValueSpecification\",\"valueRequired\":true,\"valueName\":\"search_term_string\"}}],\"inLanguage\":\"it-IT\"}]}<\/script>\n<!-- \/ Yoast SEO plugin. -->","yoast_head_json":{"title":"Registratori Videografici 6000XIO | Eurotherm Limited","description":"Registratori Videografici 6000XIO | Ogni strumento 6000XIO \u00e8 dotato di uno schermo touch screen intuitivo che permette agli operatori di visualizzare chiarament","robots":{"index":"index","follow":"follow","max-snippet":"max-snippet:-1","max-image-preview":"max-image-preview:large","max-video-preview":"max-video-preview:-1"},"og_locale":"it_IT","og_type":"article","og_title":"Registratori Videografici 6000XIO | Eurotherm Limited","og_description":"Registratori Videografici 6000XIO | Registratori Videografici 6000XIO Gli strumenti 6000XIO sono dotati di un display touchscreen semplice e intuitivo, che consente agli operatori di visualizzare chiaramente i dati di processo in vari formati.\u00a0 Sono dotati di capacit\u00e0 di archiviazione flash e comunicazione Ethernet.","og_url":"https:\/\/www.eurotherm.com\/it\/products\/recorders-and-data-acquisition-it\/registratori-videografici\/6000xio-distributed-graphic-recorders\/","og_site_name":"Eurotherm Limited","article_modified_time":"2023-08-22T09:33:32+00:00","og_image":[{"width":500,"height":500,"url":"https:\/\/www.eurotherm.com\/wp-content\/uploads\/2018\/10\/6000xio.jpg","type":"image\/jpeg"}],"twitter_card":"summary_large_image","twitter_misc":{"Tempo di lettura stimato":"2 minuti"},"schema":{"@context":"https:\/\/schema.org","@graph":[{"@type":"WebPage","@id":"https:\/\/www.eurotherm.com\/it\/products\/recorders-and-data-acquisition-it\/registratori-videografici\/6000xio-distributed-graphic-recorders\/","url":"https:\/\/www.eurotherm.com\/it\/products\/recorders-and-data-acquisition-it\/registratori-videografici\/6000xio-distributed-graphic-recorders\/","name":"Registratori Videografici 6000XIO | Eurotherm Limited","isPartOf":{"@id":"https:\/\/www.eurotherm.com\/it\/#website"},"primaryImageOfPage":{"@id":"https:\/\/www.eurotherm.com\/it\/products\/recorders-and-data-acquisition-it\/registratori-videografici\/6000xio-distributed-graphic-recorders\/#primaryimage"},"image":{"@id":"https:\/\/www.eurotherm.com\/it\/products\/recorders-and-data-acquisition-it\/registratori-videografici\/6000xio-distributed-graphic-recorders\/#primaryimage"},"thumbnailUrl":"https:\/\/www.eurotherm.com\/wp-content\/uploads\/2018\/10\/6000xio.jpg","datePublished":"2018-10-15T08:49:41+00:00","dateModified":"2023-08-22T09:33:32+00:00","description":"Registratori Videografici 6000XIO | Registratori Videografici 6000XIO Gli strumenti 6000XIO sono dotati di un display touchscreen semplice e intuitivo, che consente agli operatori di visualizzare chiaramente i dati di processo in vari formati.\u00a0 Sono dotati di capacit\u00e0 di archiviazione flash e comunicazione Ethernet.","breadcrumb":{"@id":"https:\/\/www.eurotherm.com\/it\/products\/recorders-and-data-acquisition-it\/registratori-videografici\/6000xio-distributed-graphic-recorders\/#breadcrumb"},"inLanguage":"it-IT","potentialAction":[{"@type":"ReadAction","target":["https:\/\/www.eurotherm.com\/it\/products\/recorders-and-data-acquisition-it\/registratori-videografici\/6000xio-distributed-graphic-recorders\/"]}]},{"@type":"ImageObject","inLanguage":"it-IT","@id":"https:\/\/www.eurotherm.com\/it\/products\/recorders-and-data-acquisition-it\/registratori-videografici\/6000xio-distributed-graphic-recorders\/#primaryimage","url":"https:\/\/www.eurotherm.com\/wp-content\/uploads\/2018\/10\/6000xio.jpg","contentUrl":"https:\/\/www.eurotherm.com\/wp-content\/uploads\/2018\/10\/6000xio.jpg","width":500,"height":500},{"@type":"BreadcrumbList","@id":"https:\/\/www.eurotherm.com\/it\/products\/recorders-and-data-acquisition-it\/registratori-videografici\/6000xio-distributed-graphic-recorders\/#breadcrumb","itemListElement":[{"@type":"ListItem","position":1,"name":"Home","item":"https:\/\/www.eurotherm.com\/it\/"},{"@type":"ListItem","position":2,"name":"Product Catalogue","item":"https:\/\/www.eurotherm.com\/it\/product-catalogue\/"},{"@type":"ListItem","position":3,"name":"Registrazione e Gestione Dati","item":"https:\/\/www.eurotherm.com\/it\/eurotherm-products\/recorders-and-data-acquisition-it\/"},{"@type":"ListItem","position":4,"name":"Registratori videografici","item":"https:\/\/www.eurotherm.com\/it\/eurotherm-products\/recorders-and-data-acquisition-it\/registratori-videografici\/"},{"@type":"ListItem","position":5,"name":"Registratori Videografici 6000XIO"}]},{"@type":"WebSite","@id":"https:\/\/www.eurotherm.com\/it\/#website","url":"https:\/\/www.eurotherm.com\/it\/","name":"Eurotherm Limited","description":"Temperature Control, Process Control, Measurement and Data Recording Solutions","potentialAction":[{"@type":"SearchAction","target":{"@type":"EntryPoint","urlTemplate":"https:\/\/www.eurotherm.com\/it\/?s={search_term_string}"},"query-input":{"@type":"PropertyValueSpecification","valueRequired":true,"valueName":"search_term_string"}}],"inLanguage":"it-IT"}]}},"ACF":{"product_file":[126577,126576,126575,97238,27454,27935,27143,27142,28954,29384,27144,27145,27097,27942,27866,27943,27939,29247,27497,27584,29382,27084,27086,83059,27098,27087,83669,83898,105978,27099,137178,139288],"product_status":"Active Product","enable_watlow_configurator":true,"watlow_product_type":"Multiple","watlow_configurator_links":[{"watlow_name":"6100XIO 5.5\" Display","watlow_link":"https:\/\/www.watlow.com\/Products\/Controllers\/Eurotherm\/6000xio-distributed-graphic-recorders?econfig=6100XIO"},{"watlow_name":"6180XIO 12.1\" Display","watlow_link":"https:\/\/www.watlow.com\/Products\/Controllers\/Eurotherm\/6000xio-distributed-graphic-recorders?econfig=6180XIO"}]},"jetpack_sharing_enabled":true,"_links":{"self":[{"href":"https:\/\/www.eurotherm.com\/it\/wp-json\/wp\/v2\/product\/20488","targetHints":{"allow":["GET"]}}],"collection":[{"href":"https:\/\/www.eurotherm.com\/it\/wp-json\/wp\/v2\/product"}],"about":[{"href":"https:\/\/www.eurotherm.com\/it\/wp-json\/wp\/v2\/types\/product"}],"wp:featuredmedia":[{"embeddable":true,"href":"https:\/\/www.eurotherm.com\/it\/wp-json\/wp\/v2\/media\/6065"}],"wp:attachment":[{"href":"https:\/\/www.eurotherm.com\/it\/wp-json\/wp\/v2\/media?parent=20488"}],"wp:term":[{"taxonomy":"product_brand","embeddable":true,"href":"https:\/\/www.eurotherm.com\/it\/wp-json\/wp\/v2\/product_brand?post=20488"},{"taxonomy":"product_cat","embeddable":true,"href":"https:\/\/www.eurotherm.com\/it\/wp-json\/wp\/v2\/product_cat?post=20488"},{"taxonomy":"product_tag","embeddable":true,"href":"https:\/\/www.eurotherm.com\/it\/wp-json\/wp\/v2\/product_tag?post=20488"}],"curies":[{"name":"wp","href":"https:\/\/api.w.org\/{rel}","templated":true}]}}