{"id":20484,"date":"2018-10-15T08:46:55","date_gmt":"2018-10-15T08:46:55","guid":{"rendered":"https:\/\/www.eurotherm.com\/product\/programmatori-regolatori-serie-2200\/"},"modified":"2024-04-05T05:41:37","modified_gmt":"2024-04-04T21:41:37","slug":"2200-temperature-controller-programmer","status":"publish","type":"product","link":"https:\/\/www.eurotherm.com\/it\/products\/temperature-controllers-it\/single-loop-temperature-controllers-it\/2200-temperature-controller-programmer\/","title":{"rendered":"Regolatori\/Programmatori Serie 2200"},"content":{"rendered":"<ul>\n<li>Regolatori di processo o temperatura versatili ad alta stabilit\u00e0<\/li>\n<li>Self-tuning con eliminazione overshoot<\/li>\n<li>Uscite caldo\/freddo<\/li>\n<li>Hardware modulare<\/li>\n<li>Display operatore personalizzato<\/li>\n<li>Comunicazione digitale<\/li>\n<\/ul>\n<p>L&#8217;hardware \u00e8 configurabile per caldo, freddo o allarmi. Tutti gli strumenti sono completamente configurabili in loco.<\/p>\n<h2>Uscite modulari caldo\/freddo<\/h2>\n<p>Alle uscite modulari caldo\/freddo possono essere associate una o due uscite di rel\u00e8 di allarme. Le unit\u00e0 DIN 1\/8 e 1\/4 hanno due ingressi digitali per selezionare il comando automatico\/manuale, la modalit\u00e0 standby, il secondo setpoint o la conferma di un allarme.<\/p>\n<h2>Semplice connessione della comunicazione digitale<\/h2>\n<p>E&#8217; possibile interfacciare la Serie 2200 con sistemi di supervisione e\/o registrazione dati utilizzando protocolli di comunicazioni standard tipo Modbus e DeviceNetTM.<\/p>\n<h2>Semplici profili di temperatura per il trattamento termico<\/h2>\n<p>Semplici profili di temperature per il trattamento termico possono essere configurati con il programmatore interno e un timer configurabile.<\/p>\n<h2>Monitoraggio avanzato della corrente di carico<\/h2>\n<p>Elimina la necessit\u00e0 di amperometri grazie alla funzione di monitoraggio avanzato della corrente di carico. La corrente del riscaldatore pu\u00f2 essere visualizzata e possono essere rilevati guasti di cortocircuito o di circuito aperto.<\/p>\n<p><strong>IDEALE PER:<\/strong><\/p>\n<ul>\n<li>Estrusione con algoritmi personalizzati per la gestione del raffreddamento a ventola o ad acqua<\/li>\n<li>Forni e fornaci<\/li>\n<li>Celle frigorifere<\/li>\n<li>Confezionatrici<\/li>\n<li>Industria alimentare e produzione della birra<\/li>\n<\/ul>\n<p><strong>CARATTERISTICHE:<\/strong><\/p>\n<ul>\n<li>Ingresso universale<\/li>\n<li>Uscite caldo\/freddo<\/li>\n<li>Uscita della valvola motorizzata<\/li>\n<li>Fino a tre rel\u00e8 di allarme<\/li>\n<\/ul>\n","protected":false},"excerpt":{"rendered":"<p>I regolatori 2216e\/2208e\/2204e sono una gamma di regolatori di processo e\/o temperatura versatili ad alta stabilit\u00e0, con self-tuning e formato DIN 1\/16 1\/8 e 1\/4. Presentano una struttura hardware modulare con l&#8217;opzione di due uscite di controllo, due rel\u00e8 di allarme ed un modulo di comunicazione.<\/p>\n[gdpr-youtube id=\"pEPybtlbfLo\"]\n<p>La maggior parte delle varianti dei regolatori serie 2200 non \u00e8 pi\u00f9 disponibile. Per visualizzare i prodotti sostitutivi suggeriti tra i regolatori della serie EPC3000, cliccate <a href=\"https:\/\/www.eurotherm.com\/it\/products\/temperature-controllers-it\/single-loop-temperature-controllers-it\/epc3000-programmable-controllers\/\">qui<\/a>.<\/p>\n","protected":false},"featured_media":9187,"template":"","meta":{"_acf_changed":false},"product_brand":[],"product_cat":[11385,11405],"product_tag":[],"class_list":{"0":"post-20484","1":"product","2":"type-product","3":"status-publish","4":"has-post-thumbnail","6":"product_cat-temperature-controllers-it","7":"product_cat-single-loop-temperature-controllers-it","8":"product_shipping_class-1-it","10":"first","11":"instock","12":"purchasable","13":"product-type-simple"},"acf":[],"yoast_head":"<!-- This site is optimized with the Yoast SEO plugin v27.5 - https:\/\/yoast.com\/product\/yoast-seo-wordpress\/ -->\n<title>Regolatori\/Programmatori Serie 2200 | Eurotherm Limited<\/title>\n<meta name=\"description\" content=\"Regolatori\/Programmatori Serie 2200 | Regolatori di processo o temperatura versatili ad alta stabilit\u00e0 Self-tuning con eliminazione over\" \/>\n<meta name=\"robots\" content=\"index, follow, max-snippet:-1, max-image-preview:large, max-video-preview:-1\" \/>\n<meta property=\"og:locale\" content=\"it_IT\" \/>\n<meta property=\"og:type\" content=\"article\" \/>\n<meta property=\"og:title\" content=\"Regolatori\/Programmatori Serie 2200 | Eurotherm Limited\" \/>\n<meta property=\"og:description\" content=\"Regolatori\/Programmatori Serie 2200 | I regolatori 2216e\/2208e\/2204e sono una gamma di regolatori di processo e\/o temperatura versatili ad alta stabilit\u00e0, con self-tuning e formato DIN 1\/16 1\/8 e 1\/4. Presentano una struttura hardware modulare con l&#039;opzione di due uscite di controllo, due rel\u00e8 di allarme ed un modulo di comunicazione.    La maggior parte delle varianti dei regolatori serie 2200 non \u00e8 pi\u00f9 disponibile. Per visualizzare i prodotti sostitutivi suggeriti tra i regolatori della serie EPC3000, cliccate qui.\" \/>\n<meta property=\"og:url\" content=\"https:\/\/www.eurotherm.com\/it\/products\/temperature-controllers-it\/single-loop-temperature-controllers-it\/2200-temperature-controller-programmer\/\" \/>\n<meta property=\"og:site_name\" content=\"Eurotherm Limited\" \/>\n<meta property=\"article:modified_time\" content=\"2024-04-04T21:41:37+00:00\" \/>\n<meta property=\"og:image\" content=\"https:\/\/www.eurotherm.com\/wp-content\/uploads\/2018\/10\/2200_Series.jpg\" \/>\n\t<meta property=\"og:image:width\" content=\"500\" \/>\n\t<meta property=\"og:image:height\" content=\"500\" \/>\n\t<meta property=\"og:image:type\" content=\"image\/jpeg\" \/>\n<meta name=\"twitter:card\" content=\"summary_large_image\" \/>\n<meta name=\"twitter:label1\" content=\"Tempo di lettura stimato\" \/>\n\t<meta name=\"twitter:data1\" content=\"2 minuti\" \/>\n<script type=\"application\/ld+json\" class=\"yoast-schema-graph\">{\"@context\":\"https:\\\/\\\/schema.org\",\"@graph\":[{\"@type\":\"WebPage\",\"@id\":\"https:\\\/\\\/www.eurotherm.com\\\/it\\\/products\\\/temperature-controllers-it\\\/single-loop-temperature-controllers-it\\\/2200-temperature-controller-programmer\\\/\",\"url\":\"https:\\\/\\\/www.eurotherm.com\\\/it\\\/products\\\/temperature-controllers-it\\\/single-loop-temperature-controllers-it\\\/2200-temperature-controller-programmer\\\/\",\"name\":\"Regolatori\\\/Programmatori Serie 2200 | Eurotherm Limited\",\"isPartOf\":{\"@id\":\"https:\\\/\\\/www.eurotherm.com\\\/it\\\/#website\"},\"primaryImageOfPage\":{\"@id\":\"https:\\\/\\\/www.eurotherm.com\\\/it\\\/products\\\/temperature-controllers-it\\\/single-loop-temperature-controllers-it\\\/2200-temperature-controller-programmer\\\/#primaryimage\"},\"image\":{\"@id\":\"https:\\\/\\\/www.eurotherm.com\\\/it\\\/products\\\/temperature-controllers-it\\\/single-loop-temperature-controllers-it\\\/2200-temperature-controller-programmer\\\/#primaryimage\"},\"thumbnailUrl\":\"https:\\\/\\\/www.eurotherm.com\\\/wp-content\\\/uploads\\\/2018\\\/10\\\/2200_Series.jpg\",\"datePublished\":\"2018-10-15T08:46:55+00:00\",\"dateModified\":\"2024-04-04T21:41:37+00:00\",\"description\":\"Regolatori\\\/Programmatori Serie 2200 | I regolatori 2216e\\\/2208e\\\/2204e sono una gamma di regolatori di processo e\\\/o temperatura versatili ad alta stabilit\u00e0, con self-tuning e formato DIN 1\\\/16 1\\\/8 e 1\\\/4. Presentano una struttura hardware modulare con l'opzione di due uscite di controllo, due rel\u00e8 di allarme ed un modulo di comunicazione. La maggior parte delle varianti dei regolatori serie 2200 non \u00e8 pi\u00f9 disponibile. Per visualizzare i prodotti sostitutivi suggeriti tra i regolatori della serie EPC3000, cliccate qui.\",\"breadcrumb\":{\"@id\":\"https:\\\/\\\/www.eurotherm.com\\\/it\\\/products\\\/temperature-controllers-it\\\/single-loop-temperature-controllers-it\\\/2200-temperature-controller-programmer\\\/#breadcrumb\"},\"inLanguage\":\"it-IT\",\"potentialAction\":[{\"@type\":\"ReadAction\",\"target\":[\"https:\\\/\\\/www.eurotherm.com\\\/it\\\/products\\\/temperature-controllers-it\\\/single-loop-temperature-controllers-it\\\/2200-temperature-controller-programmer\\\/\"]}]},{\"@type\":\"ImageObject\",\"inLanguage\":\"it-IT\",\"@id\":\"https:\\\/\\\/www.eurotherm.com\\\/it\\\/products\\\/temperature-controllers-it\\\/single-loop-temperature-controllers-it\\\/2200-temperature-controller-programmer\\\/#primaryimage\",\"url\":\"https:\\\/\\\/www.eurotherm.com\\\/wp-content\\\/uploads\\\/2018\\\/10\\\/2200_Series.jpg\",\"contentUrl\":\"https:\\\/\\\/www.eurotherm.com\\\/wp-content\\\/uploads\\\/2018\\\/10\\\/2200_Series.jpg\",\"width\":500,\"height\":500},{\"@type\":\"BreadcrumbList\",\"@id\":\"https:\\\/\\\/www.eurotherm.com\\\/it\\\/products\\\/temperature-controllers-it\\\/single-loop-temperature-controllers-it\\\/2200-temperature-controller-programmer\\\/#breadcrumb\",\"itemListElement\":[{\"@type\":\"ListItem\",\"position\":1,\"name\":\"Home\",\"item\":\"https:\\\/\\\/www.eurotherm.com\\\/it\\\/\"},{\"@type\":\"ListItem\",\"position\":2,\"name\":\"Product Catalogue\",\"item\":\"https:\\\/\\\/www.eurotherm.com\\\/it\\\/product-catalogue\\\/\"},{\"@type\":\"ListItem\",\"position\":3,\"name\":\"Regolatori di Temperatura\",\"item\":\"https:\\\/\\\/www.eurotherm.com\\\/it\\\/eurotherm-products\\\/temperature-controllers-it\\\/\"},{\"@type\":\"ListItem\",\"position\":4,\"name\":\"Regolatori Single-loop\",\"item\":\"https:\\\/\\\/www.eurotherm.com\\\/it\\\/eurotherm-products\\\/temperature-controllers-it\\\/single-loop-temperature-controllers-it\\\/\"},{\"@type\":\"ListItem\",\"position\":5,\"name\":\"Regolatori\\\/Programmatori Serie 2200\"}]},{\"@type\":\"WebSite\",\"@id\":\"https:\\\/\\\/www.eurotherm.com\\\/it\\\/#website\",\"url\":\"https:\\\/\\\/www.eurotherm.com\\\/it\\\/\",\"name\":\"Eurotherm Limited\",\"description\":\"Temperature Control, Process Control, Measurement and Data Recording Solutions\",\"potentialAction\":[{\"@type\":\"SearchAction\",\"target\":{\"@type\":\"EntryPoint\",\"urlTemplate\":\"https:\\\/\\\/www.eurotherm.com\\\/it\\\/?s={search_term_string}\"},\"query-input\":{\"@type\":\"PropertyValueSpecification\",\"valueRequired\":true,\"valueName\":\"search_term_string\"}}],\"inLanguage\":\"it-IT\"}]}<\/script>\n<!-- \/ Yoast SEO plugin. -->","yoast_head_json":{"title":"Regolatori\/Programmatori Serie 2200 | Eurotherm Limited","description":"Regolatori\/Programmatori Serie 2200 | Regolatori di processo o temperatura versatili ad alta stabilit\u00e0 Self-tuning con eliminazione over","robots":{"index":"index","follow":"follow","max-snippet":"max-snippet:-1","max-image-preview":"max-image-preview:large","max-video-preview":"max-video-preview:-1"},"og_locale":"it_IT","og_type":"article","og_title":"Regolatori\/Programmatori Serie 2200 | Eurotherm Limited","og_description":"Regolatori\/Programmatori Serie 2200 | I regolatori 2216e\/2208e\/2204e sono una gamma di regolatori di processo e\/o temperatura versatili ad alta stabilit\u00e0, con self-tuning e formato DIN 1\/16 1\/8 e 1\/4. Presentano una struttura hardware modulare con l'opzione di due uscite di controllo, due rel\u00e8 di allarme ed un modulo di comunicazione.    La maggior parte delle varianti dei regolatori serie 2200 non \u00e8 pi\u00f9 disponibile. Per visualizzare i prodotti sostitutivi suggeriti tra i regolatori della serie EPC3000, cliccate qui.","og_url":"https:\/\/www.eurotherm.com\/it\/products\/temperature-controllers-it\/single-loop-temperature-controllers-it\/2200-temperature-controller-programmer\/","og_site_name":"Eurotherm Limited","article_modified_time":"2024-04-04T21:41:37+00:00","og_image":[{"width":500,"height":500,"url":"https:\/\/www.eurotherm.com\/wp-content\/uploads\/2018\/10\/2200_Series.jpg","type":"image\/jpeg"}],"twitter_card":"summary_large_image","twitter_misc":{"Tempo di lettura stimato":"2 minuti"},"schema":{"@context":"https:\/\/schema.org","@graph":[{"@type":"WebPage","@id":"https:\/\/www.eurotherm.com\/it\/products\/temperature-controllers-it\/single-loop-temperature-controllers-it\/2200-temperature-controller-programmer\/","url":"https:\/\/www.eurotherm.com\/it\/products\/temperature-controllers-it\/single-loop-temperature-controllers-it\/2200-temperature-controller-programmer\/","name":"Regolatori\/Programmatori Serie 2200 | Eurotherm Limited","isPartOf":{"@id":"https:\/\/www.eurotherm.com\/it\/#website"},"primaryImageOfPage":{"@id":"https:\/\/www.eurotherm.com\/it\/products\/temperature-controllers-it\/single-loop-temperature-controllers-it\/2200-temperature-controller-programmer\/#primaryimage"},"image":{"@id":"https:\/\/www.eurotherm.com\/it\/products\/temperature-controllers-it\/single-loop-temperature-controllers-it\/2200-temperature-controller-programmer\/#primaryimage"},"thumbnailUrl":"https:\/\/www.eurotherm.com\/wp-content\/uploads\/2018\/10\/2200_Series.jpg","datePublished":"2018-10-15T08:46:55+00:00","dateModified":"2024-04-04T21:41:37+00:00","description":"Regolatori\/Programmatori Serie 2200 | I regolatori 2216e\/2208e\/2204e sono una gamma di regolatori di processo e\/o temperatura versatili ad alta stabilit\u00e0, con self-tuning e formato DIN 1\/16 1\/8 e 1\/4. Presentano una struttura hardware modulare con l'opzione di due uscite di controllo, due rel\u00e8 di allarme ed un modulo di comunicazione. La maggior parte delle varianti dei regolatori serie 2200 non \u00e8 pi\u00f9 disponibile. Per visualizzare i prodotti sostitutivi suggeriti tra i regolatori della serie EPC3000, cliccate qui.","breadcrumb":{"@id":"https:\/\/www.eurotherm.com\/it\/products\/temperature-controllers-it\/single-loop-temperature-controllers-it\/2200-temperature-controller-programmer\/#breadcrumb"},"inLanguage":"it-IT","potentialAction":[{"@type":"ReadAction","target":["https:\/\/www.eurotherm.com\/it\/products\/temperature-controllers-it\/single-loop-temperature-controllers-it\/2200-temperature-controller-programmer\/"]}]},{"@type":"ImageObject","inLanguage":"it-IT","@id":"https:\/\/www.eurotherm.com\/it\/products\/temperature-controllers-it\/single-loop-temperature-controllers-it\/2200-temperature-controller-programmer\/#primaryimage","url":"https:\/\/www.eurotherm.com\/wp-content\/uploads\/2018\/10\/2200_Series.jpg","contentUrl":"https:\/\/www.eurotherm.com\/wp-content\/uploads\/2018\/10\/2200_Series.jpg","width":500,"height":500},{"@type":"BreadcrumbList","@id":"https:\/\/www.eurotherm.com\/it\/products\/temperature-controllers-it\/single-loop-temperature-controllers-it\/2200-temperature-controller-programmer\/#breadcrumb","itemListElement":[{"@type":"ListItem","position":1,"name":"Home","item":"https:\/\/www.eurotherm.com\/it\/"},{"@type":"ListItem","position":2,"name":"Product Catalogue","item":"https:\/\/www.eurotherm.com\/it\/product-catalogue\/"},{"@type":"ListItem","position":3,"name":"Regolatori di Temperatura","item":"https:\/\/www.eurotherm.com\/it\/eurotherm-products\/temperature-controllers-it\/"},{"@type":"ListItem","position":4,"name":"Regolatori Single-loop","item":"https:\/\/www.eurotherm.com\/it\/eurotherm-products\/temperature-controllers-it\/single-loop-temperature-controllers-it\/"},{"@type":"ListItem","position":5,"name":"Regolatori\/Programmatori Serie 2200"}]},{"@type":"WebSite","@id":"https:\/\/www.eurotherm.com\/it\/#website","url":"https:\/\/www.eurotherm.com\/it\/","name":"Eurotherm Limited","description":"Temperature Control, Process Control, Measurement and Data Recording Solutions","potentialAction":[{"@type":"SearchAction","target":{"@type":"EntryPoint","urlTemplate":"https:\/\/www.eurotherm.com\/it\/?s={search_term_string}"},"query-input":{"@type":"PropertyValueSpecification","valueRequired":true,"valueName":"search_term_string"}}],"inLanguage":"it-IT"}]}},"ACF":{"product_file":[27454,27942,27866,27943,27939,29135,27473,26654,26676,26670,26671,28348,26680,26681,26675,26678,26679,26672,26674,26677,26683,26673,26682,26661,26660,26665,26666,26663,26669,28347,26667,26668,26664,26662,29311,29347,27879,27497,26653,26656,27584,26614,27667,28089,28128,28122,90351,78478,28134,28090,27669,27671,27780,27781,27779,28121,27670,28093,87369,97153,27665,92216,78477,104011,28116,78464,89545,78465,78479,28124,28130,29213,28127,28123,28129,28149,28136,78487,97248,28132,90357,27668,27673,28113,28088,28133,28135,87015,90350,28138,27778,27672,27777,26567,28115,27597,28508,90352,28091,66535],"product_status":"To Be Discontinued","enable_watlow_configurator":false},"jetpack_sharing_enabled":true,"_links":{"self":[{"href":"https:\/\/www.eurotherm.com\/it\/wp-json\/wp\/v2\/product\/20484","targetHints":{"allow":["GET"]}}],"collection":[{"href":"https:\/\/www.eurotherm.com\/it\/wp-json\/wp\/v2\/product"}],"about":[{"href":"https:\/\/www.eurotherm.com\/it\/wp-json\/wp\/v2\/types\/product"}],"wp:featuredmedia":[{"embeddable":true,"href":"https:\/\/www.eurotherm.com\/it\/wp-json\/wp\/v2\/media\/9187"}],"wp:attachment":[{"href":"https:\/\/www.eurotherm.com\/it\/wp-json\/wp\/v2\/media?parent=20484"}],"wp:term":[{"taxonomy":"product_brand","embeddable":true,"href":"https:\/\/www.eurotherm.com\/it\/wp-json\/wp\/v2\/product_brand?post=20484"},{"taxonomy":"product_cat","embeddable":true,"href":"https:\/\/www.eurotherm.com\/it\/wp-json\/wp\/v2\/product_cat?post=20484"},{"taxonomy":"product_tag","embeddable":true,"href":"https:\/\/www.eurotherm.com\/it\/wp-json\/wp\/v2\/product_tag?post=20484"}],"curies":[{"name":"wp","href":"https:\/\/api.w.org\/{rel}","templated":true}]}}