{"id":20481,"date":"2018-10-15T08:50:47","date_gmt":"2018-10-15T08:50:47","guid":{"rendered":"https:\/\/www.eurotherm.com\/product\/plc-compatto-e-di-precisione-eplc-100\/"},"modified":"2021-11-05T23:20:03","modified_gmt":"2021-11-05T15:20:03","slug":"eplc100-combination-plc","status":"publish","type":"product","link":"https:\/\/www.eurotherm.com\/it\/products\/discontinued-eurotherm-products-it\/eplc100-combination-plc\/","title":{"rendered":"PLC compatto e di precisione: E+PLC 100"},"content":{"rendered":"<p>E+PLC<sup>100<\/sup>\u00a0\u00e8 un PLC combinato e compatto concepito per rispondere ai rigorosi requisiti regolatori delle industrie che operano nel campo del trattamento termico e in altri importanti settori di produzione.<\/p>\n<p>Utilizzando CODESYS\u00ae, una piattaforma industriale standard aperta (IEC61131-3), E+PLC semplifica il lavoro di progettazione grazie all\u2019integrazione delle funzione di programmazione e visualizzazione in un unico ambiente. Librerie di blocchi funzione avanzati per:<\/p>\n<p>Oltre a facilitare la conformit\u00e0 ai requisiti regolatori e del cliente finale, l\u2019integrazione delle esclusive funzioni di controllo PID di Eurotherm consente una pi\u00f9 rapida messa in servizio e un pi\u00f9 stretto controllo di tutto il processo:<\/p>\n<p>La gestione dati integrata in E+PLC aiuta i costruttori a rispondere ai rigorosi requisiti regolatori dei dati di processo:<\/p>\n<ul>\n<li>Applicazioni di Trattamento Termico<\/li>\n<li>Controllo e registrazione dati<\/li>\n<li>\u201cSicurezza OEM\u201c e personalizzazione<\/li>\n<\/ul>\n<p>Oltre a facilitare la conformit\u00e0 ai requisiti regolatori e del cliente finale, l\u2019integrazione delle esclusive funzioni di controllo PID di Eurotherm consente una pi\u00f9 rapida messa in servizio e un pi\u00f9 stretto controllo di tutto il processo:<\/p>\n<ul>\n<li>Impostazioni PID per assicurare il massimo controllo a differenti setpoint<\/li>\n<li>Autoregolazione intelligente per ottimizzare controllo e messa in servizio<\/li>\n<li>Funzione speciale di cutback per il controllo dell\u2019overshoot<\/li>\n<\/ul>\n<p>La gestione dati integrata in E+PLC aiuta i costruttori a rispondere ai rigorosi requisiti regolatori dei dati di processo:<\/p>\n<ul>\n<li>Formato file .uhh a prova di manomissione (un\u2019alternativa superiore alle soluzioni .csv modificabili comunemente presenti nei PLC)<\/li>\n<\/ul>\n<p>La comunicazione Ethernet assicura la connettivit\u00e0 a IIoT (Industrial Internet of Things) e alle tecnologie Industry 4.0 come, ad esempio, EOS (Eurotherm Online Services).<\/p>\n<p>Per favorire l\u2019efficienza operativa, E+PLC100 \u00e8 dotato di interfaccia touch completamente configurabile e web server integrato per la visualizzazione a distanza su dispositivi mobili.<\/p>\n","protected":false},"excerpt":{"rendered":"<h2>Funzioni avanzate di controllo, gestione dei dati e visualizzazione in una soluzione compatta<\/h2>\n<ul>\n<li>Un PLC compatto<\/li>\n<li>Controllo di precisione, Programmatore di Setpoint e Registrazione a prova di manomissione, completamente integrati in un&#8217;applicazione PLC<\/li>\n<li>Riduci al inimo i costi di progettazione e messa in marcia, massimizzando le prestazioni<\/li>\n<li>Funzioni integrate di PID avanzato e programmatore di setpoint<\/li>\n<li>Registrazione continua e per lotti<\/li>\n<li>Visualizzazione da remoto utilizzando dispositivi smart<\/li>\n<\/ul>\n","protected":false},"featured_media":52344,"template":"","meta":{"_acf_changed":false},"product_brand":[],"product_cat":[11315],"product_tag":[],"class_list":{"0":"post-20481","1":"product","2":"type-product","3":"status-publish","4":"has-post-thumbnail","6":"product_cat-discontinued-eurotherm-products-it","7":"product_shipping_class-1-it","9":"first","10":"instock","11":"purchasable","12":"product-type-simple"},"acf":[],"yoast_head":"<!-- This site is optimized with the Yoast SEO plugin v27.2 - https:\/\/yoast.com\/product\/yoast-seo-wordpress\/ -->\n<title>PLC compatto e di precisione: E+PLC 100 | Eurotherm Limited<\/title>\n<meta name=\"description\" content=\"PLC compatto e di precisione: E+PLC 100 | E+PLC100\u00a0\u00e8 un PLC combinato e compatto concepito per rispondere ai rigorosi requisiti regolatori delle indu\" \/>\n<meta name=\"robots\" content=\"index, follow, max-snippet:-1, max-image-preview:large, max-video-preview:-1\" \/>\n<meta property=\"og:locale\" content=\"it_IT\" \/>\n<meta property=\"og:type\" content=\"article\" \/>\n<meta property=\"og:title\" content=\"PLC compatto e di precisione: E+PLC 100 | Eurotherm Limited\" \/>\n<meta property=\"og:description\" content=\"PLC compatto e di precisione: E+PLC 100 | Funzioni avanzate di controllo, gestione dei dati e visualizzazione in una soluzione compatta   Un PLC compatto  Controllo di precisione, Programmatore di Setpoint e Registrazione a prova di manomissione, completamente integrati in un&#039;applicazione PLC  Riduci al inimo i costi di progettazione e messa in marcia, massimizzando le prestazioni  Funzioni integrate di PID avanzato e programmatore di setpoint  Registrazione continua e per lotti  Visualizzazione da remoto utilizzando dispositivi smart\" \/>\n<meta property=\"og:url\" content=\"https:\/\/www.eurotherm.com\/it\/products\/discontinued-eurotherm-products-it\/eplc100-combination-plc\/\" \/>\n<meta property=\"og:site_name\" content=\"Eurotherm Limited\" \/>\n<meta property=\"article:modified_time\" content=\"2021-11-05T15:20:03+00:00\" \/>\n<meta property=\"og:image\" content=\"https:\/\/www.eurotherm.com\/wp-content\/uploads\/2018\/10\/EPLC100_34_L_numeric_screen-500x500.jpg\" \/>\n\t<meta property=\"og:image:width\" content=\"500\" \/>\n\t<meta property=\"og:image:height\" content=\"500\" \/>\n\t<meta property=\"og:image:type\" content=\"image\/jpeg\" \/>\n<meta name=\"twitter:card\" content=\"summary_large_image\" \/>\n<meta name=\"twitter:label1\" content=\"Tempo di lettura stimato\" \/>\n\t<meta name=\"twitter:data1\" content=\"1 minuto\" \/>\n<script type=\"application\/ld+json\" class=\"yoast-schema-graph\">{\"@context\":\"https:\/\/schema.org\",\"@graph\":[{\"@type\":\"WebPage\",\"@id\":\"https:\/\/www.eurotherm.com\/it\/products\/discontinued-eurotherm-products-it\/eplc100-combination-plc\/\",\"url\":\"https:\/\/www.eurotherm.com\/it\/products\/discontinued-eurotherm-products-it\/eplc100-combination-plc\/\",\"name\":\"PLC compatto e di precisione: E+PLC 100 | Eurotherm Limited\",\"isPartOf\":{\"@id\":\"https:\/\/www.eurotherm.com\/it\/#website\"},\"primaryImageOfPage\":{\"@id\":\"https:\/\/www.eurotherm.com\/it\/products\/discontinued-eurotherm-products-it\/eplc100-combination-plc\/#primaryimage\"},\"image\":{\"@id\":\"https:\/\/www.eurotherm.com\/it\/products\/discontinued-eurotherm-products-it\/eplc100-combination-plc\/#primaryimage\"},\"thumbnailUrl\":\"https:\/\/www.eurotherm.com\/wp-content\/uploads\/2018\/10\/EPLC100_34_L_numeric_screen-500x500.jpg\",\"datePublished\":\"2018-10-15T08:50:47+00:00\",\"dateModified\":\"2021-11-05T15:20:03+00:00\",\"description\":\"PLC compatto e di precisione: E+PLC 100 | Funzioni avanzate di controllo, gestione dei dati e visualizzazione in una soluzione compatta Un PLC compatto Controllo di precisione, Programmatore di Setpoint e Registrazione a prova di manomissione, completamente integrati in un'applicazione PLC Riduci al inimo i costi di progettazione e messa in marcia, massimizzando le prestazioni Funzioni integrate di PID avanzato e programmatore di setpoint Registrazione continua e per lotti Visualizzazione da remoto utilizzando dispositivi smart\",\"breadcrumb\":{\"@id\":\"https:\/\/www.eurotherm.com\/it\/products\/discontinued-eurotherm-products-it\/eplc100-combination-plc\/#breadcrumb\"},\"inLanguage\":\"it-IT\",\"potentialAction\":[{\"@type\":\"ReadAction\",\"target\":[\"https:\/\/www.eurotherm.com\/it\/products\/discontinued-eurotherm-products-it\/eplc100-combination-plc\/\"]}]},{\"@type\":\"ImageObject\",\"inLanguage\":\"it-IT\",\"@id\":\"https:\/\/www.eurotherm.com\/it\/products\/discontinued-eurotherm-products-it\/eplc100-combination-plc\/#primaryimage\",\"url\":\"https:\/\/www.eurotherm.com\/wp-content\/uploads\/2018\/10\/EPLC100_34_L_numeric_screen-500x500.jpg\",\"contentUrl\":\"https:\/\/www.eurotherm.com\/wp-content\/uploads\/2018\/10\/EPLC100_34_L_numeric_screen-500x500.jpg\",\"width\":500,\"height\":500},{\"@type\":\"BreadcrumbList\",\"@id\":\"https:\/\/www.eurotherm.com\/it\/products\/discontinued-eurotherm-products-it\/eplc100-combination-plc\/#breadcrumb\",\"itemListElement\":[{\"@type\":\"ListItem\",\"position\":1,\"name\":\"Home\",\"item\":\"https:\/\/www.eurotherm.com\/it\/\"},{\"@type\":\"ListItem\",\"position\":2,\"name\":\"Product Catalogue\",\"item\":\"https:\/\/www.eurotherm.com\/it\/product-catalogue\/\"},{\"@type\":\"ListItem\",\"position\":3,\"name\":\"Discontinued Eurotherm Products\",\"item\":\"https:\/\/www.eurotherm.com\/it\/eurotherm-products\/discontinued-eurotherm-products-it\/\"},{\"@type\":\"ListItem\",\"position\":4,\"name\":\"PLC compatto e di precisione: E+PLC 100\"}]},{\"@type\":\"WebSite\",\"@id\":\"https:\/\/www.eurotherm.com\/it\/#website\",\"url\":\"https:\/\/www.eurotherm.com\/it\/\",\"name\":\"Eurotherm Limited\",\"description\":\"Temperature Control, Process Control, Measurement and Data Recording Solutions\",\"potentialAction\":[{\"@type\":\"SearchAction\",\"target\":{\"@type\":\"EntryPoint\",\"urlTemplate\":\"https:\/\/www.eurotherm.com\/it\/?s={search_term_string}\"},\"query-input\":{\"@type\":\"PropertyValueSpecification\",\"valueRequired\":true,\"valueName\":\"search_term_string\"}}],\"inLanguage\":\"it-IT\"}]}<\/script>\n<!-- \/ Yoast SEO plugin. -->","yoast_head_json":{"title":"PLC compatto e di precisione: E+PLC 100 | Eurotherm Limited","description":"PLC compatto e di precisione: E+PLC 100 | E+PLC100\u00a0\u00e8 un PLC combinato e compatto concepito per rispondere ai rigorosi requisiti regolatori delle indu","robots":{"index":"index","follow":"follow","max-snippet":"max-snippet:-1","max-image-preview":"max-image-preview:large","max-video-preview":"max-video-preview:-1"},"og_locale":"it_IT","og_type":"article","og_title":"PLC compatto e di precisione: E+PLC 100 | Eurotherm Limited","og_description":"PLC compatto e di precisione: E+PLC 100 | Funzioni avanzate di controllo, gestione dei dati e visualizzazione in una soluzione compatta   Un PLC compatto  Controllo di precisione, Programmatore di Setpoint e Registrazione a prova di manomissione, completamente integrati in un'applicazione PLC  Riduci al inimo i costi di progettazione e messa in marcia, massimizzando le prestazioni  Funzioni integrate di PID avanzato e programmatore di setpoint  Registrazione continua e per lotti  Visualizzazione da remoto utilizzando dispositivi smart","og_url":"https:\/\/www.eurotherm.com\/it\/products\/discontinued-eurotherm-products-it\/eplc100-combination-plc\/","og_site_name":"Eurotherm Limited","article_modified_time":"2021-11-05T15:20:03+00:00","og_image":[{"width":500,"height":500,"url":"https:\/\/www.eurotherm.com\/wp-content\/uploads\/2018\/10\/EPLC100_34_L_numeric_screen-500x500.jpg","type":"image\/jpeg"}],"twitter_card":"summary_large_image","twitter_misc":{"Tempo di lettura stimato":"1 minuto"},"schema":{"@context":"https:\/\/schema.org","@graph":[{"@type":"WebPage","@id":"https:\/\/www.eurotherm.com\/it\/products\/discontinued-eurotherm-products-it\/eplc100-combination-plc\/","url":"https:\/\/www.eurotherm.com\/it\/products\/discontinued-eurotherm-products-it\/eplc100-combination-plc\/","name":"PLC compatto e di precisione: E+PLC 100 | Eurotherm Limited","isPartOf":{"@id":"https:\/\/www.eurotherm.com\/it\/#website"},"primaryImageOfPage":{"@id":"https:\/\/www.eurotherm.com\/it\/products\/discontinued-eurotherm-products-it\/eplc100-combination-plc\/#primaryimage"},"image":{"@id":"https:\/\/www.eurotherm.com\/it\/products\/discontinued-eurotherm-products-it\/eplc100-combination-plc\/#primaryimage"},"thumbnailUrl":"https:\/\/www.eurotherm.com\/wp-content\/uploads\/2018\/10\/EPLC100_34_L_numeric_screen-500x500.jpg","datePublished":"2018-10-15T08:50:47+00:00","dateModified":"2021-11-05T15:20:03+00:00","description":"PLC compatto e di precisione: E+PLC 100 | Funzioni avanzate di controllo, gestione dei dati e visualizzazione in una soluzione compatta Un PLC compatto Controllo di precisione, Programmatore di Setpoint e Registrazione a prova di manomissione, completamente integrati in un'applicazione PLC Riduci al inimo i costi di progettazione e messa in marcia, massimizzando le prestazioni Funzioni integrate di PID avanzato e programmatore di setpoint Registrazione continua e per lotti Visualizzazione da remoto utilizzando dispositivi smart","breadcrumb":{"@id":"https:\/\/www.eurotherm.com\/it\/products\/discontinued-eurotherm-products-it\/eplc100-combination-plc\/#breadcrumb"},"inLanguage":"it-IT","potentialAction":[{"@type":"ReadAction","target":["https:\/\/www.eurotherm.com\/it\/products\/discontinued-eurotherm-products-it\/eplc100-combination-plc\/"]}]},{"@type":"ImageObject","inLanguage":"it-IT","@id":"https:\/\/www.eurotherm.com\/it\/products\/discontinued-eurotherm-products-it\/eplc100-combination-plc\/#primaryimage","url":"https:\/\/www.eurotherm.com\/wp-content\/uploads\/2018\/10\/EPLC100_34_L_numeric_screen-500x500.jpg","contentUrl":"https:\/\/www.eurotherm.com\/wp-content\/uploads\/2018\/10\/EPLC100_34_L_numeric_screen-500x500.jpg","width":500,"height":500},{"@type":"BreadcrumbList","@id":"https:\/\/www.eurotherm.com\/it\/products\/discontinued-eurotherm-products-it\/eplc100-combination-plc\/#breadcrumb","itemListElement":[{"@type":"ListItem","position":1,"name":"Home","item":"https:\/\/www.eurotherm.com\/it\/"},{"@type":"ListItem","position":2,"name":"Product Catalogue","item":"https:\/\/www.eurotherm.com\/it\/product-catalogue\/"},{"@type":"ListItem","position":3,"name":"Discontinued Eurotherm Products","item":"https:\/\/www.eurotherm.com\/it\/eurotherm-products\/discontinued-eurotherm-products-it\/"},{"@type":"ListItem","position":4,"name":"PLC compatto e di precisione: E+PLC 100"}]},{"@type":"WebSite","@id":"https:\/\/www.eurotherm.com\/it\/#website","url":"https:\/\/www.eurotherm.com\/it\/","name":"Eurotherm Limited","description":"Temperature Control, Process Control, Measurement and Data Recording Solutions","potentialAction":[{"@type":"SearchAction","target":{"@type":"EntryPoint","urlTemplate":"https:\/\/www.eurotherm.com\/it\/?s={search_term_string}"},"query-input":{"@type":"PropertyValueSpecification","valueRequired":true,"valueName":"search_term_string"}}],"inLanguage":"it-IT"}]}},"ACF":{"discontinued_date":"31st December 2021","end_of_service_date":"31st December 2026","alternative_products":[{"ID":20415,"post_author":"4","post_date":"2018-10-15 08:50:47","post_date_gmt":"2018-10-15 08:50:47","post_content":"E+PLC<sup>400<\/sup> \u00e8 un PLC modulare progettato per rispondere ai requisiti regolatori di industrie che lavorano in ambito termico e non solo.\r\n\r\nL'utilizzo della piattaforma CODESYS\u00ae, standard industriale aperto IEC61131-3, semplifica la progettazione grazie a un unico ambiente di programmazione e visualizzazione integrato. Include librerie di blocchi funzione avanzati per:\r\n<ul>\r\n \t<li>Applicazioni di tratamento termico<\/li>\r\n \t<li>Controllo e registrazione dati<\/li>\r\n \t<li>\u2018OEM security\u2019 e personalizzazione<\/li>\r\n<\/ul>\r\nLe funzioni di controllo PID, uniche nel loro genere, consentono una messa in funzione pi\u00f9 rapida e un controllo pi\u00f9 rigoroso dell'intero processo, oltre a facilitare la conformit\u00e0 ai requisiti normativi e del cliente finale, tra cui:\r\n<ul>\r\n \t<li>6 set PID per contribuire a mantenere un controllo rigoroso a setpoint specifici<\/li>\r\n \t<li>Autotune intelligente per un controllo e una messa in servizio ottimali<\/li>\r\n \t<li>Funzione di cutback avanzata per il controllo delle sovraelongazioni<\/li>\r\n<\/ul>\r\nLa gestione dei dati integrata nell'E+PLC aiuta i produttori a soddisfare i severi requisiti normativi sui dati di processo, tra cui:\r\n<ul>\r\n \t<li>File Eurotherm UHH, un formato anti-manomissione (un'alternativa superiore ai file csv modificabili comunemente presenti nei PLC)<\/li>\r\n<\/ul>\r\nLa comunicazione Ethernet offre connettivit\u00e0 alle tecnologie IIoT (Industrial Internet of Things) e Industry 4.0.\r\n\r\nPer favorire l'efficienza operativa E+PLC400 dispone di un webserver integrato per la visualizzazione remota su dispositivi mobili e pu\u00f2 essere abbinato a qualsiasi pannello di interfaccia operatore che supporti la comunicazione https per la visualizzazione locale.","post_title":"E+PLC400, PLC combinato","post_excerpt":"<h2>Controllo Avanzato, Gestione dei Dati e Visualizzazione in una piattaforma modulare<\/h2>\r\nE+PLC400 \u00e8 un controllore PID, un registratore e un PLC combinati in un'unica soluzione modulare, incredibilmente facile da ingegnerizzare. Utilizzando una piattaforma aperta standard di settore (IEC 61131-3) e un unico ambiente di programmazione e visualizzazione integrato, questo strumento \u00e8 progettato per offrire flessibilit\u00e0 per soddisfare i requisiti di processo e ridurre i tempi di progettazione. \u00c8 ricco di funzionalit\u00e0 e offre un'esperienza utente migliorata che offre efficienza operativa, migliori prestazioni di processo e conformit\u00e0 normativa semplificata.","post_status":"publish","comment_status":"closed","ping_status":"closed","post_password":"","post_name":"eplc400-combination-plc","to_ping":"","pinged":"","post_modified":"2023-08-18 22:00:05","post_modified_gmt":"2023-08-18 14:00:05","post_content_filtered":"","post_parent":0,"guid":"https:\/\/www.eurotherm.com\/product\/eplc400-plc-di-precisione-versatile\/","menu_order":0,"post_type":"product","post_mime_type":"","comment_count":"0","filter":"raw"},{"ID":20470,"post_author":"4","post_date":"2018-10-15 08:52:45","post_date_gmt":"2018-10-15 08:52:45","post_content":"<h2>Display nitido, a colori<\/h2>\r\nIl display da 3,5\u201d TFT offre una visualizzazione incredibilmente chiara dei parametri di processo con un'ampia selezione di schermate configurabili per adattarsi al meglio a qualunque applicazione. \u00c8 possibile visualizzare: trend orizzontali e verticali, grafici a barre orizzontali e verticali, pagine numeriche, stato degli allarmi e loop di controllo. L\u2019unit\u00e0 consente lo user wiring dal display del prodotto, in modo da poter eseguire una configurazione dettagliata senza l'utilizzo di un PC.\r\n<h2>Acquisizione e registrazione di dati<\/h2>\r\nLa funzione di registrazione del nanodac utilizza le strategie sicure e il formato UHH sviluppati da Eurotherm nel corso di anni di esperienza nel campo della registrazione. Il prodotto, oltre a fornire molteplici visualizzazioni in tempo reale e storiche, fornisce diverse strategie di archiviazione dei dati utilizzando la memoria flash integrata da 50 MB, un dispositivo USB rimovibile e il trasferimento di dati via FTP verso un server specificato.\r\n\r\nI quattro canali di ingresso universali offrono elevata accuratezza (adatta all\u2019uso in applicazioni Nadcap) e campionamento da 125 ms. Si possono inoltre utilizzare altri 14 canali virtuali per funzioni matematiche, contatori, comunicazioni Slave e totalizzatori.\r\n<a href=\"https:\/\/www.eurotherm.com\/it\/products\/recorders-and-data-acquisition-it\/recorders-software-it\/data-reviewer-2\/\">Eurotherm Data Reviewer<\/a> \u00e8 la scelta ideale per la visualizzazione, l'analisi e la stampa di file di dati storici acquisiti tramite i prodotti di acquisizione dati Eurotherm\r\n<h2>Cicli di controllo PID<\/h2>\r\nnanodac pu\u00f2 fornire anche due loop di controllo indipendenti (opzionali). Questa funzionalit\u00e0 di controllo utilizza l\u2019avanzato algoritmo PID di Eurotherm, garantendo prestazioni e affidabilit\u00e0 elevate a ogni processo. Le sue funzionalit\u00e0 includono uno dei migliori dispositivi autotune al mondo, oltre che eliminazione degli overshoot (cutback), compensazione per variazioni dell'alimentazione grazie al feedforward e algoritmo di raffreddamento lineare, ad aria, a olio, ad acqua.\r\n<ul>\r\n \t<li>Registrazione sicura dei dati<\/li>\r\n \t<li>2 loop di controllo PID<\/li>\r\n \t<li>Ingressi universali ad elevata accuratezza<\/li>\r\n \t<li>Dispositivi USB rimovibili per la memorizzazione di dati<\/li>\r\n \t<li>Design compatto<\/li>\r\n \t<li>Memoria flash da 50 MB<\/li>\r\n \t<li>Protocolli di comunicazione Ethernet<\/li>\r\n \t<li>Nitido display \u00bc VGA<\/li>\r\n \t<li>14 canali virtuali<\/li>\r\n<\/ul>","post_title":"nanodac\u2122 Registratore\/Regolatore","post_excerpt":"<h2>Il massimo della registrazione elettronica unito a controllo PID e programmazione di setpoint<\/h2>\r\nIl registratore\/regolatore nanodac\u2122 offre il massimo, considerate le sue dimensioni, in termini di registrazione videografica e controllo PID. Si tratta di un'unit\u00e0 compatta \u00bc DIN con montaggio a pannello che dispone di 4 ingressi universali ad elevata accuratezza per la registrazione di dati e il controllo PID. \u00c8 uno strumento per la registrazione sicura di dati con controllo accurato, esaltato da un display a colori \u00bc VGA che offre all'operatore un'interfaccia incredibilmente nitida anche sulle macchine pi\u00f9 piccole","post_status":"publish","comment_status":"closed","ping_status":"closed","post_password":"","post_name":"nanodac-recorder-controller","to_ping":"","pinged":"","post_modified":"2023-11-09 05:00:51","post_modified_gmt":"2023-11-08 21:00:51","post_content_filtered":"","post_parent":0,"guid":"https:\/\/www.eurotherm.com\/product\/nanodac-registratore-regolatore\/","menu_order":0,"post_type":"product","post_mime_type":"","comment_count":"0","filter":"raw"}],"product_file":[27454,29317,27679,28535,29341,27538,27680,27539,27682,27681,27540,29357,29220,28061,28063,28064,28062,27683,29165,28456,28258,27942,28071,27866,28069,28140,27943,27939,27584,28120,28970,100562,101943,100563,105978,137167]},"jetpack_sharing_enabled":true,"_links":{"self":[{"href":"https:\/\/www.eurotherm.com\/it\/wp-json\/wp\/v2\/product\/20481","targetHints":{"allow":["GET"]}}],"collection":[{"href":"https:\/\/www.eurotherm.com\/it\/wp-json\/wp\/v2\/product"}],"about":[{"href":"https:\/\/www.eurotherm.com\/it\/wp-json\/wp\/v2\/types\/product"}],"wp:featuredmedia":[{"embeddable":true,"href":"https:\/\/www.eurotherm.com\/it\/wp-json\/wp\/v2\/media\/52344"}],"wp:attachment":[{"href":"https:\/\/www.eurotherm.com\/it\/wp-json\/wp\/v2\/media?parent=20481"}],"wp:term":[{"taxonomy":"product_brand","embeddable":true,"href":"https:\/\/www.eurotherm.com\/it\/wp-json\/wp\/v2\/product_brand?post=20481"},{"taxonomy":"product_cat","embeddable":true,"href":"https:\/\/www.eurotherm.com\/it\/wp-json\/wp\/v2\/product_cat?post=20481"},{"taxonomy":"product_tag","embeddable":true,"href":"https:\/\/www.eurotherm.com\/it\/wp-json\/wp\/v2\/product_tag?post=20481"}],"curies":[{"name":"wp","href":"https:\/\/api.w.org\/{rel}","templated":true}]}}