{"id":20472,"date":"2018-10-15T08:52:45","date_gmt":"2018-10-15T08:52:45","guid":{"rendered":"https:\/\/www.eurotherm.com\/product\/omni-series\/"},"modified":"2024-04-05T04:37:14","modified_gmt":"2024-04-04T20:37:14","slug":"omni-series","status":"publish","type":"product","link":"https:\/\/www.eurotherm.com\/it\/products\/prodotti-ita\/omni-series\/","title":{"rendered":"Serie Omni"},"content":{"rendered":"<h2>Isolamento<\/h2>\n<p>Se, per un singolo segnale di controllo, viene previsto pi\u00f9 di un collegamento di messa a terra si pu\u00f2 verificare un loop di massa. Poich\u00e9 le messe a terra sono raramente allo stesso potenziale, viene generata una corrente indesiderata che interferir\u00e0 con il segnale di controllo. Gli isolatori di segnale rompono il percorso della corrente loop di massa e mantengono l&#8217;integrit\u00e0 della misurazione.<\/p>\n<h2>Attenuazione dei disturbi<\/h2>\n<p>Gli isolatori includono filtra passa-basso che eliminano le frequenze EMI\/RFI e segnali indesiderati da linee elettriche, generatori e motori.<\/p>\n<h2>Linearizzazione<\/h2>\n<p>Molti sensori emettono un segnale che non \u00e8 linearmente correlato al valore ingegneristico misurato. Ad esempio, una termocoppia usata per misurare la temperatura ha un&#8217;uscita non lineare in millivolt. Un isolatore di segnale di ingresso termocoppia traduce questo segnale in un segnale lineare standard come 4-20 mA.<\/p>\n<h2>Conversione di segnale<\/h2>\n<p>Le applicazioni industriali utilizzano una vasta gamma di sensori per misurare la temperatura, il flusso, la lunghezza, la velocit\u00e0, ecc. Questi segnali possono quindi aver bisogno di essere convertiti in una forma utilizzabile dalla strumentazione alla quale sono connessi. Qualsiasi segnale del sensore (termocoppia, RTD, tensione DC, corrente DC) pu\u00f2 essere convertito in qualsiasi segnale di processo standard.<\/p>\n<h2>Serie Omni<\/h2>\n<h3>Convertitore isolato OmniSLIM SL408<\/h3>\n<ul>\n<li>Isolamento e conversion di segnali DC standard<\/li>\n<li>Alloggiamento sottile di 6 mm<\/li>\n<li>Alimentazione e isolatore di segnale per trasmettitori a 2 fili<\/li>\n<li>Alimentazione loop &gt;17 V<\/li>\n<li>Configurato DIP-switch<\/li>\n<\/ul>\n<h3>Convertitore isolato bipolare OmniSLIM SL408-B<\/h3>\n<ul>\n<li>Conversione di segnali di processo bipolari di tensione e di corrente in segnali unipolari<\/li>\n<li>\u00c8 possibile selezionare pi\u00f9 intervalli di segnale tramite DIP-switch<\/li>\n<li>Tempo di risposta rapido &lt; 7 ms e elevata stabilit\u00e0 del carico di uscita<\/li>\n<li>Ottima accuratezza, migliore del 0.05 % dell\u2019intervallo selezionato<\/li>\n<li>Alloggiamento sottile di 6 mm<\/li>\n<\/ul>\n<h3>Isolatore alimentato in loop OmniSLIM SL500<\/h3>\n<ul>\n<li>Isolatore alimentato in loop a 1 o 2 channel di ingresso<\/li>\n<li>Segnale 1:1 intervallo di funzionamento 0&#8230;23 mA<\/li>\n<li>Bassa caduta della tensione in ingresso e tempo di risposta rapido<\/li>\n<li>Ottima accuratezza ed elevata stabilit\u00e0 del carico<\/li>\n<li>Alloggiamento sottile di 6 mm<\/li>\n<\/ul>\n<h3>SL501 OmniSLIM 2-Wire Transmitter Isolator<\/h3>\n<ul>\n<li>Isolatore trasmettitore 2 fili a 1 o 2 canali<\/li>\n<li>Segnale 1:1 intervallo di funzionamento 3.5&#8230;23 mA<\/li>\n<li>Bassa caduta della tensione in ingresso e tempo di risposta rapido<\/li>\n<li>Ottima accuratezza<\/li>\n<li>Alloggiamento sottile di 6 mm<\/li>\n<\/ul>\n<h3>SL508-B OmniSLIM Bi-Polar Isolated Converter\/Splitter<\/h3>\n<ul>\n<li>Conversione di segnali di processo bipolari in tensione e corrente a segnali ino\/bi-polari<\/li>\n<li>Sono selezionabili pi\u00f9 intervalli di segnale tramite i DIP-switch<\/li>\n<li>Funzione di suddivisione: 1 segnale in ingresso e 2 segnali in uscita<\/li>\n<li>Ottima accuratezza, migliore del 0.05 % dell\u2019intervallo selezionato ed elevata stabilit\u00e0 del carico in uscita<\/li>\n<li>Alloggiamento sottile di 6 mm<\/li>\n<\/ul>\n<h3>Covertitore Pt100 Isolato SL418 OmniSLIM<\/h3>\n<ul>\n<li>Converte misure di processo da sensori di temperature Pt100 a uscite in tensione o corrente<\/li>\n<li>Sono selezionabili pi\u00f9 intervalli di temperatura precalibrati tramite DIP-switch<\/li>\n<li>Ottima accuratezza, migliore del 0.1\u00b0C o 0.05 % dell\u2019intervallo selezionato<\/li>\n<li>Tempo di risposta selezionabile &lt; 30 ms \/ 300 ms<\/li>\n<li>Ottima soppressione dei disturbi 50\/60 Hz<\/li>\n<li>Alloggiamento sottile di 6 mm<\/li>\n<\/ul>\n<h3>SL558-T OmniSLIM Temperature Converter Loop Powered &#8211; Isolated<\/h3>\n<ul>\n<li>Converte misure di processo da sensori di temperatura Pt100 e termocoppie J &amp; K a uscita di corrente isolata passiva 4-20 mA<\/li>\n<li>Sono selezionabili pi\u00f9 intervalli di temperatura precalibrati tramite DIP-switch<\/li>\n<li>&gt; Ottima accuratezza, migliore del 0.05 % dell\u2019intervallo selezionato<\/li>\n<li>Tempo di risposta selezionabile &lt; 30 ms \/ 300 ms<\/li>\n<li>Ottima soppressione dei disturbi 50\/60 Hz<\/li>\n<li>Alloggiamento sottile di 6 mm<\/li>\n<\/ul>\n","protected":false},"excerpt":{"rendered":"<p>Condizionatori di segnale Serie Omni<\/p>\n<p>Il condizionamento di segnale \u00e8 utile nell&#8217;amplificazione o suddivisione del segnale, condizionamento uscite sensore, problemi di isolamento messa a terra<\/p>\n","protected":false},"featured_media":7941,"template":"","meta":{"_acf_changed":false},"product_brand":[],"product_cat":[11274,756],"product_tag":[],"class_list":{"0":"post-20472","1":"product","2":"type-product","3":"status-publish","4":"has-post-thumbnail","6":"product_cat-i-o-signal-conditioning-it","7":"product_cat-prodotti-ita","8":"product_shipping_class-1-it","10":"first","11":"instock","12":"purchasable","13":"product-type-simple"},"acf":[],"yoast_head":"<!-- This site is optimized with the Yoast SEO plugin v27.2 - https:\/\/yoast.com\/product\/yoast-seo-wordpress\/ -->\n<title>Serie Omni | Eurotherm Limited<\/title>\n<meta name=\"description\" content=\"Serie Omni | Isolamento Se, per un singolo segnale di controllo, viene previsto pi\u00f9 di un collegamento di messa a terra si pu\u00f2 verificare un loop di m\" \/>\n<meta name=\"robots\" content=\"index, follow, max-snippet:-1, max-image-preview:large, max-video-preview:-1\" \/>\n<meta property=\"og:locale\" content=\"it_IT\" \/>\n<meta property=\"og:type\" content=\"article\" \/>\n<meta property=\"og:title\" content=\"Serie Omni | Eurotherm Limited\" \/>\n<meta property=\"og:description\" content=\"Serie Omni | Condizionatori di segnale Serie Omni  Il condizionamento di segnale \u00e8 utile nell&#039;amplificazione o suddivisione del segnale, condizionamento uscite sensore, problemi di isolamento messa a terra\" \/>\n<meta property=\"og:url\" content=\"https:\/\/www.eurotherm.com\/it\/products\/prodotti-ita\/omni-series\/\" \/>\n<meta property=\"og:site_name\" content=\"Eurotherm Limited\" \/>\n<meta property=\"article:modified_time\" content=\"2024-04-04T20:37:14+00:00\" \/>\n<meta property=\"og:image\" content=\"https:\/\/www.eurotherm.com\/wp-content\/uploads\/2018\/10\/omniSLIM_fv.jpg\" \/>\n\t<meta property=\"og:image:width\" content=\"500\" \/>\n\t<meta property=\"og:image:height\" content=\"500\" \/>\n\t<meta property=\"og:image:type\" content=\"image\/jpeg\" \/>\n<meta name=\"twitter:card\" content=\"summary_large_image\" \/>\n<meta name=\"twitter:label1\" content=\"Tempo di lettura stimato\" \/>\n\t<meta name=\"twitter:data1\" content=\"3 minuti\" \/>\n<script type=\"application\/ld+json\" class=\"yoast-schema-graph\">{\"@context\":\"https:\/\/schema.org\",\"@graph\":[{\"@type\":\"WebPage\",\"@id\":\"https:\/\/www.eurotherm.com\/it\/products\/prodotti-ita\/omni-series\/\",\"url\":\"https:\/\/www.eurotherm.com\/it\/products\/prodotti-ita\/omni-series\/\",\"name\":\"Serie Omni | Eurotherm Limited\",\"isPartOf\":{\"@id\":\"https:\/\/www.eurotherm.com\/it\/#website\"},\"primaryImageOfPage\":{\"@id\":\"https:\/\/www.eurotherm.com\/it\/products\/prodotti-ita\/omni-series\/#primaryimage\"},\"image\":{\"@id\":\"https:\/\/www.eurotherm.com\/it\/products\/prodotti-ita\/omni-series\/#primaryimage\"},\"thumbnailUrl\":\"https:\/\/www.eurotherm.com\/wp-content\/uploads\/2018\/10\/omniSLIM_fv.jpg\",\"datePublished\":\"2018-10-15T08:52:45+00:00\",\"dateModified\":\"2024-04-04T20:37:14+00:00\",\"description\":\"Serie Omni | Condizionatori di segnale Serie Omni Il condizionamento di segnale \u00e8 utile nell'amplificazione o suddivisione del segnale, condizionamento uscite sensore, problemi di isolamento messa a terra\",\"breadcrumb\":{\"@id\":\"https:\/\/www.eurotherm.com\/it\/products\/prodotti-ita\/omni-series\/#breadcrumb\"},\"inLanguage\":\"it-IT\",\"potentialAction\":[{\"@type\":\"ReadAction\",\"target\":[\"https:\/\/www.eurotherm.com\/it\/products\/prodotti-ita\/omni-series\/\"]}]},{\"@type\":\"ImageObject\",\"inLanguage\":\"it-IT\",\"@id\":\"https:\/\/www.eurotherm.com\/it\/products\/prodotti-ita\/omni-series\/#primaryimage\",\"url\":\"https:\/\/www.eurotherm.com\/wp-content\/uploads\/2018\/10\/omniSLIM_fv.jpg\",\"contentUrl\":\"https:\/\/www.eurotherm.com\/wp-content\/uploads\/2018\/10\/omniSLIM_fv.jpg\",\"width\":500,\"height\":500},{\"@type\":\"BreadcrumbList\",\"@id\":\"https:\/\/www.eurotherm.com\/it\/products\/prodotti-ita\/omni-series\/#breadcrumb\",\"itemListElement\":[{\"@type\":\"ListItem\",\"position\":1,\"name\":\"Home\",\"item\":\"https:\/\/www.eurotherm.com\/it\/\"},{\"@type\":\"ListItem\",\"position\":2,\"name\":\"Product Catalogue\",\"item\":\"https:\/\/www.eurotherm.com\/it\/product-catalogue\/\"},{\"@type\":\"ListItem\",\"position\":3,\"name\":\"Dispositivi Ausiliari\",\"item\":\"https:\/\/www.eurotherm.com\/it\/eurotherm-products\/ancillary-equipment-it\/\"},{\"@type\":\"ListItem\",\"position\":4,\"name\":\"Condizionamento di Segnale\",\"item\":\"https:\/\/www.eurotherm.com\/it\/eurotherm-products\/i-o-signal-conditioning-it\/\"},{\"@type\":\"ListItem\",\"position\":5,\"name\":\"Serie Omni\"}]},{\"@type\":\"WebSite\",\"@id\":\"https:\/\/www.eurotherm.com\/it\/#website\",\"url\":\"https:\/\/www.eurotherm.com\/it\/\",\"name\":\"Eurotherm Limited\",\"description\":\"Temperature Control, Process Control, Measurement and Data Recording Solutions\",\"potentialAction\":[{\"@type\":\"SearchAction\",\"target\":{\"@type\":\"EntryPoint\",\"urlTemplate\":\"https:\/\/www.eurotherm.com\/it\/?s={search_term_string}\"},\"query-input\":{\"@type\":\"PropertyValueSpecification\",\"valueRequired\":true,\"valueName\":\"search_term_string\"}}],\"inLanguage\":\"it-IT\"}]}<\/script>\n<!-- \/ Yoast SEO plugin. -->","yoast_head_json":{"title":"Serie Omni | Eurotherm Limited","description":"Serie Omni | Isolamento Se, per un singolo segnale di controllo, viene previsto pi\u00f9 di un collegamento di messa a terra si pu\u00f2 verificare un loop di m","robots":{"index":"index","follow":"follow","max-snippet":"max-snippet:-1","max-image-preview":"max-image-preview:large","max-video-preview":"max-video-preview:-1"},"og_locale":"it_IT","og_type":"article","og_title":"Serie Omni | Eurotherm Limited","og_description":"Serie Omni | Condizionatori di segnale Serie Omni  Il condizionamento di segnale \u00e8 utile nell'amplificazione o suddivisione del segnale, condizionamento uscite sensore, problemi di isolamento messa a terra","og_url":"https:\/\/www.eurotherm.com\/it\/products\/prodotti-ita\/omni-series\/","og_site_name":"Eurotherm Limited","article_modified_time":"2024-04-04T20:37:14+00:00","og_image":[{"width":500,"height":500,"url":"https:\/\/www.eurotherm.com\/wp-content\/uploads\/2018\/10\/omniSLIM_fv.jpg","type":"image\/jpeg"}],"twitter_card":"summary_large_image","twitter_misc":{"Tempo di lettura stimato":"3 minuti"},"schema":{"@context":"https:\/\/schema.org","@graph":[{"@type":"WebPage","@id":"https:\/\/www.eurotherm.com\/it\/products\/prodotti-ita\/omni-series\/","url":"https:\/\/www.eurotherm.com\/it\/products\/prodotti-ita\/omni-series\/","name":"Serie Omni | Eurotherm Limited","isPartOf":{"@id":"https:\/\/www.eurotherm.com\/it\/#website"},"primaryImageOfPage":{"@id":"https:\/\/www.eurotherm.com\/it\/products\/prodotti-ita\/omni-series\/#primaryimage"},"image":{"@id":"https:\/\/www.eurotherm.com\/it\/products\/prodotti-ita\/omni-series\/#primaryimage"},"thumbnailUrl":"https:\/\/www.eurotherm.com\/wp-content\/uploads\/2018\/10\/omniSLIM_fv.jpg","datePublished":"2018-10-15T08:52:45+00:00","dateModified":"2024-04-04T20:37:14+00:00","description":"Serie Omni | Condizionatori di segnale Serie Omni Il condizionamento di segnale \u00e8 utile nell'amplificazione o suddivisione del segnale, condizionamento uscite sensore, problemi di isolamento messa a terra","breadcrumb":{"@id":"https:\/\/www.eurotherm.com\/it\/products\/prodotti-ita\/omni-series\/#breadcrumb"},"inLanguage":"it-IT","potentialAction":[{"@type":"ReadAction","target":["https:\/\/www.eurotherm.com\/it\/products\/prodotti-ita\/omni-series\/"]}]},{"@type":"ImageObject","inLanguage":"it-IT","@id":"https:\/\/www.eurotherm.com\/it\/products\/prodotti-ita\/omni-series\/#primaryimage","url":"https:\/\/www.eurotherm.com\/wp-content\/uploads\/2018\/10\/omniSLIM_fv.jpg","contentUrl":"https:\/\/www.eurotherm.com\/wp-content\/uploads\/2018\/10\/omniSLIM_fv.jpg","width":500,"height":500},{"@type":"BreadcrumbList","@id":"https:\/\/www.eurotherm.com\/it\/products\/prodotti-ita\/omni-series\/#breadcrumb","itemListElement":[{"@type":"ListItem","position":1,"name":"Home","item":"https:\/\/www.eurotherm.com\/it\/"},{"@type":"ListItem","position":2,"name":"Product Catalogue","item":"https:\/\/www.eurotherm.com\/it\/product-catalogue\/"},{"@type":"ListItem","position":3,"name":"Dispositivi Ausiliari","item":"https:\/\/www.eurotherm.com\/it\/eurotherm-products\/ancillary-equipment-it\/"},{"@type":"ListItem","position":4,"name":"Condizionamento di Segnale","item":"https:\/\/www.eurotherm.com\/it\/eurotherm-products\/i-o-signal-conditioning-it\/"},{"@type":"ListItem","position":5,"name":"Serie Omni"}]},{"@type":"WebSite","@id":"https:\/\/www.eurotherm.com\/it\/#website","url":"https:\/\/www.eurotherm.com\/it\/","name":"Eurotherm Limited","description":"Temperature Control, Process Control, Measurement and Data Recording Solutions","potentialAction":[{"@type":"SearchAction","target":{"@type":"EntryPoint","urlTemplate":"https:\/\/www.eurotherm.com\/it\/?s={search_term_string}"},"query-input":{"@type":"PropertyValueSpecification","valueRequired":true,"valueName":"search_term_string"}}],"inLanguage":"it-IT"}]}},"ACF":{"product_file":[28429,27454,27942,27866,27943,27939,28436,28634,29360,29361,29362,29363,28633,28632,28631,27584,27497,29281,29280,29174,28430,28431,28435,28434,28433,28432,28437],"product_status":"Discontinued","enable_watlow_configurator":false},"jetpack_sharing_enabled":true,"_links":{"self":[{"href":"https:\/\/www.eurotherm.com\/it\/wp-json\/wp\/v2\/product\/20472","targetHints":{"allow":["GET"]}}],"collection":[{"href":"https:\/\/www.eurotherm.com\/it\/wp-json\/wp\/v2\/product"}],"about":[{"href":"https:\/\/www.eurotherm.com\/it\/wp-json\/wp\/v2\/types\/product"}],"wp:featuredmedia":[{"embeddable":true,"href":"https:\/\/www.eurotherm.com\/it\/wp-json\/wp\/v2\/media\/7941"}],"wp:attachment":[{"href":"https:\/\/www.eurotherm.com\/it\/wp-json\/wp\/v2\/media?parent=20472"}],"wp:term":[{"taxonomy":"product_brand","embeddable":true,"href":"https:\/\/www.eurotherm.com\/it\/wp-json\/wp\/v2\/product_brand?post=20472"},{"taxonomy":"product_cat","embeddable":true,"href":"https:\/\/www.eurotherm.com\/it\/wp-json\/wp\/v2\/product_cat?post=20472"},{"taxonomy":"product_tag","embeddable":true,"href":"https:\/\/www.eurotherm.com\/it\/wp-json\/wp\/v2\/product_tag?post=20472"}],"curies":[{"name":"wp","href":"https:\/\/api.w.org\/{rel}","templated":true}]}}