{"id":20446,"date":"2018-10-15T08:46:55","date_gmt":"2018-10-15T08:46:55","guid":{"rendered":"https:\/\/www.eurotherm.com\/product\/indicatore-e-unita-dallarme-serie-2408i\/"},"modified":"2022-08-01T19:02:18","modified_gmt":"2022-08-01T11:02:18","slug":"2408i-indicator-and-alarm-unit","status":"publish","type":"product","link":"https:\/\/www.eurotherm.com\/it\/products\/temperature-controllers-it\/indicatori-e-unita-di-allarme\/2408i-indicator-and-alarm-unit\/","title":{"rendered":"Indicatore e unit\u00e0 d&#8217;allarme Serie 2408i"},"content":{"rendered":"<ul>\n<li>Ampio display a 5 cifre per miglior visibilit\u00e0<\/li>\n<li>Limiti di sovratemperatura del forno<\/li>\n<li>Indicazione e allarme della pressione di fusione per estrusione<\/li>\n<li>Comunicazioni fieldbus per l&#8217;integrazione nel sistema<\/li>\n<li>Il secondo ingresso di processo fornisce strategie supplementari di segnalazione degli allarmi<\/li>\n<li>Struttura modulare per una maggiore flessibilit\u00e0 I\/O<\/li>\n<\/ul>\n<p>Un ingresso universale consente la selezione di nove tipi di sensore memorizzati al suo interno. Gli ingressi lineari possono essere scalati al range desiderato. Altre linearizzazioni di ingresso possono essere caricate nello strumento al momento dell&#8217;ordine oppure utilizzando iTools. Una linearizzazione a quindici punti pu\u00f2 essere utilizzata per ottenere un&#8217;indicazione precisa di segnali non standard.<\/p>\n<p>Il suo ampio display a 5 cifre, disponibile in rosso o in verde, fornisce un&#8217;indicazione chiara del valore di processo. Un secondo ingresso opzionale per il processo consente la visualizzazione e la messa in allarme in base a media, differenza, valore minimo o massimo di due cifre.<\/p>\n<p>Per l&#8217;utilizzo in un&#8217;ampia gamma di applicazioni, possono essere inseriti fino a tre moduli I\/O da una serie complessiva di nove, inclusi rel\u00e8, logiche, analogiche, unit\u00e0 di alimentazione trasmettitore.<\/p>\n<p>L&#8217;integrazione del sistema pu\u00f2 essere ottenuta mediante ritrasmissione analogica convenzionale o con comunicazione digitali. La gamma 2408i supporta il protocollo Modbus in formato sia seriale che Ethernet, oltre a Devicenet e Profibus DP.<\/p>\n<p><strong>IDEALE PER:<\/strong><\/p>\n<ul>\n<li>Indicazione della temperatura e del processo<\/li>\n<li>Protezione del processo<\/li>\n<li>Sovratemperatura del forno<\/li>\n<li>Pressione di fusione per estrusione<\/li>\n<li>Piattaforme di pesatura<\/li>\n<\/ul>\n<p><strong>CARATTERISTICHE:<\/strong><\/p>\n<ul>\n<li>Ingresso universale<\/li>\n<li>Ingresso strain gauge da estensimetro<\/li>\n<li>Display rosso o verde<\/li>\n<li>Ritrasmissione variabile di processo<\/li>\n<li>Comunicazioni seriali Modbus\u2122<\/li>\n<li>Profibus DP<\/li>\n<li>DeviceNet<\/li>\n<\/ul>\n","protected":false},"excerpt":{"rendered":"<p>La gamma 2408i fornisce indicazioni ed allarmi precisi delle misure di temperatura e di processo. Gli interblocchi di processo, inclusi i limiti di sovratemperatura eccessiva, sono implementati utilizzando uscite di rel\u00e8.<\/p>\n<p><strong>Fuori produzione:<\/strong> settembre 2022<br \/>\n<strong>Termine del supporto:<\/strong> settembre 2027<\/p>\n<p>Per visualizzare l&#8217;alternativa consigliata, 3200i, fare clic <a href=\"\/products\/temperature-controllers\/indicator-and-alarm-units\/3200i-indicator-and-alarm-unit\/\">qui<\/a>.<\/p>\n","protected":false},"featured_media":9299,"template":"","meta":{"_acf_changed":false},"product_brand":[],"product_cat":[11461,11385],"product_tag":[],"class_list":{"0":"post-20446","1":"product","2":"type-product","3":"status-publish","4":"has-post-thumbnail","6":"product_cat-indicatori-e-unita-di-allarme","7":"product_cat-temperature-controllers-it","8":"product_shipping_class-1-it","10":"first","11":"instock","12":"purchasable","13":"product-type-simple"},"acf":[],"yoast_head":"<!-- This site is optimized with the Yoast SEO plugin v27.5 - https:\/\/yoast.com\/product\/yoast-seo-wordpress\/ -->\n<title>Indicatore e unit\u00e0 d&#039;allarme Serie 2408i | Eurotherm Limited<\/title>\n<meta name=\"description\" content=\"Indicatore e unit\u00e0 d&#8217;allarme Serie 2408i | Ampio display a 5 cifre per miglior visibilit\u00e0 Limiti di sovratemperatura del forno&lt;\/li\" \/>\n<meta name=\"robots\" content=\"index, follow, max-snippet:-1, max-image-preview:large, max-video-preview:-1\" \/>\n<meta property=\"og:locale\" content=\"it_IT\" \/>\n<meta property=\"og:type\" content=\"article\" \/>\n<meta property=\"og:title\" content=\"Indicatore e unit\u00e0 d&#039;allarme Serie 2408i | Eurotherm Limited\" \/>\n<meta property=\"og:description\" content=\"Indicatore e unit\u00e0 d&#039;allarme Serie 2408i | La gamma 2408i fornisce indicazioni ed allarmi precisi delle misure di temperatura e di processo. Gli interblocchi di processo, inclusi i limiti di sovratemperatura eccessiva, sono implementati utilizzando uscite di rel\u00e8.  Fuori produzione: settembre 2022 Termine del supporto: settembre 2027  Per visualizzare l&#039;alternativa consigliata, 3200i, fare clic qui.\" \/>\n<meta property=\"og:url\" content=\"https:\/\/www.eurotherm.com\/it\/products\/temperature-controllers-it\/indicatori-e-unita-di-allarme\/2408i-indicator-and-alarm-unit\/\" \/>\n<meta property=\"og:site_name\" content=\"Eurotherm Limited\" \/>\n<meta property=\"article:modified_time\" content=\"2022-08-01T11:02:18+00:00\" \/>\n<meta property=\"og:image\" content=\"https:\/\/www.eurotherm.com\/wp-content\/uploads\/2018\/10\/2408i.jpg\" \/>\n\t<meta property=\"og:image:width\" content=\"500\" \/>\n\t<meta property=\"og:image:height\" content=\"500\" \/>\n\t<meta property=\"og:image:type\" content=\"image\/jpeg\" \/>\n<meta name=\"twitter:card\" content=\"summary_large_image\" \/>\n<meta name=\"twitter:label1\" content=\"Tempo di lettura stimato\" \/>\n\t<meta name=\"twitter:data1\" content=\"1 minuto\" \/>\n<script type=\"application\/ld+json\" class=\"yoast-schema-graph\">{\"@context\":\"https:\\\/\\\/schema.org\",\"@graph\":[{\"@type\":\"WebPage\",\"@id\":\"https:\\\/\\\/www.eurotherm.com\\\/it\\\/products\\\/temperature-controllers-it\\\/indicatori-e-unita-di-allarme\\\/2408i-indicator-and-alarm-unit\\\/\",\"url\":\"https:\\\/\\\/www.eurotherm.com\\\/it\\\/products\\\/temperature-controllers-it\\\/indicatori-e-unita-di-allarme\\\/2408i-indicator-and-alarm-unit\\\/\",\"name\":\"Indicatore e unit\u00e0 d'allarme Serie 2408i | Eurotherm Limited\",\"isPartOf\":{\"@id\":\"https:\\\/\\\/www.eurotherm.com\\\/it\\\/#website\"},\"primaryImageOfPage\":{\"@id\":\"https:\\\/\\\/www.eurotherm.com\\\/it\\\/products\\\/temperature-controllers-it\\\/indicatori-e-unita-di-allarme\\\/2408i-indicator-and-alarm-unit\\\/#primaryimage\"},\"image\":{\"@id\":\"https:\\\/\\\/www.eurotherm.com\\\/it\\\/products\\\/temperature-controllers-it\\\/indicatori-e-unita-di-allarme\\\/2408i-indicator-and-alarm-unit\\\/#primaryimage\"},\"thumbnailUrl\":\"https:\\\/\\\/www.eurotherm.com\\\/wp-content\\\/uploads\\\/2018\\\/10\\\/2408i.jpg\",\"datePublished\":\"2018-10-15T08:46:55+00:00\",\"dateModified\":\"2022-08-01T11:02:18+00:00\",\"description\":\"Indicatore e unit\u00e0 d'allarme Serie 2408i | La gamma 2408i fornisce indicazioni ed allarmi precisi delle misure di temperatura e di processo. Gli interblocchi di processo, inclusi i limiti di sovratemperatura eccessiva, sono implementati utilizzando uscite di rel\u00e8. Fuori produzione: settembre 2022 Termine del supporto: settembre 2027 Per visualizzare l'alternativa consigliata, 3200i, fare clic qui.\",\"breadcrumb\":{\"@id\":\"https:\\\/\\\/www.eurotherm.com\\\/it\\\/products\\\/temperature-controllers-it\\\/indicatori-e-unita-di-allarme\\\/2408i-indicator-and-alarm-unit\\\/#breadcrumb\"},\"inLanguage\":\"it-IT\",\"potentialAction\":[{\"@type\":\"ReadAction\",\"target\":[\"https:\\\/\\\/www.eurotherm.com\\\/it\\\/products\\\/temperature-controllers-it\\\/indicatori-e-unita-di-allarme\\\/2408i-indicator-and-alarm-unit\\\/\"]}]},{\"@type\":\"ImageObject\",\"inLanguage\":\"it-IT\",\"@id\":\"https:\\\/\\\/www.eurotherm.com\\\/it\\\/products\\\/temperature-controllers-it\\\/indicatori-e-unita-di-allarme\\\/2408i-indicator-and-alarm-unit\\\/#primaryimage\",\"url\":\"https:\\\/\\\/www.eurotherm.com\\\/wp-content\\\/uploads\\\/2018\\\/10\\\/2408i.jpg\",\"contentUrl\":\"https:\\\/\\\/www.eurotherm.com\\\/wp-content\\\/uploads\\\/2018\\\/10\\\/2408i.jpg\",\"width\":500,\"height\":500},{\"@type\":\"BreadcrumbList\",\"@id\":\"https:\\\/\\\/www.eurotherm.com\\\/it\\\/products\\\/temperature-controllers-it\\\/indicatori-e-unita-di-allarme\\\/2408i-indicator-and-alarm-unit\\\/#breadcrumb\",\"itemListElement\":[{\"@type\":\"ListItem\",\"position\":1,\"name\":\"Home\",\"item\":\"https:\\\/\\\/www.eurotherm.com\\\/it\\\/\"},{\"@type\":\"ListItem\",\"position\":2,\"name\":\"Product Catalogue\",\"item\":\"https:\\\/\\\/www.eurotherm.com\\\/it\\\/product-catalogue\\\/\"},{\"@type\":\"ListItem\",\"position\":3,\"name\":\"Regolatori di Temperatura\",\"item\":\"https:\\\/\\\/www.eurotherm.com\\\/it\\\/eurotherm-products\\\/temperature-controllers-it\\\/\"},{\"@type\":\"ListItem\",\"position\":4,\"name\":\"Indicatori e unit\u00e0 di allarme\",\"item\":\"https:\\\/\\\/www.eurotherm.com\\\/it\\\/eurotherm-products\\\/temperature-controllers-it\\\/indicatori-e-unita-di-allarme\\\/\"},{\"@type\":\"ListItem\",\"position\":5,\"name\":\"Indicatore e unit\u00e0 d&#8217;allarme Serie 2408i\"}]},{\"@type\":\"WebSite\",\"@id\":\"https:\\\/\\\/www.eurotherm.com\\\/it\\\/#website\",\"url\":\"https:\\\/\\\/www.eurotherm.com\\\/it\\\/\",\"name\":\"Eurotherm Limited\",\"description\":\"Temperature Control, Process Control, Measurement and Data Recording Solutions\",\"potentialAction\":[{\"@type\":\"SearchAction\",\"target\":{\"@type\":\"EntryPoint\",\"urlTemplate\":\"https:\\\/\\\/www.eurotherm.com\\\/it\\\/?s={search_term_string}\"},\"query-input\":{\"@type\":\"PropertyValueSpecification\",\"valueRequired\":true,\"valueName\":\"search_term_string\"}}],\"inLanguage\":\"it-IT\"}]}<\/script>\n<!-- \/ Yoast SEO plugin. -->","yoast_head_json":{"title":"Indicatore e unit\u00e0 d'allarme Serie 2408i | Eurotherm Limited","description":"Indicatore e unit\u00e0 d&#8217;allarme Serie 2408i | Ampio display a 5 cifre per miglior visibilit\u00e0 Limiti di sovratemperatura del forno&lt;\/li","robots":{"index":"index","follow":"follow","max-snippet":"max-snippet:-1","max-image-preview":"max-image-preview:large","max-video-preview":"max-video-preview:-1"},"og_locale":"it_IT","og_type":"article","og_title":"Indicatore e unit\u00e0 d'allarme Serie 2408i | Eurotherm Limited","og_description":"Indicatore e unit\u00e0 d'allarme Serie 2408i | La gamma 2408i fornisce indicazioni ed allarmi precisi delle misure di temperatura e di processo. Gli interblocchi di processo, inclusi i limiti di sovratemperatura eccessiva, sono implementati utilizzando uscite di rel\u00e8.  Fuori produzione: settembre 2022 Termine del supporto: settembre 2027  Per visualizzare l'alternativa consigliata, 3200i, fare clic qui.","og_url":"https:\/\/www.eurotherm.com\/it\/products\/temperature-controllers-it\/indicatori-e-unita-di-allarme\/2408i-indicator-and-alarm-unit\/","og_site_name":"Eurotherm Limited","article_modified_time":"2022-08-01T11:02:18+00:00","og_image":[{"width":500,"height":500,"url":"https:\/\/www.eurotherm.com\/wp-content\/uploads\/2018\/10\/2408i.jpg","type":"image\/jpeg"}],"twitter_card":"summary_large_image","twitter_misc":{"Tempo di lettura stimato":"1 minuto"},"schema":{"@context":"https:\/\/schema.org","@graph":[{"@type":"WebPage","@id":"https:\/\/www.eurotherm.com\/it\/products\/temperature-controllers-it\/indicatori-e-unita-di-allarme\/2408i-indicator-and-alarm-unit\/","url":"https:\/\/www.eurotherm.com\/it\/products\/temperature-controllers-it\/indicatori-e-unita-di-allarme\/2408i-indicator-and-alarm-unit\/","name":"Indicatore e unit\u00e0 d'allarme Serie 2408i | Eurotherm Limited","isPartOf":{"@id":"https:\/\/www.eurotherm.com\/it\/#website"},"primaryImageOfPage":{"@id":"https:\/\/www.eurotherm.com\/it\/products\/temperature-controllers-it\/indicatori-e-unita-di-allarme\/2408i-indicator-and-alarm-unit\/#primaryimage"},"image":{"@id":"https:\/\/www.eurotherm.com\/it\/products\/temperature-controllers-it\/indicatori-e-unita-di-allarme\/2408i-indicator-and-alarm-unit\/#primaryimage"},"thumbnailUrl":"https:\/\/www.eurotherm.com\/wp-content\/uploads\/2018\/10\/2408i.jpg","datePublished":"2018-10-15T08:46:55+00:00","dateModified":"2022-08-01T11:02:18+00:00","description":"Indicatore e unit\u00e0 d'allarme Serie 2408i | La gamma 2408i fornisce indicazioni ed allarmi precisi delle misure di temperatura e di processo. Gli interblocchi di processo, inclusi i limiti di sovratemperatura eccessiva, sono implementati utilizzando uscite di rel\u00e8. Fuori produzione: settembre 2022 Termine del supporto: settembre 2027 Per visualizzare l'alternativa consigliata, 3200i, fare clic qui.","breadcrumb":{"@id":"https:\/\/www.eurotherm.com\/it\/products\/temperature-controllers-it\/indicatori-e-unita-di-allarme\/2408i-indicator-and-alarm-unit\/#breadcrumb"},"inLanguage":"it-IT","potentialAction":[{"@type":"ReadAction","target":["https:\/\/www.eurotherm.com\/it\/products\/temperature-controllers-it\/indicatori-e-unita-di-allarme\/2408i-indicator-and-alarm-unit\/"]}]},{"@type":"ImageObject","inLanguage":"it-IT","@id":"https:\/\/www.eurotherm.com\/it\/products\/temperature-controllers-it\/indicatori-e-unita-di-allarme\/2408i-indicator-and-alarm-unit\/#primaryimage","url":"https:\/\/www.eurotherm.com\/wp-content\/uploads\/2018\/10\/2408i.jpg","contentUrl":"https:\/\/www.eurotherm.com\/wp-content\/uploads\/2018\/10\/2408i.jpg","width":500,"height":500},{"@type":"BreadcrumbList","@id":"https:\/\/www.eurotherm.com\/it\/products\/temperature-controllers-it\/indicatori-e-unita-di-allarme\/2408i-indicator-and-alarm-unit\/#breadcrumb","itemListElement":[{"@type":"ListItem","position":1,"name":"Home","item":"https:\/\/www.eurotherm.com\/it\/"},{"@type":"ListItem","position":2,"name":"Product Catalogue","item":"https:\/\/www.eurotherm.com\/it\/product-catalogue\/"},{"@type":"ListItem","position":3,"name":"Regolatori di Temperatura","item":"https:\/\/www.eurotherm.com\/it\/eurotherm-products\/temperature-controllers-it\/"},{"@type":"ListItem","position":4,"name":"Indicatori e unit\u00e0 di allarme","item":"https:\/\/www.eurotherm.com\/it\/eurotherm-products\/temperature-controllers-it\/indicatori-e-unita-di-allarme\/"},{"@type":"ListItem","position":5,"name":"Indicatore e unit\u00e0 d&#8217;allarme Serie 2408i"}]},{"@type":"WebSite","@id":"https:\/\/www.eurotherm.com\/it\/#website","url":"https:\/\/www.eurotherm.com\/it\/","name":"Eurotherm Limited","description":"Temperature Control, Process Control, Measurement and Data Recording Solutions","potentialAction":[{"@type":"SearchAction","target":{"@type":"EntryPoint","urlTemplate":"https:\/\/www.eurotherm.com\/it\/?s={search_term_string}"},"query-input":{"@type":"PropertyValueSpecification","valueRequired":true,"valueName":"search_term_string"}}],"inLanguage":"it-IT"}]}},"ACF":{"product_file":[28290,27454,28535,27942,27866,27943,27939,26712,27444,27995,27584,27332,26714,29344,26705,26706,26707,26691,26693,28336,26700,26692,27876,26686,26695,29310,29309,26704,27875,26696,28614,26702,26701,26699,26711,26708,27886,26716,26709,26710,26715,26713,28268,28267,137166]},"jetpack_sharing_enabled":true,"_links":{"self":[{"href":"https:\/\/www.eurotherm.com\/it\/wp-json\/wp\/v2\/product\/20446","targetHints":{"allow":["GET"]}}],"collection":[{"href":"https:\/\/www.eurotherm.com\/it\/wp-json\/wp\/v2\/product"}],"about":[{"href":"https:\/\/www.eurotherm.com\/it\/wp-json\/wp\/v2\/types\/product"}],"wp:featuredmedia":[{"embeddable":true,"href":"https:\/\/www.eurotherm.com\/it\/wp-json\/wp\/v2\/media\/9299"}],"wp:attachment":[{"href":"https:\/\/www.eurotherm.com\/it\/wp-json\/wp\/v2\/media?parent=20446"}],"wp:term":[{"taxonomy":"product_brand","embeddable":true,"href":"https:\/\/www.eurotherm.com\/it\/wp-json\/wp\/v2\/product_brand?post=20446"},{"taxonomy":"product_cat","embeddable":true,"href":"https:\/\/www.eurotherm.com\/it\/wp-json\/wp\/v2\/product_cat?post=20446"},{"taxonomy":"product_tag","embeddable":true,"href":"https:\/\/www.eurotherm.com\/it\/wp-json\/wp\/v2\/product_tag?post=20446"}],"curies":[{"name":"wp","href":"https:\/\/api.w.org\/{rel}","templated":true}]}}