{"id":20431,"date":"2018-10-15T08:51:33","date_gmt":"2018-10-15T08:51:33","guid":{"rendered":"https:\/\/www.eurotherm.com\/product\/eswitch-switch-di-potenza\/"},"modified":"2023-08-18T21:52:35","modified_gmt":"2023-08-18T13:52:35","slug":"eswitch-power-switch","status":"publish","type":"product","link":"https:\/\/www.eurotherm.com\/it\/products\/power-control-it\/power-switches-it\/eswitch-power-switch\/","title":{"rendered":"ESwitch Power Switch"},"content":{"rendered":"<h3>La soluzione che ti aiuta a risparmiare denaro!<\/h3>\n<p>I Contattori meccanici che controllano elementi riscaldanti possono lavorare fino a tre milioni di volte l&#8217;anno. La vita utile di questi contattori va da 1 a 3 anni, devono quindi essere sostituiti regolarmente nel corso della vita operativa di una macchina industriale.<\/p>\n<p>ESwitch rappresenta un&#8217;interessante soluzione per risolvere questo problema. Il contatto in questo caso \u00e8 elettronico quindi la vita utile \u00e8 notevolmente allungata. Il cablaggio \u00e8 semplice tanto quanto quello di un contattore meccanico \u00e8 il montaggio \u00e8 altrettanto facile: basta agganciarlo su una guida DIN!\u00a0<span lang=\"it\">Presenta molti segnali di comando AC e DC con un LED frontale per visualizzare lo stato dell&#8217;ingresso e quindi facilitare la messa in servizio e la diagnostica.<\/span><\/p>\n<h4>Allunga la vita dei riscaldatori<\/h4>\n<p>I test eseguiti da un noto fornitore di riscaldatori hanno dimostrato che i riscaldatori possono durare fino a sette volte pi\u00f9 a lungo se utilizzati con un contattore a stato solido. Tempi di ciclo di accensione\/spegnimento pi\u00f9 rapidi causano una minore dilatazione e contrazione termica e quindi riducono le rotture dovute al continuo lavoro e alle sollecitazioni termo-meccaniche. Preservando gli elementi riscaldanti, ESwitch ti permetter\u00e0 di massimizzare il ROI:<\/p>\n<ul>\n<li>Allunga la vita degli elementi riscaldanti\u200b<\/li>\n<li>Riduci i tempi di fermo<\/li>\n<li>Minimizza gli scarti<\/li>\n<li>Migliora la produttivit\u00e0<\/li>\n<\/ul>\n<p>Unendo solidit\u00e0, sicurezza dell&#8217;operativit\u00e0 semplicit\u00e0 di integrazione e utilizzo, ESwitch offre il miglior rapporto &#8220;prestazioni\/prezzo&#8221; per il mercato degli switch di potenza.<\/p>\n<p>Ideale per<\/p>\n<ul>\n<li>Stampaggio a iniezione<\/li>\n<li>Termo-formatura<\/li>\n<li>Riscaldamento multi-zona<\/li>\n<li>Autoclavi<\/li>\n<li>Forni<\/li>\n<\/ul>\n","protected":false},"excerpt":{"rendered":"<h2>Per sostituire facilmente contattori meccanici<\/h2>\n<p><strong>Semplice<\/strong><\/p>\n<ul>\n<li>Nessuna configurazione<\/li>\n<li>Installazione semplificata<\/li>\n<li>Standardizzazione globale<\/li>\n<\/ul>\n<p><strong>Robusto<\/strong><\/p>\n<ul>\n<li>Riduzione dei costi di manutenzione<\/li>\n<li>Riduzione dei tempi di fermo<\/li>\n<li>Operativit\u00e0 affidabile<\/li>\n<\/ul>\n<p><strong>Sicuro<\/strong><\/p>\n<ul>\n<li>Allarme di interruzione parziale del carico<\/li>\n<li>Prevenzione disfunzioni del circuito riscaldante<\/li>\n<li>Luce rossa di individuazione interruzione parziale del carico<\/li>\n<\/ul>\n","protected":false},"featured_media":6961,"template":"","meta":{"_acf_changed":false},"product_brand":[],"product_cat":[11316,11769,11296,11298,756],"product_tag":[],"class_list":{"0":"post-20431","1":"product","2":"type-product","3":"status-publish","4":"has-post-thumbnail","6":"industry-food-beverage-it-2","7":"industry-semiconductor-it-2","8":"product_cat-power-control-it","9":"product_cat-power-switches-it","10":"product_cat-furnaces-atmosphere-and-vacuum-it","11":"product_cat-heat-treat-products-it","12":"product_cat-prodotti-ita","13":"product_shipping_class-1-it","15":"first","16":"outofstock","17":"purchasable","18":"product-type-simple"},"acf":[],"yoast_head":"<!-- This site is optimized with the Yoast SEO plugin v27.2 - https:\/\/yoast.com\/product\/yoast-seo-wordpress\/ -->\n<title>ESwitch Power Switch | Eurotherm Limited<\/title>\n<meta name=\"description\" content=\"ESwitch Power Switch | La soluzione che ti aiuta a risparmiare denaro! I Contattori meccanici che controllano elementi riscaldanti possono lavorare fi\" \/>\n<meta name=\"robots\" content=\"index, follow, max-snippet:-1, max-image-preview:large, max-video-preview:-1\" \/>\n<meta property=\"og:locale\" content=\"it_IT\" \/>\n<meta property=\"og:type\" content=\"article\" \/>\n<meta property=\"og:title\" content=\"ESwitch Power Switch | Eurotherm Limited\" \/>\n<meta property=\"og:description\" content=\"ESwitch Power Switch | Per sostituire facilmente contattori meccanici Semplice   Nessuna configurazione  Installazione semplificata  Standardizzazione globale  Robusto   Riduzione dei costi di manutenzione  Riduzione dei tempi di fermo  Operativit\u00e0 affidabile  Sicuro   Allarme di interruzione parziale del carico  Prevenzione disfunzioni del circuito riscaldante  Luce rossa di individuazione interruzione parziale del carico\" \/>\n<meta property=\"og:url\" content=\"https:\/\/www.eurotherm.com\/it\/products\/power-control-it\/power-switches-it\/eswitch-power-switch\/\" \/>\n<meta property=\"og:site_name\" content=\"Eurotherm Limited\" \/>\n<meta property=\"article:modified_time\" content=\"2023-08-18T13:52:35+00:00\" \/>\n<meta property=\"og:image\" content=\"https:\/\/www.eurotherm.com\/wp-content\/uploads\/2018\/10\/eswitch.jpg\" \/>\n\t<meta property=\"og:image:width\" content=\"900\" \/>\n\t<meta property=\"og:image:height\" content=\"692\" \/>\n\t<meta property=\"og:image:type\" content=\"image\/jpeg\" \/>\n<meta name=\"twitter:card\" content=\"summary_large_image\" \/>\n<meta name=\"twitter:label1\" content=\"Tempo di lettura stimato\" \/>\n\t<meta name=\"twitter:data1\" content=\"2 minuti\" \/>\n<script type=\"application\/ld+json\" class=\"yoast-schema-graph\">{\"@context\":\"https:\/\/schema.org\",\"@graph\":[{\"@type\":\"WebPage\",\"@id\":\"https:\/\/www.eurotherm.com\/it\/products\/power-control-it\/power-switches-it\/eswitch-power-switch\/\",\"url\":\"https:\/\/www.eurotherm.com\/it\/products\/power-control-it\/power-switches-it\/eswitch-power-switch\/\",\"name\":\"ESwitch Power Switch | Eurotherm Limited\",\"isPartOf\":{\"@id\":\"https:\/\/www.eurotherm.com\/it\/#website\"},\"primaryImageOfPage\":{\"@id\":\"https:\/\/www.eurotherm.com\/it\/products\/power-control-it\/power-switches-it\/eswitch-power-switch\/#primaryimage\"},\"image\":{\"@id\":\"https:\/\/www.eurotherm.com\/it\/products\/power-control-it\/power-switches-it\/eswitch-power-switch\/#primaryimage\"},\"thumbnailUrl\":\"https:\/\/www.eurotherm.com\/wp-content\/uploads\/2018\/10\/eswitch.jpg\",\"datePublished\":\"2018-10-15T08:51:33+00:00\",\"dateModified\":\"2023-08-18T13:52:35+00:00\",\"description\":\"ESwitch Power Switch | Per sostituire facilmente contattori meccanici Semplice Nessuna configurazione Installazione semplificata Standardizzazione globale Robusto Riduzione dei costi di manutenzione Riduzione dei tempi di fermo Operativit\u00e0 affidabile Sicuro Allarme di interruzione parziale del carico Prevenzione disfunzioni del circuito riscaldante Luce rossa di individuazione interruzione parziale del carico\",\"breadcrumb\":{\"@id\":\"https:\/\/www.eurotherm.com\/it\/products\/power-control-it\/power-switches-it\/eswitch-power-switch\/#breadcrumb\"},\"inLanguage\":\"it-IT\",\"potentialAction\":[{\"@type\":\"ReadAction\",\"target\":[\"https:\/\/www.eurotherm.com\/it\/products\/power-control-it\/power-switches-it\/eswitch-power-switch\/\"]}]},{\"@type\":\"ImageObject\",\"inLanguage\":\"it-IT\",\"@id\":\"https:\/\/www.eurotherm.com\/it\/products\/power-control-it\/power-switches-it\/eswitch-power-switch\/#primaryimage\",\"url\":\"https:\/\/www.eurotherm.com\/wp-content\/uploads\/2018\/10\/eswitch.jpg\",\"contentUrl\":\"https:\/\/www.eurotherm.com\/wp-content\/uploads\/2018\/10\/eswitch.jpg\",\"width\":900,\"height\":692},{\"@type\":\"BreadcrumbList\",\"@id\":\"https:\/\/www.eurotherm.com\/it\/products\/power-control-it\/power-switches-it\/eswitch-power-switch\/#breadcrumb\",\"itemListElement\":[{\"@type\":\"ListItem\",\"position\":1,\"name\":\"Home\",\"item\":\"https:\/\/www.eurotherm.com\/it\/\"},{\"@type\":\"ListItem\",\"position\":2,\"name\":\"Product Catalogue\",\"item\":\"https:\/\/www.eurotherm.com\/it\/product-catalogue\/\"},{\"@type\":\"ListItem\",\"position\":3,\"name\":\"Controllo di potenza\",\"item\":\"https:\/\/www.eurotherm.com\/it\/eurotherm-products\/power-control-it\/\"},{\"@type\":\"ListItem\",\"position\":4,\"name\":\"Controllori di Potenza On\/Off\",\"item\":\"https:\/\/www.eurotherm.com\/it\/eurotherm-products\/power-control-it\/power-switches-it\/\"},{\"@type\":\"ListItem\",\"position\":5,\"name\":\"ESwitch Power Switch\"}]},{\"@type\":\"WebSite\",\"@id\":\"https:\/\/www.eurotherm.com\/it\/#website\",\"url\":\"https:\/\/www.eurotherm.com\/it\/\",\"name\":\"Eurotherm Limited\",\"description\":\"Temperature Control, Process Control, Measurement and Data Recording Solutions\",\"potentialAction\":[{\"@type\":\"SearchAction\",\"target\":{\"@type\":\"EntryPoint\",\"urlTemplate\":\"https:\/\/www.eurotherm.com\/it\/?s={search_term_string}\"},\"query-input\":{\"@type\":\"PropertyValueSpecification\",\"valueRequired\":true,\"valueName\":\"search_term_string\"}}],\"inLanguage\":\"it-IT\"}]}<\/script>\n<!-- \/ Yoast SEO plugin. -->","yoast_head_json":{"title":"ESwitch Power Switch | Eurotherm Limited","description":"ESwitch Power Switch | La soluzione che ti aiuta a risparmiare denaro! I Contattori meccanici che controllano elementi riscaldanti possono lavorare fi","robots":{"index":"index","follow":"follow","max-snippet":"max-snippet:-1","max-image-preview":"max-image-preview:large","max-video-preview":"max-video-preview:-1"},"og_locale":"it_IT","og_type":"article","og_title":"ESwitch Power Switch | Eurotherm Limited","og_description":"ESwitch Power Switch | Per sostituire facilmente contattori meccanici Semplice   Nessuna configurazione  Installazione semplificata  Standardizzazione globale  Robusto   Riduzione dei costi di manutenzione  Riduzione dei tempi di fermo  Operativit\u00e0 affidabile  Sicuro   Allarme di interruzione parziale del carico  Prevenzione disfunzioni del circuito riscaldante  Luce rossa di individuazione interruzione parziale del carico","og_url":"https:\/\/www.eurotherm.com\/it\/products\/power-control-it\/power-switches-it\/eswitch-power-switch\/","og_site_name":"Eurotherm Limited","article_modified_time":"2023-08-18T13:52:35+00:00","og_image":[{"width":900,"height":692,"url":"https:\/\/www.eurotherm.com\/wp-content\/uploads\/2018\/10\/eswitch.jpg","type":"image\/jpeg"}],"twitter_card":"summary_large_image","twitter_misc":{"Tempo di lettura stimato":"2 minuti"},"schema":{"@context":"https:\/\/schema.org","@graph":[{"@type":"WebPage","@id":"https:\/\/www.eurotherm.com\/it\/products\/power-control-it\/power-switches-it\/eswitch-power-switch\/","url":"https:\/\/www.eurotherm.com\/it\/products\/power-control-it\/power-switches-it\/eswitch-power-switch\/","name":"ESwitch Power Switch | Eurotherm Limited","isPartOf":{"@id":"https:\/\/www.eurotherm.com\/it\/#website"},"primaryImageOfPage":{"@id":"https:\/\/www.eurotherm.com\/it\/products\/power-control-it\/power-switches-it\/eswitch-power-switch\/#primaryimage"},"image":{"@id":"https:\/\/www.eurotherm.com\/it\/products\/power-control-it\/power-switches-it\/eswitch-power-switch\/#primaryimage"},"thumbnailUrl":"https:\/\/www.eurotherm.com\/wp-content\/uploads\/2018\/10\/eswitch.jpg","datePublished":"2018-10-15T08:51:33+00:00","dateModified":"2023-08-18T13:52:35+00:00","description":"ESwitch Power Switch | Per sostituire facilmente contattori meccanici Semplice Nessuna configurazione Installazione semplificata Standardizzazione globale Robusto Riduzione dei costi di manutenzione Riduzione dei tempi di fermo Operativit\u00e0 affidabile Sicuro Allarme di interruzione parziale del carico Prevenzione disfunzioni del circuito riscaldante Luce rossa di individuazione interruzione parziale del carico","breadcrumb":{"@id":"https:\/\/www.eurotherm.com\/it\/products\/power-control-it\/power-switches-it\/eswitch-power-switch\/#breadcrumb"},"inLanguage":"it-IT","potentialAction":[{"@type":"ReadAction","target":["https:\/\/www.eurotherm.com\/it\/products\/power-control-it\/power-switches-it\/eswitch-power-switch\/"]}]},{"@type":"ImageObject","inLanguage":"it-IT","@id":"https:\/\/www.eurotherm.com\/it\/products\/power-control-it\/power-switches-it\/eswitch-power-switch\/#primaryimage","url":"https:\/\/www.eurotherm.com\/wp-content\/uploads\/2018\/10\/eswitch.jpg","contentUrl":"https:\/\/www.eurotherm.com\/wp-content\/uploads\/2018\/10\/eswitch.jpg","width":900,"height":692},{"@type":"BreadcrumbList","@id":"https:\/\/www.eurotherm.com\/it\/products\/power-control-it\/power-switches-it\/eswitch-power-switch\/#breadcrumb","itemListElement":[{"@type":"ListItem","position":1,"name":"Home","item":"https:\/\/www.eurotherm.com\/it\/"},{"@type":"ListItem","position":2,"name":"Product Catalogue","item":"https:\/\/www.eurotherm.com\/it\/product-catalogue\/"},{"@type":"ListItem","position":3,"name":"Controllo di potenza","item":"https:\/\/www.eurotherm.com\/it\/eurotherm-products\/power-control-it\/"},{"@type":"ListItem","position":4,"name":"Controllori di Potenza On\/Off","item":"https:\/\/www.eurotherm.com\/it\/eurotherm-products\/power-control-it\/power-switches-it\/"},{"@type":"ListItem","position":5,"name":"ESwitch Power Switch"}]},{"@type":"WebSite","@id":"https:\/\/www.eurotherm.com\/it\/#website","url":"https:\/\/www.eurotherm.com\/it\/","name":"Eurotherm Limited","description":"Temperature Control, Process Control, Measurement and Data Recording Solutions","potentialAction":[{"@type":"SearchAction","target":{"@type":"EntryPoint","urlTemplate":"https:\/\/www.eurotherm.com\/it\/?s={search_term_string}"},"query-input":{"@type":"PropertyValueSpecification","valueRequired":true,"valueName":"search_term_string"}}],"inLanguage":"it-IT"}]}},"ACF":{"product_file":[27454,27751,28072,27942,27866,27943,27939,29211,27584,27750,28645,29366,27752,137174],"product_status":"Active Product","enable_watlow_configurator":true,"watlow_product_type":"Single","watlow_configurator_link":"https:\/\/www.watlow.com\/Products\/Controllers\/Eurotherm\/ESwitch-Power-Switch?econfig=123"},"jetpack_sharing_enabled":true,"_links":{"self":[{"href":"https:\/\/www.eurotherm.com\/it\/wp-json\/wp\/v2\/product\/20431","targetHints":{"allow":["GET"]}}],"collection":[{"href":"https:\/\/www.eurotherm.com\/it\/wp-json\/wp\/v2\/product"}],"about":[{"href":"https:\/\/www.eurotherm.com\/it\/wp-json\/wp\/v2\/types\/product"}],"wp:featuredmedia":[{"embeddable":true,"href":"https:\/\/www.eurotherm.com\/it\/wp-json\/wp\/v2\/media\/6961"}],"wp:attachment":[{"href":"https:\/\/www.eurotherm.com\/it\/wp-json\/wp\/v2\/media?parent=20431"}],"wp:term":[{"taxonomy":"product_brand","embeddable":true,"href":"https:\/\/www.eurotherm.com\/it\/wp-json\/wp\/v2\/product_brand?post=20431"},{"taxonomy":"product_cat","embeddable":true,"href":"https:\/\/www.eurotherm.com\/it\/wp-json\/wp\/v2\/product_cat?post=20431"},{"taxonomy":"product_tag","embeddable":true,"href":"https:\/\/www.eurotherm.com\/it\/wp-json\/wp\/v2\/product_tag?post=20431"}],"curies":[{"name":"wp","href":"https:\/\/api.w.org\/{rel}","templated":true}]}}