{"id":20415,"date":"2018-10-15T08:50:47","date_gmt":"2018-10-15T08:50:47","guid":{"rendered":"https:\/\/www.eurotherm.com\/product\/eplc400-plc-di-precisione-versatile\/"},"modified":"2023-08-18T22:00:05","modified_gmt":"2023-08-18T14:00:05","slug":"eplc400-combination-plc","status":"publish","type":"product","link":"https:\/\/www.eurotherm.com\/it\/products\/machine-control-and-process-automation-it\/eplc-range-it\/eplc400-combination-plc\/","title":{"rendered":"E+PLC400, PLC combinato"},"content":{"rendered":"<p>E+PLC<sup>400<\/sup> \u00e8 un PLC modulare progettato per rispondere ai requisiti regolatori di industrie che lavorano in ambito termico e non solo.<\/p>\n<p>L&#8217;utilizzo della piattaforma CODESYS\u00ae, standard industriale aperto IEC61131-3, semplifica la progettazione grazie a un unico ambiente di programmazione e visualizzazione integrato. Include librerie di blocchi funzione avanzati per:<\/p>\n<ul>\n<li>Applicazioni di tratamento termico<\/li>\n<li>Controllo e registrazione dati<\/li>\n<li>\u2018OEM security\u2019 e personalizzazione<\/li>\n<\/ul>\n<p>Le funzioni di controllo PID, uniche nel loro genere, consentono una messa in funzione pi\u00f9 rapida e un controllo pi\u00f9 rigoroso dell&#8217;intero processo, oltre a facilitare la conformit\u00e0 ai requisiti normativi e del cliente finale, tra cui:<\/p>\n<ul>\n<li>6 set PID per contribuire a mantenere un controllo rigoroso a setpoint specifici<\/li>\n<li>Autotune intelligente per un controllo e una messa in servizio ottimali<\/li>\n<li>Funzione di cutback avanzata per il controllo delle sovraelongazioni<\/li>\n<\/ul>\n<p>La gestione dei dati integrata nell&#8217;E+PLC aiuta i produttori a soddisfare i severi requisiti normativi sui dati di processo, tra cui:<\/p>\n<ul>\n<li>File Eurotherm UHH, un formato anti-manomissione (un&#8217;alternativa superiore ai file csv modificabili comunemente presenti nei PLC)<\/li>\n<\/ul>\n<p>La comunicazione Ethernet offre connettivit\u00e0 alle tecnologie IIoT (Industrial Internet of Things) e Industry 4.0.<\/p>\n<p>Per favorire l&#8217;efficienza operativa E+PLC400 dispone di un webserver integrato per la visualizzazione remota su dispositivi mobili e pu\u00f2 essere abbinato a qualsiasi pannello di interfaccia operatore che supporti la comunicazione https per la visualizzazione locale.<\/p>\n","protected":false},"excerpt":{"rendered":"<h2>Controllo Avanzato, Gestione dei Dati e Visualizzazione in una piattaforma modulare<\/h2>\n<p>E+PLC400 \u00e8 un controllore PID, un registratore e un PLC combinati in un&#8217;unica soluzione modulare, incredibilmente facile da ingegnerizzare. Utilizzando una piattaforma aperta standard di settore (IEC 61131-3) e un unico ambiente di programmazione e visualizzazione integrato, questo strumento \u00e8 progettato per offrire flessibilit\u00e0 per soddisfare i requisiti di processo e ridurre i tempi di progettazione. \u00c8 ricco di funzionalit\u00e0 e offre un&#8217;esperienza utente migliorata che offre efficienza operativa, migliori prestazioni di processo e conformit\u00e0 normativa semplificata.<\/p>\n","protected":false},"featured_media":111275,"template":"","meta":{"_acf_changed":false},"product_brand":[],"product_cat":[11505,11503,11506,11504,756],"product_tag":[],"class_list":{"0":"post-20415","1":"product","2":"type-product","3":"status-publish","4":"has-post-thumbnail","6":"product_cat-eplc-it","7":"product_cat-machine-control-and-process-automation-it","8":"product_cat-eplc-range-it","9":"product_cat-plc-and-pac-it","10":"product_cat-prodotti-ita","11":"product_shipping_class-1-it","13":"first","14":"instock","15":"purchasable","16":"product-type-simple"},"acf":[],"yoast_head":"<!-- This site is optimized with the Yoast SEO plugin v27.2 - https:\/\/yoast.com\/product\/yoast-seo-wordpress\/ -->\n<title>E+PLC400, PLC combinato | Eurotherm Limited<\/title>\n<meta name=\"description\" content=\"E+PLC400, PLC combinato | E+PLC400 \u00e8 un PLC modulare progettato per rispondere ai requisiti regolatori di industrie che lavorano in ambito termico e\" \/>\n<meta name=\"robots\" content=\"index, follow, max-snippet:-1, max-image-preview:large, max-video-preview:-1\" \/>\n<meta property=\"og:locale\" content=\"it_IT\" \/>\n<meta property=\"og:type\" content=\"article\" \/>\n<meta property=\"og:title\" content=\"E+PLC400, PLC combinato | Eurotherm Limited\" \/>\n<meta property=\"og:description\" content=\"E+PLC400, PLC combinato | Controllo Avanzato, Gestione dei Dati e Visualizzazione in una piattaforma modulare E+PLC400 \u00e8 un controllore PID, un registratore e un PLC combinati in un&#039;unica soluzione modulare, incredibilmente facile da ingegnerizzare. Utilizzando una piattaforma aperta standard di settore (IEC 61131-3) e un unico ambiente di programmazione e visualizzazione integrato, questo strumento \u00e8 progettato per offrire flessibilit\u00e0 per soddisfare i requisiti di processo e ridurre i tempi di progettazione. \u00c8 ricco di funzionalit\u00e0 e offre un&#039;esperienza utente migliorata che offre efficienza operativa, migliori prestazioni di processo e conformit\u00e0 normativa semplificata.\" \/>\n<meta property=\"og:url\" content=\"https:\/\/www.eurotherm.com\/it\/products\/machine-control-and-process-automation-it\/eplc-range-it\/eplc400-combination-plc\/\" \/>\n<meta property=\"og:site_name\" content=\"Eurotherm Limited\" \/>\n<meta property=\"article:modified_time\" content=\"2023-08-18T14:00:05+00:00\" \/>\n<meta property=\"og:image\" content=\"https:\/\/www.eurotherm.com\/wp-content\/uploads\/2021\/03\/E-PLC400_2.png\" \/>\n\t<meta property=\"og:image:width\" content=\"1200\" \/>\n\t<meta property=\"og:image:height\" content=\"843\" \/>\n\t<meta property=\"og:image:type\" content=\"image\/png\" \/>\n<meta name=\"twitter:card\" content=\"summary_large_image\" \/>\n<meta name=\"twitter:label1\" content=\"Tempo di lettura stimato\" \/>\n\t<meta name=\"twitter:data1\" content=\"1 minuto\" \/>\n<script type=\"application\/ld+json\" class=\"yoast-schema-graph\">{\"@context\":\"https:\/\/schema.org\",\"@graph\":[{\"@type\":\"WebPage\",\"@id\":\"https:\/\/www.eurotherm.com\/it\/products\/machine-control-and-process-automation-it\/eplc-range-it\/eplc400-combination-plc\/\",\"url\":\"https:\/\/www.eurotherm.com\/it\/products\/machine-control-and-process-automation-it\/eplc-range-it\/eplc400-combination-plc\/\",\"name\":\"E+PLC400, PLC combinato | Eurotherm Limited\",\"isPartOf\":{\"@id\":\"https:\/\/www.eurotherm.com\/it\/#website\"},\"primaryImageOfPage\":{\"@id\":\"https:\/\/www.eurotherm.com\/it\/products\/machine-control-and-process-automation-it\/eplc-range-it\/eplc400-combination-plc\/#primaryimage\"},\"image\":{\"@id\":\"https:\/\/www.eurotherm.com\/it\/products\/machine-control-and-process-automation-it\/eplc-range-it\/eplc400-combination-plc\/#primaryimage\"},\"thumbnailUrl\":\"https:\/\/www.eurotherm.com\/wp-content\/uploads\/2021\/03\/E-PLC400_2.png\",\"datePublished\":\"2018-10-15T08:50:47+00:00\",\"dateModified\":\"2023-08-18T14:00:05+00:00\",\"description\":\"E+PLC400, PLC combinato | Controllo Avanzato, Gestione dei Dati e Visualizzazione in una piattaforma modulare E+PLC400 \u00e8 un controllore PID, un registratore e un PLC combinati in un'unica soluzione modulare, incredibilmente facile da ingegnerizzare. Utilizzando una piattaforma aperta standard di settore (IEC 61131-3) e un unico ambiente di programmazione e visualizzazione integrato, questo strumento \u00e8 progettato per offrire flessibilit\u00e0 per soddisfare i requisiti di processo e ridurre i tempi di progettazione. \u00c8 ricco di funzionalit\u00e0 e offre un'esperienza utente migliorata che offre efficienza operativa, migliori prestazioni di processo e conformit\u00e0 normativa semplificata.\",\"breadcrumb\":{\"@id\":\"https:\/\/www.eurotherm.com\/it\/products\/machine-control-and-process-automation-it\/eplc-range-it\/eplc400-combination-plc\/#breadcrumb\"},\"inLanguage\":\"it-IT\",\"potentialAction\":[{\"@type\":\"ReadAction\",\"target\":[\"https:\/\/www.eurotherm.com\/it\/products\/machine-control-and-process-automation-it\/eplc-range-it\/eplc400-combination-plc\/\"]}]},{\"@type\":\"ImageObject\",\"inLanguage\":\"it-IT\",\"@id\":\"https:\/\/www.eurotherm.com\/it\/products\/machine-control-and-process-automation-it\/eplc-range-it\/eplc400-combination-plc\/#primaryimage\",\"url\":\"https:\/\/www.eurotherm.com\/wp-content\/uploads\/2021\/03\/E-PLC400_2.png\",\"contentUrl\":\"https:\/\/www.eurotherm.com\/wp-content\/uploads\/2021\/03\/E-PLC400_2.png\",\"width\":1200,\"height\":843},{\"@type\":\"BreadcrumbList\",\"@id\":\"https:\/\/www.eurotherm.com\/it\/products\/machine-control-and-process-automation-it\/eplc-range-it\/eplc400-combination-plc\/#breadcrumb\",\"itemListElement\":[{\"@type\":\"ListItem\",\"position\":1,\"name\":\"Home\",\"item\":\"https:\/\/www.eurotherm.com\/it\/\"},{\"@type\":\"ListItem\",\"position\":2,\"name\":\"Product Catalogue\",\"item\":\"https:\/\/www.eurotherm.com\/it\/product-catalogue\/\"},{\"@type\":\"ListItem\",\"position\":3,\"name\":\"Controllo Macchine e Automazione di Processo\",\"item\":\"https:\/\/www.eurotherm.com\/it\/eurotherm-products\/machine-control-and-process-automation-it\/\"},{\"@type\":\"ListItem\",\"position\":4,\"name\":\"Serie E+PLC\",\"item\":\"https:\/\/www.eurotherm.com\/it\/eurotherm-products\/machine-control-and-process-automation-it\/eplc-range-it\/\"},{\"@type\":\"ListItem\",\"position\":5,\"name\":\"E+PLC400, PLC combinato\"}]},{\"@type\":\"WebSite\",\"@id\":\"https:\/\/www.eurotherm.com\/it\/#website\",\"url\":\"https:\/\/www.eurotherm.com\/it\/\",\"name\":\"Eurotherm Limited\",\"description\":\"Temperature Control, Process Control, Measurement and Data Recording Solutions\",\"potentialAction\":[{\"@type\":\"SearchAction\",\"target\":{\"@type\":\"EntryPoint\",\"urlTemplate\":\"https:\/\/www.eurotherm.com\/it\/?s={search_term_string}\"},\"query-input\":{\"@type\":\"PropertyValueSpecification\",\"valueRequired\":true,\"valueName\":\"search_term_string\"}}],\"inLanguage\":\"it-IT\"}]}<\/script>\n<!-- \/ Yoast SEO plugin. -->","yoast_head_json":{"title":"E+PLC400, PLC combinato | Eurotherm Limited","description":"E+PLC400, PLC combinato | E+PLC400 \u00e8 un PLC modulare progettato per rispondere ai requisiti regolatori di industrie che lavorano in ambito termico e","robots":{"index":"index","follow":"follow","max-snippet":"max-snippet:-1","max-image-preview":"max-image-preview:large","max-video-preview":"max-video-preview:-1"},"og_locale":"it_IT","og_type":"article","og_title":"E+PLC400, PLC combinato | Eurotherm Limited","og_description":"E+PLC400, PLC combinato | Controllo Avanzato, Gestione dei Dati e Visualizzazione in una piattaforma modulare E+PLC400 \u00e8 un controllore PID, un registratore e un PLC combinati in un'unica soluzione modulare, incredibilmente facile da ingegnerizzare. Utilizzando una piattaforma aperta standard di settore (IEC 61131-3) e un unico ambiente di programmazione e visualizzazione integrato, questo strumento \u00e8 progettato per offrire flessibilit\u00e0 per soddisfare i requisiti di processo e ridurre i tempi di progettazione. \u00c8 ricco di funzionalit\u00e0 e offre un'esperienza utente migliorata che offre efficienza operativa, migliori prestazioni di processo e conformit\u00e0 normativa semplificata.","og_url":"https:\/\/www.eurotherm.com\/it\/products\/machine-control-and-process-automation-it\/eplc-range-it\/eplc400-combination-plc\/","og_site_name":"Eurotherm Limited","article_modified_time":"2023-08-18T14:00:05+00:00","og_image":[{"width":1200,"height":843,"url":"https:\/\/www.eurotherm.com\/wp-content\/uploads\/2021\/03\/E-PLC400_2.png","type":"image\/png"}],"twitter_card":"summary_large_image","twitter_misc":{"Tempo di lettura stimato":"1 minuto"},"schema":{"@context":"https:\/\/schema.org","@graph":[{"@type":"WebPage","@id":"https:\/\/www.eurotherm.com\/it\/products\/machine-control-and-process-automation-it\/eplc-range-it\/eplc400-combination-plc\/","url":"https:\/\/www.eurotherm.com\/it\/products\/machine-control-and-process-automation-it\/eplc-range-it\/eplc400-combination-plc\/","name":"E+PLC400, PLC combinato | Eurotherm Limited","isPartOf":{"@id":"https:\/\/www.eurotherm.com\/it\/#website"},"primaryImageOfPage":{"@id":"https:\/\/www.eurotherm.com\/it\/products\/machine-control-and-process-automation-it\/eplc-range-it\/eplc400-combination-plc\/#primaryimage"},"image":{"@id":"https:\/\/www.eurotherm.com\/it\/products\/machine-control-and-process-automation-it\/eplc-range-it\/eplc400-combination-plc\/#primaryimage"},"thumbnailUrl":"https:\/\/www.eurotherm.com\/wp-content\/uploads\/2021\/03\/E-PLC400_2.png","datePublished":"2018-10-15T08:50:47+00:00","dateModified":"2023-08-18T14:00:05+00:00","description":"E+PLC400, PLC combinato | Controllo Avanzato, Gestione dei Dati e Visualizzazione in una piattaforma modulare E+PLC400 \u00e8 un controllore PID, un registratore e un PLC combinati in un'unica soluzione modulare, incredibilmente facile da ingegnerizzare. Utilizzando una piattaforma aperta standard di settore (IEC 61131-3) e un unico ambiente di programmazione e visualizzazione integrato, questo strumento \u00e8 progettato per offrire flessibilit\u00e0 per soddisfare i requisiti di processo e ridurre i tempi di progettazione. \u00c8 ricco di funzionalit\u00e0 e offre un'esperienza utente migliorata che offre efficienza operativa, migliori prestazioni di processo e conformit\u00e0 normativa semplificata.","breadcrumb":{"@id":"https:\/\/www.eurotherm.com\/it\/products\/machine-control-and-process-automation-it\/eplc-range-it\/eplc400-combination-plc\/#breadcrumb"},"inLanguage":"it-IT","potentialAction":[{"@type":"ReadAction","target":["https:\/\/www.eurotherm.com\/it\/products\/machine-control-and-process-automation-it\/eplc-range-it\/eplc400-combination-plc\/"]}]},{"@type":"ImageObject","inLanguage":"it-IT","@id":"https:\/\/www.eurotherm.com\/it\/products\/machine-control-and-process-automation-it\/eplc-range-it\/eplc400-combination-plc\/#primaryimage","url":"https:\/\/www.eurotherm.com\/wp-content\/uploads\/2021\/03\/E-PLC400_2.png","contentUrl":"https:\/\/www.eurotherm.com\/wp-content\/uploads\/2021\/03\/E-PLC400_2.png","width":1200,"height":843},{"@type":"BreadcrumbList","@id":"https:\/\/www.eurotherm.com\/it\/products\/machine-control-and-process-automation-it\/eplc-range-it\/eplc400-combination-plc\/#breadcrumb","itemListElement":[{"@type":"ListItem","position":1,"name":"Home","item":"https:\/\/www.eurotherm.com\/it\/"},{"@type":"ListItem","position":2,"name":"Product Catalogue","item":"https:\/\/www.eurotherm.com\/it\/product-catalogue\/"},{"@type":"ListItem","position":3,"name":"Controllo Macchine e Automazione di Processo","item":"https:\/\/www.eurotherm.com\/it\/eurotherm-products\/machine-control-and-process-automation-it\/"},{"@type":"ListItem","position":4,"name":"Serie E+PLC","item":"https:\/\/www.eurotherm.com\/it\/eurotherm-products\/machine-control-and-process-automation-it\/eplc-range-it\/"},{"@type":"ListItem","position":5,"name":"E+PLC400, PLC combinato"}]},{"@type":"WebSite","@id":"https:\/\/www.eurotherm.com\/it\/#website","url":"https:\/\/www.eurotherm.com\/it\/","name":"Eurotherm Limited","description":"Temperature Control, Process Control, Measurement and Data Recording Solutions","potentialAction":[{"@type":"SearchAction","target":{"@type":"EntryPoint","urlTemplate":"https:\/\/www.eurotherm.com\/it\/?s={search_term_string}"},"query-input":{"@type":"PropertyValueSpecification","valueRequired":true,"valueName":"search_term_string"}}],"inLanguage":"it-IT"}]}},"ACF":{"product_file":[28067,28066,29349,27454,29317,27679,28048,27685,28070,27545,27537,28049,28047,28046,27942,28071,27866,28069,27684,27686,27687,29219,28045,27544,28458,27584,27939,27943,28144,28120,28970,100560,101943,100569,27488,100572,28068,105978,114759,106653,106654,137168],"product_status":"Active Product","enable_watlow_configurator":true,"watlow_product_type":"Single","watlow_configurator_link":"https:\/\/www.watlow.com\/Products\/Controllers\/Eurotherm\/EPLC400-Combination-PLC?econfig=123"},"jetpack_sharing_enabled":true,"_links":{"self":[{"href":"https:\/\/www.eurotherm.com\/it\/wp-json\/wp\/v2\/product\/20415","targetHints":{"allow":["GET"]}}],"collection":[{"href":"https:\/\/www.eurotherm.com\/it\/wp-json\/wp\/v2\/product"}],"about":[{"href":"https:\/\/www.eurotherm.com\/it\/wp-json\/wp\/v2\/types\/product"}],"wp:featuredmedia":[{"embeddable":true,"href":"https:\/\/www.eurotherm.com\/it\/wp-json\/wp\/v2\/media\/111275"}],"wp:attachment":[{"href":"https:\/\/www.eurotherm.com\/it\/wp-json\/wp\/v2\/media?parent=20415"}],"wp:term":[{"taxonomy":"product_brand","embeddable":true,"href":"https:\/\/www.eurotherm.com\/it\/wp-json\/wp\/v2\/product_brand?post=20415"},{"taxonomy":"product_cat","embeddable":true,"href":"https:\/\/www.eurotherm.com\/it\/wp-json\/wp\/v2\/product_cat?post=20415"},{"taxonomy":"product_tag","embeddable":true,"href":"https:\/\/www.eurotherm.com\/it\/wp-json\/wp\/v2\/product_tag?post=20415"}],"curies":[{"name":"wp","href":"https:\/\/api.w.org\/{rel}","templated":true}]}}