{"id":20397,"date":"2018-10-15T08:49:53","date_gmt":"2018-10-15T08:49:53","guid":{"rendered":"https:\/\/www.eurotherm.com\/product\/aerodaq-6180\/"},"modified":"2023-08-18T20:03:48","modified_gmt":"2023-08-18T12:03:48","slug":"6180-aerodaq","status":"publish","type":"product","link":"https:\/\/www.eurotherm.com\/it\/products\/recorders-and-data-acquisition-it\/registratori-videografici\/6180-aerodaq\/","title":{"rendered":"6180 AeroDAQ"},"content":{"rendered":"<h2>Monitoraggio della vita della termocoppia<\/h2>\n<p>AeroDAQ 6180 fornisce la funzione di monitoraggio della vita della termocoppia basata sulla normativa AMS2750F, Sezioni 3.1.8.4 e 3.1.8.5. Per garantire che la termocoppia non venga utilizzata per una durata superiore a quella massima consentita conformemente a <a href=\"\/heat-treatment-solutions\/ams2750f-pyrometry-solutions\/\">AMS2750F<\/a> vengono presi in considerazione sia il <strong>numero di utilizzi<\/strong> che i <strong>giorni restanti<\/strong>.<\/p>\n<h2>Programmazione automatica<\/h2>\n<p>Utilizzare un forno oltre il periodo consentito per la calibrazione, i controlli dell&#8217;uniformit\u00e0 termica (TUS),\u00a0o il test di precisione dei sistemi (SAT) pu\u00f2 produrre una non-conformit\u00e0 nella revisione, oltre a perdite economiche.<\/p>\n<p>AeroDAQ 6180 fornisce la notifica alle date previste dei seguenti interventi:<\/p>\n<ul>\n<li>Calibrazione<\/li>\n<li>TUS<\/li>\n<li>SAT<\/li>\n<\/ul>\n<h2>Capacit\u00e0 di reporting<\/h2>\n<p>Ai fini della conformit\u00e0 non \u00e8 sufficiente essere in grado di gestire i processi di trattamento termico, ma \u00e8 necessario anche poter dimostrare di utilizzare processi conformi alle specifiche del cliente e agli standard degli enti di revisione.<\/p>\n<p>Il pacchetto di reporting AeroDAQ 6180 fornisce una funzione di reportistica batch standard che include:<\/p>\n<ul>\n<li>Informazioni cliente<\/li>\n<li>Informazioni batch<\/li>\n<li>Generazione di trend<\/li>\n<li>Riepilogo degli allarmi<\/li>\n<\/ul>\n<h2>Soddisfa i requisiti di AMS2750F<\/h2>\n<p>Il pacchetto di reporting AeroDAQ 6180 \u00e8 facilmente personalizzabile per soddisfare esigenze specifiche, trasformando dati archiviati in maniera sicura in informazioni batch critiche per voi e i vostri clienti.<\/p>\n","protected":false},"excerpt":{"rendered":"<h2>AeroDAQ 6180 (AMS2750F)<\/h2>\n<ul>\n<li>Display touchscreen a colori<\/li>\n<li>USB \u2018plug &amp; play\u2019<\/li>\n<li>6 ingressi universali<\/li>\n<li>Memoria flash non volatile da 96MB<\/li>\n<li>Campinamento parallelo 125ms<\/li>\n<li>Compact Flash<\/li>\n<li>Modbus RTU<\/li>\n<li>Ethernet TCP\/IP<\/li>\n<li>Web server<\/li>\n<\/ul>\n<p>La norma AMS2750F sta forzando le aziende dell&#8217;industria aerospaziale ad adottare rigorose procedure di manutenzione dei forni. AeroDAQ \u00e8 una soluzione progettata per semplificare la conformit\u00e0 agli standard dell&#8217;industria aerospaziale.<\/p>\n","protected":false},"featured_media":6345,"template":"","meta":{"_acf_changed":false},"product_brand":[],"product_cat":[11296,11298,756,11297,11299],"product_tag":[],"class_list":{"0":"post-20397","1":"product","2":"type-product","3":"status-publish","4":"has-post-thumbnail","6":"product_cat-furnaces-atmosphere-and-vacuum-it","7":"product_cat-heat-treat-products-it","8":"product_cat-prodotti-ita","9":"product_cat-registratori-videografici","10":"product_cat-recorders-and-data-acquisition-it","11":"product_shipping_class-1-it","13":"first","14":"instock","15":"purchasable","16":"product-type-simple"},"acf":[],"yoast_head":"<!-- This site is optimized with the Yoast SEO plugin v27.2 - https:\/\/yoast.com\/product\/yoast-seo-wordpress\/ -->\n<title>6180 AeroDAQ | Eurotherm Limited<\/title>\n<meta name=\"description\" content=\"6180 AeroDAQ | Monitoraggio della vita della termocoppia AeroDAQ 6180 fornisce la funzione di monitoraggio della vita della termocoppia basata sulla n\" \/>\n<meta name=\"robots\" content=\"index, follow, max-snippet:-1, max-image-preview:large, max-video-preview:-1\" \/>\n<meta property=\"og:locale\" content=\"it_IT\" \/>\n<meta property=\"og:type\" content=\"article\" \/>\n<meta property=\"og:title\" content=\"6180 AeroDAQ | Eurotherm Limited\" \/>\n<meta property=\"og:description\" content=\"6180 AeroDAQ | AeroDAQ 6180 (AMS2750F)   Display touchscreen a colori  USB \u2018plug &amp; play\u2019  6 ingressi universali  Memoria flash non volatile da 96MB  Campinamento parallelo 125ms  Compact Flash  Modbus RTU  Ethernet TCP\/IP  Web server  La norma AMS2750F sta forzando le aziende dell&#039;industria aerospaziale ad adottare rigorose procedure di manutenzione dei forni. AeroDAQ \u00e8 una soluzione progettata per semplificare la conformit\u00e0 agli standard dell&#039;industria aerospaziale.\" \/>\n<meta property=\"og:url\" content=\"https:\/\/www.eurotherm.com\/it\/products\/recorders-and-data-acquisition-it\/registratori-videografici\/6180-aerodaq\/\" \/>\n<meta property=\"og:site_name\" content=\"Eurotherm Limited\" \/>\n<meta property=\"article:modified_time\" content=\"2023-08-18T12:03:48+00:00\" \/>\n<meta property=\"og:image\" content=\"https:\/\/www.eurotherm.com\/wp-content\/uploads\/2018\/10\/AeroDAQ.jpg\" \/>\n\t<meta property=\"og:image:width\" content=\"500\" \/>\n\t<meta property=\"og:image:height\" content=\"500\" \/>\n\t<meta property=\"og:image:type\" content=\"image\/jpeg\" \/>\n<meta name=\"twitter:card\" content=\"summary_large_image\" \/>\n<meta name=\"twitter:label1\" content=\"Tempo di lettura stimato\" \/>\n\t<meta name=\"twitter:data1\" content=\"1 minuto\" \/>\n<script type=\"application\/ld+json\" class=\"yoast-schema-graph\">{\"@context\":\"https:\/\/schema.org\",\"@graph\":[{\"@type\":\"WebPage\",\"@id\":\"https:\/\/www.eurotherm.com\/it\/products\/recorders-and-data-acquisition-it\/registratori-videografici\/6180-aerodaq\/\",\"url\":\"https:\/\/www.eurotherm.com\/it\/products\/recorders-and-data-acquisition-it\/registratori-videografici\/6180-aerodaq\/\",\"name\":\"6180 AeroDAQ | Eurotherm Limited\",\"isPartOf\":{\"@id\":\"https:\/\/www.eurotherm.com\/it\/#website\"},\"primaryImageOfPage\":{\"@id\":\"https:\/\/www.eurotherm.com\/it\/products\/recorders-and-data-acquisition-it\/registratori-videografici\/6180-aerodaq\/#primaryimage\"},\"image\":{\"@id\":\"https:\/\/www.eurotherm.com\/it\/products\/recorders-and-data-acquisition-it\/registratori-videografici\/6180-aerodaq\/#primaryimage\"},\"thumbnailUrl\":\"https:\/\/www.eurotherm.com\/wp-content\/uploads\/2018\/10\/AeroDAQ.jpg\",\"datePublished\":\"2018-10-15T08:49:53+00:00\",\"dateModified\":\"2023-08-18T12:03:48+00:00\",\"description\":\"6180 AeroDAQ | AeroDAQ 6180 (AMS2750F) Display touchscreen a colori USB \u2018plug &amp; play\u2019 6 ingressi universali Memoria flash non volatile da 96MB Campinamento parallelo 125ms Compact Flash Modbus RTU Ethernet TCP\/IP Web server La norma AMS2750F sta forzando le aziende dell'industria aerospaziale ad adottare rigorose procedure di manutenzione dei forni. AeroDAQ \u00e8 una soluzione progettata per semplificare la conformit\u00e0 agli standard dell'industria aerospaziale.\",\"breadcrumb\":{\"@id\":\"https:\/\/www.eurotherm.com\/it\/products\/recorders-and-data-acquisition-it\/registratori-videografici\/6180-aerodaq\/#breadcrumb\"},\"inLanguage\":\"it-IT\",\"potentialAction\":[{\"@type\":\"ReadAction\",\"target\":[\"https:\/\/www.eurotherm.com\/it\/products\/recorders-and-data-acquisition-it\/registratori-videografici\/6180-aerodaq\/\"]}]},{\"@type\":\"ImageObject\",\"inLanguage\":\"it-IT\",\"@id\":\"https:\/\/www.eurotherm.com\/it\/products\/recorders-and-data-acquisition-it\/registratori-videografici\/6180-aerodaq\/#primaryimage\",\"url\":\"https:\/\/www.eurotherm.com\/wp-content\/uploads\/2018\/10\/AeroDAQ.jpg\",\"contentUrl\":\"https:\/\/www.eurotherm.com\/wp-content\/uploads\/2018\/10\/AeroDAQ.jpg\",\"width\":500,\"height\":500},{\"@type\":\"BreadcrumbList\",\"@id\":\"https:\/\/www.eurotherm.com\/it\/products\/recorders-and-data-acquisition-it\/registratori-videografici\/6180-aerodaq\/#breadcrumb\",\"itemListElement\":[{\"@type\":\"ListItem\",\"position\":1,\"name\":\"Home\",\"item\":\"https:\/\/www.eurotherm.com\/it\/\"},{\"@type\":\"ListItem\",\"position\":2,\"name\":\"Product Catalogue\",\"item\":\"https:\/\/www.eurotherm.com\/it\/product-catalogue\/\"},{\"@type\":\"ListItem\",\"position\":3,\"name\":\"Registrazione e Gestione Dati\",\"item\":\"https:\/\/www.eurotherm.com\/it\/eurotherm-products\/recorders-and-data-acquisition-it\/\"},{\"@type\":\"ListItem\",\"position\":4,\"name\":\"Registratori videografici\",\"item\":\"https:\/\/www.eurotherm.com\/it\/eurotherm-products\/recorders-and-data-acquisition-it\/registratori-videografici\/\"},{\"@type\":\"ListItem\",\"position\":5,\"name\":\"6180 AeroDAQ\"}]},{\"@type\":\"WebSite\",\"@id\":\"https:\/\/www.eurotherm.com\/it\/#website\",\"url\":\"https:\/\/www.eurotherm.com\/it\/\",\"name\":\"Eurotherm Limited\",\"description\":\"Temperature Control, Process Control, Measurement and Data Recording Solutions\",\"potentialAction\":[{\"@type\":\"SearchAction\",\"target\":{\"@type\":\"EntryPoint\",\"urlTemplate\":\"https:\/\/www.eurotherm.com\/it\/?s={search_term_string}\"},\"query-input\":{\"@type\":\"PropertyValueSpecification\",\"valueRequired\":true,\"valueName\":\"search_term_string\"}}],\"inLanguage\":\"it-IT\"}]}<\/script>\n<!-- \/ Yoast SEO plugin. -->","yoast_head_json":{"title":"6180 AeroDAQ | Eurotherm Limited","description":"6180 AeroDAQ | Monitoraggio della vita della termocoppia AeroDAQ 6180 fornisce la funzione di monitoraggio della vita della termocoppia basata sulla n","robots":{"index":"index","follow":"follow","max-snippet":"max-snippet:-1","max-image-preview":"max-image-preview:large","max-video-preview":"max-video-preview:-1"},"og_locale":"it_IT","og_type":"article","og_title":"6180 AeroDAQ | Eurotherm Limited","og_description":"6180 AeroDAQ | AeroDAQ 6180 (AMS2750F)   Display touchscreen a colori  USB \u2018plug &amp; play\u2019  6 ingressi universali  Memoria flash non volatile da 96MB  Campinamento parallelo 125ms  Compact Flash  Modbus RTU  Ethernet TCP\/IP  Web server  La norma AMS2750F sta forzando le aziende dell'industria aerospaziale ad adottare rigorose procedure di manutenzione dei forni. AeroDAQ \u00e8 una soluzione progettata per semplificare la conformit\u00e0 agli standard dell'industria aerospaziale.","og_url":"https:\/\/www.eurotherm.com\/it\/products\/recorders-and-data-acquisition-it\/registratori-videografici\/6180-aerodaq\/","og_site_name":"Eurotherm Limited","article_modified_time":"2023-08-18T12:03:48+00:00","og_image":[{"width":500,"height":500,"url":"https:\/\/www.eurotherm.com\/wp-content\/uploads\/2018\/10\/AeroDAQ.jpg","type":"image\/jpeg"}],"twitter_card":"summary_large_image","twitter_misc":{"Tempo di lettura stimato":"1 minuto"},"schema":{"@context":"https:\/\/schema.org","@graph":[{"@type":"WebPage","@id":"https:\/\/www.eurotherm.com\/it\/products\/recorders-and-data-acquisition-it\/registratori-videografici\/6180-aerodaq\/","url":"https:\/\/www.eurotherm.com\/it\/products\/recorders-and-data-acquisition-it\/registratori-videografici\/6180-aerodaq\/","name":"6180 AeroDAQ | Eurotherm Limited","isPartOf":{"@id":"https:\/\/www.eurotherm.com\/it\/#website"},"primaryImageOfPage":{"@id":"https:\/\/www.eurotherm.com\/it\/products\/recorders-and-data-acquisition-it\/registratori-videografici\/6180-aerodaq\/#primaryimage"},"image":{"@id":"https:\/\/www.eurotherm.com\/it\/products\/recorders-and-data-acquisition-it\/registratori-videografici\/6180-aerodaq\/#primaryimage"},"thumbnailUrl":"https:\/\/www.eurotherm.com\/wp-content\/uploads\/2018\/10\/AeroDAQ.jpg","datePublished":"2018-10-15T08:49:53+00:00","dateModified":"2023-08-18T12:03:48+00:00","description":"6180 AeroDAQ | AeroDAQ 6180 (AMS2750F) Display touchscreen a colori USB \u2018plug &amp; play\u2019 6 ingressi universali Memoria flash non volatile da 96MB Campinamento parallelo 125ms Compact Flash Modbus RTU Ethernet TCP\/IP Web server La norma AMS2750F sta forzando le aziende dell'industria aerospaziale ad adottare rigorose procedure di manutenzione dei forni. AeroDAQ \u00e8 una soluzione progettata per semplificare la conformit\u00e0 agli standard dell'industria aerospaziale.","breadcrumb":{"@id":"https:\/\/www.eurotherm.com\/it\/products\/recorders-and-data-acquisition-it\/registratori-videografici\/6180-aerodaq\/#breadcrumb"},"inLanguage":"it-IT","potentialAction":[{"@type":"ReadAction","target":["https:\/\/www.eurotherm.com\/it\/products\/recorders-and-data-acquisition-it\/registratori-videografici\/6180-aerodaq\/"]}]},{"@type":"ImageObject","inLanguage":"it-IT","@id":"https:\/\/www.eurotherm.com\/it\/products\/recorders-and-data-acquisition-it\/registratori-videografici\/6180-aerodaq\/#primaryimage","url":"https:\/\/www.eurotherm.com\/wp-content\/uploads\/2018\/10\/AeroDAQ.jpg","contentUrl":"https:\/\/www.eurotherm.com\/wp-content\/uploads\/2018\/10\/AeroDAQ.jpg","width":500,"height":500},{"@type":"BreadcrumbList","@id":"https:\/\/www.eurotherm.com\/it\/products\/recorders-and-data-acquisition-it\/registratori-videografici\/6180-aerodaq\/#breadcrumb","itemListElement":[{"@type":"ListItem","position":1,"name":"Home","item":"https:\/\/www.eurotherm.com\/it\/"},{"@type":"ListItem","position":2,"name":"Product Catalogue","item":"https:\/\/www.eurotherm.com\/it\/product-catalogue\/"},{"@type":"ListItem","position":3,"name":"Registrazione e Gestione Dati","item":"https:\/\/www.eurotherm.com\/it\/eurotherm-products\/recorders-and-data-acquisition-it\/"},{"@type":"ListItem","position":4,"name":"Registratori videografici","item":"https:\/\/www.eurotherm.com\/it\/eurotherm-products\/recorders-and-data-acquisition-it\/registratori-videografici\/"},{"@type":"ListItem","position":5,"name":"6180 AeroDAQ"}]},{"@type":"WebSite","@id":"https:\/\/www.eurotherm.com\/it\/#website","url":"https:\/\/www.eurotherm.com\/it\/","name":"Eurotherm Limited","description":"Temperature Control, Process Control, Measurement and Data Recording Solutions","potentialAction":[{"@type":"SearchAction","target":{"@type":"EntryPoint","urlTemplate":"https:\/\/www.eurotherm.com\/it\/?s={search_term_string}"},"query-input":{"@type":"PropertyValueSpecification","valueRequired":true,"valueName":"search_term_string"}}],"inLanguage":"it-IT"}]}},"ACF":{"product_file":[126577,126576,27454,27952,27143,27142,28954,29384,29382,27144,27145,27097,27942,27866,27943,27939,29246,29248,27137,27136,27133,27473,27497,27584,27088,83669,81543,27923],"product_status":"Active Product","enable_watlow_configurator":true,"watlow_product_type":"Single","watlow_configurator_link":"https:\/\/www.watlow.com\/Products\/Controllers\/Eurotherm\/6180-aerodaq?econfig=123"},"jetpack_sharing_enabled":true,"_links":{"self":[{"href":"https:\/\/www.eurotherm.com\/it\/wp-json\/wp\/v2\/product\/20397","targetHints":{"allow":["GET"]}}],"collection":[{"href":"https:\/\/www.eurotherm.com\/it\/wp-json\/wp\/v2\/product"}],"about":[{"href":"https:\/\/www.eurotherm.com\/it\/wp-json\/wp\/v2\/types\/product"}],"wp:featuredmedia":[{"embeddable":true,"href":"https:\/\/www.eurotherm.com\/it\/wp-json\/wp\/v2\/media\/6345"}],"wp:attachment":[{"href":"https:\/\/www.eurotherm.com\/it\/wp-json\/wp\/v2\/media?parent=20397"}],"wp:term":[{"taxonomy":"product_brand","embeddable":true,"href":"https:\/\/www.eurotherm.com\/it\/wp-json\/wp\/v2\/product_brand?post=20397"},{"taxonomy":"product_cat","embeddable":true,"href":"https:\/\/www.eurotherm.com\/it\/wp-json\/wp\/v2\/product_cat?post=20397"},{"taxonomy":"product_tag","embeddable":true,"href":"https:\/\/www.eurotherm.com\/it\/wp-json\/wp\/v2\/product_tag?post=20397"}],"curies":[{"name":"wp","href":"https:\/\/api.w.org\/{rel}","templated":true}]}}