{"id":20388,"date":"2018-10-15T08:49:53","date_gmt":"2018-10-15T08:49:53","guid":{"rendered":"https:\/\/www.eurotherm.com\/product\/6100e-paperless-graphic-recorder\/"},"modified":"2023-08-18T21:19:55","modified_gmt":"2023-08-18T13:19:55","slug":"6100e-paperless-graphic-recorder","status":"publish","type":"product","link":"https:\/\/www.eurotherm.com\/it\/products\/recorders-and-data-acquisition-it\/registratori-videografici\/6100e-paperless-graphic-recorder\/","title":{"rendered":"6100E Registratore Videografico"},"content":{"rendered":"<ul>\n<li>Sicurezza e archiviazione dei dati avanzate<\/li>\n<li>Display touch screen a colori 5.5&#8243;, 1\/4 VGA<\/li>\n<li>Progettato per l\u2019operativit\u00e0 stand-alone o all&#8217;interno di una rete<\/li>\n<li>FTP client e server<\/li>\n<li>Configurazione e visualizzazione dati in tempo reale da remoto<\/li>\n<li>Campionamento parallelo 125ms<\/li>\n<\/ul>\n<p>L&#8217;unit\u00e0 \u00e8 ideale per requisiti di visualizzazione e visualizzazione di base; sostituisce in modo eccellente i piccoli registratori a carta, offrendo tutti i vantaggi in termini di costi, sicurezza e flessibilit\u00e0 dei file di dati elettronici sicuri.<\/p>\n<p>Il 6100E ha un display a colori touch screen per una configurazione e un funzionamento semplici e intuitivi. E\u2019 dotato di una porta USB di serie per consentire l&#8217;uso di mouse, tastiera o scanner di codici a barre in modo da poter scegliere il metodo di interfaccia pi\u00f9 comodo.<\/p>\n<h2>Per stare tranquilli<\/h2>\n<p>Nel 6100E i dati sono archiviati in file protetti, binari e checksummed.<\/p>\n<p>Con un registratore videografico non \u00e8 pi\u00f9 necessario acquistare carta e pennini e i dati possono essere spostati manualmente o archiviati automaticamente su supporti rimovibili, server di rete o database Eurotherm Review su un PC. Una memoria interna non volatile offre capacit\u00e0 di archiviazione e revisione dei dati sullo strumento stesso. Ci\u00f2 consente di impostare la migliore strategia per l&#8217;applicazione per proteggere i dati, se si preferisce, senza l&#8217;intervento dell&#8217;operatore.<\/p>\n<h2>Un registratore economico e versatile<\/h2>\n<p>Il 6100E non offre solo tutto ci\u00f2 di cui hai bisogno per le tue esigenze di registrazione di base, ma \u00e8 anche in grado di adattarsi al meglio alle tue esigenze applicative. La porta USB pu\u00f2 essere utilizzata per una memory stick rimovibile per l&#8217;archiviazione dei dati aggiuntiva o per collegare interfacce operatore aggiuntive per inserire comodamente i dati: lettore di codici a barre, tastiera o mouse.<\/p>\n<p>Il 6100E \u00e8 dotato di porta Ethernet e supporta i protocolli Modbus TCP (slave) e FTP. Il registratore pu\u00f2 quindi essere facilmente integrato in un sistema pi\u00f9 ampio e i file di dati possono essere trasferiti attraverso la rete in modo che siano disponibili dove e quando lo si desidera.<\/p>\n<p>La disponibilit\u00e0 di uscite rel\u00e8 e canali configurabili di funzioni matematiche, totalizzatori e contatori lo rendono ancor pi\u00f9 flessibile, per adattarsi ad esigenze applicative molto specifiche. Le funzioni matematiche includono somma, sottrazione, moltiplicazione, divisione, costante, gruppo massimo, media gruppo, canale minimo, canale massimo, media canale, media mobile e comunicazioni slave.<\/p>\n<p>Caratteristiche:<\/p>\n<ul>\n<li>Sicurezza e archiviazione avanzate dei dati<\/li>\n<li>Ingressi universali<\/li>\n<li>Comunicazione Ethernet<\/li>\n<li>Sincronizzazione ora (SNTP)<\/li>\n<\/ul>\n","protected":false},"excerpt":{"rendered":"<h2>6100E &#8211;\u00a0 Registratore Videografico a 6 canali con Comunicazione Ethernet<\/h2>\n<p>L&#8217;eccellenza Eurotherm in una soluzione essenziale per soddisfare semplici esigenze di gestione dei dati.<\/p>\n","protected":false},"featured_media":6247,"template":"","meta":{"_acf_changed":false},"product_brand":[],"product_cat":[756,11297,11299],"product_tag":[15548],"class_list":{"0":"post-20388","1":"product","2":"type-product","3":"status-publish","4":"has-post-thumbnail","6":"product_cat-prodotti-ita","7":"product_cat-registratori-videografici","8":"product_cat-recorders-and-data-acquisition-it","9":"product_tag-registratore","10":"product_shipping_class-1-it","12":"first","13":"instock","14":"purchasable","15":"product-type-simple"},"acf":[],"yoast_head":"<!-- This site is optimized with the Yoast SEO plugin v27.5 - https:\/\/yoast.com\/product\/yoast-seo-wordpress\/ -->\n<title>6100E Registratore Videografico | Eurotherm Limited<\/title>\n<meta name=\"description\" content=\"6100E Registratore Videografico | Sicurezza e archiviazione dei dati avanzate Display touch screen a colori 5.5&quot;, 1\/4 VGA Pr\" \/>\n<meta name=\"robots\" content=\"index, follow, max-snippet:-1, max-image-preview:large, max-video-preview:-1\" \/>\n<meta property=\"og:locale\" content=\"it_IT\" \/>\n<meta property=\"og:type\" content=\"article\" \/>\n<meta property=\"og:title\" content=\"6100E Registratore Videografico | Eurotherm Limited\" \/>\n<meta property=\"og:description\" content=\"6100E Registratore Videografico | 6100E -\u00a0 Registratore Videografico a 6 canali con Comunicazione Ethernet L&#039;eccellenza Eurotherm in una soluzione essenziale per soddisfare semplici esigenze di gestione dei dati.\" \/>\n<meta property=\"og:url\" content=\"https:\/\/www.eurotherm.com\/it\/products\/recorders-and-data-acquisition-it\/registratori-videografici\/6100e-paperless-graphic-recorder\/\" \/>\n<meta property=\"og:site_name\" content=\"Eurotherm Limited\" \/>\n<meta property=\"article:modified_time\" content=\"2023-08-18T13:19:55+00:00\" \/>\n<meta property=\"og:image\" content=\"https:\/\/www.eurotherm.com\/wp-content\/uploads\/2018\/10\/6100e.jpg\" \/>\n\t<meta property=\"og:image:width\" content=\"500\" \/>\n\t<meta property=\"og:image:height\" content=\"500\" \/>\n\t<meta property=\"og:image:type\" content=\"image\/jpeg\" \/>\n<meta name=\"twitter:card\" content=\"summary_large_image\" \/>\n<meta name=\"twitter:label1\" content=\"Tempo di lettura stimato\" \/>\n\t<meta name=\"twitter:data1\" content=\"2 minuti\" \/>\n<script type=\"application\/ld+json\" class=\"yoast-schema-graph\">{\"@context\":\"https:\\\/\\\/schema.org\",\"@graph\":[{\"@type\":\"WebPage\",\"@id\":\"https:\\\/\\\/www.eurotherm.com\\\/it\\\/products\\\/recorders-and-data-acquisition-it\\\/registratori-videografici\\\/6100e-paperless-graphic-recorder\\\/\",\"url\":\"https:\\\/\\\/www.eurotherm.com\\\/it\\\/products\\\/recorders-and-data-acquisition-it\\\/registratori-videografici\\\/6100e-paperless-graphic-recorder\\\/\",\"name\":\"6100E Registratore Videografico | Eurotherm Limited\",\"isPartOf\":{\"@id\":\"https:\\\/\\\/www.eurotherm.com\\\/it\\\/#website\"},\"primaryImageOfPage\":{\"@id\":\"https:\\\/\\\/www.eurotherm.com\\\/it\\\/products\\\/recorders-and-data-acquisition-it\\\/registratori-videografici\\\/6100e-paperless-graphic-recorder\\\/#primaryimage\"},\"image\":{\"@id\":\"https:\\\/\\\/www.eurotherm.com\\\/it\\\/products\\\/recorders-and-data-acquisition-it\\\/registratori-videografici\\\/6100e-paperless-graphic-recorder\\\/#primaryimage\"},\"thumbnailUrl\":\"https:\\\/\\\/www.eurotherm.com\\\/wp-content\\\/uploads\\\/2018\\\/10\\\/6100e.jpg\",\"datePublished\":\"2018-10-15T08:49:53+00:00\",\"dateModified\":\"2023-08-18T13:19:55+00:00\",\"description\":\"6100E Registratore Videografico | 6100E -\u00a0 Registratore Videografico a 6 canali con Comunicazione Ethernet L'eccellenza Eurotherm in una soluzione essenziale per soddisfare semplici esigenze di gestione dei dati.\",\"breadcrumb\":{\"@id\":\"https:\\\/\\\/www.eurotherm.com\\\/it\\\/products\\\/recorders-and-data-acquisition-it\\\/registratori-videografici\\\/6100e-paperless-graphic-recorder\\\/#breadcrumb\"},\"inLanguage\":\"it-IT\",\"potentialAction\":[{\"@type\":\"ReadAction\",\"target\":[\"https:\\\/\\\/www.eurotherm.com\\\/it\\\/products\\\/recorders-and-data-acquisition-it\\\/registratori-videografici\\\/6100e-paperless-graphic-recorder\\\/\"]}]},{\"@type\":\"ImageObject\",\"inLanguage\":\"it-IT\",\"@id\":\"https:\\\/\\\/www.eurotherm.com\\\/it\\\/products\\\/recorders-and-data-acquisition-it\\\/registratori-videografici\\\/6100e-paperless-graphic-recorder\\\/#primaryimage\",\"url\":\"https:\\\/\\\/www.eurotherm.com\\\/wp-content\\\/uploads\\\/2018\\\/10\\\/6100e.jpg\",\"contentUrl\":\"https:\\\/\\\/www.eurotherm.com\\\/wp-content\\\/uploads\\\/2018\\\/10\\\/6100e.jpg\",\"width\":500,\"height\":500},{\"@type\":\"BreadcrumbList\",\"@id\":\"https:\\\/\\\/www.eurotherm.com\\\/it\\\/products\\\/recorders-and-data-acquisition-it\\\/registratori-videografici\\\/6100e-paperless-graphic-recorder\\\/#breadcrumb\",\"itemListElement\":[{\"@type\":\"ListItem\",\"position\":1,\"name\":\"Home\",\"item\":\"https:\\\/\\\/www.eurotherm.com\\\/it\\\/\"},{\"@type\":\"ListItem\",\"position\":2,\"name\":\"Product Catalogue\",\"item\":\"https:\\\/\\\/www.eurotherm.com\\\/it\\\/product-catalogue\\\/\"},{\"@type\":\"ListItem\",\"position\":3,\"name\":\"Registrazione e Gestione Dati\",\"item\":\"https:\\\/\\\/www.eurotherm.com\\\/it\\\/eurotherm-products\\\/recorders-and-data-acquisition-it\\\/\"},{\"@type\":\"ListItem\",\"position\":4,\"name\":\"Registratori videografici\",\"item\":\"https:\\\/\\\/www.eurotherm.com\\\/it\\\/eurotherm-products\\\/recorders-and-data-acquisition-it\\\/registratori-videografici\\\/\"},{\"@type\":\"ListItem\",\"position\":5,\"name\":\"6100E Registratore Videografico\"}]},{\"@type\":\"WebSite\",\"@id\":\"https:\\\/\\\/www.eurotherm.com\\\/it\\\/#website\",\"url\":\"https:\\\/\\\/www.eurotherm.com\\\/it\\\/\",\"name\":\"Eurotherm Limited\",\"description\":\"Temperature Control, Process Control, Measurement and Data Recording Solutions\",\"potentialAction\":[{\"@type\":\"SearchAction\",\"target\":{\"@type\":\"EntryPoint\",\"urlTemplate\":\"https:\\\/\\\/www.eurotherm.com\\\/it\\\/?s={search_term_string}\"},\"query-input\":{\"@type\":\"PropertyValueSpecification\",\"valueRequired\":true,\"valueName\":\"search_term_string\"}}],\"inLanguage\":\"it-IT\"}]}<\/script>\n<!-- \/ Yoast SEO plugin. -->","yoast_head_json":{"title":"6100E Registratore Videografico | Eurotherm Limited","description":"6100E Registratore Videografico | Sicurezza e archiviazione dei dati avanzate Display touch screen a colori 5.5\", 1\/4 VGA Pr","robots":{"index":"index","follow":"follow","max-snippet":"max-snippet:-1","max-image-preview":"max-image-preview:large","max-video-preview":"max-video-preview:-1"},"og_locale":"it_IT","og_type":"article","og_title":"6100E Registratore Videografico | Eurotherm Limited","og_description":"6100E Registratore Videografico | 6100E -\u00a0 Registratore Videografico a 6 canali con Comunicazione Ethernet L'eccellenza Eurotherm in una soluzione essenziale per soddisfare semplici esigenze di gestione dei dati.","og_url":"https:\/\/www.eurotherm.com\/it\/products\/recorders-and-data-acquisition-it\/registratori-videografici\/6100e-paperless-graphic-recorder\/","og_site_name":"Eurotherm Limited","article_modified_time":"2023-08-18T13:19:55+00:00","og_image":[{"width":500,"height":500,"url":"https:\/\/www.eurotherm.com\/wp-content\/uploads\/2018\/10\/6100e.jpg","type":"image\/jpeg"}],"twitter_card":"summary_large_image","twitter_misc":{"Tempo di lettura stimato":"2 minuti"},"schema":{"@context":"https:\/\/schema.org","@graph":[{"@type":"WebPage","@id":"https:\/\/www.eurotherm.com\/it\/products\/recorders-and-data-acquisition-it\/registratori-videografici\/6100e-paperless-graphic-recorder\/","url":"https:\/\/www.eurotherm.com\/it\/products\/recorders-and-data-acquisition-it\/registratori-videografici\/6100e-paperless-graphic-recorder\/","name":"6100E Registratore Videografico | Eurotherm Limited","isPartOf":{"@id":"https:\/\/www.eurotherm.com\/it\/#website"},"primaryImageOfPage":{"@id":"https:\/\/www.eurotherm.com\/it\/products\/recorders-and-data-acquisition-it\/registratori-videografici\/6100e-paperless-graphic-recorder\/#primaryimage"},"image":{"@id":"https:\/\/www.eurotherm.com\/it\/products\/recorders-and-data-acquisition-it\/registratori-videografici\/6100e-paperless-graphic-recorder\/#primaryimage"},"thumbnailUrl":"https:\/\/www.eurotherm.com\/wp-content\/uploads\/2018\/10\/6100e.jpg","datePublished":"2018-10-15T08:49:53+00:00","dateModified":"2023-08-18T13:19:55+00:00","description":"6100E Registratore Videografico | 6100E -\u00a0 Registratore Videografico a 6 canali con Comunicazione Ethernet L'eccellenza Eurotherm in una soluzione essenziale per soddisfare semplici esigenze di gestione dei dati.","breadcrumb":{"@id":"https:\/\/www.eurotherm.com\/it\/products\/recorders-and-data-acquisition-it\/registratori-videografici\/6100e-paperless-graphic-recorder\/#breadcrumb"},"inLanguage":"it-IT","potentialAction":[{"@type":"ReadAction","target":["https:\/\/www.eurotherm.com\/it\/products\/recorders-and-data-acquisition-it\/registratori-videografici\/6100e-paperless-graphic-recorder\/"]}]},{"@type":"ImageObject","inLanguage":"it-IT","@id":"https:\/\/www.eurotherm.com\/it\/products\/recorders-and-data-acquisition-it\/registratori-videografici\/6100e-paperless-graphic-recorder\/#primaryimage","url":"https:\/\/www.eurotherm.com\/wp-content\/uploads\/2018\/10\/6100e.jpg","contentUrl":"https:\/\/www.eurotherm.com\/wp-content\/uploads\/2018\/10\/6100e.jpg","width":500,"height":500},{"@type":"BreadcrumbList","@id":"https:\/\/www.eurotherm.com\/it\/products\/recorders-and-data-acquisition-it\/registratori-videografici\/6100e-paperless-graphic-recorder\/#breadcrumb","itemListElement":[{"@type":"ListItem","position":1,"name":"Home","item":"https:\/\/www.eurotherm.com\/it\/"},{"@type":"ListItem","position":2,"name":"Product Catalogue","item":"https:\/\/www.eurotherm.com\/it\/product-catalogue\/"},{"@type":"ListItem","position":3,"name":"Registrazione e Gestione Dati","item":"https:\/\/www.eurotherm.com\/it\/eurotherm-products\/recorders-and-data-acquisition-it\/"},{"@type":"ListItem","position":4,"name":"Registratori videografici","item":"https:\/\/www.eurotherm.com\/it\/eurotherm-products\/recorders-and-data-acquisition-it\/registratori-videografici\/"},{"@type":"ListItem","position":5,"name":"6100E Registratore Videografico"}]},{"@type":"WebSite","@id":"https:\/\/www.eurotherm.com\/it\/#website","url":"https:\/\/www.eurotherm.com\/it\/","name":"Eurotherm Limited","description":"Temperature Control, Process Control, Measurement and Data Recording Solutions","potentialAction":[{"@type":"SearchAction","target":{"@type":"EntryPoint","urlTemplate":"https:\/\/www.eurotherm.com\/it\/?s={search_term_string}"},"query-input":{"@type":"PropertyValueSpecification","valueRequired":true,"valueName":"search_term_string"}}],"inLanguage":"it-IT"}]}},"ACF":{"product_file":[27454,28954,27142,27143,29382,29384,27144,27145,27097,27942,27866,27943,27939,29248,27956,27088,27125,27497,27584,28557,27086,58157,27121,27126,27084,83059,139290],"product_status":"Active Product","enable_watlow_configurator":true,"watlow_product_type":"Single","watlow_configurator_link":"https:\/\/www.watlow.com\/Products\/Controllers\/Eurotherm\/6100e-paperless-graphic-recorder?econfig=123"},"jetpack_sharing_enabled":true,"_links":{"self":[{"href":"https:\/\/www.eurotherm.com\/it\/wp-json\/wp\/v2\/product\/20388","targetHints":{"allow":["GET"]}}],"collection":[{"href":"https:\/\/www.eurotherm.com\/it\/wp-json\/wp\/v2\/product"}],"about":[{"href":"https:\/\/www.eurotherm.com\/it\/wp-json\/wp\/v2\/types\/product"}],"wp:featuredmedia":[{"embeddable":true,"href":"https:\/\/www.eurotherm.com\/it\/wp-json\/wp\/v2\/media\/6247"}],"wp:attachment":[{"href":"https:\/\/www.eurotherm.com\/it\/wp-json\/wp\/v2\/media?parent=20388"}],"wp:term":[{"taxonomy":"product_brand","embeddable":true,"href":"https:\/\/www.eurotherm.com\/it\/wp-json\/wp\/v2\/product_brand?post=20388"},{"taxonomy":"product_cat","embeddable":true,"href":"https:\/\/www.eurotherm.com\/it\/wp-json\/wp\/v2\/product_cat?post=20388"},{"taxonomy":"product_tag","embeddable":true,"href":"https:\/\/www.eurotherm.com\/it\/wp-json\/wp\/v2\/product_tag?post=20388"}],"curies":[{"name":"wp","href":"https:\/\/api.w.org\/{rel}","templated":true}]}}