{"id":138891,"date":"2022-11-03T17:01:09","date_gmt":"2022-11-03T09:01:09","guid":{"rendered":"https:\/\/eurothermdev.co.uk\/products\/senza-categoria\/din-a-mite-c\/"},"modified":"2023-01-06T23:08:59","modified_gmt":"2023-01-06T15:08:59","slug":"din-a-mite-c","status":"publish","type":"product","link":"https:\/\/www.eurotherm.com\/it\/products\/power-control-it\/power-controllers-it\/din-a-mite-c\/","title":{"rendered":"DIN-A-MITE\u00ae C"},"content":{"rendered":"<p>L&#8217;SCR DIN-A-MITE C offre un&#8217;opzione di controllo a stato solido a basso costo, compatta e versatile per il controllo del calore. Questo controllore a stato solido \u00e8 progettato e prodotto con le caratteristiche di qualit\u00e0 previste da Watlow. Sono disponibili montaggio su guida DIN e a pannello standard pi\u00f9 una versione con montaggio a parete passante. Le caratteristiche di base del controllore a stato solido includono il funzionamento monofase, trifase\/due gambe e trifase\/tre gambe, 24-600VAC. Le capacit\u00e0 di commutazione della corrente variano da 30 a 80A a seconda del modello ordinato. Sono disponibili versioni con base temporale variabile, controllo di processo di tensione lineare e corrente o contattori di ingresso V CA\/V CC. Sono disponibili anche l&#8217;azionamento monofase ad angolo di fase e la limitazione di corrente. Tutte le configurazioni dipendono dal numero di modello e sono selezionabili in fabbrica. Questo controllore di potenza a stato solido include una corrente nominale di cortocircuito (SCCR) di 200KA testata fino a 480VAC per prevenire l&#8217;arco elettrico con i fusibili necessari.<\/p>\n","protected":false},"excerpt":{"rendered":"<h3 class=\"green-title\">Il controllore di potenza SCR eroga fino a 80 Ampere in un pacchetto compatto<\/h3>\n<p>Per tutti i dettagli del prodotto e i relativi download clicca <a href=\"https:\/\/www.watlow.com\/Products\/Controllers\/Power-Switching-Devices\/DIN-A-MITE-C-Power-Controller\">qui<\/a>.<\/p>\n<p>Per i dettagli completi del prodotto e un elenco completo dei relativi download, visitare <a href=\"https:\/\/www.watlow.com\/it-it\/products\/controllers\/power-switching-devices\/din-a-mite-c-power-controller\" target=\"_blank\" rel=\"noopener\">qui<\/a>.<\/p>\n","protected":false},"featured_media":138823,"template":"","meta":{"_acf_changed":false},"product_brand":[],"product_cat":[11809,17712],"product_tag":[],"class_list":{"0":"post-138891","1":"product","2":"type-product","3":"status-publish","4":"has-post-thumbnail","6":"product_cat-power-controllers-it","7":"product_cat-watlow-featured-products-and-software-it","9":"first","10":"instock","11":"shipping-taxable","12":"product-type-simple"},"acf":[],"yoast_head":"<!-- This site is optimized with the Yoast SEO plugin v27.2 - https:\/\/yoast.com\/product\/yoast-seo-wordpress\/ -->\n<title>DIN-A-MITE\u00ae C | Eurotherm Limited<\/title>\n<meta name=\"description\" content=\"%%title%% %%sep%% %%excerpt%%\" \/>\n<meta name=\"robots\" content=\"noindex, nofollow\" \/>\n<meta property=\"og:locale\" content=\"it_IT\" \/>\n<meta property=\"og:type\" content=\"article\" \/>\n<meta property=\"og:title\" content=\"DIN-A-MITE\u00ae C | Eurotherm Limited\" \/>\n<meta property=\"og:description\" content=\"DIN-A-MITE\u00ae C | Il controllore di potenza SCR eroga fino a 80 Ampere in un pacchetto compatto Per tutti i dettagli del prodotto e i relativi download clicca qui.  Per i dettagli completi del prodotto e un elenco completo dei relativi download, visitare qui.\" \/>\n<meta property=\"og:url\" content=\"https:\/\/www.eurotherm.com\/it\/products\/power-control-it\/power-controllers-it\/din-a-mite-c\/\" \/>\n<meta property=\"og:site_name\" content=\"Eurotherm Limited\" \/>\n<meta property=\"article:modified_time\" content=\"2023-01-06T15:08:59+00:00\" \/>\n<meta property=\"og:image\" content=\"https:\/\/www.eurotherm.com\/wp-content\/uploads\/2022\/11\/ps_din_c_480.png\" \/>\n\t<meta property=\"og:image:width\" content=\"480\" \/>\n\t<meta property=\"og:image:height\" content=\"480\" \/>\n\t<meta property=\"og:image:type\" content=\"image\/png\" \/>\n<meta name=\"twitter:card\" content=\"summary_large_image\" \/>\n<meta name=\"twitter:label1\" content=\"Tempo di lettura stimato\" \/>\n\t<meta name=\"twitter:data1\" content=\"1 minuto\" \/>\n<script type=\"application\/ld+json\" class=\"yoast-schema-graph\">{\"@context\":\"https:\/\/schema.org\",\"@graph\":[{\"@type\":\"WebPage\",\"@id\":\"https:\/\/www.eurotherm.com\/it\/products\/power-control-it\/power-controllers-it\/din-a-mite-c\/\",\"url\":\"https:\/\/www.eurotherm.com\/it\/products\/power-control-it\/power-controllers-it\/din-a-mite-c\/\",\"name\":\"DIN-A-MITE\u00ae C | Eurotherm Limited\",\"isPartOf\":{\"@id\":\"https:\/\/www.eurotherm.com\/it\/#website\"},\"primaryImageOfPage\":{\"@id\":\"https:\/\/www.eurotherm.com\/it\/products\/power-control-it\/power-controllers-it\/din-a-mite-c\/#primaryimage\"},\"image\":{\"@id\":\"https:\/\/www.eurotherm.com\/it\/products\/power-control-it\/power-controllers-it\/din-a-mite-c\/#primaryimage\"},\"thumbnailUrl\":\"https:\/\/www.eurotherm.com\/wp-content\/uploads\/2022\/11\/ps_din_c_480.png\",\"datePublished\":\"2022-11-03T09:01:09+00:00\",\"dateModified\":\"2023-01-06T15:08:59+00:00\",\"description\":\"DIN-A-MITE\u00ae C | Il controllore di potenza SCR eroga fino a 80 Ampere in un pacchetto compatto Per tutti i dettagli del prodotto e i relativi download clicca qui. Per i dettagli completi del prodotto e un elenco completo dei relativi download, visitare qui.\",\"breadcrumb\":{\"@id\":\"https:\/\/www.eurotherm.com\/it\/products\/power-control-it\/power-controllers-it\/din-a-mite-c\/#breadcrumb\"},\"inLanguage\":\"it-IT\",\"potentialAction\":[{\"@type\":\"ReadAction\",\"target\":[\"https:\/\/www.eurotherm.com\/it\/products\/power-control-it\/power-controllers-it\/din-a-mite-c\/\"]}]},{\"@type\":\"ImageObject\",\"inLanguage\":\"it-IT\",\"@id\":\"https:\/\/www.eurotherm.com\/it\/products\/power-control-it\/power-controllers-it\/din-a-mite-c\/#primaryimage\",\"url\":\"https:\/\/www.eurotherm.com\/wp-content\/uploads\/2022\/11\/ps_din_c_480.png\",\"contentUrl\":\"https:\/\/www.eurotherm.com\/wp-content\/uploads\/2022\/11\/ps_din_c_480.png\",\"width\":480,\"height\":480},{\"@type\":\"BreadcrumbList\",\"@id\":\"https:\/\/www.eurotherm.com\/it\/products\/power-control-it\/power-controllers-it\/din-a-mite-c\/#breadcrumb\",\"itemListElement\":[{\"@type\":\"ListItem\",\"position\":1,\"name\":\"Home\",\"item\":\"https:\/\/www.eurotherm.com\/it\/\"},{\"@type\":\"ListItem\",\"position\":2,\"name\":\"Product Catalogue\",\"item\":\"https:\/\/www.eurotherm.com\/it\/product-catalogue\/\"},{\"@type\":\"ListItem\",\"position\":3,\"name\":\"Controllo di potenza\",\"item\":\"https:\/\/www.eurotherm.com\/it\/eurotherm-products\/power-control-it\/\"},{\"@type\":\"ListItem\",\"position\":4,\"name\":\"Controllori di potenza\",\"item\":\"https:\/\/www.eurotherm.com\/it\/eurotherm-products\/power-control-it\/power-controllers-it\/\"},{\"@type\":\"ListItem\",\"position\":5,\"name\":\"DIN-A-MITE\u00ae C\"}]},{\"@type\":\"WebSite\",\"@id\":\"https:\/\/www.eurotherm.com\/it\/#website\",\"url\":\"https:\/\/www.eurotherm.com\/it\/\",\"name\":\"Eurotherm Limited\",\"description\":\"Temperature Control, Process Control, Measurement and Data Recording Solutions\",\"potentialAction\":[{\"@type\":\"SearchAction\",\"target\":{\"@type\":\"EntryPoint\",\"urlTemplate\":\"https:\/\/www.eurotherm.com\/it\/?s={search_term_string}\"},\"query-input\":{\"@type\":\"PropertyValueSpecification\",\"valueRequired\":true,\"valueName\":\"search_term_string\"}}],\"inLanguage\":\"it-IT\"}]}<\/script>\n<!-- \/ Yoast SEO plugin. -->","yoast_head_json":{"title":"DIN-A-MITE\u00ae C | Eurotherm Limited","description":"%%title%% %%sep%% %%excerpt%%","robots":{"index":"noindex","follow":"nofollow"},"og_locale":"it_IT","og_type":"article","og_title":"DIN-A-MITE\u00ae C | Eurotherm Limited","og_description":"DIN-A-MITE\u00ae C | Il controllore di potenza SCR eroga fino a 80 Ampere in un pacchetto compatto Per tutti i dettagli del prodotto e i relativi download clicca qui.  Per i dettagli completi del prodotto e un elenco completo dei relativi download, visitare qui.","og_url":"https:\/\/www.eurotherm.com\/it\/products\/power-control-it\/power-controllers-it\/din-a-mite-c\/","og_site_name":"Eurotherm Limited","article_modified_time":"2023-01-06T15:08:59+00:00","og_image":[{"width":480,"height":480,"url":"https:\/\/www.eurotherm.com\/wp-content\/uploads\/2022\/11\/ps_din_c_480.png","type":"image\/png"}],"twitter_card":"summary_large_image","twitter_misc":{"Tempo di lettura stimato":"1 minuto"},"schema":{"@context":"https:\/\/schema.org","@graph":[{"@type":"WebPage","@id":"https:\/\/www.eurotherm.com\/it\/products\/power-control-it\/power-controllers-it\/din-a-mite-c\/","url":"https:\/\/www.eurotherm.com\/it\/products\/power-control-it\/power-controllers-it\/din-a-mite-c\/","name":"DIN-A-MITE\u00ae C | Eurotherm Limited","isPartOf":{"@id":"https:\/\/www.eurotherm.com\/it\/#website"},"primaryImageOfPage":{"@id":"https:\/\/www.eurotherm.com\/it\/products\/power-control-it\/power-controllers-it\/din-a-mite-c\/#primaryimage"},"image":{"@id":"https:\/\/www.eurotherm.com\/it\/products\/power-control-it\/power-controllers-it\/din-a-mite-c\/#primaryimage"},"thumbnailUrl":"https:\/\/www.eurotherm.com\/wp-content\/uploads\/2022\/11\/ps_din_c_480.png","datePublished":"2022-11-03T09:01:09+00:00","dateModified":"2023-01-06T15:08:59+00:00","description":"DIN-A-MITE\u00ae C | Il controllore di potenza SCR eroga fino a 80 Ampere in un pacchetto compatto Per tutti i dettagli del prodotto e i relativi download clicca qui. Per i dettagli completi del prodotto e un elenco completo dei relativi download, visitare qui.","breadcrumb":{"@id":"https:\/\/www.eurotherm.com\/it\/products\/power-control-it\/power-controllers-it\/din-a-mite-c\/#breadcrumb"},"inLanguage":"it-IT","potentialAction":[{"@type":"ReadAction","target":["https:\/\/www.eurotherm.com\/it\/products\/power-control-it\/power-controllers-it\/din-a-mite-c\/"]}]},{"@type":"ImageObject","inLanguage":"it-IT","@id":"https:\/\/www.eurotherm.com\/it\/products\/power-control-it\/power-controllers-it\/din-a-mite-c\/#primaryimage","url":"https:\/\/www.eurotherm.com\/wp-content\/uploads\/2022\/11\/ps_din_c_480.png","contentUrl":"https:\/\/www.eurotherm.com\/wp-content\/uploads\/2022\/11\/ps_din_c_480.png","width":480,"height":480},{"@type":"BreadcrumbList","@id":"https:\/\/www.eurotherm.com\/it\/products\/power-control-it\/power-controllers-it\/din-a-mite-c\/#breadcrumb","itemListElement":[{"@type":"ListItem","position":1,"name":"Home","item":"https:\/\/www.eurotherm.com\/it\/"},{"@type":"ListItem","position":2,"name":"Product Catalogue","item":"https:\/\/www.eurotherm.com\/it\/product-catalogue\/"},{"@type":"ListItem","position":3,"name":"Controllo di potenza","item":"https:\/\/www.eurotherm.com\/it\/eurotherm-products\/power-control-it\/"},{"@type":"ListItem","position":4,"name":"Controllori di potenza","item":"https:\/\/www.eurotherm.com\/it\/eurotherm-products\/power-control-it\/power-controllers-it\/"},{"@type":"ListItem","position":5,"name":"DIN-A-MITE\u00ae C"}]},{"@type":"WebSite","@id":"https:\/\/www.eurotherm.com\/it\/#website","url":"https:\/\/www.eurotherm.com\/it\/","name":"Eurotherm Limited","description":"Temperature Control, Process Control, Measurement and Data Recording Solutions","potentialAction":[{"@type":"SearchAction","target":{"@type":"EntryPoint","urlTemplate":"https:\/\/www.eurotherm.com\/it\/?s={search_term_string}"},"query-input":{"@type":"PropertyValueSpecification","valueRequired":true,"valueName":"search_term_string"}}],"inLanguage":"it-IT"}]}},"ACF":{"product_file":[138830,138829,138790,138791]},"jetpack_sharing_enabled":true,"_links":{"self":[{"href":"https:\/\/www.eurotherm.com\/it\/wp-json\/wp\/v2\/product\/138891","targetHints":{"allow":["GET"]}}],"collection":[{"href":"https:\/\/www.eurotherm.com\/it\/wp-json\/wp\/v2\/product"}],"about":[{"href":"https:\/\/www.eurotherm.com\/it\/wp-json\/wp\/v2\/types\/product"}],"wp:featuredmedia":[{"embeddable":true,"href":"https:\/\/www.eurotherm.com\/it\/wp-json\/wp\/v2\/media\/138823"}],"wp:attachment":[{"href":"https:\/\/www.eurotherm.com\/it\/wp-json\/wp\/v2\/media?parent=138891"}],"wp:term":[{"taxonomy":"product_brand","embeddable":true,"href":"https:\/\/www.eurotherm.com\/it\/wp-json\/wp\/v2\/product_brand?post=138891"},{"taxonomy":"product_cat","embeddable":true,"href":"https:\/\/www.eurotherm.com\/it\/wp-json\/wp\/v2\/product_cat?post=138891"},{"taxonomy":"product_tag","embeddable":true,"href":"https:\/\/www.eurotherm.com\/it\/wp-json\/wp\/v2\/product_tag?post=138891"}],"curies":[{"name":"wp","href":"https:\/\/api.w.org\/{rel}","templated":true}]}}