{"id":138517,"date":"2022-11-02T16:48:16","date_gmt":"2022-11-02T08:48:16","guid":{"rendered":"https:\/\/eurothermdev.co.uk\/products\/senza-categoria\/pm-plus-pid-integrated-limit-controller\/"},"modified":"2025-05-23T23:17:37","modified_gmt":"2025-05-23T15:17:37","slug":"pm-plus-pid-integrated-limit-controller","status":"publish","type":"product","link":"https:\/\/www.eurotherm.com\/it\/products\/temperature-controllers-it\/multi-loop-temperature-controllers-it\/pm-plus-pid-integrated-limit-controller\/","title":{"rendered":"PM PLUS\u2122 PID e controllore di limite integrato"},"content":{"rendered":"<p>PM PLUS\u2122 di Watlow, il sistema EZ-ZONE\u00ae PM potenziato, \u00e8 ora pi\u00f9 intuitivo e dotato di un&#8217;interfaccia migliorata per una programmazione e una leggibilit\u00e0 pi\u00f9 semplici con una tastiera SMOOTH-TOUCH\u2122 che crea un&#8217;esperienza utente avanzata. PM PLUS \u00e8 retrocompatibile con i controllori EZ-ZONE PM legacy, ma offre molti aggiornamenti per l&#8217;utente, tra cui un menu intuitivo che consente di configurare facilmente il controllore. Inoltre, continua a offrire la connettivit\u00e0 Bluetooth\u00ae di qualit\u00e0 con l&#8217;app mobile EZ-LINK\u2122 per la funzionalit\u00e0 di accesso remoto e la descrizione completa dei parametri e dei codici di errore. Il PM PLUS migliora l&#8217;esperienza utente riducendo la complessit\u00e0 nella parte anteriore del controllo ed eliminando la dipendenza dei cavi durante la configurazione del prodotto. Come l&#8217;EZ-ZONE PM originale, il PM PLUS pu\u00f2 essere ordinato come controllore PID o come controllore integrato con pi\u00f9 funzioni combinate in una. Tutti i modelli PM PLUS sono multi-loop PID, ad esclusione di PM6 PLUS (solo single-loop).<\/p>\n<p>Per i dettagli completi del prodotto e un elenco completo dei relativi download, visitare <a href=\"https:\/\/www.watlow.com\/it-it\/products\/controllers\/temperature-and-process-controllers\/pm-plus\" target=\"_blank\" rel=\"noopener\">qui<\/a>.<\/p>\n","protected":false},"excerpt":{"rendered":"<h3 class=\"green-title\">PM PLUS\u2122 di Watlow migliora l\u2019esperienza utente con un\u2019interfaccia che consente una facile configurazione<\/h3>\n<p>https:\/\/www.youtube.com\/watch?v=8_Chkup6L3M<\/p>\n","protected":false},"featured_media":158827,"template":"","meta":{"_acf_changed":false},"product_brand":[],"product_cat":[11384,11405,17712],"product_tag":[],"class_list":{"0":"post-138517","1":"product","2":"type-product","3":"status-publish","4":"has-post-thumbnail","6":"product_cat-multi-loop-temperature-controllers-it","7":"product_cat-single-loop-temperature-controllers-it","8":"product_cat-watlow-featured-products-and-software-it","10":"first","11":"instock","12":"shipping-taxable","13":"product-type-simple"},"acf":[],"yoast_head":"<!-- This site is optimized with the Yoast SEO plugin v27.2 - https:\/\/yoast.com\/product\/yoast-seo-wordpress\/ -->\n<title>PM PLUS\u2122 PID e controllore di limite integrato | Eurotherm Limited<\/title>\n<meta name=\"description\" content=\"%%title%% %%sep%% %%excerpt%%\" \/>\n<meta name=\"robots\" content=\"noindex, nofollow\" \/>\n<meta property=\"og:locale\" content=\"it_IT\" \/>\n<meta property=\"og:type\" content=\"article\" \/>\n<meta property=\"og:title\" content=\"PM PLUS\u2122 PID e controllore di limite integrato | Eurotherm Limited\" \/>\n<meta property=\"og:description\" content=\"PM PLUS\u2122 PID e controllore di limite integrato | PM PLUS\u2122 di Watlow migliora l\u2019esperienza utente con un\u2019interfaccia che consente una facile configurazione https:\/\/www.youtube.com\/watch?v=8_Chkup6L3M\" \/>\n<meta property=\"og:url\" content=\"https:\/\/www.eurotherm.com\/it\/products\/temperature-controllers-it\/multi-loop-temperature-controllers-it\/pm-plus-pid-integrated-limit-controller\/\" \/>\n<meta property=\"og:site_name\" content=\"Eurotherm Limited\" \/>\n<meta property=\"article:modified_time\" content=\"2025-05-23T15:17:37+00:00\" \/>\n<meta property=\"og:image\" content=\"https:\/\/www.eurotherm.com\/wp-content\/uploads\/2022\/11\/PM-PLUS-4_left-face.png\" \/>\n\t<meta property=\"og:image:width\" content=\"500\" \/>\n\t<meta property=\"og:image:height\" content=\"443\" \/>\n\t<meta property=\"og:image:type\" content=\"image\/png\" \/>\n<meta name=\"twitter:card\" content=\"summary_large_image\" \/>\n<meta name=\"twitter:label1\" content=\"Tempo di lettura stimato\" \/>\n\t<meta name=\"twitter:data1\" content=\"1 minuto\" \/>\n<script type=\"application\/ld+json\" class=\"yoast-schema-graph\">{\"@context\":\"https:\/\/schema.org\",\"@graph\":[{\"@type\":\"WebPage\",\"@id\":\"https:\/\/www.eurotherm.com\/it\/products\/temperature-controllers-it\/multi-loop-temperature-controllers-it\/pm-plus-pid-integrated-limit-controller\/\",\"url\":\"https:\/\/www.eurotherm.com\/it\/products\/temperature-controllers-it\/multi-loop-temperature-controllers-it\/pm-plus-pid-integrated-limit-controller\/\",\"name\":\"PM PLUS\u2122 PID e controllore di limite integrato | Eurotherm Limited\",\"isPartOf\":{\"@id\":\"https:\/\/www.eurotherm.com\/it\/#website\"},\"primaryImageOfPage\":{\"@id\":\"https:\/\/www.eurotherm.com\/it\/products\/temperature-controllers-it\/multi-loop-temperature-controllers-it\/pm-plus-pid-integrated-limit-controller\/#primaryimage\"},\"image\":{\"@id\":\"https:\/\/www.eurotherm.com\/it\/products\/temperature-controllers-it\/multi-loop-temperature-controllers-it\/pm-plus-pid-integrated-limit-controller\/#primaryimage\"},\"thumbnailUrl\":\"https:\/\/www.eurotherm.com\/wp-content\/uploads\/2022\/11\/PM-PLUS-4_left-face.png\",\"datePublished\":\"2022-11-02T08:48:16+00:00\",\"dateModified\":\"2025-05-23T15:17:37+00:00\",\"description\":\"PM PLUS\u2122 PID e controllore di limite integrato | PM PLUS\u2122 di Watlow migliora l\u2019esperienza utente con un\u2019interfaccia che consente una facile configurazione https:\/\/www.youtube.com\/watch?v=8_Chkup6L3M\",\"breadcrumb\":{\"@id\":\"https:\/\/www.eurotherm.com\/it\/products\/temperature-controllers-it\/multi-loop-temperature-controllers-it\/pm-plus-pid-integrated-limit-controller\/#breadcrumb\"},\"inLanguage\":\"it-IT\",\"potentialAction\":[{\"@type\":\"ReadAction\",\"target\":[\"https:\/\/www.eurotherm.com\/it\/products\/temperature-controllers-it\/multi-loop-temperature-controllers-it\/pm-plus-pid-integrated-limit-controller\/\"]}]},{\"@type\":\"ImageObject\",\"inLanguage\":\"it-IT\",\"@id\":\"https:\/\/www.eurotherm.com\/it\/products\/temperature-controllers-it\/multi-loop-temperature-controllers-it\/pm-plus-pid-integrated-limit-controller\/#primaryimage\",\"url\":\"https:\/\/www.eurotherm.com\/wp-content\/uploads\/2022\/11\/PM-PLUS-4_left-face.png\",\"contentUrl\":\"https:\/\/www.eurotherm.com\/wp-content\/uploads\/2022\/11\/PM-PLUS-4_left-face.png\",\"width\":500,\"height\":443},{\"@type\":\"BreadcrumbList\",\"@id\":\"https:\/\/www.eurotherm.com\/it\/products\/temperature-controllers-it\/multi-loop-temperature-controllers-it\/pm-plus-pid-integrated-limit-controller\/#breadcrumb\",\"itemListElement\":[{\"@type\":\"ListItem\",\"position\":1,\"name\":\"Home\",\"item\":\"https:\/\/www.eurotherm.com\/it\/\"},{\"@type\":\"ListItem\",\"position\":2,\"name\":\"Product Catalogue\",\"item\":\"https:\/\/www.eurotherm.com\/it\/product-catalogue\/\"},{\"@type\":\"ListItem\",\"position\":3,\"name\":\"Regolatori di Temperatura\",\"item\":\"https:\/\/www.eurotherm.com\/it\/eurotherm-products\/temperature-controllers-it\/\"},{\"@type\":\"ListItem\",\"position\":4,\"name\":\"Regolatori Multi-loop\",\"item\":\"https:\/\/www.eurotherm.com\/it\/eurotherm-products\/temperature-controllers-it\/multi-loop-temperature-controllers-it\/\"},{\"@type\":\"ListItem\",\"position\":5,\"name\":\"PM PLUS\u2122 PID e controllore di limite integrato\"}]},{\"@type\":\"WebSite\",\"@id\":\"https:\/\/www.eurotherm.com\/it\/#website\",\"url\":\"https:\/\/www.eurotherm.com\/it\/\",\"name\":\"Eurotherm Limited\",\"description\":\"Temperature Control, Process Control, Measurement and Data Recording Solutions\",\"potentialAction\":[{\"@type\":\"SearchAction\",\"target\":{\"@type\":\"EntryPoint\",\"urlTemplate\":\"https:\/\/www.eurotherm.com\/it\/?s={search_term_string}\"},\"query-input\":{\"@type\":\"PropertyValueSpecification\",\"valueRequired\":true,\"valueName\":\"search_term_string\"}}],\"inLanguage\":\"it-IT\"}]}<\/script>\n<!-- \/ Yoast SEO plugin. -->","yoast_head_json":{"title":"PM PLUS\u2122 PID e controllore di limite integrato | Eurotherm Limited","description":"%%title%% %%sep%% %%excerpt%%","robots":{"index":"noindex","follow":"nofollow"},"og_locale":"it_IT","og_type":"article","og_title":"PM PLUS\u2122 PID e controllore di limite integrato | Eurotherm Limited","og_description":"PM PLUS\u2122 PID e controllore di limite integrato | PM PLUS\u2122 di Watlow migliora l\u2019esperienza utente con un\u2019interfaccia che consente una facile configurazione https:\/\/www.youtube.com\/watch?v=8_Chkup6L3M","og_url":"https:\/\/www.eurotherm.com\/it\/products\/temperature-controllers-it\/multi-loop-temperature-controllers-it\/pm-plus-pid-integrated-limit-controller\/","og_site_name":"Eurotherm Limited","article_modified_time":"2025-05-23T15:17:37+00:00","og_image":[{"width":500,"height":443,"url":"https:\/\/www.eurotherm.com\/wp-content\/uploads\/2022\/11\/PM-PLUS-4_left-face.png","type":"image\/png"}],"twitter_card":"summary_large_image","twitter_misc":{"Tempo di lettura stimato":"1 minuto"},"schema":{"@context":"https:\/\/schema.org","@graph":[{"@type":"WebPage","@id":"https:\/\/www.eurotherm.com\/it\/products\/temperature-controllers-it\/multi-loop-temperature-controllers-it\/pm-plus-pid-integrated-limit-controller\/","url":"https:\/\/www.eurotherm.com\/it\/products\/temperature-controllers-it\/multi-loop-temperature-controllers-it\/pm-plus-pid-integrated-limit-controller\/","name":"PM PLUS\u2122 PID e controllore di limite integrato | Eurotherm Limited","isPartOf":{"@id":"https:\/\/www.eurotherm.com\/it\/#website"},"primaryImageOfPage":{"@id":"https:\/\/www.eurotherm.com\/it\/products\/temperature-controllers-it\/multi-loop-temperature-controllers-it\/pm-plus-pid-integrated-limit-controller\/#primaryimage"},"image":{"@id":"https:\/\/www.eurotherm.com\/it\/products\/temperature-controllers-it\/multi-loop-temperature-controllers-it\/pm-plus-pid-integrated-limit-controller\/#primaryimage"},"thumbnailUrl":"https:\/\/www.eurotherm.com\/wp-content\/uploads\/2022\/11\/PM-PLUS-4_left-face.png","datePublished":"2022-11-02T08:48:16+00:00","dateModified":"2025-05-23T15:17:37+00:00","description":"PM PLUS\u2122 PID e controllore di limite integrato | PM PLUS\u2122 di Watlow migliora l\u2019esperienza utente con un\u2019interfaccia che consente una facile configurazione https:\/\/www.youtube.com\/watch?v=8_Chkup6L3M","breadcrumb":{"@id":"https:\/\/www.eurotherm.com\/it\/products\/temperature-controllers-it\/multi-loop-temperature-controllers-it\/pm-plus-pid-integrated-limit-controller\/#breadcrumb"},"inLanguage":"it-IT","potentialAction":[{"@type":"ReadAction","target":["https:\/\/www.eurotherm.com\/it\/products\/temperature-controllers-it\/multi-loop-temperature-controllers-it\/pm-plus-pid-integrated-limit-controller\/"]}]},{"@type":"ImageObject","inLanguage":"it-IT","@id":"https:\/\/www.eurotherm.com\/it\/products\/temperature-controllers-it\/multi-loop-temperature-controllers-it\/pm-plus-pid-integrated-limit-controller\/#primaryimage","url":"https:\/\/www.eurotherm.com\/wp-content\/uploads\/2022\/11\/PM-PLUS-4_left-face.png","contentUrl":"https:\/\/www.eurotherm.com\/wp-content\/uploads\/2022\/11\/PM-PLUS-4_left-face.png","width":500,"height":443},{"@type":"BreadcrumbList","@id":"https:\/\/www.eurotherm.com\/it\/products\/temperature-controllers-it\/multi-loop-temperature-controllers-it\/pm-plus-pid-integrated-limit-controller\/#breadcrumb","itemListElement":[{"@type":"ListItem","position":1,"name":"Home","item":"https:\/\/www.eurotherm.com\/it\/"},{"@type":"ListItem","position":2,"name":"Product Catalogue","item":"https:\/\/www.eurotherm.com\/it\/product-catalogue\/"},{"@type":"ListItem","position":3,"name":"Regolatori di Temperatura","item":"https:\/\/www.eurotherm.com\/it\/eurotherm-products\/temperature-controllers-it\/"},{"@type":"ListItem","position":4,"name":"Regolatori Multi-loop","item":"https:\/\/www.eurotherm.com\/it\/eurotherm-products\/temperature-controllers-it\/multi-loop-temperature-controllers-it\/"},{"@type":"ListItem","position":5,"name":"PM PLUS\u2122 PID e controllore di limite integrato"}]},{"@type":"WebSite","@id":"https:\/\/www.eurotherm.com\/it\/#website","url":"https:\/\/www.eurotherm.com\/it\/","name":"Eurotherm Limited","description":"Temperature Control, Process Control, Measurement and Data Recording Solutions","potentialAction":[{"@type":"SearchAction","target":{"@type":"EntryPoint","urlTemplate":"https:\/\/www.eurotherm.com\/it\/?s={search_term_string}"},"query-input":{"@type":"PropertyValueSpecification","valueRequired":true,"valueName":"search_term_string"}}],"inLanguage":"it-IT"}]}},"ACF":{"product_file":[138278,138279,138280],"product_status":"Active Product","enable_watlow_configurator":false,"watlow_product_type":"Single","watlow_configurator_link":"https:\/\/www.watlow.com\/Products\/Controllers\/Temperature-and-Process-Controllers\/PM-PLUS?econfig=123 "},"jetpack_sharing_enabled":true,"_links":{"self":[{"href":"https:\/\/www.eurotherm.com\/it\/wp-json\/wp\/v2\/product\/138517","targetHints":{"allow":["GET"]}}],"collection":[{"href":"https:\/\/www.eurotherm.com\/it\/wp-json\/wp\/v2\/product"}],"about":[{"href":"https:\/\/www.eurotherm.com\/it\/wp-json\/wp\/v2\/types\/product"}],"wp:featuredmedia":[{"embeddable":true,"href":"https:\/\/www.eurotherm.com\/it\/wp-json\/wp\/v2\/media\/158827"}],"wp:attachment":[{"href":"https:\/\/www.eurotherm.com\/it\/wp-json\/wp\/v2\/media?parent=138517"}],"wp:term":[{"taxonomy":"product_brand","embeddable":true,"href":"https:\/\/www.eurotherm.com\/it\/wp-json\/wp\/v2\/product_brand?post=138517"},{"taxonomy":"product_cat","embeddable":true,"href":"https:\/\/www.eurotherm.com\/it\/wp-json\/wp\/v2\/product_cat?post=138517"},{"taxonomy":"product_tag","embeddable":true,"href":"https:\/\/www.eurotherm.com\/it\/wp-json\/wp\/v2\/product_tag?post=138517"}],"curies":[{"name":"wp","href":"https:\/\/api.w.org\/{rel}","templated":true}]}}