{"id":138490,"date":"2022-11-02T16:56:34","date_gmt":"2022-11-02T08:56:34","guid":{"rendered":"https:\/\/eurothermdev.co.uk\/products\/senza-categoria\/din-a-mite-a\/"},"modified":"2023-01-06T22:57:25","modified_gmt":"2023-01-06T14:57:25","slug":"din-a-mite-a","status":"publish","type":"product","link":"https:\/\/www.eurotherm.com\/it\/products\/power-control-it\/power-controllers-it\/din-a-mite-a\/","title":{"rendered":"DIN-A-MITE\u00ae A"},"content":{"rendered":"<p>Il controllore del dispositivo di commutazione dell&#8217;alimentazione DIN-A-MITE\u00ae A \u00e8 progettato e prodotto con le caratteristiche di qualit\u00e0 previste da Watlow. Le capacit\u00e0 di DIN-A-MITE A includono la commutazione zero-cross monofase fino a 25 ampere a 600VAC (vedere curva di potenza). Un design integrato unico elimina le congetture associate alla selezione di un dissipatore di calore adeguato e di terminazioni adeguate all&#8217;applicazione. Il montaggio su guida DIN e pannello posteriore \u00e8 standard su questa gamma di dispositivi di commutazione dell&#8217;alimentazione. Anche DIN-A-MITE \u00e8 privo di mercurio. Sono disponibili versioni con base temporale variabile, controllo di processo 4-20mA o contattori di ingresso V CA\/V CC. Tutte le configurazioni dipendono dal numero di modello e sono selezionabili in fabbrica. Questo controllore di potenza include una corrente nominale di cortocircuito (SCCR) di 200KA testata fino a 480VAC per evitare archi elettrici con i fusibili necessari.<\/p>\n","protected":false},"excerpt":{"rendered":"<h3 class=\"green-title\">Il controllore di potenza a stato solido compatto offre grandi prestazioni<\/h3>\n<p>Per tutti i dettagli del prodotto e i relativi download clicca <a href=\"https:\/\/www.watlow.com\/Products\/Controllers\/Power-Switching-Devices\/DIN-A-MITE-A-Power-Controller\" target=\"_blank\" rel=\"noopener\">qui<\/a>.<\/p>\n<p>Per i dettagli completi del prodotto e un elenco completo dei relativi download, visitare <a href=\"https:\/\/www.watlow.com\/it-it\/products\/controllers\/power-switching-devices\/din-a-mite-a-power-controller\" target=\"_blank\" rel=\"noopener\">qui<\/a>.<\/p>\n","protected":false},"featured_media":138392,"template":"","meta":{"_acf_changed":false},"product_brand":[],"product_cat":[11809,17712],"product_tag":[],"class_list":{"0":"post-138490","1":"product","2":"type-product","3":"status-publish","4":"has-post-thumbnail","6":"product_cat-power-controllers-it","7":"product_cat-watlow-featured-products-and-software-it","9":"first","10":"instock","11":"shipping-taxable","12":"product-type-simple"},"acf":[],"yoast_head":"<!-- This site is optimized with the Yoast SEO plugin v27.2 - https:\/\/yoast.com\/product\/yoast-seo-wordpress\/ -->\n<title>DIN-A-MITE\u00ae A | Eurotherm Limited<\/title>\n<meta name=\"description\" content=\"%%title%% %%sep%% %%excerpt%%\" \/>\n<meta name=\"robots\" content=\"noindex, nofollow\" \/>\n<meta property=\"og:locale\" content=\"it_IT\" \/>\n<meta property=\"og:type\" content=\"article\" \/>\n<meta property=\"og:title\" content=\"DIN-A-MITE\u00ae A | Eurotherm Limited\" \/>\n<meta property=\"og:description\" content=\"DIN-A-MITE\u00ae A | Il controllore di potenza a stato solido compatto offre grandi prestazioni Per tutti i dettagli del prodotto e i relativi download clicca qui.  Per i dettagli completi del prodotto e un elenco completo dei relativi download, visitare qui.\" \/>\n<meta property=\"og:url\" content=\"https:\/\/www.eurotherm.com\/it\/products\/power-control-it\/power-controllers-it\/din-a-mite-a\/\" \/>\n<meta property=\"og:site_name\" content=\"Eurotherm Limited\" \/>\n<meta property=\"article:modified_time\" content=\"2023-01-06T14:57:25+00:00\" \/>\n<meta property=\"og:image\" content=\"https:\/\/www.eurotherm.com\/wp-content\/uploads\/2022\/11\/ps_din_a_480.png\" \/>\n\t<meta property=\"og:image:width\" content=\"480\" \/>\n\t<meta property=\"og:image:height\" content=\"480\" \/>\n\t<meta property=\"og:image:type\" content=\"image\/png\" \/>\n<meta name=\"twitter:card\" content=\"summary_large_image\" \/>\n<meta name=\"twitter:label1\" content=\"Tempo di lettura stimato\" \/>\n\t<meta name=\"twitter:data1\" content=\"1 minuto\" \/>\n<script type=\"application\/ld+json\" class=\"yoast-schema-graph\">{\"@context\":\"https:\/\/schema.org\",\"@graph\":[{\"@type\":\"WebPage\",\"@id\":\"https:\/\/www.eurotherm.com\/it\/products\/power-control-it\/power-controllers-it\/din-a-mite-a\/\",\"url\":\"https:\/\/www.eurotherm.com\/it\/products\/power-control-it\/power-controllers-it\/din-a-mite-a\/\",\"name\":\"DIN-A-MITE\u00ae A | Eurotherm Limited\",\"isPartOf\":{\"@id\":\"https:\/\/www.eurotherm.com\/it\/#website\"},\"primaryImageOfPage\":{\"@id\":\"https:\/\/www.eurotherm.com\/it\/products\/power-control-it\/power-controllers-it\/din-a-mite-a\/#primaryimage\"},\"image\":{\"@id\":\"https:\/\/www.eurotherm.com\/it\/products\/power-control-it\/power-controllers-it\/din-a-mite-a\/#primaryimage\"},\"thumbnailUrl\":\"https:\/\/www.eurotherm.com\/wp-content\/uploads\/2022\/11\/ps_din_a_480.png\",\"datePublished\":\"2022-11-02T08:56:34+00:00\",\"dateModified\":\"2023-01-06T14:57:25+00:00\",\"description\":\"DIN-A-MITE\u00ae A | Il controllore di potenza a stato solido compatto offre grandi prestazioni Per tutti i dettagli del prodotto e i relativi download clicca qui. Per i dettagli completi del prodotto e un elenco completo dei relativi download, visitare qui.\",\"breadcrumb\":{\"@id\":\"https:\/\/www.eurotherm.com\/it\/products\/power-control-it\/power-controllers-it\/din-a-mite-a\/#breadcrumb\"},\"inLanguage\":\"it-IT\",\"potentialAction\":[{\"@type\":\"ReadAction\",\"target\":[\"https:\/\/www.eurotherm.com\/it\/products\/power-control-it\/power-controllers-it\/din-a-mite-a\/\"]}]},{\"@type\":\"ImageObject\",\"inLanguage\":\"it-IT\",\"@id\":\"https:\/\/www.eurotherm.com\/it\/products\/power-control-it\/power-controllers-it\/din-a-mite-a\/#primaryimage\",\"url\":\"https:\/\/www.eurotherm.com\/wp-content\/uploads\/2022\/11\/ps_din_a_480.png\",\"contentUrl\":\"https:\/\/www.eurotherm.com\/wp-content\/uploads\/2022\/11\/ps_din_a_480.png\",\"width\":480,\"height\":480},{\"@type\":\"BreadcrumbList\",\"@id\":\"https:\/\/www.eurotherm.com\/it\/products\/power-control-it\/power-controllers-it\/din-a-mite-a\/#breadcrumb\",\"itemListElement\":[{\"@type\":\"ListItem\",\"position\":1,\"name\":\"Home\",\"item\":\"https:\/\/www.eurotherm.com\/it\/\"},{\"@type\":\"ListItem\",\"position\":2,\"name\":\"Product Catalogue\",\"item\":\"https:\/\/www.eurotherm.com\/it\/product-catalogue\/\"},{\"@type\":\"ListItem\",\"position\":3,\"name\":\"Controllo di potenza\",\"item\":\"https:\/\/www.eurotherm.com\/it\/eurotherm-products\/power-control-it\/\"},{\"@type\":\"ListItem\",\"position\":4,\"name\":\"Controllori di potenza\",\"item\":\"https:\/\/www.eurotherm.com\/it\/eurotherm-products\/power-control-it\/power-controllers-it\/\"},{\"@type\":\"ListItem\",\"position\":5,\"name\":\"DIN-A-MITE\u00ae A\"}]},{\"@type\":\"WebSite\",\"@id\":\"https:\/\/www.eurotherm.com\/it\/#website\",\"url\":\"https:\/\/www.eurotherm.com\/it\/\",\"name\":\"Eurotherm Limited\",\"description\":\"Temperature Control, Process Control, Measurement and Data Recording Solutions\",\"potentialAction\":[{\"@type\":\"SearchAction\",\"target\":{\"@type\":\"EntryPoint\",\"urlTemplate\":\"https:\/\/www.eurotherm.com\/it\/?s={search_term_string}\"},\"query-input\":{\"@type\":\"PropertyValueSpecification\",\"valueRequired\":true,\"valueName\":\"search_term_string\"}}],\"inLanguage\":\"it-IT\"}]}<\/script>\n<!-- \/ Yoast SEO plugin. -->","yoast_head_json":{"title":"DIN-A-MITE\u00ae A | Eurotherm Limited","description":"%%title%% %%sep%% %%excerpt%%","robots":{"index":"noindex","follow":"nofollow"},"og_locale":"it_IT","og_type":"article","og_title":"DIN-A-MITE\u00ae A | Eurotherm Limited","og_description":"DIN-A-MITE\u00ae A | Il controllore di potenza a stato solido compatto offre grandi prestazioni Per tutti i dettagli del prodotto e i relativi download clicca qui.  Per i dettagli completi del prodotto e un elenco completo dei relativi download, visitare qui.","og_url":"https:\/\/www.eurotherm.com\/it\/products\/power-control-it\/power-controllers-it\/din-a-mite-a\/","og_site_name":"Eurotherm Limited","article_modified_time":"2023-01-06T14:57:25+00:00","og_image":[{"width":480,"height":480,"url":"https:\/\/www.eurotherm.com\/wp-content\/uploads\/2022\/11\/ps_din_a_480.png","type":"image\/png"}],"twitter_card":"summary_large_image","twitter_misc":{"Tempo di lettura stimato":"1 minuto"},"schema":{"@context":"https:\/\/schema.org","@graph":[{"@type":"WebPage","@id":"https:\/\/www.eurotherm.com\/it\/products\/power-control-it\/power-controllers-it\/din-a-mite-a\/","url":"https:\/\/www.eurotherm.com\/it\/products\/power-control-it\/power-controllers-it\/din-a-mite-a\/","name":"DIN-A-MITE\u00ae A | Eurotherm Limited","isPartOf":{"@id":"https:\/\/www.eurotherm.com\/it\/#website"},"primaryImageOfPage":{"@id":"https:\/\/www.eurotherm.com\/it\/products\/power-control-it\/power-controllers-it\/din-a-mite-a\/#primaryimage"},"image":{"@id":"https:\/\/www.eurotherm.com\/it\/products\/power-control-it\/power-controllers-it\/din-a-mite-a\/#primaryimage"},"thumbnailUrl":"https:\/\/www.eurotherm.com\/wp-content\/uploads\/2022\/11\/ps_din_a_480.png","datePublished":"2022-11-02T08:56:34+00:00","dateModified":"2023-01-06T14:57:25+00:00","description":"DIN-A-MITE\u00ae A | Il controllore di potenza a stato solido compatto offre grandi prestazioni Per tutti i dettagli del prodotto e i relativi download clicca qui. Per i dettagli completi del prodotto e un elenco completo dei relativi download, visitare qui.","breadcrumb":{"@id":"https:\/\/www.eurotherm.com\/it\/products\/power-control-it\/power-controllers-it\/din-a-mite-a\/#breadcrumb"},"inLanguage":"it-IT","potentialAction":[{"@type":"ReadAction","target":["https:\/\/www.eurotherm.com\/it\/products\/power-control-it\/power-controllers-it\/din-a-mite-a\/"]}]},{"@type":"ImageObject","inLanguage":"it-IT","@id":"https:\/\/www.eurotherm.com\/it\/products\/power-control-it\/power-controllers-it\/din-a-mite-a\/#primaryimage","url":"https:\/\/www.eurotherm.com\/wp-content\/uploads\/2022\/11\/ps_din_a_480.png","contentUrl":"https:\/\/www.eurotherm.com\/wp-content\/uploads\/2022\/11\/ps_din_a_480.png","width":480,"height":480},{"@type":"BreadcrumbList","@id":"https:\/\/www.eurotherm.com\/it\/products\/power-control-it\/power-controllers-it\/din-a-mite-a\/#breadcrumb","itemListElement":[{"@type":"ListItem","position":1,"name":"Home","item":"https:\/\/www.eurotherm.com\/it\/"},{"@type":"ListItem","position":2,"name":"Product Catalogue","item":"https:\/\/www.eurotherm.com\/it\/product-catalogue\/"},{"@type":"ListItem","position":3,"name":"Controllo di potenza","item":"https:\/\/www.eurotherm.com\/it\/eurotherm-products\/power-control-it\/"},{"@type":"ListItem","position":4,"name":"Controllori di potenza","item":"https:\/\/www.eurotherm.com\/it\/eurotherm-products\/power-control-it\/power-controllers-it\/"},{"@type":"ListItem","position":5,"name":"DIN-A-MITE\u00ae A"}]},{"@type":"WebSite","@id":"https:\/\/www.eurotherm.com\/it\/#website","url":"https:\/\/www.eurotherm.com\/it\/","name":"Eurotherm Limited","description":"Temperature Control, Process Control, Measurement and Data Recording Solutions","potentialAction":[{"@type":"SearchAction","target":{"@type":"EntryPoint","urlTemplate":"https:\/\/www.eurotherm.com\/it\/?s={search_term_string}"},"query-input":{"@type":"PropertyValueSpecification","valueRequired":true,"valueName":"search_term_string"}}],"inLanguage":"it-IT"}]}},"ACF":{"product_file":[138398,138399,138400,138790,138791]},"jetpack_sharing_enabled":true,"_links":{"self":[{"href":"https:\/\/www.eurotherm.com\/it\/wp-json\/wp\/v2\/product\/138490","targetHints":{"allow":["GET"]}}],"collection":[{"href":"https:\/\/www.eurotherm.com\/it\/wp-json\/wp\/v2\/product"}],"about":[{"href":"https:\/\/www.eurotherm.com\/it\/wp-json\/wp\/v2\/types\/product"}],"wp:featuredmedia":[{"embeddable":true,"href":"https:\/\/www.eurotherm.com\/it\/wp-json\/wp\/v2\/media\/138392"}],"wp:attachment":[{"href":"https:\/\/www.eurotherm.com\/it\/wp-json\/wp\/v2\/media?parent=138490"}],"wp:term":[{"taxonomy":"product_brand","embeddable":true,"href":"https:\/\/www.eurotherm.com\/it\/wp-json\/wp\/v2\/product_brand?post=138490"},{"taxonomy":"product_cat","embeddable":true,"href":"https:\/\/www.eurotherm.com\/it\/wp-json\/wp\/v2\/product_cat?post=138490"},{"taxonomy":"product_tag","embeddable":true,"href":"https:\/\/www.eurotherm.com\/it\/wp-json\/wp\/v2\/product_tag?post=138490"}],"curies":[{"name":"wp","href":"https:\/\/api.w.org\/{rel}","templated":true}]}}