{"id":72493,"date":"2018-11-23T10:26:35","date_gmt":"2018-11-23T10:26:35","guid":{"rendered":"https:\/\/www.eurotherm.com\/service-level-agreements-sla\/"},"modified":"2020-12-04T18:08:26","modified_gmt":"2020-12-04T10:08:26","slug":"service-level-agreements-sla","status":"publish","type":"page","link":"https:\/\/www.eurotherm.com\/it\/services\/service-level-agreements-sla\/","title":{"rendered":"Contratti di Service"},"content":{"rendered":"","protected":false},"excerpt":{"rendered":"","protected":false},"author":3,"featured_media":49665,"parent":72603,"menu_order":0,"comment_status":"closed","ping_status":"closed","template":"","meta":{"_acf_changed":false,"footnotes":""},"class_list":["post-72493","page","type-page","status-publish","has-post-thumbnail","hentry"],"acf":[],"yoast_head":"<!-- This site is optimized with the Yoast SEO plugin v27.2 - https:\/\/yoast.com\/product\/yoast-seo-wordpress\/ -->\n<title>Contratti di Service | Eurotherm Limited<\/title>\n<meta name=\"description\" content=\"Contratti di Service | Eurotherm\" \/>\n<meta name=\"robots\" content=\"index, follow, max-snippet:-1, max-image-preview:large, max-video-preview:-1\" \/>\n<meta property=\"og:locale\" content=\"it_IT\" \/>\n<meta property=\"og:type\" content=\"article\" \/>\n<meta property=\"og:title\" content=\"Contratti di Service | Eurotherm Limited\" \/>\n<meta property=\"og:url\" content=\"https:\/\/www.eurotherm.com\/it\/services\/service-level-agreements-sla\/\" \/>\n<meta property=\"og:site_name\" content=\"Eurotherm Limited\" \/>\n<meta property=\"article:modified_time\" content=\"2020-12-04T10:08:26+00:00\" \/>\n<meta property=\"og:image\" content=\"https:\/\/www.eurotherm.com\/wp-content\/uploads\/2018\/11\/CF_Support2-2.jpg\" \/>\n\t<meta property=\"og:image:width\" content=\"558\" \/>\n\t<meta property=\"og:image:height\" content=\"628\" \/>\n\t<meta property=\"og:image:type\" content=\"image\/jpeg\" \/>\n<meta name=\"twitter:card\" content=\"summary_large_image\" \/>\n<script type=\"application\/ld+json\" class=\"yoast-schema-graph\">{\"@context\":\"https:\/\/schema.org\",\"@graph\":[{\"@type\":\"WebPage\",\"@id\":\"https:\/\/www.eurotherm.com\/it\/services\/service-level-agreements-sla\/\",\"url\":\"https:\/\/www.eurotherm.com\/it\/services\/service-level-agreements-sla\/\",\"name\":\"Contratti di Service | Eurotherm Limited\",\"isPartOf\":{\"@id\":\"https:\/\/www.eurotherm.com\/it\/#website\"},\"primaryImageOfPage\":{\"@id\":\"https:\/\/www.eurotherm.com\/it\/services\/service-level-agreements-sla\/#primaryimage\"},\"image\":{\"@id\":\"https:\/\/www.eurotherm.com\/it\/services\/service-level-agreements-sla\/#primaryimage\"},\"thumbnailUrl\":\"https:\/\/www.eurotherm.com\/wp-content\/uploads\/2018\/11\/CF_Support2-2.jpg\",\"datePublished\":\"2018-11-23T10:26:35+00:00\",\"dateModified\":\"2020-12-04T10:08:26+00:00\",\"breadcrumb\":{\"@id\":\"https:\/\/www.eurotherm.com\/it\/services\/service-level-agreements-sla\/#breadcrumb\"},\"inLanguage\":\"it-IT\",\"potentialAction\":[{\"@type\":\"ReadAction\",\"target\":[\"https:\/\/www.eurotherm.com\/it\/services\/service-level-agreements-sla\/\"]}]},{\"@type\":\"ImageObject\",\"inLanguage\":\"it-IT\",\"@id\":\"https:\/\/www.eurotherm.com\/it\/services\/service-level-agreements-sla\/#primaryimage\",\"url\":\"https:\/\/www.eurotherm.com\/wp-content\/uploads\/2018\/11\/CF_Support2-2.jpg\",\"contentUrl\":\"https:\/\/www.eurotherm.com\/wp-content\/uploads\/2018\/11\/CF_Support2-2.jpg\",\"width\":558,\"height\":628},{\"@type\":\"BreadcrumbList\",\"@id\":\"https:\/\/www.eurotherm.com\/it\/services\/service-level-agreements-sla\/#breadcrumb\",\"itemListElement\":[{\"@type\":\"ListItem\",\"position\":1,\"name\":\"Home\",\"item\":\"https:\/\/www.eurotherm.com\/it\/\"},{\"@type\":\"ListItem\",\"position\":2,\"name\":\"Servizi di Automazione Industriale\",\"item\":\"https:\/\/www.eurotherm.com\/it\/services\/\"},{\"@type\":\"ListItem\",\"position\":3,\"name\":\"Contratti di Service\"}]},{\"@type\":\"WebSite\",\"@id\":\"https:\/\/www.eurotherm.com\/it\/#website\",\"url\":\"https:\/\/www.eurotherm.com\/it\/\",\"name\":\"Eurotherm Limited\",\"description\":\"Temperature Control, Process Control, Measurement and Data Recording Solutions\",\"potentialAction\":[{\"@type\":\"SearchAction\",\"target\":{\"@type\":\"EntryPoint\",\"urlTemplate\":\"https:\/\/www.eurotherm.com\/it\/?s={search_term_string}\"},\"query-input\":{\"@type\":\"PropertyValueSpecification\",\"valueRequired\":true,\"valueName\":\"search_term_string\"}}],\"inLanguage\":\"it-IT\"}]}<\/script>\n<!-- \/ Yoast SEO plugin. -->","yoast_head_json":{"title":"Contratti di Service | Eurotherm Limited","description":"Contratti di Service | Eurotherm","robots":{"index":"index","follow":"follow","max-snippet":"max-snippet:-1","max-image-preview":"max-image-preview:large","max-video-preview":"max-video-preview:-1"},"og_locale":"it_IT","og_type":"article","og_title":"Contratti di Service | Eurotherm Limited","og_url":"https:\/\/www.eurotherm.com\/it\/services\/service-level-agreements-sla\/","og_site_name":"Eurotherm Limited","article_modified_time":"2020-12-04T10:08:26+00:00","og_image":[{"width":558,"height":628,"url":"https:\/\/www.eurotherm.com\/wp-content\/uploads\/2018\/11\/CF_Support2-2.jpg","type":"image\/jpeg"}],"twitter_card":"summary_large_image","schema":{"@context":"https:\/\/schema.org","@graph":[{"@type":"WebPage","@id":"https:\/\/www.eurotherm.com\/it\/services\/service-level-agreements-sla\/","url":"https:\/\/www.eurotherm.com\/it\/services\/service-level-agreements-sla\/","name":"Contratti di Service | Eurotherm Limited","isPartOf":{"@id":"https:\/\/www.eurotherm.com\/it\/#website"},"primaryImageOfPage":{"@id":"https:\/\/www.eurotherm.com\/it\/services\/service-level-agreements-sla\/#primaryimage"},"image":{"@id":"https:\/\/www.eurotherm.com\/it\/services\/service-level-agreements-sla\/#primaryimage"},"thumbnailUrl":"https:\/\/www.eurotherm.com\/wp-content\/uploads\/2018\/11\/CF_Support2-2.jpg","datePublished":"2018-11-23T10:26:35+00:00","dateModified":"2020-12-04T10:08:26+00:00","breadcrumb":{"@id":"https:\/\/www.eurotherm.com\/it\/services\/service-level-agreements-sla\/#breadcrumb"},"inLanguage":"it-IT","potentialAction":[{"@type":"ReadAction","target":["https:\/\/www.eurotherm.com\/it\/services\/service-level-agreements-sla\/"]}]},{"@type":"ImageObject","inLanguage":"it-IT","@id":"https:\/\/www.eurotherm.com\/it\/services\/service-level-agreements-sla\/#primaryimage","url":"https:\/\/www.eurotherm.com\/wp-content\/uploads\/2018\/11\/CF_Support2-2.jpg","contentUrl":"https:\/\/www.eurotherm.com\/wp-content\/uploads\/2018\/11\/CF_Support2-2.jpg","width":558,"height":628},{"@type":"BreadcrumbList","@id":"https:\/\/www.eurotherm.com\/it\/services\/service-level-agreements-sla\/#breadcrumb","itemListElement":[{"@type":"ListItem","position":1,"name":"Home","item":"https:\/\/www.eurotherm.com\/it\/"},{"@type":"ListItem","position":2,"name":"Servizi di Automazione Industriale","item":"https:\/\/www.eurotherm.com\/it\/services\/"},{"@type":"ListItem","position":3,"name":"Contratti di Service"}]},{"@type":"WebSite","@id":"https:\/\/www.eurotherm.com\/it\/#website","url":"https:\/\/www.eurotherm.com\/it\/","name":"Eurotherm Limited","description":"Temperature Control, Process Control, Measurement and Data Recording Solutions","potentialAction":[{"@type":"SearchAction","target":{"@type":"EntryPoint","urlTemplate":"https:\/\/www.eurotherm.com\/it\/?s={search_term_string}"},"query-input":{"@type":"PropertyValueSpecification","valueRequired":true,"valueName":"search_term_string"}}],"inLanguage":"it-IT"}]}},"ACF":{"flexible_content":[{"acf_fc_layout":"full_width_image_header","header_textarea":"<h1>Contratti di Service<\/h1>\n<p>Migliora il ritorno sull&#8217;investimento con servizi ad hoc per l&#8217;intero ciclo di vita del sistema<\/p>\n","background_image":{"ID":67739,"id":67739,"title":"Eurotherm-Training-sapplication-support","filename":"Eurotherm-Training-sapplication-support.jpg","filesize":172180,"url":"https:\/\/www.eurotherm.com\/wp-content\/uploads\/2019\/04\/Eurotherm-Training-sapplication-support.jpg","link":"https:\/\/www.eurotherm.com\/it\/support\/attachment\/eurotherm-training-sapplication-support-2\/","alt":"","author":"3","description":"","caption":"","name":"eurotherm-training-sapplication-support-2","status":"inherit","uploaded_to":72003,"date":"2019-04-11 06:38:18","modified":"2019-04-11 06:38:18","menu_order":0,"mime_type":"image\/jpeg","type":"image","subtype":"jpeg","icon":"https:\/\/www.eurotherm.com\/wp-includes\/images\/media\/default.png","width":1920,"height":450,"sizes":{"thumbnail":"https:\/\/www.eurotherm.com\/wp-content\/uploads\/2019\/04\/Eurotherm-Training-sapplication-support-150x150.jpg","thumbnail-width":150,"thumbnail-height":150,"medium":"https:\/\/www.eurotherm.com\/wp-content\/uploads\/2019\/04\/Eurotherm-Training-sapplication-support-300x70.jpg","medium-width":300,"medium-height":70,"medium_large":"https:\/\/www.eurotherm.com\/wp-content\/uploads\/2019\/04\/Eurotherm-Training-sapplication-support-768x180.jpg","medium_large-width":768,"medium_large-height":180,"large":"https:\/\/www.eurotherm.com\/wp-content\/uploads\/2019\/04\/Eurotherm-Training-sapplication-support-1024x240.jpg","large-width":1024,"large-height":240,"1536x1536":"https:\/\/www.eurotherm.com\/wp-content\/uploads\/2019\/04\/Eurotherm-Training-sapplication-support.jpg","1536x1536-width":1536,"1536x1536-height":360,"2048x2048":"https:\/\/www.eurotherm.com\/wp-content\/uploads\/2019\/04\/Eurotherm-Training-sapplication-support.jpg","2048x2048-width":1920,"2048x2048-height":450,"woocommerce_thumbnail":"https:\/\/www.eurotherm.com\/wp-content\/uploads\/2019\/04\/Eurotherm-Training-sapplication-support-300x300.jpg","woocommerce_thumbnail-width":300,"woocommerce_thumbnail-height":300,"woocommerce_single":"https:\/\/www.eurotherm.com\/wp-content\/uploads\/2019\/04\/Eurotherm-Training-sapplication-support-600x141.jpg","woocommerce_single-width":600,"woocommerce_single-height":141,"woocommerce_gallery_thumbnail":"https:\/\/www.eurotherm.com\/wp-content\/uploads\/2019\/04\/Eurotherm-Training-sapplication-support-100x100.jpg","woocommerce_gallery_thumbnail-width":100,"woocommerce_gallery_thumbnail-height":100}},"header_buttons":false},{"acf_fc_layout":"full_width_text_block","full_text_block":"<h2>Scegli un partner strategico per la vita<\/h2>\n<p><strong>Perch\u00e9 dovresti prendere in considerazione un contratto di service?<\/strong><\/p>\n<p>I contratti di service sono progettati per ridurre i tempi di fermo impianto e i costi di manutenzione e per incrementare la disponibilit\u00e0 del sistema. Aiutano a diminuire i costi complessivi di esercizio esaminando e tenendo conto delle criticit\u00e0 del sistema.<\/p>\n","button_link":"","button_text":"","remove_top_margin":false,"remove_bottom_margin":false},{"acf_fc_layout":"half_text_-_half_image","textarea":"<h2>I contratti di Service Eurotherm<\/h2>\n<p>I contratti di service sono personalizzabili a livello di singoli servizi. Possono includere:<\/p>\n<ul>\n<li>Rapidit\u00e0 di risposta<\/li>\n<li>Parti di ricambio e garanzie<\/li>\n<li>Manutenzione preventiva<\/li>\n<li>Diagnostica da remoto<\/li>\n<li>Supporto tecnico in campo<\/li>\n<\/ul>\n<p>Le nostre competenze comprendono:<\/p>\n<ul>\n<li>Controllo di processo e automazione<\/li>\n<li>Gestione dei dati<\/li>\n<li>Gestione della potenza<\/li>\n<li>Comunicazione<\/li>\n<li>Sicurezza informatica<\/li>\n<li>Conformit\u00e0 a regolamentazioni industriali<\/li>\n<\/ul>\n<p>Scegliere Eurotherm come partner strategico pu\u00f2 aiutarti a soddisfare al meglio le esigenze nel corso dell\u2019intero ciclo di vita del sistema e anche oltre.<\/p>\n","lay_seven_button_link":"","lay_seven_button_text":"","limage":{"ID":102035,"id":102035,"title":"heating engineers on site","filename":"iStock-1188291568-modified-green-helmets.jpg","filesize":871206,"url":"https:\/\/www.eurotherm.com\/wp-content\/uploads\/2020\/11\/iStock-1188291568-modified-green-helmets.jpg","link":"https:\/\/www.eurotherm.com\/it\/services\/service-level-agreements-sla\/attachment\/heating-engineers-on-site-2\/","alt":"","author":"4","description":"","caption":"female boiler room operative","name":"heating-engineers-on-site-2","status":"inherit","uploaded_to":72493,"date":"2020-11-09 10:52:54","modified":"2020-11-09 10:52:54","menu_order":0,"mime_type":"image\/jpeg","type":"image","subtype":"jpeg","icon":"https:\/\/www.eurotherm.com\/wp-includes\/images\/media\/default.png","width":1981,"height":1321,"sizes":{"thumbnail":"https:\/\/www.eurotherm.com\/wp-content\/uploads\/2020\/11\/iStock-1188291568-modified-green-helmets-150x150.jpg","thumbnail-width":150,"thumbnail-height":150,"medium":"https:\/\/www.eurotherm.com\/wp-content\/uploads\/2020\/11\/iStock-1188291568-modified-green-helmets-300x200.jpg","medium-width":300,"medium-height":200,"medium_large":"https:\/\/www.eurotherm.com\/wp-content\/uploads\/2020\/11\/iStock-1188291568-modified-green-helmets-768x512.jpg","medium_large-width":768,"medium_large-height":512,"large":"https:\/\/www.eurotherm.com\/wp-content\/uploads\/2020\/11\/iStock-1188291568-modified-green-helmets-1024x683.jpg","large-width":1024,"large-height":683,"1536x1536":"https:\/\/www.eurotherm.com\/wp-content\/uploads\/2020\/11\/iStock-1188291568-modified-green-helmets-1536x1024.jpg","1536x1536-width":1536,"1536x1536-height":1024,"2048x2048":"https:\/\/www.eurotherm.com\/wp-content\/uploads\/2020\/11\/iStock-1188291568-modified-green-helmets.jpg","2048x2048-width":1981,"2048x2048-height":1321,"woocommerce_thumbnail":"https:\/\/www.eurotherm.com\/wp-content\/uploads\/2020\/11\/iStock-1188291568-modified-green-helmets-300x300.jpg","woocommerce_thumbnail-width":300,"woocommerce_thumbnail-height":300,"woocommerce_single":"https:\/\/www.eurotherm.com\/wp-content\/uploads\/2020\/11\/iStock-1188291568-modified-green-helmets-600x400.jpg","woocommerce_single-width":600,"woocommerce_single-height":400,"woocommerce_gallery_thumbnail":"https:\/\/www.eurotherm.com\/wp-content\/uploads\/2020\/11\/iStock-1188291568-modified-green-helmets-100x100.jpg","woocommerce_gallery_thumbnail-width":100,"woocommerce_gallery_thumbnail-height":100}},"limage_image_caption":""},{"acf_fc_layout":"2_column_block_areas","activate_card_mode":false,"blocks":[{"featured_image":false,"small_featured_image":false,"text_block":"<h2>Cosa copre un contratto di service?<\/h2>\n<p>Il vantaggio di un contratto di service Eurotherm \u00e8 che pu\u00f2 essere adattato per soddisfare il tipo di supporto di cui hai bisogno. \u00c8 possibile prenotare in anticipo le risorse per facilitare la pianificazione della produzione e definire il livello di supporto e i tempi di risposta richiesti. I servizi scelti sono elencati nel contratto di service e ti aiuteranno a mantenere il tuo impianto aggiornato e funzionante, oggi e in futuro.<\/p>\n<p>&nbsp;<\/p>\n<h2>Come pu\u00f2 un contratto di service migliorare il ritorno sugli investimenti?<\/h2>\n<p>Un contratto si service \u00e8 progettato per contribuire a mantenere l&#8217;affidabilit\u00e0 del sistema e le prestazioni di processo per tutta la durata del sistema di automazione. Sulla base di un\u2019analisi condivisa del processo e dei requisiti specifici del settore, lavoriamo con voi in qualit\u00e0 di partner di fiducia per massimizzare il valore dei vostri asset. Proprio come le soluzioni Eurotherm, un contratto di service Eurotherm offre molto pi\u00f9 di un \u201cservizio standard\u201d, infatti \u00e8 studiato per adattarsi al processo grazie a una serie di servizi di supporto, fornendo un approccio conveniente per gestire e mitigare i problemi tecnici, operativi e le complessit\u00e0 legate alle normative.<\/p>\n","two_col_contact_form_instead_of_link":false,"two_col_button_link":"","two_col_button_text":"","two_col_shortcode":""},{"featured_image":false,"small_featured_image":false,"text_block":"<p>Scegli tra i servizi di supporto che includono:<\/p>\n<ul>\n<li>Supporto tecnico telefonico<\/li>\n<li>Accesso remoto<\/li>\n<li>Aggiornamenti e miglioramenti software<\/li>\n<li>Supporto tecnico in campo<\/li>\n<li>Gestione del ciclo di vita<\/li>\n<li>Formazione e consulenza<\/li>\n<li>Gestione dei ricambi<\/li>\n<li>Strategie \u201cfuture-proof\u201d<\/li>\n<li>Diagnostica predittiva<\/li>\n<li>Tarature conformi agli standard nazionali<\/li>\n<li>Indagini di Uniformit\u00e0 Termica (TUS)<\/li>\n<li>Prove di Accuratezza del Sistema (SAT)<\/li>\n<li>Qualifica\/Convalida conformi alle linee guida ingegneristiche ISPE GAMP 5<\/li>\n<li>Sconti su acquisti futuri<\/li>\n<\/ul>\n","two_col_contact_form_instead_of_link":false,"two_col_button_link":"","two_col_button_text":"","two_col_shortcode":""}]},{"acf_fc_layout":"half_text_-_half_image","textarea":"<h2>Un contratto di service per guardare al futuro<\/h2>\n<p>Per le aziende che operano in un ambiente dinamico un contratto di service personalizzato pu\u00f2 rappresentare un modello di supporto flessibile per soddisfare bisogni in continua evoluzione legati a nuovi mercati, tecnologie e situazioni operative.<\/p>\n<p>I servizi \u201cfuture-proof\u201d includono:<\/p>\n<ul>\n<li>Gestione di aggiornamenti software e hardware per mantenersi al passo con i rilasci dei sistemi operativi<\/li>\n<li>Gestione di patch di aggiornamento software e hardware per contribuire a mantenere le performance<\/li>\n<li>Miglioramenti della sicurezza informatica per incrementare la resilienza<\/li>\n<li>Sconti su aggiornamenti futuri di licenze software Eurotherm<\/li>\n<\/ul>\n","lay_seven_button_link":"","lay_seven_button_text":"","limage":{"ID":102049,"id":102049,"title":"SLA_group_green","filename":"SLA_group_green.jpg","filesize":143173,"url":"https:\/\/www.eurotherm.com\/wp-content\/uploads\/2020\/11\/SLA_group_green.jpg","link":"https:\/\/www.eurotherm.com\/it\/services\/service-level-agreements-sla\/attachment\/sla_group_green-2\/","alt":"","author":"4","description":"","caption":"","name":"sla_group_green-2","status":"inherit","uploaded_to":72493,"date":"2020-11-09 10:55:06","modified":"2020-11-09 10:55:06","menu_order":0,"mime_type":"image\/jpeg","type":"image","subtype":"jpeg","icon":"https:\/\/www.eurotherm.com\/wp-includes\/images\/media\/default.png","width":1240,"height":1240,"sizes":{"thumbnail":"https:\/\/www.eurotherm.com\/wp-content\/uploads\/2020\/11\/SLA_group_green-150x150.jpg","thumbnail-width":150,"thumbnail-height":150,"medium":"https:\/\/www.eurotherm.com\/wp-content\/uploads\/2020\/11\/SLA_group_green-300x300.jpg","medium-width":300,"medium-height":300,"medium_large":"https:\/\/www.eurotherm.com\/wp-content\/uploads\/2020\/11\/SLA_group_green-768x768.jpg","medium_large-width":768,"medium_large-height":768,"large":"https:\/\/www.eurotherm.com\/wp-content\/uploads\/2020\/11\/SLA_group_green-1024x1024.jpg","large-width":1024,"large-height":1024,"1536x1536":"https:\/\/www.eurotherm.com\/wp-content\/uploads\/2020\/11\/SLA_group_green.jpg","1536x1536-width":1240,"1536x1536-height":1240,"2048x2048":"https:\/\/www.eurotherm.com\/wp-content\/uploads\/2020\/11\/SLA_group_green.jpg","2048x2048-width":1240,"2048x2048-height":1240,"woocommerce_thumbnail":"https:\/\/www.eurotherm.com\/wp-content\/uploads\/2020\/11\/SLA_group_green-300x300.jpg","woocommerce_thumbnail-width":300,"woocommerce_thumbnail-height":300,"woocommerce_single":"https:\/\/www.eurotherm.com\/wp-content\/uploads\/2020\/11\/SLA_group_green-600x600.jpg","woocommerce_single-width":600,"woocommerce_single-height":600,"woocommerce_gallery_thumbnail":"https:\/\/www.eurotherm.com\/wp-content\/uploads\/2020\/11\/SLA_group_green-100x100.jpg","woocommerce_gallery_thumbnail-width":100,"woocommerce_gallery_thumbnail-height":100}},"limage_image_caption":""},{"acf_fc_layout":"full_width_text_block","full_text_block":"<h2>Un contratto di service Eurotherm pu\u00f2 essere adattato a bisogni specifici grazie a queste tipologie di servizio:<\/h2>\n","button_link":"","button_text":"","remove_top_margin":false,"remove_bottom_margin":false},{"acf_fc_layout":"3_column_block_areas","three_blocks_activate_card_mode":false,"custom_section_id":"","three_blocks":[{"three_featured_image":false,"small_featured_image_alt":false,"three_text_block":"<h3>Supporto remoto<\/h3>\n<ul>\n<li>Call center locali e globali<\/li>\n<li>Supporto online<\/li>\n<li>Supporto in orario lavorativo<\/li>\n<li>Supporto 24\u00d77<\/li>\n<li>Team di supporto dedicati<\/li>\n<li>Account manager tecnico<\/li>\n<li>Analisi periodiche delle performance<\/li>\n<\/ul>\n","three_col_contact_form_instead_of_link":false,"three_col_button_link":"","three_col_button_text":"","three_col_shortcode":"","three_col_open_in_new_tab":false},{"three_featured_image":false,"small_featured_image_alt":false,"three_text_block":"<h3>Manutenzione software<\/h3>\n<ul>\n<li>Aggiornamento delle versioni software<\/li>\n<li>Aggiornamenti software manutentivi<\/li>\n<li>Sconti su licenze di test di sistema<\/li>\n<li>Servizi di clonazione delle applicazioni<\/li>\n<li>Gestione delle patch software per gli standard di sicurezza informatica IEC 62443<\/li>\n<\/ul>\n","three_col_contact_form_instead_of_link":false,"three_col_button_link":"","three_col_button_text":"","three_col_shortcode":"","three_col_open_in_new_tab":false},{"three_featured_image":false,"small_featured_image_alt":false,"three_text_block":"<h3>Manutenzione hardware<\/h3>\n<ul>\n<li>programma di assegnazione moduli<\/li>\n<li>Programma di scambio materiali (MEP, Material exchange program)<\/li>\n<li>Servizio di gestione dei ricambi<\/li>\n<li>Sconti su ricambi<\/li>\n<li>Servizi di taratura<\/li>\n<\/ul>\n","three_col_contact_form_instead_of_link":false,"three_col_button_link":"","three_col_button_text":"","three_col_shortcode":"","three_col_open_in_new_tab":false}]},{"acf_fc_layout":"3_column_block_areas","three_blocks_activate_card_mode":false,"custom_section_id":"","three_blocks":[{"three_featured_image":false,"small_featured_image_alt":false,"three_text_block":"<h3>Supporto in campo<\/h3>\n<ul>\n<li>Servizi di assistenza correttiiva<\/li>\n<li>Tempi di risposta \u201csu strada\u201d entro 4 ore (dove disponibile)<\/li>\n<li>Manutenzione preventiva e disaster recovery<\/li>\n<li>Tecnico locale<\/li>\n<li>Supporto per applicazioni specifiche<\/li>\n<\/ul>\n","three_col_contact_form_instead_of_link":false,"three_col_button_link":"","three_col_button_text":"","three_col_shortcode":"","three_col_open_in_new_tab":false},{"three_featured_image":false,"small_featured_image_alt":false,"three_text_block":"<h3>Formazione e consulenza<\/h3>\n<ul>\n<li>Formazione su prodotti e sistemi<\/li>\n<li>Formazione in sede e fuori sede<\/li>\n<li>Formazione in aula, in ambito teorico, pratico e virtuale<\/li>\n<li>Sconti su formazione futura<\/li>\n<li>Sconti su assistenza tecnica in loco<\/li>\n<li>Pacchetti per giornate di assistenza<\/li>\n<\/ul>\n","three_col_contact_form_instead_of_link":false,"three_col_button_link":"","three_col_button_text":"","three_col_shortcode":"","three_col_open_in_new_tab":false},{"three_featured_image":false,"small_featured_image_alt":false,"three_text_block":"<h3>Gestione del ciclo di vita<\/h3>\n<ul>\n<li>Pianificazione degli aggiornamenti<\/li>\n<li>Pianificazione delle migrazioni<\/li>\n<li>Gestione del controllo delle modifiche<\/li>\n<li>Servizi di ingegneria conformi alle linee guida ISPE GAMP 5<\/li>\n<li>Gestione del ciclo di vita dei dati<\/li>\n<\/ul>\n","three_col_contact_form_instead_of_link":false,"three_col_button_link":"","three_col_button_text":"","three_col_shortcode":"","three_col_open_in_new_tab":false}]},{"acf_fc_layout":"full_width_text_block","full_text_block":"<h3>Una gamma completa di servizi, con opzioni flessibili<\/h3>\n<p>Proteggere i tuoi asset grazie a servizi flessibili studiati per mantenere e ottimizzare la performance del sistema per l\u2019intero ciclo di vita aiuta a:<\/p>\n<ul>\n<li>Proteggere gli investimenti critici grazie a una manutenzione efficace dei sistemi hardware e software<\/li>\n<li>Massimizzare la performance degli asset riducendo i tempi di fermo e aumentando le prestazioni<\/li>\n<li>Ridurre il costo totale di esercizio grazie ad aggiornamenti innovativi e opzioni flessibili<\/li>\n<\/ul>\n<h2>Eurotherm pu\u00f2 diventare il tuo partner strategico<\/h2>\n<p><a href=\"https:\/\/www.eurotherm.com\/it\/worldwide\">Contatta la sede locale<\/a><\/p>\n","button_link":"","button_text":"","remove_top_margin":false,"remove_bottom_margin":false}],"show_sidebar":false,"display_accreditations":false,"related_products":""},"jetpack_sharing_enabled":true,"_links":{"self":[{"href":"https:\/\/www.eurotherm.com\/it\/wp-json\/wp\/v2\/pages\/72493","targetHints":{"allow":["GET"]}}],"collection":[{"href":"https:\/\/www.eurotherm.com\/it\/wp-json\/wp\/v2\/pages"}],"about":[{"href":"https:\/\/www.eurotherm.com\/it\/wp-json\/wp\/v2\/types\/page"}],"author":[{"embeddable":true,"href":"https:\/\/www.eurotherm.com\/it\/wp-json\/wp\/v2\/users\/3"}],"replies":[{"embeddable":true,"href":"https:\/\/www.eurotherm.com\/it\/wp-json\/wp\/v2\/comments?post=72493"}],"version-history":[{"count":10,"href":"https:\/\/www.eurotherm.com\/it\/wp-json\/wp\/v2\/pages\/72493\/revisions"}],"predecessor-version":[{"id":104037,"href":"https:\/\/www.eurotherm.com\/it\/wp-json\/wp\/v2\/pages\/72493\/revisions\/104037"}],"up":[{"embeddable":true,"href":"https:\/\/www.eurotherm.com\/it\/wp-json\/wp\/v2\/pages\/72603"}],"wp:featuredmedia":[{"embeddable":true,"href":"https:\/\/www.eurotherm.com\/it\/wp-json\/wp\/v2\/media\/49665"}],"wp:attachment":[{"href":"https:\/\/www.eurotherm.com\/it\/wp-json\/wp\/v2\/media?parent=72493"}],"curies":[{"name":"wp","href":"https:\/\/api.w.org\/{rel}","templated":true}]}}