{"id":72458,"date":"2018-11-23T16:44:42","date_gmt":"2018-11-23T16:44:42","guid":{"rendered":"https:\/\/www.eurotherm.com\/lifetime-services\/"},"modified":"2025-05-22T16:17:46","modified_gmt":"2025-05-22T08:17:46","slug":"lifetime-services","status":"publish","type":"page","link":"https:\/\/www.eurotherm.com\/it\/services\/lifetime-services\/","title":{"rendered":"Servizi Lifetime"},"content":{"rendered":"","protected":false},"excerpt":{"rendered":"","protected":false},"author":3,"featured_media":0,"parent":72603,"menu_order":0,"comment_status":"closed","ping_status":"closed","template":"","meta":{"_acf_changed":false,"footnotes":""},"class_list":["post-72458","page","type-page","status-publish","hentry"],"acf":[],"yoast_head":"<!-- This site is optimized with the Yoast SEO plugin v27.2 - https:\/\/yoast.com\/product\/yoast-seo-wordpress\/ -->\n<title>Servizi Lifetime | Eurotherm Limited<\/title>\n<meta name=\"description\" content=\"Servizi Lifetime | Eurotherm\" \/>\n<meta name=\"robots\" content=\"index, follow, max-snippet:-1, max-image-preview:large, max-video-preview:-1\" \/>\n<meta property=\"og:locale\" content=\"it_IT\" \/>\n<meta property=\"og:type\" content=\"article\" \/>\n<meta property=\"og:title\" content=\"Servizi Lifetime | Eurotherm Limited\" \/>\n<meta property=\"og:url\" content=\"https:\/\/www.eurotherm.com\/it\/services\/lifetime-services\/\" \/>\n<meta property=\"og:site_name\" content=\"Eurotherm Limited\" \/>\n<meta property=\"article:modified_time\" content=\"2025-05-22T08:17:46+00:00\" \/>\n<meta name=\"twitter:card\" content=\"summary_large_image\" \/>\n<script type=\"application\/ld+json\" class=\"yoast-schema-graph\">{\"@context\":\"https:\/\/schema.org\",\"@graph\":[{\"@type\":\"WebPage\",\"@id\":\"https:\/\/www.eurotherm.com\/it\/services\/lifetime-services\/\",\"url\":\"https:\/\/www.eurotherm.com\/it\/services\/lifetime-services\/\",\"name\":\"Servizi Lifetime | Eurotherm Limited\",\"isPartOf\":{\"@id\":\"https:\/\/www.eurotherm.com\/it\/#website\"},\"datePublished\":\"2018-11-23T16:44:42+00:00\",\"dateModified\":\"2025-05-22T08:17:46+00:00\",\"breadcrumb\":{\"@id\":\"https:\/\/www.eurotherm.com\/it\/services\/lifetime-services\/#breadcrumb\"},\"inLanguage\":\"it-IT\",\"potentialAction\":[{\"@type\":\"ReadAction\",\"target\":[\"https:\/\/www.eurotherm.com\/it\/services\/lifetime-services\/\"]}]},{\"@type\":\"BreadcrumbList\",\"@id\":\"https:\/\/www.eurotherm.com\/it\/services\/lifetime-services\/#breadcrumb\",\"itemListElement\":[{\"@type\":\"ListItem\",\"position\":1,\"name\":\"Home\",\"item\":\"https:\/\/www.eurotherm.com\/it\/\"},{\"@type\":\"ListItem\",\"position\":2,\"name\":\"Servizi di Automazione Industriale\",\"item\":\"https:\/\/www.eurotherm.com\/it\/services\/\"},{\"@type\":\"ListItem\",\"position\":3,\"name\":\"Servizi Lifetime\"}]},{\"@type\":\"WebSite\",\"@id\":\"https:\/\/www.eurotherm.com\/it\/#website\",\"url\":\"https:\/\/www.eurotherm.com\/it\/\",\"name\":\"Eurotherm Limited\",\"description\":\"Temperature Control, Process Control, Measurement and Data Recording Solutions\",\"potentialAction\":[{\"@type\":\"SearchAction\",\"target\":{\"@type\":\"EntryPoint\",\"urlTemplate\":\"https:\/\/www.eurotherm.com\/it\/?s={search_term_string}\"},\"query-input\":{\"@type\":\"PropertyValueSpecification\",\"valueRequired\":true,\"valueName\":\"search_term_string\"}}],\"inLanguage\":\"it-IT\"}]}<\/script>\n<!-- \/ Yoast SEO plugin. -->","yoast_head_json":{"title":"Servizi Lifetime | Eurotherm Limited","description":"Servizi Lifetime | Eurotherm","robots":{"index":"index","follow":"follow","max-snippet":"max-snippet:-1","max-image-preview":"max-image-preview:large","max-video-preview":"max-video-preview:-1"},"og_locale":"it_IT","og_type":"article","og_title":"Servizi Lifetime | Eurotherm Limited","og_url":"https:\/\/www.eurotherm.com\/it\/services\/lifetime-services\/","og_site_name":"Eurotherm Limited","article_modified_time":"2025-05-22T08:17:46+00:00","twitter_card":"summary_large_image","schema":{"@context":"https:\/\/schema.org","@graph":[{"@type":"WebPage","@id":"https:\/\/www.eurotherm.com\/it\/services\/lifetime-services\/","url":"https:\/\/www.eurotherm.com\/it\/services\/lifetime-services\/","name":"Servizi Lifetime | Eurotherm Limited","isPartOf":{"@id":"https:\/\/www.eurotherm.com\/it\/#website"},"datePublished":"2018-11-23T16:44:42+00:00","dateModified":"2025-05-22T08:17:46+00:00","breadcrumb":{"@id":"https:\/\/www.eurotherm.com\/it\/services\/lifetime-services\/#breadcrumb"},"inLanguage":"it-IT","potentialAction":[{"@type":"ReadAction","target":["https:\/\/www.eurotherm.com\/it\/services\/lifetime-services\/"]}]},{"@type":"BreadcrumbList","@id":"https:\/\/www.eurotherm.com\/it\/services\/lifetime-services\/#breadcrumb","itemListElement":[{"@type":"ListItem","position":1,"name":"Home","item":"https:\/\/www.eurotherm.com\/it\/"},{"@type":"ListItem","position":2,"name":"Servizi di Automazione Industriale","item":"https:\/\/www.eurotherm.com\/it\/services\/"},{"@type":"ListItem","position":3,"name":"Servizi Lifetime"}]},{"@type":"WebSite","@id":"https:\/\/www.eurotherm.com\/it\/#website","url":"https:\/\/www.eurotherm.com\/it\/","name":"Eurotherm Limited","description":"Temperature Control, Process Control, Measurement and Data Recording Solutions","potentialAction":[{"@type":"SearchAction","target":{"@type":"EntryPoint","urlTemplate":"https:\/\/www.eurotherm.com\/it\/?s={search_term_string}"},"query-input":{"@type":"PropertyValueSpecification","valueRequired":true,"valueName":"search_term_string"}}],"inLanguage":"it-IT"}]}},"ACF":{"flexible_content":[{"acf_fc_layout":"half_text_-_half_image","textarea":"<p>Affinch\u00e8 un processo funzioni al meglio, le apparecchiature dell&#8217;impianto dovrebbero essere tarate e accreditate secondo le normative appropriate.<\/p>\n<p>I tecnici Eurotherm hanno le conoscenze per fornire servizi di taratura efficienti e accreditati per strumentazione Eurotherm e di terze parti, in grado di mantenere al livello ottimale le prestazioni di funzionamento dei processi.<\/p>\n<p>Come con tutti i servizi che offriamo, la taratura accreditata pu\u00f2 essere fornita come servizio a s\u00e9 stante o inclusa in un contratto di service, con tariffe concordate.<\/p>\n","lay_seven_button_link":null,"lay_seven_button_text":"","limage":{"ID":49771,"id":49771,"title":"CF_Lifetime","filename":"CF_Lifetime-2.jpg","filesize":42929,"url":"https:\/\/www.eurotherm.com\/wp-content\/uploads\/2018\/11\/CF_Lifetime-2.jpg","link":"https:\/\/www.eurotherm.com\/it\/services\/lifetime-services\/attachment\/cf_lifetime-3-2\/","alt":"","author":"3","description":"","caption":"","name":"cf_lifetime-3-2","status":"inherit","uploaded_to":72458,"date":"2018-11-23 16:44:09","modified":"2018-11-23 16:44:09","menu_order":0,"mime_type":"image\/jpeg","type":"image","subtype":"jpeg","icon":"https:\/\/www.eurotherm.com\/wp-includes\/images\/media\/default.png","width":411,"height":411,"sizes":{"thumbnail":"https:\/\/www.eurotherm.com\/wp-content\/uploads\/2018\/11\/CF_Lifetime-2-150x150.jpg","thumbnail-width":150,"thumbnail-height":150,"medium":"https:\/\/www.eurotherm.com\/wp-content\/uploads\/2018\/11\/CF_Lifetime-2-300x300.jpg","medium-width":300,"medium-height":300,"medium_large":"https:\/\/www.eurotherm.com\/wp-content\/uploads\/2018\/11\/CF_Lifetime-2.jpg","medium_large-width":411,"medium_large-height":411,"large":"https:\/\/www.eurotherm.com\/wp-content\/uploads\/2018\/11\/CF_Lifetime-2.jpg","large-width":411,"large-height":411,"1536x1536":"https:\/\/www.eurotherm.com\/wp-content\/uploads\/2018\/11\/CF_Lifetime-2.jpg","1536x1536-width":411,"1536x1536-height":411,"2048x2048":"https:\/\/www.eurotherm.com\/wp-content\/uploads\/2018\/11\/CF_Lifetime-2.jpg","2048x2048-width":411,"2048x2048-height":411,"woocommerce_thumbnail":"https:\/\/www.eurotherm.com\/wp-content\/uploads\/2018\/11\/CF_Lifetime-2-300x300.jpg","woocommerce_thumbnail-width":300,"woocommerce_thumbnail-height":300,"woocommerce_single":"https:\/\/www.eurotherm.com\/wp-content\/uploads\/2018\/11\/CF_Lifetime-2.jpg","woocommerce_single-width":411,"woocommerce_single-height":411,"woocommerce_gallery_thumbnail":"https:\/\/www.eurotherm.com\/wp-content\/uploads\/2018\/11\/CF_Lifetime-2-100x100.jpg","woocommerce_gallery_thumbnail-width":100,"woocommerce_gallery_thumbnail-height":100}},"limage_image_caption":""},{"acf_fc_layout":"full_width_text_block","full_text_block":"<h3>Eurotherm \u00e8 accreditata UKAS* per:<\/h3>\n<ul>\n<li>Simulazione e misura di segnale: 0\/10V cc, 0\/20 mA cc, 0\/1 K\u2126<\/li>\n<li>Simulazione e misura di tutti i tipi di termocoppie pi\u00f9 comuni (B, E, J, K, N, R, S, T)<\/li>\n<li>Simulazione e misura di pressione: 0\/20 bar (fino a 700 bar tracciabile)<\/li>\n<li>Taratura della catena di misura da -40 a 140\u00b0C (fino a 1200\u00b0C tracciabile))<\/li>\n<\/ul>\n<p>Questi servizi possono essere forniti sia presso l\u2019impianto che presso il nostro laboratorio di taratura. Puntiamo a ridurre al minimo i fermi produzione degli impianti e possiamo fornire strumenti a noleggio nel caso in cui la taratura di uno strumento in linea, dia esito negativo; questo per evitare interruzioni nel processo produttivo. I nostri tecnici lavorano conformemente ad un ampio ventaglio di specifiche e procedure industriali adottate da diverse aziende, tra cui AMS2750, RRP54000, TS16949, CQI-9, GAMP, ISO17025 e ISO9000.<\/p>\n<p>Forniamo servizi a livello locale per la taratura degli strumenti, TUS (Temperature Uniformity Survey) e Test di Accuratezza del Sistema (SAT) conformi agli standard nazionali accreditati. Siamo molto presenti, a livello mondiale, nel settore del trattamento termico e questo, assieme alla nostra focalizzazione sulle normative relative, ci consente di offrire un servizio particolarmente efficiente, per fornire supporto:<\/p>\n<ul>\n<li>Nel mantenimento della conformit\u00e0 normativa<\/li>\n<li>Nel mantenere a livello ottimale le prestazioni dei processi<\/li>\n<li>Nella taratura on-site di strumenti di qualunque marca<\/li>\n<li>Con la possibilit\u00e0 di noleggiare apparecchiature e mantenere cos\u00ec sempre in funzione i processi produttivi<\/li>\n<li>Con Certificati Accreditati UKAS*<\/li>\n<li>Grazie alla nostra focalizzazione sull&#8217;Industria del Trattamento Termico<\/li>\n<li>Con servizi TUS e SAT conformi agli standard nazionali<\/li>\n<li>Con la gestione complete delle esigenze aziendali<\/li>\n<\/ul>\n<p>I nostri servizi TUS vengono eseguiti utilizzando termocoppie tarate individualmente o in matassa e registratori certificati secondo gli standard nazionali. I nostri tecnici possono fornire consigli sui miglioramenti al controllo dei processi e sugli accorgimenti meccanici utili per massimizzare le prestazioni.<\/p>\n<p>Per garantire la conformit\u00e0 dei sistemi, Eurotherm pu\u00f2 gestire integralmente le vostre esigenze, inclusa la programmazione delle visite di routine utilizzando un database di pianificazione gestito da un team dedicato. Le visite sono pianificate per rispondere alle vostre esigenze, mantenere lo stato di conformit\u00e0 delle attrezzature e adattarsi ai programmi di produzione.<\/p>\n<p>A supporto dei nostri servizi accreditati offriamo anche la nostra soluzione online per la gestione delle informazioni di taratura e accreditamento: EcoStruxure Manufacturing Compliance Advisor. Si tratta di uno strumento progettato per aumentare l&#8217;efficienza operativa, garantire la manutenzione degli stati di conformit\u00e0 e semplificare la pianificazione degli interventi di service.<\/p>\n","button_link":null,"button_text":"","remove_top_margin":false,"remove_bottom_margin":false},{"acf_fc_layout":"full_width_text_block","full_text_block":"<h3>*Un certificato UKAS equivale a un certificato Accredia.<\/h3>\n<p>UKAS e Accredia sono entrambe membri firmatari degli accordi di riconoscimento multilaterale (MLA). Questi Accordi si basano sul riconoscimento degli accreditamenti rilasciati dai rispettivi firmatari;\u00a0 gli accreditamenti si ottengono dimostrando il rispetto della norma ISO\/IEC 17025, che stabilisce i requisiti generali delle competenze necessarie per l\u2019esecuzione delle calibrazioni. Pertanto una Societ\u00e0 Italiana di trattamento termico a cui \u00e8 stata certificata una catena di misura da un organismo accreditato UKAS, potr\u00e0 dimostrare ai suoi Clienti che il certificato in possesso ha la stessa valenza e lo stesso livello di fiducia di un certificato rilasciato da un organismo Italiano accreditato Accredia, firmatario, come UKAS, dell\u2019accordo multilaterale. Questo regola \u00e8 valida per tutti i Paesi firmatari.<\/p>\n","button_link":null,"button_text":"","remove_top_margin":false,"remove_bottom_margin":false}],"show_sidebar":false,"display_accreditations":false},"jetpack_sharing_enabled":true,"_links":{"self":[{"href":"https:\/\/www.eurotherm.com\/it\/wp-json\/wp\/v2\/pages\/72458","targetHints":{"allow":["GET"]}}],"collection":[{"href":"https:\/\/www.eurotherm.com\/it\/wp-json\/wp\/v2\/pages"}],"about":[{"href":"https:\/\/www.eurotherm.com\/it\/wp-json\/wp\/v2\/types\/page"}],"author":[{"embeddable":true,"href":"https:\/\/www.eurotherm.com\/it\/wp-json\/wp\/v2\/users\/3"}],"replies":[{"embeddable":true,"href":"https:\/\/www.eurotherm.com\/it\/wp-json\/wp\/v2\/comments?post=72458"}],"version-history":[{"count":1,"href":"https:\/\/www.eurotherm.com\/it\/wp-json\/wp\/v2\/pages\/72458\/revisions"}],"predecessor-version":[{"id":159731,"href":"https:\/\/www.eurotherm.com\/it\/wp-json\/wp\/v2\/pages\/72458\/revisions\/159731"}],"up":[{"embeddable":true,"href":"https:\/\/www.eurotherm.com\/it\/wp-json\/wp\/v2\/pages\/72603"}],"wp:attachment":[{"href":"https:\/\/www.eurotherm.com\/it\/wp-json\/wp\/v2\/media?parent=72458"}],"curies":[{"name":"wp","href":"https:\/\/api.w.org\/{rel}","templated":true}]}}