{"id":72350,"date":"2018-11-28T14:57:38","date_gmt":"2018-11-28T14:57:38","guid":{"rendered":"https:\/\/www.eurotherm.com\/meeting-regulatory-industry-compliance\/heat-treatment-regulatory-compliance\/"},"modified":"2019-08-28T13:13:19","modified_gmt":"2019-08-28T13:13:19","slug":"heat-treatment-regulatory-compliance","status":"publish","type":"page","link":"https:\/\/www.eurotherm.com\/it\/meeting-regulatory-industry-compliance\/heat-treatment-regulatory-compliance\/","title":{"rendered":"Trattamento Termico \u2013 Conformit\u00e0 alle Normative"},"content":{"rendered":"","protected":false},"excerpt":{"rendered":"","protected":false},"author":3,"featured_media":53365,"parent":72055,"menu_order":0,"comment_status":"closed","ping_status":"closed","template":"page-ancestor.php","meta":{"_acf_changed":false,"footnotes":""},"class_list":["post-72350","page","type-page","status-publish","has-post-thumbnail","hentry"],"acf":[],"yoast_head":"<!-- This site is optimized with the Yoast SEO plugin v27.5 - https:\/\/yoast.com\/product\/yoast-seo-wordpress\/ -->\n<title>Trattamento Termico \u2013 Conformit\u00e0 alle Normative | Eurotherm Limited<\/title>\n<meta name=\"description\" content=\"Trattamento Termico \u2013 Conformit\u00e0 alle Normative | Eurotherm\" \/>\n<meta name=\"robots\" content=\"index, follow, max-snippet:-1, max-image-preview:large, max-video-preview:-1\" \/>\n<meta property=\"og:locale\" content=\"it_IT\" \/>\n<meta property=\"og:type\" content=\"article\" \/>\n<meta property=\"og:title\" content=\"Trattamento Termico \u2013 Conformit\u00e0 alle Normative | Eurotherm Limited\" \/>\n<meta property=\"og:url\" content=\"https:\/\/www.eurotherm.com\/it\/meeting-regulatory-industry-compliance\/heat-treatment-regulatory-compliance\/\" \/>\n<meta property=\"og:site_name\" content=\"Eurotherm Limited\" \/>\n<meta property=\"article:modified_time\" content=\"2019-08-28T13:13:19+00:00\" \/>\n<meta property=\"og:image\" content=\"https:\/\/www.eurotherm.com\/wp-content\/uploads\/2018\/11\/ht_regulatory_Compliance.jpg\" \/>\n\t<meta property=\"og:image:width\" content=\"350\" \/>\n\t<meta property=\"og:image:height\" content=\"236\" \/>\n\t<meta property=\"og:image:type\" content=\"image\/jpeg\" \/>\n<meta name=\"twitter:card\" content=\"summary_large_image\" \/>\n<script type=\"application\/ld+json\" class=\"yoast-schema-graph\">{\"@context\":\"https:\\\/\\\/schema.org\",\"@graph\":[{\"@type\":\"WebPage\",\"@id\":\"https:\\\/\\\/www.eurotherm.com\\\/it\\\/meeting-regulatory-industry-compliance\\\/heat-treatment-regulatory-compliance\\\/\",\"url\":\"https:\\\/\\\/www.eurotherm.com\\\/it\\\/meeting-regulatory-industry-compliance\\\/heat-treatment-regulatory-compliance\\\/\",\"name\":\"Trattamento Termico \u2013 Conformit\u00e0 alle Normative | Eurotherm Limited\",\"isPartOf\":{\"@id\":\"https:\\\/\\\/www.eurotherm.com\\\/it\\\/#website\"},\"primaryImageOfPage\":{\"@id\":\"https:\\\/\\\/www.eurotherm.com\\\/it\\\/meeting-regulatory-industry-compliance\\\/heat-treatment-regulatory-compliance\\\/#primaryimage\"},\"image\":{\"@id\":\"https:\\\/\\\/www.eurotherm.com\\\/it\\\/meeting-regulatory-industry-compliance\\\/heat-treatment-regulatory-compliance\\\/#primaryimage\"},\"thumbnailUrl\":\"https:\\\/\\\/www.eurotherm.com\\\/wp-content\\\/uploads\\\/2018\\\/11\\\/ht_regulatory_Compliance.jpg\",\"datePublished\":\"2018-11-28T14:57:38+00:00\",\"dateModified\":\"2019-08-28T13:13:19+00:00\",\"breadcrumb\":{\"@id\":\"https:\\\/\\\/www.eurotherm.com\\\/it\\\/meeting-regulatory-industry-compliance\\\/heat-treatment-regulatory-compliance\\\/#breadcrumb\"},\"inLanguage\":\"it-IT\",\"potentialAction\":[{\"@type\":\"ReadAction\",\"target\":[\"https:\\\/\\\/www.eurotherm.com\\\/it\\\/meeting-regulatory-industry-compliance\\\/heat-treatment-regulatory-compliance\\\/\"]}]},{\"@type\":\"ImageObject\",\"inLanguage\":\"it-IT\",\"@id\":\"https:\\\/\\\/www.eurotherm.com\\\/it\\\/meeting-regulatory-industry-compliance\\\/heat-treatment-regulatory-compliance\\\/#primaryimage\",\"url\":\"https:\\\/\\\/www.eurotherm.com\\\/wp-content\\\/uploads\\\/2018\\\/11\\\/ht_regulatory_Compliance.jpg\",\"contentUrl\":\"https:\\\/\\\/www.eurotherm.com\\\/wp-content\\\/uploads\\\/2018\\\/11\\\/ht_regulatory_Compliance.jpg\",\"width\":350,\"height\":236},{\"@type\":\"BreadcrumbList\",\"@id\":\"https:\\\/\\\/www.eurotherm.com\\\/it\\\/meeting-regulatory-industry-compliance\\\/heat-treatment-regulatory-compliance\\\/#breadcrumb\",\"itemListElement\":[{\"@type\":\"ListItem\",\"position\":1,\"name\":\"Home\",\"item\":\"https:\\\/\\\/www.eurotherm.com\\\/it\\\/\"},{\"@type\":\"ListItem\",\"position\":2,\"name\":\"La Conformit\u00e0 Regolatoria\",\"item\":\"https:\\\/\\\/www.eurotherm.com\\\/it\\\/meeting-regulatory-industry-compliance\\\/\"},{\"@type\":\"ListItem\",\"position\":3,\"name\":\"Trattamento Termico \u2013 Conformit\u00e0 alle Normative\"}]},{\"@type\":\"WebSite\",\"@id\":\"https:\\\/\\\/www.eurotherm.com\\\/it\\\/#website\",\"url\":\"https:\\\/\\\/www.eurotherm.com\\\/it\\\/\",\"name\":\"Eurotherm Limited\",\"description\":\"Temperature Control, Process Control, Measurement and Data Recording Solutions\",\"potentialAction\":[{\"@type\":\"SearchAction\",\"target\":{\"@type\":\"EntryPoint\",\"urlTemplate\":\"https:\\\/\\\/www.eurotherm.com\\\/it\\\/?s={search_term_string}\"},\"query-input\":{\"@type\":\"PropertyValueSpecification\",\"valueRequired\":true,\"valueName\":\"search_term_string\"}}],\"inLanguage\":\"it-IT\"}]}<\/script>\n<!-- \/ Yoast SEO plugin. -->","yoast_head_json":{"title":"Trattamento Termico \u2013 Conformit\u00e0 alle Normative | Eurotherm Limited","description":"Trattamento Termico \u2013 Conformit\u00e0 alle Normative | Eurotherm","robots":{"index":"index","follow":"follow","max-snippet":"max-snippet:-1","max-image-preview":"max-image-preview:large","max-video-preview":"max-video-preview:-1"},"og_locale":"it_IT","og_type":"article","og_title":"Trattamento Termico \u2013 Conformit\u00e0 alle Normative | Eurotherm Limited","og_url":"https:\/\/www.eurotherm.com\/it\/meeting-regulatory-industry-compliance\/heat-treatment-regulatory-compliance\/","og_site_name":"Eurotherm Limited","article_modified_time":"2019-08-28T13:13:19+00:00","og_image":[{"width":350,"height":236,"url":"https:\/\/www.eurotherm.com\/wp-content\/uploads\/2018\/11\/ht_regulatory_Compliance.jpg","type":"image\/jpeg"}],"twitter_card":"summary_large_image","schema":{"@context":"https:\/\/schema.org","@graph":[{"@type":"WebPage","@id":"https:\/\/www.eurotherm.com\/it\/meeting-regulatory-industry-compliance\/heat-treatment-regulatory-compliance\/","url":"https:\/\/www.eurotherm.com\/it\/meeting-regulatory-industry-compliance\/heat-treatment-regulatory-compliance\/","name":"Trattamento Termico \u2013 Conformit\u00e0 alle Normative | Eurotherm Limited","isPartOf":{"@id":"https:\/\/www.eurotherm.com\/it\/#website"},"primaryImageOfPage":{"@id":"https:\/\/www.eurotherm.com\/it\/meeting-regulatory-industry-compliance\/heat-treatment-regulatory-compliance\/#primaryimage"},"image":{"@id":"https:\/\/www.eurotherm.com\/it\/meeting-regulatory-industry-compliance\/heat-treatment-regulatory-compliance\/#primaryimage"},"thumbnailUrl":"https:\/\/www.eurotherm.com\/wp-content\/uploads\/2018\/11\/ht_regulatory_Compliance.jpg","datePublished":"2018-11-28T14:57:38+00:00","dateModified":"2019-08-28T13:13:19+00:00","breadcrumb":{"@id":"https:\/\/www.eurotherm.com\/it\/meeting-regulatory-industry-compliance\/heat-treatment-regulatory-compliance\/#breadcrumb"},"inLanguage":"it-IT","potentialAction":[{"@type":"ReadAction","target":["https:\/\/www.eurotherm.com\/it\/meeting-regulatory-industry-compliance\/heat-treatment-regulatory-compliance\/"]}]},{"@type":"ImageObject","inLanguage":"it-IT","@id":"https:\/\/www.eurotherm.com\/it\/meeting-regulatory-industry-compliance\/heat-treatment-regulatory-compliance\/#primaryimage","url":"https:\/\/www.eurotherm.com\/wp-content\/uploads\/2018\/11\/ht_regulatory_Compliance.jpg","contentUrl":"https:\/\/www.eurotherm.com\/wp-content\/uploads\/2018\/11\/ht_regulatory_Compliance.jpg","width":350,"height":236},{"@type":"BreadcrumbList","@id":"https:\/\/www.eurotherm.com\/it\/meeting-regulatory-industry-compliance\/heat-treatment-regulatory-compliance\/#breadcrumb","itemListElement":[{"@type":"ListItem","position":1,"name":"Home","item":"https:\/\/www.eurotherm.com\/it\/"},{"@type":"ListItem","position":2,"name":"La Conformit\u00e0 Regolatoria","item":"https:\/\/www.eurotherm.com\/it\/meeting-regulatory-industry-compliance\/"},{"@type":"ListItem","position":3,"name":"Trattamento Termico \u2013 Conformit\u00e0 alle Normative"}]},{"@type":"WebSite","@id":"https:\/\/www.eurotherm.com\/it\/#website","url":"https:\/\/www.eurotherm.com\/it\/","name":"Eurotherm Limited","description":"Temperature Control, Process Control, Measurement and Data Recording Solutions","potentialAction":[{"@type":"SearchAction","target":{"@type":"EntryPoint","urlTemplate":"https:\/\/www.eurotherm.com\/it\/?s={search_term_string}"},"query-input":{"@type":"PropertyValueSpecification","valueRequired":true,"valueName":"search_term_string"}}],"inLanguage":"it-IT"}]}},"ACF":{"related_products":"","flexible_content":[{"acf_fc_layout":"full_width_text_block","full_text_block":"<h2>Desideri la massima tranquillit\u00e0 quando si tratta di soddisfare i requisiti normativi?<\/h2>\n<p>Possiamo aiutarti ad a<strong>ccreditare le apparecchiature di processo termico<\/strong> con un\u2019ampia gamma di prodotti e servizi progettati per soddisfare le <strong>normative per il trattamento termico<\/strong>.<\/p>\n<p>I regolamenti rientrano in due categorie principali e siamo in grado di fornire soluzioni per soddisfare entrambe le tipologie:<\/p>\n<ul>\n<li>Processo di accreditamento aerospaziale, come <strong>Nadcap<\/strong> e le specifiche associate, incluso <strong>AMS2750<\/strong><\/li>\n<li>Processi manuali di qualit\u00e0 aziendale, come lo standard <strong>IATF 16949<\/strong> del settore automobilistico e la valutazione dei processi di trattamento termico <strong>CQI-9<\/strong><\/li>\n<\/ul>\n","button_link":"","button_text":"","remove_top_margin":false,"remove_bottom_margin":false},{"acf_fc_layout":"two_third_text_-_one_third_image","left_text":"<h3>Nadcap (gestito da PRI)<\/h3>\n<ul>\n<li>Checklist per Audit, ad esempio la serie AC7102 per il trattamento termico,<\/li>\n<\/ul>\n<p>Ulteriori informazioni e pubblicazioni sono disponibili sul sito <a href=\"https:\/\/it.p-r-i.org\/\" target=\"_blank\" rel=\"noopener\">PRI<\/a>\u00a0<\/p>\n<ul>\n<li>AMS2750 \u2013 Pirometria<\/li>\n<li>Serie AMS2759 per il Trattamento Termico delle Parti in Acciaio<\/li>\n<li>AMS2769 Trattamento Termici di Parti in Vuoto<\/li>\n<li>AMS2770, AMS2771, AMS2772 Trattamento di Leghe di Alluminio<\/li>\n<\/ul>\n<p>Le Specifiche sono pubblicate da SAE e sono disponibili su SAE International<\/p>\n","lay_three_button_link":"","lay_three_button_text":"","right_image":{"ID":53365,"id":53365,"title":"ht_regulatory_Compliance","filename":"ht_regulatory_Compliance.jpg","filesize":98657,"url":"https:\/\/www.eurotherm.com\/wp-content\/uploads\/2018\/11\/ht_regulatory_Compliance.jpg","link":"https:\/\/www.eurotherm.com\/it\/meeting-regulatory-industry-compliance\/heat-treatment-regulatory-compliance\/attachment\/ht_regulatory_compliance-2\/","alt":"","author":"3","description":"","caption":"","name":"ht_regulatory_compliance-2","status":"inherit","uploaded_to":72350,"date":"2018-11-28 14:55:54","modified":"2018-11-28 14:55:54","menu_order":0,"mime_type":"image\/jpeg","type":"image","subtype":"jpeg","icon":"https:\/\/www.eurotherm.com\/wp-includes\/images\/media\/default.png","width":350,"height":236,"sizes":{"thumbnail":"https:\/\/www.eurotherm.com\/wp-content\/uploads\/2018\/11\/ht_regulatory_Compliance-150x150.jpg","thumbnail-width":150,"thumbnail-height":150,"medium":"https:\/\/www.eurotherm.com\/wp-content\/uploads\/2018\/11\/ht_regulatory_Compliance-300x202.jpg","medium-width":300,"medium-height":202,"medium_large":"https:\/\/www.eurotherm.com\/wp-content\/uploads\/2018\/11\/ht_regulatory_Compliance.jpg","medium_large-width":350,"medium_large-height":236,"large":"https:\/\/www.eurotherm.com\/wp-content\/uploads\/2018\/11\/ht_regulatory_Compliance.jpg","large-width":350,"large-height":236,"1536x1536":"https:\/\/www.eurotherm.com\/wp-content\/uploads\/2018\/11\/ht_regulatory_Compliance.jpg","1536x1536-width":350,"1536x1536-height":236,"2048x2048":"https:\/\/www.eurotherm.com\/wp-content\/uploads\/2018\/11\/ht_regulatory_Compliance.jpg","2048x2048-width":350,"2048x2048-height":236,"woocommerce_thumbnail":"https:\/\/www.eurotherm.com\/wp-content\/uploads\/2018\/11\/ht_regulatory_Compliance-300x236.jpg","woocommerce_thumbnail-width":300,"woocommerce_thumbnail-height":236,"woocommerce_single":"https:\/\/www.eurotherm.com\/wp-content\/uploads\/2018\/11\/ht_regulatory_Compliance.jpg","woocommerce_single-width":350,"woocommerce_single-height":236,"woocommerce_gallery_thumbnail":"https:\/\/www.eurotherm.com\/wp-content\/uploads\/2018\/11\/ht_regulatory_Compliance-100x100.jpg","woocommerce_gallery_thumbnail-width":100,"woocommerce_gallery_thumbnail-height":100}},"right_image_caption":""},{"acf_fc_layout":"three_column_text_block","three_text_columns":[{"text_column":"<h3>IATF 16949<\/h3>\n<p>ISO\/IATF 16949 \u00e8 una specifica tecnica ISO che allinea lo standard americano (QS-9000), a quello tedesco (VDA6.1), francese (EAQF) e italiano (AVSQ) per l&#8217;industria automobilistica, con l&#8217;obiettivo di eliminare la necessit\u00e0 di pi\u00f9 certificazioni e soddisfare le molteplici esigenze di un cliente.<\/p>\n<p>Insieme alla ISO 9001, ISO\/IATF 16949 specifica i requisiti del sistema di qualit\u00e0 per la progettazione\/sviluppo, produzione, installazione e assistenza di prodotti correlati al settore automobilistico. Lo standard \u00e8 gestito da un gruppo internazionale di produttori di veicoli e da associazioni di categoria nazionali: l&#8217;International Automotive Task Force (IATF).<\/p>\n<p>Le pubblicazioni sono disponibili su diversi siti, tra questi <a href=\"https:\/\/www.bsigroup.com\/it-IT\/\">BSI Group<\/a><\/p>\n","ttc_button_link":"","ttc_button_text":""},{"text_column":"<h3>CQI-9<\/h3>\n<p>Processo Speciale CQI-9: Heat Treat System Assessment (HTSA) sviluppato dall&#8217;AIAG (Automotive Industry Action Group) fornisce criteri di valutazione comuni per i processi di trattamento termico utilizzati dai fornitori. \u00c8 progettato per adattarsi all&#8217;approccio e alla metodologia di audit di IATF 16949 e copre tutti i processi di trattamento termico comuni. La pirometria \u00e8 ampiamente trattata e AMS2750 viene utilizzato come documento di riferimento.<\/p>\n","ttc_button_link":"","ttc_button_text":""},{"text_column":"<h3>EN 14597<\/h3>\n<p>La gamma di indicatori e unit\u00e0 di allarme 3200i \u00e8 omologata per EuroNorm 14597 TW (certificazione Certco DIN secondo EN14597: 2005-12). Questa norma della Comunit\u00e0 europea \u00e8 pi\u00f9 rigorosa rispetto alle approvazioni DIN 3440 precedentemente ottenute per la gamma.<\/p>\n<p>La serie 3200i ha anche l&#8217;approvazione FM (Factory Mutual) negli Stati Uniti, che \u00e8 uno standard simile a EN14597 TW.<\/p>\n<p>Gli indicatori serie 3200i rappresentano la scelta ottimale per le aziende che esportano prodotti in UE\/USA o per gli OEM che forniscono in Europa o negli Stati Uniti.<\/p>\n","ttc_button_link":"","ttc_button_text":""}]},{"acf_fc_layout":"full_width_text_block","full_text_block":"<h2>Come possiamo aiutarti a soddisfare questi requisiti di qualit\u00e0?<\/h2>\n<ul>\n<li>Focalizzazione sulle normative per i processi industriali a tutti i livelli<\/li>\n<li>Cinvolgimento globale con l&#8217;industria del trattamento termico<\/li>\n<li>Elevata capacit\u00e0 della produzione e del livello dei servizi<\/li>\n<li>Gamma completa di strumentazione per test sul campo, strumenti di controllo, monitoraggio e registrazione<\/li>\n<li>Prodotti e servizi progettati per aiutarvi a soddisfare i requisiti di AMS2750E e CQI-9<\/li>\n<li>Prodotti dalle prestazioni elevate, per soddisfare i requisiti dei test di accuratezza del sistema (SAT)<\/li>\n<li>Conformit\u00e0 con le richieste di manutenzione di record elettronici e firme elettroniche<\/li>\n<li>Controllo di fama mondiale per semplificare le indagini sull&#8217;uniformit\u00e0 della temperatura (TUS)<\/li>\n<li>Consulenza e documentazione di supporto per facilitare la comprensione delle specifiche<\/li>\n<\/ul>\n","button_link":"","button_text":"","remove_top_margin":false,"remove_bottom_margin":false}],"show_sidebar":false,"display_accreditations":false},"jetpack_sharing_enabled":true,"_links":{"self":[{"href":"https:\/\/www.eurotherm.com\/it\/wp-json\/wp\/v2\/pages\/72350","targetHints":{"allow":["GET"]}}],"collection":[{"href":"https:\/\/www.eurotherm.com\/it\/wp-json\/wp\/v2\/pages"}],"about":[{"href":"https:\/\/www.eurotherm.com\/it\/wp-json\/wp\/v2\/types\/page"}],"author":[{"embeddable":true,"href":"https:\/\/www.eurotherm.com\/it\/wp-json\/wp\/v2\/users\/3"}],"replies":[{"embeddable":true,"href":"https:\/\/www.eurotherm.com\/it\/wp-json\/wp\/v2\/comments?post=72350"}],"version-history":[{"count":0,"href":"https:\/\/www.eurotherm.com\/it\/wp-json\/wp\/v2\/pages\/72350\/revisions"}],"up":[{"embeddable":true,"href":"https:\/\/www.eurotherm.com\/it\/wp-json\/wp\/v2\/pages\/72055"}],"wp:featuredmedia":[{"embeddable":true,"href":"https:\/\/www.eurotherm.com\/it\/wp-json\/wp\/v2\/media\/53365"}],"wp:attachment":[{"href":"https:\/\/www.eurotherm.com\/it\/wp-json\/wp\/v2\/media?parent=72350"}],"curies":[{"name":"wp","href":"https:\/\/api.w.org\/{rel}","templated":true}]}}