{"id":119810,"date":"2021-06-25T17:13:00","date_gmt":"2021-06-25T09:13:00","guid":{"rendered":"https:\/\/eurothermdev.co.uk\/industrial-cybersecurity\/"},"modified":"2023-03-16T18:16:45","modified_gmt":"2023-03-16T10:16:45","slug":"industrial-cybersecurity","status":"publish","type":"page","link":"https:\/\/www.eurotherm.com\/it\/industrial-cybersecurity\/","title":{"rendered":"Sicurezza Informatica Industriale"},"content":{"rendered":"","protected":false},"excerpt":{"rendered":"","protected":false},"author":4,"featured_media":0,"parent":0,"menu_order":0,"comment_status":"closed","ping_status":"closed","template":"","meta":{"_acf_changed":false,"footnotes":""},"class_list":["post-119810","page","type-page","status-publish","hentry"],"acf":[],"yoast_head":"<!-- This site is optimized with the Yoast SEO plugin v27.5 - https:\/\/yoast.com\/product\/yoast-seo-wordpress\/ -->\n<title>Soluzioni Sicurezza Informatica Industriale | Eurotherm by Schneider Electric<\/title>\n<meta name=\"description\" content=\"I servizi per la sicurezza informatica industriale di Eurotherm offrono livelli di sicurezza per i sistemi OT. Scopri in che modo possiamo contribuire a soddisfare gli standard IEC 62443 e ISA99 negli stabilimenti produttivi.\" \/>\n<meta name=\"robots\" content=\"index, follow, max-snippet:-1, max-image-preview:large, max-video-preview:-1\" \/>\n<meta property=\"og:locale\" content=\"it_IT\" \/>\n<meta property=\"og:type\" content=\"article\" \/>\n<meta property=\"og:title\" content=\"Soluzioni Sicurezza Informatica Industriale | Eurotherm by Schneider Electric\" \/>\n<meta property=\"og:description\" content=\"I servizi per la sicurezza informatica industriale di Eurotherm offrono livelli di sicurezza per i sistemi OT. Scopri in che modo possiamo contribuire a soddisfare gli standard IEC 62443 e ISA99 negli stabilimenti produttivi.\" \/>\n<meta property=\"og:url\" content=\"https:\/\/www.eurotherm.com\/it\/industrial-cybersecurity\/\" \/>\n<meta property=\"og:site_name\" content=\"Eurotherm Limited\" \/>\n<meta property=\"article:modified_time\" content=\"2023-03-16T10:16:45+00:00\" \/>\n<meta name=\"twitter:card\" content=\"summary_large_image\" \/>\n<script type=\"application\/ld+json\" class=\"yoast-schema-graph\">{\"@context\":\"https:\\\/\\\/schema.org\",\"@graph\":[{\"@type\":\"WebPage\",\"@id\":\"https:\\\/\\\/www.eurotherm.com\\\/it\\\/industrial-cybersecurity\\\/\",\"url\":\"https:\\\/\\\/www.eurotherm.com\\\/it\\\/industrial-cybersecurity\\\/\",\"name\":\"Soluzioni Sicurezza Informatica Industriale | Eurotherm by Schneider Electric\",\"isPartOf\":{\"@id\":\"https:\\\/\\\/www.eurotherm.com\\\/it\\\/#website\"},\"datePublished\":\"2021-06-25T09:13:00+00:00\",\"dateModified\":\"2023-03-16T10:16:45+00:00\",\"description\":\"I servizi per la sicurezza informatica industriale di Eurotherm offrono livelli di sicurezza per i sistemi OT. Scopri in che modo possiamo contribuire a soddisfare gli standard IEC 62443 e ISA99 negli stabilimenti produttivi.\",\"breadcrumb\":{\"@id\":\"https:\\\/\\\/www.eurotherm.com\\\/it\\\/industrial-cybersecurity\\\/#breadcrumb\"},\"inLanguage\":\"it-IT\",\"potentialAction\":[{\"@type\":\"ReadAction\",\"target\":[\"https:\\\/\\\/www.eurotherm.com\\\/it\\\/industrial-cybersecurity\\\/\"]}]},{\"@type\":\"BreadcrumbList\",\"@id\":\"https:\\\/\\\/www.eurotherm.com\\\/it\\\/industrial-cybersecurity\\\/#breadcrumb\",\"itemListElement\":[{\"@type\":\"ListItem\",\"position\":1,\"name\":\"Home\",\"item\":\"https:\\\/\\\/www.eurotherm.com\\\/it\\\/\"},{\"@type\":\"ListItem\",\"position\":2,\"name\":\"Sicurezza Informatica Industriale\"}]},{\"@type\":\"WebSite\",\"@id\":\"https:\\\/\\\/www.eurotherm.com\\\/it\\\/#website\",\"url\":\"https:\\\/\\\/www.eurotherm.com\\\/it\\\/\",\"name\":\"Eurotherm Limited\",\"description\":\"Temperature Control, Process Control, Measurement and Data Recording Solutions\",\"potentialAction\":[{\"@type\":\"SearchAction\",\"target\":{\"@type\":\"EntryPoint\",\"urlTemplate\":\"https:\\\/\\\/www.eurotherm.com\\\/it\\\/?s={search_term_string}\"},\"query-input\":{\"@type\":\"PropertyValueSpecification\",\"valueRequired\":true,\"valueName\":\"search_term_string\"}}],\"inLanguage\":\"it-IT\"}]}<\/script>\n<!-- \/ Yoast SEO plugin. -->","yoast_head_json":{"title":"Soluzioni Sicurezza Informatica Industriale | Eurotherm by Schneider Electric","description":"I servizi per la sicurezza informatica industriale di Eurotherm offrono livelli di sicurezza per i sistemi OT. Scopri in che modo possiamo contribuire a soddisfare gli standard IEC 62443 e ISA99 negli stabilimenti produttivi.","robots":{"index":"index","follow":"follow","max-snippet":"max-snippet:-1","max-image-preview":"max-image-preview:large","max-video-preview":"max-video-preview:-1"},"og_locale":"it_IT","og_type":"article","og_title":"Soluzioni Sicurezza Informatica Industriale | Eurotherm by Schneider Electric","og_description":"I servizi per la sicurezza informatica industriale di Eurotherm offrono livelli di sicurezza per i sistemi OT. Scopri in che modo possiamo contribuire a soddisfare gli standard IEC 62443 e ISA99 negli stabilimenti produttivi.","og_url":"https:\/\/www.eurotherm.com\/it\/industrial-cybersecurity\/","og_site_name":"Eurotherm Limited","article_modified_time":"2023-03-16T10:16:45+00:00","twitter_card":"summary_large_image","schema":{"@context":"https:\/\/schema.org","@graph":[{"@type":"WebPage","@id":"https:\/\/www.eurotherm.com\/it\/industrial-cybersecurity\/","url":"https:\/\/www.eurotherm.com\/it\/industrial-cybersecurity\/","name":"Soluzioni Sicurezza Informatica Industriale | Eurotherm by Schneider Electric","isPartOf":{"@id":"https:\/\/www.eurotherm.com\/it\/#website"},"datePublished":"2021-06-25T09:13:00+00:00","dateModified":"2023-03-16T10:16:45+00:00","description":"I servizi per la sicurezza informatica industriale di Eurotherm offrono livelli di sicurezza per i sistemi OT. Scopri in che modo possiamo contribuire a soddisfare gli standard IEC 62443 e ISA99 negli stabilimenti produttivi.","breadcrumb":{"@id":"https:\/\/www.eurotherm.com\/it\/industrial-cybersecurity\/#breadcrumb"},"inLanguage":"it-IT","potentialAction":[{"@type":"ReadAction","target":["https:\/\/www.eurotherm.com\/it\/industrial-cybersecurity\/"]}]},{"@type":"BreadcrumbList","@id":"https:\/\/www.eurotherm.com\/it\/industrial-cybersecurity\/#breadcrumb","itemListElement":[{"@type":"ListItem","position":1,"name":"Home","item":"https:\/\/www.eurotherm.com\/it\/"},{"@type":"ListItem","position":2,"name":"Sicurezza Informatica Industriale"}]},{"@type":"WebSite","@id":"https:\/\/www.eurotherm.com\/it\/#website","url":"https:\/\/www.eurotherm.com\/it\/","name":"Eurotherm Limited","description":"Temperature Control, Process Control, Measurement and Data Recording Solutions","potentialAction":[{"@type":"SearchAction","target":{"@type":"EntryPoint","urlTemplate":"https:\/\/www.eurotherm.com\/it\/?s={search_term_string}"},"query-input":{"@type":"PropertyValueSpecification","valueRequired":true,"valueName":"search_term_string"}}],"inLanguage":"it-IT"}]}},"ACF":{"flexible_content":[{"acf_fc_layout":"full_width_image_header","header_textarea":"<h1><strong>Servizi e soluzioni per la sicurezza informatica industriale<\/strong><\/h1>\n<p>Le minacce alla sicurezza informatica sono una spiacevole realt\u00e0 per tutti. \u00c8 possibile proteggere la propria attivit\u00e0 continuando ad adottare nuove tecnologie che consentono di crescere e di ottenere i migliori risultati possibili? Con Eurotherm, si pu\u00f2.<\/p>\n","background_image":{"ID":117611,"id":117611,"title":"Picture 1","filename":"Picture-1.jpg","filesize":166437,"url":"https:\/\/www.eurotherm.com\/wp-content\/uploads\/2021\/06\/Picture-1.jpg","link":"https:\/\/www.eurotherm.com\/it\/industrial-cybersecurity\/attachment\/picture-1-2\/","alt":"","author":"4","description":"","caption":"","name":"picture-1-2","status":"inherit","uploaded_to":119810,"date":"2021-06-25 11:06:20","modified":"2021-06-25 11:06:20","menu_order":0,"mime_type":"image\/jpeg","type":"image","subtype":"jpeg","icon":"https:\/\/www.eurotherm.com\/wp-includes\/images\/media\/default.png","width":1078,"height":252,"sizes":{"thumbnail":"https:\/\/www.eurotherm.com\/wp-content\/uploads\/2021\/06\/Picture-1-150x150.jpg","thumbnail-width":150,"thumbnail-height":150,"medium":"https:\/\/www.eurotherm.com\/wp-content\/uploads\/2021\/06\/Picture-1-300x70.jpg","medium-width":300,"medium-height":70,"medium_large":"https:\/\/www.eurotherm.com\/wp-content\/uploads\/2021\/06\/Picture-1-768x180.jpg","medium_large-width":768,"medium_large-height":180,"large":"https:\/\/www.eurotherm.com\/wp-content\/uploads\/2021\/06\/Picture-1-1024x239.jpg","large-width":1024,"large-height":239,"1536x1536":"https:\/\/www.eurotherm.com\/wp-content\/uploads\/2021\/06\/Picture-1.jpg","1536x1536-width":1078,"1536x1536-height":252,"2048x2048":"https:\/\/www.eurotherm.com\/wp-content\/uploads\/2021\/06\/Picture-1.jpg","2048x2048-width":1078,"2048x2048-height":252,"woocommerce_thumbnail":"https:\/\/www.eurotherm.com\/wp-content\/uploads\/2021\/06\/Picture-1-300x252.jpg","woocommerce_thumbnail-width":300,"woocommerce_thumbnail-height":252,"woocommerce_single":"https:\/\/www.eurotherm.com\/wp-content\/uploads\/2021\/06\/Picture-1-600x140.jpg","woocommerce_single-width":600,"woocommerce_single-height":140,"woocommerce_gallery_thumbnail":"https:\/\/www.eurotherm.com\/wp-content\/uploads\/2021\/06\/Picture-1-100x100.jpg","woocommerce_gallery_thumbnail-width":100,"woocommerce_gallery_thumbnail-height":100}},"header_buttons":[{"internal_or_external":"External\/#","header_button_link":"","link_url":"https:\/\/www.eurotherm.com\/?wpdmdl=28118","header_button_text":"Scarica la guida alle buone pratiche"},{"internal_or_external":"Internal","header_button_link":"https:\/\/www.eurotherm.com\/it\/contact-us\/","link_url":"","header_button_text":"Contattaci"}]},{"acf_fc_layout":"two_third_text_-_one_third_text","left_column_two_third":"<h2>Ti aiutiamo a massimizzare la redditivit\u00e0 e migliorare la protezione contro gli attacchi informatici industriali<\/h2>\n<p>Eurotherm fornisce soluzioni che supportano esigenze di protezione della sicurezza informatica per tutti i tipi di aziende e settori. Applichiamo mentalit\u00e0, politiche e metodologie rigorose nello sviluppo dei nostri prodotti e nell&#8217;implementazione delle nostre soluzioni. Professionisti qualificati e certificati forniscono servizi agnostici rispetto al fornitore iniziale, per aiutarti a valutare i rischi, implementare soluzioni IoT specifiche e mantenere attive le difese, nel tempo.<\/p>\n<p>&nbsp;<\/p>\n<h2>Servizi e soluzioni di sicurezza informatica OT per tutte le industrie<\/h2>\n<p>Se non sai da dove iniziare, o se hai bisogno di aiuto per implementare parte della tua strategia, i nostri esperti possono valutare la tua specifica situazione e i tuoi bisogni; aiutandoti ad affrontare le sfide della cibersicurezza con soluzioni mirate, che soddisfano le tue esigenze.<\/p>\n<p><a href=\"https:\/\/www.eurotherm.com\/it\/contact-us\/\">&gt; Contattaci per analizzare le tue esigenze di cybersecurity<\/a><\/p>\n","right_column_one_third":"<h2>Quick Links<\/h2>\n<p><a href=\"https:\/\/www.eurotherm.com\/it\/industrial-cybersecurity\/industrial-cybersecurity-services\/\">Servizi per la Sicurezza Informatica Industriale &gt;<\/a><\/p>\n<p><a href=\"https:\/\/www.eurotherm.com\/?wpdmdl=28118\" target=\"_blank\" rel=\"noopener\">Guida alle Buone Pratiche per la Sicurezza Informatica &gt;<\/a><\/p>\n<p><a href=\"https:\/\/www.eurotherm.com\/en\/life-sciences-cpg\/data-integrity-life-sciences\/\">Integrit\u00e0 di dati per l&#8217;Industria Farmaceutica &gt;<\/a><\/p>\n<p><a href=\"https:\/\/www.eurotherm.com\/it\/industrial-cybersecurity\/products-with-cybersecurity-features\/\">Prodotti con funzionalit\u00e0 per la Sicurezza Informatica &gt;<\/a><\/p>\n"},{"acf_fc_layout":"plain_column_boxes","pcb_pnumber_of_columns":"3","pcb_columns":[{"pcb_image":{"ID":118455,"id":118455,"title":"Cyber Security Icons-01","filename":"Cyber-Security-Icons-01.png","filesize":147768,"url":"https:\/\/www.eurotherm.com\/wp-content\/uploads\/2021\/07\/Cyber-Security-Icons-01.png","link":"https:\/\/www.eurotherm.com\/it\/industrial-cybersecurity\/attachment\/cyber-security-icons-01-2\/","alt":"","author":"4","description":"","caption":"","name":"cyber-security-icons-01-2","status":"inherit","uploaded_to":119810,"date":"2021-07-09 13:41:09","modified":"2021-07-09 13:41:09","menu_order":0,"mime_type":"image\/png","type":"image","subtype":"png","icon":"https:\/\/www.eurotherm.com\/wp-includes\/images\/media\/default.png","width":4167,"height":4167,"sizes":{"thumbnail":"https:\/\/www.eurotherm.com\/wp-content\/uploads\/2021\/07\/Cyber-Security-Icons-01-150x150.png","thumbnail-width":150,"thumbnail-height":150,"medium":"https:\/\/www.eurotherm.com\/wp-content\/uploads\/2021\/07\/Cyber-Security-Icons-01-300x300.png","medium-width":300,"medium-height":300,"medium_large":"https:\/\/www.eurotherm.com\/wp-content\/uploads\/2021\/07\/Cyber-Security-Icons-01-768x768.png","medium_large-width":768,"medium_large-height":768,"large":"https:\/\/www.eurotherm.com\/wp-content\/uploads\/2021\/07\/Cyber-Security-Icons-01-1024x1024.png","large-width":1024,"large-height":1024,"1536x1536":"https:\/\/www.eurotherm.com\/wp-content\/uploads\/2021\/07\/Cyber-Security-Icons-01-1536x1536.png","1536x1536-width":1536,"1536x1536-height":1536,"2048x2048":"https:\/\/www.eurotherm.com\/wp-content\/uploads\/2021\/07\/Cyber-Security-Icons-01-2048x2048.png","2048x2048-width":2048,"2048x2048-height":2048,"woocommerce_thumbnail":"https:\/\/www.eurotherm.com\/wp-content\/uploads\/2021\/07\/Cyber-Security-Icons-01-300x300.png","woocommerce_thumbnail-width":300,"woocommerce_thumbnail-height":300,"woocommerce_single":"https:\/\/www.eurotherm.com\/wp-content\/uploads\/2021\/07\/Cyber-Security-Icons-01-600x600.png","woocommerce_single-width":600,"woocommerce_single-height":600,"woocommerce_gallery_thumbnail":"https:\/\/www.eurotherm.com\/wp-content\/uploads\/2021\/07\/Cyber-Security-Icons-01-100x100.png","woocommerce_gallery_thumbnail-width":100,"woocommerce_gallery_thumbnail-height":100}},"pcb_content":"<h2>Prodotti Connessi<\/h2>\n<p>Idealmente, la sicurezza informatica industriale dovrebbe essere prevista in fase di progettazione, ma \u00e8 necessario considerare anche i sistemi esistenti. I nostri prodotti si caratterizzano per funzionalit\u00e0 che aiutano a proteggere i processi da attacchi cibernetici, inoltre la resilienza di prodotti e sistemi esistenti pu\u00f2 essere migliorata attraverso i nostri servizi.<\/p>\n","pcb_button_link":null,"pcb_button_text":""},{"pcb_image":{"ID":118469,"id":118469,"title":"Cyber Security Icons-02","filename":"Cyber-Security-Icons-02.png","filesize":138220,"url":"https:\/\/www.eurotherm.com\/wp-content\/uploads\/2021\/07\/Cyber-Security-Icons-02.png","link":"https:\/\/www.eurotherm.com\/it\/industrial-cybersecurity\/attachment\/cyber-security-icons-02-2\/","alt":"","author":"4","description":"","caption":"","name":"cyber-security-icons-02-2","status":"inherit","uploaded_to":119810,"date":"2021-07-09 13:41:23","modified":"2021-07-09 13:41:23","menu_order":0,"mime_type":"image\/png","type":"image","subtype":"png","icon":"https:\/\/www.eurotherm.com\/wp-includes\/images\/media\/default.png","width":4167,"height":4167,"sizes":{"thumbnail":"https:\/\/www.eurotherm.com\/wp-content\/uploads\/2021\/07\/Cyber-Security-Icons-02-150x150.png","thumbnail-width":150,"thumbnail-height":150,"medium":"https:\/\/www.eurotherm.com\/wp-content\/uploads\/2021\/07\/Cyber-Security-Icons-02-300x300.png","medium-width":300,"medium-height":300,"medium_large":"https:\/\/www.eurotherm.com\/wp-content\/uploads\/2021\/07\/Cyber-Security-Icons-02-768x768.png","medium_large-width":768,"medium_large-height":768,"large":"https:\/\/www.eurotherm.com\/wp-content\/uploads\/2021\/07\/Cyber-Security-Icons-02-1024x1024.png","large-width":1024,"large-height":1024,"1536x1536":"https:\/\/www.eurotherm.com\/wp-content\/uploads\/2021\/07\/Cyber-Security-Icons-02-1536x1536.png","1536x1536-width":1536,"1536x1536-height":1536,"2048x2048":"https:\/\/www.eurotherm.com\/wp-content\/uploads\/2021\/07\/Cyber-Security-Icons-02-2048x2048.png","2048x2048-width":2048,"2048x2048-height":2048,"woocommerce_thumbnail":"https:\/\/www.eurotherm.com\/wp-content\/uploads\/2021\/07\/Cyber-Security-Icons-02-300x300.png","woocommerce_thumbnail-width":300,"woocommerce_thumbnail-height":300,"woocommerce_single":"https:\/\/www.eurotherm.com\/wp-content\/uploads\/2021\/07\/Cyber-Security-Icons-02-600x600.png","woocommerce_single-width":600,"woocommerce_single-height":600,"woocommerce_gallery_thumbnail":"https:\/\/www.eurotherm.com\/wp-content\/uploads\/2021\/07\/Cyber-Security-Icons-02-100x100.png","woocommerce_gallery_thumbnail-width":100,"woocommerce_gallery_thumbnail-height":100}},"pcb_content":"<h2>Controllo Edge<\/h2>\n<p>I servizi per la sicurezza informatica Eurotherm dei sistemi di controllo industriale possono identificare e integrare miglioramenti nel sistema e nel processo di sviluppo, compresi test e convalida rigorosi per rafforzare la resilienza operativa.<\/p>\n","pcb_button_link":null,"pcb_button_text":""},{"pcb_image":{"ID":118483,"id":118483,"title":"Cyber Security Icons-03","filename":"Cyber-Security-Icons-03.png","filesize":189283,"url":"https:\/\/www.eurotherm.com\/wp-content\/uploads\/2021\/07\/Cyber-Security-Icons-03.png","link":"https:\/\/www.eurotherm.com\/it\/industrial-cybersecurity\/attachment\/cyber-security-icons-03-2\/","alt":"","author":"4","description":"","caption":"","name":"cyber-security-icons-03-2","status":"inherit","uploaded_to":119810,"date":"2021-07-09 13:41:40","modified":"2021-07-09 13:41:40","menu_order":0,"mime_type":"image\/png","type":"image","subtype":"png","icon":"https:\/\/www.eurotherm.com\/wp-includes\/images\/media\/default.png","width":4167,"height":4167,"sizes":{"thumbnail":"https:\/\/www.eurotherm.com\/wp-content\/uploads\/2021\/07\/Cyber-Security-Icons-03-150x150.png","thumbnail-width":150,"thumbnail-height":150,"medium":"https:\/\/www.eurotherm.com\/wp-content\/uploads\/2021\/07\/Cyber-Security-Icons-03-300x300.png","medium-width":300,"medium-height":300,"medium_large":"https:\/\/www.eurotherm.com\/wp-content\/uploads\/2021\/07\/Cyber-Security-Icons-03-768x768.png","medium_large-width":768,"medium_large-height":768,"large":"https:\/\/www.eurotherm.com\/wp-content\/uploads\/2021\/07\/Cyber-Security-Icons-03-1024x1024.png","large-width":1024,"large-height":1024,"1536x1536":"https:\/\/www.eurotherm.com\/wp-content\/uploads\/2021\/07\/Cyber-Security-Icons-03-1536x1536.png","1536x1536-width":1536,"1536x1536-height":1536,"2048x2048":"https:\/\/www.eurotherm.com\/wp-content\/uploads\/2021\/07\/Cyber-Security-Icons-03-2048x2048.png","2048x2048-width":2048,"2048x2048-height":2048,"woocommerce_thumbnail":"https:\/\/www.eurotherm.com\/wp-content\/uploads\/2021\/07\/Cyber-Security-Icons-03-300x300.png","woocommerce_thumbnail-width":300,"woocommerce_thumbnail-height":300,"woocommerce_single":"https:\/\/www.eurotherm.com\/wp-content\/uploads\/2021\/07\/Cyber-Security-Icons-03-600x600.png","woocommerce_single-width":600,"woocommerce_single-height":600,"woocommerce_gallery_thumbnail":"https:\/\/www.eurotherm.com\/wp-content\/uploads\/2021\/07\/Cyber-Security-Icons-03-100x100.png","woocommerce_gallery_thumbnail-width":100,"woocommerce_gallery_thumbnail-height":100}},"pcb_content":"<h2>App, Analytics &amp; Servizi<\/h2>\n<p>La protezione cibernetica \u00e8 ancora pi\u00f9 complessa quando il software utilizzato per gestire un&#8217;azienda origina da pi\u00f9 fonti. Questo \u00e8 un livello fondamentale all&#8217;interno di una soluzione per la sicurezza informatica complessiva.<\/p>\n","pcb_button_link":null,"pcb_button_text":""}]},{"acf_fc_layout":"grey_title_row","grey_title":"Esistono standard di sicurezza informatica per i sistemi di controllo industriale?"},{"acf_fc_layout":"full_width_text_block","full_text_block":"<h2>IEC 62443<\/h2>\n<p>Esistono diversi standard per la sicurezza informatica dei sistemi di controllo industriale. Eurotherm individua in ISA\/IEC 62443 uno standard maturo che fornisce una copertura completa. ISA\/IEC 62443 si compone di una serie di standard sviluppati dall&#8217;International Electrotechnical Commission (IEC). Fornisce un quadro per affrontare e mitigare le vulnerabilit\u00e0 di sicurezza attuali e future nell&#8217;automazione industriale e nei sistemi di controllo (IACS).<\/p>\n<p>I nostri <a href=\"https:\/\/www.eurotherm.com\/it\/industrial-cybersecurity\/products-with-cybersecurity-features\/\">prodotti di automazione industriale<\/a> e <a href=\"https:\/\/www.eurotherm.com\/it\/industrial-cybersecurity\/industrial-cybersecurity-services\/\">servizi di sicurezza informatica<\/a> possono contribuire a contenere le vulnerabilit\u00e0 dell&#8217;azienda, oltre a supportare l&#8217;adozione di modelli di business IIoT.<\/p>\n","button_link":null,"button_text":"","remove_top_margin":false,"remove_bottom_margin":false},{"acf_fc_layout":"dark_column_block","dark_text_block":"<h2><strong>Scopri la nostra offerta per la sicurezza informatica<\/strong><\/h2>\n","dark_background_image":{"ID":117625,"id":117625,"title":"GettyImages-160673315","filename":"GettyImages-160673315.jpg","filesize":404947,"url":"https:\/\/www.eurotherm.com\/wp-content\/uploads\/2021\/06\/GettyImages-160673315.jpg","link":"https:\/\/www.eurotherm.com\/it\/industrial-cybersecurity\/attachment\/gettyimages-160673315-2\/","alt":"","author":"4","description":"","caption":"","name":"gettyimages-160673315-2","status":"inherit","uploaded_to":119810,"date":"2021-06-25 11:15:15","modified":"2021-06-25 11:15:15","menu_order":0,"mime_type":"image\/jpeg","type":"image","subtype":"jpeg","icon":"https:\/\/www.eurotherm.com\/wp-includes\/images\/media\/default.png","width":1400,"height":933,"sizes":{"thumbnail":"https:\/\/www.eurotherm.com\/wp-content\/uploads\/2021\/06\/GettyImages-160673315-150x150.jpg","thumbnail-width":150,"thumbnail-height":150,"medium":"https:\/\/www.eurotherm.com\/wp-content\/uploads\/2021\/06\/GettyImages-160673315-300x200.jpg","medium-width":300,"medium-height":200,"medium_large":"https:\/\/www.eurotherm.com\/wp-content\/uploads\/2021\/06\/GettyImages-160673315-768x512.jpg","medium_large-width":768,"medium_large-height":512,"large":"https:\/\/www.eurotherm.com\/wp-content\/uploads\/2021\/06\/GettyImages-160673315-1024x682.jpg","large-width":1024,"large-height":682,"1536x1536":"https:\/\/www.eurotherm.com\/wp-content\/uploads\/2021\/06\/GettyImages-160673315.jpg","1536x1536-width":1400,"1536x1536-height":933,"2048x2048":"https:\/\/www.eurotherm.com\/wp-content\/uploads\/2021\/06\/GettyImages-160673315.jpg","2048x2048-width":1400,"2048x2048-height":933,"woocommerce_thumbnail":"https:\/\/www.eurotherm.com\/wp-content\/uploads\/2021\/06\/GettyImages-160673315-300x300.jpg","woocommerce_thumbnail-width":300,"woocommerce_thumbnail-height":300,"woocommerce_single":"https:\/\/www.eurotherm.com\/wp-content\/uploads\/2021\/06\/GettyImages-160673315-600x400.jpg","woocommerce_single-width":600,"woocommerce_single-height":400,"woocommerce_gallery_thumbnail":"https:\/\/www.eurotherm.com\/wp-content\/uploads\/2021\/06\/GettyImages-160673315-100x100.jpg","woocommerce_gallery_thumbnail-width":100,"woocommerce_gallery_thumbnail-height":100}},"dark_buttons":[{"dark_button_link":"\/industrial-cybersecurity\/products-with-cybersecurity-features\/","dark_button_text":"Prodotti"},{"dark_button_link":"\/industrial-cybersecurity\/industrial-cybersecurity-services\/","dark_button_text":"Servizi"}],"dark_reduce_padding":false,"dark_reduce_text_width":false}],"show_sidebar":false,"display_accreditations":false},"jetpack_sharing_enabled":true,"_links":{"self":[{"href":"https:\/\/www.eurotherm.com\/it\/wp-json\/wp\/v2\/pages\/119810","targetHints":{"allow":["GET"]}}],"collection":[{"href":"https:\/\/www.eurotherm.com\/it\/wp-json\/wp\/v2\/pages"}],"about":[{"href":"https:\/\/www.eurotherm.com\/it\/wp-json\/wp\/v2\/types\/page"}],"author":[{"embeddable":true,"href":"https:\/\/www.eurotherm.com\/it\/wp-json\/wp\/v2\/users\/4"}],"replies":[{"embeddable":true,"href":"https:\/\/www.eurotherm.com\/it\/wp-json\/wp\/v2\/comments?post=119810"}],"version-history":[{"count":10,"href":"https:\/\/www.eurotherm.com\/it\/wp-json\/wp\/v2\/pages\/119810\/revisions"}],"predecessor-version":[{"id":145129,"href":"https:\/\/www.eurotherm.com\/it\/wp-json\/wp\/v2\/pages\/119810\/revisions\/145129"}],"wp:attachment":[{"href":"https:\/\/www.eurotherm.com\/it\/wp-json\/wp\/v2\/media?parent=119810"}],"curies":[{"name":"wp","href":"https:\/\/api.w.org\/{rel}","templated":true}]}}