{"id":22198,"date":"2018-10-15T08:52:45","date_gmt":"2018-10-15T08:52:45","guid":{"rendered":"https:\/\/www.eurotherm.com\/product\/serveurs-opc-et-programmes-de-gestion-des-entrees-sorties\/"},"modified":"2019-05-20T08:53:18","modified_gmt":"2019-05-20T08:53:18","slug":"opc-servers-and-i-o-drivers","status":"publish","type":"product","link":"https:\/\/www.eurotherm.com\/fr\/products\/systeme-de-controle\/solutions-logicielles\/opc-servers-and-i-o-drivers\/","title":{"rendered":"Serveurs OPC et programmes de gestion des Entr\u00e9es\/Sorties"},"content":{"rendered":"<p>Communication ouverte avec les produits Eurotherm et programmes de gestion sp\u00e9cialis\u00e9s pour des ensembles logiciels:<\/p>\n<ul>\n<li>Wonderware<\/li>\n<li>Intellution FIX32 et iFIX<\/li>\n<\/ul>\n<p>Eurotherm propose un serveur OPC qui peut \u00eatre utilis\u00e9 pour interfacer un r\u00e9seau LIN avec tout serveur tiers OPC Data Access 2 client.<\/p>\n<p>Compatible avec:<\/p>\n<ul>\n<li>Protocole LIN sur Ethernet TCP\/IP (ELIN)<\/li>\n<li>Protocole LIN sur Arcnet (ALIN)<\/li>\n<li>Modbus RTU sur liaison s\u00e9rie<\/li>\n<li>Modbus TCP<\/li>\n<\/ul>\n<p>Peut communiquer avec n&rsquo;importe quel appareil communicant avec Modbus RTU.<\/p>\n","protected":false},"excerpt":{"rendered":"<p>Serveur OPC pour :<\/p>\n<ul>\n<li>Appareils Modbus<\/li>\n<li>Instruments LIN<\/li>\n<li>Programmes de gestion des E\/S<\/li>\n<li>Intellution FIX32 et iFIX<\/li>\n<li>Protocole Wonderware\u00ae SuiteLink\u2122<\/li>\n<li>Comprend des outils perfectionn\u00e9s de diagnostic de communication et de surveillance<\/li>\n<\/ul>\n","protected":false},"featured_media":16198,"template":"","meta":{"_acf_changed":false},"product_brand":[],"product_cat":[12168,12191,12170,1110],"product_tag":[],"class_list":{"0":"post-22198","1":"product","2":"type-product","3":"status-publish","4":"has-post-thumbnail","6":"product_cat-systeme-de-controle","7":"product_cat-solutions-logicielles","8":"product_cat-plc-and-pac-fr","9":"product_cat-produits","10":"product_shipping_class-1-fr","12":"first","13":"instock","14":"purchasable","15":"product-type-simple"},"acf":[],"yoast_head":"<!-- This site is optimized with the Yoast SEO plugin v27.2 - https:\/\/yoast.com\/product\/yoast-seo-wordpress\/ -->\n<title>Serveurs OPC et programmes de gestion des Entr\u00e9es\/Sorties | Eurotherm Limited<\/title>\n<meta name=\"description\" content=\"Serveurs OPC et programmes de gestion des Entr\u00e9es\/Sorties | Communication ouverte avec les produits Eurotherm et programmes de gestion sp\u00e9cialis\u00e9s pour des ense\" \/>\n<meta name=\"robots\" content=\"index, follow, max-snippet:-1, max-image-preview:large, max-video-preview:-1\" \/>\n<meta property=\"og:locale\" content=\"fr_FR\" \/>\n<meta property=\"og:type\" content=\"article\" \/>\n<meta property=\"og:title\" content=\"Serveurs OPC et programmes de gestion des Entr\u00e9es\/Sorties | Eurotherm Limited\" \/>\n<meta property=\"og:description\" content=\"Serveurs OPC et programmes de gestion des Entr\u00e9es\/Sorties | Serveur OPC pour :   Appareils Modbus  Instruments LIN  Programmes de gestion des E\/S  Intellution FIX32 et iFIX  Protocole Wonderware\u00ae SuiteLink\u2122  Comprend des outils perfectionn\u00e9s de diagnostic de communication et de surveillance\" \/>\n<meta property=\"og:url\" content=\"https:\/\/www.eurotherm.com\/fr\/products\/systeme-de-controle\/solutions-logicielles\/opc-servers-and-i-o-drivers\/\" \/>\n<meta property=\"og:site_name\" content=\"Eurotherm Limited\" \/>\n<meta property=\"article:modified_time\" content=\"2019-05-20T08:53:18+00:00\" \/>\n<meta property=\"og:image\" content=\"https:\/\/www.eurotherm.com\/wp-content\/uploads\/2018\/10\/OPC-Server.jpg\" \/>\n\t<meta property=\"og:image:width\" content=\"500\" \/>\n\t<meta property=\"og:image:height\" content=\"500\" \/>\n\t<meta property=\"og:image:type\" content=\"image\/jpeg\" \/>\n<meta name=\"twitter:card\" content=\"summary_large_image\" \/>\n<script type=\"application\/ld+json\" class=\"yoast-schema-graph\">{\"@context\":\"https:\/\/schema.org\",\"@graph\":[{\"@type\":\"WebPage\",\"@id\":\"https:\/\/www.eurotherm.com\/fr\/products\/systeme-de-controle\/solutions-logicielles\/opc-servers-and-i-o-drivers\/\",\"url\":\"https:\/\/www.eurotherm.com\/fr\/products\/systeme-de-controle\/solutions-logicielles\/opc-servers-and-i-o-drivers\/\",\"name\":\"Serveurs OPC et programmes de gestion des Entr\u00e9es\/Sorties | Eurotherm Limited\",\"isPartOf\":{\"@id\":\"https:\/\/www.eurotherm.com\/fr\/#website\"},\"primaryImageOfPage\":{\"@id\":\"https:\/\/www.eurotherm.com\/fr\/products\/systeme-de-controle\/solutions-logicielles\/opc-servers-and-i-o-drivers\/#primaryimage\"},\"image\":{\"@id\":\"https:\/\/www.eurotherm.com\/fr\/products\/systeme-de-controle\/solutions-logicielles\/opc-servers-and-i-o-drivers\/#primaryimage\"},\"thumbnailUrl\":\"https:\/\/www.eurotherm.com\/wp-content\/uploads\/2018\/10\/OPC-Server.jpg\",\"datePublished\":\"2018-10-15T08:52:45+00:00\",\"dateModified\":\"2019-05-20T08:53:18+00:00\",\"description\":\"Serveurs OPC et programmes de gestion des Entr\u00e9es\/Sorties | Serveur OPC pour : Appareils Modbus Instruments LIN Programmes de gestion des E\/S Intellution FIX32 et iFIX Protocole Wonderware\u00ae SuiteLink\u2122 Comprend des outils perfectionn\u00e9s de diagnostic de communication et de surveillance\",\"breadcrumb\":{\"@id\":\"https:\/\/www.eurotherm.com\/fr\/products\/systeme-de-controle\/solutions-logicielles\/opc-servers-and-i-o-drivers\/#breadcrumb\"},\"inLanguage\":\"fr-FR\",\"potentialAction\":[{\"@type\":\"ReadAction\",\"target\":[\"https:\/\/www.eurotherm.com\/fr\/products\/systeme-de-controle\/solutions-logicielles\/opc-servers-and-i-o-drivers\/\"]}]},{\"@type\":\"ImageObject\",\"inLanguage\":\"fr-FR\",\"@id\":\"https:\/\/www.eurotherm.com\/fr\/products\/systeme-de-controle\/solutions-logicielles\/opc-servers-and-i-o-drivers\/#primaryimage\",\"url\":\"https:\/\/www.eurotherm.com\/wp-content\/uploads\/2018\/10\/OPC-Server.jpg\",\"contentUrl\":\"https:\/\/www.eurotherm.com\/wp-content\/uploads\/2018\/10\/OPC-Server.jpg\",\"width\":500,\"height\":500},{\"@type\":\"BreadcrumbList\",\"@id\":\"https:\/\/www.eurotherm.com\/fr\/products\/systeme-de-controle\/solutions-logicielles\/opc-servers-and-i-o-drivers\/#breadcrumb\",\"itemListElement\":[{\"@type\":\"ListItem\",\"position\":1,\"name\":\"Home\",\"item\":\"https:\/\/www.eurotherm.com\/fr\/\"},{\"@type\":\"ListItem\",\"position\":2,\"name\":\"Product Catalogue\",\"item\":\"https:\/\/www.eurotherm.com\/fr\/product-catalogue\/\"},{\"@type\":\"ListItem\",\"position\":3,\"name\":\"Syst\u00e8me de Contr\u00f4le\",\"item\":\"https:\/\/www.eurotherm.com\/fr\/eurotherm-products\/systeme-de-controle\/\"},{\"@type\":\"ListItem\",\"position\":4,\"name\":\"Solutions logicielles\",\"item\":\"https:\/\/www.eurotherm.com\/fr\/eurotherm-products\/systeme-de-controle\/solutions-logicielles\/\"},{\"@type\":\"ListItem\",\"position\":5,\"name\":\"Serveurs OPC et programmes de gestion des Entr\u00e9es\/Sorties\"}]},{\"@type\":\"WebSite\",\"@id\":\"https:\/\/www.eurotherm.com\/fr\/#website\",\"url\":\"https:\/\/www.eurotherm.com\/fr\/\",\"name\":\"Eurotherm Limited\",\"description\":\"Temperature Control, Process Control, Measurement and Data Recording Solutions\",\"potentialAction\":[{\"@type\":\"SearchAction\",\"target\":{\"@type\":\"EntryPoint\",\"urlTemplate\":\"https:\/\/www.eurotherm.com\/fr\/?s={search_term_string}\"},\"query-input\":{\"@type\":\"PropertyValueSpecification\",\"valueRequired\":true,\"valueName\":\"search_term_string\"}}],\"inLanguage\":\"fr-FR\"}]}<\/script>\n<!-- \/ Yoast SEO plugin. -->","yoast_head_json":{"title":"Serveurs OPC et programmes de gestion des Entr\u00e9es\/Sorties | Eurotherm Limited","description":"Serveurs OPC et programmes de gestion des Entr\u00e9es\/Sorties | Communication ouverte avec les produits Eurotherm et programmes de gestion sp\u00e9cialis\u00e9s pour des ense","robots":{"index":"index","follow":"follow","max-snippet":"max-snippet:-1","max-image-preview":"max-image-preview:large","max-video-preview":"max-video-preview:-1"},"og_locale":"fr_FR","og_type":"article","og_title":"Serveurs OPC et programmes de gestion des Entr\u00e9es\/Sorties | Eurotherm Limited","og_description":"Serveurs OPC et programmes de gestion des Entr\u00e9es\/Sorties | Serveur OPC pour :   Appareils Modbus  Instruments LIN  Programmes de gestion des E\/S  Intellution FIX32 et iFIX  Protocole Wonderware\u00ae SuiteLink\u2122  Comprend des outils perfectionn\u00e9s de diagnostic de communication et de surveillance","og_url":"https:\/\/www.eurotherm.com\/fr\/products\/systeme-de-controle\/solutions-logicielles\/opc-servers-and-i-o-drivers\/","og_site_name":"Eurotherm Limited","article_modified_time":"2019-05-20T08:53:18+00:00","og_image":[{"width":500,"height":500,"url":"https:\/\/www.eurotherm.com\/wp-content\/uploads\/2018\/10\/OPC-Server.jpg","type":"image\/jpeg"}],"twitter_card":"summary_large_image","schema":{"@context":"https:\/\/schema.org","@graph":[{"@type":"WebPage","@id":"https:\/\/www.eurotherm.com\/fr\/products\/systeme-de-controle\/solutions-logicielles\/opc-servers-and-i-o-drivers\/","url":"https:\/\/www.eurotherm.com\/fr\/products\/systeme-de-controle\/solutions-logicielles\/opc-servers-and-i-o-drivers\/","name":"Serveurs OPC et programmes de gestion des Entr\u00e9es\/Sorties | Eurotherm Limited","isPartOf":{"@id":"https:\/\/www.eurotherm.com\/fr\/#website"},"primaryImageOfPage":{"@id":"https:\/\/www.eurotherm.com\/fr\/products\/systeme-de-controle\/solutions-logicielles\/opc-servers-and-i-o-drivers\/#primaryimage"},"image":{"@id":"https:\/\/www.eurotherm.com\/fr\/products\/systeme-de-controle\/solutions-logicielles\/opc-servers-and-i-o-drivers\/#primaryimage"},"thumbnailUrl":"https:\/\/www.eurotherm.com\/wp-content\/uploads\/2018\/10\/OPC-Server.jpg","datePublished":"2018-10-15T08:52:45+00:00","dateModified":"2019-05-20T08:53:18+00:00","description":"Serveurs OPC et programmes de gestion des Entr\u00e9es\/Sorties | Serveur OPC pour : Appareils Modbus Instruments LIN Programmes de gestion des E\/S Intellution FIX32 et iFIX Protocole Wonderware\u00ae SuiteLink\u2122 Comprend des outils perfectionn\u00e9s de diagnostic de communication et de surveillance","breadcrumb":{"@id":"https:\/\/www.eurotherm.com\/fr\/products\/systeme-de-controle\/solutions-logicielles\/opc-servers-and-i-o-drivers\/#breadcrumb"},"inLanguage":"fr-FR","potentialAction":[{"@type":"ReadAction","target":["https:\/\/www.eurotherm.com\/fr\/products\/systeme-de-controle\/solutions-logicielles\/opc-servers-and-i-o-drivers\/"]}]},{"@type":"ImageObject","inLanguage":"fr-FR","@id":"https:\/\/www.eurotherm.com\/fr\/products\/systeme-de-controle\/solutions-logicielles\/opc-servers-and-i-o-drivers\/#primaryimage","url":"https:\/\/www.eurotherm.com\/wp-content\/uploads\/2018\/10\/OPC-Server.jpg","contentUrl":"https:\/\/www.eurotherm.com\/wp-content\/uploads\/2018\/10\/OPC-Server.jpg","width":500,"height":500},{"@type":"BreadcrumbList","@id":"https:\/\/www.eurotherm.com\/fr\/products\/systeme-de-controle\/solutions-logicielles\/opc-servers-and-i-o-drivers\/#breadcrumb","itemListElement":[{"@type":"ListItem","position":1,"name":"Home","item":"https:\/\/www.eurotherm.com\/fr\/"},{"@type":"ListItem","position":2,"name":"Product Catalogue","item":"https:\/\/www.eurotherm.com\/fr\/product-catalogue\/"},{"@type":"ListItem","position":3,"name":"Syst\u00e8me de Contr\u00f4le","item":"https:\/\/www.eurotherm.com\/fr\/eurotherm-products\/systeme-de-controle\/"},{"@type":"ListItem","position":4,"name":"Solutions logicielles","item":"https:\/\/www.eurotherm.com\/fr\/eurotherm-products\/systeme-de-controle\/solutions-logicielles\/"},{"@type":"ListItem","position":5,"name":"Serveurs OPC et programmes de gestion des Entr\u00e9es\/Sorties"}]},{"@type":"WebSite","@id":"https:\/\/www.eurotherm.com\/fr\/#website","url":"https:\/\/www.eurotherm.com\/fr\/","name":"Eurotherm Limited","description":"Temperature Control, Process Control, Measurement and Data Recording Solutions","potentialAction":[{"@type":"SearchAction","target":{"@type":"EntryPoint","urlTemplate":"https:\/\/www.eurotherm.com\/fr\/?s={search_term_string}"},"query-input":{"@type":"PropertyValueSpecification","valueRequired":true,"valueName":"search_term_string"}}],"inLanguage":"fr-FR"}]}},"ACF":{"product_file":[27454,27942,27866,27943,27939,27584,27938,27497,28878,28879,28880,28881,28882,125596,28206,28229]},"jetpack_sharing_enabled":true,"_links":{"self":[{"href":"https:\/\/www.eurotherm.com\/fr\/wp-json\/wp\/v2\/product\/22198","targetHints":{"allow":["GET"]}}],"collection":[{"href":"https:\/\/www.eurotherm.com\/fr\/wp-json\/wp\/v2\/product"}],"about":[{"href":"https:\/\/www.eurotherm.com\/fr\/wp-json\/wp\/v2\/types\/product"}],"wp:featuredmedia":[{"embeddable":true,"href":"https:\/\/www.eurotherm.com\/fr\/wp-json\/wp\/v2\/media\/16198"}],"wp:attachment":[{"href":"https:\/\/www.eurotherm.com\/fr\/wp-json\/wp\/v2\/media?parent=22198"}],"wp:term":[{"taxonomy":"product_brand","embeddable":true,"href":"https:\/\/www.eurotherm.com\/fr\/wp-json\/wp\/v2\/product_brand?post=22198"},{"taxonomy":"product_cat","embeddable":true,"href":"https:\/\/www.eurotherm.com\/fr\/wp-json\/wp\/v2\/product_cat?post=22198"},{"taxonomy":"product_tag","embeddable":true,"href":"https:\/\/www.eurotherm.com\/fr\/wp-json\/wp\/v2\/product_tag?post=22198"}],"curies":[{"name":"wp","href":"https:\/\/api.w.org\/{rel}","templated":true}]}}