{"id":22197,"date":"2018-10-15T08:53:21","date_gmt":"2018-10-15T08:53:21","guid":{"rendered":"https:\/\/www.eurotherm.com\/product\/security-manager\/"},"modified":"2020-02-29T09:19:21","modified_gmt":"2020-02-29T09:19:21","slug":"security-manager","status":"publish","type":"product","link":"https:\/\/www.eurotherm.com\/fr\/products\/systeme-de-controle\/solutions-logicielles\/security-manager\/","title":{"rendered":"Security Manager"},"content":{"rendered":"<p>De plus en plus d&rsquo;industries font la transition vers la technologie informatique pour r\u00e9soudre leurs probl\u00e8mes d&rsquo;acquisition et de stockage des donn\u00e9es.<\/p>\n<p>Les avantages de cette technologie sont nombreux. Les donn\u00e9es \u00e9tant collect\u00e9es et disponibles sous forme \u00e9lectronique, elles peuvent \u00eatre envoy\u00e9es \u00e0 n&rsquo;importe quel PC partout dans le monde, sur une connexion LAN. Les utilisateurs peuvent \u00e9galement acc\u00e9der au syst\u00e8me \u00e0 distance. Un inconv\u00e9nient est que le syst\u00e8me et donc les donn\u00e9es pourraient \u00eatre expos\u00e9s \u00e0 des acc\u00e8s d&rsquo;utilisateurs non autoris\u00e9s.<\/p>\n<p>Security Manager r\u00e9duit consid\u00e9rablement le co\u00fbt et les ressources requises pour impl\u00e9menter les changements sur des syst\u00e8mes s\u00e9curis\u00e9s en permettant d&rsquo;effectuer l&rsquo;op\u00e9ration \u00e0 partir d&rsquo;un PC central ou de plusieurs PC sp\u00e9cifi\u00e9s.<\/p>\n<p>Security Manager est un syst\u00e8me de s\u00e9curit\u00e9 centralis\u00e9 permettant de contr\u00f4ler les noms d&rsquo;utilisateur, les mots de passe et les droits d&rsquo;acc\u00e8s. Con\u00e7u pour aider \u00e0 la mise en conformit\u00e9 selon la r\u00e9glementation f\u00e9d\u00e9rale 21 CFR Part 11 pour l&rsquo;industrie pharmaceutique. Security Manager peut \u00e9galement \u00eatre utilis\u00e9 pour aider les utilisateurs \u00e0 respecter les directives d\u00e9taill\u00e9es dans l&rsquo;annexe 03 du GAMP4 &#8211; Guidelines for Automated System Security.<\/p>\n<h3>Tra\u00e7abilit\u00e9<\/h3>\n<p>Security Manager offre un \u00ab\u00a0audit trail\u00a0\u00bb pour les \u00e9v\u00e9nements suivants :<\/p>\n<ul>\n<li>Connexion\/d\u00e9connexion utilisateur<\/li>\n<li>Echec de tentative de connexion<\/li>\n<li>Enregistrement des changements de configuration dans la base de donn\u00e9es Security Manager<\/li>\n<li>D\u00e9ploiement de Security Manager<\/li>\n<li>Base de donn\u00e9es<\/li>\n<\/ul>\n<p>\u00ab\u00a0L&rsquo;audit trail\u00a0\u00bb de Security Manager peut \u00eatre examin\u00e9 \u00e0 l&rsquo;aide du logiciel Eurotherm Review.<\/p>\n<p>&nbsp;<\/p>\n<h3>Mot de passe unique<\/h3>\n<p>Pour s&rsquo;assurer que les mots de passe des utilisateurs restent uniques tout au long de la dur\u00e9e de vie du produit, les ID d&rsquo;utilisateurs d\u00e9sactiv\u00e9s sont conserv\u00e9s.<\/p>\n<h3>Signatures \u00e9lectroniques<\/h3>\n<p>L&rsquo;utilisation de signatures \u00e9lectroniques dans Security Manager est configurable. Si elle est activ\u00e9e, les utilisateurs doivent entrer une signature ou une signature d&rsquo;autorisation pour mettre \u00e0 jour la base de donn\u00e9es de Security Manager. Si les signatures sont requises, seuls les utilisateurs poss\u00e9dant les droits d&rsquo;acc\u00e8s appropri\u00e9s peuvent signer et\/ou autoriser.<\/p>\n<ul>\n<li>\u00ab\u00a0Audit trail\u00a0\u00bb inviolable<\/li>\n<li>Mot de passe unique<\/li>\n<li>Signatures \u00e9lectroniques<\/li>\n<li>R\u00e9sout les probl\u00e8mes d&rsquo;acquisition et de stockage des donn\u00e9es<\/li>\n<li>Con\u00e7u pour r\u00e9pondre aux exigences 21 CFR Part 11 (FDA)<\/li>\n<li>Donn\u00e9es collect\u00e9es et transmises sur une connexion LAN<\/li>\n<li>Acc\u00e8s du syst\u00e8me \u00e0 distance<\/li>\n<\/ul>\n","protected":false},"excerpt":{"rendered":"<h2>Security Manager &#8211; Un outil de s\u00e9curit\u00e9 commun pour des gammes de produits multiples<\/h2>\n<p>Permet la maintenance des comptes utilisateurs et des mots de passe \u00e0 partir d&rsquo;un ou de plusieurs emplacements.<\/p>\n<p>Security Manager peut configurer les \u00e9l\u00e9ments suivants :<\/p>\n<ul>\n<li>Enregistreurs s\u00e9rie 5000<\/li>\n<li>Enregistreurs s\u00e9rie 6000<\/li>\n<li>Panels contr\u00f4leurs Eycon<\/li>\n<li>Operations Viewer<\/li>\n<li>Eurotherm Review et Review Quickchart<\/li>\n<\/ul>\n","protected":false},"featured_media":15750,"template":"","meta":{"_acf_changed":false},"product_brand":[],"product_cat":[12168,12191,12170,1110,12151,12167],"product_tag":[],"class_list":{"0":"post-22197","1":"product","2":"type-product","3":"status-publish","4":"has-post-thumbnail","6":"product_cat-systeme-de-controle","7":"product_cat-solutions-logicielles","8":"product_cat-plc-and-pac-fr","9":"product_cat-produits","10":"product_cat-enregistreurs-et-gestion-des-donnees","11":"product_cat-logiciels-de-gestion-des-donnees","12":"product_shipping_class-1-fr","14":"first","15":"instock","16":"purchasable","17":"product-type-simple"},"acf":[],"yoast_head":"<!-- This site is optimized with the Yoast SEO plugin v27.2 - https:\/\/yoast.com\/product\/yoast-seo-wordpress\/ -->\n<title>Security Manager | Eurotherm Limited<\/title>\n<meta name=\"description\" content=\"Security Manager | De plus en plus d&#039;industries font la transition vers la technologie informatique pour r\u00e9soudre leurs probl\u00e8mes d&#039;acquisition et de stockage d\" \/>\n<meta name=\"robots\" content=\"index, follow, max-snippet:-1, max-image-preview:large, max-video-preview:-1\" \/>\n<meta property=\"og:locale\" content=\"fr_FR\" \/>\n<meta property=\"og:type\" content=\"article\" \/>\n<meta property=\"og:title\" content=\"Security Manager | Eurotherm Limited\" \/>\n<meta property=\"og:description\" content=\"Security Manager | Security Manager - Un outil de s\u00e9curit\u00e9 commun pour des gammes de produits multiples Permet la maintenance des comptes utilisateurs et des mots de passe \u00e0 partir d&#039;un ou de plusieurs emplacements.  Security Manager peut configurer les \u00e9l\u00e9ments suivants :   Enregistreurs s\u00e9rie 5000  Enregistreurs s\u00e9rie 6000  Panels contr\u00f4leurs Eycon  Operations Viewer  Eurotherm Review et Review Quickchart\" \/>\n<meta property=\"og:url\" content=\"https:\/\/www.eurotherm.com\/fr\/products\/systeme-de-controle\/solutions-logicielles\/security-manager\/\" \/>\n<meta property=\"og:site_name\" content=\"Eurotherm Limited\" \/>\n<meta property=\"article:modified_time\" content=\"2020-02-29T09:19:21+00:00\" \/>\n<meta property=\"og:image\" content=\"https:\/\/www.eurotherm.com\/wp-content\/uploads\/2018\/10\/Security_manager.jpg\" \/>\n\t<meta property=\"og:image:width\" content=\"500\" \/>\n\t<meta property=\"og:image:height\" content=\"500\" \/>\n\t<meta property=\"og:image:type\" content=\"image\/jpeg\" \/>\n<meta name=\"twitter:card\" content=\"summary_large_image\" \/>\n<meta name=\"twitter:label1\" content=\"Dur\u00e9e de lecture estim\u00e9e\" \/>\n\t<meta name=\"twitter:data1\" content=\"2 minutes\" \/>\n<script type=\"application\/ld+json\" class=\"yoast-schema-graph\">{\"@context\":\"https:\/\/schema.org\",\"@graph\":[{\"@type\":\"WebPage\",\"@id\":\"https:\/\/www.eurotherm.com\/fr\/products\/systeme-de-controle\/solutions-logicielles\/security-manager\/\",\"url\":\"https:\/\/www.eurotherm.com\/fr\/products\/systeme-de-controle\/solutions-logicielles\/security-manager\/\",\"name\":\"Security Manager | Eurotherm Limited\",\"isPartOf\":{\"@id\":\"https:\/\/www.eurotherm.com\/fr\/#website\"},\"primaryImageOfPage\":{\"@id\":\"https:\/\/www.eurotherm.com\/fr\/products\/systeme-de-controle\/solutions-logicielles\/security-manager\/#primaryimage\"},\"image\":{\"@id\":\"https:\/\/www.eurotherm.com\/fr\/products\/systeme-de-controle\/solutions-logicielles\/security-manager\/#primaryimage\"},\"thumbnailUrl\":\"https:\/\/www.eurotherm.com\/wp-content\/uploads\/2018\/10\/Security_manager.jpg\",\"datePublished\":\"2018-10-15T08:53:21+00:00\",\"dateModified\":\"2020-02-29T09:19:21+00:00\",\"description\":\"Security Manager | Security Manager - Un outil de s\u00e9curit\u00e9 commun pour des gammes de produits multiples Permet la maintenance des comptes utilisateurs et des mots de passe \u00e0 partir d'un ou de plusieurs emplacements. Security Manager peut configurer les \u00e9l\u00e9ments suivants : Enregistreurs s\u00e9rie 5000 Enregistreurs s\u00e9rie 6000 Panels contr\u00f4leurs Eycon Operations Viewer Eurotherm Review et Review Quickchart\",\"breadcrumb\":{\"@id\":\"https:\/\/www.eurotherm.com\/fr\/products\/systeme-de-controle\/solutions-logicielles\/security-manager\/#breadcrumb\"},\"inLanguage\":\"fr-FR\",\"potentialAction\":[{\"@type\":\"ReadAction\",\"target\":[\"https:\/\/www.eurotherm.com\/fr\/products\/systeme-de-controle\/solutions-logicielles\/security-manager\/\"]}]},{\"@type\":\"ImageObject\",\"inLanguage\":\"fr-FR\",\"@id\":\"https:\/\/www.eurotherm.com\/fr\/products\/systeme-de-controle\/solutions-logicielles\/security-manager\/#primaryimage\",\"url\":\"https:\/\/www.eurotherm.com\/wp-content\/uploads\/2018\/10\/Security_manager.jpg\",\"contentUrl\":\"https:\/\/www.eurotherm.com\/wp-content\/uploads\/2018\/10\/Security_manager.jpg\",\"width\":500,\"height\":500},{\"@type\":\"BreadcrumbList\",\"@id\":\"https:\/\/www.eurotherm.com\/fr\/products\/systeme-de-controle\/solutions-logicielles\/security-manager\/#breadcrumb\",\"itemListElement\":[{\"@type\":\"ListItem\",\"position\":1,\"name\":\"Home\",\"item\":\"https:\/\/www.eurotherm.com\/fr\/\"},{\"@type\":\"ListItem\",\"position\":2,\"name\":\"Product Catalogue\",\"item\":\"https:\/\/www.eurotherm.com\/fr\/product-catalogue\/\"},{\"@type\":\"ListItem\",\"position\":3,\"name\":\"Syst\u00e8me de Contr\u00f4le\",\"item\":\"https:\/\/www.eurotherm.com\/fr\/eurotherm-products\/systeme-de-controle\/\"},{\"@type\":\"ListItem\",\"position\":4,\"name\":\"Solutions logicielles\",\"item\":\"https:\/\/www.eurotherm.com\/fr\/eurotherm-products\/systeme-de-controle\/solutions-logicielles\/\"},{\"@type\":\"ListItem\",\"position\":5,\"name\":\"Security Manager\"}]},{\"@type\":\"WebSite\",\"@id\":\"https:\/\/www.eurotherm.com\/fr\/#website\",\"url\":\"https:\/\/www.eurotherm.com\/fr\/\",\"name\":\"Eurotherm Limited\",\"description\":\"Temperature Control, Process Control, Measurement and Data Recording Solutions\",\"potentialAction\":[{\"@type\":\"SearchAction\",\"target\":{\"@type\":\"EntryPoint\",\"urlTemplate\":\"https:\/\/www.eurotherm.com\/fr\/?s={search_term_string}\"},\"query-input\":{\"@type\":\"PropertyValueSpecification\",\"valueRequired\":true,\"valueName\":\"search_term_string\"}}],\"inLanguage\":\"fr-FR\"}]}<\/script>\n<!-- \/ Yoast SEO plugin. -->","yoast_head_json":{"title":"Security Manager | Eurotherm Limited","description":"Security Manager | De plus en plus d'industries font la transition vers la technologie informatique pour r\u00e9soudre leurs probl\u00e8mes d'acquisition et de stockage d","robots":{"index":"index","follow":"follow","max-snippet":"max-snippet:-1","max-image-preview":"max-image-preview:large","max-video-preview":"max-video-preview:-1"},"og_locale":"fr_FR","og_type":"article","og_title":"Security Manager | Eurotherm Limited","og_description":"Security Manager | Security Manager - Un outil de s\u00e9curit\u00e9 commun pour des gammes de produits multiples Permet la maintenance des comptes utilisateurs et des mots de passe \u00e0 partir d'un ou de plusieurs emplacements.  Security Manager peut configurer les \u00e9l\u00e9ments suivants :   Enregistreurs s\u00e9rie 5000  Enregistreurs s\u00e9rie 6000  Panels contr\u00f4leurs Eycon  Operations Viewer  Eurotherm Review et Review Quickchart","og_url":"https:\/\/www.eurotherm.com\/fr\/products\/systeme-de-controle\/solutions-logicielles\/security-manager\/","og_site_name":"Eurotherm Limited","article_modified_time":"2020-02-29T09:19:21+00:00","og_image":[{"width":500,"height":500,"url":"https:\/\/www.eurotherm.com\/wp-content\/uploads\/2018\/10\/Security_manager.jpg","type":"image\/jpeg"}],"twitter_card":"summary_large_image","twitter_misc":{"Dur\u00e9e de lecture estim\u00e9e":"2 minutes"},"schema":{"@context":"https:\/\/schema.org","@graph":[{"@type":"WebPage","@id":"https:\/\/www.eurotherm.com\/fr\/products\/systeme-de-controle\/solutions-logicielles\/security-manager\/","url":"https:\/\/www.eurotherm.com\/fr\/products\/systeme-de-controle\/solutions-logicielles\/security-manager\/","name":"Security Manager | Eurotherm Limited","isPartOf":{"@id":"https:\/\/www.eurotherm.com\/fr\/#website"},"primaryImageOfPage":{"@id":"https:\/\/www.eurotherm.com\/fr\/products\/systeme-de-controle\/solutions-logicielles\/security-manager\/#primaryimage"},"image":{"@id":"https:\/\/www.eurotherm.com\/fr\/products\/systeme-de-controle\/solutions-logicielles\/security-manager\/#primaryimage"},"thumbnailUrl":"https:\/\/www.eurotherm.com\/wp-content\/uploads\/2018\/10\/Security_manager.jpg","datePublished":"2018-10-15T08:53:21+00:00","dateModified":"2020-02-29T09:19:21+00:00","description":"Security Manager | Security Manager - Un outil de s\u00e9curit\u00e9 commun pour des gammes de produits multiples Permet la maintenance des comptes utilisateurs et des mots de passe \u00e0 partir d'un ou de plusieurs emplacements. Security Manager peut configurer les \u00e9l\u00e9ments suivants : Enregistreurs s\u00e9rie 5000 Enregistreurs s\u00e9rie 6000 Panels contr\u00f4leurs Eycon Operations Viewer Eurotherm Review et Review Quickchart","breadcrumb":{"@id":"https:\/\/www.eurotherm.com\/fr\/products\/systeme-de-controle\/solutions-logicielles\/security-manager\/#breadcrumb"},"inLanguage":"fr-FR","potentialAction":[{"@type":"ReadAction","target":["https:\/\/www.eurotherm.com\/fr\/products\/systeme-de-controle\/solutions-logicielles\/security-manager\/"]}]},{"@type":"ImageObject","inLanguage":"fr-FR","@id":"https:\/\/www.eurotherm.com\/fr\/products\/systeme-de-controle\/solutions-logicielles\/security-manager\/#primaryimage","url":"https:\/\/www.eurotherm.com\/wp-content\/uploads\/2018\/10\/Security_manager.jpg","contentUrl":"https:\/\/www.eurotherm.com\/wp-content\/uploads\/2018\/10\/Security_manager.jpg","width":500,"height":500},{"@type":"BreadcrumbList","@id":"https:\/\/www.eurotherm.com\/fr\/products\/systeme-de-controle\/solutions-logicielles\/security-manager\/#breadcrumb","itemListElement":[{"@type":"ListItem","position":1,"name":"Home","item":"https:\/\/www.eurotherm.com\/fr\/"},{"@type":"ListItem","position":2,"name":"Product Catalogue","item":"https:\/\/www.eurotherm.com\/fr\/product-catalogue\/"},{"@type":"ListItem","position":3,"name":"Syst\u00e8me de Contr\u00f4le","item":"https:\/\/www.eurotherm.com\/fr\/eurotherm-products\/systeme-de-controle\/"},{"@type":"ListItem","position":4,"name":"Solutions logicielles","item":"https:\/\/www.eurotherm.com\/fr\/eurotherm-products\/systeme-de-controle\/solutions-logicielles\/"},{"@type":"ListItem","position":5,"name":"Security Manager"}]},{"@type":"WebSite","@id":"https:\/\/www.eurotherm.com\/fr\/#website","url":"https:\/\/www.eurotherm.com\/fr\/","name":"Eurotherm Limited","description":"Temperature Control, Process Control, Measurement and Data Recording Solutions","potentialAction":[{"@type":"SearchAction","target":{"@type":"EntryPoint","urlTemplate":"https:\/\/www.eurotherm.com\/fr\/?s={search_term_string}"},"query-input":{"@type":"PropertyValueSpecification","valueRequired":true,"valueName":"search_term_string"}}],"inLanguage":"fr-FR"}]}},"ACF":{"product_file":[27454,28535,27942,27866,27943,27939,27899,27584,27938,27497,27501,27749,27493],"related_products":""},"jetpack_sharing_enabled":true,"_links":{"self":[{"href":"https:\/\/www.eurotherm.com\/fr\/wp-json\/wp\/v2\/product\/22197","targetHints":{"allow":["GET"]}}],"collection":[{"href":"https:\/\/www.eurotherm.com\/fr\/wp-json\/wp\/v2\/product"}],"about":[{"href":"https:\/\/www.eurotherm.com\/fr\/wp-json\/wp\/v2\/types\/product"}],"wp:featuredmedia":[{"embeddable":true,"href":"https:\/\/www.eurotherm.com\/fr\/wp-json\/wp\/v2\/media\/15750"}],"wp:attachment":[{"href":"https:\/\/www.eurotherm.com\/fr\/wp-json\/wp\/v2\/media?parent=22197"}],"wp:term":[{"taxonomy":"product_brand","embeddable":true,"href":"https:\/\/www.eurotherm.com\/fr\/wp-json\/wp\/v2\/product_brand?post=22197"},{"taxonomy":"product_cat","embeddable":true,"href":"https:\/\/www.eurotherm.com\/fr\/wp-json\/wp\/v2\/product_cat?post=22197"},{"taxonomy":"product_tag","embeddable":true,"href":"https:\/\/www.eurotherm.com\/fr\/wp-json\/wp\/v2\/product_tag?post=22197"}],"curies":[{"name":"wp","href":"https:\/\/api.w.org\/{rel}","templated":true}]}}