{"id":22192,"date":"2018-10-15T08:53:09","date_gmt":"2018-10-15T08:53:09","guid":{"rendered":"https:\/\/www.eurotherm.com\/product\/review-quickchart\/"},"modified":"2024-04-05T04:28:17","modified_gmt":"2024-04-04T20:28:17","slug":"review-quickchart","status":"publish","type":"product","link":"https:\/\/www.eurotherm.com\/fr\/products\/enregistreurs-et-gestion-des-donnees\/logiciels-de-gestion-des-donnees\/review-quickchart\/","title":{"rendered":"Review QuickChart"},"content":{"rendered":"<ul>\n<li>G\u00e9n\u00e9ration de graphiques simplifi\u00e9e<\/li>\n<li>Acc\u00e8s direct aux donn\u00e9es<\/li>\n<li>Contr\u00f4le de s\u00e9curit\u00e9 via Security Manager<\/li>\n<li>Single file to email to share information<\/li>\n<\/ul>\n<p>Il n&rsquo;y a pas besoin de transf\u00e9rer les fichiers dans une base de donn\u00e9es &#8211; l&rsquo;utilisateur peut les ouvrir directement dans l&rsquo;application Review QuickChart. Un utilisateur peut \u00e9galement cr\u00e9er un graphique, l&rsquo;annoter et resauvegarder le graphique &#8211; le nouveau graphique sera cr\u00e9\u00e9 dans un format crypt\u00e9 (urq) donc l&rsquo;annotation additionnelle est s\u00e9curis\u00e9e avec les donn\u00e9es originales. Ce fichier unique peut \u00eatre simplement transf\u00e9r\u00e9 par email sans avoir le besoin d&rsquo;envoyer de multiples fichiers (les fichiers de donn\u00e9es originaux et la d\u00e9finition du graphique\u00e0 pour qu&rsquo;un autre utilisateur puisse voir le graphique.<br \/>\nReview QuickChart peut \u00eatre utilis\u00e9 seul ou avec Review. Il est fournit avec le logiciel Review rn standard.<\/p>\n<p>Caract\u00e9ristiques :<\/p>\n<ul>\n<li>Visualisation simple et rapide des donn\u00e9es<\/li>\n<li>Ouverture directe des enregistrements historis\u00e9s \u00e0 partir de supports amovibles<\/li>\n<li>Recherche et ouverture d&rsquo;un lot ou d&rsquo;une plage de temps<\/li>\n<li>Ajout de commentaires sur le graphique et s\u00e9curisation<\/li>\n<li>Signature s\u00e9curis\u00e9 d&rsquo;un graphique ou rapport<\/li>\n<li>Verrouillage graphique pour que la vue ne puisse \u00eatre alt\u00e9r\u00e9e<\/li>\n<\/ul>\n","protected":false},"excerpt":{"rendered":"<h2>Review QuickChart &#8211; Visualisation et Reporting des donn\u00e9es historis\u00e9es<\/h2>\n<p>Review QuickChart fournit une m\u00e9thode simple et rapide pour visualiser les fichiers d&rsquo;historique g\u00e9n\u00e9r\u00e9s par les produits d&rsquo;acquisition de donn\u00e9es\/enregistrement (PKD ou UHH files); ceci inclus les produits Eurotherm des s\u00e9ries 4000, 5000 et 6000 Series, le supeviseur Eycon\u2122 et les fichiers d&rsquo;audit Security Manager.<\/p>\n<p><strong>Arr\u00eat de la commercialisation<\/strong> : 14 juillet 2022<\/p>\n<p><strong>Fin du support<\/strong> : 14 juillet 2022<\/p>\n<p>Pour d\u00e9couvrir l&rsquo;alternative que nous reccommandons, Eurotherm Data Reviewer, veuillez cliquer <a href=\"\/products\/recorders-and-data-acquisition\/recorders-software\/data-reviewer\/\">ici<\/a>.<\/p>\n","protected":false},"featured_media":16030,"template":"","meta":{"_acf_changed":false},"product_brand":[],"product_cat":[12151,12167,1110],"product_tag":[],"class_list":{"0":"post-22192","1":"product","2":"type-product","3":"status-publish","4":"has-post-thumbnail","6":"product_cat-enregistreurs-et-gestion-des-donnees","7":"product_cat-logiciels-de-gestion-des-donnees","8":"product_cat-produits","9":"product_shipping_class-1-fr","11":"first","12":"instock","13":"purchasable","14":"product-type-simple"},"acf":[],"yoast_head":"<!-- This site is optimized with the Yoast SEO plugin v27.2 - https:\/\/yoast.com\/product\/yoast-seo-wordpress\/ -->\n<title>Review QuickChart | Eurotherm Limited<\/title>\n<meta name=\"description\" content=\"Review QuickChart | G\u00e9n\u00e9ration de graphiques simplifi\u00e9e Acc\u00e8s direct aux donn\u00e9es Contr\u00f4le de s\u00e9curit\u00e9 via Security Manager&lt;\/\" \/>\n<meta name=\"robots\" content=\"index, follow, max-snippet:-1, max-image-preview:large, max-video-preview:-1\" \/>\n<meta property=\"og:locale\" content=\"fr_FR\" \/>\n<meta property=\"og:type\" content=\"article\" \/>\n<meta property=\"og:title\" content=\"Review QuickChart | Eurotherm Limited\" \/>\n<meta property=\"og:description\" content=\"Review QuickChart | Review QuickChart - Visualisation et Reporting des donn\u00e9es historis\u00e9es Review QuickChart fournit une m\u00e9thode simple et rapide pour visualiser les fichiers d&#039;historique g\u00e9n\u00e9r\u00e9s par les produits d&#039;acquisition de donn\u00e9es\/enregistrement (PKD ou UHH files); ceci inclus les produits Eurotherm des s\u00e9ries 4000, 5000 et 6000 Series, le supeviseur Eycon\u2122 et les fichiers d&#039;audit Security Manager.  Arr\u00eat de la commercialisation : 14 juillet 2022  Fin du support : 14 juillet 2022  Pour d\u00e9couvrir l&#039;alternative que nous reccommandons, Eurotherm Data Reviewer, veuillez cliquer ici.\" \/>\n<meta property=\"og:url\" content=\"https:\/\/www.eurotherm.com\/fr\/products\/enregistreurs-et-gestion-des-donnees\/logiciels-de-gestion-des-donnees\/review-quickchart\/\" \/>\n<meta property=\"og:site_name\" content=\"Eurotherm Limited\" \/>\n<meta property=\"article:modified_time\" content=\"2024-04-04T20:28:17+00:00\" \/>\n<meta property=\"og:image\" content=\"https:\/\/www.eurotherm.com\/wp-content\/uploads\/2018\/10\/Review.jpg\" \/>\n\t<meta property=\"og:image:width\" content=\"500\" \/>\n\t<meta property=\"og:image:height\" content=\"500\" \/>\n\t<meta property=\"og:image:type\" content=\"image\/jpeg\" \/>\n<meta name=\"twitter:card\" content=\"summary_large_image\" \/>\n<meta name=\"twitter:label1\" content=\"Dur\u00e9e de lecture estim\u00e9e\" \/>\n\t<meta name=\"twitter:data1\" content=\"1 minute\" \/>\n<script type=\"application\/ld+json\" class=\"yoast-schema-graph\">{\"@context\":\"https:\/\/schema.org\",\"@graph\":[{\"@type\":\"WebPage\",\"@id\":\"https:\/\/www.eurotherm.com\/fr\/products\/enregistreurs-et-gestion-des-donnees\/logiciels-de-gestion-des-donnees\/review-quickchart\/\",\"url\":\"https:\/\/www.eurotherm.com\/fr\/products\/enregistreurs-et-gestion-des-donnees\/logiciels-de-gestion-des-donnees\/review-quickchart\/\",\"name\":\"Review QuickChart | Eurotherm Limited\",\"isPartOf\":{\"@id\":\"https:\/\/www.eurotherm.com\/fr\/#website\"},\"primaryImageOfPage\":{\"@id\":\"https:\/\/www.eurotherm.com\/fr\/products\/enregistreurs-et-gestion-des-donnees\/logiciels-de-gestion-des-donnees\/review-quickchart\/#primaryimage\"},\"image\":{\"@id\":\"https:\/\/www.eurotherm.com\/fr\/products\/enregistreurs-et-gestion-des-donnees\/logiciels-de-gestion-des-donnees\/review-quickchart\/#primaryimage\"},\"thumbnailUrl\":\"https:\/\/www.eurotherm.com\/wp-content\/uploads\/2018\/10\/Review.jpg\",\"datePublished\":\"2018-10-15T08:53:09+00:00\",\"dateModified\":\"2024-04-04T20:28:17+00:00\",\"description\":\"Review QuickChart | Review QuickChart - Visualisation et Reporting des donn\u00e9es historis\u00e9es Review QuickChart fournit une m\u00e9thode simple et rapide pour visualiser les fichiers d'historique g\u00e9n\u00e9r\u00e9s par les produits d'acquisition de donn\u00e9es\/enregistrement (PKD ou UHH files); ceci inclus les produits Eurotherm des s\u00e9ries 4000, 5000 et 6000 Series, le supeviseur Eycon\u2122 et les fichiers d'audit Security Manager. Arr\u00eat de la commercialisation : 14 juillet 2022 Fin du support : 14 juillet 2022 Pour d\u00e9couvrir l'alternative que nous reccommandons, Eurotherm Data Reviewer, veuillez cliquer ici.\",\"breadcrumb\":{\"@id\":\"https:\/\/www.eurotherm.com\/fr\/products\/enregistreurs-et-gestion-des-donnees\/logiciels-de-gestion-des-donnees\/review-quickchart\/#breadcrumb\"},\"inLanguage\":\"fr-FR\",\"potentialAction\":[{\"@type\":\"ReadAction\",\"target\":[\"https:\/\/www.eurotherm.com\/fr\/products\/enregistreurs-et-gestion-des-donnees\/logiciels-de-gestion-des-donnees\/review-quickchart\/\"]}]},{\"@type\":\"ImageObject\",\"inLanguage\":\"fr-FR\",\"@id\":\"https:\/\/www.eurotherm.com\/fr\/products\/enregistreurs-et-gestion-des-donnees\/logiciels-de-gestion-des-donnees\/review-quickchart\/#primaryimage\",\"url\":\"https:\/\/www.eurotherm.com\/wp-content\/uploads\/2018\/10\/Review.jpg\",\"contentUrl\":\"https:\/\/www.eurotherm.com\/wp-content\/uploads\/2018\/10\/Review.jpg\",\"width\":500,\"height\":500},{\"@type\":\"BreadcrumbList\",\"@id\":\"https:\/\/www.eurotherm.com\/fr\/products\/enregistreurs-et-gestion-des-donnees\/logiciels-de-gestion-des-donnees\/review-quickchart\/#breadcrumb\",\"itemListElement\":[{\"@type\":\"ListItem\",\"position\":1,\"name\":\"Home\",\"item\":\"https:\/\/www.eurotherm.com\/fr\/\"},{\"@type\":\"ListItem\",\"position\":2,\"name\":\"Product Catalogue\",\"item\":\"https:\/\/www.eurotherm.com\/fr\/product-catalogue\/\"},{\"@type\":\"ListItem\",\"position\":3,\"name\":\"Enregistreurs et Solutions de Gestion des donn\u00e9es\",\"item\":\"https:\/\/www.eurotherm.com\/fr\/eurotherm-products\/enregistreurs-et-gestion-des-donnees\/\"},{\"@type\":\"ListItem\",\"position\":4,\"name\":\"Logiciels de gestion des donn\u00e9es\",\"item\":\"https:\/\/www.eurotherm.com\/fr\/eurotherm-products\/enregistreurs-et-gestion-des-donnees\/logiciels-de-gestion-des-donnees\/\"},{\"@type\":\"ListItem\",\"position\":5,\"name\":\"Review QuickChart\"}]},{\"@type\":\"WebSite\",\"@id\":\"https:\/\/www.eurotherm.com\/fr\/#website\",\"url\":\"https:\/\/www.eurotherm.com\/fr\/\",\"name\":\"Eurotherm Limited\",\"description\":\"Temperature Control, Process Control, Measurement and Data Recording Solutions\",\"potentialAction\":[{\"@type\":\"SearchAction\",\"target\":{\"@type\":\"EntryPoint\",\"urlTemplate\":\"https:\/\/www.eurotherm.com\/fr\/?s={search_term_string}\"},\"query-input\":{\"@type\":\"PropertyValueSpecification\",\"valueRequired\":true,\"valueName\":\"search_term_string\"}}],\"inLanguage\":\"fr-FR\"}]}<\/script>\n<!-- \/ Yoast SEO plugin. -->","yoast_head_json":{"title":"Review QuickChart | Eurotherm Limited","description":"Review QuickChart | G\u00e9n\u00e9ration de graphiques simplifi\u00e9e Acc\u00e8s direct aux donn\u00e9es Contr\u00f4le de s\u00e9curit\u00e9 via Security Manager&lt;\/","robots":{"index":"index","follow":"follow","max-snippet":"max-snippet:-1","max-image-preview":"max-image-preview:large","max-video-preview":"max-video-preview:-1"},"og_locale":"fr_FR","og_type":"article","og_title":"Review QuickChart | Eurotherm Limited","og_description":"Review QuickChart | Review QuickChart - Visualisation et Reporting des donn\u00e9es historis\u00e9es Review QuickChart fournit une m\u00e9thode simple et rapide pour visualiser les fichiers d'historique g\u00e9n\u00e9r\u00e9s par les produits d'acquisition de donn\u00e9es\/enregistrement (PKD ou UHH files); ceci inclus les produits Eurotherm des s\u00e9ries 4000, 5000 et 6000 Series, le supeviseur Eycon\u2122 et les fichiers d'audit Security Manager.  Arr\u00eat de la commercialisation : 14 juillet 2022  Fin du support : 14 juillet 2022  Pour d\u00e9couvrir l'alternative que nous reccommandons, Eurotherm Data Reviewer, veuillez cliquer ici.","og_url":"https:\/\/www.eurotherm.com\/fr\/products\/enregistreurs-et-gestion-des-donnees\/logiciels-de-gestion-des-donnees\/review-quickchart\/","og_site_name":"Eurotherm Limited","article_modified_time":"2024-04-04T20:28:17+00:00","og_image":[{"width":500,"height":500,"url":"https:\/\/www.eurotherm.com\/wp-content\/uploads\/2018\/10\/Review.jpg","type":"image\/jpeg"}],"twitter_card":"summary_large_image","twitter_misc":{"Dur\u00e9e de lecture estim\u00e9e":"1 minute"},"schema":{"@context":"https:\/\/schema.org","@graph":[{"@type":"WebPage","@id":"https:\/\/www.eurotherm.com\/fr\/products\/enregistreurs-et-gestion-des-donnees\/logiciels-de-gestion-des-donnees\/review-quickchart\/","url":"https:\/\/www.eurotherm.com\/fr\/products\/enregistreurs-et-gestion-des-donnees\/logiciels-de-gestion-des-donnees\/review-quickchart\/","name":"Review QuickChart | Eurotherm Limited","isPartOf":{"@id":"https:\/\/www.eurotherm.com\/fr\/#website"},"primaryImageOfPage":{"@id":"https:\/\/www.eurotherm.com\/fr\/products\/enregistreurs-et-gestion-des-donnees\/logiciels-de-gestion-des-donnees\/review-quickchart\/#primaryimage"},"image":{"@id":"https:\/\/www.eurotherm.com\/fr\/products\/enregistreurs-et-gestion-des-donnees\/logiciels-de-gestion-des-donnees\/review-quickchart\/#primaryimage"},"thumbnailUrl":"https:\/\/www.eurotherm.com\/wp-content\/uploads\/2018\/10\/Review.jpg","datePublished":"2018-10-15T08:53:09+00:00","dateModified":"2024-04-04T20:28:17+00:00","description":"Review QuickChart | Review QuickChart - Visualisation et Reporting des donn\u00e9es historis\u00e9es Review QuickChart fournit une m\u00e9thode simple et rapide pour visualiser les fichiers d'historique g\u00e9n\u00e9r\u00e9s par les produits d'acquisition de donn\u00e9es\/enregistrement (PKD ou UHH files); ceci inclus les produits Eurotherm des s\u00e9ries 4000, 5000 et 6000 Series, le supeviseur Eycon\u2122 et les fichiers d'audit Security Manager. Arr\u00eat de la commercialisation : 14 juillet 2022 Fin du support : 14 juillet 2022 Pour d\u00e9couvrir l'alternative que nous reccommandons, Eurotherm Data Reviewer, veuillez cliquer ici.","breadcrumb":{"@id":"https:\/\/www.eurotherm.com\/fr\/products\/enregistreurs-et-gestion-des-donnees\/logiciels-de-gestion-des-donnees\/review-quickchart\/#breadcrumb"},"inLanguage":"fr-FR","potentialAction":[{"@type":"ReadAction","target":["https:\/\/www.eurotherm.com\/fr\/products\/enregistreurs-et-gestion-des-donnees\/logiciels-de-gestion-des-donnees\/review-quickchart\/"]}]},{"@type":"ImageObject","inLanguage":"fr-FR","@id":"https:\/\/www.eurotherm.com\/fr\/products\/enregistreurs-et-gestion-des-donnees\/logiciels-de-gestion-des-donnees\/review-quickchart\/#primaryimage","url":"https:\/\/www.eurotherm.com\/wp-content\/uploads\/2018\/10\/Review.jpg","contentUrl":"https:\/\/www.eurotherm.com\/wp-content\/uploads\/2018\/10\/Review.jpg","width":500,"height":500},{"@type":"BreadcrumbList","@id":"https:\/\/www.eurotherm.com\/fr\/products\/enregistreurs-et-gestion-des-donnees\/logiciels-de-gestion-des-donnees\/review-quickchart\/#breadcrumb","itemListElement":[{"@type":"ListItem","position":1,"name":"Home","item":"https:\/\/www.eurotherm.com\/fr\/"},{"@type":"ListItem","position":2,"name":"Product Catalogue","item":"https:\/\/www.eurotherm.com\/fr\/product-catalogue\/"},{"@type":"ListItem","position":3,"name":"Enregistreurs et Solutions de Gestion des donn\u00e9es","item":"https:\/\/www.eurotherm.com\/fr\/eurotherm-products\/enregistreurs-et-gestion-des-donnees\/"},{"@type":"ListItem","position":4,"name":"Logiciels de gestion des donn\u00e9es","item":"https:\/\/www.eurotherm.com\/fr\/eurotherm-products\/enregistreurs-et-gestion-des-donnees\/logiciels-de-gestion-des-donnees\/"},{"@type":"ListItem","position":5,"name":"Review QuickChart"}]},{"@type":"WebSite","@id":"https:\/\/www.eurotherm.com\/fr\/#website","url":"https:\/\/www.eurotherm.com\/fr\/","name":"Eurotherm Limited","description":"Temperature Control, Process Control, Measurement and Data Recording Solutions","potentialAction":[{"@type":"SearchAction","target":{"@type":"EntryPoint","urlTemplate":"https:\/\/www.eurotherm.com\/fr\/?s={search_term_string}"},"query-input":{"@type":"PropertyValueSpecification","valueRequired":true,"valueName":"search_term_string"}}],"inLanguage":"fr-FR"}]}},"ACF":{"product_file":[27454,27942,27866,27943,27939,28575,27584,27497,28550,28573,28574],"product_status":"Discontinued","enable_watlow_configurator":false},"jetpack_sharing_enabled":true,"_links":{"self":[{"href":"https:\/\/www.eurotherm.com\/fr\/wp-json\/wp\/v2\/product\/22192","targetHints":{"allow":["GET"]}}],"collection":[{"href":"https:\/\/www.eurotherm.com\/fr\/wp-json\/wp\/v2\/product"}],"about":[{"href":"https:\/\/www.eurotherm.com\/fr\/wp-json\/wp\/v2\/types\/product"}],"wp:featuredmedia":[{"embeddable":true,"href":"https:\/\/www.eurotherm.com\/fr\/wp-json\/wp\/v2\/media\/16030"}],"wp:attachment":[{"href":"https:\/\/www.eurotherm.com\/fr\/wp-json\/wp\/v2\/media?parent=22192"}],"wp:term":[{"taxonomy":"product_brand","embeddable":true,"href":"https:\/\/www.eurotherm.com\/fr\/wp-json\/wp\/v2\/product_brand?post=22192"},{"taxonomy":"product_cat","embeddable":true,"href":"https:\/\/www.eurotherm.com\/fr\/wp-json\/wp\/v2\/product_cat?post=22192"},{"taxonomy":"product_tag","embeddable":true,"href":"https:\/\/www.eurotherm.com\/fr\/wp-json\/wp\/v2\/product_tag?post=22192"}],"curies":[{"name":"wp","href":"https:\/\/api.w.org\/{rel}","templated":true}]}}