{"id":22185,"date":"2018-10-15T08:51:20","date_gmt":"2018-10-15T08:51:20","guid":{"rendered":"https:\/\/www.eurotherm.com\/product\/regulateurs-programmables-epc3000\/"},"modified":"2024-12-05T18:10:07","modified_gmt":"2024-12-05T10:10:07","slug":"epc3000-programmable-controllers","status":"publish","type":"product","link":"https:\/\/www.eurotherm.com\/fr\/products\/regulateur-pid-indicateurs-unites-alarme\/monoboucles\/epc3000-programmable-controllers\/","title":{"rendered":"R\u00e9gulateurs programmables EPC3000"},"content":{"rendered":"<h3>Pr\u00e9cision et r\u00e9p\u00e9tabilit\u00e9<\/h3>\n<p>Les entr\u00e9es proc\u00e9d\u00e9 sont pr\u00e9cises et rapides, avec une stabilit\u00e9 thermique exceptionnelle. Elles aident \u00e0 obtenir une r\u00e9gulation pr\u00e9cise et constante sur de longues p\u00e9riodes sans d\u00e9rives. Des fonctions de correction de la calibration utilisateur et de recalibration sont disponibles pour am\u00e9liorer la pr\u00e9cision.<\/p>\n<p>L\u2019algorithme de r\u00e9gulation PID d\u2019Eurotherm d\u00e9livre une r\u00e9gulation pr\u00e9cise et r\u00e9p\u00e9table. Sur la gamme EPC3000, il a \u00e9t\u00e9 am\u00e9lior\u00e9 pour r\u00e9duire les d\u00e9passements. Une mont\u00e9e rapide \u00e0 la temp\u00e9rature de fonctionnement et moins d\u2019oscillations permettent d\u2019augmenter les rendements tout en diminuant les rebuts. Diff\u00e9rents r\u00e9glages PID sont applicables dans diff\u00e9rentes zones de fonctionnement du proc\u00e9d\u00e9 pour des performance optimales.<\/p>\n<h3>Fonction FM EPC3000<\/h3>\n<p>La fonction de limite approuv\u00e9e par Factory Mutual peut \u00eatre utilis\u00e9e en tant que limites hautes ou basses autonomes, ou un c\u00e2blage logiciel et des entr\u00e9es\/sorties peuvent \u00eatre ajout\u00e9es pour combiner les fonctions de r\u00e9gulation PID et de limites dans un seul appareil.<\/p>\n<h3>Connectivit\u00e9 et cybers\u00e9curit\u00e9<\/h3>\n<p>La gamme de r\u00e9gulateurs EPC3000 est la premi\u00e8re \u00e0 \u00eatre con\u00e7ue et certifi\u00e9e pour respecter les exigences de cybers\u00e9curit\u00e9 de robustesse des communications Achilles\u00ae de niveau 1. Disposant d&rsquo;un connecteur RJ45, elle supporte les communications ethernet. Elles fournissent un acc\u00e8s rapide aux informations du proc\u00e9d\u00e9 et aux diagnostics mais \u00e9galement une connectivit\u00e9 aux API externes ou installations SCADA.<\/p>\n<p>Les r\u00e9gulateurs EPC3000 supportent \u00e9galement les communications s\u00e9rie Modbus RTU.<\/p>\n<p>Le logiciel de configuration et de sauvergarde Eurotherm iTools est inclus. Il est utilisable via Ethernet ou Modbus S\u00e9rie, ou avec un connecteur USB optionnel qui permet d&rsquo;alimenter directement l&rsquo;appareil pour une configuration plus pratique.<\/p>\n","protected":false},"excerpt":{"rendered":"<h2>Aider \u00e0 obtenir un proc\u00e9d\u00e9 plus efficace et s\u00e9curis\u00e9<\/h2>\n<p class=\"p1\">La gamme de r\u00e9gulateurs monoboucles de temp\u00e9rature et de proc\u00e9d\u00e9s EPC3000 est con\u00e7ue pour optimiser l\u2019efficacit\u00e9 et la r\u00e9p\u00e9tabilit\u00e9 et dispose d\u2019une certification de cybers\u00e9curit\u00e9 des communications.<\/p>\n<p><strong>D\u00e9sormais disponible avec l&rsquo;option de limite de temp\u00e9rature approuv\u00e9e par Factory Mutual (FM).<\/strong><br \/>\n[gdpr-youtube id=\"iDUy-BTnDGQ\"]<br \/>\n[gdpr-youtube id=\"pEPybtlbfLo\"]<\/p>\n","protected":false},"featured_media":18338,"template":"","meta":{"_acf_changed":false},"product_brand":[],"product_cat":[12197,12196,1110],"product_tag":[],"class_list":{"0":"post-22185","1":"product","2":"type-product","3":"status-publish","4":"has-post-thumbnail","6":"industry-food-beverage-fr-2","7":"industry-heat-treatment-fr-2","8":"industry-oem-custom-solutions-fr-2","9":"industry-semiconductor-fr-2","10":"product_cat-regulateur-pid-indicateurs-unites-alarme","11":"product_cat-monoboucles","12":"product_cat-produits","13":"product_shipping_class-1-fr","15":"first","16":"instock","17":"purchasable","18":"product-type-simple"},"acf":[],"yoast_head":"<!-- This site is optimized with the Yoast SEO plugin v27.5 - https:\/\/yoast.com\/product\/yoast-seo-wordpress\/ -->\n<title>R\u00e9gulateurs programmables EPC3000 | Eurotherm Limited<\/title>\n<meta name=\"description\" content=\"R\u00e9gulateurs programmables EPC3000 | Pr\u00e9cision et r\u00e9p\u00e9tabilit\u00e9 Les entr\u00e9es proc\u00e9d\u00e9 sont pr\u00e9cises et rapides, avec une stabilit\u00e9 thermique exceptionnell\" \/>\n<meta name=\"robots\" content=\"index, follow, max-snippet:-1, max-image-preview:large, max-video-preview:-1\" \/>\n<meta property=\"og:locale\" content=\"fr_FR\" \/>\n<meta property=\"og:type\" content=\"article\" \/>\n<meta property=\"og:title\" content=\"R\u00e9gulateurs programmables EPC3000 | Eurotherm Limited\" \/>\n<meta property=\"og:description\" content=\"R\u00e9gulateurs programmables EPC3000 | Aider \u00e0 obtenir un proc\u00e9d\u00e9 plus efficace et s\u00e9curis\u00e9 La gamme de r\u00e9gulateurs monoboucles de temp\u00e9rature et de proc\u00e9d\u00e9s EPC3000 est con\u00e7ue pour optimiser l\u2019efficacit\u00e9 et la r\u00e9p\u00e9tabilit\u00e9 et dispose d\u2019une certification de cybers\u00e9curit\u00e9 des communications. D\u00e9sormais disponible avec l&#039;option de limite de temp\u00e9rature approuv\u00e9e par Factory Mutual (FM).\" \/>\n<meta property=\"og:url\" content=\"https:\/\/www.eurotherm.com\/fr\/products\/regulateur-pid-indicateurs-unites-alarme\/monoboucles\/epc3000-programmable-controllers\/\" \/>\n<meta property=\"og:site_name\" content=\"Eurotherm Limited\" \/>\n<meta property=\"article:modified_time\" content=\"2024-12-05T10:10:07+00:00\" \/>\n<meta property=\"og:image\" content=\"https:\/\/www.eurotherm.com\/wp-content\/uploads\/2017\/03\/epc3000-group2.jpg\" \/>\n\t<meta property=\"og:image:width\" content=\"930\" \/>\n\t<meta property=\"og:image:height\" content=\"1017\" \/>\n\t<meta property=\"og:image:type\" content=\"image\/jpeg\" \/>\n<meta name=\"twitter:card\" content=\"summary_large_image\" \/>\n<meta name=\"twitter:label1\" content=\"Dur\u00e9e de lecture estim\u00e9e\" \/>\n\t<meta name=\"twitter:data1\" content=\"2 minutes\" \/>\n<script type=\"application\/ld+json\" class=\"yoast-schema-graph\">{\"@context\":\"https:\\\/\\\/schema.org\",\"@graph\":[{\"@type\":\"WebPage\",\"@id\":\"https:\\\/\\\/www.eurotherm.com\\\/fr\\\/products\\\/regulateur-pid-indicateurs-unites-alarme\\\/monoboucles\\\/epc3000-programmable-controllers\\\/\",\"url\":\"https:\\\/\\\/www.eurotherm.com\\\/fr\\\/products\\\/regulateur-pid-indicateurs-unites-alarme\\\/monoboucles\\\/epc3000-programmable-controllers\\\/\",\"name\":\"R\u00e9gulateurs programmables EPC3000 | Eurotherm Limited\",\"isPartOf\":{\"@id\":\"https:\\\/\\\/www.eurotherm.com\\\/fr\\\/#website\"},\"primaryImageOfPage\":{\"@id\":\"https:\\\/\\\/www.eurotherm.com\\\/fr\\\/products\\\/regulateur-pid-indicateurs-unites-alarme\\\/monoboucles\\\/epc3000-programmable-controllers\\\/#primaryimage\"},\"image\":{\"@id\":\"https:\\\/\\\/www.eurotherm.com\\\/fr\\\/products\\\/regulateur-pid-indicateurs-unites-alarme\\\/monoboucles\\\/epc3000-programmable-controllers\\\/#primaryimage\"},\"thumbnailUrl\":\"https:\\\/\\\/www.eurotherm.com\\\/wp-content\\\/uploads\\\/2017\\\/03\\\/epc3000-group2.jpg\",\"datePublished\":\"2018-10-15T08:51:20+00:00\",\"dateModified\":\"2024-12-05T10:10:07+00:00\",\"description\":\"R\u00e9gulateurs programmables EPC3000 | Aider \u00e0 obtenir un proc\u00e9d\u00e9 plus efficace et s\u00e9curis\u00e9 La gamme de r\u00e9gulateurs monoboucles de temp\u00e9rature et de proc\u00e9d\u00e9s EPC3000 est con\u00e7ue pour optimiser l\u2019efficacit\u00e9 et la r\u00e9p\u00e9tabilit\u00e9 et dispose d\u2019une certification de cybers\u00e9curit\u00e9 des communications. D\u00e9sormais disponible avec l'option de limite de temp\u00e9rature approuv\u00e9e par Factory Mutual (FM).\",\"breadcrumb\":{\"@id\":\"https:\\\/\\\/www.eurotherm.com\\\/fr\\\/products\\\/regulateur-pid-indicateurs-unites-alarme\\\/monoboucles\\\/epc3000-programmable-controllers\\\/#breadcrumb\"},\"inLanguage\":\"fr-FR\",\"potentialAction\":[{\"@type\":\"ReadAction\",\"target\":[\"https:\\\/\\\/www.eurotherm.com\\\/fr\\\/products\\\/regulateur-pid-indicateurs-unites-alarme\\\/monoboucles\\\/epc3000-programmable-controllers\\\/\"]}]},{\"@type\":\"ImageObject\",\"inLanguage\":\"fr-FR\",\"@id\":\"https:\\\/\\\/www.eurotherm.com\\\/fr\\\/products\\\/regulateur-pid-indicateurs-unites-alarme\\\/monoboucles\\\/epc3000-programmable-controllers\\\/#primaryimage\",\"url\":\"https:\\\/\\\/www.eurotherm.com\\\/wp-content\\\/uploads\\\/2017\\\/03\\\/epc3000-group2.jpg\",\"contentUrl\":\"https:\\\/\\\/www.eurotherm.com\\\/wp-content\\\/uploads\\\/2017\\\/03\\\/epc3000-group2.jpg\",\"width\":930,\"height\":1017,\"caption\":\"R\u00e9gulateurs programmables EPC3000\"},{\"@type\":\"BreadcrumbList\",\"@id\":\"https:\\\/\\\/www.eurotherm.com\\\/fr\\\/products\\\/regulateur-pid-indicateurs-unites-alarme\\\/monoboucles\\\/epc3000-programmable-controllers\\\/#breadcrumb\",\"itemListElement\":[{\"@type\":\"ListItem\",\"position\":1,\"name\":\"Home\",\"item\":\"https:\\\/\\\/www.eurotherm.com\\\/fr\\\/\"},{\"@type\":\"ListItem\",\"position\":2,\"name\":\"Product Catalogue\",\"item\":\"https:\\\/\\\/www.eurotherm.com\\\/fr\\\/product-catalogue\\\/\"},{\"@type\":\"ListItem\",\"position\":3,\"name\":\"R\u00e9gulateurs PID, indicateurs et unit\u00e9s d\u2019alarme\",\"item\":\"https:\\\/\\\/www.eurotherm.com\\\/fr\\\/eurotherm-products\\\/regulateur-pid-indicateurs-unites-alarme\\\/\"},{\"@type\":\"ListItem\",\"position\":4,\"name\":\"R\u00e9gulateurs monoboucles\",\"item\":\"https:\\\/\\\/www.eurotherm.com\\\/fr\\\/eurotherm-products\\\/regulateur-pid-indicateurs-unites-alarme\\\/monoboucles\\\/\"},{\"@type\":\"ListItem\",\"position\":5,\"name\":\"R\u00e9gulateurs programmables EPC3000\"}]},{\"@type\":\"WebSite\",\"@id\":\"https:\\\/\\\/www.eurotherm.com\\\/fr\\\/#website\",\"url\":\"https:\\\/\\\/www.eurotherm.com\\\/fr\\\/\",\"name\":\"Eurotherm Limited\",\"description\":\"Temperature Control, Process Control, Measurement and Data Recording Solutions\",\"potentialAction\":[{\"@type\":\"SearchAction\",\"target\":{\"@type\":\"EntryPoint\",\"urlTemplate\":\"https:\\\/\\\/www.eurotherm.com\\\/fr\\\/?s={search_term_string}\"},\"query-input\":{\"@type\":\"PropertyValueSpecification\",\"valueRequired\":true,\"valueName\":\"search_term_string\"}}],\"inLanguage\":\"fr-FR\"}]}<\/script>\n<!-- \/ Yoast SEO plugin. -->","yoast_head_json":{"title":"R\u00e9gulateurs programmables EPC3000 | Eurotherm Limited","description":"R\u00e9gulateurs programmables EPC3000 | Pr\u00e9cision et r\u00e9p\u00e9tabilit\u00e9 Les entr\u00e9es proc\u00e9d\u00e9 sont pr\u00e9cises et rapides, avec une stabilit\u00e9 thermique exceptionnell","robots":{"index":"index","follow":"follow","max-snippet":"max-snippet:-1","max-image-preview":"max-image-preview:large","max-video-preview":"max-video-preview:-1"},"og_locale":"fr_FR","og_type":"article","og_title":"R\u00e9gulateurs programmables EPC3000 | Eurotherm Limited","og_description":"R\u00e9gulateurs programmables EPC3000 | Aider \u00e0 obtenir un proc\u00e9d\u00e9 plus efficace et s\u00e9curis\u00e9 La gamme de r\u00e9gulateurs monoboucles de temp\u00e9rature et de proc\u00e9d\u00e9s EPC3000 est con\u00e7ue pour optimiser l\u2019efficacit\u00e9 et la r\u00e9p\u00e9tabilit\u00e9 et dispose d\u2019une certification de cybers\u00e9curit\u00e9 des communications. D\u00e9sormais disponible avec l'option de limite de temp\u00e9rature approuv\u00e9e par Factory Mutual (FM).","og_url":"https:\/\/www.eurotherm.com\/fr\/products\/regulateur-pid-indicateurs-unites-alarme\/monoboucles\/epc3000-programmable-controllers\/","og_site_name":"Eurotherm Limited","article_modified_time":"2024-12-05T10:10:07+00:00","og_image":[{"width":930,"height":1017,"url":"https:\/\/www.eurotherm.com\/wp-content\/uploads\/2017\/03\/epc3000-group2.jpg","type":"image\/jpeg"}],"twitter_card":"summary_large_image","twitter_misc":{"Dur\u00e9e de lecture estim\u00e9e":"2 minutes"},"schema":{"@context":"https:\/\/schema.org","@graph":[{"@type":"WebPage","@id":"https:\/\/www.eurotherm.com\/fr\/products\/regulateur-pid-indicateurs-unites-alarme\/monoboucles\/epc3000-programmable-controllers\/","url":"https:\/\/www.eurotherm.com\/fr\/products\/regulateur-pid-indicateurs-unites-alarme\/monoboucles\/epc3000-programmable-controllers\/","name":"R\u00e9gulateurs programmables EPC3000 | Eurotherm Limited","isPartOf":{"@id":"https:\/\/www.eurotherm.com\/fr\/#website"},"primaryImageOfPage":{"@id":"https:\/\/www.eurotherm.com\/fr\/products\/regulateur-pid-indicateurs-unites-alarme\/monoboucles\/epc3000-programmable-controllers\/#primaryimage"},"image":{"@id":"https:\/\/www.eurotherm.com\/fr\/products\/regulateur-pid-indicateurs-unites-alarme\/monoboucles\/epc3000-programmable-controllers\/#primaryimage"},"thumbnailUrl":"https:\/\/www.eurotherm.com\/wp-content\/uploads\/2017\/03\/epc3000-group2.jpg","datePublished":"2018-10-15T08:51:20+00:00","dateModified":"2024-12-05T10:10:07+00:00","description":"R\u00e9gulateurs programmables EPC3000 | Aider \u00e0 obtenir un proc\u00e9d\u00e9 plus efficace et s\u00e9curis\u00e9 La gamme de r\u00e9gulateurs monoboucles de temp\u00e9rature et de proc\u00e9d\u00e9s EPC3000 est con\u00e7ue pour optimiser l\u2019efficacit\u00e9 et la r\u00e9p\u00e9tabilit\u00e9 et dispose d\u2019une certification de cybers\u00e9curit\u00e9 des communications. D\u00e9sormais disponible avec l'option de limite de temp\u00e9rature approuv\u00e9e par Factory Mutual (FM).","breadcrumb":{"@id":"https:\/\/www.eurotherm.com\/fr\/products\/regulateur-pid-indicateurs-unites-alarme\/monoboucles\/epc3000-programmable-controllers\/#breadcrumb"},"inLanguage":"fr-FR","potentialAction":[{"@type":"ReadAction","target":["https:\/\/www.eurotherm.com\/fr\/products\/regulateur-pid-indicateurs-unites-alarme\/monoboucles\/epc3000-programmable-controllers\/"]}]},{"@type":"ImageObject","inLanguage":"fr-FR","@id":"https:\/\/www.eurotherm.com\/fr\/products\/regulateur-pid-indicateurs-unites-alarme\/monoboucles\/epc3000-programmable-controllers\/#primaryimage","url":"https:\/\/www.eurotherm.com\/wp-content\/uploads\/2017\/03\/epc3000-group2.jpg","contentUrl":"https:\/\/www.eurotherm.com\/wp-content\/uploads\/2017\/03\/epc3000-group2.jpg","width":930,"height":1017,"caption":"R\u00e9gulateurs programmables EPC3000"},{"@type":"BreadcrumbList","@id":"https:\/\/www.eurotherm.com\/fr\/products\/regulateur-pid-indicateurs-unites-alarme\/monoboucles\/epc3000-programmable-controllers\/#breadcrumb","itemListElement":[{"@type":"ListItem","position":1,"name":"Home","item":"https:\/\/www.eurotherm.com\/fr\/"},{"@type":"ListItem","position":2,"name":"Product Catalogue","item":"https:\/\/www.eurotherm.com\/fr\/product-catalogue\/"},{"@type":"ListItem","position":3,"name":"R\u00e9gulateurs PID, indicateurs et unit\u00e9s d\u2019alarme","item":"https:\/\/www.eurotherm.com\/fr\/eurotherm-products\/regulateur-pid-indicateurs-unites-alarme\/"},{"@type":"ListItem","position":4,"name":"R\u00e9gulateurs monoboucles","item":"https:\/\/www.eurotherm.com\/fr\/eurotherm-products\/regulateur-pid-indicateurs-unites-alarme\/monoboucles\/"},{"@type":"ListItem","position":5,"name":"R\u00e9gulateurs programmables EPC3000"}]},{"@type":"WebSite","@id":"https:\/\/www.eurotherm.com\/fr\/#website","url":"https:\/\/www.eurotherm.com\/fr\/","name":"Eurotherm Limited","description":"Temperature Control, Process Control, Measurement and Data Recording Solutions","potentialAction":[{"@type":"SearchAction","target":{"@type":"EntryPoint","urlTemplate":"https:\/\/www.eurotherm.com\/fr\/?s={search_term_string}"},"query-input":{"@type":"PropertyValueSpecification","valueRequired":true,"valueName":"search_term_string"}}],"inLanguage":"fr-FR"}]}},"ACF":{"product_file":[140705,97248,27667,28089,28090,27778,27669,27671,27780,27781,27779,28121,27668,27670,28124,28130,28128,28132,28093,27665,27672,28115,28116,29213,28127,28123,28129,28149,28122,28113,27673,28133,28134,28136,28138,28135,27777,26567,27597,28508,28091,27454,29126,29125,27675,29124,29123,27676,29122,29121,27677,27939,27940,27943,66535,78487,78477,78478,78464,89545,78465,78479,126579,87369,87015,90357,90350,90352,90351],"product_status":"Active Product","enable_watlow_configurator":true,"watlow_product_type":"Multiple","watlow_configurator_links":[{"watlow_name":"EPC3004 1\/4 DIN","watlow_link":"https:\/\/www.watlow.com\/Products\/Controllers\/Eurotherm\/epc3000-programmable-controllers?econfig=EPC3004"},{"watlow_name":"EPC3008 1\/8 DIN","watlow_link":"https:\/\/www.watlow.com\/Products\/Controllers\/Eurotherm\/epc3000-programmable-controllers?econfig=EPC3008"},{"watlow_name":"EPC3016 1\/16 DIN","watlow_link":"https:\/\/www.watlow.com\/Products\/Controllers\/Eurotherm\/epc3000-programmable-controllers?econfig=EPC3016"}]},"jetpack_sharing_enabled":true,"_links":{"self":[{"href":"https:\/\/www.eurotherm.com\/fr\/wp-json\/wp\/v2\/product\/22185","targetHints":{"allow":["GET"]}}],"collection":[{"href":"https:\/\/www.eurotherm.com\/fr\/wp-json\/wp\/v2\/product"}],"about":[{"href":"https:\/\/www.eurotherm.com\/fr\/wp-json\/wp\/v2\/types\/product"}],"wp:featuredmedia":[{"embeddable":true,"href":"https:\/\/www.eurotherm.com\/fr\/wp-json\/wp\/v2\/media\/18338"}],"wp:attachment":[{"href":"https:\/\/www.eurotherm.com\/fr\/wp-json\/wp\/v2\/media?parent=22185"}],"wp:term":[{"taxonomy":"product_brand","embeddable":true,"href":"https:\/\/www.eurotherm.com\/fr\/wp-json\/wp\/v2\/product_brand?post=22185"},{"taxonomy":"product_cat","embeddable":true,"href":"https:\/\/www.eurotherm.com\/fr\/wp-json\/wp\/v2\/product_cat?post=22185"},{"taxonomy":"product_tag","embeddable":true,"href":"https:\/\/www.eurotherm.com\/fr\/wp-json\/wp\/v2\/product_tag?post=22185"}],"curies":[{"name":"wp","href":"https:\/\/api.w.org\/{rel}","templated":true}]}}