{"id":22184,"date":"2018-10-15T08:51:20","date_gmt":"2018-10-15T08:51:20","guid":{"rendered":"https:\/\/www.eurotherm.com\/product\/regulateurs-programmables-epc2000\/"},"modified":"2023-08-18T21:23:42","modified_gmt":"2023-08-18T13:23:42","slug":"epc2000-programmable-controllers","status":"publish","type":"product","link":"https:\/\/www.eurotherm.com\/fr\/products\/regulateur-pid-indicateurs-unites-alarme\/monoboucles\/epc2000-programmable-controllers\/","title":{"rendered":"R\u00e9gulateurs programmables EPC2000"},"content":{"rendered":"<p>Le r\u00e9gulateur combine des performances de r\u00e9gulation et de mesure avec une connexion Ethernet \u00e0 haute vitesse. Il int\u00e8gre un switch complet pour la connexion en s\u00e9rie \u00e0 des superviseurs, des panels ou des API. La cybers\u00e9curit\u00e9 est certifi\u00e9e selon les strictes exigences Achilles\u00ae CRT Niveau 1.<\/p>\n<p>Le c\u00e2blage de blocs fonction utilisateur permet \u00e0 l\u2019unit\u00e9 de prendre en charge des fonctions syst\u00e8me suppl\u00e9mentaires au-del\u00e0 de la r\u00e9gulation PID. Les fonctions math\u00e9matiques, logiques, totalisateurs ou sp\u00e9cialis\u00e9es sont disponibles en option.<\/p>\n<p>EPC2000 est con\u00e7u pour une dur\u00e9e de vie prolong\u00e9e avec un stockage de donn\u00e9es non volatile FRAM, et sans batterie.<\/p>\n<h4>Pr\u00e9cision et r\u00e9p\u00e9tabilit\u00e9<\/h4>\n<p>L\u2019entr\u00e9e de mesure EPC2000 est rapide et pr\u00e9cise, avec une stabilit\u00e9 thermique exceptionnelle. Elle permet une r\u00e9gulation pr\u00e9cise et constante sur de longues p\u00e9riodes sans d\u00e9rive d\u2019\u00e9talonnage. Elle assure par exemple une excellente r\u00e9gulation en amont des proc\u00e9d\u00e9s qui n\u00e9cessitent une r\u00e9gulation pr\u00e9cise, notamment le traitement avanc\u00e9 des mat\u00e9riaux et l\u2019a\u00e9rospatiale.<\/p>\n<p>L\u2019algorithme PID d&rsquo;Eurotherm d\u00e9livre une r\u00e9gulation r\u00e9active et r\u00e9p\u00e9table. Celui-ci a fait l\u2019objet d\u2019am\u00e9liorations suppl\u00e9mentaires pour contribuer \u00e0 r\u00e9duire les d\u00e9passements. L\u2019obtention rapide de la temp\u00e9rature de fonctionnement et une faible oscillation aident \u00e0 atteindre un rendement \u00e9lev\u00e9 du proc\u00e9d\u00e9 et des taux de rebuts faibles. Diff\u00e9rents param\u00e8tres PID sont applicables dans diff\u00e9rentes plages de fonctionnement pour des performances optimales.<\/p>\n","protected":false},"excerpt":{"rendered":"<h2>La pr\u00e9cision au c\u0153ur de votre proc\u00e9d\u00e9<\/h2>\n<p>Le r\u00e9gulateur de temp\u00e9rature et de proc\u00e9d\u00e9 programmable mono-boucle EPC2000 fournit une r\u00e9gulation de pr\u00e9cision efficace et r\u00e9p\u00e9table. Il b\u00e9n\u00e9ficie d&rsquo;un format compact pratique et facile \u00e0 d\u00e9ployer, \u00e0 monter sur rail DIN ou en fond d&rsquo;armoire.<\/p>\n<h3>News produit<\/h3>\n<p>Disponible avec la communication PROFINET<br \/>\nAm\u00e9lior\u00e9 pour la cybers\u00e9curit\u00e9 (voir les t\u00e9l\u00e9chargements)<br \/>\n<a href=\"\/temperature-control\/epc2000\/\">Caract\u00e9ristiques et b\u00e9n\u00e9fices du r\u00e9gulateur EPC2000<\/a><br \/>\n<a href=\"\/press-releases\/schneider-electric-launches-their-latest-cybersecurity-certified-programmable-controllers-to-improve-process-yield\/\">Communiqu\u00e9 de presse du r\u00e9gulateur programmable EPC2000<\/a><br \/>\n<a href=\"\/temperature-control\/epc2000-how-to-tutorials\">Tutos EPC2000<\/a><\/p>\n<h3>PROFINET Configuration Tools<\/h3>\n<p><a href=\"https:\/\/www.eurotherm.com\/?wpdmdl=146864\">GSDML and bitmap Files Zipped<\/a><\/p>\n","protected":false},"featured_media":9114,"template":"","meta":{"_acf_changed":false},"product_brand":[],"product_cat":[1110,12196,12197],"product_tag":[],"class_list":{"0":"post-22184","1":"product","2":"type-product","3":"status-publish","4":"has-post-thumbnail","6":"industry-oem-custom-solutions-fr-2","7":"product_cat-produits","8":"product_cat-monoboucles","9":"product_cat-regulateur-pid-indicateurs-unites-alarme","10":"product_shipping_class-1-fr","12":"first","13":"instock","14":"purchasable","15":"product-type-simple"},"acf":[],"yoast_head":"<!-- This site is optimized with the Yoast SEO plugin v27.5 - https:\/\/yoast.com\/product\/yoast-seo-wordpress\/ -->\n<title>R\u00e9gulateurs programmables EPC2000 | Eurotherm Limited<\/title>\n<meta name=\"description\" content=\"R\u00e9gulateurs programmables EPC2000 | Le r\u00e9gulateur combine des performances de r\u00e9gulation et de mesure avec une connexion Ethernet \u00e0 haute vitesse. Il int\u00e8gre un\" \/>\n<meta name=\"robots\" content=\"index, follow, max-snippet:-1, max-image-preview:large, max-video-preview:-1\" \/>\n<meta property=\"og:locale\" content=\"fr_FR\" \/>\n<meta property=\"og:type\" content=\"article\" \/>\n<meta property=\"og:title\" content=\"R\u00e9gulateurs programmables EPC2000 | Eurotherm Limited\" \/>\n<meta property=\"og:description\" content=\"R\u00e9gulateurs programmables EPC2000 | La pr\u00e9cision au c\u0153ur de votre proc\u00e9d\u00e9 Le r\u00e9gulateur de temp\u00e9rature et de proc\u00e9d\u00e9 programmable mono-boucle EPC2000 fournit une r\u00e9gulation de pr\u00e9cision efficace et r\u00e9p\u00e9table. Il b\u00e9n\u00e9ficie d&#039;un format compact pratique et facile \u00e0 d\u00e9ployer, \u00e0 monter sur rail DIN ou en fond d&#039;armoire. News produit Disponible avec la communication PROFINET Am\u00e9lior\u00e9 pour la cybers\u00e9curit\u00e9 (voir les t\u00e9l\u00e9chargements) Caract\u00e9ristiques et b\u00e9n\u00e9fices du r\u00e9gulateur EPC2000 Communiqu\u00e9 de presse du r\u00e9gulateur programmable EPC2000 Tutos EPC2000 PROFINET Configuration Tools GSDML and bitmap Files Zipped\" \/>\n<meta property=\"og:url\" content=\"https:\/\/www.eurotherm.com\/fr\/products\/regulateur-pid-indicateurs-unites-alarme\/monoboucles\/epc2000-programmable-controllers\/\" \/>\n<meta property=\"og:site_name\" content=\"Eurotherm Limited\" \/>\n<meta property=\"article:modified_time\" content=\"2023-08-18T13:23:42+00:00\" \/>\n<meta property=\"og:image\" content=\"https:\/\/www.eurotherm.com\/wp-content\/uploads\/2018\/10\/epc2000-front.jpg\" \/>\n\t<meta property=\"og:image:width\" content=\"500\" \/>\n\t<meta property=\"og:image:height\" content=\"500\" \/>\n\t<meta property=\"og:image:type\" content=\"image\/jpeg\" \/>\n<meta name=\"twitter:card\" content=\"summary_large_image\" \/>\n<meta name=\"twitter:label1\" content=\"Dur\u00e9e de lecture estim\u00e9e\" \/>\n\t<meta name=\"twitter:data1\" content=\"1 minute\" \/>\n<script type=\"application\/ld+json\" class=\"yoast-schema-graph\">{\"@context\":\"https:\\\/\\\/schema.org\",\"@graph\":[{\"@type\":\"WebPage\",\"@id\":\"https:\\\/\\\/www.eurotherm.com\\\/fr\\\/products\\\/regulateur-pid-indicateurs-unites-alarme\\\/monoboucles\\\/epc2000-programmable-controllers\\\/\",\"url\":\"https:\\\/\\\/www.eurotherm.com\\\/fr\\\/products\\\/regulateur-pid-indicateurs-unites-alarme\\\/monoboucles\\\/epc2000-programmable-controllers\\\/\",\"name\":\"R\u00e9gulateurs programmables EPC2000 | Eurotherm Limited\",\"isPartOf\":{\"@id\":\"https:\\\/\\\/www.eurotherm.com\\\/fr\\\/#website\"},\"primaryImageOfPage\":{\"@id\":\"https:\\\/\\\/www.eurotherm.com\\\/fr\\\/products\\\/regulateur-pid-indicateurs-unites-alarme\\\/monoboucles\\\/epc2000-programmable-controllers\\\/#primaryimage\"},\"image\":{\"@id\":\"https:\\\/\\\/www.eurotherm.com\\\/fr\\\/products\\\/regulateur-pid-indicateurs-unites-alarme\\\/monoboucles\\\/epc2000-programmable-controllers\\\/#primaryimage\"},\"thumbnailUrl\":\"https:\\\/\\\/www.eurotherm.com\\\/wp-content\\\/uploads\\\/2018\\\/10\\\/epc2000-front.jpg\",\"datePublished\":\"2018-10-15T08:51:20+00:00\",\"dateModified\":\"2023-08-18T13:23:42+00:00\",\"description\":\"R\u00e9gulateurs programmables EPC2000 | La pr\u00e9cision au c\u0153ur de votre proc\u00e9d\u00e9 Le r\u00e9gulateur de temp\u00e9rature et de proc\u00e9d\u00e9 programmable mono-boucle EPC2000 fournit une r\u00e9gulation de pr\u00e9cision efficace et r\u00e9p\u00e9table. Il b\u00e9n\u00e9ficie d'un format compact pratique et facile \u00e0 d\u00e9ployer, \u00e0 monter sur rail DIN ou en fond d'armoire. News produit Disponible avec la communication PROFINET Am\u00e9lior\u00e9 pour la cybers\u00e9curit\u00e9 (voir les t\u00e9l\u00e9chargements) Caract\u00e9ristiques et b\u00e9n\u00e9fices du r\u00e9gulateur EPC2000 Communiqu\u00e9 de presse du r\u00e9gulateur programmable EPC2000 Tutos EPC2000 PROFINET Configuration Tools GSDML and bitmap Files Zipped\",\"breadcrumb\":{\"@id\":\"https:\\\/\\\/www.eurotherm.com\\\/fr\\\/products\\\/regulateur-pid-indicateurs-unites-alarme\\\/monoboucles\\\/epc2000-programmable-controllers\\\/#breadcrumb\"},\"inLanguage\":\"fr-FR\",\"potentialAction\":[{\"@type\":\"ReadAction\",\"target\":[\"https:\\\/\\\/www.eurotherm.com\\\/fr\\\/products\\\/regulateur-pid-indicateurs-unites-alarme\\\/monoboucles\\\/epc2000-programmable-controllers\\\/\"]}]},{\"@type\":\"ImageObject\",\"inLanguage\":\"fr-FR\",\"@id\":\"https:\\\/\\\/www.eurotherm.com\\\/fr\\\/products\\\/regulateur-pid-indicateurs-unites-alarme\\\/monoboucles\\\/epc2000-programmable-controllers\\\/#primaryimage\",\"url\":\"https:\\\/\\\/www.eurotherm.com\\\/wp-content\\\/uploads\\\/2018\\\/10\\\/epc2000-front.jpg\",\"contentUrl\":\"https:\\\/\\\/www.eurotherm.com\\\/wp-content\\\/uploads\\\/2018\\\/10\\\/epc2000-front.jpg\",\"width\":500,\"height\":500,\"caption\":\"R\u00e9gulateur programmable EPC2000\"},{\"@type\":\"BreadcrumbList\",\"@id\":\"https:\\\/\\\/www.eurotherm.com\\\/fr\\\/products\\\/regulateur-pid-indicateurs-unites-alarme\\\/monoboucles\\\/epc2000-programmable-controllers\\\/#breadcrumb\",\"itemListElement\":[{\"@type\":\"ListItem\",\"position\":1,\"name\":\"Home\",\"item\":\"https:\\\/\\\/www.eurotherm.com\\\/fr\\\/\"},{\"@type\":\"ListItem\",\"position\":2,\"name\":\"Product Catalogue\",\"item\":\"https:\\\/\\\/www.eurotherm.com\\\/fr\\\/product-catalogue\\\/\"},{\"@type\":\"ListItem\",\"position\":3,\"name\":\"R\u00e9gulateurs PID, indicateurs et unit\u00e9s d\u2019alarme\",\"item\":\"https:\\\/\\\/www.eurotherm.com\\\/fr\\\/eurotherm-products\\\/regulateur-pid-indicateurs-unites-alarme\\\/\"},{\"@type\":\"ListItem\",\"position\":4,\"name\":\"R\u00e9gulateurs monoboucles\",\"item\":\"https:\\\/\\\/www.eurotherm.com\\\/fr\\\/eurotherm-products\\\/regulateur-pid-indicateurs-unites-alarme\\\/monoboucles\\\/\"},{\"@type\":\"ListItem\",\"position\":5,\"name\":\"R\u00e9gulateurs programmables EPC2000\"}]},{\"@type\":\"WebSite\",\"@id\":\"https:\\\/\\\/www.eurotherm.com\\\/fr\\\/#website\",\"url\":\"https:\\\/\\\/www.eurotherm.com\\\/fr\\\/\",\"name\":\"Eurotherm Limited\",\"description\":\"Temperature Control, Process Control, Measurement and Data Recording Solutions\",\"potentialAction\":[{\"@type\":\"SearchAction\",\"target\":{\"@type\":\"EntryPoint\",\"urlTemplate\":\"https:\\\/\\\/www.eurotherm.com\\\/fr\\\/?s={search_term_string}\"},\"query-input\":{\"@type\":\"PropertyValueSpecification\",\"valueRequired\":true,\"valueName\":\"search_term_string\"}}],\"inLanguage\":\"fr-FR\"}]}<\/script>\n<!-- \/ Yoast SEO plugin. -->","yoast_head_json":{"title":"R\u00e9gulateurs programmables EPC2000 | Eurotherm Limited","description":"R\u00e9gulateurs programmables EPC2000 | Le r\u00e9gulateur combine des performances de r\u00e9gulation et de mesure avec une connexion Ethernet \u00e0 haute vitesse. Il int\u00e8gre un","robots":{"index":"index","follow":"follow","max-snippet":"max-snippet:-1","max-image-preview":"max-image-preview:large","max-video-preview":"max-video-preview:-1"},"og_locale":"fr_FR","og_type":"article","og_title":"R\u00e9gulateurs programmables EPC2000 | Eurotherm Limited","og_description":"R\u00e9gulateurs programmables EPC2000 | La pr\u00e9cision au c\u0153ur de votre proc\u00e9d\u00e9 Le r\u00e9gulateur de temp\u00e9rature et de proc\u00e9d\u00e9 programmable mono-boucle EPC2000 fournit une r\u00e9gulation de pr\u00e9cision efficace et r\u00e9p\u00e9table. Il b\u00e9n\u00e9ficie d'un format compact pratique et facile \u00e0 d\u00e9ployer, \u00e0 monter sur rail DIN ou en fond d'armoire. News produit Disponible avec la communication PROFINET Am\u00e9lior\u00e9 pour la cybers\u00e9curit\u00e9 (voir les t\u00e9l\u00e9chargements) Caract\u00e9ristiques et b\u00e9n\u00e9fices du r\u00e9gulateur EPC2000 Communiqu\u00e9 de presse du r\u00e9gulateur programmable EPC2000 Tutos EPC2000 PROFINET Configuration Tools GSDML and bitmap Files Zipped","og_url":"https:\/\/www.eurotherm.com\/fr\/products\/regulateur-pid-indicateurs-unites-alarme\/monoboucles\/epc2000-programmable-controllers\/","og_site_name":"Eurotherm Limited","article_modified_time":"2023-08-18T13:23:42+00:00","og_image":[{"width":500,"height":500,"url":"https:\/\/www.eurotherm.com\/wp-content\/uploads\/2018\/10\/epc2000-front.jpg","type":"image\/jpeg"}],"twitter_card":"summary_large_image","twitter_misc":{"Dur\u00e9e de lecture estim\u00e9e":"1 minute"},"schema":{"@context":"https:\/\/schema.org","@graph":[{"@type":"WebPage","@id":"https:\/\/www.eurotherm.com\/fr\/products\/regulateur-pid-indicateurs-unites-alarme\/monoboucles\/epc2000-programmable-controllers\/","url":"https:\/\/www.eurotherm.com\/fr\/products\/regulateur-pid-indicateurs-unites-alarme\/monoboucles\/epc2000-programmable-controllers\/","name":"R\u00e9gulateurs programmables EPC2000 | Eurotherm Limited","isPartOf":{"@id":"https:\/\/www.eurotherm.com\/fr\/#website"},"primaryImageOfPage":{"@id":"https:\/\/www.eurotherm.com\/fr\/products\/regulateur-pid-indicateurs-unites-alarme\/monoboucles\/epc2000-programmable-controllers\/#primaryimage"},"image":{"@id":"https:\/\/www.eurotherm.com\/fr\/products\/regulateur-pid-indicateurs-unites-alarme\/monoboucles\/epc2000-programmable-controllers\/#primaryimage"},"thumbnailUrl":"https:\/\/www.eurotherm.com\/wp-content\/uploads\/2018\/10\/epc2000-front.jpg","datePublished":"2018-10-15T08:51:20+00:00","dateModified":"2023-08-18T13:23:42+00:00","description":"R\u00e9gulateurs programmables EPC2000 | La pr\u00e9cision au c\u0153ur de votre proc\u00e9d\u00e9 Le r\u00e9gulateur de temp\u00e9rature et de proc\u00e9d\u00e9 programmable mono-boucle EPC2000 fournit une r\u00e9gulation de pr\u00e9cision efficace et r\u00e9p\u00e9table. Il b\u00e9n\u00e9ficie d'un format compact pratique et facile \u00e0 d\u00e9ployer, \u00e0 monter sur rail DIN ou en fond d'armoire. News produit Disponible avec la communication PROFINET Am\u00e9lior\u00e9 pour la cybers\u00e9curit\u00e9 (voir les t\u00e9l\u00e9chargements) Caract\u00e9ristiques et b\u00e9n\u00e9fices du r\u00e9gulateur EPC2000 Communiqu\u00e9 de presse du r\u00e9gulateur programmable EPC2000 Tutos EPC2000 PROFINET Configuration Tools GSDML and bitmap Files Zipped","breadcrumb":{"@id":"https:\/\/www.eurotherm.com\/fr\/products\/regulateur-pid-indicateurs-unites-alarme\/monoboucles\/epc2000-programmable-controllers\/#breadcrumb"},"inLanguage":"fr-FR","potentialAction":[{"@type":"ReadAction","target":["https:\/\/www.eurotherm.com\/fr\/products\/regulateur-pid-indicateurs-unites-alarme\/monoboucles\/epc2000-programmable-controllers\/"]}]},{"@type":"ImageObject","inLanguage":"fr-FR","@id":"https:\/\/www.eurotherm.com\/fr\/products\/regulateur-pid-indicateurs-unites-alarme\/monoboucles\/epc2000-programmable-controllers\/#primaryimage","url":"https:\/\/www.eurotherm.com\/wp-content\/uploads\/2018\/10\/epc2000-front.jpg","contentUrl":"https:\/\/www.eurotherm.com\/wp-content\/uploads\/2018\/10\/epc2000-front.jpg","width":500,"height":500,"caption":"R\u00e9gulateur programmable EPC2000"},{"@type":"BreadcrumbList","@id":"https:\/\/www.eurotherm.com\/fr\/products\/regulateur-pid-indicateurs-unites-alarme\/monoboucles\/epc2000-programmable-controllers\/#breadcrumb","itemListElement":[{"@type":"ListItem","position":1,"name":"Home","item":"https:\/\/www.eurotherm.com\/fr\/"},{"@type":"ListItem","position":2,"name":"Product Catalogue","item":"https:\/\/www.eurotherm.com\/fr\/product-catalogue\/"},{"@type":"ListItem","position":3,"name":"R\u00e9gulateurs PID, indicateurs et unit\u00e9s d\u2019alarme","item":"https:\/\/www.eurotherm.com\/fr\/eurotherm-products\/regulateur-pid-indicateurs-unites-alarme\/"},{"@type":"ListItem","position":4,"name":"R\u00e9gulateurs monoboucles","item":"https:\/\/www.eurotherm.com\/fr\/eurotherm-products\/regulateur-pid-indicateurs-unites-alarme\/monoboucles\/"},{"@type":"ListItem","position":5,"name":"R\u00e9gulateurs programmables EPC2000"}]},{"@type":"WebSite","@id":"https:\/\/www.eurotherm.com\/fr\/#website","url":"https:\/\/www.eurotherm.com\/fr\/","name":"Eurotherm Limited","description":"Temperature Control, Process Control, Measurement and Data Recording Solutions","potentialAction":[{"@type":"SearchAction","target":{"@type":"EntryPoint","urlTemplate":"https:\/\/www.eurotherm.com\/fr\/?s={search_term_string}"},"query-input":{"@type":"PropertyValueSpecification","valueRequired":true,"valueName":"search_term_string"}}],"inLanguage":"fr-FR"}]}},"ACF":{"product_file":[97236,27665,27442,28646,29350,28230,29214,28605,27666,28179,28181,28190,28191,28192,29316,29306,27454,103639,28290,78462,65944,78443,78463,78485,78486,83667,83668,86992,89055,86552,105978,137741,137742,137743],"product_status":"Active Product","enable_watlow_configurator":true,"watlow_product_type":"Single","watlow_configurator_link":"https:\/\/www.watlow.com\/Products\/Controllers\/Eurotherm\/epc2000-programmable-controllers?econfig=123"},"jetpack_sharing_enabled":true,"_links":{"self":[{"href":"https:\/\/www.eurotherm.com\/fr\/wp-json\/wp\/v2\/product\/22184","targetHints":{"allow":["GET"]}}],"collection":[{"href":"https:\/\/www.eurotherm.com\/fr\/wp-json\/wp\/v2\/product"}],"about":[{"href":"https:\/\/www.eurotherm.com\/fr\/wp-json\/wp\/v2\/types\/product"}],"wp:featuredmedia":[{"embeddable":true,"href":"https:\/\/www.eurotherm.com\/fr\/wp-json\/wp\/v2\/media\/9114"}],"wp:attachment":[{"href":"https:\/\/www.eurotherm.com\/fr\/wp-json\/wp\/v2\/media?parent=22184"}],"wp:term":[{"taxonomy":"product_brand","embeddable":true,"href":"https:\/\/www.eurotherm.com\/fr\/wp-json\/wp\/v2\/product_brand?post=22184"},{"taxonomy":"product_cat","embeddable":true,"href":"https:\/\/www.eurotherm.com\/fr\/wp-json\/wp\/v2\/product_cat?post=22184"},{"taxonomy":"product_tag","embeddable":true,"href":"https:\/\/www.eurotherm.com\/fr\/wp-json\/wp\/v2\/product_tag?post=22184"}],"curies":[{"name":"wp","href":"https:\/\/api.w.org\/{rel}","templated":true}]}}