{"id":22180,"date":"2018-10-15T08:47:09","date_gmt":"2018-10-15T08:47:09","guid":{"rendered":"https:\/\/www.eurotherm.com\/product\/regulateur-multiboucle-avance-2704\/"},"modified":"2022-04-08T20:46:08","modified_gmt":"2022-04-08T12:46:08","slug":"2704-advanced-multi-loop-temperature-controllers","status":"publish","type":"product","link":"https:\/\/www.eurotherm.com\/fr\/products\/regulateur-pid-indicateurs-unites-alarme\/multi-boucles\/2704-advanced-multi-loop-temperature-controllers\/","title":{"rendered":"R\u00e9gulateur multiboucle avanc\u00e9 2704"},"content":{"rendered":"<ul>\n<li>Mesure haute performance \u2013 la meilleure r\u00e9gulation dans sa cat\u00e9gorie<\/li>\n<li>E\/S flexible \u2013 r\u00e9pond \u00e0 de nombreuses exigences vari\u00e9es<\/li>\n<li>Tr\u00e8s complet \u2013 bien plus qu\u2019un r\u00e9gulateur de temp\u00e9rature<\/li>\n<li>Fonctions sp\u00e9cifiques aux applications \u2013 pour simplifier les applications complexes<\/li>\n<li>C\u00e2blage logiciel graphique \u2013 facilite la cr\u00e9ativit\u00e9 et permet de trouver des solutions aux probl\u00e8mes les plus complexes<\/li>\n<\/ul>\n<p>Son interface utilisateur comprend un afficheur matriciel lumineux extr\u00eamement flexible et facile \u00e0 utiliser. Ce produit est enti\u00e8rement configurable et offre de nombreuses caract\u00e9ristiques g\u00e9n\u00e9ralement r\u00e9serv\u00e9es aux automates programmables (PLC). Ceci permet d\u2019impl\u00e9menter des syst\u00e8mes int\u00e9grant la r\u00e9gulation du proc\u00e9d\u00e9 et les fonctions logiques d\u2019une machine, ce qui simplifie la complexit\u00e9 du syst\u00e8me et r\u00e9duit les co\u00fbts totaux du syst\u00e8me.<\/p>\n<p>La configuration se fait soit par l\u2019interface de la face avant, soit en utilisant le logiciel de configuration iTools.<\/p>\n<p>&nbsp;<\/p>\n<h2>Entr\u00e9e de proc\u00e9d\u00e9 haute pr\u00e9cision<\/h2>\n<p>Si vous ne pouvez pas mesurer pr\u00e9cis\u00e9ment, vous ne pourrez pas r\u00e9guler pr\u00e9cis\u00e9ment. Le 2704 offre une r\u00e9solution type de 0,25 uV. Il est donc parfaitement adapt\u00e9 aux applications comme les semi-conducteurs, le traitement thermique en four \u00e0 vide et les applications de recherche. Tous les types d\u2019entr\u00e9e de thermocouple sont pris en charge, tout comme les sonde \u00e0 r\u00e9sistance Pt100 et les types d\u2019entr\u00e9e lin\u00e9aire comme 0-10 Vdc et 4-20 mA. Les mesures quatre fils Pt100 et Pt25 sont \u00e9galement possibles en utilisant un module sp\u00e9cialement con\u00e7u pour les applications de m\u00e9trologie haute pr\u00e9cision.<\/p>\n<p>&nbsp;<\/p>\n<h2>Programmateur de consigne<\/h2>\n<ul>\n<li>Id\u00e9al pour les fours \u00e0 atmosph\u00e8re ou \u00e0 vide et les enceintes \u00e0 atmosph\u00e8re contr\u00f4l\u00e9e<\/li>\n<li>60 programmes<\/li>\n<li>3 profils de point de consigne\/programme<\/li>\n<li>600 segments<\/li>\n<li>16 sorties d\u2019\u00e9v\u00e9nement<\/li>\n<li>Affichage synoptique du programme<\/li>\n<\/ul>\n<p>60 programmes de point de consigne, chacun avec 16 \u00e9v\u00e9nements num\u00e9riques, peuvent \u00eatre stock\u00e9s. Un total de 600 segments peuvent \u00eatre programm\u00e9s et les fonctions pause ou attente, ainsi que les entr\u00e9es num\u00e9riques, offrent une solution extr\u00eamement flexible pour les applications telles que les fours \u00e0 c\u00e9mentation et \u00e0 vide, les enceintes \u00e0 atmosph\u00e8re contr\u00f4l\u00e9e et les autoclaves.<\/p>\n<p>&nbsp;<\/p>\n<h2>Communications num\u00e9riques<\/h2>\n<ul>\n<li>Modbus RTU<\/li>\n<li>Ethernet Modbus\/TCP<\/li>\n<li>Profibus DP<\/li>\n<li>Communications r\u00e9seau Devicenet\u00ae<\/li>\n<li>EI-Bisync<\/li>\n<li>Modbus RTU ma\u00eetre<\/li>\n<\/ul>\n<p>Le 2704 supporte deux ports de communication esclaves. Sa construction modulaire offre \u00e0 l\u2019utilisateur un choix de protocoles de communication facilitant l\u2019int\u00e9gration dans les syst\u00e8mes de PLC et de supervision PC.<\/p>\n<p>Les communications Modbus ma\u00eetre augmentent sensiblement les applications ouvertes au 2704. Dans sa forme la plus simple, il peut \u00eatre utilis\u00e9 pour retransmettre un point de consigne \u00e0 un certain nombre de r\u00e9gulateurs esclaves dans un four multizones. Sinon, il peut \u00eatre li\u00e9 au r\u00e9gulateur Mini8 16 boucles pour fournir une interface op\u00e9rateur d\u00e9port\u00e9e avec des fonctions de programmation de consigne.<\/p>\n<p><strong>IDEAL POUR :<\/strong><\/p>\n<ul>\n<li>Fours \u00e0 atmosph\u00e8re<\/li>\n<li>Fours sous vide<\/li>\n<li>Fours pour semi-conducteurs<\/li>\n<li>Essais de fluage et de tension<\/li>\n<li>Autoclaves<\/li>\n<li>Fermenteurs et r\u00e9acteurs<\/li>\n<li>Pression de fusion de l\u2019extrusion<\/li>\n<\/ul>\n<p><strong>CARACTERISTIQUES :<\/strong><\/p>\n<ul>\n<li><strong>\u200b<\/strong>3 boucles PID<\/li>\n<li>Entr\u00e9e de proc\u00e9d\u00e9 ultra haute pr\u00e9cision<\/li>\n<li>Cascade, rapport, boucle pr\u00e9dominante<\/li>\n<li>Programmation des consignes<\/li>\n<li>Calcul, logique et timers<\/li>\n<\/ul>\n","protected":false},"excerpt":{"rendered":"<p>Le 2704 est un r\u00e9gulateur de proc\u00e9d\u00e9 stable et ultra pr\u00e9cis disponible en format mono, bi ou tri-boucle. Ses caract\u00e9ristiques comprennent la programmation des consignes ainsi qu&rsquo;un choix complet de fonctions math\u00e9matiques et logiques.<\/p>\n","protected":false},"featured_media":9366,"template":"","meta":{"_acf_changed":false},"product_brand":[],"product_cat":[12230,12197],"product_tag":[],"class_list":{"0":"post-22180","1":"product","2":"type-product","3":"status-publish","4":"has-post-thumbnail","6":"industry-heat-treatment-fr-2","7":"product_cat-multi-boucles","8":"product_cat-regulateur-pid-indicateurs-unites-alarme","9":"product_shipping_class-1-fr","11":"first","12":"instock","13":"purchasable","14":"product-type-simple"},"acf":[],"yoast_head":"<!-- This site is optimized with the Yoast SEO plugin v27.2 - https:\/\/yoast.com\/product\/yoast-seo-wordpress\/ -->\n<title>R\u00e9gulateur multiboucle avanc\u00e9 2704 | Eurotherm Limited<\/title>\n<meta name=\"description\" content=\"R\u00e9gulateur multiboucle avanc\u00e9 2704 | Mesure haute performance \u2013 la meilleure r\u00e9gulation dans sa cat\u00e9gorie E\/S flexible \u2013 r\u00e9pond \u00e0 de\" \/>\n<meta name=\"robots\" content=\"index, follow, max-snippet:-1, max-image-preview:large, max-video-preview:-1\" \/>\n<meta property=\"og:locale\" content=\"fr_FR\" \/>\n<meta property=\"og:type\" content=\"article\" \/>\n<meta property=\"og:title\" content=\"R\u00e9gulateur multiboucle avanc\u00e9 2704 | Eurotherm Limited\" \/>\n<meta property=\"og:description\" content=\"R\u00e9gulateur multiboucle avanc\u00e9 2704 | Le 2704 est un r\u00e9gulateur de proc\u00e9d\u00e9 stable et ultra pr\u00e9cis disponible en format mono, bi ou tri-boucle. Ses caract\u00e9ristiques comprennent la programmation des consignes ainsi qu&#039;un choix complet de fonctions math\u00e9matiques et logiques.\" \/>\n<meta property=\"og:url\" content=\"https:\/\/www.eurotherm.com\/fr\/products\/regulateur-pid-indicateurs-unites-alarme\/multi-boucles\/2704-advanced-multi-loop-temperature-controllers\/\" \/>\n<meta property=\"og:site_name\" content=\"Eurotherm Limited\" \/>\n<meta property=\"article:modified_time\" content=\"2022-04-08T12:46:08+00:00\" \/>\n<meta property=\"og:image\" content=\"https:\/\/www.eurotherm.com\/wp-content\/uploads\/2018\/10\/2704.jpg\" \/>\n\t<meta property=\"og:image:width\" content=\"500\" \/>\n\t<meta property=\"og:image:height\" content=\"500\" \/>\n\t<meta property=\"og:image:type\" content=\"image\/jpeg\" \/>\n<meta name=\"twitter:card\" content=\"summary_large_image\" \/>\n<meta name=\"twitter:label1\" content=\"Dur\u00e9e de lecture estim\u00e9e\" \/>\n\t<meta name=\"twitter:data1\" content=\"3 minutes\" \/>\n<script type=\"application\/ld+json\" class=\"yoast-schema-graph\">{\"@context\":\"https:\/\/schema.org\",\"@graph\":[{\"@type\":\"WebPage\",\"@id\":\"https:\/\/www.eurotherm.com\/fr\/products\/regulateur-pid-indicateurs-unites-alarme\/multi-boucles\/2704-advanced-multi-loop-temperature-controllers\/\",\"url\":\"https:\/\/www.eurotherm.com\/fr\/products\/regulateur-pid-indicateurs-unites-alarme\/multi-boucles\/2704-advanced-multi-loop-temperature-controllers\/\",\"name\":\"R\u00e9gulateur multiboucle avanc\u00e9 2704 | Eurotherm Limited\",\"isPartOf\":{\"@id\":\"https:\/\/www.eurotherm.com\/fr\/#website\"},\"primaryImageOfPage\":{\"@id\":\"https:\/\/www.eurotherm.com\/fr\/products\/regulateur-pid-indicateurs-unites-alarme\/multi-boucles\/2704-advanced-multi-loop-temperature-controllers\/#primaryimage\"},\"image\":{\"@id\":\"https:\/\/www.eurotherm.com\/fr\/products\/regulateur-pid-indicateurs-unites-alarme\/multi-boucles\/2704-advanced-multi-loop-temperature-controllers\/#primaryimage\"},\"thumbnailUrl\":\"https:\/\/www.eurotherm.com\/wp-content\/uploads\/2018\/10\/2704.jpg\",\"datePublished\":\"2018-10-15T08:47:09+00:00\",\"dateModified\":\"2022-04-08T12:46:08+00:00\",\"description\":\"R\u00e9gulateur multiboucle avanc\u00e9 2704 | Le 2704 est un r\u00e9gulateur de proc\u00e9d\u00e9 stable et ultra pr\u00e9cis disponible en format mono, bi ou tri-boucle. Ses caract\u00e9ristiques comprennent la programmation des consignes ainsi qu'un choix complet de fonctions math\u00e9matiques et logiques.\",\"breadcrumb\":{\"@id\":\"https:\/\/www.eurotherm.com\/fr\/products\/regulateur-pid-indicateurs-unites-alarme\/multi-boucles\/2704-advanced-multi-loop-temperature-controllers\/#breadcrumb\"},\"inLanguage\":\"fr-FR\",\"potentialAction\":[{\"@type\":\"ReadAction\",\"target\":[\"https:\/\/www.eurotherm.com\/fr\/products\/regulateur-pid-indicateurs-unites-alarme\/multi-boucles\/2704-advanced-multi-loop-temperature-controllers\/\"]}]},{\"@type\":\"ImageObject\",\"inLanguage\":\"fr-FR\",\"@id\":\"https:\/\/www.eurotherm.com\/fr\/products\/regulateur-pid-indicateurs-unites-alarme\/multi-boucles\/2704-advanced-multi-loop-temperature-controllers\/#primaryimage\",\"url\":\"https:\/\/www.eurotherm.com\/wp-content\/uploads\/2018\/10\/2704.jpg\",\"contentUrl\":\"https:\/\/www.eurotherm.com\/wp-content\/uploads\/2018\/10\/2704.jpg\",\"width\":500,\"height\":500},{\"@type\":\"BreadcrumbList\",\"@id\":\"https:\/\/www.eurotherm.com\/fr\/products\/regulateur-pid-indicateurs-unites-alarme\/multi-boucles\/2704-advanced-multi-loop-temperature-controllers\/#breadcrumb\",\"itemListElement\":[{\"@type\":\"ListItem\",\"position\":1,\"name\":\"Home\",\"item\":\"https:\/\/www.eurotherm.com\/fr\/\"},{\"@type\":\"ListItem\",\"position\":2,\"name\":\"Product Catalogue\",\"item\":\"https:\/\/www.eurotherm.com\/fr\/product-catalogue\/\"},{\"@type\":\"ListItem\",\"position\":3,\"name\":\"R\u00e9gulateurs PID, indicateurs et unit\u00e9s d\u2019alarme\",\"item\":\"https:\/\/www.eurotherm.com\/fr\/eurotherm-products\/regulateur-pid-indicateurs-unites-alarme\/\"},{\"@type\":\"ListItem\",\"position\":4,\"name\":\"Multi-boucles\",\"item\":\"https:\/\/www.eurotherm.com\/fr\/eurotherm-products\/regulateur-pid-indicateurs-unites-alarme\/multi-boucles\/\"},{\"@type\":\"ListItem\",\"position\":5,\"name\":\"R\u00e9gulateur multiboucle avanc\u00e9 2704\"}]},{\"@type\":\"WebSite\",\"@id\":\"https:\/\/www.eurotherm.com\/fr\/#website\",\"url\":\"https:\/\/www.eurotherm.com\/fr\/\",\"name\":\"Eurotherm Limited\",\"description\":\"Temperature Control, Process Control, Measurement and Data Recording Solutions\",\"potentialAction\":[{\"@type\":\"SearchAction\",\"target\":{\"@type\":\"EntryPoint\",\"urlTemplate\":\"https:\/\/www.eurotherm.com\/fr\/?s={search_term_string}\"},\"query-input\":{\"@type\":\"PropertyValueSpecification\",\"valueRequired\":true,\"valueName\":\"search_term_string\"}}],\"inLanguage\":\"fr-FR\"}]}<\/script>\n<!-- \/ Yoast SEO plugin. -->","yoast_head_json":{"title":"R\u00e9gulateur multiboucle avanc\u00e9 2704 | Eurotherm Limited","description":"R\u00e9gulateur multiboucle avanc\u00e9 2704 | Mesure haute performance \u2013 la meilleure r\u00e9gulation dans sa cat\u00e9gorie E\/S flexible \u2013 r\u00e9pond \u00e0 de","robots":{"index":"index","follow":"follow","max-snippet":"max-snippet:-1","max-image-preview":"max-image-preview:large","max-video-preview":"max-video-preview:-1"},"og_locale":"fr_FR","og_type":"article","og_title":"R\u00e9gulateur multiboucle avanc\u00e9 2704 | Eurotherm Limited","og_description":"R\u00e9gulateur multiboucle avanc\u00e9 2704 | Le 2704 est un r\u00e9gulateur de proc\u00e9d\u00e9 stable et ultra pr\u00e9cis disponible en format mono, bi ou tri-boucle. Ses caract\u00e9ristiques comprennent la programmation des consignes ainsi qu'un choix complet de fonctions math\u00e9matiques et logiques.","og_url":"https:\/\/www.eurotherm.com\/fr\/products\/regulateur-pid-indicateurs-unites-alarme\/multi-boucles\/2704-advanced-multi-loop-temperature-controllers\/","og_site_name":"Eurotherm Limited","article_modified_time":"2022-04-08T12:46:08+00:00","og_image":[{"width":500,"height":500,"url":"https:\/\/www.eurotherm.com\/wp-content\/uploads\/2018\/10\/2704.jpg","type":"image\/jpeg"}],"twitter_card":"summary_large_image","twitter_misc":{"Dur\u00e9e de lecture estim\u00e9e":"3 minutes"},"schema":{"@context":"https:\/\/schema.org","@graph":[{"@type":"WebPage","@id":"https:\/\/www.eurotherm.com\/fr\/products\/regulateur-pid-indicateurs-unites-alarme\/multi-boucles\/2704-advanced-multi-loop-temperature-controllers\/","url":"https:\/\/www.eurotherm.com\/fr\/products\/regulateur-pid-indicateurs-unites-alarme\/multi-boucles\/2704-advanced-multi-loop-temperature-controllers\/","name":"R\u00e9gulateur multiboucle avanc\u00e9 2704 | Eurotherm Limited","isPartOf":{"@id":"https:\/\/www.eurotherm.com\/fr\/#website"},"primaryImageOfPage":{"@id":"https:\/\/www.eurotherm.com\/fr\/products\/regulateur-pid-indicateurs-unites-alarme\/multi-boucles\/2704-advanced-multi-loop-temperature-controllers\/#primaryimage"},"image":{"@id":"https:\/\/www.eurotherm.com\/fr\/products\/regulateur-pid-indicateurs-unites-alarme\/multi-boucles\/2704-advanced-multi-loop-temperature-controllers\/#primaryimage"},"thumbnailUrl":"https:\/\/www.eurotherm.com\/wp-content\/uploads\/2018\/10\/2704.jpg","datePublished":"2018-10-15T08:47:09+00:00","dateModified":"2022-04-08T12:46:08+00:00","description":"R\u00e9gulateur multiboucle avanc\u00e9 2704 | Le 2704 est un r\u00e9gulateur de proc\u00e9d\u00e9 stable et ultra pr\u00e9cis disponible en format mono, bi ou tri-boucle. Ses caract\u00e9ristiques comprennent la programmation des consignes ainsi qu'un choix complet de fonctions math\u00e9matiques et logiques.","breadcrumb":{"@id":"https:\/\/www.eurotherm.com\/fr\/products\/regulateur-pid-indicateurs-unites-alarme\/multi-boucles\/2704-advanced-multi-loop-temperature-controllers\/#breadcrumb"},"inLanguage":"fr-FR","potentialAction":[{"@type":"ReadAction","target":["https:\/\/www.eurotherm.com\/fr\/products\/regulateur-pid-indicateurs-unites-alarme\/multi-boucles\/2704-advanced-multi-loop-temperature-controllers\/"]}]},{"@type":"ImageObject","inLanguage":"fr-FR","@id":"https:\/\/www.eurotherm.com\/fr\/products\/regulateur-pid-indicateurs-unites-alarme\/multi-boucles\/2704-advanced-multi-loop-temperature-controllers\/#primaryimage","url":"https:\/\/www.eurotherm.com\/wp-content\/uploads\/2018\/10\/2704.jpg","contentUrl":"https:\/\/www.eurotherm.com\/wp-content\/uploads\/2018\/10\/2704.jpg","width":500,"height":500},{"@type":"BreadcrumbList","@id":"https:\/\/www.eurotherm.com\/fr\/products\/regulateur-pid-indicateurs-unites-alarme\/multi-boucles\/2704-advanced-multi-loop-temperature-controllers\/#breadcrumb","itemListElement":[{"@type":"ListItem","position":1,"name":"Home","item":"https:\/\/www.eurotherm.com\/fr\/"},{"@type":"ListItem","position":2,"name":"Product Catalogue","item":"https:\/\/www.eurotherm.com\/fr\/product-catalogue\/"},{"@type":"ListItem","position":3,"name":"R\u00e9gulateurs PID, indicateurs et unit\u00e9s d\u2019alarme","item":"https:\/\/www.eurotherm.com\/fr\/eurotherm-products\/regulateur-pid-indicateurs-unites-alarme\/"},{"@type":"ListItem","position":4,"name":"Multi-boucles","item":"https:\/\/www.eurotherm.com\/fr\/eurotherm-products\/regulateur-pid-indicateurs-unites-alarme\/multi-boucles\/"},{"@type":"ListItem","position":5,"name":"R\u00e9gulateur multiboucle avanc\u00e9 2704"}]},{"@type":"WebSite","@id":"https:\/\/www.eurotherm.com\/fr\/#website","url":"https:\/\/www.eurotherm.com\/fr\/","name":"Eurotherm Limited","description":"Temperature Control, Process Control, Measurement and Data Recording Solutions","potentialAction":[{"@type":"SearchAction","target":{"@type":"EntryPoint","urlTemplate":"https:\/\/www.eurotherm.com\/fr\/?s={search_term_string}"},"query-input":{"@type":"PropertyValueSpecification","valueRequired":true,"valueName":"search_term_string"}}],"inLanguage":"fr-FR"}]}},"ACF":{"product_file":[28290,27454,28535,27946,27884,27880,27942,27866,27943,27939,28120,28970,29138,26784,27473,26800,26832,26821,26816,28343,26822,26783,26789,26790,26786,26785,26802,26778,26787,26788,26801,26826,26824,26825,26810,26815,26817,29375,26819,26820,26813,26823,26818,26814,26811,26812,26827,29322,26828,26829,26830,26806,26808,26805,26831,27497,27505,27584,28274,105978,103627,103628,133627,137169]},"jetpack_sharing_enabled":true,"_links":{"self":[{"href":"https:\/\/www.eurotherm.com\/fr\/wp-json\/wp\/v2\/product\/22180","targetHints":{"allow":["GET"]}}],"collection":[{"href":"https:\/\/www.eurotherm.com\/fr\/wp-json\/wp\/v2\/product"}],"about":[{"href":"https:\/\/www.eurotherm.com\/fr\/wp-json\/wp\/v2\/types\/product"}],"wp:featuredmedia":[{"embeddable":true,"href":"https:\/\/www.eurotherm.com\/fr\/wp-json\/wp\/v2\/media\/9366"}],"wp:attachment":[{"href":"https:\/\/www.eurotherm.com\/fr\/wp-json\/wp\/v2\/media?parent=22180"}],"wp:term":[{"taxonomy":"product_brand","embeddable":true,"href":"https:\/\/www.eurotherm.com\/fr\/wp-json\/wp\/v2\/product_brand?post=22180"},{"taxonomy":"product_cat","embeddable":true,"href":"https:\/\/www.eurotherm.com\/fr\/wp-json\/wp\/v2\/product_cat?post=22180"},{"taxonomy":"product_tag","embeddable":true,"href":"https:\/\/www.eurotherm.com\/fr\/wp-json\/wp\/v2\/product_tag?post=22180"}],"curies":[{"name":"wp","href":"https:\/\/api.w.org\/{rel}","templated":true}]}}