{"id":22178,"date":"2018-10-15T08:52:25","date_gmt":"2018-10-15T08:52:25","guid":{"rendered":"https:\/\/www.eurotherm.com\/product\/regulateur-mini8\/"},"modified":"2023-12-01T23:19:12","modified_gmt":"2023-12-01T15:19:12","slug":"mini8-loop-controller","status":"publish","type":"product","link":"https:\/\/www.eurotherm.com\/fr\/products\/regulateur-pid-indicateurs-unites-alarme\/multi-boucles\/mini8-loop-controller\/","title":{"rendered":"R\u00e9gulateur Mini8\u00ae"},"content":{"rendered":"<ul>\n<li>R\u00e9duit le mat\u00e9riel PLC<\/li>\n<li>Installation facile et rapide<\/li>\n<li>Am\u00e9liore les performances de r\u00e9gulation<\/li>\n<li>Am\u00e9liore les performances de l&rsquo;automate programmable<\/li>\n<li>Minimise le mat\u00e9riel de conditionnement du signal<\/li>\n<\/ul>\n<p>Le r\u00e9gulateur Mini8 est le partenaire id\u00e9al d&rsquo;un automate programmable (PLC). Capable de liaisons multiples en communications s\u00e9rie, bus de terrain ou Ethernet, il offre une alternative r\u00e9elle et \u00e9conomique au traitement de mesures analogiques ou des boucles de r\u00e9gulation dans un environnement d&rsquo;automate. L&rsquo;impl\u00e9mentation de ces fonctions dans le r\u00e9gulateur Mini8 r\u00e9duit les co\u00fbts de mat\u00e9riel du PLC en le d\u00e9chargeant des fonctions analogiques &#8211; ce qui permet souvent d&rsquo;utiliser un processeur de sp\u00e9cification inf\u00e9rieure.<\/p>\n<p>Le jeu de caract\u00e9ristiques offert par le r\u00e9gulateur Mini8 comprend des r\u00e9gulations PID haute performance, des fonctions de c\u00e2blage graphique et de programmation de consigne, ainsi que des blocs de fonctions math\u00e9matiques, logiques et de temporisation.<\/p>\n<p>Quand l&rsquo;appareil est utilis\u00e9 dans une installation d&rsquo;acquisition de donn\u00e9es, les E\/S analogiques haute densit\u00e9 peuvent \u00eatre combin\u00e9es avec les produits d&rsquo;enregistrement graphique sans papier de la s\u00e9rie 6000 pour fournir un acc\u00e8s local et r\u00e9seau in\u00e9gal\u00e9 \u00e0 votre proc\u00e9d\u00e9.<\/p>\n<p><strong>IDEAL POUR :<\/strong><\/p>\n<ul>\n<li>Fours et hauts-fourneaux multizones<\/li>\n<li>CVD et MBE pour semi-conducteurs<\/li>\n<li>Production d&rsquo;\u00e9nergie<\/li>\n<li>Extrusion de plastique<\/li>\n<li>Machines d&#8217;emballage<\/li>\n<li>Machinerie textile<\/li>\n<li>Fours de boulanger<\/li>\n<li>Arches \u00e0 recuire le verre<\/li>\n<\/ul>\n<p><strong>CARACTERISTIQUES :<\/strong><\/p>\n<ul>\n<li>16 boucles de r\u00e9gulation avec auto-r\u00e9glage<\/li>\n<li>32 entr\u00e9es analogiques<\/li>\n<li>Modulaire et compact<\/li>\n<li>Programmation des points de consigne<\/li>\n<li>Calcul et logique<\/li>\n<li>Modbus RTU<\/li>\n<li>R\u00e9seau DeviceNet\u2122<\/li>\n<li>Profibus DP<\/li>\n<li>Modbus TCP<\/li>\n<\/ul>\n","protected":false},"excerpt":{"rendered":"<p>Le r\u00e9gulateur Mini8 offre une r\u00e9gulation performante g\u00e9n\u00e9ralement r\u00e9serv\u00e9e aux r\u00e9gulateurs PID Eurotherm mont\u00e9s en panneau. C\u2019est \u00e9galement un dispositif d\u2019acquisition des donn\u00e9es compact et comp\u00e9titif. Sa conception modulaire permet de s\u00e9lectionner ses entr\u00e9es\/sorties et ses jeux de caract\u00e9ristiques pour prendre en charge un large \u00e9ventail d\u2019applications, simples ou complexes.<\/p>\n<p>Maintenant avec:<\/p>\n<ul>\n<li>Plus de puissance de traitement, plus de blocs \u2018fonction\u2019 et des communications plus rapides<\/li>\n<li>Plus de boucles g\u00e9r\u00e9es dans un bo\u00eetier unique, avec une pr\u00e9cision d\u2019entr\u00e9e am\u00e9lior\u00e9e<\/li>\n<li>Carte d&rsquo;entr\u00e9e de thermocouple am\u00e9lior\u00e9e (ET8) avec une pr\u00e9cision CSF de +\/-0,25\u00a0\u00b0C<\/li>\n<\/ul>\n<p>Con\u00e7u autour des meilleures pratiques de l\u2019IIoT et de la cybers\u00e9curit\u00e9 pour soutenir les strat\u00e9gies de d\u00e9fense en profondeur<\/p>\n<p>https:\/\/youtu.be\/Vn03fpSjKGE<\/p>\n","protected":false},"featured_media":140171,"template":"","meta":{"_acf_changed":false},"product_brand":[],"product_cat":[12148,12230,1110,12150,12197],"product_tag":[],"class_list":{"0":"post-22178","1":"product","2":"type-product","3":"status-publish","4":"has-post-thumbnail","6":"industry-oem-custom-solutions-fr-2","7":"industry-semiconductor-fr-2","8":"product_cat-furnaces-atmosphere-and-vacuum-fr","9":"product_cat-multi-boucles","10":"product_cat-produits","11":"product_cat-heat-treat-products-fr","12":"product_cat-regulateur-pid-indicateurs-unites-alarme","13":"product_shipping_class-1-fr","15":"first","16":"instock","17":"purchasable","18":"product-type-simple"},"acf":[],"yoast_head":"<!-- This site is optimized with the Yoast SEO plugin v27.2 - https:\/\/yoast.com\/product\/yoast-seo-wordpress\/ -->\n<title>R\u00e9gulateur Mini8\u00ae | Eurotherm Limited<\/title>\n<meta name=\"description\" content=\"R\u00e9gulateur Mini8\u00ae | R\u00e9duit le mat\u00e9riel PLC Installation facile et rapide Am\u00e9liore les performances de r\u00e9gulation &lt;li\" \/>\n<meta name=\"robots\" content=\"index, follow, max-snippet:-1, max-image-preview:large, max-video-preview:-1\" \/>\n<meta property=\"og:locale\" content=\"fr_FR\" \/>\n<meta property=\"og:type\" content=\"article\" \/>\n<meta property=\"og:title\" content=\"R\u00e9gulateur Mini8\u00ae | Eurotherm Limited\" \/>\n<meta property=\"og:description\" content=\"R\u00e9gulateur Mini8\u00ae | Le r\u00e9gulateur Mini8 offre une r\u00e9gulation performante g\u00e9n\u00e9ralement r\u00e9serv\u00e9e aux r\u00e9gulateurs PID Eurotherm mont\u00e9s en panneau. C\u2019est \u00e9galement un dispositif d\u2019acquisition des donn\u00e9es compact et comp\u00e9titif. Sa conception modulaire permet de s\u00e9lectionner ses entr\u00e9es\/sorties et ses jeux de caract\u00e9ristiques pour prendre en charge un large \u00e9ventail d\u2019applications, simples ou complexes.  Maintenant avec:   Plus de puissance de traitement, plus de blocs \u2018fonction\u2019 et des communications plus rapides  Plus de boucles g\u00e9r\u00e9es dans un bo\u00eetier unique, avec une pr\u00e9cision d\u2019entr\u00e9e am\u00e9lior\u00e9e  Carte d&#039;entr\u00e9e de thermocouple am\u00e9lior\u00e9e (ET8) avec une pr\u00e9cision CSF de +\/-0,25\u00a0\u00b0C  Con\u00e7u autour des meilleures pratiques de l\u2019IIoT et de la cybers\u00e9curit\u00e9 pour soutenir les strat\u00e9gies de d\u00e9fense en profondeur  https:\/\/youtu.be\/Vn03fpSjKGE\" \/>\n<meta property=\"og:url\" content=\"https:\/\/www.eurotherm.com\/fr\/products\/regulateur-pid-indicateurs-unites-alarme\/multi-boucles\/mini8-loop-controller\/\" \/>\n<meta property=\"og:site_name\" content=\"Eurotherm Limited\" \/>\n<meta property=\"article:modified_time\" content=\"2023-12-01T15:19:12+00:00\" \/>\n<meta property=\"og:image\" content=\"https:\/\/www.eurotherm.com\/wp-content\/uploads\/2018\/10\/MBUSCLIENT-crop.jpg\" \/>\n\t<meta property=\"og:image:width\" content=\"446\" \/>\n\t<meta property=\"og:image:height\" content=\"445\" \/>\n\t<meta property=\"og:image:type\" content=\"image\/jpeg\" \/>\n<meta name=\"twitter:card\" content=\"summary_large_image\" \/>\n<meta name=\"twitter:label1\" content=\"Dur\u00e9e de lecture estim\u00e9e\" \/>\n\t<meta name=\"twitter:data1\" content=\"2 minutes\" \/>\n<script type=\"application\/ld+json\" class=\"yoast-schema-graph\">{\"@context\":\"https:\/\/schema.org\",\"@graph\":[{\"@type\":\"WebPage\",\"@id\":\"https:\/\/www.eurotherm.com\/fr\/products\/regulateur-pid-indicateurs-unites-alarme\/multi-boucles\/mini8-loop-controller\/\",\"url\":\"https:\/\/www.eurotherm.com\/fr\/products\/regulateur-pid-indicateurs-unites-alarme\/multi-boucles\/mini8-loop-controller\/\",\"name\":\"R\u00e9gulateur Mini8\u00ae | Eurotherm Limited\",\"isPartOf\":{\"@id\":\"https:\/\/www.eurotherm.com\/fr\/#website\"},\"primaryImageOfPage\":{\"@id\":\"https:\/\/www.eurotherm.com\/fr\/products\/regulateur-pid-indicateurs-unites-alarme\/multi-boucles\/mini8-loop-controller\/#primaryimage\"},\"image\":{\"@id\":\"https:\/\/www.eurotherm.com\/fr\/products\/regulateur-pid-indicateurs-unites-alarme\/multi-boucles\/mini8-loop-controller\/#primaryimage\"},\"thumbnailUrl\":\"https:\/\/www.eurotherm.com\/wp-content\/uploads\/2018\/10\/MBUSCLIENT-crop.jpg\",\"datePublished\":\"2018-10-15T08:52:25+00:00\",\"dateModified\":\"2023-12-01T15:19:12+00:00\",\"description\":\"R\u00e9gulateur Mini8\u00ae | Le r\u00e9gulateur Mini8 offre une r\u00e9gulation performante g\u00e9n\u00e9ralement r\u00e9serv\u00e9e aux r\u00e9gulateurs PID Eurotherm mont\u00e9s en panneau. C\u2019est \u00e9galement un dispositif d\u2019acquisition des donn\u00e9es compact et comp\u00e9titif. Sa conception modulaire permet de s\u00e9lectionner ses entr\u00e9es\/sorties et ses jeux de caract\u00e9ristiques pour prendre en charge un large \u00e9ventail d\u2019applications, simples ou complexes. Maintenant avec: Plus de puissance de traitement, plus de blocs \u2018fonction\u2019 et des communications plus rapides Plus de boucles g\u00e9r\u00e9es dans un bo\u00eetier unique, avec une pr\u00e9cision d\u2019entr\u00e9e am\u00e9lior\u00e9e Carte d'entr\u00e9e de thermocouple am\u00e9lior\u00e9e (ET8) avec une pr\u00e9cision CSF de +\/-0,25\u00a0\u00b0C Con\u00e7u autour des meilleures pratiques de l\u2019IIoT et de la cybers\u00e9curit\u00e9 pour soutenir les strat\u00e9gies de d\u00e9fense en profondeur https:\/\/youtu.be\/Vn03fpSjKGE\",\"breadcrumb\":{\"@id\":\"https:\/\/www.eurotherm.com\/fr\/products\/regulateur-pid-indicateurs-unites-alarme\/multi-boucles\/mini8-loop-controller\/#breadcrumb\"},\"inLanguage\":\"fr-FR\",\"potentialAction\":[{\"@type\":\"ReadAction\",\"target\":[\"https:\/\/www.eurotherm.com\/fr\/products\/regulateur-pid-indicateurs-unites-alarme\/multi-boucles\/mini8-loop-controller\/\"]}]},{\"@type\":\"ImageObject\",\"inLanguage\":\"fr-FR\",\"@id\":\"https:\/\/www.eurotherm.com\/fr\/products\/regulateur-pid-indicateurs-unites-alarme\/multi-boucles\/mini8-loop-controller\/#primaryimage\",\"url\":\"https:\/\/www.eurotherm.com\/wp-content\/uploads\/2018\/10\/MBUSCLIENT-crop.jpg\",\"contentUrl\":\"https:\/\/www.eurotherm.com\/wp-content\/uploads\/2018\/10\/MBUSCLIENT-crop.jpg\",\"width\":446,\"height\":445},{\"@type\":\"BreadcrumbList\",\"@id\":\"https:\/\/www.eurotherm.com\/fr\/products\/regulateur-pid-indicateurs-unites-alarme\/multi-boucles\/mini8-loop-controller\/#breadcrumb\",\"itemListElement\":[{\"@type\":\"ListItem\",\"position\":1,\"name\":\"Home\",\"item\":\"https:\/\/www.eurotherm.com\/fr\/\"},{\"@type\":\"ListItem\",\"position\":2,\"name\":\"Product Catalogue\",\"item\":\"https:\/\/www.eurotherm.com\/fr\/product-catalogue\/\"},{\"@type\":\"ListItem\",\"position\":3,\"name\":\"R\u00e9gulateurs PID, indicateurs et unit\u00e9s d\u2019alarme\",\"item\":\"https:\/\/www.eurotherm.com\/fr\/eurotherm-products\/regulateur-pid-indicateurs-unites-alarme\/\"},{\"@type\":\"ListItem\",\"position\":4,\"name\":\"Multi-boucles\",\"item\":\"https:\/\/www.eurotherm.com\/fr\/eurotherm-products\/regulateur-pid-indicateurs-unites-alarme\/multi-boucles\/\"},{\"@type\":\"ListItem\",\"position\":5,\"name\":\"R\u00e9gulateur Mini8\u00ae\"}]},{\"@type\":\"WebSite\",\"@id\":\"https:\/\/www.eurotherm.com\/fr\/#website\",\"url\":\"https:\/\/www.eurotherm.com\/fr\/\",\"name\":\"Eurotherm Limited\",\"description\":\"Temperature Control, Process Control, Measurement and Data Recording Solutions\",\"potentialAction\":[{\"@type\":\"SearchAction\",\"target\":{\"@type\":\"EntryPoint\",\"urlTemplate\":\"https:\/\/www.eurotherm.com\/fr\/?s={search_term_string}\"},\"query-input\":{\"@type\":\"PropertyValueSpecification\",\"valueRequired\":true,\"valueName\":\"search_term_string\"}}],\"inLanguage\":\"fr-FR\"}]}<\/script>\n<!-- \/ Yoast SEO plugin. -->","yoast_head_json":{"title":"R\u00e9gulateur Mini8\u00ae | Eurotherm Limited","description":"R\u00e9gulateur Mini8\u00ae | R\u00e9duit le mat\u00e9riel PLC Installation facile et rapide Am\u00e9liore les performances de r\u00e9gulation &lt;li","robots":{"index":"index","follow":"follow","max-snippet":"max-snippet:-1","max-image-preview":"max-image-preview:large","max-video-preview":"max-video-preview:-1"},"og_locale":"fr_FR","og_type":"article","og_title":"R\u00e9gulateur Mini8\u00ae | Eurotherm Limited","og_description":"R\u00e9gulateur Mini8\u00ae | Le r\u00e9gulateur Mini8 offre une r\u00e9gulation performante g\u00e9n\u00e9ralement r\u00e9serv\u00e9e aux r\u00e9gulateurs PID Eurotherm mont\u00e9s en panneau. C\u2019est \u00e9galement un dispositif d\u2019acquisition des donn\u00e9es compact et comp\u00e9titif. Sa conception modulaire permet de s\u00e9lectionner ses entr\u00e9es\/sorties et ses jeux de caract\u00e9ristiques pour prendre en charge un large \u00e9ventail d\u2019applications, simples ou complexes.  Maintenant avec:   Plus de puissance de traitement, plus de blocs \u2018fonction\u2019 et des communications plus rapides  Plus de boucles g\u00e9r\u00e9es dans un bo\u00eetier unique, avec une pr\u00e9cision d\u2019entr\u00e9e am\u00e9lior\u00e9e  Carte d'entr\u00e9e de thermocouple am\u00e9lior\u00e9e (ET8) avec une pr\u00e9cision CSF de +\/-0,25\u00a0\u00b0C  Con\u00e7u autour des meilleures pratiques de l\u2019IIoT et de la cybers\u00e9curit\u00e9 pour soutenir les strat\u00e9gies de d\u00e9fense en profondeur  https:\/\/youtu.be\/Vn03fpSjKGE","og_url":"https:\/\/www.eurotherm.com\/fr\/products\/regulateur-pid-indicateurs-unites-alarme\/multi-boucles\/mini8-loop-controller\/","og_site_name":"Eurotherm Limited","article_modified_time":"2023-12-01T15:19:12+00:00","og_image":[{"width":446,"height":445,"url":"https:\/\/www.eurotherm.com\/wp-content\/uploads\/2018\/10\/MBUSCLIENT-crop.jpg","type":"image\/jpeg"}],"twitter_card":"summary_large_image","twitter_misc":{"Dur\u00e9e de lecture estim\u00e9e":"2 minutes"},"schema":{"@context":"https:\/\/schema.org","@graph":[{"@type":"WebPage","@id":"https:\/\/www.eurotherm.com\/fr\/products\/regulateur-pid-indicateurs-unites-alarme\/multi-boucles\/mini8-loop-controller\/","url":"https:\/\/www.eurotherm.com\/fr\/products\/regulateur-pid-indicateurs-unites-alarme\/multi-boucles\/mini8-loop-controller\/","name":"R\u00e9gulateur Mini8\u00ae | Eurotherm Limited","isPartOf":{"@id":"https:\/\/www.eurotherm.com\/fr\/#website"},"primaryImageOfPage":{"@id":"https:\/\/www.eurotherm.com\/fr\/products\/regulateur-pid-indicateurs-unites-alarme\/multi-boucles\/mini8-loop-controller\/#primaryimage"},"image":{"@id":"https:\/\/www.eurotherm.com\/fr\/products\/regulateur-pid-indicateurs-unites-alarme\/multi-boucles\/mini8-loop-controller\/#primaryimage"},"thumbnailUrl":"https:\/\/www.eurotherm.com\/wp-content\/uploads\/2018\/10\/MBUSCLIENT-crop.jpg","datePublished":"2018-10-15T08:52:25+00:00","dateModified":"2023-12-01T15:19:12+00:00","description":"R\u00e9gulateur Mini8\u00ae | Le r\u00e9gulateur Mini8 offre une r\u00e9gulation performante g\u00e9n\u00e9ralement r\u00e9serv\u00e9e aux r\u00e9gulateurs PID Eurotherm mont\u00e9s en panneau. C\u2019est \u00e9galement un dispositif d\u2019acquisition des donn\u00e9es compact et comp\u00e9titif. Sa conception modulaire permet de s\u00e9lectionner ses entr\u00e9es\/sorties et ses jeux de caract\u00e9ristiques pour prendre en charge un large \u00e9ventail d\u2019applications, simples ou complexes. Maintenant avec: Plus de puissance de traitement, plus de blocs \u2018fonction\u2019 et des communications plus rapides Plus de boucles g\u00e9r\u00e9es dans un bo\u00eetier unique, avec une pr\u00e9cision d\u2019entr\u00e9e am\u00e9lior\u00e9e Carte d'entr\u00e9e de thermocouple am\u00e9lior\u00e9e (ET8) avec une pr\u00e9cision CSF de +\/-0,25\u00a0\u00b0C Con\u00e7u autour des meilleures pratiques de l\u2019IIoT et de la cybers\u00e9curit\u00e9 pour soutenir les strat\u00e9gies de d\u00e9fense en profondeur https:\/\/youtu.be\/Vn03fpSjKGE","breadcrumb":{"@id":"https:\/\/www.eurotherm.com\/fr\/products\/regulateur-pid-indicateurs-unites-alarme\/multi-boucles\/mini8-loop-controller\/#breadcrumb"},"inLanguage":"fr-FR","potentialAction":[{"@type":"ReadAction","target":["https:\/\/www.eurotherm.com\/fr\/products\/regulateur-pid-indicateurs-unites-alarme\/multi-boucles\/mini8-loop-controller\/"]}]},{"@type":"ImageObject","inLanguage":"fr-FR","@id":"https:\/\/www.eurotherm.com\/fr\/products\/regulateur-pid-indicateurs-unites-alarme\/multi-boucles\/mini8-loop-controller\/#primaryimage","url":"https:\/\/www.eurotherm.com\/wp-content\/uploads\/2018\/10\/MBUSCLIENT-crop.jpg","contentUrl":"https:\/\/www.eurotherm.com\/wp-content\/uploads\/2018\/10\/MBUSCLIENT-crop.jpg","width":446,"height":445},{"@type":"BreadcrumbList","@id":"https:\/\/www.eurotherm.com\/fr\/products\/regulateur-pid-indicateurs-unites-alarme\/multi-boucles\/mini8-loop-controller\/#breadcrumb","itemListElement":[{"@type":"ListItem","position":1,"name":"Home","item":"https:\/\/www.eurotherm.com\/fr\/"},{"@type":"ListItem","position":2,"name":"Product Catalogue","item":"https:\/\/www.eurotherm.com\/fr\/product-catalogue\/"},{"@type":"ListItem","position":3,"name":"R\u00e9gulateurs PID, indicateurs et unit\u00e9s d\u2019alarme","item":"https:\/\/www.eurotherm.com\/fr\/eurotherm-products\/regulateur-pid-indicateurs-unites-alarme\/"},{"@type":"ListItem","position":4,"name":"Multi-boucles","item":"https:\/\/www.eurotherm.com\/fr\/eurotherm-products\/regulateur-pid-indicateurs-unites-alarme\/multi-boucles\/"},{"@type":"ListItem","position":5,"name":"R\u00e9gulateur Mini8\u00ae"}]},{"@type":"WebSite","@id":"https:\/\/www.eurotherm.com\/fr\/#website","url":"https:\/\/www.eurotherm.com\/fr\/","name":"Eurotherm Limited","description":"Temperature Control, Process Control, Measurement and Data Recording Solutions","potentialAction":[{"@type":"SearchAction","target":{"@type":"EntryPoint","urlTemplate":"https:\/\/www.eurotherm.com\/fr\/?s={search_term_string}"},"query-input":{"@type":"PropertyValueSpecification","valueRequired":true,"valueName":"search_term_string"}}],"inLanguage":"fr-FR"}]}},"ACF":{"product_file":[133573,132091,132963,132092,93702,27454,27598,28509,28374,28373,28383,29183,28376,28391,28377,28380,28378,28379,28385,29332,27905,28381,28390,28371,28372,28389,28382,28386,28369,28384,28388,27904,27909,27906,27908,28387,29168,80144,80171,80778,89080,105978,86685,119786,120201,124913,124926,131816,137178,139337,139336,139335,149984,150229,149222],"product_status":"Active Product","enable_watlow_configurator":true,"watlow_product_type":"Single","watlow_configurator_link":"https:\/\/www.watlow.com\/Products\/Controllers\/Eurotherm\/Mini8-Loop-Controller?econfig=123"},"jetpack_sharing_enabled":true,"_links":{"self":[{"href":"https:\/\/www.eurotherm.com\/fr\/wp-json\/wp\/v2\/product\/22178","targetHints":{"allow":["GET"]}}],"collection":[{"href":"https:\/\/www.eurotherm.com\/fr\/wp-json\/wp\/v2\/product"}],"about":[{"href":"https:\/\/www.eurotherm.com\/fr\/wp-json\/wp\/v2\/types\/product"}],"wp:featuredmedia":[{"embeddable":true,"href":"https:\/\/www.eurotherm.com\/fr\/wp-json\/wp\/v2\/media\/140171"}],"wp:attachment":[{"href":"https:\/\/www.eurotherm.com\/fr\/wp-json\/wp\/v2\/media?parent=22178"}],"wp:term":[{"taxonomy":"product_brand","embeddable":true,"href":"https:\/\/www.eurotherm.com\/fr\/wp-json\/wp\/v2\/product_brand?post=22178"},{"taxonomy":"product_cat","embeddable":true,"href":"https:\/\/www.eurotherm.com\/fr\/wp-json\/wp\/v2\/product_cat?post=22178"},{"taxonomy":"product_tag","embeddable":true,"href":"https:\/\/www.eurotherm.com\/fr\/wp-json\/wp\/v2\/product_tag?post=22178"}],"curies":[{"name":"wp","href":"https:\/\/api.w.org\/{rel}","templated":true}]}}