{"id":22176,"date":"2018-10-15T08:46:55","date_gmt":"2018-10-16T11:50:48","guid":{"rendered":"https:\/\/www.eurotherm.com\/product\/regulateur-2132\/"},"modified":"2020-02-29T09:55:07","modified_gmt":"2020-02-29T09:55:07","slug":"regulateur-2132","status":"publish","type":"product","link":"https:\/\/www.eurotherm.com\/fr\/products\/discontinued-eurotherm-products-fr\/regulateur-2132\/","title":{"rendered":"R\u00e9gulateur 2132"},"content":{"rendered":"","protected":false},"excerpt":{"rendered":"<p>IDEAL POUR:<\/p>\n<ul>\n<li>Extrusion plastique<\/li>\n<li>Refroidisseurs<\/li>\n<li>St\u00e9rilisateurs<\/li>\n<li>Petits fours<\/li>\n<li>Thermoscellage<\/li>\n<li>Chauffage par tra\u00e7age<\/li>\n<\/ul>\n","protected":false},"featured_media":9142,"template":"","meta":{"_acf_changed":false},"product_brand":[],"product_cat":[12351],"product_tag":[],"class_list":{"0":"post-22176","1":"product","2":"type-product","3":"status-publish","4":"has-post-thumbnail","6":"product_cat-discontinued-eurotherm-products-fr","7":"product_shipping_class-1-fr","9":"first","10":"instock","11":"purchasable","12":"product-type-simple"},"acf":[],"yoast_head":"<!-- This site is optimized with the Yoast SEO plugin v27.2 - https:\/\/yoast.com\/product\/yoast-seo-wordpress\/ -->\n<title>R\u00e9gulateur 2132 | Eurotherm Limited<\/title>\n<meta name=\"description\" content=\"R\u00e9gulateur 2132 | Eurotherm\" \/>\n<meta name=\"robots\" content=\"index, follow, max-snippet:-1, max-image-preview:large, max-video-preview:-1\" \/>\n<meta property=\"og:locale\" content=\"fr_FR\" \/>\n<meta property=\"og:type\" content=\"article\" \/>\n<meta property=\"og:title\" content=\"R\u00e9gulateur 2132 | Eurotherm Limited\" \/>\n<meta property=\"og:description\" content=\"R\u00e9gulateur 2132 | IDEAL POUR:   Extrusion plastique  Refroidisseurs  St\u00e9rilisateurs  Petits fours  Thermoscellage  Chauffage par tra\u00e7age\" \/>\n<meta property=\"og:url\" content=\"https:\/\/www.eurotherm.com\/fr\/products\/discontinued-eurotherm-products-fr\/regulateur-2132\/\" \/>\n<meta property=\"og:site_name\" content=\"Eurotherm Limited\" \/>\n<meta property=\"article:modified_time\" content=\"2020-02-29T09:55:07+00:00\" \/>\n<meta property=\"og:image\" content=\"https:\/\/www.eurotherm.com\/wp-content\/uploads\/2018\/10\/2132.jpg\" \/>\n\t<meta property=\"og:image:width\" content=\"500\" \/>\n\t<meta property=\"og:image:height\" content=\"500\" \/>\n\t<meta property=\"og:image:type\" content=\"image\/jpeg\" \/>\n<meta name=\"twitter:card\" content=\"summary_large_image\" \/>\n<script type=\"application\/ld+json\" class=\"yoast-schema-graph\">{\"@context\":\"https:\/\/schema.org\",\"@graph\":[{\"@type\":\"WebPage\",\"@id\":\"https:\/\/www.eurotherm.com\/fr\/products\/discontinued-eurotherm-products-fr\/regulateur-2132\/\",\"url\":\"https:\/\/www.eurotherm.com\/fr\/products\/discontinued-eurotherm-products-fr\/regulateur-2132\/\",\"name\":\"R\u00e9gulateur 2132 | Eurotherm Limited\",\"isPartOf\":{\"@id\":\"https:\/\/www.eurotherm.com\/fr\/#website\"},\"primaryImageOfPage\":{\"@id\":\"https:\/\/www.eurotherm.com\/fr\/products\/discontinued-eurotherm-products-fr\/regulateur-2132\/#primaryimage\"},\"image\":{\"@id\":\"https:\/\/www.eurotherm.com\/fr\/products\/discontinued-eurotherm-products-fr\/regulateur-2132\/#primaryimage\"},\"thumbnailUrl\":\"https:\/\/www.eurotherm.com\/wp-content\/uploads\/2018\/10\/2132.jpg\",\"datePublished\":\"2018-10-16T11:50:48+00:00\",\"dateModified\":\"2020-02-29T09:55:07+00:00\",\"description\":\"R\u00e9gulateur 2132 | IDEAL POUR: Extrusion plastique Refroidisseurs St\u00e9rilisateurs Petits fours Thermoscellage Chauffage par tra\u00e7age\",\"breadcrumb\":{\"@id\":\"https:\/\/www.eurotherm.com\/fr\/products\/discontinued-eurotherm-products-fr\/regulateur-2132\/#breadcrumb\"},\"inLanguage\":\"fr-FR\",\"potentialAction\":[{\"@type\":\"ReadAction\",\"target\":[\"https:\/\/www.eurotherm.com\/fr\/products\/discontinued-eurotherm-products-fr\/regulateur-2132\/\"]}]},{\"@type\":\"ImageObject\",\"inLanguage\":\"fr-FR\",\"@id\":\"https:\/\/www.eurotherm.com\/fr\/products\/discontinued-eurotherm-products-fr\/regulateur-2132\/#primaryimage\",\"url\":\"https:\/\/www.eurotherm.com\/wp-content\/uploads\/2018\/10\/2132.jpg\",\"contentUrl\":\"https:\/\/www.eurotherm.com\/wp-content\/uploads\/2018\/10\/2132.jpg\",\"width\":500,\"height\":500},{\"@type\":\"BreadcrumbList\",\"@id\":\"https:\/\/www.eurotherm.com\/fr\/products\/discontinued-eurotherm-products-fr\/regulateur-2132\/#breadcrumb\",\"itemListElement\":[{\"@type\":\"ListItem\",\"position\":1,\"name\":\"Home\",\"item\":\"https:\/\/www.eurotherm.com\/fr\/\"},{\"@type\":\"ListItem\",\"position\":2,\"name\":\"Product Catalogue\",\"item\":\"https:\/\/www.eurotherm.com\/fr\/product-catalogue\/\"},{\"@type\":\"ListItem\",\"position\":3,\"name\":\"Produits Eurotherm arr\u00eat\u00e9s\",\"item\":\"https:\/\/www.eurotherm.com\/fr\/eurotherm-products\/discontinued-eurotherm-products-fr\/\"},{\"@type\":\"ListItem\",\"position\":4,\"name\":\"R\u00e9gulateur 2132\"}]},{\"@type\":\"WebSite\",\"@id\":\"https:\/\/www.eurotherm.com\/fr\/#website\",\"url\":\"https:\/\/www.eurotherm.com\/fr\/\",\"name\":\"Eurotherm Limited\",\"description\":\"Temperature Control, Process Control, Measurement and Data Recording Solutions\",\"potentialAction\":[{\"@type\":\"SearchAction\",\"target\":{\"@type\":\"EntryPoint\",\"urlTemplate\":\"https:\/\/www.eurotherm.com\/fr\/?s={search_term_string}\"},\"query-input\":{\"@type\":\"PropertyValueSpecification\",\"valueRequired\":true,\"valueName\":\"search_term_string\"}}],\"inLanguage\":\"fr-FR\"}]}<\/script>\n<!-- \/ Yoast SEO plugin. -->","yoast_head_json":{"title":"R\u00e9gulateur 2132 | Eurotherm Limited","description":"R\u00e9gulateur 2132 | Eurotherm","robots":{"index":"index","follow":"follow","max-snippet":"max-snippet:-1","max-image-preview":"max-image-preview:large","max-video-preview":"max-video-preview:-1"},"og_locale":"fr_FR","og_type":"article","og_title":"R\u00e9gulateur 2132 | Eurotherm Limited","og_description":"R\u00e9gulateur 2132 | IDEAL POUR:   Extrusion plastique  Refroidisseurs  St\u00e9rilisateurs  Petits fours  Thermoscellage  Chauffage par tra\u00e7age","og_url":"https:\/\/www.eurotherm.com\/fr\/products\/discontinued-eurotherm-products-fr\/regulateur-2132\/","og_site_name":"Eurotherm Limited","article_modified_time":"2020-02-29T09:55:07+00:00","og_image":[{"width":500,"height":500,"url":"https:\/\/www.eurotherm.com\/wp-content\/uploads\/2018\/10\/2132.jpg","type":"image\/jpeg"}],"twitter_card":"summary_large_image","schema":{"@context":"https:\/\/schema.org","@graph":[{"@type":"WebPage","@id":"https:\/\/www.eurotherm.com\/fr\/products\/discontinued-eurotherm-products-fr\/regulateur-2132\/","url":"https:\/\/www.eurotherm.com\/fr\/products\/discontinued-eurotherm-products-fr\/regulateur-2132\/","name":"R\u00e9gulateur 2132 | Eurotherm Limited","isPartOf":{"@id":"https:\/\/www.eurotherm.com\/fr\/#website"},"primaryImageOfPage":{"@id":"https:\/\/www.eurotherm.com\/fr\/products\/discontinued-eurotherm-products-fr\/regulateur-2132\/#primaryimage"},"image":{"@id":"https:\/\/www.eurotherm.com\/fr\/products\/discontinued-eurotherm-products-fr\/regulateur-2132\/#primaryimage"},"thumbnailUrl":"https:\/\/www.eurotherm.com\/wp-content\/uploads\/2018\/10\/2132.jpg","datePublished":"2018-10-16T11:50:48+00:00","dateModified":"2020-02-29T09:55:07+00:00","description":"R\u00e9gulateur 2132 | IDEAL POUR: Extrusion plastique Refroidisseurs St\u00e9rilisateurs Petits fours Thermoscellage Chauffage par tra\u00e7age","breadcrumb":{"@id":"https:\/\/www.eurotherm.com\/fr\/products\/discontinued-eurotherm-products-fr\/regulateur-2132\/#breadcrumb"},"inLanguage":"fr-FR","potentialAction":[{"@type":"ReadAction","target":["https:\/\/www.eurotherm.com\/fr\/products\/discontinued-eurotherm-products-fr\/regulateur-2132\/"]}]},{"@type":"ImageObject","inLanguage":"fr-FR","@id":"https:\/\/www.eurotherm.com\/fr\/products\/discontinued-eurotherm-products-fr\/regulateur-2132\/#primaryimage","url":"https:\/\/www.eurotherm.com\/wp-content\/uploads\/2018\/10\/2132.jpg","contentUrl":"https:\/\/www.eurotherm.com\/wp-content\/uploads\/2018\/10\/2132.jpg","width":500,"height":500},{"@type":"BreadcrumbList","@id":"https:\/\/www.eurotherm.com\/fr\/products\/discontinued-eurotherm-products-fr\/regulateur-2132\/#breadcrumb","itemListElement":[{"@type":"ListItem","position":1,"name":"Home","item":"https:\/\/www.eurotherm.com\/fr\/"},{"@type":"ListItem","position":2,"name":"Product Catalogue","item":"https:\/\/www.eurotherm.com\/fr\/product-catalogue\/"},{"@type":"ListItem","position":3,"name":"Produits Eurotherm arr\u00eat\u00e9s","item":"https:\/\/www.eurotherm.com\/fr\/eurotherm-products\/discontinued-eurotherm-products-fr\/"},{"@type":"ListItem","position":4,"name":"R\u00e9gulateur 2132"}]},{"@type":"WebSite","@id":"https:\/\/www.eurotherm.com\/fr\/#website","url":"https:\/\/www.eurotherm.com\/fr\/","name":"Eurotherm Limited","description":"Temperature Control, Process Control, Measurement and Data Recording Solutions","potentialAction":[{"@type":"SearchAction","target":{"@type":"EntryPoint","urlTemplate":"https:\/\/www.eurotherm.com\/fr\/?s={search_term_string}"},"query-input":{"@type":"PropertyValueSpecification","valueRequired":true,"valueName":"search_term_string"}}],"inLanguage":"fr-FR"}]}},"ACF":{"product_file":[28290,27454,28535,27961,27942,27866,27943,27939,26631,26622,29333,29164,29218,29134,28335,26630,29312,27843,28346,26634,26632,26640,26641,26642,26636,26635,26651,26649,26628,26643,26650,26645,26644,27497,27584,26614,27865,137166]},"jetpack_sharing_enabled":true,"_links":{"self":[{"href":"https:\/\/www.eurotherm.com\/fr\/wp-json\/wp\/v2\/product\/22176","targetHints":{"allow":["GET"]}}],"collection":[{"href":"https:\/\/www.eurotherm.com\/fr\/wp-json\/wp\/v2\/product"}],"about":[{"href":"https:\/\/www.eurotherm.com\/fr\/wp-json\/wp\/v2\/types\/product"}],"wp:featuredmedia":[{"embeddable":true,"href":"https:\/\/www.eurotherm.com\/fr\/wp-json\/wp\/v2\/media\/9142"}],"wp:attachment":[{"href":"https:\/\/www.eurotherm.com\/fr\/wp-json\/wp\/v2\/media?parent=22176"}],"wp:term":[{"taxonomy":"product_brand","embeddable":true,"href":"https:\/\/www.eurotherm.com\/fr\/wp-json\/wp\/v2\/product_brand?post=22176"},{"taxonomy":"product_cat","embeddable":true,"href":"https:\/\/www.eurotherm.com\/fr\/wp-json\/wp\/v2\/product_cat?post=22176"},{"taxonomy":"product_tag","embeddable":true,"href":"https:\/\/www.eurotherm.com\/fr\/wp-json\/wp\/v2\/product_tag?post=22176"}],"curies":[{"name":"wp","href":"https:\/\/api.w.org\/{rel}","templated":true}]}}