{"id":22175,"date":"2018-10-15T08:47:09","date_gmt":"2018-10-15T08:47:09","guid":{"rendered":"https:\/\/www.eurotherm.com\/product\/regulateur-programmateur-avance-2604\/"},"modified":"2022-06-02T21:15:50","modified_gmt":"2022-06-02T13:15:50","slug":"regulateur-programmateur-2604","status":"publish","type":"product","link":"https:\/\/www.eurotherm.com\/fr\/products\/regulateur-pid-indicateurs-unites-alarme\/multi-boucles\/regulateur-programmateur-2604\/","title":{"rendered":"R\u00e9gulateur \/ Programmateur avanc\u00e9 2604"},"content":{"rendered":"<h2>D\u00e9couvrez les principaux avantages du r\u00e9gulateur\/programmateur avanc\u00e9 Eurotherm 2604<\/h2>\n<ul>\n<li>\u00a0Haute stabilit\u00e9 et pr\u00e9cision<\/li>\n<li>Jusqu&rsquo;\u00e0 3 boucles de r\u00e9gulation<\/li>\n<li>R\u00e9gulation PID, valve, ratio, cascade<\/li>\n<li>Programmation de consigne<\/li>\n<li>Communications ModBus\u00ae, DeviceNet\u2122 et Profibus\u00ae<\/li>\n<li>Chambres de tests, autoclaves, fours<\/li>\n<li>Pression de fusion, potentiel Carbone<\/li>\n<\/ul>\n<p>Le r\u00e9gulateur s\u00e9rie 2604 dispose d&rsquo;entr\u00e9es universelles TC, RTD et CC. Une connexion directe des sondes zirconium est aussi support\u00e9e. Cette connexion permet de r\u00e9guler le potentiel carbone des applications de combustion atmosph\u00e9rique pour le <a href=\"https:\/\/www.eurotherm.com\/fr\/heat-treatment-solutions\/\">traitement thermique<\/a>. De plus, l&rsquo;algorithme de r\u00e9gulation avanc\u00e9 garantit une pr\u00e9cision et une stabilit\u00e9, m\u00eame pour les applications non lin\u00e9aires les plus complexes. Enfin, l&rsquo;autor\u00e9glage simplifie l&rsquo;installation.<\/p>\n<p>L&rsquo;option programmation de consigne permet le stockage de 50 programmes (500 segments max). Chaque programme peut profiler jusqu&rsquo;\u00e0 3 consignes.<\/p>\n<p>Des configurations utilisateurs personnalis\u00e9es ou des applications de r\u00e9gulation de machine sp\u00e9cifiques peuvent \u00eatre cr\u00e9\u00e9es en utilisant les blocs fonctions int\u00e9gr\u00e9s : timers, totalisateurs, &#8230; La configuration se fait par la face avant ou par le logiciel <a href=\"https:\/\/www.eurotherm.com\/fr\/products\/enregistreurs-et-gestion-des-donnees\/logiciels-de-gestion-des-donnees\/eurotherm-itools\/\">iTools<\/a>.<\/p>\n<p>Le r\u00e9gulateur 2604 est disponible avec les communications Modbus\u00ae RTU, DeviceNet\u2122 et Profibus\u00ae-DP (dans la version &lsquo;f&rsquo;). Il est \u00e9galement possible de le commander avec des applications pr\u00e9-charg\u00e9es. Ces applications peuvent inclure la pression de fusion ou le potentiel carbone.<\/p>\n<p>&nbsp;<\/p>\n<h3>Caract\u00e9ristiques du produit :<\/h3>\n<ul>\n<li>3 boucles de r\u00e9gulation<\/li>\n<li>Programmateur de consigne<\/li>\n<li>Interface utilisateur personnalisable<\/li>\n<li>Fonctions math\u00e9matiques et logiques<\/li>\n<li>Communications ouvertes<\/li>\n<\/ul>\n","protected":false},"excerpt":{"rendered":"<p>Le r\u00e9gulateur Eurotherm 2604 est un appareil de r\u00e9gulation de temp\u00e9rature et de proc\u00e9d\u00e9 au format 1\/4 DIN (96x96cm) haute performance. Il est con\u00e7u pour les applications les plus complexes. Les alarmes, les statuts et les messages d\u00e9finis par l&rsquo;utilisateur s&rsquo;affichent sur un \u00e9cran \u00e0 2 x 5 digits LED comportant \u00e9galement 2 lignes de texte<\/p>\n","protected":false},"featured_media":9338,"template":"","meta":{"_acf_changed":false},"product_brand":[],"product_cat":[12230,12197],"product_tag":[],"class_list":{"0":"post-22175","1":"product","2":"type-product","3":"status-publish","4":"has-post-thumbnail","6":"product_cat-multi-boucles","7":"product_cat-regulateur-pid-indicateurs-unites-alarme","8":"product_shipping_class-1-fr","10":"first","11":"instock","12":"purchasable","13":"product-type-simple"},"acf":[],"yoast_head":"<!-- This site is optimized with the Yoast SEO plugin v27.2 - https:\/\/yoast.com\/product\/yoast-seo-wordpress\/ -->\n<title>R\u00e9gulateur\/Programmateur avanc\u00e9 | Eurotherm Limited<\/title>\n<meta name=\"description\" content=\"Le 2604 est un r\u00e9gulateur de temp\u00e9rature et de proc\u00e9d\u00e9s haute performance 1\/4 DIN con\u00e7u pour les applications les plus complexes.\" \/>\n<meta name=\"robots\" content=\"index, follow, max-snippet:-1, max-image-preview:large, max-video-preview:-1\" \/>\n<meta property=\"og:locale\" content=\"fr_FR\" \/>\n<meta property=\"og:type\" content=\"article\" \/>\n<meta property=\"og:title\" content=\"R\u00e9gulateur\/Programmateur avanc\u00e9 | Eurotherm Limited\" \/>\n<meta property=\"og:description\" content=\"Le 2604 est un r\u00e9gulateur de temp\u00e9rature et de proc\u00e9d\u00e9s haute performance 1\/4 DIN con\u00e7u pour les applications les plus complexes.\" \/>\n<meta property=\"og:url\" content=\"https:\/\/www.eurotherm.com\/fr\/products\/regulateur-pid-indicateurs-unites-alarme\/multi-boucles\/regulateur-programmateur-2604\/\" \/>\n<meta property=\"og:site_name\" content=\"Eurotherm Limited\" \/>\n<meta property=\"article:modified_time\" content=\"2022-06-02T13:15:50+00:00\" \/>\n<meta property=\"og:image\" content=\"https:\/\/www.eurotherm.com\/wp-content\/uploads\/2018\/10\/2604.jpg\" \/>\n\t<meta property=\"og:image:width\" content=\"500\" \/>\n\t<meta property=\"og:image:height\" content=\"500\" \/>\n\t<meta property=\"og:image:type\" content=\"image\/jpeg\" \/>\n<meta name=\"twitter:card\" content=\"summary_large_image\" \/>\n<meta name=\"twitter:label1\" content=\"Dur\u00e9e de lecture estim\u00e9e\" \/>\n\t<meta name=\"twitter:data1\" content=\"2 minutes\" \/>\n<script type=\"application\/ld+json\" class=\"yoast-schema-graph\">{\"@context\":\"https:\/\/schema.org\",\"@graph\":[{\"@type\":\"WebPage\",\"@id\":\"https:\/\/www.eurotherm.com\/fr\/products\/regulateur-pid-indicateurs-unites-alarme\/multi-boucles\/regulateur-programmateur-2604\/\",\"url\":\"https:\/\/www.eurotherm.com\/fr\/products\/regulateur-pid-indicateurs-unites-alarme\/multi-boucles\/regulateur-programmateur-2604\/\",\"name\":\"R\u00e9gulateur\/Programmateur avanc\u00e9 | Eurotherm Limited\",\"isPartOf\":{\"@id\":\"https:\/\/www.eurotherm.com\/fr\/#website\"},\"primaryImageOfPage\":{\"@id\":\"https:\/\/www.eurotherm.com\/fr\/products\/regulateur-pid-indicateurs-unites-alarme\/multi-boucles\/regulateur-programmateur-2604\/#primaryimage\"},\"image\":{\"@id\":\"https:\/\/www.eurotherm.com\/fr\/products\/regulateur-pid-indicateurs-unites-alarme\/multi-boucles\/regulateur-programmateur-2604\/#primaryimage\"},\"thumbnailUrl\":\"https:\/\/www.eurotherm.com\/wp-content\/uploads\/2018\/10\/2604.jpg\",\"datePublished\":\"2018-10-15T08:47:09+00:00\",\"dateModified\":\"2022-06-02T13:15:50+00:00\",\"description\":\"Le 2604 est un r\u00e9gulateur de temp\u00e9rature et de proc\u00e9d\u00e9s haute performance 1\/4 DIN con\u00e7u pour les applications les plus complexes.\",\"breadcrumb\":{\"@id\":\"https:\/\/www.eurotherm.com\/fr\/products\/regulateur-pid-indicateurs-unites-alarme\/multi-boucles\/regulateur-programmateur-2604\/#breadcrumb\"},\"inLanguage\":\"fr-FR\",\"potentialAction\":[{\"@type\":\"ReadAction\",\"target\":[\"https:\/\/www.eurotherm.com\/fr\/products\/regulateur-pid-indicateurs-unites-alarme\/multi-boucles\/regulateur-programmateur-2604\/\"]}]},{\"@type\":\"ImageObject\",\"inLanguage\":\"fr-FR\",\"@id\":\"https:\/\/www.eurotherm.com\/fr\/products\/regulateur-pid-indicateurs-unites-alarme\/multi-boucles\/regulateur-programmateur-2604\/#primaryimage\",\"url\":\"https:\/\/www.eurotherm.com\/wp-content\/uploads\/2018\/10\/2604.jpg\",\"contentUrl\":\"https:\/\/www.eurotherm.com\/wp-content\/uploads\/2018\/10\/2604.jpg\",\"width\":500,\"height\":500},{\"@type\":\"BreadcrumbList\",\"@id\":\"https:\/\/www.eurotherm.com\/fr\/products\/regulateur-pid-indicateurs-unites-alarme\/multi-boucles\/regulateur-programmateur-2604\/#breadcrumb\",\"itemListElement\":[{\"@type\":\"ListItem\",\"position\":1,\"name\":\"Home\",\"item\":\"https:\/\/www.eurotherm.com\/fr\/\"},{\"@type\":\"ListItem\",\"position\":2,\"name\":\"Product Catalogue\",\"item\":\"https:\/\/www.eurotherm.com\/fr\/product-catalogue\/\"},{\"@type\":\"ListItem\",\"position\":3,\"name\":\"R\u00e9gulateurs PID, indicateurs et unit\u00e9s d\u2019alarme\",\"item\":\"https:\/\/www.eurotherm.com\/fr\/eurotherm-products\/regulateur-pid-indicateurs-unites-alarme\/\"},{\"@type\":\"ListItem\",\"position\":4,\"name\":\"Multi-boucles\",\"item\":\"https:\/\/www.eurotherm.com\/fr\/eurotherm-products\/regulateur-pid-indicateurs-unites-alarme\/multi-boucles\/\"},{\"@type\":\"ListItem\",\"position\":5,\"name\":\"R\u00e9gulateur \/ Programmateur avanc\u00e9 2604\"}]},{\"@type\":\"WebSite\",\"@id\":\"https:\/\/www.eurotherm.com\/fr\/#website\",\"url\":\"https:\/\/www.eurotherm.com\/fr\/\",\"name\":\"Eurotherm Limited\",\"description\":\"Temperature Control, Process Control, Measurement and Data Recording Solutions\",\"potentialAction\":[{\"@type\":\"SearchAction\",\"target\":{\"@type\":\"EntryPoint\",\"urlTemplate\":\"https:\/\/www.eurotherm.com\/fr\/?s={search_term_string}\"},\"query-input\":{\"@type\":\"PropertyValueSpecification\",\"valueRequired\":true,\"valueName\":\"search_term_string\"}}],\"inLanguage\":\"fr-FR\"}]}<\/script>\n<!-- \/ Yoast SEO plugin. -->","yoast_head_json":{"title":"R\u00e9gulateur\/Programmateur avanc\u00e9 | Eurotherm Limited","description":"Le 2604 est un r\u00e9gulateur de temp\u00e9rature et de proc\u00e9d\u00e9s haute performance 1\/4 DIN con\u00e7u pour les applications les plus complexes.","robots":{"index":"index","follow":"follow","max-snippet":"max-snippet:-1","max-image-preview":"max-image-preview:large","max-video-preview":"max-video-preview:-1"},"og_locale":"fr_FR","og_type":"article","og_title":"R\u00e9gulateur\/Programmateur avanc\u00e9 | Eurotherm Limited","og_description":"Le 2604 est un r\u00e9gulateur de temp\u00e9rature et de proc\u00e9d\u00e9s haute performance 1\/4 DIN con\u00e7u pour les applications les plus complexes.","og_url":"https:\/\/www.eurotherm.com\/fr\/products\/regulateur-pid-indicateurs-unites-alarme\/multi-boucles\/regulateur-programmateur-2604\/","og_site_name":"Eurotherm Limited","article_modified_time":"2022-06-02T13:15:50+00:00","og_image":[{"width":500,"height":500,"url":"https:\/\/www.eurotherm.com\/wp-content\/uploads\/2018\/10\/2604.jpg","type":"image\/jpeg"}],"twitter_card":"summary_large_image","twitter_misc":{"Dur\u00e9e de lecture estim\u00e9e":"2 minutes"},"schema":{"@context":"https:\/\/schema.org","@graph":[{"@type":"WebPage","@id":"https:\/\/www.eurotherm.com\/fr\/products\/regulateur-pid-indicateurs-unites-alarme\/multi-boucles\/regulateur-programmateur-2604\/","url":"https:\/\/www.eurotherm.com\/fr\/products\/regulateur-pid-indicateurs-unites-alarme\/multi-boucles\/regulateur-programmateur-2604\/","name":"R\u00e9gulateur\/Programmateur avanc\u00e9 | Eurotherm Limited","isPartOf":{"@id":"https:\/\/www.eurotherm.com\/fr\/#website"},"primaryImageOfPage":{"@id":"https:\/\/www.eurotherm.com\/fr\/products\/regulateur-pid-indicateurs-unites-alarme\/multi-boucles\/regulateur-programmateur-2604\/#primaryimage"},"image":{"@id":"https:\/\/www.eurotherm.com\/fr\/products\/regulateur-pid-indicateurs-unites-alarme\/multi-boucles\/regulateur-programmateur-2604\/#primaryimage"},"thumbnailUrl":"https:\/\/www.eurotherm.com\/wp-content\/uploads\/2018\/10\/2604.jpg","datePublished":"2018-10-15T08:47:09+00:00","dateModified":"2022-06-02T13:15:50+00:00","description":"Le 2604 est un r\u00e9gulateur de temp\u00e9rature et de proc\u00e9d\u00e9s haute performance 1\/4 DIN con\u00e7u pour les applications les plus complexes.","breadcrumb":{"@id":"https:\/\/www.eurotherm.com\/fr\/products\/regulateur-pid-indicateurs-unites-alarme\/multi-boucles\/regulateur-programmateur-2604\/#breadcrumb"},"inLanguage":"fr-FR","potentialAction":[{"@type":"ReadAction","target":["https:\/\/www.eurotherm.com\/fr\/products\/regulateur-pid-indicateurs-unites-alarme\/multi-boucles\/regulateur-programmateur-2604\/"]}]},{"@type":"ImageObject","inLanguage":"fr-FR","@id":"https:\/\/www.eurotherm.com\/fr\/products\/regulateur-pid-indicateurs-unites-alarme\/multi-boucles\/regulateur-programmateur-2604\/#primaryimage","url":"https:\/\/www.eurotherm.com\/wp-content\/uploads\/2018\/10\/2604.jpg","contentUrl":"https:\/\/www.eurotherm.com\/wp-content\/uploads\/2018\/10\/2604.jpg","width":500,"height":500},{"@type":"BreadcrumbList","@id":"https:\/\/www.eurotherm.com\/fr\/products\/regulateur-pid-indicateurs-unites-alarme\/multi-boucles\/regulateur-programmateur-2604\/#breadcrumb","itemListElement":[{"@type":"ListItem","position":1,"name":"Home","item":"https:\/\/www.eurotherm.com\/fr\/"},{"@type":"ListItem","position":2,"name":"Product Catalogue","item":"https:\/\/www.eurotherm.com\/fr\/product-catalogue\/"},{"@type":"ListItem","position":3,"name":"R\u00e9gulateurs PID, indicateurs et unit\u00e9s d\u2019alarme","item":"https:\/\/www.eurotherm.com\/fr\/eurotherm-products\/regulateur-pid-indicateurs-unites-alarme\/"},{"@type":"ListItem","position":4,"name":"Multi-boucles","item":"https:\/\/www.eurotherm.com\/fr\/eurotherm-products\/regulateur-pid-indicateurs-unites-alarme\/multi-boucles\/"},{"@type":"ListItem","position":5,"name":"R\u00e9gulateur \/ Programmateur avanc\u00e9 2604"}]},{"@type":"WebSite","@id":"https:\/\/www.eurotherm.com\/fr\/#website","url":"https:\/\/www.eurotherm.com\/fr\/","name":"Eurotherm Limited","description":"Temperature Control, Process Control, Measurement and Data Recording Solutions","potentialAction":[{"@type":"SearchAction","target":{"@type":"EntryPoint","urlTemplate":"https:\/\/www.eurotherm.com\/fr\/?s={search_term_string}"},"query-input":{"@type":"PropertyValueSpecification","valueRequired":true,"valueName":"search_term_string"}}],"inLanguage":"fr-FR"}]}},"ACF":{"product_file":[28290,27454,28342,28349,27878,26791,26797,26793,26795,26794,26796,29334,26779,26798,26782,26804,26781,29383,26780,26799,26792,26800,26783,26790,26789,26784,27880,26786,26785,26802,26778,26787,26788,26801,29138,26803,26809,27942,27866,27943,27939,27473,26807,27497,27505,27584,28274,29031,105978,103627,103628,133627,137169,118307]},"jetpack_sharing_enabled":true,"_links":{"self":[{"href":"https:\/\/www.eurotherm.com\/fr\/wp-json\/wp\/v2\/product\/22175","targetHints":{"allow":["GET"]}}],"collection":[{"href":"https:\/\/www.eurotherm.com\/fr\/wp-json\/wp\/v2\/product"}],"about":[{"href":"https:\/\/www.eurotherm.com\/fr\/wp-json\/wp\/v2\/types\/product"}],"wp:featuredmedia":[{"embeddable":true,"href":"https:\/\/www.eurotherm.com\/fr\/wp-json\/wp\/v2\/media\/9338"}],"wp:attachment":[{"href":"https:\/\/www.eurotherm.com\/fr\/wp-json\/wp\/v2\/media?parent=22175"}],"wp:term":[{"taxonomy":"product_brand","embeddable":true,"href":"https:\/\/www.eurotherm.com\/fr\/wp-json\/wp\/v2\/product_brand?post=22175"},{"taxonomy":"product_cat","embeddable":true,"href":"https:\/\/www.eurotherm.com\/fr\/wp-json\/wp\/v2\/product_cat?post=22175"},{"taxonomy":"product_tag","embeddable":true,"href":"https:\/\/www.eurotherm.com\/fr\/wp-json\/wp\/v2\/product_tag?post=22175"}],"curies":[{"name":"wp","href":"https:\/\/api.w.org\/{rel}","templated":true}]}}