{"id":22174,"date":"2018-10-15T08:53:09","date_gmt":"2018-10-15T08:53:09","guid":{"rendered":"https:\/\/www.eurotherm.com\/product\/project-studio-developer\/"},"modified":"2019-05-20T13:16:21","modified_gmt":"2019-05-20T13:16:21","slug":"project-studio-developer","status":"publish","type":"product","link":"https:\/\/www.eurotherm.com\/fr\/products\/systeme-de-controle\/solutions-logicielles\/project-studio-developer\/","title":{"rendered":"Project Studio \/ Developer"},"content":{"rendered":"<p>Cette suite logicielle fournit des outils de configuration, test, documentation et mise en service pour tous les \u00e9l\u00e9ments du syst\u00e8me d&rsquo;automatisation. Elle comprend une configuration graphique pour le contr\u00f4le continu et s\u00e9quentiel, utilisant des langages IEC61131-3 tels que : la configuration des blocs de fonctions, les fonctions s\u00e9quentielles (SFC) et la logique LADDER pour la cr\u00e9ation d&rsquo;actions et d&rsquo;\u00e9tapes.<\/p>\n<p>L&rsquo;ajout d&rsquo;une configuration en ligne \u00e0 un utilitaire de surveillance en ligne permet aux utilisateurs de visualiser et d&rsquo;interagir sur les strat\u00e9gies de commande et de s\u00e9quence s&rsquo;ex\u00e9cutant dans les appareils. D&rsquo;autres fonctions ont \u00e9t\u00e9 ajout\u00e9es pour simplifier la pr\u00e9sentation de tous les \u00e9l\u00e9ments d&rsquo;une configuration de r\u00e9gulateur en une simple arborescence. L&rsquo;impl\u00e9mentation et le test de votre programme de contr\u00f4le LIN n&rsquo;a jamais \u00e9t\u00e9 aussi facile et rapide !<\/p>\n<p>Pour les solutions utilisant plusieurs appareils, \u00ab\u00a0Project Developer\u00a0\u00bb offre des outils suppl\u00e9mentaires pour g\u00e9rer tous les \u00e9l\u00e9ments d&rsquo;une solution de projet dans un environnement unique. Le mod\u00e8le physique de l&rsquo;installation, les rep\u00e8res, l&rsquo;affectation des E\/S, les groupes d&rsquo;alarmes, l&rsquo;affichage et la protection des donn\u00e9es sont saisis via des \u00e9crans appropri\u00e9s et enregistr\u00e9s dans une base de donn\u00e9es relationnelle centrale.<\/p>\n<p>Un outil de v\u00e9rification syst\u00e8me est disponible pour v\u00e9rifier que la configuration du PC correspond aux exigences du logiciel.<\/p>\n<h3>\nCommunications int\u00e9gr\u00e9es<\/h3>\n<p>LINOPC est compatible avec OPC V2.05 qui permet aux clients OPC de communiquer avec tout appareil LIN sur ARCnet, Ethernet et les liaisons s\u00e9rie.<\/p>\n<p>Eurotherm Network Explorer donne une vue d\u00e9taill\u00e9e de tous les appareils connect\u00e9s \u00e0 un PC.<\/p>\n<p>OPCScope est un client OPC fournissant des donn\u00e9es en temps r\u00e9el et des informations de tendance.<\/p>\n<p><strong>Project Studio comprend :<\/strong><\/p>\n<ul>\n<li>LINtools\n<ul>\n<li>Ensemble d&rsquo;outils d&rsquo;ingenierie communs<\/li>\n<li>Puissante mise en service, en ligne<\/li>\n<li>Documentation automatique<\/li>\n<li>Configuration graphique<\/li>\n<li>Grande biblioth\u00e8que de modules de contr\u00f4le<\/li>\n<\/ul>\n<\/li>\n<\/ul>\n<p>&nbsp;<\/p>\n<ul>\n<li>Editeur d&rsquo;\u00e9crans utilisateur<\/li>\n<li>Editeur de programme de point de consigne<\/li>\n<li>Explorateur r\u00e9seau<\/li>\n<li>Support de reconfiguration en ligne<\/li>\n<li>Aide en ligne avec manuels en ligne<\/li>\n<\/ul>\n","protected":false},"excerpt":{"rendered":"<ul>\n<li>Suite polyvalente et \u00e9volutive d&rsquo;outils logiciels pour r\u00e9pondre aux besoins des utilisateurs. Con\u00e7ue pour simplifier la configuration et la visualisation de solutions syst\u00e8me flexibles.<\/li>\n<li>R\u00e9duction des temps d&rsquo;ing\u00e9nierie &#8211; Structure permettant de planifier, comprendre, sp\u00e9cifier, \u00e9crire et tester un environnement de projet d\u00e9fini<\/li>\n<li>Fonctions de r\u00e9glage automatique pour r\u00e9duire le temps de configuration<\/li>\n<li>M\u00e9thodologie IEC61131-3 et S88<\/li>\n<li>Fonctionnement intuitif<\/li>\n<li>Base de donn\u00e9es centralis\u00e9e avec une entr\u00e9e de rep\u00e8re (tag) unique<\/li>\n<\/ul>\n","protected":false},"featured_media":7728,"template":"","meta":{"_acf_changed":false},"product_brand":[],"product_cat":[12168,12191,12170,1110],"product_tag":[],"class_list":{"0":"post-22174","1":"product","2":"type-product","3":"status-publish","4":"has-post-thumbnail","6":"product_cat-systeme-de-controle","7":"product_cat-solutions-logicielles","8":"product_cat-plc-and-pac-fr","9":"product_cat-produits","10":"product_shipping_class-1-fr","12":"first","13":"instock","14":"purchasable","15":"product-type-simple"},"acf":[],"yoast_head":"<!-- This site is optimized with the Yoast SEO plugin v27.2 - https:\/\/yoast.com\/product\/yoast-seo-wordpress\/ -->\n<title>Project Studio \/ Developer | Eurotherm Limited<\/title>\n<meta name=\"description\" content=\"Project Studio \/ Developer | Cette suite logicielle fournit des outils de configuration, test, documentation et mise en service pour tous les \u00e9l\u00e9ments du syst\u00e8m\" \/>\n<meta name=\"robots\" content=\"index, follow, max-snippet:-1, max-image-preview:large, max-video-preview:-1\" \/>\n<meta property=\"og:locale\" content=\"fr_FR\" \/>\n<meta property=\"og:type\" content=\"article\" \/>\n<meta property=\"og:title\" content=\"Project Studio \/ Developer | Eurotherm Limited\" \/>\n<meta property=\"og:description\" content=\"Project Studio \/ Developer | Suite polyvalente et \u00e9volutive d&#039;outils logiciels pour r\u00e9pondre aux besoins des utilisateurs. Con\u00e7ue pour simplifier la configuration et la visualisation de solutions syst\u00e8me flexibles.  R\u00e9duction des temps d&#039;ing\u00e9nierie - Structure permettant de planifier, comprendre, sp\u00e9cifier, \u00e9crire et tester un environnement de projet d\u00e9fini  Fonctions de r\u00e9glage automatique pour r\u00e9duire le temps de configuration  M\u00e9thodologie IEC61131-3 et S88  Fonctionnement intuitif  Base de donn\u00e9es centralis\u00e9e avec une entr\u00e9e de rep\u00e8re (tag) unique\" \/>\n<meta property=\"og:url\" content=\"https:\/\/www.eurotherm.com\/fr\/products\/systeme-de-controle\/solutions-logicielles\/project-studio-developer\/\" \/>\n<meta property=\"og:site_name\" content=\"Eurotherm Limited\" \/>\n<meta property=\"article:modified_time\" content=\"2019-05-20T13:16:21+00:00\" \/>\n<meta property=\"og:image\" content=\"https:\/\/www.eurotherm.com\/wp-content\/uploads\/2018\/10\/prod-studio.jpg\" \/>\n\t<meta property=\"og:image:width\" content=\"858\" \/>\n\t<meta property=\"og:image:height\" content=\"597\" \/>\n\t<meta property=\"og:image:type\" content=\"image\/jpeg\" \/>\n<meta name=\"twitter:card\" content=\"summary_large_image\" \/>\n<meta name=\"twitter:label1\" content=\"Dur\u00e9e de lecture estim\u00e9e\" \/>\n\t<meta name=\"twitter:data1\" content=\"2 minutes\" \/>\n<script type=\"application\/ld+json\" class=\"yoast-schema-graph\">{\"@context\":\"https:\/\/schema.org\",\"@graph\":[{\"@type\":\"WebPage\",\"@id\":\"https:\/\/www.eurotherm.com\/fr\/products\/systeme-de-controle\/solutions-logicielles\/project-studio-developer\/\",\"url\":\"https:\/\/www.eurotherm.com\/fr\/products\/systeme-de-controle\/solutions-logicielles\/project-studio-developer\/\",\"name\":\"Project Studio \/ Developer | Eurotherm Limited\",\"isPartOf\":{\"@id\":\"https:\/\/www.eurotherm.com\/fr\/#website\"},\"primaryImageOfPage\":{\"@id\":\"https:\/\/www.eurotherm.com\/fr\/products\/systeme-de-controle\/solutions-logicielles\/project-studio-developer\/#primaryimage\"},\"image\":{\"@id\":\"https:\/\/www.eurotherm.com\/fr\/products\/systeme-de-controle\/solutions-logicielles\/project-studio-developer\/#primaryimage\"},\"thumbnailUrl\":\"https:\/\/www.eurotherm.com\/wp-content\/uploads\/2018\/10\/prod-studio.jpg\",\"datePublished\":\"2018-10-15T08:53:09+00:00\",\"dateModified\":\"2019-05-20T13:16:21+00:00\",\"description\":\"Project Studio \/ Developer | Suite polyvalente et \u00e9volutive d'outils logiciels pour r\u00e9pondre aux besoins des utilisateurs. Con\u00e7ue pour simplifier la configuration et la visualisation de solutions syst\u00e8me flexibles. R\u00e9duction des temps d'ing\u00e9nierie - Structure permettant de planifier, comprendre, sp\u00e9cifier, \u00e9crire et tester un environnement de projet d\u00e9fini Fonctions de r\u00e9glage automatique pour r\u00e9duire le temps de configuration M\u00e9thodologie IEC61131-3 et S88 Fonctionnement intuitif Base de donn\u00e9es centralis\u00e9e avec une entr\u00e9e de rep\u00e8re (tag) unique\",\"breadcrumb\":{\"@id\":\"https:\/\/www.eurotherm.com\/fr\/products\/systeme-de-controle\/solutions-logicielles\/project-studio-developer\/#breadcrumb\"},\"inLanguage\":\"fr-FR\",\"potentialAction\":[{\"@type\":\"ReadAction\",\"target\":[\"https:\/\/www.eurotherm.com\/fr\/products\/systeme-de-controle\/solutions-logicielles\/project-studio-developer\/\"]}]},{\"@type\":\"ImageObject\",\"inLanguage\":\"fr-FR\",\"@id\":\"https:\/\/www.eurotherm.com\/fr\/products\/systeme-de-controle\/solutions-logicielles\/project-studio-developer\/#primaryimage\",\"url\":\"https:\/\/www.eurotherm.com\/wp-content\/uploads\/2018\/10\/prod-studio.jpg\",\"contentUrl\":\"https:\/\/www.eurotherm.com\/wp-content\/uploads\/2018\/10\/prod-studio.jpg\",\"width\":858,\"height\":597},{\"@type\":\"BreadcrumbList\",\"@id\":\"https:\/\/www.eurotherm.com\/fr\/products\/systeme-de-controle\/solutions-logicielles\/project-studio-developer\/#breadcrumb\",\"itemListElement\":[{\"@type\":\"ListItem\",\"position\":1,\"name\":\"Home\",\"item\":\"https:\/\/www.eurotherm.com\/fr\/\"},{\"@type\":\"ListItem\",\"position\":2,\"name\":\"Product Catalogue\",\"item\":\"https:\/\/www.eurotherm.com\/fr\/product-catalogue\/\"},{\"@type\":\"ListItem\",\"position\":3,\"name\":\"Syst\u00e8me de Contr\u00f4le\",\"item\":\"https:\/\/www.eurotherm.com\/fr\/eurotherm-products\/systeme-de-controle\/\"},{\"@type\":\"ListItem\",\"position\":4,\"name\":\"Solutions logicielles\",\"item\":\"https:\/\/www.eurotherm.com\/fr\/eurotherm-products\/systeme-de-controle\/solutions-logicielles\/\"},{\"@type\":\"ListItem\",\"position\":5,\"name\":\"Project Studio \/ Developer\"}]},{\"@type\":\"WebSite\",\"@id\":\"https:\/\/www.eurotherm.com\/fr\/#website\",\"url\":\"https:\/\/www.eurotherm.com\/fr\/\",\"name\":\"Eurotherm Limited\",\"description\":\"Temperature Control, Process Control, Measurement and Data Recording Solutions\",\"potentialAction\":[{\"@type\":\"SearchAction\",\"target\":{\"@type\":\"EntryPoint\",\"urlTemplate\":\"https:\/\/www.eurotherm.com\/fr\/?s={search_term_string}\"},\"query-input\":{\"@type\":\"PropertyValueSpecification\",\"valueRequired\":true,\"valueName\":\"search_term_string\"}}],\"inLanguage\":\"fr-FR\"}]}<\/script>\n<!-- \/ Yoast SEO plugin. -->","yoast_head_json":{"title":"Project Studio \/ Developer | Eurotherm Limited","description":"Project Studio \/ Developer | Cette suite logicielle fournit des outils de configuration, test, documentation et mise en service pour tous les \u00e9l\u00e9ments du syst\u00e8m","robots":{"index":"index","follow":"follow","max-snippet":"max-snippet:-1","max-image-preview":"max-image-preview:large","max-video-preview":"max-video-preview:-1"},"og_locale":"fr_FR","og_type":"article","og_title":"Project Studio \/ Developer | Eurotherm Limited","og_description":"Project Studio \/ Developer | Suite polyvalente et \u00e9volutive d'outils logiciels pour r\u00e9pondre aux besoins des utilisateurs. Con\u00e7ue pour simplifier la configuration et la visualisation de solutions syst\u00e8me flexibles.  R\u00e9duction des temps d'ing\u00e9nierie - Structure permettant de planifier, comprendre, sp\u00e9cifier, \u00e9crire et tester un environnement de projet d\u00e9fini  Fonctions de r\u00e9glage automatique pour r\u00e9duire le temps de configuration  M\u00e9thodologie IEC61131-3 et S88  Fonctionnement intuitif  Base de donn\u00e9es centralis\u00e9e avec une entr\u00e9e de rep\u00e8re (tag) unique","og_url":"https:\/\/www.eurotherm.com\/fr\/products\/systeme-de-controle\/solutions-logicielles\/project-studio-developer\/","og_site_name":"Eurotherm Limited","article_modified_time":"2019-05-20T13:16:21+00:00","og_image":[{"width":858,"height":597,"url":"https:\/\/www.eurotherm.com\/wp-content\/uploads\/2018\/10\/prod-studio.jpg","type":"image\/jpeg"}],"twitter_card":"summary_large_image","twitter_misc":{"Dur\u00e9e de lecture estim\u00e9e":"2 minutes"},"schema":{"@context":"https:\/\/schema.org","@graph":[{"@type":"WebPage","@id":"https:\/\/www.eurotherm.com\/fr\/products\/systeme-de-controle\/solutions-logicielles\/project-studio-developer\/","url":"https:\/\/www.eurotherm.com\/fr\/products\/systeme-de-controle\/solutions-logicielles\/project-studio-developer\/","name":"Project Studio \/ Developer | Eurotherm Limited","isPartOf":{"@id":"https:\/\/www.eurotherm.com\/fr\/#website"},"primaryImageOfPage":{"@id":"https:\/\/www.eurotherm.com\/fr\/products\/systeme-de-controle\/solutions-logicielles\/project-studio-developer\/#primaryimage"},"image":{"@id":"https:\/\/www.eurotherm.com\/fr\/products\/systeme-de-controle\/solutions-logicielles\/project-studio-developer\/#primaryimage"},"thumbnailUrl":"https:\/\/www.eurotherm.com\/wp-content\/uploads\/2018\/10\/prod-studio.jpg","datePublished":"2018-10-15T08:53:09+00:00","dateModified":"2019-05-20T13:16:21+00:00","description":"Project Studio \/ Developer | Suite polyvalente et \u00e9volutive d'outils logiciels pour r\u00e9pondre aux besoins des utilisateurs. Con\u00e7ue pour simplifier la configuration et la visualisation de solutions syst\u00e8me flexibles. R\u00e9duction des temps d'ing\u00e9nierie - Structure permettant de planifier, comprendre, sp\u00e9cifier, \u00e9crire et tester un environnement de projet d\u00e9fini Fonctions de r\u00e9glage automatique pour r\u00e9duire le temps de configuration M\u00e9thodologie IEC61131-3 et S88 Fonctionnement intuitif Base de donn\u00e9es centralis\u00e9e avec une entr\u00e9e de rep\u00e8re (tag) unique","breadcrumb":{"@id":"https:\/\/www.eurotherm.com\/fr\/products\/systeme-de-controle\/solutions-logicielles\/project-studio-developer\/#breadcrumb"},"inLanguage":"fr-FR","potentialAction":[{"@type":"ReadAction","target":["https:\/\/www.eurotherm.com\/fr\/products\/systeme-de-controle\/solutions-logicielles\/project-studio-developer\/"]}]},{"@type":"ImageObject","inLanguage":"fr-FR","@id":"https:\/\/www.eurotherm.com\/fr\/products\/systeme-de-controle\/solutions-logicielles\/project-studio-developer\/#primaryimage","url":"https:\/\/www.eurotherm.com\/wp-content\/uploads\/2018\/10\/prod-studio.jpg","contentUrl":"https:\/\/www.eurotherm.com\/wp-content\/uploads\/2018\/10\/prod-studio.jpg","width":858,"height":597},{"@type":"BreadcrumbList","@id":"https:\/\/www.eurotherm.com\/fr\/products\/systeme-de-controle\/solutions-logicielles\/project-studio-developer\/#breadcrumb","itemListElement":[{"@type":"ListItem","position":1,"name":"Home","item":"https:\/\/www.eurotherm.com\/fr\/"},{"@type":"ListItem","position":2,"name":"Product Catalogue","item":"https:\/\/www.eurotherm.com\/fr\/product-catalogue\/"},{"@type":"ListItem","position":3,"name":"Syst\u00e8me de Contr\u00f4le","item":"https:\/\/www.eurotherm.com\/fr\/eurotherm-products\/systeme-de-controle\/"},{"@type":"ListItem","position":4,"name":"Solutions logicielles","item":"https:\/\/www.eurotherm.com\/fr\/eurotherm-products\/systeme-de-controle\/solutions-logicielles\/"},{"@type":"ListItem","position":5,"name":"Project Studio \/ Developer"}]},{"@type":"WebSite","@id":"https:\/\/www.eurotherm.com\/fr\/#website","url":"https:\/\/www.eurotherm.com\/fr\/","name":"Eurotherm Limited","description":"Temperature Control, Process Control, Measurement and Data Recording Solutions","potentialAction":[{"@type":"SearchAction","target":{"@type":"EntryPoint","urlTemplate":"https:\/\/www.eurotherm.com\/fr\/?s={search_term_string}"},"query-input":{"@type":"PropertyValueSpecification","valueRequired":true,"valueName":"search_term_string"}}],"inLanguage":"fr-FR"}]}},"ACF":{"related_products":"","product_file":[27454,28535,27942,27866,27943,27939,27737,27584,27748,27938,27497,125596]},"jetpack_sharing_enabled":true,"_links":{"self":[{"href":"https:\/\/www.eurotherm.com\/fr\/wp-json\/wp\/v2\/product\/22174","targetHints":{"allow":["GET"]}}],"collection":[{"href":"https:\/\/www.eurotherm.com\/fr\/wp-json\/wp\/v2\/product"}],"about":[{"href":"https:\/\/www.eurotherm.com\/fr\/wp-json\/wp\/v2\/types\/product"}],"wp:featuredmedia":[{"embeddable":true,"href":"https:\/\/www.eurotherm.com\/fr\/wp-json\/wp\/v2\/media\/7728"}],"wp:attachment":[{"href":"https:\/\/www.eurotherm.com\/fr\/wp-json\/wp\/v2\/media?parent=22174"}],"wp:term":[{"taxonomy":"product_brand","embeddable":true,"href":"https:\/\/www.eurotherm.com\/fr\/wp-json\/wp\/v2\/product_brand?post=22174"},{"taxonomy":"product_cat","embeddable":true,"href":"https:\/\/www.eurotherm.com\/fr\/wp-json\/wp\/v2\/product_cat?post=22174"},{"taxonomy":"product_tag","embeddable":true,"href":"https:\/\/www.eurotherm.com\/fr\/wp-json\/wp\/v2\/product_tag?post=22174"}],"curies":[{"name":"wp","href":"https:\/\/api.w.org\/{rel}","templated":true}]}}