{"id":22173,"date":"2018-10-15T08:46:55","date_gmt":"2018-10-15T08:46:55","guid":{"rendered":"https:\/\/www.eurotherm.com\/product\/programmateurs-regulateurs-serie-2400\/"},"modified":"2024-04-05T05:46:20","modified_gmt":"2024-04-04T21:46:20","slug":"2400-temperature-controller-programmer","status":"publish","type":"product","link":"https:\/\/www.eurotherm.com\/fr\/products\/regulateur-pid-indicateurs-unites-alarme\/monoboucles\/2400-temperature-controller-programmer\/","title":{"rendered":"Programmateurs \/ R\u00e9gulateurs S\u00e9rie 2400"},"content":{"rendered":"<ul>\n<li>Auto-r\u00e9glage avec anti-d\u00e9passements<\/li>\n<li>Programmateur de consigne jusqu&rsquo;\u00e0 20 programmes de 16 segments<\/li>\n<li>Sorties directes (Chaud) et inverse (froid)<\/li>\n<li>Modulaire<\/li>\n<li>Affichage personnalisable<\/li>\n<li>Communications num\u00e9riques<\/li>\n<\/ul>\n<p>Disponibles en dimensions de panneau 1\/16, 1\/8 et 1\/4 DIN, les 2416, 2408 et 2404 sont des r\u00e9gulateurs haute stabilit\u00e9 offrant un large \u00e9ventail d&rsquo;options. La r\u00e9gulation PID, Tout ou Rien ou par vanne motoris\u00e9e peut \u00eatre configur\u00e9e, ce qui satisfait aussi bien les exigences de chauffage \u00e9lectrique que de chauffage au gaz, entre autres.<\/p>\n<p>Un programmateur de consigne est disponible et offre jusqu&rsquo;\u00e0 20 programmes de 16 segments.<\/p>\n<p>Les r\u00e9gulateurs acceptent tout une gamme de modules enfichables, sorties de chauffage, refroidissement ou proc\u00e9d\u00e9, retransmission analogique, deuxi\u00e8me entr\u00e9e de valeur de proc\u00e9d\u00e9 et point de consigne distant.<\/p>\n<h3>R\u00e9gulation pr\u00e9cise<\/h3>\n<p>Un algorithme avanc\u00e9 de r\u00e9gulation PID assure une r\u00e9gulation stable en \u00ab\u00a0tirant-droit\u00a0\u00bb. Un dispositif d&rsquo;auto-r\u00e9glage est disponible pour configurer les valeurs PID initiales et pour calculer les param\u00e8tres d&rsquo;anti-d\u00e9passement. De plus, un dispositif de r\u00e9glage auto-adaptatif peut g\u00e9rer les proc\u00e9d\u00e9s aux caract\u00e9ristiques \u00e9volutives.<\/p>\n<h3>Alarmes<\/h3>\n<p>Jusqu&rsquo;\u00e0 quatre alarmes de proc\u00e9d\u00e9 peuvent \u00eatre combin\u00e9es en une seule sortie. Les alarmes peuvent \u00eatre des alarmes de type pleine \u00e9chelle haute ou basse, d\u00e9viation par rapport \u00e0 la consigne, vitesse de changement ou rupture de charge.<\/p>\n<h3>Communications num\u00e9riques<\/h3>\n<p>Disponible avec une connexion EIA485 2-fils\/4-fils ou EIA232. Utilise des protocoles standard de l&rsquo;industrie dont notamment : Modbus, DeviceNet\u00ae, Profibus DP et Eurotherm\u00ae Bisync.<\/p>\n<p><strong>IDEAL POUR :<\/strong><\/p>\n<ul>\n<li>Fours multizones et zone unique<\/li>\n<li>Fours ouverts<\/li>\n<li>Enceintes environnementales<\/li>\n<li>Rapport simple<\/li>\n<li>Humidit\u00e9<\/li>\n<li>Applications chimiques<\/li>\n<li>Applications pharmaceutiques<\/li>\n<li>Fours verriers et arches \u00e0 recuire le verre<\/li>\n<\/ul>\n<p><strong>CARACTERISTIQUES :<\/strong><\/p>\n<ul>\n<li>R\u00e9gulation haute stabilit\u00e9<\/li>\n<li>Jusqu&rsquo;\u00e0 20 programmes<\/li>\n<li>16 segments<\/li>\n<li>Chauffage et refroidissement<\/li>\n<li>Fonctionnement personnalisable<\/li>\n<li>Affichage du courant de chauffage<\/li>\n<\/ul>\n","protected":false},"excerpt":{"rendered":"<h3><a href=\"https:\/\/www.eurotherm.com\/fr\/temperature-control-fr\/regulateurs-series-2200e-2400-decouvrez-notre-solution-de-remplacement\/\">Obsolescence niveau 2 &#8211; Cliquez pour en savoir plus<\/a><\/h3>\n<p>Disponibles en dimensions de panneau 1\/16, 1\/8 et 1\/4 DIN, les 2416, 2408 et 2404 sont des r\u00e9gulateurs haute stabilit\u00e9 offrant un large \u00e9ventail d&rsquo;options. La r\u00e9gulation PID, Tout ou Rien ou par vanne motoris\u00e9e peut \u00eatre configur\u00e9e, ce qui satisfait aussi bien les exigences de chauffage \u00e9lectrique que de chauffage au gaz, entre autres.<\/p>\n[gdpr-youtube id=\"pEPybtlbfLo\"]\n","protected":false},"featured_media":9240,"template":"","meta":{"_acf_changed":false},"product_brand":[],"product_cat":[12196,12197],"product_tag":[],"class_list":{"0":"post-22173","1":"product","2":"type-product","3":"status-publish","4":"has-post-thumbnail","6":"product_cat-monoboucles","7":"product_cat-regulateur-pid-indicateurs-unites-alarme","8":"product_shipping_class-1-fr","10":"first","11":"instock","12":"purchasable","13":"product-type-simple"},"acf":[],"yoast_head":"<!-- This site is optimized with the Yoast SEO plugin v27.2 - https:\/\/yoast.com\/product\/yoast-seo-wordpress\/ -->\n<title>Programmateurs \/ R\u00e9gulateurs S\u00e9rie 2400 | Eurotherm Limited<\/title>\n<meta name=\"description\" content=\"Programmateurs \/ R\u00e9gulateurs S\u00e9rie 2400 | Auto-r\u00e9glage avec anti-d\u00e9passements Programmateur de consigne jusqu&#039;\u00e0 20 programmes de 16 segm\" \/>\n<meta name=\"robots\" content=\"index, follow, max-snippet:-1, max-image-preview:large, max-video-preview:-1\" \/>\n<meta property=\"og:locale\" content=\"fr_FR\" \/>\n<meta property=\"og:type\" content=\"article\" \/>\n<meta property=\"og:title\" content=\"Programmateurs \/ R\u00e9gulateurs S\u00e9rie 2400 | Eurotherm Limited\" \/>\n<meta property=\"og:description\" content=\"Programmateurs \/ R\u00e9gulateurs S\u00e9rie 2400 | Obsolescence niveau 2 - Cliquez pour en savoir plus Disponibles en dimensions de panneau 1\/16, 1\/8 et 1\/4 DIN, les 2416, 2408 et 2404 sont des r\u00e9gulateurs haute stabilit\u00e9 offrant un large \u00e9ventail d&#039;options. La r\u00e9gulation PID, Tout ou Rien ou par vanne motoris\u00e9e peut \u00eatre configur\u00e9e, ce qui satisfait aussi bien les exigences de chauffage \u00e9lectrique que de chauffage au gaz, entre autres.\" \/>\n<meta property=\"og:url\" content=\"https:\/\/www.eurotherm.com\/fr\/products\/regulateur-pid-indicateurs-unites-alarme\/monoboucles\/2400-temperature-controller-programmer\/\" \/>\n<meta property=\"og:site_name\" content=\"Eurotherm Limited\" \/>\n<meta property=\"article:modified_time\" content=\"2024-04-04T21:46:20+00:00\" \/>\n<meta property=\"og:image\" content=\"https:\/\/www.eurotherm.com\/wp-content\/uploads\/2018\/10\/2400_Series.jpg\" \/>\n\t<meta property=\"og:image:width\" content=\"500\" \/>\n\t<meta property=\"og:image:height\" content=\"500\" \/>\n\t<meta property=\"og:image:type\" content=\"image\/jpeg\" \/>\n<meta name=\"twitter:card\" content=\"summary_large_image\" \/>\n<meta name=\"twitter:label1\" content=\"Dur\u00e9e de lecture estim\u00e9e\" \/>\n\t<meta name=\"twitter:data1\" content=\"2 minutes\" \/>\n<script type=\"application\/ld+json\" class=\"yoast-schema-graph\">{\"@context\":\"https:\/\/schema.org\",\"@graph\":[{\"@type\":\"WebPage\",\"@id\":\"https:\/\/www.eurotherm.com\/fr\/products\/regulateur-pid-indicateurs-unites-alarme\/monoboucles\/2400-temperature-controller-programmer\/\",\"url\":\"https:\/\/www.eurotherm.com\/fr\/products\/regulateur-pid-indicateurs-unites-alarme\/monoboucles\/2400-temperature-controller-programmer\/\",\"name\":\"Programmateurs \/ R\u00e9gulateurs S\u00e9rie 2400 | Eurotherm Limited\",\"isPartOf\":{\"@id\":\"https:\/\/www.eurotherm.com\/fr\/#website\"},\"primaryImageOfPage\":{\"@id\":\"https:\/\/www.eurotherm.com\/fr\/products\/regulateur-pid-indicateurs-unites-alarme\/monoboucles\/2400-temperature-controller-programmer\/#primaryimage\"},\"image\":{\"@id\":\"https:\/\/www.eurotherm.com\/fr\/products\/regulateur-pid-indicateurs-unites-alarme\/monoboucles\/2400-temperature-controller-programmer\/#primaryimage\"},\"thumbnailUrl\":\"https:\/\/www.eurotherm.com\/wp-content\/uploads\/2018\/10\/2400_Series.jpg\",\"datePublished\":\"2018-10-15T08:46:55+00:00\",\"dateModified\":\"2024-04-04T21:46:20+00:00\",\"description\":\"Programmateurs \/ R\u00e9gulateurs S\u00e9rie 2400 | Obsolescence niveau 2 - Cliquez pour en savoir plus Disponibles en dimensions de panneau 1\/16, 1\/8 et 1\/4 DIN, les 2416, 2408 et 2404 sont des r\u00e9gulateurs haute stabilit\u00e9 offrant un large \u00e9ventail d'options. La r\u00e9gulation PID, Tout ou Rien ou par vanne motoris\u00e9e peut \u00eatre configur\u00e9e, ce qui satisfait aussi bien les exigences de chauffage \u00e9lectrique que de chauffage au gaz, entre autres.\",\"breadcrumb\":{\"@id\":\"https:\/\/www.eurotherm.com\/fr\/products\/regulateur-pid-indicateurs-unites-alarme\/monoboucles\/2400-temperature-controller-programmer\/#breadcrumb\"},\"inLanguage\":\"fr-FR\",\"potentialAction\":[{\"@type\":\"ReadAction\",\"target\":[\"https:\/\/www.eurotherm.com\/fr\/products\/regulateur-pid-indicateurs-unites-alarme\/monoboucles\/2400-temperature-controller-programmer\/\"]}]},{\"@type\":\"ImageObject\",\"inLanguage\":\"fr-FR\",\"@id\":\"https:\/\/www.eurotherm.com\/fr\/products\/regulateur-pid-indicateurs-unites-alarme\/monoboucles\/2400-temperature-controller-programmer\/#primaryimage\",\"url\":\"https:\/\/www.eurotherm.com\/wp-content\/uploads\/2018\/10\/2400_Series.jpg\",\"contentUrl\":\"https:\/\/www.eurotherm.com\/wp-content\/uploads\/2018\/10\/2400_Series.jpg\",\"width\":500,\"height\":500},{\"@type\":\"BreadcrumbList\",\"@id\":\"https:\/\/www.eurotherm.com\/fr\/products\/regulateur-pid-indicateurs-unites-alarme\/monoboucles\/2400-temperature-controller-programmer\/#breadcrumb\",\"itemListElement\":[{\"@type\":\"ListItem\",\"position\":1,\"name\":\"Home\",\"item\":\"https:\/\/www.eurotherm.com\/fr\/\"},{\"@type\":\"ListItem\",\"position\":2,\"name\":\"Product Catalogue\",\"item\":\"https:\/\/www.eurotherm.com\/fr\/product-catalogue\/\"},{\"@type\":\"ListItem\",\"position\":3,\"name\":\"R\u00e9gulateurs PID, indicateurs et unit\u00e9s d\u2019alarme\",\"item\":\"https:\/\/www.eurotherm.com\/fr\/eurotherm-products\/regulateur-pid-indicateurs-unites-alarme\/\"},{\"@type\":\"ListItem\",\"position\":4,\"name\":\"R\u00e9gulateurs monoboucles\",\"item\":\"https:\/\/www.eurotherm.com\/fr\/eurotherm-products\/regulateur-pid-indicateurs-unites-alarme\/monoboucles\/\"},{\"@type\":\"ListItem\",\"position\":5,\"name\":\"Programmateurs \/ R\u00e9gulateurs S\u00e9rie 2400\"}]},{\"@type\":\"WebSite\",\"@id\":\"https:\/\/www.eurotherm.com\/fr\/#website\",\"url\":\"https:\/\/www.eurotherm.com\/fr\/\",\"name\":\"Eurotherm Limited\",\"description\":\"Temperature Control, Process Control, Measurement and Data Recording Solutions\",\"potentialAction\":[{\"@type\":\"SearchAction\",\"target\":{\"@type\":\"EntryPoint\",\"urlTemplate\":\"https:\/\/www.eurotherm.com\/fr\/?s={search_term_string}\"},\"query-input\":{\"@type\":\"PropertyValueSpecification\",\"valueRequired\":true,\"valueName\":\"search_term_string\"}}],\"inLanguage\":\"fr-FR\"}]}<\/script>\n<!-- \/ Yoast SEO plugin. -->","yoast_head_json":{"title":"Programmateurs \/ R\u00e9gulateurs S\u00e9rie 2400 | Eurotherm Limited","description":"Programmateurs \/ R\u00e9gulateurs S\u00e9rie 2400 | Auto-r\u00e9glage avec anti-d\u00e9passements Programmateur de consigne jusqu'\u00e0 20 programmes de 16 segm","robots":{"index":"index","follow":"follow","max-snippet":"max-snippet:-1","max-image-preview":"max-image-preview:large","max-video-preview":"max-video-preview:-1"},"og_locale":"fr_FR","og_type":"article","og_title":"Programmateurs \/ R\u00e9gulateurs S\u00e9rie 2400 | Eurotherm Limited","og_description":"Programmateurs \/ R\u00e9gulateurs S\u00e9rie 2400 | Obsolescence niveau 2 - Cliquez pour en savoir plus Disponibles en dimensions de panneau 1\/16, 1\/8 et 1\/4 DIN, les 2416, 2408 et 2404 sont des r\u00e9gulateurs haute stabilit\u00e9 offrant un large \u00e9ventail d'options. La r\u00e9gulation PID, Tout ou Rien ou par vanne motoris\u00e9e peut \u00eatre configur\u00e9e, ce qui satisfait aussi bien les exigences de chauffage \u00e9lectrique que de chauffage au gaz, entre autres.","og_url":"https:\/\/www.eurotherm.com\/fr\/products\/regulateur-pid-indicateurs-unites-alarme\/monoboucles\/2400-temperature-controller-programmer\/","og_site_name":"Eurotherm Limited","article_modified_time":"2024-04-04T21:46:20+00:00","og_image":[{"width":500,"height":500,"url":"https:\/\/www.eurotherm.com\/wp-content\/uploads\/2018\/10\/2400_Series.jpg","type":"image\/jpeg"}],"twitter_card":"summary_large_image","twitter_misc":{"Dur\u00e9e de lecture estim\u00e9e":"2 minutes"},"schema":{"@context":"https:\/\/schema.org","@graph":[{"@type":"WebPage","@id":"https:\/\/www.eurotherm.com\/fr\/products\/regulateur-pid-indicateurs-unites-alarme\/monoboucles\/2400-temperature-controller-programmer\/","url":"https:\/\/www.eurotherm.com\/fr\/products\/regulateur-pid-indicateurs-unites-alarme\/monoboucles\/2400-temperature-controller-programmer\/","name":"Programmateurs \/ R\u00e9gulateurs S\u00e9rie 2400 | Eurotherm Limited","isPartOf":{"@id":"https:\/\/www.eurotherm.com\/fr\/#website"},"primaryImageOfPage":{"@id":"https:\/\/www.eurotherm.com\/fr\/products\/regulateur-pid-indicateurs-unites-alarme\/monoboucles\/2400-temperature-controller-programmer\/#primaryimage"},"image":{"@id":"https:\/\/www.eurotherm.com\/fr\/products\/regulateur-pid-indicateurs-unites-alarme\/monoboucles\/2400-temperature-controller-programmer\/#primaryimage"},"thumbnailUrl":"https:\/\/www.eurotherm.com\/wp-content\/uploads\/2018\/10\/2400_Series.jpg","datePublished":"2018-10-15T08:46:55+00:00","dateModified":"2024-04-04T21:46:20+00:00","description":"Programmateurs \/ R\u00e9gulateurs S\u00e9rie 2400 | Obsolescence niveau 2 - Cliquez pour en savoir plus Disponibles en dimensions de panneau 1\/16, 1\/8 et 1\/4 DIN, les 2416, 2408 et 2404 sont des r\u00e9gulateurs haute stabilit\u00e9 offrant un large \u00e9ventail d'options. La r\u00e9gulation PID, Tout ou Rien ou par vanne motoris\u00e9e peut \u00eatre configur\u00e9e, ce qui satisfait aussi bien les exigences de chauffage \u00e9lectrique que de chauffage au gaz, entre autres.","breadcrumb":{"@id":"https:\/\/www.eurotherm.com\/fr\/products\/regulateur-pid-indicateurs-unites-alarme\/monoboucles\/2400-temperature-controller-programmer\/#breadcrumb"},"inLanguage":"fr-FR","potentialAction":[{"@type":"ReadAction","target":["https:\/\/www.eurotherm.com\/fr\/products\/regulateur-pid-indicateurs-unites-alarme\/monoboucles\/2400-temperature-controller-programmer\/"]}]},{"@type":"ImageObject","inLanguage":"fr-FR","@id":"https:\/\/www.eurotherm.com\/fr\/products\/regulateur-pid-indicateurs-unites-alarme\/monoboucles\/2400-temperature-controller-programmer\/#primaryimage","url":"https:\/\/www.eurotherm.com\/wp-content\/uploads\/2018\/10\/2400_Series.jpg","contentUrl":"https:\/\/www.eurotherm.com\/wp-content\/uploads\/2018\/10\/2400_Series.jpg","width":500,"height":500},{"@type":"BreadcrumbList","@id":"https:\/\/www.eurotherm.com\/fr\/products\/regulateur-pid-indicateurs-unites-alarme\/monoboucles\/2400-temperature-controller-programmer\/#breadcrumb","itemListElement":[{"@type":"ListItem","position":1,"name":"Home","item":"https:\/\/www.eurotherm.com\/fr\/"},{"@type":"ListItem","position":2,"name":"Product Catalogue","item":"https:\/\/www.eurotherm.com\/fr\/product-catalogue\/"},{"@type":"ListItem","position":3,"name":"R\u00e9gulateurs PID, indicateurs et unit\u00e9s d\u2019alarme","item":"https:\/\/www.eurotherm.com\/fr\/eurotherm-products\/regulateur-pid-indicateurs-unites-alarme\/"},{"@type":"ListItem","position":4,"name":"R\u00e9gulateurs monoboucles","item":"https:\/\/www.eurotherm.com\/fr\/eurotherm-products\/regulateur-pid-indicateurs-unites-alarme\/monoboucles\/"},{"@type":"ListItem","position":5,"name":"Programmateurs \/ R\u00e9gulateurs S\u00e9rie 2400"}]},{"@type":"WebSite","@id":"https:\/\/www.eurotherm.com\/fr\/#website","url":"https:\/\/www.eurotherm.com\/fr\/","name":"Eurotherm Limited","description":"Temperature Control, Process Control, Measurement and Data Recording Solutions","potentialAction":[{"@type":"SearchAction","target":{"@type":"EntryPoint","urlTemplate":"https:\/\/www.eurotherm.com\/fr\/?s={search_term_string}"},"query-input":{"@type":"PropertyValueSpecification","valueRequired":true,"valueName":"search_term_string"}}],"inLanguage":"fr-FR"}]}},"ACF":{"product_file":[27454,27942,27866,27943,27939,26692,27876,26686,29136,27473,26718,26695,26703,28614,26702,26701,26705,26706,26707,26691,26693,28336,26700,26714,29310,29309,27875,26704,26696,26699,26712,26711,26708,27886,26716,26709,26710,27995,29344,26715,26713,26727,26724,26719,27874,28330,26725,26721,26723,26717,26726,26720,26722,26841,27497,27584,26688,26687,26690,26685,28624,26614,89054,89079,27667,28128,28089,90351,28122,78478,28134,28090,27671,27669,27780,27781,27779,28121,27670,28093,87369,97153,27665,92216,78477,104011,28116,78464,78465,89545,78479,28124,28130,29213,28127,28123,28129,28149,28136,78487,97248,28132,90357,27668,27673,28113,28088,28133,28135,87015,28138,90350,27778,27672,27777,28115,26567,27597,28508,90352,28091,66535,137166],"product_status":"Discontinued","enable_watlow_configurator":false},"jetpack_sharing_enabled":true,"_links":{"self":[{"href":"https:\/\/www.eurotherm.com\/fr\/wp-json\/wp\/v2\/product\/22173","targetHints":{"allow":["GET"]}}],"collection":[{"href":"https:\/\/www.eurotherm.com\/fr\/wp-json\/wp\/v2\/product"}],"about":[{"href":"https:\/\/www.eurotherm.com\/fr\/wp-json\/wp\/v2\/types\/product"}],"wp:featuredmedia":[{"embeddable":true,"href":"https:\/\/www.eurotherm.com\/fr\/wp-json\/wp\/v2\/media\/9240"}],"wp:attachment":[{"href":"https:\/\/www.eurotherm.com\/fr\/wp-json\/wp\/v2\/media?parent=22173"}],"wp:term":[{"taxonomy":"product_brand","embeddable":true,"href":"https:\/\/www.eurotherm.com\/fr\/wp-json\/wp\/v2\/product_brand?post=22173"},{"taxonomy":"product_cat","embeddable":true,"href":"https:\/\/www.eurotherm.com\/fr\/wp-json\/wp\/v2\/product_cat?post=22173"},{"taxonomy":"product_tag","embeddable":true,"href":"https:\/\/www.eurotherm.com\/fr\/wp-json\/wp\/v2\/product_tag?post=22173"}],"curies":[{"name":"wp","href":"https:\/\/api.w.org\/{rel}","templated":true}]}}