{"id":22172,"date":"2018-10-15T08:46:55","date_gmt":"2018-10-15T08:46:55","guid":{"rendered":"https:\/\/www.eurotherm.com\/product\/programmateurs-regulateurs-serie-2200\/"},"modified":"2024-04-05T05:41:03","modified_gmt":"2024-04-04T21:41:03","slug":"2200-temperature-controller-programmer","status":"publish","type":"product","link":"https:\/\/www.eurotherm.com\/fr\/products\/regulateur-pid-indicateurs-unites-alarme\/monoboucles\/2200-temperature-controller-programmer\/","title":{"rendered":"Programmateurs \/ R\u00e9gulateurs S\u00e9rie 2200"},"content":{"rendered":"<p>Les appareils 2216e \/ 2208e \/ 2204e sont des r\u00e9gulateurs de proc\u00e9d\u00e9 ou de temp\u00e9rature haute stabilit\u00e9 dot\u00e9s d&rsquo;une fonction d&rsquo;auto-r\u00e9glage et disponibles en 1\/16 1\/8 et1\/4 DIN. De construction modulaire, ils proposent une option de deux sorties de r\u00e9gulation, deux relais d&rsquo;alarme et un module de communication.<\/p>\n<p>Le mat\u00e9riel est configurable pour le chauffage, le refroidissement ou les alarmes. Tous les instruments sont enti\u00e8rement configurables sur site.<\/p>\n<h3>Sorties de chauffage et de refroidissement modulaires<\/h3>\n<p>Des sorties de chauffage et de refroidissement modulaires sont pr\u00e9vues avec un choix de une ou deux sorties de relais d&rsquo;alarme. Les appareils 1\/8 et 1\/4 DIN poss\u00e8dent deux entr\u00e9es num\u00e9riques pour s\u00e9lectionner le transfert auto\/manuel, le mode d&rsquo;attente, un deuxi\u00e8me point de consigne ou l&rsquo;acquittement d&rsquo;alarme.<\/p>\n<h3>Connexion ais\u00e9e par communications num\u00e9riques<\/h3>\n<p>Des communications num\u00e9riques avec des protocoles standard de l&rsquo;industrie &#8211; dont Modbus et DeviceNet\u2122 &#8211; sont disponibles pour faciliter la connexion aux syst\u00e8mes de commande de surveillance et de collecte des donn\u00e9es.<\/p>\n<h3>Simples profils de traitement thermique<\/h3>\n<p>Il est possible de programmer des profils de traitement thermique \u00e0 l&rsquo;aide du g\u00e9n\u00e9rateur de rampe et du temporisateur.<\/p>\n<h3>Surveillance avanc\u00e9e du courant de charge<\/h3>\n<p>Elimine le besoin d&rsquo;amp\u00e8rem\u00e8tre en utilisant la fonction de surveillance avanc\u00e9e du courant de charge. Le courant de chauffage peut \u00eatre affich\u00e9 et les d\u00e9faillances de court-circuit ou de circuit ouvert d\u00e9tect\u00e9es.<\/p>\n<p>IDEAL POUR :<\/p>\n<ul>\n<li>Extrusion avec des algorithmes optimis\u00e9s de refroidissement par eau ou par air<\/li>\n<li>Fours et \u00e9tuves<\/li>\n<li>Chambres froides<\/li>\n<li>Machines d&#8217;emballage<\/li>\n<li>Produits alimentaires et brassage<\/li>\n<\/ul>\n<h4>CARACTERISTIQUES :<\/h4>\n<ul>\n<li>Entr\u00e9e universelle<\/li>\n<li>Sorties de chauffage et de refroidissement<\/li>\n<\/ul>\n","protected":false},"excerpt":{"rendered":"<h3><a href=\"https:\/\/www.eurotherm.com\/fr\/temperature-control-fr\/regulateurs-series-2200e-2400-decouvrez-notre-solution-de-remplacement\/\">Obsolescence niveau 2 &#8211; Cliquez pour en savoir plus<\/a><\/h3>\n<ul>\n<li>R\u00e9gulateurs de proc\u00e9d\u00e9 ou de temp\u00e9rature haute stabilit\u00e9<\/li>\n<li>R\u00e9glage automatique avec inhibition des d\u00e9passements<\/li>\n<li>Sorties de chauffage et de refroidissement<\/li>\n<li>Mat\u00e9riel modulaire<\/li>\n<li>Affichage op\u00e9rateur personnalis\u00e9<\/li>\n<li>Communications num\u00e9riques<\/li>\n<\/ul>\n[gdpr-youtube id=\"pEPybtlbfLo\"]\n<p>&nbsp;<\/p>\n","protected":false},"featured_media":9184,"template":"","meta":{"_acf_changed":false},"product_brand":[],"product_cat":[12196,12197],"product_tag":[],"class_list":{"0":"post-22172","1":"product","2":"type-product","3":"status-publish","4":"has-post-thumbnail","6":"product_cat-monoboucles","7":"product_cat-regulateur-pid-indicateurs-unites-alarme","8":"product_shipping_class-1-fr","10":"first","11":"instock","12":"purchasable","13":"product-type-simple"},"acf":[],"yoast_head":"<!-- This site is optimized with the Yoast SEO plugin v27.2 - https:\/\/yoast.com\/product\/yoast-seo-wordpress\/ -->\n<title>Programmateurs \/ R\u00e9gulateurs S\u00e9rie 2200 | Eurotherm Limited<\/title>\n<meta name=\"description\" content=\"Programmateurs \/ R\u00e9gulateurs S\u00e9rie 2200 | Les appareils 2216e \/ 2208e \/ 2204e sont des r\u00e9gulateurs de proc\u00e9d\u00e9 ou de temp\u00e9rature haute stabilit\u00e9 dot\u00e9s d&#039;une fonc\" \/>\n<meta name=\"robots\" content=\"index, follow, max-snippet:-1, max-image-preview:large, max-video-preview:-1\" \/>\n<meta property=\"og:locale\" content=\"fr_FR\" \/>\n<meta property=\"og:type\" content=\"article\" \/>\n<meta property=\"og:title\" content=\"Programmateurs \/ R\u00e9gulateurs S\u00e9rie 2200 | Eurotherm Limited\" \/>\n<meta property=\"og:description\" content=\"Programmateurs \/ R\u00e9gulateurs S\u00e9rie 2200 | Obsolescence niveau 2 - Cliquez pour en savoir plus   R\u00e9gulateurs de proc\u00e9d\u00e9 ou de temp\u00e9rature haute stabilit\u00e9  R\u00e9glage automatique avec inhibition des d\u00e9passements  Sorties de chauffage et de refroidissement  Mat\u00e9riel modulaire  Affichage op\u00e9rateur personnalis\u00e9  Communications num\u00e9riques    &nbsp;\" \/>\n<meta property=\"og:url\" content=\"https:\/\/www.eurotherm.com\/fr\/products\/regulateur-pid-indicateurs-unites-alarme\/monoboucles\/2200-temperature-controller-programmer\/\" \/>\n<meta property=\"og:site_name\" content=\"Eurotherm Limited\" \/>\n<meta property=\"article:modified_time\" content=\"2024-04-04T21:41:03+00:00\" \/>\n<meta property=\"og:image\" content=\"https:\/\/www.eurotherm.com\/wp-content\/uploads\/2018\/10\/2200_Series.jpg\" \/>\n\t<meta property=\"og:image:width\" content=\"500\" \/>\n\t<meta property=\"og:image:height\" content=\"500\" \/>\n\t<meta property=\"og:image:type\" content=\"image\/jpeg\" \/>\n<meta name=\"twitter:card\" content=\"summary_large_image\" \/>\n<meta name=\"twitter:label1\" content=\"Dur\u00e9e de lecture estim\u00e9e\" \/>\n\t<meta name=\"twitter:data1\" content=\"2 minutes\" \/>\n<script type=\"application\/ld+json\" class=\"yoast-schema-graph\">{\"@context\":\"https:\/\/schema.org\",\"@graph\":[{\"@type\":\"WebPage\",\"@id\":\"https:\/\/www.eurotherm.com\/fr\/products\/regulateur-pid-indicateurs-unites-alarme\/monoboucles\/2200-temperature-controller-programmer\/\",\"url\":\"https:\/\/www.eurotherm.com\/fr\/products\/regulateur-pid-indicateurs-unites-alarme\/monoboucles\/2200-temperature-controller-programmer\/\",\"name\":\"Programmateurs \/ R\u00e9gulateurs S\u00e9rie 2200 | Eurotherm Limited\",\"isPartOf\":{\"@id\":\"https:\/\/www.eurotherm.com\/fr\/#website\"},\"primaryImageOfPage\":{\"@id\":\"https:\/\/www.eurotherm.com\/fr\/products\/regulateur-pid-indicateurs-unites-alarme\/monoboucles\/2200-temperature-controller-programmer\/#primaryimage\"},\"image\":{\"@id\":\"https:\/\/www.eurotherm.com\/fr\/products\/regulateur-pid-indicateurs-unites-alarme\/monoboucles\/2200-temperature-controller-programmer\/#primaryimage\"},\"thumbnailUrl\":\"https:\/\/www.eurotherm.com\/wp-content\/uploads\/2018\/10\/2200_Series.jpg\",\"datePublished\":\"2018-10-15T08:46:55+00:00\",\"dateModified\":\"2024-04-04T21:41:03+00:00\",\"description\":\"Programmateurs \/ R\u00e9gulateurs S\u00e9rie 2200 | Obsolescence niveau 2 - Cliquez pour en savoir plus R\u00e9gulateurs de proc\u00e9d\u00e9 ou de temp\u00e9rature haute stabilit\u00e9 R\u00e9glage automatique avec inhibition des d\u00e9passements Sorties de chauffage et de refroidissement Mat\u00e9riel modulaire Affichage op\u00e9rateur personnalis\u00e9 Communications num\u00e9riques &nbsp;\",\"breadcrumb\":{\"@id\":\"https:\/\/www.eurotherm.com\/fr\/products\/regulateur-pid-indicateurs-unites-alarme\/monoboucles\/2200-temperature-controller-programmer\/#breadcrumb\"},\"inLanguage\":\"fr-FR\",\"potentialAction\":[{\"@type\":\"ReadAction\",\"target\":[\"https:\/\/www.eurotherm.com\/fr\/products\/regulateur-pid-indicateurs-unites-alarme\/monoboucles\/2200-temperature-controller-programmer\/\"]}]},{\"@type\":\"ImageObject\",\"inLanguage\":\"fr-FR\",\"@id\":\"https:\/\/www.eurotherm.com\/fr\/products\/regulateur-pid-indicateurs-unites-alarme\/monoboucles\/2200-temperature-controller-programmer\/#primaryimage\",\"url\":\"https:\/\/www.eurotherm.com\/wp-content\/uploads\/2018\/10\/2200_Series.jpg\",\"contentUrl\":\"https:\/\/www.eurotherm.com\/wp-content\/uploads\/2018\/10\/2200_Series.jpg\",\"width\":500,\"height\":500},{\"@type\":\"BreadcrumbList\",\"@id\":\"https:\/\/www.eurotherm.com\/fr\/products\/regulateur-pid-indicateurs-unites-alarme\/monoboucles\/2200-temperature-controller-programmer\/#breadcrumb\",\"itemListElement\":[{\"@type\":\"ListItem\",\"position\":1,\"name\":\"Home\",\"item\":\"https:\/\/www.eurotherm.com\/fr\/\"},{\"@type\":\"ListItem\",\"position\":2,\"name\":\"Product Catalogue\",\"item\":\"https:\/\/www.eurotherm.com\/fr\/product-catalogue\/\"},{\"@type\":\"ListItem\",\"position\":3,\"name\":\"R\u00e9gulateurs PID, indicateurs et unit\u00e9s d\u2019alarme\",\"item\":\"https:\/\/www.eurotherm.com\/fr\/eurotherm-products\/regulateur-pid-indicateurs-unites-alarme\/\"},{\"@type\":\"ListItem\",\"position\":4,\"name\":\"R\u00e9gulateurs monoboucles\",\"item\":\"https:\/\/www.eurotherm.com\/fr\/eurotherm-products\/regulateur-pid-indicateurs-unites-alarme\/monoboucles\/\"},{\"@type\":\"ListItem\",\"position\":5,\"name\":\"Programmateurs \/ R\u00e9gulateurs S\u00e9rie 2200\"}]},{\"@type\":\"WebSite\",\"@id\":\"https:\/\/www.eurotherm.com\/fr\/#website\",\"url\":\"https:\/\/www.eurotherm.com\/fr\/\",\"name\":\"Eurotherm Limited\",\"description\":\"Temperature Control, Process Control, Measurement and Data Recording Solutions\",\"potentialAction\":[{\"@type\":\"SearchAction\",\"target\":{\"@type\":\"EntryPoint\",\"urlTemplate\":\"https:\/\/www.eurotherm.com\/fr\/?s={search_term_string}\"},\"query-input\":{\"@type\":\"PropertyValueSpecification\",\"valueRequired\":true,\"valueName\":\"search_term_string\"}}],\"inLanguage\":\"fr-FR\"}]}<\/script>\n<!-- \/ Yoast SEO plugin. -->","yoast_head_json":{"title":"Programmateurs \/ R\u00e9gulateurs S\u00e9rie 2200 | Eurotherm Limited","description":"Programmateurs \/ R\u00e9gulateurs S\u00e9rie 2200 | Les appareils 2216e \/ 2208e \/ 2204e sont des r\u00e9gulateurs de proc\u00e9d\u00e9 ou de temp\u00e9rature haute stabilit\u00e9 dot\u00e9s d'une fonc","robots":{"index":"index","follow":"follow","max-snippet":"max-snippet:-1","max-image-preview":"max-image-preview:large","max-video-preview":"max-video-preview:-1"},"og_locale":"fr_FR","og_type":"article","og_title":"Programmateurs \/ R\u00e9gulateurs S\u00e9rie 2200 | Eurotherm Limited","og_description":"Programmateurs \/ R\u00e9gulateurs S\u00e9rie 2200 | Obsolescence niveau 2 - Cliquez pour en savoir plus   R\u00e9gulateurs de proc\u00e9d\u00e9 ou de temp\u00e9rature haute stabilit\u00e9  R\u00e9glage automatique avec inhibition des d\u00e9passements  Sorties de chauffage et de refroidissement  Mat\u00e9riel modulaire  Affichage op\u00e9rateur personnalis\u00e9  Communications num\u00e9riques    &nbsp;","og_url":"https:\/\/www.eurotherm.com\/fr\/products\/regulateur-pid-indicateurs-unites-alarme\/monoboucles\/2200-temperature-controller-programmer\/","og_site_name":"Eurotherm Limited","article_modified_time":"2024-04-04T21:41:03+00:00","og_image":[{"width":500,"height":500,"url":"https:\/\/www.eurotherm.com\/wp-content\/uploads\/2018\/10\/2200_Series.jpg","type":"image\/jpeg"}],"twitter_card":"summary_large_image","twitter_misc":{"Dur\u00e9e de lecture estim\u00e9e":"2 minutes"},"schema":{"@context":"https:\/\/schema.org","@graph":[{"@type":"WebPage","@id":"https:\/\/www.eurotherm.com\/fr\/products\/regulateur-pid-indicateurs-unites-alarme\/monoboucles\/2200-temperature-controller-programmer\/","url":"https:\/\/www.eurotherm.com\/fr\/products\/regulateur-pid-indicateurs-unites-alarme\/monoboucles\/2200-temperature-controller-programmer\/","name":"Programmateurs \/ R\u00e9gulateurs S\u00e9rie 2200 | Eurotherm Limited","isPartOf":{"@id":"https:\/\/www.eurotherm.com\/fr\/#website"},"primaryImageOfPage":{"@id":"https:\/\/www.eurotherm.com\/fr\/products\/regulateur-pid-indicateurs-unites-alarme\/monoboucles\/2200-temperature-controller-programmer\/#primaryimage"},"image":{"@id":"https:\/\/www.eurotherm.com\/fr\/products\/regulateur-pid-indicateurs-unites-alarme\/monoboucles\/2200-temperature-controller-programmer\/#primaryimage"},"thumbnailUrl":"https:\/\/www.eurotherm.com\/wp-content\/uploads\/2018\/10\/2200_Series.jpg","datePublished":"2018-10-15T08:46:55+00:00","dateModified":"2024-04-04T21:41:03+00:00","description":"Programmateurs \/ R\u00e9gulateurs S\u00e9rie 2200 | Obsolescence niveau 2 - Cliquez pour en savoir plus R\u00e9gulateurs de proc\u00e9d\u00e9 ou de temp\u00e9rature haute stabilit\u00e9 R\u00e9glage automatique avec inhibition des d\u00e9passements Sorties de chauffage et de refroidissement Mat\u00e9riel modulaire Affichage op\u00e9rateur personnalis\u00e9 Communications num\u00e9riques &nbsp;","breadcrumb":{"@id":"https:\/\/www.eurotherm.com\/fr\/products\/regulateur-pid-indicateurs-unites-alarme\/monoboucles\/2200-temperature-controller-programmer\/#breadcrumb"},"inLanguage":"fr-FR","potentialAction":[{"@type":"ReadAction","target":["https:\/\/www.eurotherm.com\/fr\/products\/regulateur-pid-indicateurs-unites-alarme\/monoboucles\/2200-temperature-controller-programmer\/"]}]},{"@type":"ImageObject","inLanguage":"fr-FR","@id":"https:\/\/www.eurotherm.com\/fr\/products\/regulateur-pid-indicateurs-unites-alarme\/monoboucles\/2200-temperature-controller-programmer\/#primaryimage","url":"https:\/\/www.eurotherm.com\/wp-content\/uploads\/2018\/10\/2200_Series.jpg","contentUrl":"https:\/\/www.eurotherm.com\/wp-content\/uploads\/2018\/10\/2200_Series.jpg","width":500,"height":500},{"@type":"BreadcrumbList","@id":"https:\/\/www.eurotherm.com\/fr\/products\/regulateur-pid-indicateurs-unites-alarme\/monoboucles\/2200-temperature-controller-programmer\/#breadcrumb","itemListElement":[{"@type":"ListItem","position":1,"name":"Home","item":"https:\/\/www.eurotherm.com\/fr\/"},{"@type":"ListItem","position":2,"name":"Product Catalogue","item":"https:\/\/www.eurotherm.com\/fr\/product-catalogue\/"},{"@type":"ListItem","position":3,"name":"R\u00e9gulateurs PID, indicateurs et unit\u00e9s d\u2019alarme","item":"https:\/\/www.eurotherm.com\/fr\/eurotherm-products\/regulateur-pid-indicateurs-unites-alarme\/"},{"@type":"ListItem","position":4,"name":"R\u00e9gulateurs monoboucles","item":"https:\/\/www.eurotherm.com\/fr\/eurotherm-products\/regulateur-pid-indicateurs-unites-alarme\/monoboucles\/"},{"@type":"ListItem","position":5,"name":"Programmateurs \/ R\u00e9gulateurs S\u00e9rie 2200"}]},{"@type":"WebSite","@id":"https:\/\/www.eurotherm.com\/fr\/#website","url":"https:\/\/www.eurotherm.com\/fr\/","name":"Eurotherm Limited","description":"Temperature Control, Process Control, Measurement and Data Recording Solutions","potentialAction":[{"@type":"SearchAction","target":{"@type":"EntryPoint","urlTemplate":"https:\/\/www.eurotherm.com\/fr\/?s={search_term_string}"},"query-input":{"@type":"PropertyValueSpecification","valueRequired":true,"valueName":"search_term_string"}}],"inLanguage":"fr-FR"}]}},"ACF":{"product_file":[27454,27942,27866,27943,27939,29135,27473,26654,26676,26670,26671,28348,26680,26681,26675,26678,26679,26672,26674,26677,26683,26673,26682,26661,26660,26665,26666,26663,26669,28347,26667,26668,26664,26662,29311,29347,27879,27497,26653,26656,27584,26614,27667,28128,28089,90351,28122,78478,28090,27669,28134,27671,27780,27779,27781,28121,27670,28093,87369,97153,27665,92216,78477,104011,28116,89545,78464,78465,78479,28130,28124,28127,29213,28123,28129,28149,28136,78487,97248,28132,90357,27668,27673,28113,28088,28133,28135,87015,28138,90350,27778,27672,27777,28115,26567,27597,28508,90352,28091,66535],"product_status":"To Be Discontinued","enable_watlow_configurator":false},"jetpack_sharing_enabled":true,"_links":{"self":[{"href":"https:\/\/www.eurotherm.com\/fr\/wp-json\/wp\/v2\/product\/22172","targetHints":{"allow":["GET"]}}],"collection":[{"href":"https:\/\/www.eurotherm.com\/fr\/wp-json\/wp\/v2\/product"}],"about":[{"href":"https:\/\/www.eurotherm.com\/fr\/wp-json\/wp\/v2\/types\/product"}],"wp:featuredmedia":[{"embeddable":true,"href":"https:\/\/www.eurotherm.com\/fr\/wp-json\/wp\/v2\/media\/9184"}],"wp:attachment":[{"href":"https:\/\/www.eurotherm.com\/fr\/wp-json\/wp\/v2\/media?parent=22172"}],"wp:term":[{"taxonomy":"product_brand","embeddable":true,"href":"https:\/\/www.eurotherm.com\/fr\/wp-json\/wp\/v2\/product_brand?post=22172"},{"taxonomy":"product_cat","embeddable":true,"href":"https:\/\/www.eurotherm.com\/fr\/wp-json\/wp\/v2\/product_cat?post=22172"},{"taxonomy":"product_tag","embeddable":true,"href":"https:\/\/www.eurotherm.com\/fr\/wp-json\/wp\/v2\/product_tag?post=22172"}],"curies":[{"name":"wp","href":"https:\/\/api.w.org\/{rel}","templated":true}]}}