{"id":22171,"date":"2018-10-15T08:48:24","date_gmt":"2018-10-15T08:48:24","guid":{"rendered":"https:\/\/www.eurotherm.com\/product\/programmateurs-regulateurs-avances-serie-3500\/"},"modified":"2024-10-07T22:44:31","modified_gmt":"2024-10-07T14:44:31","slug":"3500-regulateur-programmateur-temperature-process","status":"publish","type":"product","link":"https:\/\/www.eurotherm.com\/fr\/products\/regulateur-pid-indicateurs-unites-alarme\/monoboucles\/3500-regulateur-programmateur-temperature-process\/","title":{"rendered":"R\u00e9gulateurs et programmateurs avanc\u00e9 S\u00e9rie 3500"},"content":{"rendered":"<ul>\n<li>R\u00e9gulateur de temp\u00e9rature et de proc\u00e9d\u00e9 puissant, \u00e0 une ou deux boucles<\/li>\n<li>R\u00e9gulation en bi-boucles &#8211; id\u00e9al pour les proc\u00e9d\u00e9s \u00e0 deux variables interactives<\/li>\n<li>Mesure PV de pr\u00e9cision combin\u00e9e \u00e0 une commande haute performance &#8211; pour une qualit\u00e9 de produits uniforme<\/li>\n<li>Appareils flexibles et modulaires &#8211; jusqu&rsquo;\u00e0 6 slots d&rsquo;E\/S avec 16 types de modules diff\u00e9rents<\/li>\n<li>Un \u00e9diteur de c\u00e2blage graphique pour faciliter la cr\u00e9ation de solutions flexibles et \u00e9labor\u00e9es<\/li>\n<li>Int\u00e9gration syst\u00e8me ais\u00e9e &#8211; Protocoles r\u00e9seau Modbus RTU, Modbus TCP, et DeviceNet\u2122<\/li>\n<li>Utilisation simple et intuitive avec des affichages personnalisables<\/li>\n<li>Programmation flexible des consignes avec possibilit\u00e9 de double voies &#8211; jusqu&rsquo;\u00e0 50 programmes temporels<\/li>\n<li>Fonctions avanc\u00e9es offrant des solutions personnalis\u00e9es et des r\u00e9gulateurs pour petites machines<\/li>\n<\/ul>\n<p>Les r\u00e9gulateurs Eurotherm 3508 et 3504 offrent beaucoup plus que la r\u00e9gulation de temp\u00e9rature. Ils proposent des fonctions et des options avanc\u00e9es permettent d&rsquo;assurer la r\u00e9gulation de petites machines. Ils int\u00e8grent des options d&rsquo;entr\u00e9es\/sorties flexibles pour commander et mesurer une multitude de proc\u00e9d\u00e9s : temp\u00e9rature, potentiel carbone, humidit\u00e9, d\u00e9bit, pression, niveau, viscosit\u00e9, dosage d&rsquo;additifs et autres. Des blocs de fonctions sp\u00e9cialis\u00e9s, la s\u00e9lection de recettes, des programmateurs de consigne, des fonctions de calculs math\u00e9matiques, logiques et de temporisation, et des options de communication vari\u00e9es sont autant de caract\u00e9ristiques qui font de ces instruments une solution totale.<\/p>\n<p>Avec un accent sur la simplicit\u00e9, les r\u00e9gulateurs 3500 sont faciles \u00e0 utiliser. Un simple code \u00ab\u00a0QuickStart\u00a0\u00bb permet de configurer toutes les fonctions de base essentielles \u00e0 la r\u00e9gulation de votre proc\u00e9d\u00e9. Celles-ci comprennent le type de capteur d&rsquo;entr\u00e9e, la plage de mesure, les options de contr\u00f4le et les alarmes. Ainsi, il est vraiment possible d&rsquo;avoir un fonctionnement imm\u00e9diat. Une configuration plus avanc\u00e9e peut \u00eatre r\u00e9alis\u00e9e \u00e0 l&rsquo;aide d&rsquo;un logiciel de configuration graphique sur PC &#8211; ce qui permet aux utilisateurs de choisir des blocs de fonctions dans une biblioth\u00e8que et de les connecter ensemble \u00e0 l&rsquo;aide de c\u00e2blage logiciel.<\/p>\n<p>Le grand afficheur \u00e0 5 digits affiche clairement la valeur du proc\u00e9d\u00e9. Au centre, des messages sur quatre lignes offrent une visualisation personnalis\u00e9e et standard des informations qui sont importantes pour l&rsquo;utilisateur. Les barre-graphes verticaux et horizontaux eux pr\u00e9sentent une indication visuelle claire du proc\u00e9d\u00e9 en un coup d&rsquo;\u0153il.<\/p>\n<p>La s\u00e9curit\u00e9 OEM permet \u00e0 un utilisateur de prot\u00e9ger sa propri\u00e9t\u00e9 intellectuelle en emp\u00eachant le clonage non autoris\u00e9 de la configuration.<\/p>\n","protected":false},"excerpt":{"rendered":"<h2>Programmateurs \/ R\u00e9gulateurs avanc\u00e9s S\u00e9rie 3500 &#8211; Une technologie si puissante qu&rsquo;elle en devient simple<\/h2>\n<p>Les mod\u00e8les 3508 et 3504 offrent beaucoup plus que la r\u00e9gulation de temp\u00e9rature &#8211; des fonctions et des options avanc\u00e9es permettent d&rsquo;assurer la r\u00e9gulation de petites machines.<\/p>\n","protected":false},"featured_media":9044,"template":"","meta":{"_acf_changed":false},"product_brand":[],"product_cat":[12197,12230,12196,12148,12150],"product_tag":[],"class_list":{"0":"post-22171","1":"product","2":"type-product","3":"status-publish","4":"has-post-thumbnail","6":"industry-heat-treatment-fr-2","7":"product_cat-regulateur-pid-indicateurs-unites-alarme","8":"product_cat-multi-boucles","9":"product_cat-monoboucles","10":"product_cat-furnaces-atmosphere-and-vacuum-fr","11":"product_cat-heat-treat-products-fr","12":"product_shipping_class-1-fr","14":"first","15":"instock","16":"purchasable","17":"product-type-simple"},"acf":[],"yoast_head":"<!-- This site is optimized with the Yoast SEO plugin v27.2 - https:\/\/yoast.com\/product\/yoast-seo-wordpress\/ -->\n<title>R\u00e9gulateur Programmateur S\u00e9rie 3500 | Eurotherm Limited<\/title>\n<meta name=\"description\" content=\"R\u00e9gulateurs de temp\u00e9rature avanc\u00e9s et programmateur S\u00e9rie 3500 : une technologie si puissante qu\u2019elle en devient simple\" \/>\n<meta name=\"robots\" content=\"index, follow, max-snippet:-1, max-image-preview:large, max-video-preview:-1\" \/>\n<meta property=\"og:locale\" content=\"fr_FR\" \/>\n<meta property=\"og:type\" content=\"article\" \/>\n<meta property=\"og:title\" content=\"R\u00e9gulateur Programmateur S\u00e9rie 3500 | Eurotherm Limited\" \/>\n<meta property=\"og:description\" content=\"R\u00e9gulateurs de temp\u00e9rature avanc\u00e9s et programmateur S\u00e9rie 3500 : une technologie si puissante qu\u2019elle en devient simple\" \/>\n<meta property=\"og:url\" content=\"https:\/\/www.eurotherm.com\/fr\/products\/regulateur-pid-indicateurs-unites-alarme\/monoboucles\/3500-regulateur-programmateur-temperature-process\/\" \/>\n<meta property=\"og:site_name\" content=\"Eurotherm Limited\" \/>\n<meta property=\"article:modified_time\" content=\"2024-10-07T14:44:31+00:00\" \/>\n<meta property=\"og:image\" content=\"https:\/\/www.eurotherm.com\/wp-content\/uploads\/2018\/10\/3500_series.jpg\" \/>\n\t<meta property=\"og:image:width\" content=\"500\" \/>\n\t<meta property=\"og:image:height\" content=\"500\" \/>\n\t<meta property=\"og:image:type\" content=\"image\/jpeg\" \/>\n<meta name=\"twitter:card\" content=\"summary_large_image\" \/>\n<meta name=\"twitter:label1\" content=\"Dur\u00e9e de lecture estim\u00e9e\" \/>\n\t<meta name=\"twitter:data1\" content=\"2 minutes\" \/>\n<script type=\"application\/ld+json\" class=\"yoast-schema-graph\">{\"@context\":\"https:\/\/schema.org\",\"@graph\":[{\"@type\":\"WebPage\",\"@id\":\"https:\/\/www.eurotherm.com\/fr\/products\/regulateur-pid-indicateurs-unites-alarme\/monoboucles\/3500-regulateur-programmateur-temperature-process\/\",\"url\":\"https:\/\/www.eurotherm.com\/fr\/products\/regulateur-pid-indicateurs-unites-alarme\/monoboucles\/3500-regulateur-programmateur-temperature-process\/\",\"name\":\"R\u00e9gulateur Programmateur S\u00e9rie 3500 | Eurotherm Limited\",\"isPartOf\":{\"@id\":\"https:\/\/www.eurotherm.com\/fr\/#website\"},\"primaryImageOfPage\":{\"@id\":\"https:\/\/www.eurotherm.com\/fr\/products\/regulateur-pid-indicateurs-unites-alarme\/monoboucles\/3500-regulateur-programmateur-temperature-process\/#primaryimage\"},\"image\":{\"@id\":\"https:\/\/www.eurotherm.com\/fr\/products\/regulateur-pid-indicateurs-unites-alarme\/monoboucles\/3500-regulateur-programmateur-temperature-process\/#primaryimage\"},\"thumbnailUrl\":\"https:\/\/www.eurotherm.com\/wp-content\/uploads\/2018\/10\/3500_series.jpg\",\"datePublished\":\"2018-10-15T08:48:24+00:00\",\"dateModified\":\"2024-10-07T14:44:31+00:00\",\"description\":\"R\u00e9gulateurs de temp\u00e9rature avanc\u00e9s et programmateur S\u00e9rie 3500 : une technologie si puissante qu\u2019elle en devient simple\",\"breadcrumb\":{\"@id\":\"https:\/\/www.eurotherm.com\/fr\/products\/regulateur-pid-indicateurs-unites-alarme\/monoboucles\/3500-regulateur-programmateur-temperature-process\/#breadcrumb\"},\"inLanguage\":\"fr-FR\",\"potentialAction\":[{\"@type\":\"ReadAction\",\"target\":[\"https:\/\/www.eurotherm.com\/fr\/products\/regulateur-pid-indicateurs-unites-alarme\/monoboucles\/3500-regulateur-programmateur-temperature-process\/\"]}]},{\"@type\":\"ImageObject\",\"inLanguage\":\"fr-FR\",\"@id\":\"https:\/\/www.eurotherm.com\/fr\/products\/regulateur-pid-indicateurs-unites-alarme\/monoboucles\/3500-regulateur-programmateur-temperature-process\/#primaryimage\",\"url\":\"https:\/\/www.eurotherm.com\/wp-content\/uploads\/2018\/10\/3500_series.jpg\",\"contentUrl\":\"https:\/\/www.eurotherm.com\/wp-content\/uploads\/2018\/10\/3500_series.jpg\",\"width\":500,\"height\":500},{\"@type\":\"BreadcrumbList\",\"@id\":\"https:\/\/www.eurotherm.com\/fr\/products\/regulateur-pid-indicateurs-unites-alarme\/monoboucles\/3500-regulateur-programmateur-temperature-process\/#breadcrumb\",\"itemListElement\":[{\"@type\":\"ListItem\",\"position\":1,\"name\":\"Home\",\"item\":\"https:\/\/www.eurotherm.com\/fr\/\"},{\"@type\":\"ListItem\",\"position\":2,\"name\":\"Product Catalogue\",\"item\":\"https:\/\/www.eurotherm.com\/fr\/product-catalogue\/\"},{\"@type\":\"ListItem\",\"position\":3,\"name\":\"R\u00e9gulateurs PID, indicateurs et unit\u00e9s d\u2019alarme\",\"item\":\"https:\/\/www.eurotherm.com\/fr\/eurotherm-products\/regulateur-pid-indicateurs-unites-alarme\/\"},{\"@type\":\"ListItem\",\"position\":4,\"name\":\"Multi-boucles\",\"item\":\"https:\/\/www.eurotherm.com\/fr\/eurotherm-products\/regulateur-pid-indicateurs-unites-alarme\/multi-boucles\/\"},{\"@type\":\"ListItem\",\"position\":5,\"name\":\"R\u00e9gulateurs et programmateurs avanc\u00e9 S\u00e9rie 3500\"}]},{\"@type\":\"WebSite\",\"@id\":\"https:\/\/www.eurotherm.com\/fr\/#website\",\"url\":\"https:\/\/www.eurotherm.com\/fr\/\",\"name\":\"Eurotherm Limited\",\"description\":\"Temperature Control, Process Control, Measurement and Data Recording Solutions\",\"potentialAction\":[{\"@type\":\"SearchAction\",\"target\":{\"@type\":\"EntryPoint\",\"urlTemplate\":\"https:\/\/www.eurotherm.com\/fr\/?s={search_term_string}\"},\"query-input\":{\"@type\":\"PropertyValueSpecification\",\"valueRequired\":true,\"valueName\":\"search_term_string\"}}],\"inLanguage\":\"fr-FR\"}]}<\/script>\n<!-- \/ Yoast SEO plugin. -->","yoast_head_json":{"title":"R\u00e9gulateur Programmateur S\u00e9rie 3500 | Eurotherm Limited","description":"R\u00e9gulateurs de temp\u00e9rature avanc\u00e9s et programmateur S\u00e9rie 3500 : une technologie si puissante qu\u2019elle en devient simple","robots":{"index":"index","follow":"follow","max-snippet":"max-snippet:-1","max-image-preview":"max-image-preview:large","max-video-preview":"max-video-preview:-1"},"og_locale":"fr_FR","og_type":"article","og_title":"R\u00e9gulateur Programmateur S\u00e9rie 3500 | Eurotherm Limited","og_description":"R\u00e9gulateurs de temp\u00e9rature avanc\u00e9s et programmateur S\u00e9rie 3500 : une technologie si puissante qu\u2019elle en devient simple","og_url":"https:\/\/www.eurotherm.com\/fr\/products\/regulateur-pid-indicateurs-unites-alarme\/monoboucles\/3500-regulateur-programmateur-temperature-process\/","og_site_name":"Eurotherm Limited","article_modified_time":"2024-10-07T14:44:31+00:00","og_image":[{"width":500,"height":500,"url":"https:\/\/www.eurotherm.com\/wp-content\/uploads\/2018\/10\/3500_series.jpg","type":"image\/jpeg"}],"twitter_card":"summary_large_image","twitter_misc":{"Dur\u00e9e de lecture estim\u00e9e":"2 minutes"},"schema":{"@context":"https:\/\/schema.org","@graph":[{"@type":"WebPage","@id":"https:\/\/www.eurotherm.com\/fr\/products\/regulateur-pid-indicateurs-unites-alarme\/monoboucles\/3500-regulateur-programmateur-temperature-process\/","url":"https:\/\/www.eurotherm.com\/fr\/products\/regulateur-pid-indicateurs-unites-alarme\/monoboucles\/3500-regulateur-programmateur-temperature-process\/","name":"R\u00e9gulateur Programmateur S\u00e9rie 3500 | Eurotherm Limited","isPartOf":{"@id":"https:\/\/www.eurotherm.com\/fr\/#website"},"primaryImageOfPage":{"@id":"https:\/\/www.eurotherm.com\/fr\/products\/regulateur-pid-indicateurs-unites-alarme\/monoboucles\/3500-regulateur-programmateur-temperature-process\/#primaryimage"},"image":{"@id":"https:\/\/www.eurotherm.com\/fr\/products\/regulateur-pid-indicateurs-unites-alarme\/monoboucles\/3500-regulateur-programmateur-temperature-process\/#primaryimage"},"thumbnailUrl":"https:\/\/www.eurotherm.com\/wp-content\/uploads\/2018\/10\/3500_series.jpg","datePublished":"2018-10-15T08:48:24+00:00","dateModified":"2024-10-07T14:44:31+00:00","description":"R\u00e9gulateurs de temp\u00e9rature avanc\u00e9s et programmateur S\u00e9rie 3500 : une technologie si puissante qu\u2019elle en devient simple","breadcrumb":{"@id":"https:\/\/www.eurotherm.com\/fr\/products\/regulateur-pid-indicateurs-unites-alarme\/monoboucles\/3500-regulateur-programmateur-temperature-process\/#breadcrumb"},"inLanguage":"fr-FR","potentialAction":[{"@type":"ReadAction","target":["https:\/\/www.eurotherm.com\/fr\/products\/regulateur-pid-indicateurs-unites-alarme\/monoboucles\/3500-regulateur-programmateur-temperature-process\/"]}]},{"@type":"ImageObject","inLanguage":"fr-FR","@id":"https:\/\/www.eurotherm.com\/fr\/products\/regulateur-pid-indicateurs-unites-alarme\/monoboucles\/3500-regulateur-programmateur-temperature-process\/#primaryimage","url":"https:\/\/www.eurotherm.com\/wp-content\/uploads\/2018\/10\/3500_series.jpg","contentUrl":"https:\/\/www.eurotherm.com\/wp-content\/uploads\/2018\/10\/3500_series.jpg","width":500,"height":500},{"@type":"BreadcrumbList","@id":"https:\/\/www.eurotherm.com\/fr\/products\/regulateur-pid-indicateurs-unites-alarme\/monoboucles\/3500-regulateur-programmateur-temperature-process\/#breadcrumb","itemListElement":[{"@type":"ListItem","position":1,"name":"Home","item":"https:\/\/www.eurotherm.com\/fr\/"},{"@type":"ListItem","position":2,"name":"Product Catalogue","item":"https:\/\/www.eurotherm.com\/fr\/product-catalogue\/"},{"@type":"ListItem","position":3,"name":"R\u00e9gulateurs PID, indicateurs et unit\u00e9s d\u2019alarme","item":"https:\/\/www.eurotherm.com\/fr\/eurotherm-products\/regulateur-pid-indicateurs-unites-alarme\/"},{"@type":"ListItem","position":4,"name":"Multi-boucles","item":"https:\/\/www.eurotherm.com\/fr\/eurotherm-products\/regulateur-pid-indicateurs-unites-alarme\/multi-boucles\/"},{"@type":"ListItem","position":5,"name":"R\u00e9gulateurs et programmateurs avanc\u00e9 S\u00e9rie 3500"}]},{"@type":"WebSite","@id":"https:\/\/www.eurotherm.com\/fr\/#website","url":"https:\/\/www.eurotherm.com\/fr\/","name":"Eurotherm Limited","description":"Temperature Control, Process Control, Measurement and Data Recording Solutions","potentialAction":[{"@type":"SearchAction","target":{"@type":"EntryPoint","urlTemplate":"https:\/\/www.eurotherm.com\/fr\/?s={search_term_string}"},"query-input":{"@type":"PropertyValueSpecification","valueRequired":true,"valueName":"search_term_string"}}],"inLanguage":"fr-FR"}]}},"ACF":{"product_file":[27454,103570,103569,29329,27897,27942,27866,27943,27939,27895,29147,29146,27473,26900,26901,29308,27981,27765,29359,26887,27978,26892,27983,26891,26888,26902,26903,27497,27505,27584,26898,26899,26896,27979,26893,26890,27758,27756,27757,26895,26889,26897,27980,26894,27894,28728,28729,27447,28039,28993,78476,78979,26844,26843,104268,105978,133629,133631,137169,144234,150253,150255,150261,150257,150260,150259,150256,152377],"product_status":"Active Product","enable_watlow_configurator":true,"watlow_product_type":"Multiple","watlow_configurator_links":[{"watlow_name":"3504 1\/4 DIN","watlow_link":"https:\/\/www.watlow.com\/Products\/Controllers\/Eurotherm\/3500-Advanced-Controller-and-Programmer?econfig=3504"},{"watlow_name":"3508 1\/8 DIN","watlow_link":"https:\/\/www.watlow.com\/Products\/Controllers\/Eurotherm\/3500-Advanced-Controller-and-Programmer?econfig=3508"}]},"jetpack_sharing_enabled":true,"_links":{"self":[{"href":"https:\/\/www.eurotherm.com\/fr\/wp-json\/wp\/v2\/product\/22171","targetHints":{"allow":["GET"]}}],"collection":[{"href":"https:\/\/www.eurotherm.com\/fr\/wp-json\/wp\/v2\/product"}],"about":[{"href":"https:\/\/www.eurotherm.com\/fr\/wp-json\/wp\/v2\/types\/product"}],"wp:featuredmedia":[{"embeddable":true,"href":"https:\/\/www.eurotherm.com\/fr\/wp-json\/wp\/v2\/media\/9044"}],"wp:attachment":[{"href":"https:\/\/www.eurotherm.com\/fr\/wp-json\/wp\/v2\/media?parent=22171"}],"wp:term":[{"taxonomy":"product_brand","embeddable":true,"href":"https:\/\/www.eurotherm.com\/fr\/wp-json\/wp\/v2\/product_brand?post=22171"},{"taxonomy":"product_cat","embeddable":true,"href":"https:\/\/www.eurotherm.com\/fr\/wp-json\/wp\/v2\/product_cat?post=22171"},{"taxonomy":"product_tag","embeddable":true,"href":"https:\/\/www.eurotherm.com\/fr\/wp-json\/wp\/v2\/product_tag?post=22171"}],"curies":[{"name":"wp","href":"https:\/\/api.w.org\/{rel}","templated":true}]}}