{"id":22166,"date":"2018-10-15T08:51:33","date_gmt":"2018-10-15T08:51:33","guid":{"rendered":"https:\/\/www.eurotherm.com\/product\/panels-superviseurs-eycon-eycon-10-et-eycon-20\/"},"modified":"2023-09-21T22:28:24","modified_gmt":"2023-09-21T14:28:24","slug":"eycon-10-20-visual-supervisor","status":"publish","type":"product","link":"https:\/\/www.eurotherm.com\/fr\/products\/systeme-de-controle\/materiel-dautomatisation\/eycon-10-20-visual-supervisor\/","title":{"rendered":"Superviseurs Visuels Eycon 10 &#038; Eycon 20"},"content":{"rendered":"<ul>\n<li>\u00c9cran tactile couleur<\/li>\n<li>Contr\u00f4le continu et s\u00e9quentiel<\/li>\n<li>Fonctions des touches d\u00e9finissables par l&rsquo;utilisateur<\/li>\n<li>Programmateur multipoint de consigne<\/li>\n<li>Gestion des lots<\/li>\n<li>Gestion des recettes<\/li>\n<li>Audit Trails<\/li>\n<li>Archivage interne 46 Mo<\/li>\n<li>Journalisation s\u00e9curis\u00e9e<\/li>\n<li>Gestion des alarmes \/ \u00e9v\u00e9nements<\/li>\n<li>Support USB<\/li>\n<li>Communications peer to peer<\/li>\n<li>Modbus Ma\u00eetre\/Esclave (s\u00e9rie ou TCP)<\/li>\n<li>Ethernet 10 \/ 100Mbps<\/li>\n<\/ul>\n<p>Combining Multi-Function Control, Recording and Visualization in a Single Process Management Unit.<\/p>\n<p>The EyconTM Series of Visual Supervisors provide innovative, multi-function control, recording and visualization &#8211; bringing expertise in control, data acquisition and process automation into a single process management unit.<\/p>\n<p>The Eycon 10 (5.5&Prime; \u00bc VGA) and Eycon 20 (12.1&Prime; XGA)\u00a0offer\u00a0integrated color, TFT displays capable of performing continuous, sequential and logic control in a slim panel mount enclosure.<\/p>\n<p>Eycon Visual Supervisor technology incorporates extensive functionality to provide complete management of a process. \u00a0Their advanced array of features effectively makes the Eycon visual supervisor a mini DCS &#8211; with the efficiency and economy of integration into a single unit and the flexibility to be a powerful component of a wider system.<\/p>\n<p>Eycon Visual Supervisor instruments utilized as a building block within a larger system provide peer-to-peer communications over Ethernet (ELIN) &#8211; reducing engineering costs with increased availability of the system. \u00a0They are designed to reduce configuration, integration, installation and wiring costs while improving efficiency and quality with their accurate control.<\/p>\n<p>The versatility of the Eycon Visual Supervisor units makes them ideal for a wide range of applications &#8211; as diverse as pharmaceutical \/ chemical reactors, glass furnaces, multi-zone heat treatment furnaces, injection molding and extrusion systems, batch control systems, environment monitoring, building management systems and many more.<\/p>\n","protected":false},"excerpt":{"rendered":"<h2>Eycon\u2122 10\/20 Visual Supervisors<\/h2>\n<p>Combining Multi-Function Control, Recording and Visualization in a Single Process Management Unit.<\/p>\n<p>The EyconTM Series of Visual Supervisors provide innovative, multi-function control, recording and visualization &#8211; bringing expertise in control, data acquisition and process automation into a single process management unit.<\/p>\n","protected":false},"featured_media":7476,"template":"","meta":{"_acf_changed":false},"product_brand":[],"product_cat":[12169,12170,1110,12168],"product_tag":[],"class_list":{"0":"post-22166","1":"product","2":"type-product","3":"status-publish","4":"has-post-thumbnail","6":"product_cat-materiel-dautomatisation","7":"product_cat-plc-and-pac-fr","8":"product_cat-produits","9":"product_cat-systeme-de-controle","10":"product_shipping_class-1-fr","12":"first","13":"instock","14":"purchasable","15":"product-type-simple"},"acf":[],"yoast_head":"<!-- This site is optimized with the Yoast SEO plugin v27.2 - https:\/\/yoast.com\/product\/yoast-seo-wordpress\/ -->\n<title>Superviseurs Visuels Eycon 10 &amp; Eycon 20 | Eurotherm Limited<\/title>\n<meta name=\"description\" content=\"Superviseurs Visuels Eycon 10 &#038; Eycon 20 | \u00c9cran tactile couleur Contr\u00f4le continu et s\u00e9quentiel Fonctions des touches d\" \/>\n<meta name=\"robots\" content=\"index, follow, max-snippet:-1, max-image-preview:large, max-video-preview:-1\" \/>\n<meta property=\"og:locale\" content=\"fr_FR\" \/>\n<meta property=\"og:type\" content=\"article\" \/>\n<meta property=\"og:title\" content=\"Superviseurs Visuels Eycon 10 &amp; Eycon 20 | Eurotherm Limited\" \/>\n<meta property=\"og:description\" content=\"Superviseurs Visuels Eycon 10 &amp; Eycon 20 | Eycon\u2122 10\/20 Visual Supervisors Combining Multi-Function Control, Recording and Visualization in a Single Process Management Unit.  The EyconTM Series of Visual Supervisors provide innovative, multi-function control, recording and visualization - bringing expertise in control, data acquisition and process automation into a single process management unit.\" \/>\n<meta property=\"og:url\" content=\"https:\/\/www.eurotherm.com\/fr\/products\/systeme-de-controle\/materiel-dautomatisation\/eycon-10-20-visual-supervisor\/\" \/>\n<meta property=\"og:site_name\" content=\"Eurotherm Limited\" \/>\n<meta property=\"article:modified_time\" content=\"2023-09-21T14:28:24+00:00\" \/>\n<meta property=\"og:image\" content=\"https:\/\/www.eurotherm.com\/wp-content\/uploads\/2018\/10\/Eycon_10_20.jpg\" \/>\n\t<meta property=\"og:image:width\" content=\"500\" \/>\n\t<meta property=\"og:image:height\" content=\"500\" \/>\n\t<meta property=\"og:image:type\" content=\"image\/jpeg\" \/>\n<meta name=\"twitter:card\" content=\"summary_large_image\" \/>\n<meta name=\"twitter:label1\" content=\"Dur\u00e9e de lecture estim\u00e9e\" \/>\n\t<meta name=\"twitter:data1\" content=\"2 minutes\" \/>\n<script type=\"application\/ld+json\" class=\"yoast-schema-graph\">{\"@context\":\"https:\/\/schema.org\",\"@graph\":[{\"@type\":\"WebPage\",\"@id\":\"https:\/\/www.eurotherm.com\/fr\/products\/systeme-de-controle\/materiel-dautomatisation\/eycon-10-20-visual-supervisor\/\",\"url\":\"https:\/\/www.eurotherm.com\/fr\/products\/systeme-de-controle\/materiel-dautomatisation\/eycon-10-20-visual-supervisor\/\",\"name\":\"Superviseurs Visuels Eycon 10 & Eycon 20 | Eurotherm Limited\",\"isPartOf\":{\"@id\":\"https:\/\/www.eurotherm.com\/fr\/#website\"},\"primaryImageOfPage\":{\"@id\":\"https:\/\/www.eurotherm.com\/fr\/products\/systeme-de-controle\/materiel-dautomatisation\/eycon-10-20-visual-supervisor\/#primaryimage\"},\"image\":{\"@id\":\"https:\/\/www.eurotherm.com\/fr\/products\/systeme-de-controle\/materiel-dautomatisation\/eycon-10-20-visual-supervisor\/#primaryimage\"},\"thumbnailUrl\":\"https:\/\/www.eurotherm.com\/wp-content\/uploads\/2018\/10\/Eycon_10_20.jpg\",\"datePublished\":\"2018-10-15T08:51:33+00:00\",\"dateModified\":\"2023-09-21T14:28:24+00:00\",\"description\":\"Superviseurs Visuels Eycon 10 & Eycon 20 | Eycon\u2122 10\/20 Visual Supervisors Combining Multi-Function Control, Recording and Visualization in a Single Process Management Unit. The EyconTM Series of Visual Supervisors provide innovative, multi-function control, recording and visualization - bringing expertise in control, data acquisition and process automation into a single process management unit.\",\"breadcrumb\":{\"@id\":\"https:\/\/www.eurotherm.com\/fr\/products\/systeme-de-controle\/materiel-dautomatisation\/eycon-10-20-visual-supervisor\/#breadcrumb\"},\"inLanguage\":\"fr-FR\",\"potentialAction\":[{\"@type\":\"ReadAction\",\"target\":[\"https:\/\/www.eurotherm.com\/fr\/products\/systeme-de-controle\/materiel-dautomatisation\/eycon-10-20-visual-supervisor\/\"]}]},{\"@type\":\"ImageObject\",\"inLanguage\":\"fr-FR\",\"@id\":\"https:\/\/www.eurotherm.com\/fr\/products\/systeme-de-controle\/materiel-dautomatisation\/eycon-10-20-visual-supervisor\/#primaryimage\",\"url\":\"https:\/\/www.eurotherm.com\/wp-content\/uploads\/2018\/10\/Eycon_10_20.jpg\",\"contentUrl\":\"https:\/\/www.eurotherm.com\/wp-content\/uploads\/2018\/10\/Eycon_10_20.jpg\",\"width\":500,\"height\":500},{\"@type\":\"BreadcrumbList\",\"@id\":\"https:\/\/www.eurotherm.com\/fr\/products\/systeme-de-controle\/materiel-dautomatisation\/eycon-10-20-visual-supervisor\/#breadcrumb\",\"itemListElement\":[{\"@type\":\"ListItem\",\"position\":1,\"name\":\"Home\",\"item\":\"https:\/\/www.eurotherm.com\/fr\/\"},{\"@type\":\"ListItem\",\"position\":2,\"name\":\"Product Catalogue\",\"item\":\"https:\/\/www.eurotherm.com\/fr\/product-catalogue\/\"},{\"@type\":\"ListItem\",\"position\":3,\"name\":\"Syst\u00e8me de Contr\u00f4le\",\"item\":\"https:\/\/www.eurotherm.com\/fr\/eurotherm-products\/systeme-de-controle\/\"},{\"@type\":\"ListItem\",\"position\":4,\"name\":\"Mat\u00e9riel d'automatisation\",\"item\":\"https:\/\/www.eurotherm.com\/fr\/eurotherm-products\/systeme-de-controle\/materiel-dautomatisation\/\"},{\"@type\":\"ListItem\",\"position\":5,\"name\":\"Superviseurs Visuels Eycon 10 &#038; Eycon 20\"}]},{\"@type\":\"WebSite\",\"@id\":\"https:\/\/www.eurotherm.com\/fr\/#website\",\"url\":\"https:\/\/www.eurotherm.com\/fr\/\",\"name\":\"Eurotherm Limited\",\"description\":\"Temperature Control, Process Control, Measurement and Data Recording Solutions\",\"potentialAction\":[{\"@type\":\"SearchAction\",\"target\":{\"@type\":\"EntryPoint\",\"urlTemplate\":\"https:\/\/www.eurotherm.com\/fr\/?s={search_term_string}\"},\"query-input\":{\"@type\":\"PropertyValueSpecification\",\"valueRequired\":true,\"valueName\":\"search_term_string\"}}],\"inLanguage\":\"fr-FR\"}]}<\/script>\n<!-- \/ Yoast SEO plugin. -->","yoast_head_json":{"title":"Superviseurs Visuels Eycon 10 & Eycon 20 | Eurotherm Limited","description":"Superviseurs Visuels Eycon 10 &#038; Eycon 20 | \u00c9cran tactile couleur Contr\u00f4le continu et s\u00e9quentiel Fonctions des touches d","robots":{"index":"index","follow":"follow","max-snippet":"max-snippet:-1","max-image-preview":"max-image-preview:large","max-video-preview":"max-video-preview:-1"},"og_locale":"fr_FR","og_type":"article","og_title":"Superviseurs Visuels Eycon 10 & Eycon 20 | Eurotherm Limited","og_description":"Superviseurs Visuels Eycon 10 & Eycon 20 | Eycon\u2122 10\/20 Visual Supervisors Combining Multi-Function Control, Recording and Visualization in a Single Process Management Unit.  The EyconTM Series of Visual Supervisors provide innovative, multi-function control, recording and visualization - bringing expertise in control, data acquisition and process automation into a single process management unit.","og_url":"https:\/\/www.eurotherm.com\/fr\/products\/systeme-de-controle\/materiel-dautomatisation\/eycon-10-20-visual-supervisor\/","og_site_name":"Eurotherm Limited","article_modified_time":"2023-09-21T14:28:24+00:00","og_image":[{"width":500,"height":500,"url":"https:\/\/www.eurotherm.com\/wp-content\/uploads\/2018\/10\/Eycon_10_20.jpg","type":"image\/jpeg"}],"twitter_card":"summary_large_image","twitter_misc":{"Dur\u00e9e de lecture estim\u00e9e":"2 minutes"},"schema":{"@context":"https:\/\/schema.org","@graph":[{"@type":"WebPage","@id":"https:\/\/www.eurotherm.com\/fr\/products\/systeme-de-controle\/materiel-dautomatisation\/eycon-10-20-visual-supervisor\/","url":"https:\/\/www.eurotherm.com\/fr\/products\/systeme-de-controle\/materiel-dautomatisation\/eycon-10-20-visual-supervisor\/","name":"Superviseurs Visuels Eycon 10 & Eycon 20 | Eurotherm Limited","isPartOf":{"@id":"https:\/\/www.eurotherm.com\/fr\/#website"},"primaryImageOfPage":{"@id":"https:\/\/www.eurotherm.com\/fr\/products\/systeme-de-controle\/materiel-dautomatisation\/eycon-10-20-visual-supervisor\/#primaryimage"},"image":{"@id":"https:\/\/www.eurotherm.com\/fr\/products\/systeme-de-controle\/materiel-dautomatisation\/eycon-10-20-visual-supervisor\/#primaryimage"},"thumbnailUrl":"https:\/\/www.eurotherm.com\/wp-content\/uploads\/2018\/10\/Eycon_10_20.jpg","datePublished":"2018-10-15T08:51:33+00:00","dateModified":"2023-09-21T14:28:24+00:00","description":"Superviseurs Visuels Eycon 10 & Eycon 20 | Eycon\u2122 10\/20 Visual Supervisors Combining Multi-Function Control, Recording and Visualization in a Single Process Management Unit. The EyconTM Series of Visual Supervisors provide innovative, multi-function control, recording and visualization - bringing expertise in control, data acquisition and process automation into a single process management unit.","breadcrumb":{"@id":"https:\/\/www.eurotherm.com\/fr\/products\/systeme-de-controle\/materiel-dautomatisation\/eycon-10-20-visual-supervisor\/#breadcrumb"},"inLanguage":"fr-FR","potentialAction":[{"@type":"ReadAction","target":["https:\/\/www.eurotherm.com\/fr\/products\/systeme-de-controle\/materiel-dautomatisation\/eycon-10-20-visual-supervisor\/"]}]},{"@type":"ImageObject","inLanguage":"fr-FR","@id":"https:\/\/www.eurotherm.com\/fr\/products\/systeme-de-controle\/materiel-dautomatisation\/eycon-10-20-visual-supervisor\/#primaryimage","url":"https:\/\/www.eurotherm.com\/wp-content\/uploads\/2018\/10\/Eycon_10_20.jpg","contentUrl":"https:\/\/www.eurotherm.com\/wp-content\/uploads\/2018\/10\/Eycon_10_20.jpg","width":500,"height":500},{"@type":"BreadcrumbList","@id":"https:\/\/www.eurotherm.com\/fr\/products\/systeme-de-controle\/materiel-dautomatisation\/eycon-10-20-visual-supervisor\/#breadcrumb","itemListElement":[{"@type":"ListItem","position":1,"name":"Home","item":"https:\/\/www.eurotherm.com\/fr\/"},{"@type":"ListItem","position":2,"name":"Product Catalogue","item":"https:\/\/www.eurotherm.com\/fr\/product-catalogue\/"},{"@type":"ListItem","position":3,"name":"Syst\u00e8me de Contr\u00f4le","item":"https:\/\/www.eurotherm.com\/fr\/eurotherm-products\/systeme-de-controle\/"},{"@type":"ListItem","position":4,"name":"Mat\u00e9riel d'automatisation","item":"https:\/\/www.eurotherm.com\/fr\/eurotherm-products\/systeme-de-controle\/materiel-dautomatisation\/"},{"@type":"ListItem","position":5,"name":"Superviseurs Visuels Eycon 10 &#038; Eycon 20"}]},{"@type":"WebSite","@id":"https:\/\/www.eurotherm.com\/fr\/#website","url":"https:\/\/www.eurotherm.com\/fr\/","name":"Eurotherm Limited","description":"Temperature Control, Process Control, Measurement and Data Recording Solutions","potentialAction":[{"@type":"SearchAction","target":{"@type":"EntryPoint","urlTemplate":"https:\/\/www.eurotherm.com\/fr\/?s={search_term_string}"},"query-input":{"@type":"PropertyValueSpecification","valueRequired":true,"valueName":"search_term_string"}}],"inLanguage":"fr-FR"}]}},"ACF":{"product_file":[27454,28207,27990,27936,28185,27942,27866,27943,27939,29210,27898,27473,27809,27814,27804,27813,27953,27810,27806,27807,27932,27812,27811,27808,29290,27805,105978,114738,137178,139289,147319,149370],"product_status":"Active Product","enable_watlow_configurator":true,"watlow_product_type":"Multiple","watlow_configurator_links":[{"watlow_name":"Eycon 10: 5.5\" 1\/4 VGA Display","watlow_link":"https:\/\/www.watlow.com\/Products\/Controllers\/Eurotherm\/Eycon-10-20-Visual-Supervisor?econfig=EYCON-10"},{"watlow_name":"Eycon 20: 12.1\" XGA Display","watlow_link":"https:\/\/www.watlow.com\/Products\/Controllers\/Eurotherm\/Eycon-10-20-Visual-Supervisor?econfig=EYCON-20"}]},"jetpack_sharing_enabled":true,"_links":{"self":[{"href":"https:\/\/www.eurotherm.com\/fr\/wp-json\/wp\/v2\/product\/22166","targetHints":{"allow":["GET"]}}],"collection":[{"href":"https:\/\/www.eurotherm.com\/fr\/wp-json\/wp\/v2\/product"}],"about":[{"href":"https:\/\/www.eurotherm.com\/fr\/wp-json\/wp\/v2\/types\/product"}],"wp:featuredmedia":[{"embeddable":true,"href":"https:\/\/www.eurotherm.com\/fr\/wp-json\/wp\/v2\/media\/7476"}],"wp:attachment":[{"href":"https:\/\/www.eurotherm.com\/fr\/wp-json\/wp\/v2\/media?parent=22166"}],"wp:term":[{"taxonomy":"product_brand","embeddable":true,"href":"https:\/\/www.eurotherm.com\/fr\/wp-json\/wp\/v2\/product_brand?post=22166"},{"taxonomy":"product_cat","embeddable":true,"href":"https:\/\/www.eurotherm.com\/fr\/wp-json\/wp\/v2\/product_cat?post=22166"},{"taxonomy":"product_tag","embeddable":true,"href":"https:\/\/www.eurotherm.com\/fr\/wp-json\/wp\/v2\/product_tag?post=22166"}],"curies":[{"name":"wp","href":"https:\/\/api.w.org\/{rel}","templated":true}]}}