{"id":22162,"date":"2018-10-15T08:52:45","date_gmt":"2018-10-15T08:52:45","guid":{"rendered":"https:\/\/www.eurotherm.com\/product\/operations-server-et-viewer\/"},"modified":"2025-05-14T00:19:57","modified_gmt":"2025-05-13T16:19:57","slug":"operation-server-and-viewer","status":"publish","type":"product","link":"https:\/\/www.eurotherm.com\/fr\/products\/systeme-de-controle\/solutions-logicielles\/operation-server-and-viewer\/","title":{"rendered":"Operations Server et Viewer"},"content":{"rendered":"<h3>Operations Server<\/h3>\n<p>Operations Server est une application de visualisation sophistiqu\u00e9e Wonderware InTouch. Il assure la connectivit\u00e9 du serveur avec le r\u00e9seau de contr\u00f4le Eurotherm. Gr\u00e2ce \u00e0 la technologie logicielle de Wonderware, les applications peuvent \u00eatre distribu\u00e9es sur diff\u00e9rents secteurs g\u00e9ographiques et organisationnels.<\/p>\n<p>&nbsp;<\/p>\n<h3>Serveur d&rsquo;E\/S haute performance<\/h3>\n<p>L&rsquo;acc\u00e8s \u00e0 toutes les donn\u00e9es de contr\u00f4le est disponible via le serveur d&rsquo;E\/S SuiteLink. Des donn\u00e9es optionnelles sont \u00e9galement disponibles via OPC et DDE. Toutes les donn\u00e9es des blocs sont accessibles selon la licence logicielle.<\/p>\n<p>&nbsp;<\/p>\n<h3>Gestionnaire d&rsquo;alarmes<\/h3>\n<p>Un gestionnaire d&rsquo;alarmes contr\u00f4le la distribution de toutes les alarmes issues de blocs. Celles-ci sont visualis\u00e9es sous forme de bandeau, page sommaire et historique.<\/p>\n<p>La gestion de la redondance est assur\u00e9e de mani\u00e8re intrins\u00e8que, des \u00e9crans de diagnostic sont int\u00e9gr\u00e9s.<\/p>\n<p>&nbsp;<\/p>\n<h3>Configuration<\/h3>\n<p>Toutes les donn\u00e9es de configuration et syst\u00e8me sont d\u00e9finies dans la base de donn\u00e9es du projet, ce qui \u00e9vite de dupliquer la configuration sur tous les n\u0153uds IHM.<\/p>\n<p>&nbsp;<\/p>\n<h3>Protocoles<\/h3>\n<p>LIN via ARCnet et Ethernet, serveur OPC, Modbus com, Modbus TCP.<\/p>\n<p>&nbsp;<\/p>\n<h3>Operations Viewer<\/h3>\n<p>Operations Viewer est une application IHM InTouch qui fournit des donn\u00e9es \u00e0 diff\u00e9rents services tels que l&rsquo;exploitation, l&rsquo;ing\u00e9nierie, la gestion de l&rsquo;usine et les activit\u00e9s de l&rsquo;entreprise.<br \/>\nLes outils de configuration permettent de g\u00e9n\u00e9rer automatiquement l&rsquo;application \u00e0 partir d&rsquo;une base de donn\u00e9es de projet centrale.<\/p>\n<p>Le logiciel Operations Viewer est con\u00e7u pour fournir les m\u00eames donn\u00e9es en temps r\u00e9el \u00e0 des personnes assurant des fonctions diff\u00e9rentes comme les op\u00e9rateurs, les ing\u00e9nieurs, les superviseurs et les directeurs, de fa\u00e7on rapide et utile. La structure d&rsquo;affichage simple d&#8217;emploi fournit une IHM rapide et intuitive qui consiste en une application client IHM InTouch standardis\u00e9e.<\/p>\n<p>&nbsp;<\/p>\n<p><strong>OPERATIONS SERVER:<\/strong><\/p>\n<ul>\n<li>Disponibilit\u00e9 g\u00e9n\u00e9rale au niveau syst\u00e8me<\/li>\n<li>Architecture client\/serveur avec des serveurs ma\u00eetres\/secours<\/li>\n<li>Environnement de d\u00e9veloppement int\u00e9gr\u00e9<\/li>\n<li>Connectivit\u00e9 ouverte au niveau E\/S et syst\u00e8me<\/li>\n<li>Comprend la fonctionnalit\u00e9<\/li>\n<li>\u00a0Serveur OPC<\/li>\n<li>Int\u00e9gration des alarmes<\/li>\n<li>Imprimantes d&rsquo;alarmes multiples<\/li>\n<li>Navigateur de rep\u00e8res<\/li>\n<\/ul>\n","protected":false},"excerpt":{"rendered":"<ul>\n<li>Contains latest Wonderware\u00ae InTouch\u00ae software<\/li>\n<li>Comprehensive user authorization and security available via Security Manager<\/li>\n<li>Supports Ethernet, ARCnet and serial connections<\/li>\n<li>Auditor features to meet 21 CFR Part 11<\/li>\n<\/ul>\n<p>Operations Server and Viewer structure is a client\/server architecture with specialised interfaces to provide fast and efficient alarm and realtime data transfer from control nodes to HMI screens. Operations Server provides direct connection to the control network supporting Ethernet TCP\/IP stack, ARCnet and serial connections. Control network protocol support includes Eurotherm LIN and Modbus.<\/p>\n","protected":false},"featured_media":16212,"template":"","meta":{"_acf_changed":false},"product_brand":[],"product_cat":[12170,1110,12191,12168],"product_tag":[],"class_list":{"0":"post-22162","1":"product","2":"type-product","3":"status-publish","4":"has-post-thumbnail","6":"product_cat-plc-and-pac-fr","7":"product_cat-produits","8":"product_cat-solutions-logicielles","9":"product_cat-systeme-de-controle","10":"product_shipping_class-1-fr","12":"first","13":"instock","14":"purchasable","15":"product-type-simple"},"acf":[],"yoast_head":"<!-- This site is optimized with the Yoast SEO plugin v27.2 - https:\/\/yoast.com\/product\/yoast-seo-wordpress\/ -->\n<title>Operations Server et Viewer | Eurotherm Limited<\/title>\n<meta name=\"description\" content=\"Operations Server et Viewer | Operations Server Operations Server est une application de visualisation sophistiqu\u00e9e Wonderware InTouch. Il assure la c\" \/>\n<meta name=\"robots\" content=\"index, follow, max-snippet:-1, max-image-preview:large, max-video-preview:-1\" \/>\n<meta property=\"og:locale\" content=\"fr_FR\" \/>\n<meta property=\"og:type\" content=\"article\" \/>\n<meta property=\"og:title\" content=\"Operations Server et Viewer | Eurotherm Limited\" \/>\n<meta property=\"og:description\" content=\"Operations Server et Viewer | Contains latest Wonderware\u00ae InTouch\u00ae software  Comprehensive user authorization and security available via Security Manager  Supports Ethernet, ARCnet and serial connections  Auditor features to meet 21 CFR Part 11  Operations Server and Viewer structure is a client\/server architecture with specialised interfaces to provide fast and efficient alarm and realtime data transfer from control nodes to HMI screens. Operations Server provides direct connection to the control network supporting Ethernet TCP\/IP stack, ARCnet and serial connections. Control network protocol support includes Eurotherm LIN and Modbus.\" \/>\n<meta property=\"og:url\" content=\"https:\/\/www.eurotherm.com\/fr\/products\/systeme-de-controle\/solutions-logicielles\/operation-server-and-viewer\/\" \/>\n<meta property=\"og:site_name\" content=\"Eurotherm Limited\" \/>\n<meta property=\"article:modified_time\" content=\"2025-05-13T16:19:57+00:00\" \/>\n<meta property=\"og:image\" content=\"https:\/\/www.eurotherm.com\/wp-content\/uploads\/2018\/10\/Operations_server.jpg\" \/>\n\t<meta property=\"og:image:width\" content=\"500\" \/>\n\t<meta property=\"og:image:height\" content=\"500\" \/>\n\t<meta property=\"og:image:type\" content=\"image\/jpeg\" \/>\n<meta name=\"twitter:card\" content=\"summary_large_image\" \/>\n<meta name=\"twitter:label1\" content=\"Dur\u00e9e de lecture estim\u00e9e\" \/>\n\t<meta name=\"twitter:data1\" content=\"2 minutes\" \/>\n<script type=\"application\/ld+json\" class=\"yoast-schema-graph\">{\"@context\":\"https:\/\/schema.org\",\"@graph\":[{\"@type\":\"WebPage\",\"@id\":\"https:\/\/www.eurotherm.com\/fr\/products\/systeme-de-controle\/solutions-logicielles\/operation-server-and-viewer\/\",\"url\":\"https:\/\/www.eurotherm.com\/fr\/products\/systeme-de-controle\/solutions-logicielles\/operation-server-and-viewer\/\",\"name\":\"Operations Server et Viewer | Eurotherm Limited\",\"isPartOf\":{\"@id\":\"https:\/\/www.eurotherm.com\/fr\/#website\"},\"primaryImageOfPage\":{\"@id\":\"https:\/\/www.eurotherm.com\/fr\/products\/systeme-de-controle\/solutions-logicielles\/operation-server-and-viewer\/#primaryimage\"},\"image\":{\"@id\":\"https:\/\/www.eurotherm.com\/fr\/products\/systeme-de-controle\/solutions-logicielles\/operation-server-and-viewer\/#primaryimage\"},\"thumbnailUrl\":\"https:\/\/www.eurotherm.com\/wp-content\/uploads\/2018\/10\/Operations_server.jpg\",\"datePublished\":\"2018-10-15T08:52:45+00:00\",\"dateModified\":\"2025-05-13T16:19:57+00:00\",\"description\":\"Operations Server et Viewer | Contains latest Wonderware\u00ae InTouch\u00ae software Comprehensive user authorization and security available via Security Manager Supports Ethernet, ARCnet and serial connections Auditor features to meet 21 CFR Part 11 Operations Server and Viewer structure is a client\/server architecture with specialised interfaces to provide fast and efficient alarm and realtime data transfer from control nodes to HMI screens. Operations Server provides direct connection to the control network supporting Ethernet TCP\/IP stack, ARCnet and serial connections. Control network protocol support includes Eurotherm LIN and Modbus.\",\"breadcrumb\":{\"@id\":\"https:\/\/www.eurotherm.com\/fr\/products\/systeme-de-controle\/solutions-logicielles\/operation-server-and-viewer\/#breadcrumb\"},\"inLanguage\":\"fr-FR\",\"potentialAction\":[{\"@type\":\"ReadAction\",\"target\":[\"https:\/\/www.eurotherm.com\/fr\/products\/systeme-de-controle\/solutions-logicielles\/operation-server-and-viewer\/\"]}]},{\"@type\":\"ImageObject\",\"inLanguage\":\"fr-FR\",\"@id\":\"https:\/\/www.eurotherm.com\/fr\/products\/systeme-de-controle\/solutions-logicielles\/operation-server-and-viewer\/#primaryimage\",\"url\":\"https:\/\/www.eurotherm.com\/wp-content\/uploads\/2018\/10\/Operations_server.jpg\",\"contentUrl\":\"https:\/\/www.eurotherm.com\/wp-content\/uploads\/2018\/10\/Operations_server.jpg\",\"width\":500,\"height\":500},{\"@type\":\"BreadcrumbList\",\"@id\":\"https:\/\/www.eurotherm.com\/fr\/products\/systeme-de-controle\/solutions-logicielles\/operation-server-and-viewer\/#breadcrumb\",\"itemListElement\":[{\"@type\":\"ListItem\",\"position\":1,\"name\":\"Home\",\"item\":\"https:\/\/www.eurotherm.com\/fr\/\"},{\"@type\":\"ListItem\",\"position\":2,\"name\":\"Product Catalogue\",\"item\":\"https:\/\/www.eurotherm.com\/fr\/product-catalogue\/\"},{\"@type\":\"ListItem\",\"position\":3,\"name\":\"Syst\u00e8me de Contr\u00f4le\",\"item\":\"https:\/\/www.eurotherm.com\/fr\/eurotherm-products\/systeme-de-controle\/\"},{\"@type\":\"ListItem\",\"position\":4,\"name\":\"Solutions logicielles\",\"item\":\"https:\/\/www.eurotherm.com\/fr\/eurotherm-products\/systeme-de-controle\/solutions-logicielles\/\"},{\"@type\":\"ListItem\",\"position\":5,\"name\":\"Operations Server et Viewer\"}]},{\"@type\":\"WebSite\",\"@id\":\"https:\/\/www.eurotherm.com\/fr\/#website\",\"url\":\"https:\/\/www.eurotherm.com\/fr\/\",\"name\":\"Eurotherm Limited\",\"description\":\"Temperature Control, Process Control, Measurement and Data Recording Solutions\",\"potentialAction\":[{\"@type\":\"SearchAction\",\"target\":{\"@type\":\"EntryPoint\",\"urlTemplate\":\"https:\/\/www.eurotherm.com\/fr\/?s={search_term_string}\"},\"query-input\":{\"@type\":\"PropertyValueSpecification\",\"valueRequired\":true,\"valueName\":\"search_term_string\"}}],\"inLanguage\":\"fr-FR\"}]}<\/script>\n<!-- \/ Yoast SEO plugin. -->","yoast_head_json":{"title":"Operations Server et Viewer | Eurotherm Limited","description":"Operations Server et Viewer | Operations Server Operations Server est une application de visualisation sophistiqu\u00e9e Wonderware InTouch. Il assure la c","robots":{"index":"index","follow":"follow","max-snippet":"max-snippet:-1","max-image-preview":"max-image-preview:large","max-video-preview":"max-video-preview:-1"},"og_locale":"fr_FR","og_type":"article","og_title":"Operations Server et Viewer | Eurotherm Limited","og_description":"Operations Server et Viewer | Contains latest Wonderware\u00ae InTouch\u00ae software  Comprehensive user authorization and security available via Security Manager  Supports Ethernet, ARCnet and serial connections  Auditor features to meet 21 CFR Part 11  Operations Server and Viewer structure is a client\/server architecture with specialised interfaces to provide fast and efficient alarm and realtime data transfer from control nodes to HMI screens. Operations Server provides direct connection to the control network supporting Ethernet TCP\/IP stack, ARCnet and serial connections. Control network protocol support includes Eurotherm LIN and Modbus.","og_url":"https:\/\/www.eurotherm.com\/fr\/products\/systeme-de-controle\/solutions-logicielles\/operation-server-and-viewer\/","og_site_name":"Eurotherm Limited","article_modified_time":"2025-05-13T16:19:57+00:00","og_image":[{"width":500,"height":500,"url":"https:\/\/www.eurotherm.com\/wp-content\/uploads\/2018\/10\/Operations_server.jpg","type":"image\/jpeg"}],"twitter_card":"summary_large_image","twitter_misc":{"Dur\u00e9e de lecture estim\u00e9e":"2 minutes"},"schema":{"@context":"https:\/\/schema.org","@graph":[{"@type":"WebPage","@id":"https:\/\/www.eurotherm.com\/fr\/products\/systeme-de-controle\/solutions-logicielles\/operation-server-and-viewer\/","url":"https:\/\/www.eurotherm.com\/fr\/products\/systeme-de-controle\/solutions-logicielles\/operation-server-and-viewer\/","name":"Operations Server et Viewer | Eurotherm Limited","isPartOf":{"@id":"https:\/\/www.eurotherm.com\/fr\/#website"},"primaryImageOfPage":{"@id":"https:\/\/www.eurotherm.com\/fr\/products\/systeme-de-controle\/solutions-logicielles\/operation-server-and-viewer\/#primaryimage"},"image":{"@id":"https:\/\/www.eurotherm.com\/fr\/products\/systeme-de-controle\/solutions-logicielles\/operation-server-and-viewer\/#primaryimage"},"thumbnailUrl":"https:\/\/www.eurotherm.com\/wp-content\/uploads\/2018\/10\/Operations_server.jpg","datePublished":"2018-10-15T08:52:45+00:00","dateModified":"2025-05-13T16:19:57+00:00","description":"Operations Server et Viewer | Contains latest Wonderware\u00ae InTouch\u00ae software Comprehensive user authorization and security available via Security Manager Supports Ethernet, ARCnet and serial connections Auditor features to meet 21 CFR Part 11 Operations Server and Viewer structure is a client\/server architecture with specialised interfaces to provide fast and efficient alarm and realtime data transfer from control nodes to HMI screens. Operations Server provides direct connection to the control network supporting Ethernet TCP\/IP stack, ARCnet and serial connections. Control network protocol support includes Eurotherm LIN and Modbus.","breadcrumb":{"@id":"https:\/\/www.eurotherm.com\/fr\/products\/systeme-de-controle\/solutions-logicielles\/operation-server-and-viewer\/#breadcrumb"},"inLanguage":"fr-FR","potentialAction":[{"@type":"ReadAction","target":["https:\/\/www.eurotherm.com\/fr\/products\/systeme-de-controle\/solutions-logicielles\/operation-server-and-viewer\/"]}]},{"@type":"ImageObject","inLanguage":"fr-FR","@id":"https:\/\/www.eurotherm.com\/fr\/products\/systeme-de-controle\/solutions-logicielles\/operation-server-and-viewer\/#primaryimage","url":"https:\/\/www.eurotherm.com\/wp-content\/uploads\/2018\/10\/Operations_server.jpg","contentUrl":"https:\/\/www.eurotherm.com\/wp-content\/uploads\/2018\/10\/Operations_server.jpg","width":500,"height":500},{"@type":"BreadcrumbList","@id":"https:\/\/www.eurotherm.com\/fr\/products\/systeme-de-controle\/solutions-logicielles\/operation-server-and-viewer\/#breadcrumb","itemListElement":[{"@type":"ListItem","position":1,"name":"Home","item":"https:\/\/www.eurotherm.com\/fr\/"},{"@type":"ListItem","position":2,"name":"Product Catalogue","item":"https:\/\/www.eurotherm.com\/fr\/product-catalogue\/"},{"@type":"ListItem","position":3,"name":"Syst\u00e8me de Contr\u00f4le","item":"https:\/\/www.eurotherm.com\/fr\/eurotherm-products\/systeme-de-controle\/"},{"@type":"ListItem","position":4,"name":"Solutions logicielles","item":"https:\/\/www.eurotherm.com\/fr\/eurotherm-products\/systeme-de-controle\/solutions-logicielles\/"},{"@type":"ListItem","position":5,"name":"Operations Server et Viewer"}]},{"@type":"WebSite","@id":"https:\/\/www.eurotherm.com\/fr\/#website","url":"https:\/\/www.eurotherm.com\/fr\/","name":"Eurotherm Limited","description":"Temperature Control, Process Control, Measurement and Data Recording Solutions","potentialAction":[{"@type":"SearchAction","target":{"@type":"EntryPoint","urlTemplate":"https:\/\/www.eurotherm.com\/fr\/?s={search_term_string}"},"query-input":{"@type":"PropertyValueSpecification","valueRequired":true,"valueName":"search_term_string"}}],"inLanguage":"fr-FR"}]}},"ACF":{"product_file":[27454,27990,28150,28206,27942,27866,27584,27747,27938,27497,29261,27736,28438,27987,27493,125596,28229,159690],"product_status":"Active Product","enable_watlow_configurator":false},"jetpack_sharing_enabled":true,"_links":{"self":[{"href":"https:\/\/www.eurotherm.com\/fr\/wp-json\/wp\/v2\/product\/22162","targetHints":{"allow":["GET"]}}],"collection":[{"href":"https:\/\/www.eurotherm.com\/fr\/wp-json\/wp\/v2\/product"}],"about":[{"href":"https:\/\/www.eurotherm.com\/fr\/wp-json\/wp\/v2\/types\/product"}],"wp:featuredmedia":[{"embeddable":true,"href":"https:\/\/www.eurotherm.com\/fr\/wp-json\/wp\/v2\/media\/16212"}],"wp:attachment":[{"href":"https:\/\/www.eurotherm.com\/fr\/wp-json\/wp\/v2\/media?parent=22162"}],"wp:term":[{"taxonomy":"product_brand","embeddable":true,"href":"https:\/\/www.eurotherm.com\/fr\/wp-json\/wp\/v2\/product_brand?post=22162"},{"taxonomy":"product_cat","embeddable":true,"href":"https:\/\/www.eurotherm.com\/fr\/wp-json\/wp\/v2\/product_cat?post=22162"},{"taxonomy":"product_tag","embeddable":true,"href":"https:\/\/www.eurotherm.com\/fr\/wp-json\/wp\/v2\/product_tag?post=22162"}],"curies":[{"name":"wp","href":"https:\/\/api.w.org\/{rel}","templated":true}]}}