{"id":22152,"date":"2018-10-15T08:50:47","date_gmt":"2018-10-15T08:50:47","guid":{"rendered":"https:\/\/www.eurotherm.com\/product\/modules-de-regulation-et-dapplications\/"},"modified":"2025-05-13T23:45:01","modified_gmt":"2025-05-13T15:45:01","slug":"control-and-application-modules","status":"publish","type":"product","link":"https:\/\/www.eurotherm.com\/fr\/products\/systeme-de-controle\/solutions-logicielles\/control-and-application-modules\/","title":{"rendered":"Modules de r\u00e9gulation et d&rsquo;applications"},"content":{"rendered":"<p>En fournissant les modules de r\u00e9gulation et d&rsquo;applications \u00e0 partir d&rsquo;une biblioth\u00e8que de blocs, nous facilitons la repr\u00e9sentation des appareils et des \u00e9quipements par des objets afin de:<\/p>\n<ul>\n<li>Simplifier l&rsquo;impl\u00e9mentation<\/li>\n<li>R\u00e9duire le temps de test<\/li>\n<li>Assurer une int\u00e9gration \u00e9troite au niveau de la station de travail<\/li>\n<\/ul>\n<p>A chaque module standard sont associ\u00e9s 3 vues diff\u00e9rentes sur la station de supervision : une vue simplifi\u00e9e, une vue d\u00e9taill\u00e9e et une repr\u00e9sentation graphique.<\/p>\n<p><strong>Les modules couvrent les \u00e9l\u00e9ments suivants:<\/strong><\/p>\n<ul>\n<li>Vannes<\/li>\n<li>Moteurs<\/li>\n<li>Pompes<\/li>\n<li>Stations manuelles<\/li>\n<li>Action<\/li>\n<li>Calculs de d\u00e9bit<\/li>\n<li>Densit\u00e9 gazeuse<\/li>\n<li>Contr\u00f4le de combustion selon une logique de limite crois\u00e9e<\/li>\n<li>Augmentation\/r\u00e9duction<\/li>\n<\/ul>\n","protected":false},"excerpt":{"rendered":"<ul>\n<li>Interface standard de station de supervision<\/li>\n<li>Blocs de biblioth\u00e8que standard<\/li>\n<li>Barre d&rsquo;outils op\u00e9rateur<\/li>\n<li>Affichage des points d&rsquo;ing\u00e9nierie<\/li>\n<\/ul>\n","protected":false},"featured_media":16198,"template":"","meta":{"_acf_changed":false},"product_brand":[],"product_cat":[12168,12191,12170,1110],"product_tag":[],"class_list":{"0":"post-22152","1":"product","2":"type-product","3":"status-publish","4":"has-post-thumbnail","6":"product_cat-systeme-de-controle","7":"product_cat-solutions-logicielles","8":"product_cat-plc-and-pac-fr","9":"product_cat-produits","10":"product_shipping_class-1-fr","12":"first","13":"instock","14":"purchasable","15":"product-type-simple"},"acf":[],"yoast_head":"<!-- This site is optimized with the Yoast SEO plugin v27.2 - https:\/\/yoast.com\/product\/yoast-seo-wordpress\/ -->\n<title>Modules de r\u00e9gulation et d&#039;applications | Eurotherm Limited<\/title>\n<meta name=\"description\" content=\"Modules de r\u00e9gulation et d&rsquo;applications | En fournissant les modules de r\u00e9gulation et d&#039;applications \u00e0 partir d&#039;une biblioth\u00e8que de blocs, nous facilitons\" \/>\n<meta name=\"robots\" content=\"index, follow, max-snippet:-1, max-image-preview:large, max-video-preview:-1\" \/>\n<meta property=\"og:locale\" content=\"fr_FR\" \/>\n<meta property=\"og:type\" content=\"article\" \/>\n<meta property=\"og:title\" content=\"Modules de r\u00e9gulation et d&#039;applications | Eurotherm Limited\" \/>\n<meta property=\"og:description\" content=\"Modules de r\u00e9gulation et d&#039;applications | Interface standard de station de supervision  Blocs de biblioth\u00e8que standard  Barre d&#039;outils op\u00e9rateur  Affichage des points d&#039;ing\u00e9nierie\" \/>\n<meta property=\"og:url\" content=\"https:\/\/www.eurotherm.com\/fr\/products\/systeme-de-controle\/solutions-logicielles\/control-and-application-modules\/\" \/>\n<meta property=\"og:site_name\" content=\"Eurotherm Limited\" \/>\n<meta property=\"article:modified_time\" content=\"2025-05-13T15:45:01+00:00\" \/>\n<meta property=\"og:image\" content=\"https:\/\/www.eurotherm.com\/wp-content\/uploads\/2018\/10\/OPC-Server.jpg\" \/>\n\t<meta property=\"og:image:width\" content=\"500\" \/>\n\t<meta property=\"og:image:height\" content=\"500\" \/>\n\t<meta property=\"og:image:type\" content=\"image\/jpeg\" \/>\n<meta name=\"twitter:card\" content=\"summary_large_image\" \/>\n<meta name=\"twitter:label1\" content=\"Dur\u00e9e de lecture estim\u00e9e\" \/>\n\t<meta name=\"twitter:data1\" content=\"1 minute\" \/>\n<script type=\"application\/ld+json\" class=\"yoast-schema-graph\">{\"@context\":\"https:\/\/schema.org\",\"@graph\":[{\"@type\":\"WebPage\",\"@id\":\"https:\/\/www.eurotherm.com\/fr\/products\/systeme-de-controle\/solutions-logicielles\/control-and-application-modules\/\",\"url\":\"https:\/\/www.eurotherm.com\/fr\/products\/systeme-de-controle\/solutions-logicielles\/control-and-application-modules\/\",\"name\":\"Modules de r\u00e9gulation et d'applications | Eurotherm Limited\",\"isPartOf\":{\"@id\":\"https:\/\/www.eurotherm.com\/fr\/#website\"},\"primaryImageOfPage\":{\"@id\":\"https:\/\/www.eurotherm.com\/fr\/products\/systeme-de-controle\/solutions-logicielles\/control-and-application-modules\/#primaryimage\"},\"image\":{\"@id\":\"https:\/\/www.eurotherm.com\/fr\/products\/systeme-de-controle\/solutions-logicielles\/control-and-application-modules\/#primaryimage\"},\"thumbnailUrl\":\"https:\/\/www.eurotherm.com\/wp-content\/uploads\/2018\/10\/OPC-Server.jpg\",\"datePublished\":\"2018-10-15T08:50:47+00:00\",\"dateModified\":\"2025-05-13T15:45:01+00:00\",\"description\":\"Modules de r\u00e9gulation et d'applications | Interface standard de station de supervision Blocs de biblioth\u00e8que standard Barre d'outils op\u00e9rateur Affichage des points d'ing\u00e9nierie\",\"breadcrumb\":{\"@id\":\"https:\/\/www.eurotherm.com\/fr\/products\/systeme-de-controle\/solutions-logicielles\/control-and-application-modules\/#breadcrumb\"},\"inLanguage\":\"fr-FR\",\"potentialAction\":[{\"@type\":\"ReadAction\",\"target\":[\"https:\/\/www.eurotherm.com\/fr\/products\/systeme-de-controle\/solutions-logicielles\/control-and-application-modules\/\"]}]},{\"@type\":\"ImageObject\",\"inLanguage\":\"fr-FR\",\"@id\":\"https:\/\/www.eurotherm.com\/fr\/products\/systeme-de-controle\/solutions-logicielles\/control-and-application-modules\/#primaryimage\",\"url\":\"https:\/\/www.eurotherm.com\/wp-content\/uploads\/2018\/10\/OPC-Server.jpg\",\"contentUrl\":\"https:\/\/www.eurotherm.com\/wp-content\/uploads\/2018\/10\/OPC-Server.jpg\",\"width\":500,\"height\":500},{\"@type\":\"BreadcrumbList\",\"@id\":\"https:\/\/www.eurotherm.com\/fr\/products\/systeme-de-controle\/solutions-logicielles\/control-and-application-modules\/#breadcrumb\",\"itemListElement\":[{\"@type\":\"ListItem\",\"position\":1,\"name\":\"Home\",\"item\":\"https:\/\/www.eurotherm.com\/fr\/\"},{\"@type\":\"ListItem\",\"position\":2,\"name\":\"Product Catalogue\",\"item\":\"https:\/\/www.eurotherm.com\/fr\/product-catalogue\/\"},{\"@type\":\"ListItem\",\"position\":3,\"name\":\"Syst\u00e8me de Contr\u00f4le\",\"item\":\"https:\/\/www.eurotherm.com\/fr\/eurotherm-products\/systeme-de-controle\/\"},{\"@type\":\"ListItem\",\"position\":4,\"name\":\"Solutions logicielles\",\"item\":\"https:\/\/www.eurotherm.com\/fr\/eurotherm-products\/systeme-de-controle\/solutions-logicielles\/\"},{\"@type\":\"ListItem\",\"position\":5,\"name\":\"Modules de r\u00e9gulation et d&#8217;applications\"}]},{\"@type\":\"WebSite\",\"@id\":\"https:\/\/www.eurotherm.com\/fr\/#website\",\"url\":\"https:\/\/www.eurotherm.com\/fr\/\",\"name\":\"Eurotherm Limited\",\"description\":\"Temperature Control, Process Control, Measurement and Data Recording Solutions\",\"potentialAction\":[{\"@type\":\"SearchAction\",\"target\":{\"@type\":\"EntryPoint\",\"urlTemplate\":\"https:\/\/www.eurotherm.com\/fr\/?s={search_term_string}\"},\"query-input\":{\"@type\":\"PropertyValueSpecification\",\"valueRequired\":true,\"valueName\":\"search_term_string\"}}],\"inLanguage\":\"fr-FR\"}]}<\/script>\n<!-- \/ Yoast SEO plugin. -->","yoast_head_json":{"title":"Modules de r\u00e9gulation et d'applications | Eurotherm Limited","description":"Modules de r\u00e9gulation et d&rsquo;applications | En fournissant les modules de r\u00e9gulation et d'applications \u00e0 partir d'une biblioth\u00e8que de blocs, nous facilitons","robots":{"index":"index","follow":"follow","max-snippet":"max-snippet:-1","max-image-preview":"max-image-preview:large","max-video-preview":"max-video-preview:-1"},"og_locale":"fr_FR","og_type":"article","og_title":"Modules de r\u00e9gulation et d'applications | Eurotherm Limited","og_description":"Modules de r\u00e9gulation et d'applications | Interface standard de station de supervision  Blocs de biblioth\u00e8que standard  Barre d'outils op\u00e9rateur  Affichage des points d'ing\u00e9nierie","og_url":"https:\/\/www.eurotherm.com\/fr\/products\/systeme-de-controle\/solutions-logicielles\/control-and-application-modules\/","og_site_name":"Eurotherm Limited","article_modified_time":"2025-05-13T15:45:01+00:00","og_image":[{"width":500,"height":500,"url":"https:\/\/www.eurotherm.com\/wp-content\/uploads\/2018\/10\/OPC-Server.jpg","type":"image\/jpeg"}],"twitter_card":"summary_large_image","twitter_misc":{"Dur\u00e9e de lecture estim\u00e9e":"1 minute"},"schema":{"@context":"https:\/\/schema.org","@graph":[{"@type":"WebPage","@id":"https:\/\/www.eurotherm.com\/fr\/products\/systeme-de-controle\/solutions-logicielles\/control-and-application-modules\/","url":"https:\/\/www.eurotherm.com\/fr\/products\/systeme-de-controle\/solutions-logicielles\/control-and-application-modules\/","name":"Modules de r\u00e9gulation et d'applications | Eurotherm Limited","isPartOf":{"@id":"https:\/\/www.eurotherm.com\/fr\/#website"},"primaryImageOfPage":{"@id":"https:\/\/www.eurotherm.com\/fr\/products\/systeme-de-controle\/solutions-logicielles\/control-and-application-modules\/#primaryimage"},"image":{"@id":"https:\/\/www.eurotherm.com\/fr\/products\/systeme-de-controle\/solutions-logicielles\/control-and-application-modules\/#primaryimage"},"thumbnailUrl":"https:\/\/www.eurotherm.com\/wp-content\/uploads\/2018\/10\/OPC-Server.jpg","datePublished":"2018-10-15T08:50:47+00:00","dateModified":"2025-05-13T15:45:01+00:00","description":"Modules de r\u00e9gulation et d'applications | Interface standard de station de supervision Blocs de biblioth\u00e8que standard Barre d'outils op\u00e9rateur Affichage des points d'ing\u00e9nierie","breadcrumb":{"@id":"https:\/\/www.eurotherm.com\/fr\/products\/systeme-de-controle\/solutions-logicielles\/control-and-application-modules\/#breadcrumb"},"inLanguage":"fr-FR","potentialAction":[{"@type":"ReadAction","target":["https:\/\/www.eurotherm.com\/fr\/products\/systeme-de-controle\/solutions-logicielles\/control-and-application-modules\/"]}]},{"@type":"ImageObject","inLanguage":"fr-FR","@id":"https:\/\/www.eurotherm.com\/fr\/products\/systeme-de-controle\/solutions-logicielles\/control-and-application-modules\/#primaryimage","url":"https:\/\/www.eurotherm.com\/wp-content\/uploads\/2018\/10\/OPC-Server.jpg","contentUrl":"https:\/\/www.eurotherm.com\/wp-content\/uploads\/2018\/10\/OPC-Server.jpg","width":500,"height":500},{"@type":"BreadcrumbList","@id":"https:\/\/www.eurotherm.com\/fr\/products\/systeme-de-controle\/solutions-logicielles\/control-and-application-modules\/#breadcrumb","itemListElement":[{"@type":"ListItem","position":1,"name":"Home","item":"https:\/\/www.eurotherm.com\/fr\/"},{"@type":"ListItem","position":2,"name":"Product Catalogue","item":"https:\/\/www.eurotherm.com\/fr\/product-catalogue\/"},{"@type":"ListItem","position":3,"name":"Syst\u00e8me de Contr\u00f4le","item":"https:\/\/www.eurotherm.com\/fr\/eurotherm-products\/systeme-de-controle\/"},{"@type":"ListItem","position":4,"name":"Solutions logicielles","item":"https:\/\/www.eurotherm.com\/fr\/eurotherm-products\/systeme-de-controle\/solutions-logicielles\/"},{"@type":"ListItem","position":5,"name":"Modules de r\u00e9gulation et d&#8217;applications"}]},{"@type":"WebSite","@id":"https:\/\/www.eurotherm.com\/fr\/#website","url":"https:\/\/www.eurotherm.com\/fr\/","name":"Eurotherm Limited","description":"Temperature Control, Process Control, Measurement and Data Recording Solutions","potentialAction":[{"@type":"SearchAction","target":{"@type":"EntryPoint","urlTemplate":"https:\/\/www.eurotherm.com\/fr\/?s={search_term_string}"},"query-input":{"@type":"PropertyValueSpecification","valueRequired":true,"valueName":"search_term_string"}}],"inLanguage":"fr-FR"}]}},"ACF":{"product_file":[27454,28207,27990,28206,27942,27866,27584,27938,27497,27480,27479,27478,27481,27501,27493,28229,159690],"product_status":"Active Product","enable_watlow_configurator":false},"jetpack_sharing_enabled":true,"_links":{"self":[{"href":"https:\/\/www.eurotherm.com\/fr\/wp-json\/wp\/v2\/product\/22152","targetHints":{"allow":["GET"]}}],"collection":[{"href":"https:\/\/www.eurotherm.com\/fr\/wp-json\/wp\/v2\/product"}],"about":[{"href":"https:\/\/www.eurotherm.com\/fr\/wp-json\/wp\/v2\/types\/product"}],"wp:featuredmedia":[{"embeddable":true,"href":"https:\/\/www.eurotherm.com\/fr\/wp-json\/wp\/v2\/media\/16198"}],"wp:attachment":[{"href":"https:\/\/www.eurotherm.com\/fr\/wp-json\/wp\/v2\/media?parent=22152"}],"wp:term":[{"taxonomy":"product_brand","embeddable":true,"href":"https:\/\/www.eurotherm.com\/fr\/wp-json\/wp\/v2\/product_brand?post=22152"},{"taxonomy":"product_cat","embeddable":true,"href":"https:\/\/www.eurotherm.com\/fr\/wp-json\/wp\/v2\/product_cat?post=22152"},{"taxonomy":"product_tag","embeddable":true,"href":"https:\/\/www.eurotherm.com\/fr\/wp-json\/wp\/v2\/product_tag?post=22152"}],"curies":[{"name":"wp","href":"https:\/\/api.w.org\/{rel}","templated":true}]}}