{"id":22141,"date":"2018-10-15T08:52:06","date_gmt":"2018-10-15T08:52:06","guid":{"rendered":"https:\/\/www.eurotherm.com\/product\/logiciel-information-manager\/"},"modified":"2025-05-13T23:54:41","modified_gmt":"2025-05-13T15:54:41","slug":"information-manager","status":"publish","type":"product","link":"https:\/\/www.eurotherm.com\/fr\/products\/systeme-de-controle\/solutions-logicielles\/information-manager\/","title":{"rendered":"Logiciel Information Manager"},"content":{"rendered":"<p>Information Manager assure la connectivit\u00e9 entre le r\u00e9seau de contr\u00f4le LIN (via ARCnet et Ethernet) et l&rsquo;environnement de l&rsquo;entreprise. Les syst\u00e8mes clients de l&rsquo;entreprise peuvent \u00eatre distribu\u00e9s sur plusieurs secteurs g\u00e9ographiques et organisationnels, tout en maintenant l&rsquo;acc\u00e8s \u00e0 n&rsquo;importe quelle valeur du proc\u00e9d\u00e9 via Operations Server ou Information Manager. Cette structure permet de distribuer les applications sur le r\u00e9seau et \u00e9limine le besoin de dupliquer des donn\u00e9es sur chaque n\u0153ud.<\/p>\n<p>Le gestionnaire Information Manager associe la puissance et la souplesse d&rsquo;une base de donn\u00e9es relationnelle \u00e0 la vitesse et la compression d&rsquo;un progiciel d&rsquo;historisation en temps r\u00e9el, et permet l&rsquo;int\u00e9gration entre les bureaux et les sites de production. Il comprend Microsoft SQL Server\u2122, qui fournit l&rsquo;acc\u00e8s universel aux donn\u00e9es, un moteur relationnel puissant et une int\u00e9gration \u00e9troite avec d&rsquo;autres applications Microsoft.<\/p>\n<p>Les ing\u00e9nieurs, les responsables maintenance et les op\u00e9rateurs peuvent afficher, analyser et pr\u00e9senter des informations temps r\u00e9el, les historiques et les alarmes, \u00e0 l&rsquo;aide des applications client ActiveFactory. D&rsquo;autres logiciels du commerce compatibles avec les interfaces SQL\/ODBC peuvent directement lire les donn\u00e9es \u00e0 partir de tables cr\u00e9\u00e9es \u00e0 l&rsquo;avance.<\/p>\n<p>La base de donn\u00e9es et les proc\u00e9dures enregistr\u00e9es sont automatiquement install\u00e9es, sans n\u00e9cessiter de connaissances pr\u00e9alables des bases de donn\u00e9es relationnelles ou de SQL. Information Manager propose de puissantes requ\u00eates pr\u00e9d\u00e9finies permettant aux utilisateurs de rechercher et de trouver des donn\u00e9es. Elles permettent de mieux comprendre les relations complexes et la corr\u00e9lation entre les installations physiques, les conditions de fabrication, les \u00e9v\u00e9nements du proc\u00e9d\u00e9, la qualit\u00e9 des produits et la rentabilit\u00e9 de la production.<\/p>\n<p><strong>CARACTERISTIQUES :<\/strong><\/p>\n<ul>\n<li>Fournit des informations en temps r\u00e9el et un historique des donn\u00e9es usine accessibles \u00e0 toute l&rsquo;entreprise<\/li>\n<li>Minimise l&rsquo;espace de stockage et contr\u00f4le le volume des donn\u00e9es extraites<\/li>\n<li>Le serveur int\u00e9gr\u00e9 Microsoft SQL Server\u2122 offre un acc\u00e8s standard via des requ\u00eates SQL<\/li>\n<li>Pilote d&rsquo;E\/S pour le protocole OPC et SuiteLink LIN avec s\u00e9curit\u00e9 int\u00e9gr\u00e9e du serveur<\/li>\n<li>Enti\u00e8rement int\u00e9gr\u00e9 avec la base de donn\u00e9es \u00a0Project Developer<\/li>\n<li>Int\u00e9gration avec la base de donn\u00e9es relationnelle des alarmes<\/li>\n<li>Comprend le serveur Wonderware\u00ae<\/li>\n<\/ul>\n","protected":false},"excerpt":{"rendered":"<p>Le gestionnaire d&rsquo;informations Information Manager assure la connectivit\u00e9 entre le r\u00e9seau de contr\u00f4le Eurotherm et l&rsquo;entreprise. En acc\u00e9dant directement aux donn\u00e9es, cet ensemble logiciel d&rsquo;historisation temps r\u00e9el :<\/p>\n<ul>\n<li>Collecte et enregistre toutes les donn\u00e9es de l&rsquo;usine en permanence<\/li>\n<li>Met les donn\u00e9es \u00e0 disposition de toute l&rsquo;organisation<\/li>\n<li>Utilise une base de donn\u00e9es relationnelle int\u00e9gr\u00e9e standard dans l&rsquo;industrie<\/li>\n<li>Comprend le logiciel Wonderware Historian (anciennement INSQL)<\/li>\n<li>Jusqu&rsquo;\u00e0 300 fois plus rapide que les bases de donn\u00e9es relationnelles conventionnelles tout en utilisant un espace de disque r\u00e9duit<\/li>\n<li>R\u00e9cup\u00e8re les donn\u00e9es des enregistreurs \u00e0 l&rsquo;aide du logiciel Review<\/li>\n<\/ul>\n","protected":false},"featured_media":16632,"template":"","meta":{"_acf_changed":false},"product_brand":[],"product_cat":[12170,1110,12191,12168],"product_tag":[],"class_list":{"0":"post-22141","1":"product","2":"type-product","3":"status-publish","4":"has-post-thumbnail","6":"product_cat-plc-and-pac-fr","7":"product_cat-produits","8":"product_cat-solutions-logicielles","9":"product_cat-systeme-de-controle","10":"product_shipping_class-1-fr","12":"first","13":"instock","14":"purchasable","15":"product-type-simple"},"acf":[],"yoast_head":"<!-- This site is optimized with the Yoast SEO plugin v27.5 - https:\/\/yoast.com\/product\/yoast-seo-wordpress\/ -->\n<title>Logiciel Information Manager | Eurotherm Limited<\/title>\n<meta name=\"description\" content=\"Logiciel Information Manager | Information Manager assure la connectivit\u00e9 entre le r\u00e9seau de contr\u00f4le LIN (via ARCnet et Ethernet) et l&#039;environnement de l&#039;entre\" \/>\n<meta name=\"robots\" content=\"index, follow, max-snippet:-1, max-image-preview:large, max-video-preview:-1\" \/>\n<meta property=\"og:locale\" content=\"fr_FR\" \/>\n<meta property=\"og:type\" content=\"article\" \/>\n<meta property=\"og:title\" content=\"Logiciel Information Manager | Eurotherm Limited\" \/>\n<meta property=\"og:description\" content=\"Logiciel Information Manager | Le gestionnaire d&#039;informations Information Manager assure la connectivit\u00e9 entre le r\u00e9seau de contr\u00f4le Eurotherm et l&#039;entreprise. En acc\u00e9dant directement aux donn\u00e9es, cet ensemble logiciel d&#039;historisation temps r\u00e9el :   Collecte et enregistre toutes les donn\u00e9es de l&#039;usine en permanence  Met les donn\u00e9es \u00e0 disposition de toute l&#039;organisation  Utilise une base de donn\u00e9es relationnelle int\u00e9gr\u00e9e standard dans l&#039;industrie  Comprend le logiciel Wonderware Historian (anciennement INSQL)  Jusqu&#039;\u00e0 300 fois plus rapide que les bases de donn\u00e9es relationnelles conventionnelles tout en utilisant un espace de disque r\u00e9duit  R\u00e9cup\u00e8re les donn\u00e9es des enregistreurs \u00e0 l&#039;aide du logiciel Review\" \/>\n<meta property=\"og:url\" content=\"https:\/\/www.eurotherm.com\/fr\/products\/systeme-de-controle\/solutions-logicielles\/information-manager\/\" \/>\n<meta property=\"og:site_name\" content=\"Eurotherm Limited\" \/>\n<meta property=\"article:modified_time\" content=\"2025-05-13T15:54:41+00:00\" \/>\n<meta property=\"og:image\" content=\"https:\/\/www.eurotherm.com\/wp-content\/uploads\/2018\/10\/Information_manager.jpg\" \/>\n\t<meta property=\"og:image:width\" content=\"500\" \/>\n\t<meta property=\"og:image:height\" content=\"500\" \/>\n\t<meta property=\"og:image:type\" content=\"image\/jpeg\" \/>\n<meta name=\"twitter:card\" content=\"summary_large_image\" \/>\n<meta name=\"twitter:label1\" content=\"Dur\u00e9e de lecture estim\u00e9e\" \/>\n\t<meta name=\"twitter:data1\" content=\"2 minutes\" \/>\n<script type=\"application\/ld+json\" class=\"yoast-schema-graph\">{\"@context\":\"https:\\\/\\\/schema.org\",\"@graph\":[{\"@type\":\"WebPage\",\"@id\":\"https:\\\/\\\/www.eurotherm.com\\\/fr\\\/products\\\/systeme-de-controle\\\/solutions-logicielles\\\/information-manager\\\/\",\"url\":\"https:\\\/\\\/www.eurotherm.com\\\/fr\\\/products\\\/systeme-de-controle\\\/solutions-logicielles\\\/information-manager\\\/\",\"name\":\"Logiciel Information Manager | Eurotherm Limited\",\"isPartOf\":{\"@id\":\"https:\\\/\\\/www.eurotherm.com\\\/fr\\\/#website\"},\"primaryImageOfPage\":{\"@id\":\"https:\\\/\\\/www.eurotherm.com\\\/fr\\\/products\\\/systeme-de-controle\\\/solutions-logicielles\\\/information-manager\\\/#primaryimage\"},\"image\":{\"@id\":\"https:\\\/\\\/www.eurotherm.com\\\/fr\\\/products\\\/systeme-de-controle\\\/solutions-logicielles\\\/information-manager\\\/#primaryimage\"},\"thumbnailUrl\":\"https:\\\/\\\/www.eurotherm.com\\\/wp-content\\\/uploads\\\/2018\\\/10\\\/Information_manager.jpg\",\"datePublished\":\"2018-10-15T08:52:06+00:00\",\"dateModified\":\"2025-05-13T15:54:41+00:00\",\"description\":\"Logiciel Information Manager | Le gestionnaire d'informations Information Manager assure la connectivit\u00e9 entre le r\u00e9seau de contr\u00f4le Eurotherm et l'entreprise. En acc\u00e9dant directement aux donn\u00e9es, cet ensemble logiciel d'historisation temps r\u00e9el : Collecte et enregistre toutes les donn\u00e9es de l'usine en permanence Met les donn\u00e9es \u00e0 disposition de toute l'organisation Utilise une base de donn\u00e9es relationnelle int\u00e9gr\u00e9e standard dans l'industrie Comprend le logiciel Wonderware Historian (anciennement INSQL) Jusqu'\u00e0 300 fois plus rapide que les bases de donn\u00e9es relationnelles conventionnelles tout en utilisant un espace de disque r\u00e9duit R\u00e9cup\u00e8re les donn\u00e9es des enregistreurs \u00e0 l'aide du logiciel Review\",\"breadcrumb\":{\"@id\":\"https:\\\/\\\/www.eurotherm.com\\\/fr\\\/products\\\/systeme-de-controle\\\/solutions-logicielles\\\/information-manager\\\/#breadcrumb\"},\"inLanguage\":\"fr-FR\",\"potentialAction\":[{\"@type\":\"ReadAction\",\"target\":[\"https:\\\/\\\/www.eurotherm.com\\\/fr\\\/products\\\/systeme-de-controle\\\/solutions-logicielles\\\/information-manager\\\/\"]}]},{\"@type\":\"ImageObject\",\"inLanguage\":\"fr-FR\",\"@id\":\"https:\\\/\\\/www.eurotherm.com\\\/fr\\\/products\\\/systeme-de-controle\\\/solutions-logicielles\\\/information-manager\\\/#primaryimage\",\"url\":\"https:\\\/\\\/www.eurotherm.com\\\/wp-content\\\/uploads\\\/2018\\\/10\\\/Information_manager.jpg\",\"contentUrl\":\"https:\\\/\\\/www.eurotherm.com\\\/wp-content\\\/uploads\\\/2018\\\/10\\\/Information_manager.jpg\",\"width\":500,\"height\":500},{\"@type\":\"BreadcrumbList\",\"@id\":\"https:\\\/\\\/www.eurotherm.com\\\/fr\\\/products\\\/systeme-de-controle\\\/solutions-logicielles\\\/information-manager\\\/#breadcrumb\",\"itemListElement\":[{\"@type\":\"ListItem\",\"position\":1,\"name\":\"Home\",\"item\":\"https:\\\/\\\/www.eurotherm.com\\\/fr\\\/\"},{\"@type\":\"ListItem\",\"position\":2,\"name\":\"Product Catalogue\",\"item\":\"https:\\\/\\\/www.eurotherm.com\\\/fr\\\/product-catalogue\\\/\"},{\"@type\":\"ListItem\",\"position\":3,\"name\":\"Syst\u00e8me de Contr\u00f4le\",\"item\":\"https:\\\/\\\/www.eurotherm.com\\\/fr\\\/eurotherm-products\\\/systeme-de-controle\\\/\"},{\"@type\":\"ListItem\",\"position\":4,\"name\":\"Solutions logicielles\",\"item\":\"https:\\\/\\\/www.eurotherm.com\\\/fr\\\/eurotherm-products\\\/systeme-de-controle\\\/solutions-logicielles\\\/\"},{\"@type\":\"ListItem\",\"position\":5,\"name\":\"Logiciel Information Manager\"}]},{\"@type\":\"WebSite\",\"@id\":\"https:\\\/\\\/www.eurotherm.com\\\/fr\\\/#website\",\"url\":\"https:\\\/\\\/www.eurotherm.com\\\/fr\\\/\",\"name\":\"Eurotherm Limited\",\"description\":\"Temperature Control, Process Control, Measurement and Data Recording Solutions\",\"potentialAction\":[{\"@type\":\"SearchAction\",\"target\":{\"@type\":\"EntryPoint\",\"urlTemplate\":\"https:\\\/\\\/www.eurotherm.com\\\/fr\\\/?s={search_term_string}\"},\"query-input\":{\"@type\":\"PropertyValueSpecification\",\"valueRequired\":true,\"valueName\":\"search_term_string\"}}],\"inLanguage\":\"fr-FR\"}]}<\/script>\n<!-- \/ Yoast SEO plugin. -->","yoast_head_json":{"title":"Logiciel Information Manager | Eurotherm Limited","description":"Logiciel Information Manager | Information Manager assure la connectivit\u00e9 entre le r\u00e9seau de contr\u00f4le LIN (via ARCnet et Ethernet) et l'environnement de l'entre","robots":{"index":"index","follow":"follow","max-snippet":"max-snippet:-1","max-image-preview":"max-image-preview:large","max-video-preview":"max-video-preview:-1"},"og_locale":"fr_FR","og_type":"article","og_title":"Logiciel Information Manager | Eurotherm Limited","og_description":"Logiciel Information Manager | Le gestionnaire d'informations Information Manager assure la connectivit\u00e9 entre le r\u00e9seau de contr\u00f4le Eurotherm et l'entreprise. En acc\u00e9dant directement aux donn\u00e9es, cet ensemble logiciel d'historisation temps r\u00e9el :   Collecte et enregistre toutes les donn\u00e9es de l'usine en permanence  Met les donn\u00e9es \u00e0 disposition de toute l'organisation  Utilise une base de donn\u00e9es relationnelle int\u00e9gr\u00e9e standard dans l'industrie  Comprend le logiciel Wonderware Historian (anciennement INSQL)  Jusqu'\u00e0 300 fois plus rapide que les bases de donn\u00e9es relationnelles conventionnelles tout en utilisant un espace de disque r\u00e9duit  R\u00e9cup\u00e8re les donn\u00e9es des enregistreurs \u00e0 l'aide du logiciel Review","og_url":"https:\/\/www.eurotherm.com\/fr\/products\/systeme-de-controle\/solutions-logicielles\/information-manager\/","og_site_name":"Eurotherm Limited","article_modified_time":"2025-05-13T15:54:41+00:00","og_image":[{"width":500,"height":500,"url":"https:\/\/www.eurotherm.com\/wp-content\/uploads\/2018\/10\/Information_manager.jpg","type":"image\/jpeg"}],"twitter_card":"summary_large_image","twitter_misc":{"Dur\u00e9e de lecture estim\u00e9e":"2 minutes"},"schema":{"@context":"https:\/\/schema.org","@graph":[{"@type":"WebPage","@id":"https:\/\/www.eurotherm.com\/fr\/products\/systeme-de-controle\/solutions-logicielles\/information-manager\/","url":"https:\/\/www.eurotherm.com\/fr\/products\/systeme-de-controle\/solutions-logicielles\/information-manager\/","name":"Logiciel Information Manager | Eurotherm Limited","isPartOf":{"@id":"https:\/\/www.eurotherm.com\/fr\/#website"},"primaryImageOfPage":{"@id":"https:\/\/www.eurotherm.com\/fr\/products\/systeme-de-controle\/solutions-logicielles\/information-manager\/#primaryimage"},"image":{"@id":"https:\/\/www.eurotherm.com\/fr\/products\/systeme-de-controle\/solutions-logicielles\/information-manager\/#primaryimage"},"thumbnailUrl":"https:\/\/www.eurotherm.com\/wp-content\/uploads\/2018\/10\/Information_manager.jpg","datePublished":"2018-10-15T08:52:06+00:00","dateModified":"2025-05-13T15:54:41+00:00","description":"Logiciel Information Manager | Le gestionnaire d'informations Information Manager assure la connectivit\u00e9 entre le r\u00e9seau de contr\u00f4le Eurotherm et l'entreprise. En acc\u00e9dant directement aux donn\u00e9es, cet ensemble logiciel d'historisation temps r\u00e9el : Collecte et enregistre toutes les donn\u00e9es de l'usine en permanence Met les donn\u00e9es \u00e0 disposition de toute l'organisation Utilise une base de donn\u00e9es relationnelle int\u00e9gr\u00e9e standard dans l'industrie Comprend le logiciel Wonderware Historian (anciennement INSQL) Jusqu'\u00e0 300 fois plus rapide que les bases de donn\u00e9es relationnelles conventionnelles tout en utilisant un espace de disque r\u00e9duit R\u00e9cup\u00e8re les donn\u00e9es des enregistreurs \u00e0 l'aide du logiciel Review","breadcrumb":{"@id":"https:\/\/www.eurotherm.com\/fr\/products\/systeme-de-controle\/solutions-logicielles\/information-manager\/#breadcrumb"},"inLanguage":"fr-FR","potentialAction":[{"@type":"ReadAction","target":["https:\/\/www.eurotherm.com\/fr\/products\/systeme-de-controle\/solutions-logicielles\/information-manager\/"]}]},{"@type":"ImageObject","inLanguage":"fr-FR","@id":"https:\/\/www.eurotherm.com\/fr\/products\/systeme-de-controle\/solutions-logicielles\/information-manager\/#primaryimage","url":"https:\/\/www.eurotherm.com\/wp-content\/uploads\/2018\/10\/Information_manager.jpg","contentUrl":"https:\/\/www.eurotherm.com\/wp-content\/uploads\/2018\/10\/Information_manager.jpg","width":500,"height":500},{"@type":"BreadcrumbList","@id":"https:\/\/www.eurotherm.com\/fr\/products\/systeme-de-controle\/solutions-logicielles\/information-manager\/#breadcrumb","itemListElement":[{"@type":"ListItem","position":1,"name":"Home","item":"https:\/\/www.eurotherm.com\/fr\/"},{"@type":"ListItem","position":2,"name":"Product Catalogue","item":"https:\/\/www.eurotherm.com\/fr\/product-catalogue\/"},{"@type":"ListItem","position":3,"name":"Syst\u00e8me de Contr\u00f4le","item":"https:\/\/www.eurotherm.com\/fr\/eurotherm-products\/systeme-de-controle\/"},{"@type":"ListItem","position":4,"name":"Solutions logicielles","item":"https:\/\/www.eurotherm.com\/fr\/eurotherm-products\/systeme-de-controle\/solutions-logicielles\/"},{"@type":"ListItem","position":5,"name":"Logiciel Information Manager"}]},{"@type":"WebSite","@id":"https:\/\/www.eurotherm.com\/fr\/#website","url":"https:\/\/www.eurotherm.com\/fr\/","name":"Eurotherm Limited","description":"Temperature Control, Process Control, Measurement and Data Recording Solutions","potentialAction":[{"@type":"SearchAction","target":{"@type":"EntryPoint","urlTemplate":"https:\/\/www.eurotherm.com\/fr\/?s={search_term_string}"},"query-input":{"@type":"PropertyValueSpecification","valueRequired":true,"valueName":"search_term_string"}}],"inLanguage":"fr-FR"}]}},"ACF":{"product_file":[27454,27942,27866,27735,27584,27746,27938,27497,27734,27501,27749,27493,125596,159690],"product_status":"Active Product","enable_watlow_configurator":false},"jetpack_sharing_enabled":true,"_links":{"self":[{"href":"https:\/\/www.eurotherm.com\/fr\/wp-json\/wp\/v2\/product\/22141","targetHints":{"allow":["GET"]}}],"collection":[{"href":"https:\/\/www.eurotherm.com\/fr\/wp-json\/wp\/v2\/product"}],"about":[{"href":"https:\/\/www.eurotherm.com\/fr\/wp-json\/wp\/v2\/types\/product"}],"wp:featuredmedia":[{"embeddable":true,"href":"https:\/\/www.eurotherm.com\/fr\/wp-json\/wp\/v2\/media\/16632"}],"wp:attachment":[{"href":"https:\/\/www.eurotherm.com\/fr\/wp-json\/wp\/v2\/media?parent=22141"}],"wp:term":[{"taxonomy":"product_brand","embeddable":true,"href":"https:\/\/www.eurotherm.com\/fr\/wp-json\/wp\/v2\/product_brand?post=22141"},{"taxonomy":"product_cat","embeddable":true,"href":"https:\/\/www.eurotherm.com\/fr\/wp-json\/wp\/v2\/product_cat?post=22141"},{"taxonomy":"product_tag","embeddable":true,"href":"https:\/\/www.eurotherm.com\/fr\/wp-json\/wp\/v2\/product_tag?post=22141"}],"curies":[{"name":"wp","href":"https:\/\/api.w.org\/{rel}","templated":true}]}}