{"id":22134,"date":"2018-10-15T08:46:55","date_gmt":"2018-10-16T11:47:04","guid":{"rendered":"https:\/\/www.eurotherm.com\/product\/indicateur-et-unite-dalarme-2408i\/"},"modified":"2022-08-01T19:00:58","modified_gmt":"2022-08-01T11:00:58","slug":"indicateur-et-unite-dalarme-2408i","status":"publish","type":"product","link":"https:\/\/www.eurotherm.com\/fr\/products\/regulateur-pid-indicateurs-unites-alarme\/indicateurs\/indicateur-et-unite-dalarme-2408i\/","title":{"rendered":"Indicateur et unit\u00e9 d&rsquo;alarme 2408i"},"content":{"rendered":"<ul>\n<li>Grand afficheur \u00e0 5 chiffres offrant une excellente visibilit\u00e9<\/li>\n<li>D\u00e9passement des limites de temp\u00e9rature du four<\/li>\n<li>Indication et alarme pour la pression mati\u00e8re en extrusion<\/li>\n<li>Communications Bus de terrain pour l&rsquo;int\u00e9gration syst\u00e8me<\/li>\n<li>Une deuxi\u00e8me entr\u00e9e de proc\u00e9d\u00e9 offre des strat\u00e9gies d&rsquo;alarme suppl\u00e9mentaires<\/li>\n<li>Construction modulaire pour une meilleure flexibilit\u00e9 d&rsquo;E\/S<\/li>\n<\/ul>\n<p>Le 2408i vous donne des indications pr\u00e9cises et g\u00e9n\u00e8re des alarmes sur les mesures de temp\u00e9rature et du proc\u00e9d\u00e9. Des interverrouillages avec le proc\u00e9d\u00e9, en cas de d\u00e9passement des limites de temp\u00e9rature du four, sont impl\u00e9ment\u00e9s \u00e0 l&rsquo;aide de sorties relais.<\/p>\n<p>Une entr\u00e9e universelle permet de choisir parmi neuf types de capteurs stock\u00e9s en interne. Les entr\u00e9es lin\u00e9aires sont mises \u00e0 l&rsquo;\u00e9chelle en fonction de l&rsquo;affichage souhait\u00e9. D&rsquo;autres lin\u00e9arisations d&rsquo;entr\u00e9e peuvent \u00eatre t\u00e9l\u00e9charg\u00e9es au moment de la commande ou en utilisant iTools. Une lin\u00e9arisation quinze points peut \u00eatre utilis\u00e9e pour fournir une indication pr\u00e9cise des signaux non standard.<\/p>\n<p>Son large afficheur de 5 chiffres, disponible en rouge ou en vert, pr\u00e9sente clairement la valeur du proc\u00e9d\u00e9. Une seconde entr\u00e9e de proc\u00e9d\u00e9 en option permet d&rsquo;afficher la moyenne, la diff\u00e9rence, la valeur mini ou maxi des deux valeurs et peut \u00eatre associ\u00e9e \u00e0 une alarme.<\/p>\n<p>Jusqu&rsquo;\u00e0 trois modules d&rsquo;E\/S parmi un choix total de neuf, dont des modules de sorties relais, logiques, analogiques et des modules d&rsquo;alimentation capteurs ou pont de jauge, peuvent \u00eatre install\u00e9s et offrir ainsi une excellente flexibilit\u00e9 pour un large \u00e9ventail d&rsquo;applications.<\/p>\n<p>L&rsquo;int\u00e9gration syst\u00e8me peut s&rsquo;effectuer \u00e0 l&rsquo;aide de retransmission analogique traditionnelle ou de communications num\u00e9riques. 2408i fonctionne avec le protocole Modbus sous ses deux formats s\u00e9rie et Ethernet, et aussi avec Devicenet et Profibus DP.<\/p>\n<p><strong>IDEAL POUR :<\/strong><\/p>\n<ul>\n<li>Indications de temp\u00e9rature et de proc\u00e9d\u00e9<\/li>\n<li>Protection de proc\u00e9d\u00e9<\/li>\n<li>D\u00e9passement de temp\u00e9rature du four<\/li>\n<li>Pression mati\u00e8re en extrusion<\/li>\n<li>Plateformes de pes\u00e9e<\/li>\n<\/ul>\n<p><strong>CARACTERISTIQUES :\u00a0<\/strong><\/p>\n<ul>\n<li>Entr\u00e9e universelle<\/li>\n<li>Entr\u00e9e de jauge de contrainte<\/li>\n<li>Affichage rouge ou vert<\/li>\n<li>Retransmission de mesure<\/li>\n<li>Communication s\u00e9rie Modbus\u2122<\/li>\n<li>Profibus<\/li>\n<\/ul>\n","protected":false},"excerpt":{"rendered":"<h2>Indicateur et unit\u00e9 d&rsquo;alarme 2408i<\/h2>\n<p>Le 2408i vous donne des indications pr\u00e9cises et g\u00e9n\u00e8re des alarmes sur les mesures de temp\u00e9rature et du proc\u00e9d\u00e9. Des interverrouillages avec le proc\u00e9d\u00e9, en cas de d\u00e9passement des limites de temp\u00e9rature du four, sont impl\u00e9ment\u00e9s \u00e0 l&rsquo;aide de sorties relais.<\/p>\n<p><strong>Arr\u00eat de la commercialisation:<\/strong> septembre 2022<br \/>\n<strong>Fin du support:<\/strong> septembre 2027<\/p>\n<p>Pour d\u00e9couvrir l&rsquo;alternative que nous reccommandons, 3200i, veuillez cliquer <a href=\"\/products\/temperature-controllers\/indicator-and-alarm-units\/3200i-indicator-and-alarm-unit\/\">ici<\/a>.<\/p>\n","protected":false},"featured_media":9296,"template":"","meta":{"_acf_changed":false},"product_brand":[],"product_cat":[12197,12193],"product_tag":[],"class_list":{"0":"post-22134","1":"product","2":"type-product","3":"status-publish","4":"has-post-thumbnail","6":"product_cat-regulateur-pid-indicateurs-unites-alarme","7":"product_cat-indicateurs","8":"product_shipping_class-1-fr","10":"first","11":"instock","12":"purchasable","13":"product-type-simple"},"acf":[],"yoast_head":"<!-- This site is optimized with the Yoast SEO plugin v27.2 - https:\/\/yoast.com\/product\/yoast-seo-wordpress\/ -->\n<title>Indicateur et unit\u00e9 d&#039;alarme 2408i | Eurotherm Limited<\/title>\n<meta name=\"description\" content=\"Indicateur et unit\u00e9 d&rsquo;alarme 2408i | Grand afficheur \u00e0 5 chiffres offrant une excellente visibilit\u00e9 D\u00e9passement des limites de tem\" \/>\n<meta name=\"robots\" content=\"index, follow, max-snippet:-1, max-image-preview:large, max-video-preview:-1\" \/>\n<meta property=\"og:locale\" content=\"fr_FR\" \/>\n<meta property=\"og:type\" content=\"article\" \/>\n<meta property=\"og:title\" content=\"Indicateur et unit\u00e9 d&#039;alarme 2408i | Eurotherm Limited\" \/>\n<meta property=\"og:description\" content=\"Indicateur et unit\u00e9 d&#039;alarme 2408i | Indicateur et unit\u00e9 d&#039;alarme 2408i Le 2408i vous donne des indications pr\u00e9cises et g\u00e9n\u00e8re des alarmes sur les mesures de temp\u00e9rature et du proc\u00e9d\u00e9. Des interverrouillages avec le proc\u00e9d\u00e9, en cas de d\u00e9passement des limites de temp\u00e9rature du four, sont impl\u00e9ment\u00e9s \u00e0 l&#039;aide de sorties relais.  Arr\u00eat de la commercialisation: septembre 2022 Fin du support: septembre 2027  Pour d\u00e9couvrir l&#039;alternative que nous reccommandons, 3200i, veuillez cliquer ici.\" \/>\n<meta property=\"og:url\" content=\"https:\/\/www.eurotherm.com\/fr\/products\/regulateur-pid-indicateurs-unites-alarme\/indicateurs\/indicateur-et-unite-dalarme-2408i\/\" \/>\n<meta property=\"og:site_name\" content=\"Eurotherm Limited\" \/>\n<meta property=\"article:modified_time\" content=\"2022-08-01T11:00:58+00:00\" \/>\n<meta property=\"og:image\" content=\"https:\/\/www.eurotherm.com\/wp-content\/uploads\/2018\/10\/2408i.jpg\" \/>\n\t<meta property=\"og:image:width\" content=\"500\" \/>\n\t<meta property=\"og:image:height\" content=\"500\" \/>\n\t<meta property=\"og:image:type\" content=\"image\/jpeg\" \/>\n<meta name=\"twitter:card\" content=\"summary_large_image\" \/>\n<meta name=\"twitter:label1\" content=\"Dur\u00e9e de lecture estim\u00e9e\" \/>\n\t<meta name=\"twitter:data1\" content=\"2 minutes\" \/>\n<script type=\"application\/ld+json\" class=\"yoast-schema-graph\">{\"@context\":\"https:\/\/schema.org\",\"@graph\":[{\"@type\":\"WebPage\",\"@id\":\"https:\/\/www.eurotherm.com\/fr\/products\/regulateur-pid-indicateurs-unites-alarme\/indicateurs\/indicateur-et-unite-dalarme-2408i\/\",\"url\":\"https:\/\/www.eurotherm.com\/fr\/products\/regulateur-pid-indicateurs-unites-alarme\/indicateurs\/indicateur-et-unite-dalarme-2408i\/\",\"name\":\"Indicateur et unit\u00e9 d'alarme 2408i | Eurotherm Limited\",\"isPartOf\":{\"@id\":\"https:\/\/www.eurotherm.com\/fr\/#website\"},\"primaryImageOfPage\":{\"@id\":\"https:\/\/www.eurotherm.com\/fr\/products\/regulateur-pid-indicateurs-unites-alarme\/indicateurs\/indicateur-et-unite-dalarme-2408i\/#primaryimage\"},\"image\":{\"@id\":\"https:\/\/www.eurotherm.com\/fr\/products\/regulateur-pid-indicateurs-unites-alarme\/indicateurs\/indicateur-et-unite-dalarme-2408i\/#primaryimage\"},\"thumbnailUrl\":\"https:\/\/www.eurotherm.com\/wp-content\/uploads\/2018\/10\/2408i.jpg\",\"datePublished\":\"2018-10-16T11:47:04+00:00\",\"dateModified\":\"2022-08-01T11:00:58+00:00\",\"description\":\"Indicateur et unit\u00e9 d'alarme 2408i | Indicateur et unit\u00e9 d'alarme 2408i Le 2408i vous donne des indications pr\u00e9cises et g\u00e9n\u00e8re des alarmes sur les mesures de temp\u00e9rature et du proc\u00e9d\u00e9. Des interverrouillages avec le proc\u00e9d\u00e9, en cas de d\u00e9passement des limites de temp\u00e9rature du four, sont impl\u00e9ment\u00e9s \u00e0 l'aide de sorties relais. Arr\u00eat de la commercialisation: septembre 2022 Fin du support: septembre 2027 Pour d\u00e9couvrir l'alternative que nous reccommandons, 3200i, veuillez cliquer ici.\",\"breadcrumb\":{\"@id\":\"https:\/\/www.eurotherm.com\/fr\/products\/regulateur-pid-indicateurs-unites-alarme\/indicateurs\/indicateur-et-unite-dalarme-2408i\/#breadcrumb\"},\"inLanguage\":\"fr-FR\",\"potentialAction\":[{\"@type\":\"ReadAction\",\"target\":[\"https:\/\/www.eurotherm.com\/fr\/products\/regulateur-pid-indicateurs-unites-alarme\/indicateurs\/indicateur-et-unite-dalarme-2408i\/\"]}]},{\"@type\":\"ImageObject\",\"inLanguage\":\"fr-FR\",\"@id\":\"https:\/\/www.eurotherm.com\/fr\/products\/regulateur-pid-indicateurs-unites-alarme\/indicateurs\/indicateur-et-unite-dalarme-2408i\/#primaryimage\",\"url\":\"https:\/\/www.eurotherm.com\/wp-content\/uploads\/2018\/10\/2408i.jpg\",\"contentUrl\":\"https:\/\/www.eurotherm.com\/wp-content\/uploads\/2018\/10\/2408i.jpg\",\"width\":500,\"height\":500},{\"@type\":\"BreadcrumbList\",\"@id\":\"https:\/\/www.eurotherm.com\/fr\/products\/regulateur-pid-indicateurs-unites-alarme\/indicateurs\/indicateur-et-unite-dalarme-2408i\/#breadcrumb\",\"itemListElement\":[{\"@type\":\"ListItem\",\"position\":1,\"name\":\"Home\",\"item\":\"https:\/\/www.eurotherm.com\/fr\/\"},{\"@type\":\"ListItem\",\"position\":2,\"name\":\"Product Catalogue\",\"item\":\"https:\/\/www.eurotherm.com\/fr\/product-catalogue\/\"},{\"@type\":\"ListItem\",\"position\":3,\"name\":\"R\u00e9gulateurs PID, indicateurs et unit\u00e9s d\u2019alarme\",\"item\":\"https:\/\/www.eurotherm.com\/fr\/eurotherm-products\/regulateur-pid-indicateurs-unites-alarme\/\"},{\"@type\":\"ListItem\",\"position\":4,\"name\":\"Indicateurs\",\"item\":\"https:\/\/www.eurotherm.com\/fr\/eurotherm-products\/regulateur-pid-indicateurs-unites-alarme\/indicateurs\/\"},{\"@type\":\"ListItem\",\"position\":5,\"name\":\"Indicateur et unit\u00e9 d&rsquo;alarme 2408i\"}]},{\"@type\":\"WebSite\",\"@id\":\"https:\/\/www.eurotherm.com\/fr\/#website\",\"url\":\"https:\/\/www.eurotherm.com\/fr\/\",\"name\":\"Eurotherm Limited\",\"description\":\"Temperature Control, Process Control, Measurement and Data Recording Solutions\",\"potentialAction\":[{\"@type\":\"SearchAction\",\"target\":{\"@type\":\"EntryPoint\",\"urlTemplate\":\"https:\/\/www.eurotherm.com\/fr\/?s={search_term_string}\"},\"query-input\":{\"@type\":\"PropertyValueSpecification\",\"valueRequired\":true,\"valueName\":\"search_term_string\"}}],\"inLanguage\":\"fr-FR\"}]}<\/script>\n<!-- \/ Yoast SEO plugin. -->","yoast_head_json":{"title":"Indicateur et unit\u00e9 d'alarme 2408i | Eurotherm Limited","description":"Indicateur et unit\u00e9 d&rsquo;alarme 2408i | Grand afficheur \u00e0 5 chiffres offrant une excellente visibilit\u00e9 D\u00e9passement des limites de tem","robots":{"index":"index","follow":"follow","max-snippet":"max-snippet:-1","max-image-preview":"max-image-preview:large","max-video-preview":"max-video-preview:-1"},"og_locale":"fr_FR","og_type":"article","og_title":"Indicateur et unit\u00e9 d'alarme 2408i | Eurotherm Limited","og_description":"Indicateur et unit\u00e9 d'alarme 2408i | Indicateur et unit\u00e9 d'alarme 2408i Le 2408i vous donne des indications pr\u00e9cises et g\u00e9n\u00e8re des alarmes sur les mesures de temp\u00e9rature et du proc\u00e9d\u00e9. Des interverrouillages avec le proc\u00e9d\u00e9, en cas de d\u00e9passement des limites de temp\u00e9rature du four, sont impl\u00e9ment\u00e9s \u00e0 l'aide de sorties relais.  Arr\u00eat de la commercialisation: septembre 2022 Fin du support: septembre 2027  Pour d\u00e9couvrir l'alternative que nous reccommandons, 3200i, veuillez cliquer ici.","og_url":"https:\/\/www.eurotherm.com\/fr\/products\/regulateur-pid-indicateurs-unites-alarme\/indicateurs\/indicateur-et-unite-dalarme-2408i\/","og_site_name":"Eurotherm Limited","article_modified_time":"2022-08-01T11:00:58+00:00","og_image":[{"width":500,"height":500,"url":"https:\/\/www.eurotherm.com\/wp-content\/uploads\/2018\/10\/2408i.jpg","type":"image\/jpeg"}],"twitter_card":"summary_large_image","twitter_misc":{"Dur\u00e9e de lecture estim\u00e9e":"2 minutes"},"schema":{"@context":"https:\/\/schema.org","@graph":[{"@type":"WebPage","@id":"https:\/\/www.eurotherm.com\/fr\/products\/regulateur-pid-indicateurs-unites-alarme\/indicateurs\/indicateur-et-unite-dalarme-2408i\/","url":"https:\/\/www.eurotherm.com\/fr\/products\/regulateur-pid-indicateurs-unites-alarme\/indicateurs\/indicateur-et-unite-dalarme-2408i\/","name":"Indicateur et unit\u00e9 d'alarme 2408i | Eurotherm Limited","isPartOf":{"@id":"https:\/\/www.eurotherm.com\/fr\/#website"},"primaryImageOfPage":{"@id":"https:\/\/www.eurotherm.com\/fr\/products\/regulateur-pid-indicateurs-unites-alarme\/indicateurs\/indicateur-et-unite-dalarme-2408i\/#primaryimage"},"image":{"@id":"https:\/\/www.eurotherm.com\/fr\/products\/regulateur-pid-indicateurs-unites-alarme\/indicateurs\/indicateur-et-unite-dalarme-2408i\/#primaryimage"},"thumbnailUrl":"https:\/\/www.eurotherm.com\/wp-content\/uploads\/2018\/10\/2408i.jpg","datePublished":"2018-10-16T11:47:04+00:00","dateModified":"2022-08-01T11:00:58+00:00","description":"Indicateur et unit\u00e9 d'alarme 2408i | Indicateur et unit\u00e9 d'alarme 2408i Le 2408i vous donne des indications pr\u00e9cises et g\u00e9n\u00e8re des alarmes sur les mesures de temp\u00e9rature et du proc\u00e9d\u00e9. Des interverrouillages avec le proc\u00e9d\u00e9, en cas de d\u00e9passement des limites de temp\u00e9rature du four, sont impl\u00e9ment\u00e9s \u00e0 l'aide de sorties relais. Arr\u00eat de la commercialisation: septembre 2022 Fin du support: septembre 2027 Pour d\u00e9couvrir l'alternative que nous reccommandons, 3200i, veuillez cliquer ici.","breadcrumb":{"@id":"https:\/\/www.eurotherm.com\/fr\/products\/regulateur-pid-indicateurs-unites-alarme\/indicateurs\/indicateur-et-unite-dalarme-2408i\/#breadcrumb"},"inLanguage":"fr-FR","potentialAction":[{"@type":"ReadAction","target":["https:\/\/www.eurotherm.com\/fr\/products\/regulateur-pid-indicateurs-unites-alarme\/indicateurs\/indicateur-et-unite-dalarme-2408i\/"]}]},{"@type":"ImageObject","inLanguage":"fr-FR","@id":"https:\/\/www.eurotherm.com\/fr\/products\/regulateur-pid-indicateurs-unites-alarme\/indicateurs\/indicateur-et-unite-dalarme-2408i\/#primaryimage","url":"https:\/\/www.eurotherm.com\/wp-content\/uploads\/2018\/10\/2408i.jpg","contentUrl":"https:\/\/www.eurotherm.com\/wp-content\/uploads\/2018\/10\/2408i.jpg","width":500,"height":500},{"@type":"BreadcrumbList","@id":"https:\/\/www.eurotherm.com\/fr\/products\/regulateur-pid-indicateurs-unites-alarme\/indicateurs\/indicateur-et-unite-dalarme-2408i\/#breadcrumb","itemListElement":[{"@type":"ListItem","position":1,"name":"Home","item":"https:\/\/www.eurotherm.com\/fr\/"},{"@type":"ListItem","position":2,"name":"Product Catalogue","item":"https:\/\/www.eurotherm.com\/fr\/product-catalogue\/"},{"@type":"ListItem","position":3,"name":"R\u00e9gulateurs PID, indicateurs et unit\u00e9s d\u2019alarme","item":"https:\/\/www.eurotherm.com\/fr\/eurotherm-products\/regulateur-pid-indicateurs-unites-alarme\/"},{"@type":"ListItem","position":4,"name":"Indicateurs","item":"https:\/\/www.eurotherm.com\/fr\/eurotherm-products\/regulateur-pid-indicateurs-unites-alarme\/indicateurs\/"},{"@type":"ListItem","position":5,"name":"Indicateur et unit\u00e9 d&rsquo;alarme 2408i"}]},{"@type":"WebSite","@id":"https:\/\/www.eurotherm.com\/fr\/#website","url":"https:\/\/www.eurotherm.com\/fr\/","name":"Eurotherm Limited","description":"Temperature Control, Process Control, Measurement and Data Recording Solutions","potentialAction":[{"@type":"SearchAction","target":{"@type":"EntryPoint","urlTemplate":"https:\/\/www.eurotherm.com\/fr\/?s={search_term_string}"},"query-input":{"@type":"PropertyValueSpecification","valueRequired":true,"valueName":"search_term_string"}}],"inLanguage":"fr-FR"}]}},"ACF":{"product_file":[28290,27454,28535,27942,27866,27943,27939,26712,27444,27995,27584,27332,26714,29344,26705,26706,26707,26691,26693,28336,26700,26692,27876,26686,26695,29310,29309,26704,27875,26696,28614,26702,26701,26699,26711,26708,27886,26716,26709,26710,26715,26713,28268,28267,137166]},"jetpack_sharing_enabled":true,"_links":{"self":[{"href":"https:\/\/www.eurotherm.com\/fr\/wp-json\/wp\/v2\/product\/22134","targetHints":{"allow":["GET"]}}],"collection":[{"href":"https:\/\/www.eurotherm.com\/fr\/wp-json\/wp\/v2\/product"}],"about":[{"href":"https:\/\/www.eurotherm.com\/fr\/wp-json\/wp\/v2\/types\/product"}],"wp:featuredmedia":[{"embeddable":true,"href":"https:\/\/www.eurotherm.com\/fr\/wp-json\/wp\/v2\/media\/9296"}],"wp:attachment":[{"href":"https:\/\/www.eurotherm.com\/fr\/wp-json\/wp\/v2\/media?parent=22134"}],"wp:term":[{"taxonomy":"product_brand","embeddable":true,"href":"https:\/\/www.eurotherm.com\/fr\/wp-json\/wp\/v2\/product_brand?post=22134"},{"taxonomy":"product_cat","embeddable":true,"href":"https:\/\/www.eurotherm.com\/fr\/wp-json\/wp\/v2\/product_cat?post=22134"},{"taxonomy":"product_tag","embeddable":true,"href":"https:\/\/www.eurotherm.com\/fr\/wp-json\/wp\/v2\/product_tag?post=22134"}],"curies":[{"name":"wp","href":"https:\/\/api.w.org\/{rel}","templated":true}]}}