{"id":22112,"date":"2018-10-15T08:49:41","date_gmt":"2018-10-16T11:44:49","guid":{"rendered":"https:\/\/www.eurotherm.com\/product\/enregistreurs-graphiques-6100xio\/"},"modified":"2023-08-22T17:31:16","modified_gmt":"2023-08-22T09:31:16","slug":"enregistreurs-graphiques-6100xio","status":"publish","type":"product","link":"https:\/\/www.eurotherm.com\/fr\/products\/enregistreurs-et-gestion-des-donnees\/enregistreurs-graphiques\/enregistreurs-graphiques-6100xio\/","title":{"rendered":"Enregistreurs Graphiques 6100XIO"},"content":{"rendered":"<p>Enregistreurs Graphiques 6100XIO<\/p>\n<p>Chaque instrument 6000XIO est associ\u00e9 \u00e0 un afficheur \u00e0 \u00e9cran tactile intuitif permettant aux op\u00e9rateurs de visualiser clairement les donn\u00e9es de proc\u00e9d\u00e9 dans des formats vari\u00e9s. Tous ont une capacit\u00e9 de m\u00e9moire Flash int\u00e9gr\u00e9e pour les donn\u00e9es, la communication Ethernet et des cartes Compact Flash pour larchivage des donn\u00e9es.<\/p>\n","protected":false},"excerpt":{"rendered":"<p>Enregistreurs Graphiques 6100XIO Chaque instrument 6000XIO est associ\u00e9 \u00e0 un afficheur \u00e0 \u00e9cran tactile intuitif permettant aux op\u00e9rateurs de visualiser [&hellip;]<\/p>\n","protected":false},"featured_media":6062,"template":"","meta":{"_acf_changed":false},"product_brand":[],"product_cat":[12151,12149,12148,1110,12150],"product_tag":[],"class_list":{"0":"post-22112","1":"product","2":"type-product","3":"status-publish","4":"has-post-thumbnail","6":"product_cat-enregistreurs-et-gestion-des-donnees","7":"product_cat-enregistreurs-graphiques","8":"product_cat-furnaces-atmosphere-and-vacuum-fr","9":"product_cat-produits","10":"product_cat-heat-treat-products-fr","11":"product_shipping_class-1-fr","13":"first","14":"instock","15":"purchasable","16":"product-type-simple"},"acf":[],"yoast_head":"<!-- This site is optimized with the Yoast SEO plugin v27.5 - https:\/\/yoast.com\/product\/yoast-seo-wordpress\/ -->\n<title>Enregistreurs Graphiques 6100XIO | Eurotherm Limited<\/title>\n<meta name=\"description\" content=\"Enregistreurs Graphiques 6100XIO | Enregistreurs Graphiques 6100XIO Chaque instrument 6000XIO est associ\u00e9 \u00e0 un afficheur \u00e0 \u00e9cran tactile intuitif permettant\" \/>\n<meta name=\"robots\" content=\"index, follow, max-snippet:-1, max-image-preview:large, max-video-preview:-1\" \/>\n<meta property=\"og:locale\" content=\"fr_FR\" \/>\n<meta property=\"og:type\" content=\"article\" \/>\n<meta property=\"og:title\" content=\"Enregistreurs Graphiques 6100XIO | Eurotherm Limited\" \/>\n<meta property=\"og:description\" content=\"Enregistreurs Graphiques 6100XIO | Enregistreurs Graphiques 6100XIO Chaque instrument 6000XIO est associ\u00e9 \u00e0 un afficheur \u00e0 \u00e9cran tactile intuitif permettant aux op\u00e9rateurs de visualiser\" \/>\n<meta property=\"og:url\" content=\"https:\/\/www.eurotherm.com\/fr\/products\/enregistreurs-et-gestion-des-donnees\/enregistreurs-graphiques\/enregistreurs-graphiques-6100xio\/\" \/>\n<meta property=\"og:site_name\" content=\"Eurotherm Limited\" \/>\n<meta property=\"article:modified_time\" content=\"2023-08-22T09:31:16+00:00\" \/>\n<meta property=\"og:image\" content=\"https:\/\/www.eurotherm.com\/wp-content\/uploads\/2018\/10\/6000xio.jpg\" \/>\n\t<meta property=\"og:image:width\" content=\"500\" \/>\n\t<meta property=\"og:image:height\" content=\"500\" \/>\n\t<meta property=\"og:image:type\" content=\"image\/jpeg\" \/>\n<meta name=\"twitter:card\" content=\"summary_large_image\" \/>\n<meta name=\"twitter:label1\" content=\"Dur\u00e9e de lecture estim\u00e9e\" \/>\n\t<meta name=\"twitter:data1\" content=\"1 minute\" \/>\n<script type=\"application\/ld+json\" class=\"yoast-schema-graph\">{\"@context\":\"https:\\\/\\\/schema.org\",\"@graph\":[{\"@type\":\"WebPage\",\"@id\":\"https:\\\/\\\/www.eurotherm.com\\\/fr\\\/products\\\/enregistreurs-et-gestion-des-donnees\\\/enregistreurs-graphiques\\\/enregistreurs-graphiques-6100xio\\\/\",\"url\":\"https:\\\/\\\/www.eurotherm.com\\\/fr\\\/products\\\/enregistreurs-et-gestion-des-donnees\\\/enregistreurs-graphiques\\\/enregistreurs-graphiques-6100xio\\\/\",\"name\":\"Enregistreurs Graphiques 6100XIO | Eurotherm Limited\",\"isPartOf\":{\"@id\":\"https:\\\/\\\/www.eurotherm.com\\\/fr\\\/#website\"},\"primaryImageOfPage\":{\"@id\":\"https:\\\/\\\/www.eurotherm.com\\\/fr\\\/products\\\/enregistreurs-et-gestion-des-donnees\\\/enregistreurs-graphiques\\\/enregistreurs-graphiques-6100xio\\\/#primaryimage\"},\"image\":{\"@id\":\"https:\\\/\\\/www.eurotherm.com\\\/fr\\\/products\\\/enregistreurs-et-gestion-des-donnees\\\/enregistreurs-graphiques\\\/enregistreurs-graphiques-6100xio\\\/#primaryimage\"},\"thumbnailUrl\":\"https:\\\/\\\/www.eurotherm.com\\\/wp-content\\\/uploads\\\/2018\\\/10\\\/6000xio.jpg\",\"datePublished\":\"2018-10-16T11:44:49+00:00\",\"dateModified\":\"2023-08-22T09:31:16+00:00\",\"description\":\"Enregistreurs Graphiques 6100XIO | Enregistreurs Graphiques 6100XIO Chaque instrument 6000XIO est associ\u00e9 \u00e0 un afficheur \u00e0 \u00e9cran tactile intuitif permettant aux op\u00e9rateurs de visualiser\",\"breadcrumb\":{\"@id\":\"https:\\\/\\\/www.eurotherm.com\\\/fr\\\/products\\\/enregistreurs-et-gestion-des-donnees\\\/enregistreurs-graphiques\\\/enregistreurs-graphiques-6100xio\\\/#breadcrumb\"},\"inLanguage\":\"fr-FR\",\"potentialAction\":[{\"@type\":\"ReadAction\",\"target\":[\"https:\\\/\\\/www.eurotherm.com\\\/fr\\\/products\\\/enregistreurs-et-gestion-des-donnees\\\/enregistreurs-graphiques\\\/enregistreurs-graphiques-6100xio\\\/\"]}]},{\"@type\":\"ImageObject\",\"inLanguage\":\"fr-FR\",\"@id\":\"https:\\\/\\\/www.eurotherm.com\\\/fr\\\/products\\\/enregistreurs-et-gestion-des-donnees\\\/enregistreurs-graphiques\\\/enregistreurs-graphiques-6100xio\\\/#primaryimage\",\"url\":\"https:\\\/\\\/www.eurotherm.com\\\/wp-content\\\/uploads\\\/2018\\\/10\\\/6000xio.jpg\",\"contentUrl\":\"https:\\\/\\\/www.eurotherm.com\\\/wp-content\\\/uploads\\\/2018\\\/10\\\/6000xio.jpg\",\"width\":500,\"height\":500},{\"@type\":\"BreadcrumbList\",\"@id\":\"https:\\\/\\\/www.eurotherm.com\\\/fr\\\/products\\\/enregistreurs-et-gestion-des-donnees\\\/enregistreurs-graphiques\\\/enregistreurs-graphiques-6100xio\\\/#breadcrumb\",\"itemListElement\":[{\"@type\":\"ListItem\",\"position\":1,\"name\":\"Home\",\"item\":\"https:\\\/\\\/www.eurotherm.com\\\/fr\\\/\"},{\"@type\":\"ListItem\",\"position\":2,\"name\":\"Product Catalogue\",\"item\":\"https:\\\/\\\/www.eurotherm.com\\\/fr\\\/product-catalogue\\\/\"},{\"@type\":\"ListItem\",\"position\":3,\"name\":\"Enregistreurs et Solutions de Gestion des donn\u00e9es\",\"item\":\"https:\\\/\\\/www.eurotherm.com\\\/fr\\\/eurotherm-products\\\/enregistreurs-et-gestion-des-donnees\\\/\"},{\"@type\":\"ListItem\",\"position\":4,\"name\":\"Enregistreurs graphiques\",\"item\":\"https:\\\/\\\/www.eurotherm.com\\\/fr\\\/eurotherm-products\\\/enregistreurs-et-gestion-des-donnees\\\/enregistreurs-graphiques\\\/\"},{\"@type\":\"ListItem\",\"position\":5,\"name\":\"Enregistreurs Graphiques 6100XIO\"}]},{\"@type\":\"WebSite\",\"@id\":\"https:\\\/\\\/www.eurotherm.com\\\/fr\\\/#website\",\"url\":\"https:\\\/\\\/www.eurotherm.com\\\/fr\\\/\",\"name\":\"Eurotherm Limited\",\"description\":\"Temperature Control, Process Control, Measurement and Data Recording Solutions\",\"potentialAction\":[{\"@type\":\"SearchAction\",\"target\":{\"@type\":\"EntryPoint\",\"urlTemplate\":\"https:\\\/\\\/www.eurotherm.com\\\/fr\\\/?s={search_term_string}\"},\"query-input\":{\"@type\":\"PropertyValueSpecification\",\"valueRequired\":true,\"valueName\":\"search_term_string\"}}],\"inLanguage\":\"fr-FR\"}]}<\/script>\n<!-- \/ Yoast SEO plugin. -->","yoast_head_json":{"title":"Enregistreurs Graphiques 6100XIO | Eurotherm Limited","description":"Enregistreurs Graphiques 6100XIO | Enregistreurs Graphiques 6100XIO Chaque instrument 6000XIO est associ\u00e9 \u00e0 un afficheur \u00e0 \u00e9cran tactile intuitif permettant","robots":{"index":"index","follow":"follow","max-snippet":"max-snippet:-1","max-image-preview":"max-image-preview:large","max-video-preview":"max-video-preview:-1"},"og_locale":"fr_FR","og_type":"article","og_title":"Enregistreurs Graphiques 6100XIO | Eurotherm Limited","og_description":"Enregistreurs Graphiques 6100XIO | Enregistreurs Graphiques 6100XIO Chaque instrument 6000XIO est associ\u00e9 \u00e0 un afficheur \u00e0 \u00e9cran tactile intuitif permettant aux op\u00e9rateurs de visualiser","og_url":"https:\/\/www.eurotherm.com\/fr\/products\/enregistreurs-et-gestion-des-donnees\/enregistreurs-graphiques\/enregistreurs-graphiques-6100xio\/","og_site_name":"Eurotherm Limited","article_modified_time":"2023-08-22T09:31:16+00:00","og_image":[{"width":500,"height":500,"url":"https:\/\/www.eurotherm.com\/wp-content\/uploads\/2018\/10\/6000xio.jpg","type":"image\/jpeg"}],"twitter_card":"summary_large_image","twitter_misc":{"Dur\u00e9e de lecture estim\u00e9e":"1 minute"},"schema":{"@context":"https:\/\/schema.org","@graph":[{"@type":"WebPage","@id":"https:\/\/www.eurotherm.com\/fr\/products\/enregistreurs-et-gestion-des-donnees\/enregistreurs-graphiques\/enregistreurs-graphiques-6100xio\/","url":"https:\/\/www.eurotherm.com\/fr\/products\/enregistreurs-et-gestion-des-donnees\/enregistreurs-graphiques\/enregistreurs-graphiques-6100xio\/","name":"Enregistreurs Graphiques 6100XIO | Eurotherm Limited","isPartOf":{"@id":"https:\/\/www.eurotherm.com\/fr\/#website"},"primaryImageOfPage":{"@id":"https:\/\/www.eurotherm.com\/fr\/products\/enregistreurs-et-gestion-des-donnees\/enregistreurs-graphiques\/enregistreurs-graphiques-6100xio\/#primaryimage"},"image":{"@id":"https:\/\/www.eurotherm.com\/fr\/products\/enregistreurs-et-gestion-des-donnees\/enregistreurs-graphiques\/enregistreurs-graphiques-6100xio\/#primaryimage"},"thumbnailUrl":"https:\/\/www.eurotherm.com\/wp-content\/uploads\/2018\/10\/6000xio.jpg","datePublished":"2018-10-16T11:44:49+00:00","dateModified":"2023-08-22T09:31:16+00:00","description":"Enregistreurs Graphiques 6100XIO | Enregistreurs Graphiques 6100XIO Chaque instrument 6000XIO est associ\u00e9 \u00e0 un afficheur \u00e0 \u00e9cran tactile intuitif permettant aux op\u00e9rateurs de visualiser","breadcrumb":{"@id":"https:\/\/www.eurotherm.com\/fr\/products\/enregistreurs-et-gestion-des-donnees\/enregistreurs-graphiques\/enregistreurs-graphiques-6100xio\/#breadcrumb"},"inLanguage":"fr-FR","potentialAction":[{"@type":"ReadAction","target":["https:\/\/www.eurotherm.com\/fr\/products\/enregistreurs-et-gestion-des-donnees\/enregistreurs-graphiques\/enregistreurs-graphiques-6100xio\/"]}]},{"@type":"ImageObject","inLanguage":"fr-FR","@id":"https:\/\/www.eurotherm.com\/fr\/products\/enregistreurs-et-gestion-des-donnees\/enregistreurs-graphiques\/enregistreurs-graphiques-6100xio\/#primaryimage","url":"https:\/\/www.eurotherm.com\/wp-content\/uploads\/2018\/10\/6000xio.jpg","contentUrl":"https:\/\/www.eurotherm.com\/wp-content\/uploads\/2018\/10\/6000xio.jpg","width":500,"height":500},{"@type":"BreadcrumbList","@id":"https:\/\/www.eurotherm.com\/fr\/products\/enregistreurs-et-gestion-des-donnees\/enregistreurs-graphiques\/enregistreurs-graphiques-6100xio\/#breadcrumb","itemListElement":[{"@type":"ListItem","position":1,"name":"Home","item":"https:\/\/www.eurotherm.com\/fr\/"},{"@type":"ListItem","position":2,"name":"Product Catalogue","item":"https:\/\/www.eurotherm.com\/fr\/product-catalogue\/"},{"@type":"ListItem","position":3,"name":"Enregistreurs et Solutions de Gestion des donn\u00e9es","item":"https:\/\/www.eurotherm.com\/fr\/eurotherm-products\/enregistreurs-et-gestion-des-donnees\/"},{"@type":"ListItem","position":4,"name":"Enregistreurs graphiques","item":"https:\/\/www.eurotherm.com\/fr\/eurotherm-products\/enregistreurs-et-gestion-des-donnees\/enregistreurs-graphiques\/"},{"@type":"ListItem","position":5,"name":"Enregistreurs Graphiques 6100XIO"}]},{"@type":"WebSite","@id":"https:\/\/www.eurotherm.com\/fr\/#website","url":"https:\/\/www.eurotherm.com\/fr\/","name":"Eurotherm Limited","description":"Temperature Control, Process Control, Measurement and Data Recording Solutions","potentialAction":[{"@type":"SearchAction","target":{"@type":"EntryPoint","urlTemplate":"https:\/\/www.eurotherm.com\/fr\/?s={search_term_string}"},"query-input":{"@type":"PropertyValueSpecification","valueRequired":true,"valueName":"search_term_string"}}],"inLanguage":"fr-FR"}]}},"ACF":{"product_file":[126577,126576,126575,97238,27454,27935,27143,27142,28954,29384,27144,27145,27097,27942,27866,27943,27939,29247,27497,27584,29382,27084,27086,83059,27098,27087,83669,83898,105978,27099,137178,139288],"product_status":"Active Product","enable_watlow_configurator":true,"watlow_product_type":"Multiple","watlow_configurator_links":[{"watlow_name":"6100XIO 5.5\" Display","watlow_link":"https:\/\/www.watlow.com\/Products\/Controllers\/Eurotherm\/6000xio-distributed-graphic-recorders?econfig=6100XIO"},{"watlow_name":"6180XIO 12.1\" Display","watlow_link":"https:\/\/www.watlow.com\/Products\/Controllers\/Eurotherm\/6000xio-distributed-graphic-recorders?econfig=6180XIO"}]},"jetpack_sharing_enabled":true,"_links":{"self":[{"href":"https:\/\/www.eurotherm.com\/fr\/wp-json\/wp\/v2\/product\/22112","targetHints":{"allow":["GET"]}}],"collection":[{"href":"https:\/\/www.eurotherm.com\/fr\/wp-json\/wp\/v2\/product"}],"about":[{"href":"https:\/\/www.eurotherm.com\/fr\/wp-json\/wp\/v2\/types\/product"}],"wp:featuredmedia":[{"embeddable":true,"href":"https:\/\/www.eurotherm.com\/fr\/wp-json\/wp\/v2\/media\/6062"}],"wp:attachment":[{"href":"https:\/\/www.eurotherm.com\/fr\/wp-json\/wp\/v2\/media?parent=22112"}],"wp:term":[{"taxonomy":"product_brand","embeddable":true,"href":"https:\/\/www.eurotherm.com\/fr\/wp-json\/wp\/v2\/product_brand?post=22112"},{"taxonomy":"product_cat","embeddable":true,"href":"https:\/\/www.eurotherm.com\/fr\/wp-json\/wp\/v2\/product_cat?post=22112"},{"taxonomy":"product_tag","embeddable":true,"href":"https:\/\/www.eurotherm.com\/fr\/wp-json\/wp\/v2\/product_tag?post=22112"}],"curies":[{"name":"wp","href":"https:\/\/api.w.org\/{rel}","templated":true}]}}