{"id":22099,"date":"2018-10-15T08:50:47","date_gmt":"2018-10-15T08:50:47","guid":{"rendered":"https:\/\/www.eurotherm.com\/product\/eplc400-automate-de-precision-polyvalent\/"},"modified":"2023-08-18T21:57:23","modified_gmt":"2023-08-18T13:57:23","slug":"eplc400-combination-plc","status":"publish","type":"product","link":"https:\/\/www.eurotherm.com\/fr\/products\/systeme-de-controle\/regulateur-et-automate-programmable-eplc\/eplc400-combination-plc\/","title":{"rendered":"E+PLC400 &#8211; Automate de pr\u00e9cision polyvalent"},"content":{"rendered":"<h2>Toutes les pi\u00e8ces de votre proc\u00e9d\u00e9 avec des capacit\u00e9s d\u2019adaptation et d\u2019extension<\/h2>\n<p>L\u2019E+PLC400 combine toutes les fonctions d\u2019un automate avec la r\u00e9gulation et les capacit\u00e9s d\u2019enregistrement unique Eurotherm, r\u00e9alis\u00e9es rapidement \u00e0 l\u2019aide des blocs fonctions mis \u00e0 disposition. Il est disponible dans diff\u00e9rents formats d\u2019embases, peut s\u2019adapter aux besoins actuels et futurs du proc\u00e9d\u00e9 et propose un vaste choix de modules d\u2019Entr\u00e9es\/Sortie de pr\u00e9cision.<\/p>\n<p>L\u2019E+PLC400 utilise CODESYS, une plateforme ouverte, leader sur le march\u00e9, afin de fournir un environnement de programmation familier et facile d\u2019utilisation gr\u00e2ce aux diff\u00e9rents langages de l\u2019IEC 61\u00a0131-3. Une visualisation du proc\u00e9d\u00e9 est r\u00e9alisable simplement de diff\u00e9rentes mani\u00e8res\u00a0: connexion de panels op\u00e9rateurs fixes (jusqu\u2019\u00e0 2) ou par des syst\u00e8mes nomades (tablette, PC, smartphones) via un serveur web\u00a0; le tout rapidement configur\u00e9 gr\u00e2ce \u00e0 un syst\u00e8me de reconnaissance automatique des \u00ab\u00a0tags\u00a0\u00bb int\u00e9gr\u00e9 dans le m\u00eame environnement de programmation que l\u2019automate.<\/p>\n<h2>Mesure de pr\u00e9cision<\/h2>\n<p>Une r\u00e9gulation de pr\u00e9cision impose une mesure pr\u00e9cise. La conception modulaire de l\u2019E+PLC400 permet l\u2019incorporation de modules d\u2019Entr\u00e9es\/Sorties qui assurent une r\u00e9gulation et un enregistrement pr\u00e9cis. Gr\u00e2ce aux diff\u00e9rentes tailles d\u2019embases et \u00e0 un vaste choix d\u2019entr\u00e9es\/sorties analogiques, logiques, sorties relais et entr\u00e9es Sonde Zirconium, il est possible de s\u2019adapter au plus juste aux exigences de l\u2019application. Les entr\u00e9es\/sorties haute performance gr\u00e2ce \u00e0 la pr\u00e9cision de mesure assurent une r\u00e9gulation \u00ab\u00a0fine\u00a0\u00bb et un enregistrement exact des donn\u00e9es du proc\u00e9d\u00e9.<\/p>\n<p>Une solution adaptable pour les applications \u2013 de petite \u00e0 taille interm\u00e9diaire.<\/p>\n<h2>Meilleur en r\u00e9gulation<\/h2>\n<p>Les performances de l\u2019E+PLC400 reposent sur plus de 50 ann\u00e9es de savoir-faire en r\u00e9gulation avec notamment l\u2019algorithme d\u2019auto-r\u00e9glage d\u2019Eurotherm unique, r\u00e9put\u00e9 pour sa qualit\u00e9 de r\u00e9gulation hors-paire.<\/p>\n<ul>\n<li>R\u00e9duction des temps de proc\u00e9d\u00e9 gr\u00e2ce \u00e0 une atteinte plus rapide de la consigne<\/li>\n<li>Optimisation de la consommation d\u2019\u00e9nergie en \u00e9vitant les d\u00e9passements ou la non-atteinte de la mesure par rapport \u00e0 la consigne, tout en donnant une r\u00e9ponse rapide<\/li>\n<li>Am\u00e9lioration de la qualit\u00e9 gr\u00e2ce \u00e0 une r\u00e9gulation performante dans une plage de tol\u00e9rance r\u00e9duite<\/li>\n<li>Fourniture de blocs fonctions pr\u00e9-programm\u00e9s qu\u2019il ne vous reste plus qu\u2019\u00e0 param\u00e9trer<\/li>\n<\/ul>\n<p>Rentable, des performances de r\u00e9gulation de haut niveau \u2013 pourquoi faire des compromis\u00a0?<\/p>\n<h2>Une programmation simple de la consigne<\/h2>\n<p>Riche de fonctionnalit\u00e9s, l\u2019E+PLC400 int\u00e8gre un programmateur de consigne tr\u00e8s souple et simple \u00e0 programmer. En utilisant un format tableur, de nombreux programmes de plusieurs segments peuvent \u00eatre rapidement configur\u00e9s assurant un simple r\u00e9glage et am\u00e9liorant l\u2019efficacit\u00e9 op\u00e9rationnelle.<\/p>\n<p>Des op\u00e9rations garanties qui permettent de r\u00e9duire les co\u00fbts de production.<\/p>\n<h2>Meilleur en enregistrement<\/h2>\n<p>L\u2019E+PLC400 dispose d\u2019une fonction d\u2019enregistrement int\u00e9gr\u00e9e avec des strat\u00e9gies de gestion efficace des lots pour assurer une int\u00e9grit\u00e9 et une s\u00e9curit\u00e9 totale de vos donn\u00e9es. Il apporte une totale tranquillit\u00e9 d\u2019esprit gr\u00e2ce \u00e0 une expertise de plusieurs d\u00e9cennies en enregistrement qui permet d\u2019assurer une conformit\u00e9 aussi bien aux normes r\u00e9glementaires que celles de qualit\u00e9 en g\u00e9n\u00e9ral.<\/p>\n<ul>\n<li>Enregistrement continu s\u00e9curis\u00e9 sur le point de mesure<\/li>\n<li>Int\u00e9gration de strat\u00e9gies en cas de d\u00e9faut sur l\u2019alimentation secteur ou sur le r\u00e9seau de communication<\/li>\n<li>Tra\u00e7abilit\u00e9 totale sur les enregistrements et les lots avec toutes les donn\u00e9es proc\u00e9d\u00e9 et les m\u00e9tadonn\u00e9es stock\u00e9es ensemble de mani\u00e8re s\u00e9curis\u00e9e.<\/li>\n<li>Une gestion des donn\u00e9es et un archivage efficaces, avec l\u2019aide de cl\u00e9s USB et serveurs FTP<\/li>\n<li>Strat\u00e9gies d\u2019archivage permettant une auto-r\u00e9paration, et des enregistrements enti\u00e8rement valid\u00e9s<\/li>\n<li>Enregistrement s\u00e9curis\u00e9 et gestion des lots r\u00e9alis\u00e9s par des blocs fonctions facilement param\u00e9trables<\/li>\n<\/ul>\n<p>Une gestion efficace des donn\u00e9es provenant d\u2019enregistrements enti\u00e8rement s\u00e9curis\u00e9s.<\/p>\n<h2>R\u00e9duction de l\u2019ing\u00e9nierie<\/h2>\n<p>En utilisant la plateforme CODESYS, leader sur le march\u00e9, l\u2019E+PLC400 offre un environnement de programmation familier et permet de r\u00e9duire les co\u00fbts d\u2019ing\u00e9nierie. Des solutions compl\u00e8tes sont construites dans cet environnement unique. L\u2019E+PLC400 int\u00e8gre les fonctions avanc\u00e9es de la r\u00e9gulation PID d\u2019Eurotherm et l\u2019enregistrement sous forme de blocs fonctions faciles \u00e0 utiliser. L\u2019E+PLC400 vous offre dans un format compact, une solution d\u2019automatisme compl\u00e8te qui n\u2019a jamais \u00e9t\u00e9 aussi simple de mise en \u0153uvre.<\/p>\n<p>Des outils de programmation qui permettent de diminuer les temps de mise en service\u00a0:<\/p>\n<ul>\n<li>Des fonctionnalit\u00e9s avanc\u00e9es sous forme de blocs fonctions simples \u00e0 utiliser<\/li>\n<li>R\u00e9gulation auto-r\u00e9glable<\/li>\n<li>Enregistrement s\u00e9curis\u00e9<\/li>\n<li>Gestion des lots de donn\u00e9es<\/li>\n<li>Programmateur de consigne<\/li>\n<li>Entr\u00e9e sonde Zirconium<\/li>\n<li>Int\u00e9gration d\u2019une librairie \u00e9tendue de blocs fonctions<\/li>\n<li>Environnement de programmation unique int\u00e9gr\u00e9, pour d\u00e9velopper une solution compl\u00e8te, comprenant l\u2019automatisme, la r\u00e9gulation PID, l\u2019enregistrement et la visualisation<\/li>\n<\/ul>\n<p>Cr\u00e9er une solution compl\u00e8te d\u2019automatisme \u00e9volutive de haute performance n\u2019a jamais \u00e9t\u00e9 aussi simple.<\/p>\n","protected":false},"excerpt":{"rendered":"<p>L\u2019E+PLC400 rassemble les fonctions de r\u00e9gulation PID, d\u2019enregistrement et d\u2019automatisme dans une solution modulaire unique, d\u2019une incroyable facilit\u00e9 de mise en \u0153uvre. Utilisant une plateforme industrielle ouverte standard (IEC 61\u00a0131-3) et un environnement unique de visualisation et de programmation int\u00e9gr\u00e9e, cet appareil innovant a \u00e9t\u00e9 con\u00e7u pour offrir toute la flexibilit\u00e9 n\u00e9cessaire aux exigences des proc\u00e9d\u00e9s tout en r\u00e9duisant les temps d\u2019ing\u00e9nierie. Riche de nombreuses fonctionnalit\u00e9s, il permet une efficacit\u00e9 op\u00e9rationnelle, de meilleures performances sur le proc\u00e9d\u00e9 et facilite la mise en conformit\u00e9 aux standards r\u00e9glementaires.<\/p>\n","protected":false},"featured_media":111272,"template":"","meta":{"_acf_changed":false},"product_brand":[],"product_cat":[12295,12168,12296,12170,1110],"product_tag":[],"class_list":{"0":"post-22099","1":"product","2":"type-product","3":"status-publish","4":"has-post-thumbnail","6":"product_cat-eplc-fr","7":"product_cat-systeme-de-controle","8":"product_cat-regulateur-et-automate-programmable-eplc","9":"product_cat-plc-and-pac-fr","10":"product_cat-produits","11":"product_shipping_class-1-fr","13":"first","14":"instock","15":"purchasable","16":"product-type-simple"},"acf":[],"yoast_head":"<!-- This site is optimized with the Yoast SEO plugin v27.2 - https:\/\/yoast.com\/product\/yoast-seo-wordpress\/ -->\n<title>E+PLC400 - Automate de pr\u00e9cision polyvalent | Eurotherm Limited<\/title>\n<meta name=\"description\" content=\"E+PLC400 &#8211; Automate de pr\u00e9cision polyvalent | Toutes les pi\u00e8ces de votre proc\u00e9d\u00e9 avec des capacit\u00e9s d\u2019adaptation et d\u2019extension L\u2019E+PLC400 combi\" \/>\n<meta name=\"robots\" content=\"index, follow, max-snippet:-1, max-image-preview:large, max-video-preview:-1\" \/>\n<meta property=\"og:locale\" content=\"fr_FR\" \/>\n<meta property=\"og:type\" content=\"article\" \/>\n<meta property=\"og:title\" content=\"E+PLC400 - Automate de pr\u00e9cision polyvalent | Eurotherm Limited\" \/>\n<meta property=\"og:description\" content=\"E+PLC400 - Automate de pr\u00e9cision polyvalent | L\u2019E+PLC400 rassemble les fonctions de r\u00e9gulation PID, d\u2019enregistrement et d\u2019automatisme dans une solution modulaire unique, d\u2019une incroyable facilit\u00e9 de mise en \u0153uvre. Utilisant une plateforme industrielle ouverte standard (IEC 61\u00a0131-3) et un environnement unique de visualisation et de programmation int\u00e9gr\u00e9e, cet appareil innovant a \u00e9t\u00e9 con\u00e7u pour offrir toute la flexibilit\u00e9 n\u00e9cessaire aux exigences des proc\u00e9d\u00e9s tout en r\u00e9duisant les temps d\u2019ing\u00e9nierie. Riche de nombreuses fonctionnalit\u00e9s, il permet une efficacit\u00e9 op\u00e9rationnelle, de meilleures performances sur le proc\u00e9d\u00e9 et facilite la mise en conformit\u00e9 aux standards r\u00e9glementaires.\" \/>\n<meta property=\"og:url\" content=\"https:\/\/www.eurotherm.com\/fr\/products\/systeme-de-controle\/regulateur-et-automate-programmable-eplc\/eplc400-combination-plc\/\" \/>\n<meta property=\"og:site_name\" content=\"Eurotherm Limited\" \/>\n<meta property=\"article:modified_time\" content=\"2023-08-18T13:57:23+00:00\" \/>\n<meta property=\"og:image\" content=\"https:\/\/www.eurotherm.com\/wp-content\/uploads\/2021\/03\/E-PLC400_2.png\" \/>\n\t<meta property=\"og:image:width\" content=\"1200\" \/>\n\t<meta property=\"og:image:height\" content=\"843\" \/>\n\t<meta property=\"og:image:type\" content=\"image\/png\" \/>\n<meta name=\"twitter:card\" content=\"summary_large_image\" \/>\n<meta name=\"twitter:label1\" content=\"Dur\u00e9e de lecture estim\u00e9e\" \/>\n\t<meta name=\"twitter:data1\" content=\"4 minutes\" \/>\n<script type=\"application\/ld+json\" class=\"yoast-schema-graph\">{\"@context\":\"https:\/\/schema.org\",\"@graph\":[{\"@type\":\"WebPage\",\"@id\":\"https:\/\/www.eurotherm.com\/fr\/products\/systeme-de-controle\/regulateur-et-automate-programmable-eplc\/eplc400-combination-plc\/\",\"url\":\"https:\/\/www.eurotherm.com\/fr\/products\/systeme-de-controle\/regulateur-et-automate-programmable-eplc\/eplc400-combination-plc\/\",\"name\":\"E+PLC400 - Automate de pr\u00e9cision polyvalent | Eurotherm Limited\",\"isPartOf\":{\"@id\":\"https:\/\/www.eurotherm.com\/fr\/#website\"},\"primaryImageOfPage\":{\"@id\":\"https:\/\/www.eurotherm.com\/fr\/products\/systeme-de-controle\/regulateur-et-automate-programmable-eplc\/eplc400-combination-plc\/#primaryimage\"},\"image\":{\"@id\":\"https:\/\/www.eurotherm.com\/fr\/products\/systeme-de-controle\/regulateur-et-automate-programmable-eplc\/eplc400-combination-plc\/#primaryimage\"},\"thumbnailUrl\":\"https:\/\/www.eurotherm.com\/wp-content\/uploads\/2021\/03\/E-PLC400_2.png\",\"datePublished\":\"2018-10-15T08:50:47+00:00\",\"dateModified\":\"2023-08-18T13:57:23+00:00\",\"description\":\"E+PLC400 - Automate de pr\u00e9cision polyvalent | L\u2019E+PLC400 rassemble les fonctions de r\u00e9gulation PID, d\u2019enregistrement et d\u2019automatisme dans une solution modulaire unique, d\u2019une incroyable facilit\u00e9 de mise en \u0153uvre. Utilisant une plateforme industrielle ouverte standard (IEC 61\u00a0131-3) et un environnement unique de visualisation et de programmation int\u00e9gr\u00e9e, cet appareil innovant a \u00e9t\u00e9 con\u00e7u pour offrir toute la flexibilit\u00e9 n\u00e9cessaire aux exigences des proc\u00e9d\u00e9s tout en r\u00e9duisant les temps d\u2019ing\u00e9nierie. Riche de nombreuses fonctionnalit\u00e9s, il permet une efficacit\u00e9 op\u00e9rationnelle, de meilleures performances sur le proc\u00e9d\u00e9 et facilite la mise en conformit\u00e9 aux standards r\u00e9glementaires.\",\"breadcrumb\":{\"@id\":\"https:\/\/www.eurotherm.com\/fr\/products\/systeme-de-controle\/regulateur-et-automate-programmable-eplc\/eplc400-combination-plc\/#breadcrumb\"},\"inLanguage\":\"fr-FR\",\"potentialAction\":[{\"@type\":\"ReadAction\",\"target\":[\"https:\/\/www.eurotherm.com\/fr\/products\/systeme-de-controle\/regulateur-et-automate-programmable-eplc\/eplc400-combination-plc\/\"]}]},{\"@type\":\"ImageObject\",\"inLanguage\":\"fr-FR\",\"@id\":\"https:\/\/www.eurotherm.com\/fr\/products\/systeme-de-controle\/regulateur-et-automate-programmable-eplc\/eplc400-combination-plc\/#primaryimage\",\"url\":\"https:\/\/www.eurotherm.com\/wp-content\/uploads\/2021\/03\/E-PLC400_2.png\",\"contentUrl\":\"https:\/\/www.eurotherm.com\/wp-content\/uploads\/2021\/03\/E-PLC400_2.png\",\"width\":1200,\"height\":843},{\"@type\":\"BreadcrumbList\",\"@id\":\"https:\/\/www.eurotherm.com\/fr\/products\/systeme-de-controle\/regulateur-et-automate-programmable-eplc\/eplc400-combination-plc\/#breadcrumb\",\"itemListElement\":[{\"@type\":\"ListItem\",\"position\":1,\"name\":\"Home\",\"item\":\"https:\/\/www.eurotherm.com\/fr\/\"},{\"@type\":\"ListItem\",\"position\":2,\"name\":\"Product Catalogue\",\"item\":\"https:\/\/www.eurotherm.com\/fr\/product-catalogue\/\"},{\"@type\":\"ListItem\",\"position\":3,\"name\":\"Syst\u00e8me de Contr\u00f4le\",\"item\":\"https:\/\/www.eurotherm.com\/fr\/eurotherm-products\/systeme-de-controle\/\"},{\"@type\":\"ListItem\",\"position\":4,\"name\":\"R\u00e9gulateur et Automate programmable E+PLC\",\"item\":\"https:\/\/www.eurotherm.com\/fr\/eurotherm-products\/systeme-de-controle\/regulateur-et-automate-programmable-eplc\/\"},{\"@type\":\"ListItem\",\"position\":5,\"name\":\"E+PLC400 &#8211; Automate de pr\u00e9cision polyvalent\"}]},{\"@type\":\"WebSite\",\"@id\":\"https:\/\/www.eurotherm.com\/fr\/#website\",\"url\":\"https:\/\/www.eurotherm.com\/fr\/\",\"name\":\"Eurotherm Limited\",\"description\":\"Temperature Control, Process Control, Measurement and Data Recording Solutions\",\"potentialAction\":[{\"@type\":\"SearchAction\",\"target\":{\"@type\":\"EntryPoint\",\"urlTemplate\":\"https:\/\/www.eurotherm.com\/fr\/?s={search_term_string}\"},\"query-input\":{\"@type\":\"PropertyValueSpecification\",\"valueRequired\":true,\"valueName\":\"search_term_string\"}}],\"inLanguage\":\"fr-FR\"}]}<\/script>\n<!-- \/ Yoast SEO plugin. -->","yoast_head_json":{"title":"E+PLC400 - Automate de pr\u00e9cision polyvalent | Eurotherm Limited","description":"E+PLC400 &#8211; Automate de pr\u00e9cision polyvalent | Toutes les pi\u00e8ces de votre proc\u00e9d\u00e9 avec des capacit\u00e9s d\u2019adaptation et d\u2019extension L\u2019E+PLC400 combi","robots":{"index":"index","follow":"follow","max-snippet":"max-snippet:-1","max-image-preview":"max-image-preview:large","max-video-preview":"max-video-preview:-1"},"og_locale":"fr_FR","og_type":"article","og_title":"E+PLC400 - Automate de pr\u00e9cision polyvalent | Eurotherm Limited","og_description":"E+PLC400 - Automate de pr\u00e9cision polyvalent | L\u2019E+PLC400 rassemble les fonctions de r\u00e9gulation PID, d\u2019enregistrement et d\u2019automatisme dans une solution modulaire unique, d\u2019une incroyable facilit\u00e9 de mise en \u0153uvre. Utilisant une plateforme industrielle ouverte standard (IEC 61\u00a0131-3) et un environnement unique de visualisation et de programmation int\u00e9gr\u00e9e, cet appareil innovant a \u00e9t\u00e9 con\u00e7u pour offrir toute la flexibilit\u00e9 n\u00e9cessaire aux exigences des proc\u00e9d\u00e9s tout en r\u00e9duisant les temps d\u2019ing\u00e9nierie. Riche de nombreuses fonctionnalit\u00e9s, il permet une efficacit\u00e9 op\u00e9rationnelle, de meilleures performances sur le proc\u00e9d\u00e9 et facilite la mise en conformit\u00e9 aux standards r\u00e9glementaires.","og_url":"https:\/\/www.eurotherm.com\/fr\/products\/systeme-de-controle\/regulateur-et-automate-programmable-eplc\/eplc400-combination-plc\/","og_site_name":"Eurotherm Limited","article_modified_time":"2023-08-18T13:57:23+00:00","og_image":[{"width":1200,"height":843,"url":"https:\/\/www.eurotherm.com\/wp-content\/uploads\/2021\/03\/E-PLC400_2.png","type":"image\/png"}],"twitter_card":"summary_large_image","twitter_misc":{"Dur\u00e9e de lecture estim\u00e9e":"4 minutes"},"schema":{"@context":"https:\/\/schema.org","@graph":[{"@type":"WebPage","@id":"https:\/\/www.eurotherm.com\/fr\/products\/systeme-de-controle\/regulateur-et-automate-programmable-eplc\/eplc400-combination-plc\/","url":"https:\/\/www.eurotherm.com\/fr\/products\/systeme-de-controle\/regulateur-et-automate-programmable-eplc\/eplc400-combination-plc\/","name":"E+PLC400 - Automate de pr\u00e9cision polyvalent | Eurotherm Limited","isPartOf":{"@id":"https:\/\/www.eurotherm.com\/fr\/#website"},"primaryImageOfPage":{"@id":"https:\/\/www.eurotherm.com\/fr\/products\/systeme-de-controle\/regulateur-et-automate-programmable-eplc\/eplc400-combination-plc\/#primaryimage"},"image":{"@id":"https:\/\/www.eurotherm.com\/fr\/products\/systeme-de-controle\/regulateur-et-automate-programmable-eplc\/eplc400-combination-plc\/#primaryimage"},"thumbnailUrl":"https:\/\/www.eurotherm.com\/wp-content\/uploads\/2021\/03\/E-PLC400_2.png","datePublished":"2018-10-15T08:50:47+00:00","dateModified":"2023-08-18T13:57:23+00:00","description":"E+PLC400 - Automate de pr\u00e9cision polyvalent | L\u2019E+PLC400 rassemble les fonctions de r\u00e9gulation PID, d\u2019enregistrement et d\u2019automatisme dans une solution modulaire unique, d\u2019une incroyable facilit\u00e9 de mise en \u0153uvre. Utilisant une plateforme industrielle ouverte standard (IEC 61\u00a0131-3) et un environnement unique de visualisation et de programmation int\u00e9gr\u00e9e, cet appareil innovant a \u00e9t\u00e9 con\u00e7u pour offrir toute la flexibilit\u00e9 n\u00e9cessaire aux exigences des proc\u00e9d\u00e9s tout en r\u00e9duisant les temps d\u2019ing\u00e9nierie. Riche de nombreuses fonctionnalit\u00e9s, il permet une efficacit\u00e9 op\u00e9rationnelle, de meilleures performances sur le proc\u00e9d\u00e9 et facilite la mise en conformit\u00e9 aux standards r\u00e9glementaires.","breadcrumb":{"@id":"https:\/\/www.eurotherm.com\/fr\/products\/systeme-de-controle\/regulateur-et-automate-programmable-eplc\/eplc400-combination-plc\/#breadcrumb"},"inLanguage":"fr-FR","potentialAction":[{"@type":"ReadAction","target":["https:\/\/www.eurotherm.com\/fr\/products\/systeme-de-controle\/regulateur-et-automate-programmable-eplc\/eplc400-combination-plc\/"]}]},{"@type":"ImageObject","inLanguage":"fr-FR","@id":"https:\/\/www.eurotherm.com\/fr\/products\/systeme-de-controle\/regulateur-et-automate-programmable-eplc\/eplc400-combination-plc\/#primaryimage","url":"https:\/\/www.eurotherm.com\/wp-content\/uploads\/2021\/03\/E-PLC400_2.png","contentUrl":"https:\/\/www.eurotherm.com\/wp-content\/uploads\/2021\/03\/E-PLC400_2.png","width":1200,"height":843},{"@type":"BreadcrumbList","@id":"https:\/\/www.eurotherm.com\/fr\/products\/systeme-de-controle\/regulateur-et-automate-programmable-eplc\/eplc400-combination-plc\/#breadcrumb","itemListElement":[{"@type":"ListItem","position":1,"name":"Home","item":"https:\/\/www.eurotherm.com\/fr\/"},{"@type":"ListItem","position":2,"name":"Product Catalogue","item":"https:\/\/www.eurotherm.com\/fr\/product-catalogue\/"},{"@type":"ListItem","position":3,"name":"Syst\u00e8me de Contr\u00f4le","item":"https:\/\/www.eurotherm.com\/fr\/eurotherm-products\/systeme-de-controle\/"},{"@type":"ListItem","position":4,"name":"R\u00e9gulateur et Automate programmable E+PLC","item":"https:\/\/www.eurotherm.com\/fr\/eurotherm-products\/systeme-de-controle\/regulateur-et-automate-programmable-eplc\/"},{"@type":"ListItem","position":5,"name":"E+PLC400 &#8211; Automate de pr\u00e9cision polyvalent"}]},{"@type":"WebSite","@id":"https:\/\/www.eurotherm.com\/fr\/#website","url":"https:\/\/www.eurotherm.com\/fr\/","name":"Eurotherm Limited","description":"Temperature Control, Process Control, Measurement and Data Recording Solutions","potentialAction":[{"@type":"SearchAction","target":{"@type":"EntryPoint","urlTemplate":"https:\/\/www.eurotherm.com\/fr\/?s={search_term_string}"},"query-input":{"@type":"PropertyValueSpecification","valueRequired":true,"valueName":"search_term_string"}}],"inLanguage":"fr-FR"}]}},"ACF":{"product_file":[28067,28066,29349,27454,29317,27679,28048,27685,28070,27545,27537,28049,28047,28046,27942,28071,27866,28069,27684,27686,27687,29219,28045,27544,28458,27584,27939,27943,28144,28120,28970,100560,101943,100569,27488,100572,28068,105978,114759,106653,106654,137168],"product_status":"Active Product","enable_watlow_configurator":true,"watlow_product_type":"Single","watlow_configurator_link":"https:\/\/www.watlow.com\/Products\/Controllers\/Eurotherm\/EPLC400-Combination-PLC?econfig=123"},"jetpack_sharing_enabled":true,"_links":{"self":[{"href":"https:\/\/www.eurotherm.com\/fr\/wp-json\/wp\/v2\/product\/22099","targetHints":{"allow":["GET"]}}],"collection":[{"href":"https:\/\/www.eurotherm.com\/fr\/wp-json\/wp\/v2\/product"}],"about":[{"href":"https:\/\/www.eurotherm.com\/fr\/wp-json\/wp\/v2\/types\/product"}],"wp:featuredmedia":[{"embeddable":true,"href":"https:\/\/www.eurotherm.com\/fr\/wp-json\/wp\/v2\/media\/111272"}],"wp:attachment":[{"href":"https:\/\/www.eurotherm.com\/fr\/wp-json\/wp\/v2\/media?parent=22099"}],"wp:term":[{"taxonomy":"product_brand","embeddable":true,"href":"https:\/\/www.eurotherm.com\/fr\/wp-json\/wp\/v2\/product_brand?post=22099"},{"taxonomy":"product_cat","embeddable":true,"href":"https:\/\/www.eurotherm.com\/fr\/wp-json\/wp\/v2\/product_cat?post=22099"},{"taxonomy":"product_tag","embeddable":true,"href":"https:\/\/www.eurotherm.com\/fr\/wp-json\/wp\/v2\/product_tag?post=22099"}],"curies":[{"name":"wp","href":"https:\/\/api.w.org\/{rel}","templated":true}]}}